
{"id":1039,"date":"2019-07-08T14:11:58","date_gmt":"2019-07-08T14:11:58","guid":{"rendered":"https:\/\/www.danubia.com\/?page_id=1039"},"modified":"2024-02-20T08:23:18","modified_gmt":"2024-02-20T08:23:18","slug":"cegcsoport","status":"publish","type":"page","link":"https:\/\/www.danubia.com\/hu\/cegcsoport\/","title":{"rendered":"C\u00e9gcsoport"},"content":{"rendered":"<p>[et_pb_section fb_built=&#8221;1&#8243; _builder_version=&#8221;4.16&#8243; background_image=&#8221;https:\/\/www.danubia.com\/wp-content\/uploads\/2019\/04\/Danube-Budapest7.jpg&#8221; custom_padding=&#8221;0px||0px|&#8221; z_index_tablet=&#8221;500&#8243; global_colors_info=&#8221;{}&#8221;][et_pb_row use_custom_gutter=&#8221;on&#8221; gutter_width=&#8221;1&#8243; custom_padding_last_edited=&#8221;on|desktop&#8221; module_class=&#8221; et_pb_row_fullwidth et_pb_row_fullwidth et_pb_row_fullwidth&#8221; _builder_version=&#8221;4.16&#8243; background_color=&#8221;rgba(0,0,0,0.2)&#8221; background_size=&#8221;initial&#8221; background_position=&#8221;top_left&#8221; background_repeat=&#8221;repeat&#8221; width=&#8221;100%&#8221; width_tablet=&#8221;100%&#8221; width_phone=&#8221;&#8221; width_last_edited=&#8221;on|desktop&#8221; max_width=&#8221;100%&#8221; max_width_tablet=&#8221;100%&#8221; max_width_phone=&#8221;&#8221; max_width_last_edited=&#8221;on|desktop&#8221; custom_padding=&#8221;80px||80px|&#8221; custom_padding_tablet=&#8221;&#8221; custom_padding_phone=&#8221;50px||50px|&#8221; animation_style=&#8221;fade&#8221; animation_delay=&#8221;500ms&#8221; z_index_tablet=&#8221;500&#8243; make_fullwidth=&#8221;on&#8221; global_colors_info=&#8221;{}&#8221;][et_pb_column type=&#8221;4_4&#8243; _builder_version=&#8221;4.16&#8243; custom_padding=&#8221;|||&#8221; global_colors_info=&#8221;{}&#8221; custom_padding__hover=&#8221;|||&#8221;][et_pb_text _builder_version=&#8221;4.16&#8243; text_font=&#8221;Raleway|700|||||||&#8221; text_text_color=&#8221;#ffffff&#8221; text_font_size=&#8221;36px&#8221; header_font=&#8221;Raleway|700||on|||||&#8221; header_text_align=&#8221;center&#8221; header_text_color=&#8221;#ffffff&#8221; header_font_size=&#8221;36px&#8221; header_line_height=&#8221;1.4em&#8221; text_orientation=&#8221;center&#8221; text_font_size_tablet=&#8221;30px&#8221; text_font_size_phone=&#8221;22px&#8221; text_font_size_last_edited=&#8221;on|phone&#8221; header_font_size_tablet=&#8221;30px&#8221; header_font_size_phone=&#8221;22px&#8221; header_font_size_last_edited=&#8221;on|desktop&#8221; z_index_tablet=&#8221;500&#8243; global_colors_info=&#8221;{}&#8221;]<\/p>\n<h1>C\u00e9gcsoport<\/h1>\n<p>[\/et_pb_text][\/et_pb_column][\/et_pb_row][\/et_pb_section][et_pb_section fb_built=&#8221;1&#8243; _builder_version=&#8221;4.16&#8243; global_colors_info=&#8221;{}&#8221;][et_pb_row _builder_version=&#8221;4.16&#8243; background_size=&#8221;initial&#8221; background_position=&#8221;top_left&#8221; background_repeat=&#8221;repeat&#8221; global_colors_info=&#8221;{}&#8221;][et_pb_column type=&#8221;4_4&#8243; _builder_version=&#8221;4.16&#8243; custom_padding=&#8221;|||&#8221; global_colors_info=&#8221;{}&#8221; custom_padding__hover=&#8221;|||&#8221;][et_pb_text _builder_version=&#8221;4.23.3&#8243; text_orientation=&#8221;justified&#8221; hover_enabled=&#8221;0&#8243; z_index_tablet=&#8221;500&#8243; global_colors_info=&#8221;{}&#8221; sticky_enabled=&#8221;0&#8243;]<\/p>\n<p>A szellemi tulajdon oltalm\u00e1nak ter\u00fclet\u00e9n 75 \u00e9ves tapasztalattal rendelkez\u0151 \u00e9s a piacon tart\u00f3san vezet\u0151 poz\u00edci\u00f3val b\u00edr\u00f3 DANUBIA Szabadalmi \u00e9s Jogi Iroda Kft., a vele szorosan egy\u00fcttm\u0171k\u00f6d\u0151 DANUBIA LEGAL \u00dcgyv\u00e9di Irod\u00e1k \u00a0\u00e9s a DANUBIA IP Innov\u00e1ci\u00f3s Tan\u00e1csad\u00f3 Kft seg\u00edts\u00e9g\u00e9vel az innovat\u00edv gondolat megsz\u00fclet\u00e9s\u00e9t\u0151l a keletkez\u0151 term\u00e9k vagy szolg\u00e1ltat\u00e1s piaci bevezet\u00e9s\u00e9n \u00e1t a hasznos\u00edt\u00e1si ciklus befejez\u00e9s\u00e9ig ny\u00fajt ig\u00e9ny szerinti szolg\u00e1ltat\u00e1st \u00fcgyfelei sz\u00e1m\u00e1ra, bele\u00e9rtve a jogi k\u00e9pviseletet jogszerz\u00e9si \u00e9s jog\u00e9rv\u00e9nyes\u00edt\u00e9si \u00fcgyekben, valamint a jogi, szabadalmi strat\u00e9giai \u00e9s innov\u00e1ci\u00f3s tan\u00e1csad\u00e1st is. A professzion\u00e1lis szolg\u00e1ltat\u00e1s kiterjed a szellemi tulajdon oltalm\u00e1val kapcsolatos minden tev\u00e9kenys\u00e9gre. Ide tartozik p\u00e9ld\u00e1ul az \u00fcgyfeleink jogait \u00e9rint\u0151 \u00fctk\u00f6z\u0151 vagy akad\u00e1lyoz\u00f3 jogok felt\u00e1r\u00e1sa, az \u00fctk\u00f6z\u00e9sek esetleges elh\u00e1r\u00edt\u00e1sa vagy hat\u00e1saik enyh\u00edt\u00e9se, a jogok \u00e9rv\u00e9nyes\u00edt\u00e9se \u00e9s v\u00e9delme, szabadalom \u00e9s v\u00e9djegykutat\u00e1s v\u00e9gz\u00e9se, a szellemi tulajdon \u00e9rt\u00e9kel\u00e9se, technol\u00f3giatranszferrel kapcsolatos szolg\u00e1ltat\u00e1sok, licencia szerz\u0151d\u00e9sek k\u00e9sz\u00edt\u00e9se, szellemi tulajdonv\u00e9delmi portf\u00f3li\u00f3 kialak\u00edt\u00e1sa \u00e9s vitele, feltal\u00e1l\u00f3kkal kapcsolatos szerz\u0151d\u00e9sek, meg\u00e1llapod\u00e1sok k\u00f6t\u00e9se, \u00e9s minden, a szellemi tulajdonv\u00e9delmet \u00e9rint\u0151 k\u00e9rd\u00e9sben egyedi tan\u00e1csad\u00e1s. Szolg\u00e1ltat\u00e1sainkat nemcsak Magyarorsz\u00e1gra, hanem az Eur\u00f3pai Uni\u00f3ra, s\u0151t az eg\u00e9sz vil\u00e1gra kiterjed\u0151en ny\u00fajtjuk. A DANUBIA csoport tev\u00e9kenys\u00e9gi k\u00f6re a jogi k\u00e9pviselet ter\u00fclet\u00e9n a hazai iparjogv\u00e9delem mellett kiterjed eur\u00f3pai szabadalmi \u00fcgyek, valamint k\u00f6z\u00f6ss\u00e9gi v\u00e9djegy- \u00e9s mintaoltalmi \u00fcgyek k\u00e9pviselet\u00e9re is.<\/p>\n<p>Irod\u00e1nk szabadalmi \u00fcgyviv\u0151i a tudom\u00e1ny \u00e9s technol\u00f3gia minden ter\u00fclet\u00e9t lefed\u0151 szak\u00e9rtelemmel rendelkeznek, m\u00edg az iroda jog\u00e1szai els\u0151sorban v\u00e9djegy\u00fcgyekre \u00e9s jog\u00e9rv\u00e9nyes\u00edt\u00e9sre specializ\u00e1l\u00f3dtak. Szellemitulajdon-menedzsmenttel \u00e9s technol\u00f3gia transzferrel foglalkoz\u00f3 koll\u00e9g\u00e1ink biztos szakmai h\u00e1tteret biztos\u00edtanak a magyar \u00e9s nemzetk\u00f6zi \u00fcgyfeleink sz\u00e1m\u00e1ra.<\/p>\n<p>[\/et_pb_text][\/et_pb_column][\/et_pb_row][et_pb_row column_structure=&#8221;1_3,1_3,1_3&#8243; make_equal=&#8221;on&#8221; _builder_version=&#8221;4.16&#8243; global_colors_info=&#8221;{}&#8221;][et_pb_column type=&#8221;1_3&#8243; _builder_version=&#8221;4.16&#8243; background_color=&#8221;#ffffff&#8221; custom_padding=&#8221;3%|3%|3%|3%&#8221; custom_css_main_element=&#8221;box-shadow: 6px 6px 18px 0px rgba(0,0,0,0.3)&#8221; global_colors_info=&#8221;{}&#8221; custom_padding__hover=&#8221;|||&#8221;][et_pb_text _builder_version=&#8221;4.16&#8243; text_font=&#8221;Raleway|700||on|||||&#8221; text_text_color=&#8221;#63666a&#8221; text_font_size=&#8221;22px&#8221; text_orientation=&#8221;center&#8221; custom_margin=&#8221;||0px|&#8221; custom_padding=&#8221;||10px|&#8221; text_font_size_tablet=&#8221;20px&#8221; text_font_size_phone=&#8221;&#8221; text_font_size_last_edited=&#8221;on|tablet&#8221; global_colors_info=&#8221;{}&#8221;]<\/p>\n<p>DANUBIA<\/p>\n<p>[\/et_pb_text][et_pb_divider divider_position=&#8221;center&#8221; divider_weight=&#8221;3&#8243; _builder_version=&#8221;4.16&#8243; max_width=&#8221;50px&#8221; module_alignment=&#8221;center&#8221; height=&#8221;0px&#8221; animation_style=&#8221;zoom&#8221; global_colors_info=&#8221;{}&#8221;][\/et_pb_divider][et_pb_text _builder_version=&#8221;4.16&#8243; text_orientation=&#8221;center&#8221; z_index_tablet=&#8221;500&#8243; global_colors_info=&#8221;{}&#8221;]<\/p>\n<p>Teljes k\u00f6r\u0171 iparjogv\u00e9delmi szolg\u00e1ltat\u00e1s \u00e9s k\u00e9pviselet t\u00f6bbek k\u00f6zt a szabadalmak, v\u00e9djegyek, haszn\u00e1lati \u00e9s formatervez\u00e9si mint\u00e1k valamint a jog\u00e9rv\u00e9nyes\u00edt\u00e9s ter\u00fclet\u00e9n.<\/p>\n<p>[\/et_pb_text][et_pb_button button_url=&#8221;https:\/\/www.danubia.com\/hu\/danubia-szabadalmi-es-jogi-iroda\/&#8221; button_text=&#8221;\u00c9rdekel&#8221; button_alignment=&#8221;center&#8221; module_class=&#8221;gq_r_fixed_buttons&#8221; _builder_version=&#8221;4.16&#8243; custom_button=&#8221;on&#8221; button_text_size=&#8221;16&#8243; button_text_color=&#8221;#ffffff&#8221; button_bg_color=&#8221;#a6192e&#8221; button_border_color=&#8221;#a6192e&#8221; button_font=&#8221;Raleway|600||on|||||&#8221; button_icon=&#8221;&#x39;||divi||400&#8243; animation_style=&#8221;fade&#8221; global_colors_info=&#8221;{}&#8221;][\/et_pb_button][\/et_pb_column][et_pb_column type=&#8221;1_3&#8243; _builder_version=&#8221;4.16&#8243; background_color=&#8221;#ffffff&#8221; custom_padding=&#8221;3%|3%|3%|3%&#8221; custom_css_main_element=&#8221;box-shadow: 6px 6px 18px 0px rgba(0,0,0,0.3)&#8221; global_colors_info=&#8221;{}&#8221; custom_padding__hover=&#8221;|||&#8221;][et_pb_text _builder_version=&#8221;4.16&#8243; text_font=&#8221;Raleway|700||on|||||&#8221; text_text_color=&#8221;#63666a&#8221; text_font_size=&#8221;22px&#8221; text_orientation=&#8221;center&#8221; custom_margin=&#8221;||0px|&#8221; custom_padding=&#8221;||10px|&#8221; text_font_size_tablet=&#8221;20px&#8221; text_font_size_phone=&#8221;&#8221; text_font_size_last_edited=&#8221;on|tablet&#8221; global_colors_info=&#8221;{}&#8221;]<\/p>\n<p>DANUBIA IP<\/p>\n<p>[\/et_pb_text][et_pb_divider divider_position=&#8221;center&#8221; divider_weight=&#8221;3&#8243; _builder_version=&#8221;4.16&#8243; max_width=&#8221;50px&#8221; module_alignment=&#8221;center&#8221; height=&#8221;0px&#8221; animation_style=&#8221;zoom&#8221; global_colors_info=&#8221;{}&#8221;][\/et_pb_divider][et_pb_text _builder_version=&#8221;4.16&#8243; text_orientation=&#8221;center&#8221; z_index_tablet=&#8221;500&#8243; global_colors_info=&#8221;{}&#8221;]<\/p>\n<p>Tan\u00e1csad\u00e1s \u00e9s speci\u00e1lis szak\u00e9rtelmet ig\u00e9nyl\u0151 feladatok ell\u00e1t\u00e1sa a szellemi tulajdon elemek \u00fczleti hasznos\u00edt\u00e1s\u00e1ban.<\/p>\n<p>[\/et_pb_text][et_pb_button button_url=&#8221;https:\/\/www.danubia.com\/hu\/danubia-ip\/&#8221; button_text=&#8221;\u00c9rdekel&#8221; button_alignment=&#8221;center&#8221; _builder_version=&#8221;4.16&#8243; custom_button=&#8221;on&#8221; button_text_size=&#8221;16&#8243; button_text_color=&#8221;#ffffff&#8221; button_bg_color=&#8221;#a6192e&#8221; button_border_color=&#8221;#a6192e&#8221; button_font=&#8221;Raleway|600||on|||||&#8221; button_icon=&#8221;&#x39;||divi||400&#8243; animation_style=&#8221;fade&#8221; global_colors_info=&#8221;{}&#8221;][\/et_pb_button][\/et_pb_column][et_pb_column type=&#8221;1_3&#8243; _builder_version=&#8221;4.16&#8243; background_color=&#8221;#ffffff&#8221; custom_padding=&#8221;3%|3%|3%|3%&#8221; custom_css_main_element=&#8221;box-shadow: 6px 6px 18px 0px rgba(0,0,0,0.3)&#8221; global_colors_info=&#8221;{}&#8221; custom_padding__hover=&#8221;|||&#8221;][et_pb_text _builder_version=&#8221;4.16&#8243; text_font=&#8221;Raleway|700||on|||||&#8221; text_text_color=&#8221;#63666a&#8221; text_font_size=&#8221;22px&#8221; text_orientation=&#8221;center&#8221; custom_margin=&#8221;||0px|&#8221; custom_padding=&#8221;||10px|&#8221; text_font_size_tablet=&#8221;20px&#8221; text_font_size_phone=&#8221;&#8221; text_font_size_last_edited=&#8221;on|tablet&#8221; global_colors_info=&#8221;{}&#8221;]<\/p>\n<p>DANUBIA LEGAL<\/p>\n<p>[\/et_pb_text][et_pb_divider divider_position=&#8221;center&#8221; divider_weight=&#8221;3&#8243; _builder_version=&#8221;4.16&#8243; max_width=&#8221;50px&#8221; module_alignment=&#8221;center&#8221; height=&#8221;0px&#8221; animation_style=&#8221;zoom&#8221; global_colors_info=&#8221;{}&#8221;][\/et_pb_divider][et_pb_text _builder_version=&#8221;4.16&#8243; text_orientation=&#8221;center&#8221; z_index_tablet=&#8221;500&#8243; global_colors_info=&#8221;{}&#8221;]<\/p>\n<p>Jogi seg\u00edts\u00e9gny\u00fajt\u00e1s v\u00e9djegyjogi, szabadalmi jogi, szerz\u0151i jogi, elektronikus kommunik\u00e1ci\u00f3s jogi \u00e9s egy\u00e9b peres \u00fcgyek tekintet\u00e9ben.<\/p>\n<p>[\/et_pb_text][et_pb_button button_url=&#8221;https:\/\/www.danubia.com\/hu\/danubia-legal\/&#8221; button_text=&#8221;\u00c9rdekel&#8221; button_alignment=&#8221;center&#8221; _builder_version=&#8221;4.16&#8243; custom_button=&#8221;on&#8221; button_text_size=&#8221;16&#8243; button_text_color=&#8221;#ffffff&#8221; button_bg_color=&#8221;#a6192e&#8221; button_border_color=&#8221;#a6192e&#8221; button_font=&#8221;Raleway|600||on|||||&#8221; button_icon=&#8221;&#x39;||divi||400&#8243; animation_style=&#8221;fade&#8221; global_colors_info=&#8221;{}&#8221;][\/et_pb_button][\/et_pb_column][\/et_pb_row][\/et_pb_section]<\/p>\n","protected":false},"excerpt":{"rendered":"<p>C\u00e9gcsoport A szellemi tulajdon oltalm\u00e1nak ter\u00fclet\u00e9n 75 \u00e9ves tapasztalattal rendelkez\u0151 \u00e9s a piacon tart\u00f3san vezet\u0151 poz\u00edci\u00f3val b\u00edr\u00f3 DANUBIA Szabadalmi \u00e9s Jogi Iroda Kft., a vele szorosan egy\u00fcttm\u0171k\u00f6d\u0151 DANUBIA LEGAL \u00dcgyv\u00e9di Irod\u00e1k \u00a0\u00e9s a DANUBIA IP Innov\u00e1ci\u00f3s Tan\u00e1csad\u00f3 Kft seg\u00edts\u00e9g\u00e9vel az innovat\u00edv gondolat megsz\u00fclet\u00e9s\u00e9t\u0151l a keletkez\u0151 term\u00e9k vagy szolg\u00e1ltat\u00e1s piaci bevezet\u00e9s\u00e9n \u00e1t a hasznos\u00edt\u00e1si ciklus befejez\u00e9s\u00e9ig [&hellip;]<\/p>\n","protected":false},"author":1,"featured_media":0,"parent":0,"menu_order":0,"comment_status":"closed","ping_status":"closed","template":"","meta":{"_et_pb_use_builder":"on","_et_pb_old_content":"","_et_gb_content_width":"","footnotes":""},"class_list":["post-1039","page","type-page","status-publish","hentry"],"yoast_head":"<!-- This site is optimized with the Yoast SEO plugin v27.0 - https:\/\/yoast.com\/product\/yoast-seo-wordpress\/ -->\n<title>DANUBIA Szabadalmi \u00e9s Jogi Iroda, DANUBIA LEGAL, DANUBIA IP<\/title>\n<meta name=\"description\" content=\"A DANUBIA Szabadalmi \u00e9s Jogi Iroda, DANUBIA LEGAL \u00dcgyv\u00e9di Irod\u00e1k \u00e9s a DANUBIA IP Innov\u00e1ci\u00f3s Tan\u00e1csad\u00f3 Kft. V\u00e9djegy, szabadalom, szellemitulajdon-menedzsment\" \/>\n<meta name=\"robots\" content=\"index, follow, max-snippet:-1, max-image-preview:large, max-video-preview:-1\" \/>\n<link rel=\"canonical\" href=\"https:\/\/www.danubia.com\/hu\/cegcsoport\/\" \/>\n<meta property=\"og:locale\" content=\"hu_HU\" \/>\n<meta property=\"og:type\" content=\"article\" \/>\n<meta property=\"og:title\" content=\"DANUBIA Szabadalmi \u00e9s Jogi Iroda, DANUBIA LEGAL, DANUBIA IP\" \/>\n<meta property=\"og:description\" content=\"A DANUBIA Szabadalmi \u00e9s Jogi Iroda, DANUBIA LEGAL \u00dcgyv\u00e9di Irod\u00e1k \u00e9s a DANUBIA IP Innov\u00e1ci\u00f3s Tan\u00e1csad\u00f3 Kft. V\u00e9djegy, szabadalom, szellemitulajdon-menedzsment\" \/>\n<meta property=\"og:url\" content=\"https:\/\/www.danubia.com\/hu\/cegcsoport\/\" \/>\n<meta property=\"og:site_name\" content=\"Danubia\" \/>\n<meta property=\"article:modified_time\" content=\"2024-02-20T08:23:18+00:00\" \/>\n<meta property=\"og:image\" content=\"https:\/\/www.danubia.com\/wp-content\/uploads\/2019\/11\/Danubia-og-hu.jpg\" \/>\n\t<meta property=\"og:image:width\" content=\"1125\" \/>\n\t<meta property=\"og:image:height\" content=\"633\" \/>\n\t<meta property=\"og:image:type\" content=\"image\/jpeg\" \/>\n<meta name=\"twitter:card\" content=\"summary_large_image\" \/>\n<meta name=\"twitter:label1\" content=\"Becs\u00fclt olvas\u00e1si id\u0151\" \/>\n\t<meta name=\"twitter:data1\" content=\"2 perc\" \/>\n<script type=\"application\/ld+json\" class=\"yoast-schema-graph\">{\"@context\":\"https:\/\/schema.org\",\"@graph\":[{\"@type\":\"WebPage\",\"@id\":\"https:\/\/www.danubia.com\/hu\/cegcsoport\/\",\"url\":\"https:\/\/www.danubia.com\/hu\/cegcsoport\/\",\"name\":\"DANUBIA Szabadalmi \u00e9s Jogi Iroda, DANUBIA LEGAL, DANUBIA IP\",\"isPartOf\":{\"@id\":\"https:\/\/www.danubia.com\/#website\"},\"datePublished\":\"2019-07-08T14:11:58+00:00\",\"dateModified\":\"2024-02-20T08:23:18+00:00\",\"description\":\"A DANUBIA Szabadalmi \u00e9s Jogi Iroda, DANUBIA LEGAL \u00dcgyv\u00e9di Irod\u00e1k \u00e9s a DANUBIA IP Innov\u00e1ci\u00f3s Tan\u00e1csad\u00f3 Kft. V\u00e9djegy, szabadalom, szellemitulajdon-menedzsment\",\"breadcrumb\":{\"@id\":\"https:\/\/www.danubia.com\/hu\/cegcsoport\/#breadcrumb\"},\"inLanguage\":\"hu\",\"potentialAction\":[{\"@type\":\"ReadAction\",\"target\":[\"https:\/\/www.danubia.com\/hu\/cegcsoport\/\"]}]},{\"@type\":\"BreadcrumbList\",\"@id\":\"https:\/\/www.danubia.com\/hu\/cegcsoport\/#breadcrumb\",\"itemListElement\":[{\"@type\":\"ListItem\",\"position\":1,\"name\":\"Home\",\"item\":\"https:\/\/www.danubia.com\/hu\/\"},{\"@type\":\"ListItem\",\"position\":2,\"name\":\"C\u00e9gcsoport\"}]},{\"@type\":\"WebSite\",\"@id\":\"https:\/\/www.danubia.com\/#website\",\"url\":\"https:\/\/www.danubia.com\/\",\"name\":\"Danubia\",\"description\":\"\",\"potentialAction\":[{\"@type\":\"SearchAction\",\"target\":{\"@type\":\"EntryPoint\",\"urlTemplate\":\"https:\/\/www.danubia.com\/?s={search_term_string}\"},\"query-input\":{\"@type\":\"PropertyValueSpecification\",\"valueRequired\":true,\"valueName\":\"search_term_string\"}}],\"inLanguage\":\"hu\"}]}<\/script>\n<!-- \/ Yoast SEO plugin. -->","yoast_head_json":{"title":"DANUBIA Szabadalmi \u00e9s Jogi Iroda, DANUBIA LEGAL, DANUBIA IP","description":"A DANUBIA Szabadalmi \u00e9s Jogi Iroda, DANUBIA LEGAL \u00dcgyv\u00e9di Irod\u00e1k \u00e9s a DANUBIA IP Innov\u00e1ci\u00f3s Tan\u00e1csad\u00f3 Kft. V\u00e9djegy, szabadalom, szellemitulajdon-menedzsment","robots":{"index":"index","follow":"follow","max-snippet":"max-snippet:-1","max-image-preview":"max-image-preview:large","max-video-preview":"max-video-preview:-1"},"canonical":"https:\/\/www.danubia.com\/hu\/cegcsoport\/","og_locale":"hu_HU","og_type":"article","og_title":"DANUBIA Szabadalmi \u00e9s Jogi Iroda, DANUBIA LEGAL, DANUBIA IP","og_description":"A DANUBIA Szabadalmi \u00e9s Jogi Iroda, DANUBIA LEGAL \u00dcgyv\u00e9di Irod\u00e1k \u00e9s a DANUBIA IP Innov\u00e1ci\u00f3s Tan\u00e1csad\u00f3 Kft. V\u00e9djegy, szabadalom, szellemitulajdon-menedzsment","og_url":"https:\/\/www.danubia.com\/hu\/cegcsoport\/","og_site_name":"Danubia","article_modified_time":"2024-02-20T08:23:18+00:00","og_image":[{"width":1125,"height":633,"url":"https:\/\/www.danubia.com\/wp-content\/uploads\/2019\/11\/Danubia-og-hu.jpg","type":"image\/jpeg"}],"twitter_card":"summary_large_image","twitter_misc":{"Becs\u00fclt olvas\u00e1si id\u0151":"2 perc"},"schema":{"@context":"https:\/\/schema.org","@graph":[{"@type":"WebPage","@id":"https:\/\/www.danubia.com\/hu\/cegcsoport\/","url":"https:\/\/www.danubia.com\/hu\/cegcsoport\/","name":"DANUBIA Szabadalmi \u00e9s Jogi Iroda, DANUBIA LEGAL, DANUBIA IP","isPartOf":{"@id":"https:\/\/www.danubia.com\/#website"},"datePublished":"2019-07-08T14:11:58+00:00","dateModified":"2024-02-20T08:23:18+00:00","description":"A DANUBIA Szabadalmi \u00e9s Jogi Iroda, DANUBIA LEGAL \u00dcgyv\u00e9di Irod\u00e1k \u00e9s a DANUBIA IP Innov\u00e1ci\u00f3s Tan\u00e1csad\u00f3 Kft. V\u00e9djegy, szabadalom, szellemitulajdon-menedzsment","breadcrumb":{"@id":"https:\/\/www.danubia.com\/hu\/cegcsoport\/#breadcrumb"},"inLanguage":"hu","potentialAction":[{"@type":"ReadAction","target":["https:\/\/www.danubia.com\/hu\/cegcsoport\/"]}]},{"@type":"BreadcrumbList","@id":"https:\/\/www.danubia.com\/hu\/cegcsoport\/#breadcrumb","itemListElement":[{"@type":"ListItem","position":1,"name":"Home","item":"https:\/\/www.danubia.com\/hu\/"},{"@type":"ListItem","position":2,"name":"C\u00e9gcsoport"}]},{"@type":"WebSite","@id":"https:\/\/www.danubia.com\/#website","url":"https:\/\/www.danubia.com\/","name":"Danubia","description":"","potentialAction":[{"@type":"SearchAction","target":{"@type":"EntryPoint","urlTemplate":"https:\/\/www.danubia.com\/?s={search_term_string}"},"query-input":{"@type":"PropertyValueSpecification","valueRequired":true,"valueName":"search_term_string"}}],"inLanguage":"hu"}]}},"_links":{"self":[{"href":"https:\/\/www.danubia.com\/hu\/wp-json\/wp\/v2\/pages\/1039","targetHints":{"allow":["GET"]}}],"collection":[{"href":"https:\/\/www.danubia.com\/hu\/wp-json\/wp\/v2\/pages"}],"about":[{"href":"https:\/\/www.danubia.com\/hu\/wp-json\/wp\/v2\/types\/page"}],"author":[{"embeddable":true,"href":"https:\/\/www.danubia.com\/hu\/wp-json\/wp\/v2\/users\/1"}],"replies":[{"embeddable":true,"href":"https:\/\/www.danubia.com\/hu\/wp-json\/wp\/v2\/comments?post=1039"}],"version-history":[{"count":11,"href":"https:\/\/www.danubia.com\/hu\/wp-json\/wp\/v2\/pages\/1039\/revisions"}],"predecessor-version":[{"id":11624,"href":"https:\/\/www.danubia.com\/hu\/wp-json\/wp\/v2\/pages\/1039\/revisions\/11624"}],"wp:attachment":[{"href":"https:\/\/www.danubia.com\/hu\/wp-json\/wp\/v2\/media?parent=1039"}],"curies":[{"name":"wp","href":"https:\/\/api.w.org\/{rel}","templated":true}]}}