{"id":1062,"date":"2019-07-08T14:31:32","date_gmt":"2019-07-08T14:31:32","guid":{"rendered":"https:\/\/www.danubia.com\/?page_id=1062"},"modified":"2020-02-05T15:23:50","modified_gmt":"2020-02-05T15:23:50","slug":"jogszerzes-es-fenntartas","status":"publish","type":"page","link":"https:\/\/www.danubia.com\/hu\/szabadalmak-es-hasznalati-mintak\/jogszerzes-es-fenntartas\/","title":{"rendered":"Jogszerz\u00e9s \u00e9s fenntart\u00e1s"},"content":{"rendered":"<p>[et_pb_section fb_built=&#8221;1&#8243; _builder_version=&#8221;3.22&#8243; background_image=&#8221;https:\/\/www.danubia.com\/wp-content\/uploads\/2019\/04\/Danube-Budapest5.jpg&#8221; custom_padding=&#8221;0px||0px|&#8221; z_index_tablet=&#8221;500&#8243;][et_pb_row use_custom_gutter=&#8221;on&#8221; gutter_width=&#8221;1&#8243; custom_padding_last_edited=&#8221;on|desktop&#8221; module_class=&#8221; et_pb_row_fullwidth et_pb_row_fullwidth et_pb_row_fullwidth et_pb_row_fullwidth et_pb_row_fullwidth et_pb_row_fullwidth et_pb_row_fullwidth et_pb_row_fullwidth et_pb_row_fullwidth&#8221; _builder_version=&#8221;3.25&#8243; background_color=&#8221;rgba(0,0,0,0.2)&#8221; background_size=&#8221;initial&#8221; background_position=&#8221;top_left&#8221; background_repeat=&#8221;repeat&#8221; width=&#8221;100%&#8221; width_tablet=&#8221;100%&#8221; width_phone=&#8221;&#8221; width_last_edited=&#8221;on|desktop&#8221; max_width=&#8221;100%&#8221; max_width_tablet=&#8221;100%&#8221; max_width_phone=&#8221;&#8221; max_width_last_edited=&#8221;on|desktop&#8221; custom_padding=&#8221;80px||80px|&#8221; custom_padding_tablet=&#8221;&#8221; custom_padding_phone=&#8221;50px||50px|&#8221; animation_style=&#8221;fade&#8221; animation_delay=&#8221;500ms&#8221; z_index_tablet=&#8221;500&#8243; make_fullwidth=&#8221;on&#8221;][et_pb_column type=&#8221;4_4&#8243; _builder_version=&#8221;3.0.47&#8243; custom_padding=&#8221;|||&#8221; custom_padding__hover=&#8221;|||&#8221;][et_pb_text _builder_version=&#8221;3.27.4&#8243; text_font=&#8221;Raleway|700|||||||&#8221; text_text_color=&#8221;#ffffff&#8221; text_font_size=&#8221;36px&#8221; header_font=&#8221;Raleway|700||on|||||&#8221; header_text_align=&#8221;center&#8221; header_text_color=&#8221;#ffffff&#8221; header_font_size=&#8221;36px&#8221; header_line_height=&#8221;1.4em&#8221; text_orientation=&#8221;center&#8221; z_index_tablet=&#8221;500&#8243; text_font_size_tablet=&#8221;30px&#8221; text_font_size_phone=&#8221;22px&#8221; text_font_size_last_edited=&#8221;on|phone&#8221; header_font_size_tablet=&#8221;30px&#8221; header_font_size_phone=&#8221;22px&#8221; header_font_size_last_edited=&#8221;on|desktop&#8221;]<\/p>\n<h1>SZABADALMAK \u00c9S HASZN\u00c1LATI MINT\u00c1K<\/h1>\n<p>[\/et_pb_text][\/et_pb_column][\/et_pb_row][\/et_pb_section][et_pb_section fb_built=&#8221;1&#8243; _builder_version=&#8221;3.22&#8243;][et_pb_row _builder_version=&#8221;3.25&#8243; background_size=&#8221;initial&#8221; background_position=&#8221;top_left&#8221; background_repeat=&#8221;repeat&#8221;][et_pb_column type=&#8221;4_4&#8243; _builder_version=&#8221;3.0.47&#8243; custom_padding=&#8221;|||&#8221; custom_padding__hover=&#8221;|||&#8221;][et_pb_text _builder_version=&#8221;3.27.4&#8243; text_font=&#8221;Raleway|700||on|||||&#8221; text_text_color=&#8221;#a6192e&#8221; text_font_size=&#8221;36px&#8221; header_font=&#8221;Raleway|700||on|||||&#8221; header_text_align=&#8221;center&#8221; header_text_color=&#8221;#ffffff&#8221; header_font_size=&#8221;50px&#8221; header_2_font=&#8221;Raleway|700|||||||&#8221; header_2_text_align=&#8221;left&#8221; header_2_text_color=&#8221;#a6192e&#8221; header_2_font_size=&#8221;36px&#8221; custom_margin=&#8221;||0px|&#8221; custom_padding=&#8221;||0px|&#8221; z_index_tablet=&#8221;500&#8243; text_font_size_tablet=&#8221;30px&#8221; text_font_size_phone=&#8221;22px&#8221; text_font_size_last_edited=&#8221;on|desktop&#8221; header_font_size_tablet=&#8221;30px&#8221; header_font_size_phone=&#8221;22px&#8221; header_font_size_last_edited=&#8221;on|desktop&#8221; header_2_font_size_tablet=&#8221;30px&#8221; header_2_font_size_phone=&#8221;22px&#8221; header_2_font_size_last_edited=&#8221;on|phone&#8221;]<\/p>\n<h2>Jogszerz\u00e9s \u00e9s fenntart\u00e1s<\/h2>\n<p>[\/et_pb_text][et_pb_divider color=&#8221;#63666a&#8221; divider_position=&#8221;center&#8221; divider_weight=&#8221;3&#8243; _builder_version=&#8221;3.21.1&#8243; max_width=&#8221;50px&#8221; module_alignment=&#8221;left&#8221; height=&#8221;0px&#8221; custom_margin=&#8221;15px|||&#8221; animation_style=&#8221;zoom&#8221; z_index_tablet=&#8221;500&#8243;][\/et_pb_divider][\/et_pb_column][\/et_pb_row][et_pb_row _builder_version=&#8221;3.25&#8243; background_size=&#8221;initial&#8221; background_position=&#8221;top_left&#8221; background_repeat=&#8221;repeat&#8221; column_structure=&#8221;3_4,1_4&#8243;][et_pb_column type=&#8221;3_4&#8243; _builder_version=&#8221;3.0.47&#8243; custom_padding=&#8221;|||&#8221; custom_padding__hover=&#8221;|||&#8221;][et_pb_text _builder_version=&#8221;3.27.4&#8243; text_orientation=&#8221;justified&#8221; z_index_tablet=&#8221;500&#8243;]<\/p>\n<p>A szabadalmi ter\u00fcleten els\u0151sorban szabadalmak \u00e9s haszn\u00e1lati mintaoltalmak szerz\u00e9s\u00e9vel, valamint a m\u00e1r megszerzett jogok fenntart\u00e1s\u00e1val kapcsolatos szolg\u00e1ltat\u00e1sok sz\u00e9les sk\u00e1l\u00e1j\u00e1t ny\u00fajtjuk.<\/p>\n<p>A jogszerz\u00e9si folyamat r\u00e9sze a bejelent\u00e9sek el\u0151k\u00e9sz\u00edt\u00e9se, p\u00e9ld\u00e1ul \u00fajdons\u00e1gkutat\u00e1s v\u00e9gz\u00e9se, valamint adott esetben egy konkr\u00e9t m\u0171szaki megold\u00e1s szabadalmazhat\u00f3s\u00e1g\u00e1ra vonatkoz\u00f3 oltalmazhat\u00f3s\u00e1gi szakv\u00e9lem\u00e9ny k\u00e9sz\u00edt\u00e9se, a t\u00f6rv\u00e9nyi el\u0151\u00edr\u00e1soknak megfelel\u0151 szabadalmi (haszn\u00e1lati mintaoltalmi) le\u00edr\u00e1sok szakszer\u0171 kidolgoz\u00e1sa, a bejelent\u00e9shez sz\u00fcks\u00e9ges egy\u00e9b hivatalos iratok, nyomtatv\u00e1nyok elk\u00e9sz\u00edt\u00e9se. A bejelent\u00e9st k\u00f6vet\u0151en is ell\u00e1tjuk a bejelent\u00e9s jogi k\u00e9pviselet\u00e9t, \u00edgy a teljes enged\u00e9lyez\u00e9si elj\u00e1r\u00e1s sor\u00e1n k\u00f6zvet\u00edt\u0151 szerepet l\u00e1tunk el a szabadalmi hivatal \u00e9s a megb\u00edz\u00f3nk k\u00f6z\u00f6tt. Ezzel jelent\u0151s adminisztrat\u00edv terhet vesz\u00fcnk le megb\u00edz\u00f3ink v\u00e1ll\u00e1r\u00f3l, mik\u00f6zben a szabadalmi hivatal elb\u00edr\u00e1l\u00f3ival \u00e9s m\u00e1s adminisztrat\u00edv munkat\u00e1rsaival napi szinten hat\u00e9kony \u00e9s magas sz\u00ednvonal\u00fa szakmai kapcsolatot tartunk fenn a bejelent\u00e9s beny\u00fajt\u00e1s\u00e1t\u00f3l kezdve eg\u00e9szen az oltalom megszerz\u00e9s\u00e9ig.<\/p>\n<p>A bejelent\u00e9sek, illetve a m\u00e1r megadott oltalmak \u00e9rv\u00e9nyben tart\u00e1s\u00e1hoz \u00e1ltal\u00e1ban \u00e9vente egy adott \u00f6sszeg\u0171 hivatali d\u00edjat kell fizetni. Ezen fenntart\u00e1si d\u00edjak hat\u00e1rid\u0151ben t\u00f6rt\u00e9n\u0151 megfizet\u00e9s\u00e9t ig\u00e9ny eset\u00e9n szint\u00e9n elv\u00e9gezz\u00fck, ami f\u0151k\u00e9nt a k\u00fclf\u00f6ldi szabadalmak eset\u00e9n komoly p\u00e9nz\u00fcgyi h\u00e1tt\u00e9rmunk\u00e1t ig\u00e9nyel.<\/p>\n<p>[\/et_pb_text][\/et_pb_column][et_pb_column type=&#8221;1_4&#8243; _builder_version=&#8221;3.0.47&#8243; custom_padding=&#8221;|||&#8221; custom_padding__hover=&#8221;|||&#8221;][et_pb_text _builder_version=&#8221;3.27.4&#8243; text_font=&#8221;|700||on|||||&#8221; text_text_color=&#8221;#a6192e&#8221; custom_margin=&#8221;||0px|&#8221; custom_padding=&#8221;||0px|&#8221; z_index_tablet=&#8221;500&#8243; border_width_bottom=&#8221;1px&#8221; border_color_bottom=&#8221;rgba(99,102,106,0.2)&#8221;]<\/p>\n<p>Szabadalmak \u00e9s haszn\u00e1lati mint\u00e1k<\/p>\n<p>[\/et_pb_text][et_pb_text _builder_version=&#8221;3.29.3&#8243; text_font_size=&#8221;14px&#8221; z_index_tablet=&#8221;500&#8243; box_shadow_horizontal_tablet=&#8221;0px&#8221; box_shadow_vertical_tablet=&#8221;0px&#8221; box_shadow_blur_tablet=&#8221;40px&#8221; box_shadow_spread_tablet=&#8221;0px&#8221;]<span style=\"color: #63666a;\"><a style=\"color: #63666a;\" href=\"https:\/\/www.danubia.com\/hu\/szabadalmak-es-hasznalati-mintak\/strategiai-tanacsadas\/\">Strat\u00e9giai tan\u00e1csad\u00e1s<\/a><\/span><br \/>\n<span style=\"color: #63666a;\"><a style=\"color: #63666a;\" href=\"https:\/\/www.danubia.com\/hu\/szabadalmak-es-hasznalati-mintak\/jogszerzes-es-fenntartas\/\">Jogszerz\u00e9s \u00e9s fenntart\u00e1s<\/a><\/span><br \/>\n<span style=\"color: #63666a;\"><a style=\"color: #63666a;\" href=\"https:\/\/www.danubia.com\/hu\/szabadalmak-es-hasznalati-mintak\/hazai-es-nemzetkozi-jogszerzes\/\">Hazai \u00e9s nemzetk\u00f6zi jogszerz\u00e9s<\/a><\/span><br \/>\n<span style=\"color: #63666a;\"><a style=\"color: #63666a;\" href=\"https:\/\/www.danubia.com\/hu\/szabadalmak-es-hasznalati-mintak\/jogvitak\/\">Jogvit\u00e1k<\/a><\/span><br \/>\n<span style=\"color: #63666a;\"><a style=\"color: #63666a;\" href=\"https:\/\/www.danubia.com\/hu\/szabadalmak-es-hasznalati-mintak\/ujdonsag-es-gatlo-jogok-kutatasa\/\">\u00dajdons\u00e1g \u00e9s g\u00e1tl\u00f3 jogok kutat\u00e1sa<\/a><\/span><br \/>\n[\/et_pb_text][et_pb_text _builder_version=&#8221;3.27.4&#8243; text_font=&#8221;|700||on|||||&#8221; text_text_color=&#8221;#a6192e&#8221; custom_margin=&#8221;||0px|&#8221; custom_padding=&#8221;||0px|&#8221; z_index_tablet=&#8221;500&#8243; border_width_bottom=&#8221;1px&#8221; border_color_bottom=&#8221;rgba(99,102,106,0.2)&#8221;]<\/p>\n<p>Tov\u00e1bbi inform\u00e1ci\u00f3 a szolg\u00e1ltat\u00e1shoz<\/p>\n<p>[\/et_pb_text][et_pb_text _builder_version=&#8221;3.27.4&#8243; text_font_size=&#8221;14px&#8221; z_index_tablet=&#8221;500&#8243;]<\/p>\n<p><span style=\"color: #63666a;\"><a style=\"color: #63666a;\" href=\"tel:+3614118700\">+ 36 1 411 8700<\/a><\/span><br \/><span style=\"color: #63666a;\"><a style=\"color: #63666a;\" href=\"mailto:central@danubia.hu\">central@danubia.hu<\/a><\/span><\/p>\n<p>[\/et_pb_text][\/et_pb_column][\/et_pb_row][\/et_pb_section]<\/p>\n","protected":false},"excerpt":{"rendered":"<p>SZABADALMAK \u00c9S HASZN\u00c1LATI MINT\u00c1K Jogszerz\u00e9s \u00e9s fenntart\u00e1s A szabadalmi ter\u00fcleten els\u0151sorban szabadalmak \u00e9s haszn\u00e1lati mintaoltalmak szerz\u00e9s\u00e9vel, valamint a m\u00e1r megszerzett jogok fenntart\u00e1s\u00e1val kapcsolatos szolg\u00e1ltat\u00e1sok sz\u00e9les sk\u00e1l\u00e1j\u00e1t ny\u00fajtjuk. A jogszerz\u00e9si folyamat r\u00e9sze a bejelent\u00e9sek el\u0151k\u00e9sz\u00edt\u00e9se, p\u00e9ld\u00e1ul \u00fajdons\u00e1gkutat\u00e1s v\u00e9gz\u00e9se, valamint adott esetben egy konkr\u00e9t m\u0171szaki megold\u00e1s szabadalmazhat\u00f3s\u00e1g\u00e1ra vonatkoz\u00f3 oltalmazhat\u00f3s\u00e1gi szakv\u00e9lem\u00e9ny k\u00e9sz\u00edt\u00e9se, a t\u00f6rv\u00e9nyi el\u0151\u00edr\u00e1soknak megfelel\u0151 szabadalmi (haszn\u00e1lati [&hellip;]<\/p>\n","protected":false},"author":1,"featured_media":0,"parent":1060,"menu_order":0,"comment_status":"closed","ping_status":"closed","template":"","meta":{"_et_pb_use_builder":"on","_et_pb_old_content":"","_et_gb_content_width":"","footnotes":""},"class_list":["post-1062","page","type-page","status-publish","hentry"],"yoast_head":"<!-- This site is optimized with the Yoast SEO plugin v27.3 - https:\/\/yoast.com\/product\/yoast-seo-wordpress\/ -->\n<title>Jogszerz\u00e9s \u00e9s fenntart\u00e1s - Szabadalmaztat\u00e1s<\/title>\n<meta name=\"description\" content=\"A jogszerz\u00e9si folyamat: \u00fajdons\u00e1gkutat\u00e1s, oltalmazhat\u00f3s\u00e1gi szakv\u00e9lem\u00e9ny, szabadalmi le\u00edr\u00e1sok kidolgoz\u00e1sa, bejelent\u00e9s, szabadalmi oltalom, szabadalmaztat\u00e1s.\" \/>\n<meta name=\"robots\" content=\"index, follow, max-snippet:-1, max-image-preview:large, max-video-preview:-1\" \/>\n<link rel=\"canonical\" href=\"https:\/\/www.danubia.com\/hu\/szabadalmak-es-hasznalati-mintak\/jogszerzes-es-fenntartas\/\" \/>\n<meta property=\"og:locale\" content=\"hu_HU\" \/>\n<meta property=\"og:type\" content=\"article\" \/>\n<meta property=\"og:title\" content=\"Jogszerz\u00e9s \u00e9s fenntart\u00e1s - Szabadalmaztat\u00e1s\" \/>\n<meta property=\"og:description\" content=\"A jogszerz\u00e9si folyamat: \u00fajdons\u00e1gkutat\u00e1s, oltalmazhat\u00f3s\u00e1gi szakv\u00e9lem\u00e9ny, szabadalmi le\u00edr\u00e1sok kidolgoz\u00e1sa, bejelent\u00e9s, szabadalmi oltalom, szabadalmaztat\u00e1s.\" \/>\n<meta property=\"og:url\" content=\"https:\/\/www.danubia.com\/hu\/szabadalmak-es-hasznalati-mintak\/jogszerzes-es-fenntartas\/\" \/>\n<meta property=\"og:site_name\" content=\"Danubia\" \/>\n<meta property=\"article:modified_time\" content=\"2020-02-05T15:23:50+00:00\" \/>\n<meta property=\"og:image\" content=\"https:\/\/www.danubia.com\/wp-content\/uploads\/2019\/11\/Danubia-og-hu.jpg\" \/>\n\t<meta property=\"og:image:width\" content=\"1125\" \/>\n\t<meta property=\"og:image:height\" content=\"633\" \/>\n\t<meta property=\"og:image:type\" content=\"image\/jpeg\" \/>\n<meta name=\"twitter:card\" content=\"summary_large_image\" \/>\n<meta name=\"twitter:label1\" content=\"Becs\u00fclt olvas\u00e1si id\u0151\" \/>\n\t<meta name=\"twitter:data1\" content=\"5 perc\" \/>\n<script type=\"application\/ld+json\" class=\"yoast-schema-graph\">{\"@context\":\"https:\\\/\\\/schema.org\",\"@graph\":[{\"@type\":\"WebPage\",\"@id\":\"https:\\\/\\\/www.danubia.com\\\/hu\\\/szabadalmak-es-hasznalati-mintak\\\/jogszerzes-es-fenntartas\\\/\",\"url\":\"https:\\\/\\\/www.danubia.com\\\/hu\\\/szabadalmak-es-hasznalati-mintak\\\/jogszerzes-es-fenntartas\\\/\",\"name\":\"Jogszerz\u00e9s \u00e9s fenntart\u00e1s - Szabadalmaztat\u00e1s\",\"isPartOf\":{\"@id\":\"https:\\\/\\\/www.danubia.com\\\/#website\"},\"datePublished\":\"2019-07-08T14:31:32+00:00\",\"dateModified\":\"2020-02-05T15:23:50+00:00\",\"description\":\"A jogszerz\u00e9si folyamat: \u00fajdons\u00e1gkutat\u00e1s, oltalmazhat\u00f3s\u00e1gi szakv\u00e9lem\u00e9ny, szabadalmi le\u00edr\u00e1sok kidolgoz\u00e1sa, bejelent\u00e9s, szabadalmi oltalom, szabadalmaztat\u00e1s.\",\"breadcrumb\":{\"@id\":\"https:\\\/\\\/www.danubia.com\\\/hu\\\/szabadalmak-es-hasznalati-mintak\\\/jogszerzes-es-fenntartas\\\/#breadcrumb\"},\"inLanguage\":\"hu\",\"potentialAction\":[{\"@type\":\"ReadAction\",\"target\":[\"https:\\\/\\\/www.danubia.com\\\/hu\\\/szabadalmak-es-hasznalati-mintak\\\/jogszerzes-es-fenntartas\\\/\"]}]},{\"@type\":\"BreadcrumbList\",\"@id\":\"https:\\\/\\\/www.danubia.com\\\/hu\\\/szabadalmak-es-hasznalati-mintak\\\/jogszerzes-es-fenntartas\\\/#breadcrumb\",\"itemListElement\":[{\"@type\":\"ListItem\",\"position\":1,\"name\":\"Home\",\"item\":\"https:\\\/\\\/www.danubia.com\\\/hu\\\/\"},{\"@type\":\"ListItem\",\"position\":2,\"name\":\"Szabadalmak \u00e9s haszn\u00e1lati mint\u00e1k\",\"item\":\"https:\\\/\\\/www.danubia.com\\\/hu\\\/szabadalmak-es-hasznalati-mintak\\\/\"},{\"@type\":\"ListItem\",\"position\":3,\"name\":\"Jogszerz\u00e9s \u00e9s fenntart\u00e1s\"}]},{\"@type\":\"WebSite\",\"@id\":\"https:\\\/\\\/www.danubia.com\\\/#website\",\"url\":\"https:\\\/\\\/www.danubia.com\\\/\",\"name\":\"Danubia\",\"description\":\"\",\"potentialAction\":[{\"@type\":\"SearchAction\",\"target\":{\"@type\":\"EntryPoint\",\"urlTemplate\":\"https:\\\/\\\/www.danubia.com\\\/?s={search_term_string}\"},\"query-input\":{\"@type\":\"PropertyValueSpecification\",\"valueRequired\":true,\"valueName\":\"search_term_string\"}}],\"inLanguage\":\"hu\"}]}<\/script>\n<!-- \/ Yoast SEO plugin. -->","yoast_head_json":{"title":"Jogszerz\u00e9s \u00e9s fenntart\u00e1s - Szabadalmaztat\u00e1s","description":"A jogszerz\u00e9si folyamat: \u00fajdons\u00e1gkutat\u00e1s, oltalmazhat\u00f3s\u00e1gi szakv\u00e9lem\u00e9ny, szabadalmi le\u00edr\u00e1sok kidolgoz\u00e1sa, bejelent\u00e9s, szabadalmi oltalom, szabadalmaztat\u00e1s.","robots":{"index":"index","follow":"follow","max-snippet":"max-snippet:-1","max-image-preview":"max-image-preview:large","max-video-preview":"max-video-preview:-1"},"canonical":"https:\/\/www.danubia.com\/hu\/szabadalmak-es-hasznalati-mintak\/jogszerzes-es-fenntartas\/","og_locale":"hu_HU","og_type":"article","og_title":"Jogszerz\u00e9s \u00e9s fenntart\u00e1s - Szabadalmaztat\u00e1s","og_description":"A jogszerz\u00e9si folyamat: \u00fajdons\u00e1gkutat\u00e1s, oltalmazhat\u00f3s\u00e1gi szakv\u00e9lem\u00e9ny, szabadalmi le\u00edr\u00e1sok kidolgoz\u00e1sa, bejelent\u00e9s, szabadalmi oltalom, szabadalmaztat\u00e1s.","og_url":"https:\/\/www.danubia.com\/hu\/szabadalmak-es-hasznalati-mintak\/jogszerzes-es-fenntartas\/","og_site_name":"Danubia","article_modified_time":"2020-02-05T15:23:50+00:00","og_image":[{"width":1125,"height":633,"url":"https:\/\/www.danubia.com\/wp-content\/uploads\/2019\/11\/Danubia-og-hu.jpg","type":"image\/jpeg"}],"twitter_card":"summary_large_image","twitter_misc":{"Becs\u00fclt olvas\u00e1si id\u0151":"5 perc"},"schema":{"@context":"https:\/\/schema.org","@graph":[{"@type":"WebPage","@id":"https:\/\/www.danubia.com\/hu\/szabadalmak-es-hasznalati-mintak\/jogszerzes-es-fenntartas\/","url":"https:\/\/www.danubia.com\/hu\/szabadalmak-es-hasznalati-mintak\/jogszerzes-es-fenntartas\/","name":"Jogszerz\u00e9s \u00e9s fenntart\u00e1s - Szabadalmaztat\u00e1s","isPartOf":{"@id":"https:\/\/www.danubia.com\/#website"},"datePublished":"2019-07-08T14:31:32+00:00","dateModified":"2020-02-05T15:23:50+00:00","description":"A jogszerz\u00e9si folyamat: \u00fajdons\u00e1gkutat\u00e1s, oltalmazhat\u00f3s\u00e1gi szakv\u00e9lem\u00e9ny, szabadalmi le\u00edr\u00e1sok kidolgoz\u00e1sa, bejelent\u00e9s, szabadalmi oltalom, szabadalmaztat\u00e1s.","breadcrumb":{"@id":"https:\/\/www.danubia.com\/hu\/szabadalmak-es-hasznalati-mintak\/jogszerzes-es-fenntartas\/#breadcrumb"},"inLanguage":"hu","potentialAction":[{"@type":"ReadAction","target":["https:\/\/www.danubia.com\/hu\/szabadalmak-es-hasznalati-mintak\/jogszerzes-es-fenntartas\/"]}]},{"@type":"BreadcrumbList","@id":"https:\/\/www.danubia.com\/hu\/szabadalmak-es-hasznalati-mintak\/jogszerzes-es-fenntartas\/#breadcrumb","itemListElement":[{"@type":"ListItem","position":1,"name":"Home","item":"https:\/\/www.danubia.com\/hu\/"},{"@type":"ListItem","position":2,"name":"Szabadalmak \u00e9s haszn\u00e1lati mint\u00e1k","item":"https:\/\/www.danubia.com\/hu\/szabadalmak-es-hasznalati-mintak\/"},{"@type":"ListItem","position":3,"name":"Jogszerz\u00e9s \u00e9s fenntart\u00e1s"}]},{"@type":"WebSite","@id":"https:\/\/www.danubia.com\/#website","url":"https:\/\/www.danubia.com\/","name":"Danubia","description":"","potentialAction":[{"@type":"SearchAction","target":{"@type":"EntryPoint","urlTemplate":"https:\/\/www.danubia.com\/?s={search_term_string}"},"query-input":{"@type":"PropertyValueSpecification","valueRequired":true,"valueName":"search_term_string"}}],"inLanguage":"hu"}]}},"_links":{"self":[{"href":"https:\/\/www.danubia.com\/hu\/wp-json\/wp\/v2\/pages\/1062","targetHints":{"allow":["GET"]}}],"collection":[{"href":"https:\/\/www.danubia.com\/hu\/wp-json\/wp\/v2\/pages"}],"about":[{"href":"https:\/\/www.danubia.com\/hu\/wp-json\/wp\/v2\/types\/page"}],"author":[{"embeddable":true,"href":"https:\/\/www.danubia.com\/hu\/wp-json\/wp\/v2\/users\/1"}],"replies":[{"embeddable":true,"href":"https:\/\/www.danubia.com\/hu\/wp-json\/wp\/v2\/comments?post=1062"}],"version-history":[{"count":8,"href":"https:\/\/www.danubia.com\/hu\/wp-json\/wp\/v2\/pages\/1062\/revisions"}],"predecessor-version":[{"id":3721,"href":"https:\/\/www.danubia.com\/hu\/wp-json\/wp\/v2\/pages\/1062\/revisions\/3721"}],"up":[{"embeddable":true,"href":"https:\/\/www.danubia.com\/hu\/wp-json\/wp\/v2\/pages\/1060"}],"wp:attachment":[{"href":"https:\/\/www.danubia.com\/hu\/wp-json\/wp\/v2\/media?parent=1062"}],"curies":[{"name":"wp","href":"https:\/\/api.w.org\/{rel}","templated":true}]}}