
{"id":1064,"date":"2019-07-10T15:01:37","date_gmt":"2019-07-10T15:01:37","guid":{"rendered":"https:\/\/www.danubia.com\/?page_id=1064"},"modified":"2020-02-05T15:23:35","modified_gmt":"2020-02-05T15:23:35","slug":"hazai-es-nemzetkozi-jogszerzes","status":"publish","type":"page","link":"https:\/\/www.danubia.com\/hu\/szabadalmak-es-hasznalati-mintak\/hazai-es-nemzetkozi-jogszerzes\/","title":{"rendered":"Hazai \u00e9s nemzetk\u00f6zi jogszerz\u00e9s"},"content":{"rendered":"<p>[et_pb_section fb_built=&#8221;1&#8243; _builder_version=&#8221;3.22&#8243; background_image=&#8221;https:\/\/www.danubia.com\/wp-content\/uploads\/2019\/04\/Danube-Budapest5.jpg&#8221; custom_padding=&#8221;0px||0px|&#8221; z_index_tablet=&#8221;500&#8243;][et_pb_row use_custom_gutter=&#8221;on&#8221; gutter_width=&#8221;1&#8243; custom_padding_last_edited=&#8221;on|desktop&#8221; module_class=&#8221; et_pb_row_fullwidth et_pb_row_fullwidth et_pb_row_fullwidth et_pb_row_fullwidth et_pb_row_fullwidth et_pb_row_fullwidth et_pb_row_fullwidth et_pb_row_fullwidth et_pb_row_fullwidth&#8221; _builder_version=&#8221;3.25&#8243; background_color=&#8221;rgba(0,0,0,0.2)&#8221; background_size=&#8221;initial&#8221; background_position=&#8221;top_left&#8221; background_repeat=&#8221;repeat&#8221; width=&#8221;100%&#8221; width_tablet=&#8221;100%&#8221; width_phone=&#8221;&#8221; width_last_edited=&#8221;on|desktop&#8221; max_width=&#8221;100%&#8221; max_width_tablet=&#8221;100%&#8221; max_width_phone=&#8221;&#8221; max_width_last_edited=&#8221;on|desktop&#8221; custom_padding=&#8221;80px||80px|&#8221; custom_padding_tablet=&#8221;&#8221; custom_padding_phone=&#8221;50px||50px|&#8221; animation_style=&#8221;fade&#8221; animation_delay=&#8221;500ms&#8221; z_index_tablet=&#8221;500&#8243; make_fullwidth=&#8221;on&#8221;][et_pb_column type=&#8221;4_4&#8243; _builder_version=&#8221;3.0.47&#8243; custom_padding=&#8221;|||&#8221; custom_padding__hover=&#8221;|||&#8221;][et_pb_text _builder_version=&#8221;3.27.4&#8243; text_font=&#8221;Raleway|700|||||||&#8221; text_text_color=&#8221;#ffffff&#8221; text_font_size=&#8221;36px&#8221; header_font=&#8221;Raleway|700||on|||||&#8221; header_text_align=&#8221;center&#8221; header_text_color=&#8221;#ffffff&#8221; header_font_size=&#8221;36px&#8221; header_line_height=&#8221;1.4em&#8221; text_orientation=&#8221;center&#8221; z_index_tablet=&#8221;500&#8243; text_font_size_tablet=&#8221;30px&#8221; text_font_size_phone=&#8221;22px&#8221; text_font_size_last_edited=&#8221;on|phone&#8221; header_font_size_tablet=&#8221;30px&#8221; header_font_size_phone=&#8221;22px&#8221; header_font_size_last_edited=&#8221;on|desktop&#8221;]<\/p>\n<h1>SZABADALMAK \u00c9S HASZN\u00c1LATI MINT\u00c1K<\/h1>\n<p>[\/et_pb_text][\/et_pb_column][\/et_pb_row][\/et_pb_section][et_pb_section fb_built=&#8221;1&#8243; _builder_version=&#8221;3.22&#8243;][et_pb_row _builder_version=&#8221;3.25&#8243; background_size=&#8221;initial&#8221; background_position=&#8221;top_left&#8221; background_repeat=&#8221;repeat&#8221;][et_pb_column type=&#8221;4_4&#8243; _builder_version=&#8221;3.0.47&#8243; custom_padding=&#8221;|||&#8221; custom_padding__hover=&#8221;|||&#8221;][et_pb_text _builder_version=&#8221;3.27.4&#8243; text_font=&#8221;Raleway|700||on|||||&#8221; text_text_color=&#8221;#a6192e&#8221; text_font_size=&#8221;36px&#8221; header_font=&#8221;Raleway|700||on|||||&#8221; header_text_align=&#8221;center&#8221; header_text_color=&#8221;#ffffff&#8221; header_font_size=&#8221;50px&#8221; header_2_font=&#8221;Raleway|700|||||||&#8221; header_2_text_align=&#8221;left&#8221; header_2_text_color=&#8221;#a6192e&#8221; header_2_font_size=&#8221;36px&#8221; custom_margin=&#8221;||0px|&#8221; custom_padding=&#8221;||0px|&#8221; z_index_tablet=&#8221;500&#8243; text_font_size_tablet=&#8221;30px&#8221; text_font_size_phone=&#8221;22px&#8221; text_font_size_last_edited=&#8221;on|desktop&#8221; header_font_size_tablet=&#8221;30px&#8221; header_font_size_phone=&#8221;22px&#8221; header_font_size_last_edited=&#8221;on|desktop&#8221; header_2_font_size_tablet=&#8221;30px&#8221; header_2_font_size_phone=&#8221;22px&#8221; header_2_font_size_last_edited=&#8221;on|phone&#8221;]<\/p>\n<h2>Hazai \u00e9s nemzetk\u00f6zi jogszerz\u00e9s<\/h2>\n<p>[\/et_pb_text][et_pb_divider color=&#8221;#63666a&#8221; divider_position=&#8221;center&#8221; divider_weight=&#8221;3&#8243; _builder_version=&#8221;3.21.1&#8243; max_width=&#8221;50px&#8221; module_alignment=&#8221;left&#8221; height=&#8221;0px&#8221; custom_margin=&#8221;15px|||&#8221; animation_style=&#8221;zoom&#8221; z_index_tablet=&#8221;500&#8243;][\/et_pb_divider][\/et_pb_column][\/et_pb_row][et_pb_row _builder_version=&#8221;3.25&#8243; background_size=&#8221;initial&#8221; background_position=&#8221;top_left&#8221; background_repeat=&#8221;repeat&#8221; column_structure=&#8221;3_4,1_4&#8243;][et_pb_column type=&#8221;3_4&#8243; _builder_version=&#8221;3.0.47&#8243; custom_padding=&#8221;|||&#8221; custom_padding__hover=&#8221;|||&#8221;][et_pb_text _builder_version=&#8221;3.27.4&#8243; text_orientation=&#8221;justified&#8221; z_index_tablet=&#8221;500&#8243;]<\/p>\n<p>Az iparjogv\u00e9delmi jogok minden esetben csak abban az orsz\u00e1gban vagy orsz\u00e1gcsoportban biztos\u00edtanak monopoljogot, ahol az oltalomszerz\u00e9si elj\u00e1r\u00e1st az adott orsz\u00e1g vagy r\u00e9gi\u00f3 szabadalmi hivatal\u00e1n\u00e1l megind\u00edtott\u00e1k \u00e9s sikeresen v\u00e9gig is vitt\u00e9k.<\/p>\n<p>Magyarorsz\u00e1gon a Szellemi Tulajdon Nemzeti Hivatala az a hat\u00f3s\u00e1g, amely az iparjogv\u00e9delem ter\u00fclet\u00e9n az eml\u00edtett monopoljogokat enged\u00e9lyezi. Minden orsz\u00e1gnak saj\u00e1t iparjogv\u00e9delmi hat\u00f3s\u00e1ga van, ez legt\u00f6bb esetben \u2013 mint p\u00e9ld\u00e1ul Magyarorsz\u00e1gon is \u2013 egy \u00f6n\u00e1ll\u00f3 szabadalmi hivatal, de vannak olyan orsz\u00e1gok, ahol ezt a szerepet egy miniszt\u00e9rium vagy m\u00e1s int\u00e9zm\u00e9ny valamely r\u00e9szlege t\u00f6lti be.<\/p>\n<p>Az eur\u00f3pai orsz\u00e1gok szinte kiv\u00e9tel n\u00e9lk\u00fcl tagjai az 1977-ben l\u00e9trej\u00f6tt Eur\u00f3pai Szabadalmi Egyezm\u00e9nynek, melynek l\u00e9nyege, hogy a t\u00e1rsult orsz\u00e1gok vonatkoz\u00e1s\u00e1ban egy k\u00f6zponti enged\u00e9lyez\u0151 hat\u00f3s\u00e1g, az Eur\u00f3pai Szabadalmi Hivatal v\u00e9gzi el a tal\u00e1lm\u00e1nyok oltalmazhat\u00f3s\u00e1gi vizsg\u00e1lat\u00e1t. A megadott eur\u00f3pai szabadalmat a t\u00e1rsult orsz\u00e1gok a saj\u00e1t szabadalmaikkal egyen\u00e9rt\u00e9k\u0171nek tekintik, ily m\u00f3don jelent\u0151sen lecs\u00f6kkenthet\u0151k a szabadalmaztat\u00e1si k\u00f6lts\u00e9gek, amennyiben t\u00f6bb eur\u00f3pai orsz\u00e1gban is c\u00e9l az oltalomszerz\u00e9s. Irod\u00e1nk szabadalmi \u00fcgyviv\u0151i 2003-t\u00f3l, vagyis Magyarorsz\u00e1gnak az Eur\u00f3pai Szabadalmi Egyezm\u00e9nyhez t\u00f6rt\u00e9n\u0151 csatlakoz\u00e1sa \u00f3ta eur\u00f3pai szabadalmi \u00fcgyviv\u0151k\u00e9nt is ell\u00e1tnak k\u00e9pviseleti tev\u00e9kenys\u00e9get, vagyis megb\u00edz\u00f3nk sz\u00e1m\u00e1ra ez eur\u00f3pai szabadalom megszerz\u00e9s\u00e9ben k\u00f6zvetlen\u00fcl az Eur\u00f3pai Szabadalmi Hivatallal \u00e1llunk kapcsolatban.<\/p>\n<p>Amennyiben az els\u0151 szabadalmi bejelent\u00e9st k\u00f6vet\u0151en a k\u00fclf\u00f6ldi orsz\u00e1gok k\u00f6re m\u00e9g bizonytalan vagy a jelent\u0151s k\u00f6lts\u00e9ggel j\u00e1r\u00f3 k\u00fclf\u00f6ldi elj\u00e1r\u00e1sok megind\u00edt\u00e1s\u00e1t a bejelent\u0151 m\u00e9g k\u00e9sleltetni k\u00edv\u00e1nja, \u00e9rdemes megfontolni a Patent Cooperation Teaty (PCT) egyezm\u00e9ny alapj\u00e1n nemzetk\u00f6zi szabadalmi bejelent\u00e9s beny\u00fajt\u00e1s\u00e1t. A PCT bejelent\u00e9s ugyan nem eredm\u00e9nyez \u00f6nmag\u00e1ban \u00e9rv\u00e9nyes\u00edthet\u0151 szabadalmi jogot, azonban az elj\u00e1r\u00e1s eredm\u00e9nyek\u00e9nt t\u00f6bb l\u00e9pcs\u0151ben is lehet\u0151s\u00e9get teremt a bejelent\u00e9s anyag\u00e1nak \u00e1tdolgoz\u00e1s\u00e1ra \u00e9s ez\u00e1ltal a k\u00fclf\u00f6ldi orsz\u00e1gokban t\u00f6rt\u00e9n\u0151 bejelent\u00e9sekre val\u00f3 min\u00e9l jobb felk\u00e9sz\u00fcl\u00e9sre. Sz\u00e1mos orsz\u00e1g szabadalmi hivatala a saj\u00e1t enged\u00e9lyez\u00e9si elj\u00e1r\u00e1sa sor\u00e1n figyelembe veszi a nemzetk\u00f6zi iroda (WIPO) \u00e1ltal v\u00e9gzett \u00fajdons\u00e1gkutat\u00e1s eredm\u00e9ny\u00e9t, valamint a szabadalmazhat\u00f3s\u00e1g k\u00e9rd\u00e9s\u00e9ben tett meg\u00e1llap\u00edt\u00e1sait.<\/p>\n<p>[\/et_pb_text][\/et_pb_column][et_pb_column type=&#8221;1_4&#8243; _builder_version=&#8221;3.0.47&#8243; custom_padding=&#8221;|||&#8221; custom_padding__hover=&#8221;|||&#8221;][et_pb_text _builder_version=&#8221;3.27.4&#8243; text_font=&#8221;|700||on|||||&#8221; text_text_color=&#8221;#a6192e&#8221; custom_margin=&#8221;||0px|&#8221; custom_padding=&#8221;||0px|&#8221; z_index_tablet=&#8221;500&#8243; border_width_bottom=&#8221;1px&#8221; border_color_bottom=&#8221;rgba(99,102,106,0.2)&#8221;]<\/p>\n<p>Szabadalmak \u00e9s haszn\u00e1lati mint\u00e1k<\/p>\n<p>[\/et_pb_text][et_pb_text _builder_version=&#8221;3.29.3&#8243; text_font_size=&#8221;14px&#8221; z_index_tablet=&#8221;500&#8243; box_shadow_horizontal_tablet=&#8221;0px&#8221; box_shadow_vertical_tablet=&#8221;0px&#8221; box_shadow_blur_tablet=&#8221;40px&#8221; box_shadow_spread_tablet=&#8221;0px&#8221;]<span style=\"color: #63666a;\"><a style=\"color: #63666a;\" href=\"https:\/\/www.danubia.com\/hu\/szabadalmak-es-hasznalati-mintak\/strategiai-tanacsadas\/\">Strat\u00e9giai tan\u00e1csad\u00e1s<\/a><\/span><br \/>\n<span style=\"color: #63666a;\"><a style=\"color: #63666a;\" href=\"https:\/\/www.danubia.com\/hu\/szabadalmak-es-hasznalati-mintak\/jogszerzes-es-fenntartas\/\">Jogszerz\u00e9s \u00e9s fenntart\u00e1s<\/a><\/span><br \/>\n<span style=\"color: #63666a;\"><a style=\"color: #63666a;\" href=\"https:\/\/www.danubia.com\/hu\/szabadalmak-es-hasznalati-mintak\/hazai-es-nemzetkozi-jogszerzes\/\">Hazai \u00e9s nemzetk\u00f6zi jogszerz\u00e9s<\/a><\/span><br \/>\n<span style=\"color: #63666a;\"><a style=\"color: #63666a;\" href=\"https:\/\/www.danubia.com\/hu\/szabadalmak-es-hasznalati-mintak\/jogvitak\/\">Jogvit\u00e1k<\/a><\/span><br \/>\n<span style=\"color: #63666a;\"><a style=\"color: #63666a;\" href=\"https:\/\/www.danubia.com\/hu\/szabadalmak-es-hasznalati-mintak\/ujdonsag-es-gatlo-jogok-kutatasa\/\">\u00dajdons\u00e1g \u00e9s g\u00e1tl\u00f3 jogok kutat\u00e1sa<\/a><\/span><br \/>\n[\/et_pb_text][et_pb_text _builder_version=&#8221;3.27.4&#8243; text_font=&#8221;|700||on|||||&#8221; text_text_color=&#8221;#a6192e&#8221; custom_margin=&#8221;||0px|&#8221; custom_padding=&#8221;||0px|&#8221; z_index_tablet=&#8221;500&#8243; border_width_bottom=&#8221;1px&#8221; border_color_bottom=&#8221;rgba(99,102,106,0.2)&#8221;]<\/p>\n<p>Tov\u00e1bbi inform\u00e1ci\u00f3 a szolg\u00e1ltat\u00e1shoz<\/p>\n<p>[\/et_pb_text][et_pb_text _builder_version=&#8221;3.27.4&#8243; text_font_size=&#8221;14px&#8221; z_index_tablet=&#8221;500&#8243;]<\/p>\n<p><span style=\"color: #63666a;\"><a style=\"color: #63666a;\" href=\"tel:+3614118700\">+ 36 1 411 8700<\/a><\/span><br \/><span style=\"color: #63666a;\"><a style=\"color: #63666a;\" href=\"mailto:central@danubia.hu\">central@danubia.hu<\/a><\/span><\/p>\n<p>[\/et_pb_text][\/et_pb_column][\/et_pb_row][\/et_pb_section]<\/p>\n","protected":false},"excerpt":{"rendered":"<p>SZABADALMAK \u00c9S HASZN\u00c1LATI MINT\u00c1K Hazai \u00e9s nemzetk\u00f6zi jogszerz\u00e9s Az iparjogv\u00e9delmi jogok minden esetben csak abban az orsz\u00e1gban vagy orsz\u00e1gcsoportban biztos\u00edtanak monopoljogot, ahol az oltalomszerz\u00e9si elj\u00e1r\u00e1st az adott orsz\u00e1g vagy r\u00e9gi\u00f3 szabadalmi hivatal\u00e1n\u00e1l megind\u00edtott\u00e1k \u00e9s sikeresen v\u00e9gig is vitt\u00e9k. Magyarorsz\u00e1gon a Szellemi Tulajdon Nemzeti Hivatala az a hat\u00f3s\u00e1g, amely az iparjogv\u00e9delem ter\u00fclet\u00e9n az eml\u00edtett monopoljogokat enged\u00e9lyezi. [&hellip;]<\/p>\n","protected":false},"author":1,"featured_media":0,"parent":1060,"menu_order":0,"comment_status":"closed","ping_status":"closed","template":"","meta":{"_et_pb_use_builder":"on","_et_pb_old_content":"","_et_gb_content_width":"","footnotes":""},"class_list":["post-1064","page","type-page","status-publish","hentry"],"yoast_head":"<!-- This site is optimized with the Yoast SEO plugin v27.3 - https:\/\/yoast.com\/product\/yoast-seo-wordpress\/ -->\n<title>Hazai, nemzetk\u00f6zi jogszerz\u00e9s - Szabadalmaztat\u00e1s<\/title>\n<meta name=\"description\" content=\"Irod\u00e1nk szabadalmi \u00fcgyviv\u0151i hazai, eur\u00f3pai \u00e9s nemzetk\u00f6zi szabadalmaztat\u00e1s eset\u00e9n is seg\u00edt\u0151i lesznek. Szabadalmi oltalom, szabadalmi bejelent\u00e9s.\" \/>\n<meta name=\"robots\" content=\"index, follow, max-snippet:-1, max-image-preview:large, max-video-preview:-1\" \/>\n<link rel=\"canonical\" href=\"https:\/\/www.danubia.com\/hu\/szabadalmak-es-hasznalati-mintak\/hazai-es-nemzetkozi-jogszerzes\/\" \/>\n<meta property=\"og:locale\" content=\"hu_HU\" \/>\n<meta property=\"og:type\" content=\"article\" \/>\n<meta property=\"og:title\" content=\"Hazai, nemzetk\u00f6zi jogszerz\u00e9s - Szabadalmaztat\u00e1s\" \/>\n<meta property=\"og:description\" content=\"Irod\u00e1nk szabadalmi \u00fcgyviv\u0151i hazai, eur\u00f3pai \u00e9s nemzetk\u00f6zi szabadalmaztat\u00e1s eset\u00e9n is seg\u00edt\u0151i lesznek. Szabadalmi oltalom, szabadalmi bejelent\u00e9s.\" \/>\n<meta property=\"og:url\" content=\"https:\/\/www.danubia.com\/hu\/szabadalmak-es-hasznalati-mintak\/hazai-es-nemzetkozi-jogszerzes\/\" \/>\n<meta property=\"og:site_name\" content=\"Danubia\" \/>\n<meta property=\"article:modified_time\" content=\"2020-02-05T15:23:35+00:00\" \/>\n<meta property=\"og:image\" content=\"https:\/\/www.danubia.com\/wp-content\/uploads\/2019\/11\/Danubia-og-hu.jpg\" \/>\n\t<meta property=\"og:image:width\" content=\"1125\" \/>\n\t<meta property=\"og:image:height\" content=\"633\" \/>\n\t<meta property=\"og:image:type\" content=\"image\/jpeg\" \/>\n<meta name=\"twitter:card\" content=\"summary_large_image\" \/>\n<meta name=\"twitter:label1\" content=\"Becs\u00fclt olvas\u00e1si id\u0151\" \/>\n\t<meta name=\"twitter:data1\" content=\"6 perc\" \/>\n<script type=\"application\/ld+json\" class=\"yoast-schema-graph\">{\"@context\":\"https:\\\/\\\/schema.org\",\"@graph\":[{\"@type\":\"WebPage\",\"@id\":\"https:\\\/\\\/www.danubia.com\\\/hu\\\/szabadalmak-es-hasznalati-mintak\\\/hazai-es-nemzetkozi-jogszerzes\\\/\",\"url\":\"https:\\\/\\\/www.danubia.com\\\/hu\\\/szabadalmak-es-hasznalati-mintak\\\/hazai-es-nemzetkozi-jogszerzes\\\/\",\"name\":\"Hazai, nemzetk\u00f6zi jogszerz\u00e9s - Szabadalmaztat\u00e1s\",\"isPartOf\":{\"@id\":\"https:\\\/\\\/www.danubia.com\\\/#website\"},\"datePublished\":\"2019-07-10T15:01:37+00:00\",\"dateModified\":\"2020-02-05T15:23:35+00:00\",\"description\":\"Irod\u00e1nk szabadalmi \u00fcgyviv\u0151i hazai, eur\u00f3pai \u00e9s nemzetk\u00f6zi szabadalmaztat\u00e1s eset\u00e9n is seg\u00edt\u0151i lesznek. Szabadalmi oltalom, szabadalmi bejelent\u00e9s.\",\"breadcrumb\":{\"@id\":\"https:\\\/\\\/www.danubia.com\\\/hu\\\/szabadalmak-es-hasznalati-mintak\\\/hazai-es-nemzetkozi-jogszerzes\\\/#breadcrumb\"},\"inLanguage\":\"hu\",\"potentialAction\":[{\"@type\":\"ReadAction\",\"target\":[\"https:\\\/\\\/www.danubia.com\\\/hu\\\/szabadalmak-es-hasznalati-mintak\\\/hazai-es-nemzetkozi-jogszerzes\\\/\"]}]},{\"@type\":\"BreadcrumbList\",\"@id\":\"https:\\\/\\\/www.danubia.com\\\/hu\\\/szabadalmak-es-hasznalati-mintak\\\/hazai-es-nemzetkozi-jogszerzes\\\/#breadcrumb\",\"itemListElement\":[{\"@type\":\"ListItem\",\"position\":1,\"name\":\"Home\",\"item\":\"https:\\\/\\\/www.danubia.com\\\/hu\\\/\"},{\"@type\":\"ListItem\",\"position\":2,\"name\":\"Szabadalmak \u00e9s haszn\u00e1lati mint\u00e1k\",\"item\":\"https:\\\/\\\/www.danubia.com\\\/hu\\\/szabadalmak-es-hasznalati-mintak\\\/\"},{\"@type\":\"ListItem\",\"position\":3,\"name\":\"Hazai \u00e9s nemzetk\u00f6zi jogszerz\u00e9s\"}]},{\"@type\":\"WebSite\",\"@id\":\"https:\\\/\\\/www.danubia.com\\\/#website\",\"url\":\"https:\\\/\\\/www.danubia.com\\\/\",\"name\":\"Danubia\",\"description\":\"\",\"potentialAction\":[{\"@type\":\"SearchAction\",\"target\":{\"@type\":\"EntryPoint\",\"urlTemplate\":\"https:\\\/\\\/www.danubia.com\\\/?s={search_term_string}\"},\"query-input\":{\"@type\":\"PropertyValueSpecification\",\"valueRequired\":true,\"valueName\":\"search_term_string\"}}],\"inLanguage\":\"hu\"}]}<\/script>\n<!-- \/ Yoast SEO plugin. -->","yoast_head_json":{"title":"Hazai, nemzetk\u00f6zi jogszerz\u00e9s - Szabadalmaztat\u00e1s","description":"Irod\u00e1nk szabadalmi \u00fcgyviv\u0151i hazai, eur\u00f3pai \u00e9s nemzetk\u00f6zi szabadalmaztat\u00e1s eset\u00e9n is seg\u00edt\u0151i lesznek. Szabadalmi oltalom, szabadalmi bejelent\u00e9s.","robots":{"index":"index","follow":"follow","max-snippet":"max-snippet:-1","max-image-preview":"max-image-preview:large","max-video-preview":"max-video-preview:-1"},"canonical":"https:\/\/www.danubia.com\/hu\/szabadalmak-es-hasznalati-mintak\/hazai-es-nemzetkozi-jogszerzes\/","og_locale":"hu_HU","og_type":"article","og_title":"Hazai, nemzetk\u00f6zi jogszerz\u00e9s - Szabadalmaztat\u00e1s","og_description":"Irod\u00e1nk szabadalmi \u00fcgyviv\u0151i hazai, eur\u00f3pai \u00e9s nemzetk\u00f6zi szabadalmaztat\u00e1s eset\u00e9n is seg\u00edt\u0151i lesznek. Szabadalmi oltalom, szabadalmi bejelent\u00e9s.","og_url":"https:\/\/www.danubia.com\/hu\/szabadalmak-es-hasznalati-mintak\/hazai-es-nemzetkozi-jogszerzes\/","og_site_name":"Danubia","article_modified_time":"2020-02-05T15:23:35+00:00","og_image":[{"width":1125,"height":633,"url":"https:\/\/www.danubia.com\/wp-content\/uploads\/2019\/11\/Danubia-og-hu.jpg","type":"image\/jpeg"}],"twitter_card":"summary_large_image","twitter_misc":{"Becs\u00fclt olvas\u00e1si id\u0151":"6 perc"},"schema":{"@context":"https:\/\/schema.org","@graph":[{"@type":"WebPage","@id":"https:\/\/www.danubia.com\/hu\/szabadalmak-es-hasznalati-mintak\/hazai-es-nemzetkozi-jogszerzes\/","url":"https:\/\/www.danubia.com\/hu\/szabadalmak-es-hasznalati-mintak\/hazai-es-nemzetkozi-jogszerzes\/","name":"Hazai, nemzetk\u00f6zi jogszerz\u00e9s - Szabadalmaztat\u00e1s","isPartOf":{"@id":"https:\/\/www.danubia.com\/#website"},"datePublished":"2019-07-10T15:01:37+00:00","dateModified":"2020-02-05T15:23:35+00:00","description":"Irod\u00e1nk szabadalmi \u00fcgyviv\u0151i hazai, eur\u00f3pai \u00e9s nemzetk\u00f6zi szabadalmaztat\u00e1s eset\u00e9n is seg\u00edt\u0151i lesznek. Szabadalmi oltalom, szabadalmi bejelent\u00e9s.","breadcrumb":{"@id":"https:\/\/www.danubia.com\/hu\/szabadalmak-es-hasznalati-mintak\/hazai-es-nemzetkozi-jogszerzes\/#breadcrumb"},"inLanguage":"hu","potentialAction":[{"@type":"ReadAction","target":["https:\/\/www.danubia.com\/hu\/szabadalmak-es-hasznalati-mintak\/hazai-es-nemzetkozi-jogszerzes\/"]}]},{"@type":"BreadcrumbList","@id":"https:\/\/www.danubia.com\/hu\/szabadalmak-es-hasznalati-mintak\/hazai-es-nemzetkozi-jogszerzes\/#breadcrumb","itemListElement":[{"@type":"ListItem","position":1,"name":"Home","item":"https:\/\/www.danubia.com\/hu\/"},{"@type":"ListItem","position":2,"name":"Szabadalmak \u00e9s haszn\u00e1lati mint\u00e1k","item":"https:\/\/www.danubia.com\/hu\/szabadalmak-es-hasznalati-mintak\/"},{"@type":"ListItem","position":3,"name":"Hazai \u00e9s nemzetk\u00f6zi jogszerz\u00e9s"}]},{"@type":"WebSite","@id":"https:\/\/www.danubia.com\/#website","url":"https:\/\/www.danubia.com\/","name":"Danubia","description":"","potentialAction":[{"@type":"SearchAction","target":{"@type":"EntryPoint","urlTemplate":"https:\/\/www.danubia.com\/?s={search_term_string}"},"query-input":{"@type":"PropertyValueSpecification","valueRequired":true,"valueName":"search_term_string"}}],"inLanguage":"hu"}]}},"_links":{"self":[{"href":"https:\/\/www.danubia.com\/hu\/wp-json\/wp\/v2\/pages\/1064","targetHints":{"allow":["GET"]}}],"collection":[{"href":"https:\/\/www.danubia.com\/hu\/wp-json\/wp\/v2\/pages"}],"about":[{"href":"https:\/\/www.danubia.com\/hu\/wp-json\/wp\/v2\/types\/page"}],"author":[{"embeddable":true,"href":"https:\/\/www.danubia.com\/hu\/wp-json\/wp\/v2\/users\/1"}],"replies":[{"embeddable":true,"href":"https:\/\/www.danubia.com\/hu\/wp-json\/wp\/v2\/comments?post=1064"}],"version-history":[{"count":8,"href":"https:\/\/www.danubia.com\/hu\/wp-json\/wp\/v2\/pages\/1064\/revisions"}],"predecessor-version":[{"id":3720,"href":"https:\/\/www.danubia.com\/hu\/wp-json\/wp\/v2\/pages\/1064\/revisions\/3720"}],"up":[{"embeddable":true,"href":"https:\/\/www.danubia.com\/hu\/wp-json\/wp\/v2\/pages\/1060"}],"wp:attachment":[{"href":"https:\/\/www.danubia.com\/hu\/wp-json\/wp\/v2\/media?parent=1064"}],"curies":[{"name":"wp","href":"https:\/\/api.w.org\/{rel}","templated":true}]}}