{"id":1066,"date":"2019-07-10T15:02:24","date_gmt":"2019-07-10T15:02:24","guid":{"rendered":"https:\/\/www.danubia.com\/?page_id=1066"},"modified":"2020-02-05T15:24:11","modified_gmt":"2020-02-05T15:24:11","slug":"jogvitak","status":"publish","type":"page","link":"https:\/\/www.danubia.com\/hu\/szabadalmak-es-hasznalati-mintak\/jogvitak\/","title":{"rendered":"Jogvit\u00e1k"},"content":{"rendered":"<p>[et_pb_section fb_built=&#8221;1&#8243; _builder_version=&#8221;3.22&#8243; background_image=&#8221;https:\/\/www.danubia.com\/wp-content\/uploads\/2019\/04\/Danube-Budapest5.jpg&#8221; custom_padding=&#8221;0px||0px|&#8221; z_index_tablet=&#8221;500&#8243;][et_pb_row use_custom_gutter=&#8221;on&#8221; gutter_width=&#8221;1&#8243; custom_padding_last_edited=&#8221;on|desktop&#8221; module_class=&#8221; et_pb_row_fullwidth et_pb_row_fullwidth et_pb_row_fullwidth et_pb_row_fullwidth et_pb_row_fullwidth et_pb_row_fullwidth et_pb_row_fullwidth et_pb_row_fullwidth et_pb_row_fullwidth&#8221; _builder_version=&#8221;3.25&#8243; background_color=&#8221;rgba(0,0,0,0.2)&#8221; background_size=&#8221;initial&#8221; background_position=&#8221;top_left&#8221; background_repeat=&#8221;repeat&#8221; width=&#8221;100%&#8221; width_tablet=&#8221;100%&#8221; width_phone=&#8221;&#8221; width_last_edited=&#8221;on|desktop&#8221; max_width=&#8221;100%&#8221; max_width_tablet=&#8221;100%&#8221; max_width_phone=&#8221;&#8221; max_width_last_edited=&#8221;on|desktop&#8221; custom_padding=&#8221;80px||80px|&#8221; custom_padding_tablet=&#8221;&#8221; custom_padding_phone=&#8221;50px||50px|&#8221; animation_style=&#8221;fade&#8221; animation_delay=&#8221;500ms&#8221; z_index_tablet=&#8221;500&#8243; make_fullwidth=&#8221;on&#8221;][et_pb_column type=&#8221;4_4&#8243; _builder_version=&#8221;3.0.47&#8243; custom_padding=&#8221;|||&#8221; custom_padding__hover=&#8221;|||&#8221;][et_pb_text _builder_version=&#8221;3.27.4&#8243; text_font=&#8221;Raleway|700|||||||&#8221; text_text_color=&#8221;#ffffff&#8221; text_font_size=&#8221;36px&#8221; header_font=&#8221;Raleway|700||on|||||&#8221; header_text_align=&#8221;center&#8221; header_text_color=&#8221;#ffffff&#8221; header_font_size=&#8221;36px&#8221; header_line_height=&#8221;1.4em&#8221; text_orientation=&#8221;center&#8221; z_index_tablet=&#8221;500&#8243; text_font_size_tablet=&#8221;30px&#8221; text_font_size_phone=&#8221;22px&#8221; text_font_size_last_edited=&#8221;on|phone&#8221; header_font_size_tablet=&#8221;30px&#8221; header_font_size_phone=&#8221;22px&#8221; header_font_size_last_edited=&#8221;on|desktop&#8221;]<\/p>\n<h1>SZABADALMAK \u00c9S HASZN\u00c1LATI MINT\u00c1K<\/h1>\n<p>[\/et_pb_text][\/et_pb_column][\/et_pb_row][\/et_pb_section][et_pb_section fb_built=&#8221;1&#8243; _builder_version=&#8221;3.22&#8243;][et_pb_row _builder_version=&#8221;3.25&#8243; background_size=&#8221;initial&#8221; background_position=&#8221;top_left&#8221; background_repeat=&#8221;repeat&#8221;][et_pb_column type=&#8221;4_4&#8243; _builder_version=&#8221;3.0.47&#8243; custom_padding=&#8221;|||&#8221; custom_padding__hover=&#8221;|||&#8221;][et_pb_text _builder_version=&#8221;3.27.4&#8243; text_font=&#8221;Raleway|700||on|||||&#8221; text_text_color=&#8221;#a6192e&#8221; text_font_size=&#8221;36px&#8221; header_font=&#8221;Raleway|700||on|||||&#8221; header_text_align=&#8221;center&#8221; header_text_color=&#8221;#ffffff&#8221; header_font_size=&#8221;50px&#8221; header_2_font=&#8221;Raleway|700|||||||&#8221; header_2_text_align=&#8221;left&#8221; header_2_text_color=&#8221;#a6192e&#8221; header_2_font_size=&#8221;36px&#8221; custom_margin=&#8221;||0px|&#8221; custom_padding=&#8221;||0px|&#8221; z_index_tablet=&#8221;500&#8243; text_font_size_tablet=&#8221;30px&#8221; text_font_size_phone=&#8221;22px&#8221; text_font_size_last_edited=&#8221;on|desktop&#8221; header_font_size_tablet=&#8221;30px&#8221; header_font_size_phone=&#8221;22px&#8221; header_font_size_last_edited=&#8221;on|desktop&#8221; header_2_font_size_tablet=&#8221;30px&#8221; header_2_font_size_phone=&#8221;22px&#8221; header_2_font_size_last_edited=&#8221;on|phone&#8221;]<\/p>\n<h2>Jogvit\u00e1k<\/h2>\n<p>[\/et_pb_text][et_pb_divider color=&#8221;#63666a&#8221; divider_position=&#8221;center&#8221; divider_weight=&#8221;3&#8243; _builder_version=&#8221;3.21.1&#8243; max_width=&#8221;50px&#8221; module_alignment=&#8221;left&#8221; height=&#8221;0px&#8221; custom_margin=&#8221;15px|||&#8221; animation_style=&#8221;zoom&#8221; z_index_tablet=&#8221;500&#8243;][\/et_pb_divider][\/et_pb_column][\/et_pb_row][et_pb_row _builder_version=&#8221;3.25&#8243; background_size=&#8221;initial&#8221; background_position=&#8221;top_left&#8221; background_repeat=&#8221;repeat&#8221; column_structure=&#8221;3_4,1_4&#8243;][et_pb_column type=&#8221;3_4&#8243; _builder_version=&#8221;3.0.47&#8243; custom_padding=&#8221;|||&#8221; custom_padding__hover=&#8221;|||&#8221;][et_pb_text _builder_version=&#8221;3.27.4&#8243; text_orientation=&#8221;justified&#8221; z_index_tablet=&#8221;500&#8243;]<\/p>\n<p>A szabadalmakkal (haszn\u00e1lati mint\u00e1kkal) kapcsolatos jogvit\u00e1k sor\u00e1n mind a jogtulajdonosok, mind pedig azokkal ellen\u00e9rdek\u0171 felek jogi k\u00e9pviselet\u00e9t ell\u00e1tjuk.<\/p>\n<p>A szabadalmak \u00e9s haszn\u00e1lati mint\u00e1k eset\u00e9ben leggyakrabban bitorl\u00e1si, megsemmis\u00edt\u00e9si \u00fcgyekben \u00e9s nemleges meg\u00e1llap\u00edt\u00e1s ir\u00e1nti k\u00e9relmek \u00fcgy\u00e9ben l\u00e1tunk el k\u00e9pviseletet, de m\u00e1s jogvit\u00e1k eset\u00e9n, p\u00e9ld\u00e1ul feltal\u00e1l\u00f3i d\u00edjaz\u00e1ssal, hasznos\u00edt\u00e1si szerz\u0151d\u00e9ssel, versenyjogi jogs\u00e9rt\u00e9sekkel kapcsolatos jogvit\u00e1kban is kell\u0151 szak\u00e9rtelemmel k\u00e9pviselj\u00fck megb\u00edz\u00f3ink \u00e9rdekeit.<\/p>\n<p>Szabadalmi \u00fcgyviv\u0151ink a jogvit\u00e1k sor\u00e1n nem csak a Szellemi Tulajdon Nemzeti Hivatala el\u0151tt j\u00e1rhatnak el, hanem a szellemi tulajdonv\u00e9delem ter\u00fclet\u00e9re es\u0151 jogvit\u00e1kban \u2013 az \u00fcgyv\u00e9dekkel egyenrang\u00fa m\u00f3don \u2013 a b\u00edr\u00f3s\u00e1gok el\u0151tt is k\u00e9pviseleti joggal rendelkeznek. A b\u00edr\u00f3s\u00e1gi szakaszban az \u00fcgyfeleink min\u00e9l magasabb sz\u00ednvonal\u00fa kiszolg\u00e1l\u00e1sa \u00e9rdek\u00e9ben rendszeresen egy\u00fcttm\u0171k\u00f6d\u00fcnk a DANUBIA LEGAL v\u00e9djegyezett n\u00e9v alatt tev\u00e9kenyked\u0151 \u00e9s c\u00e9g\u00fcnkkel \u00e9rtelemszer\u0171en szoros szakmai kapcsolatban \u00e1ll\u00f3 \u00fcgyv\u00e9di irod\u00e1kkal, melynek sor\u00e1n \u00e1ltal\u00e1ban 2-3-4 f\u0151s szak\u00e9rt\u0151i csoportot alak\u00edtunk ki minden egyes \u00fcgyben.<\/p>\n<p>[\/et_pb_text][\/et_pb_column][et_pb_column type=&#8221;1_4&#8243; _builder_version=&#8221;3.0.47&#8243; custom_padding=&#8221;|||&#8221; custom_padding__hover=&#8221;|||&#8221;][et_pb_text _builder_version=&#8221;3.27.4&#8243; text_font=&#8221;|700||on|||||&#8221; text_text_color=&#8221;#a6192e&#8221; custom_margin=&#8221;||0px|&#8221; custom_padding=&#8221;||0px|&#8221; z_index_tablet=&#8221;500&#8243; border_width_bottom=&#8221;1px&#8221; border_color_bottom=&#8221;rgba(99,102,106,0.2)&#8221;]<\/p>\n<p>Szabadalmak \u00e9s haszn\u00e1lati mint\u00e1k<\/p>\n<p>[\/et_pb_text][et_pb_text _builder_version=&#8221;3.29.3&#8243; text_font_size=&#8221;14px&#8221; z_index_tablet=&#8221;500&#8243; box_shadow_horizontal_tablet=&#8221;0px&#8221; box_shadow_vertical_tablet=&#8221;0px&#8221; box_shadow_blur_tablet=&#8221;40px&#8221; box_shadow_spread_tablet=&#8221;0px&#8221;]<span style=\"color: #63666a;\"><a style=\"color: #63666a;\" href=\"https:\/\/www.danubia.com\/hu\/szabadalmak-es-hasznalati-mintak\/strategiai-tanacsadas\/\">Strat\u00e9giai tan\u00e1csad\u00e1s<\/a><\/span><br \/>\n<span style=\"color: #63666a;\"><a style=\"color: #63666a;\" href=\"https:\/\/www.danubia.com\/hu\/szabadalmak-es-hasznalati-mintak\/jogszerzes-es-fenntartas\/\">Jogszerz\u00e9s \u00e9s fenntart\u00e1s<\/a><\/span><br \/>\n<span style=\"color: #63666a;\"><a style=\"color: #63666a;\" href=\"https:\/\/www.danubia.com\/hu\/szabadalmak-es-hasznalati-mintak\/hazai-es-nemzetkozi-jogszerzes\/\">Hazai \u00e9s nemzetk\u00f6zi jogszerz\u00e9s<\/a><\/span><br \/>\n<span style=\"color: #63666a;\"><a style=\"color: #63666a;\" href=\"https:\/\/www.danubia.com\/hu\/szabadalmak-es-hasznalati-mintak\/jogvitak\/\">Jogvit\u00e1k<\/a><\/span><br \/>\n<span style=\"color: #63666a;\"><a style=\"color: #63666a;\" href=\"https:\/\/www.danubia.com\/hu\/szabadalmak-es-hasznalati-mintak\/ujdonsag-es-gatlo-jogok-kutatasa\/\">\u00dajdons\u00e1g \u00e9s g\u00e1tl\u00f3 jogok kutat\u00e1sa<\/a><\/span><br \/>\n[\/et_pb_text][et_pb_text _builder_version=&#8221;3.27.4&#8243; text_font=&#8221;|700||on|||||&#8221; text_text_color=&#8221;#a6192e&#8221; custom_margin=&#8221;||0px|&#8221; custom_padding=&#8221;||0px|&#8221; z_index_tablet=&#8221;500&#8243; border_width_bottom=&#8221;1px&#8221; border_color_bottom=&#8221;rgba(99,102,106,0.2)&#8221;]<\/p>\n<p>Tov\u00e1bbi inform\u00e1ci\u00f3 a szolg\u00e1ltat\u00e1shoz<\/p>\n<p>[\/et_pb_text][et_pb_text _builder_version=&#8221;3.27.4&#8243; text_font_size=&#8221;14px&#8221; z_index_tablet=&#8221;500&#8243;]<\/p>\n<p><span style=\"color: #63666a;\"><a style=\"color: #63666a;\" href=\"tel:+3614118700\">+ 36 1 411 8700<\/a><\/span><br \/><span style=\"color: #63666a;\"><a style=\"color: #63666a;\" href=\"mailto:central@danubia.hu\">central@danubia.hu<\/a><\/span><\/p>\n<p>[\/et_pb_text][\/et_pb_column][\/et_pb_row][\/et_pb_section]<\/p>\n","protected":false},"excerpt":{"rendered":"<p>SZABADALMAK \u00c9S HASZN\u00c1LATI MINT\u00c1K Jogvit\u00e1k A szabadalmakkal (haszn\u00e1lati mint\u00e1kkal) kapcsolatos jogvit\u00e1k sor\u00e1n mind a jogtulajdonosok, mind pedig azokkal ellen\u00e9rdek\u0171 felek jogi k\u00e9pviselet\u00e9t ell\u00e1tjuk. A szabadalmak \u00e9s haszn\u00e1lati mint\u00e1k eset\u00e9ben leggyakrabban bitorl\u00e1si, megsemmis\u00edt\u00e9si \u00fcgyekben \u00e9s nemleges meg\u00e1llap\u00edt\u00e1s ir\u00e1nti k\u00e9relmek \u00fcgy\u00e9ben l\u00e1tunk el k\u00e9pviseletet, de m\u00e1s jogvit\u00e1k eset\u00e9n, p\u00e9ld\u00e1ul feltal\u00e1l\u00f3i d\u00edjaz\u00e1ssal, hasznos\u00edt\u00e1si szerz\u0151d\u00e9ssel, versenyjogi jogs\u00e9rt\u00e9sekkel kapcsolatos jogvit\u00e1kban [&hellip;]<\/p>\n","protected":false},"author":1,"featured_media":0,"parent":1060,"menu_order":0,"comment_status":"closed","ping_status":"closed","template":"","meta":{"_et_pb_use_builder":"on","_et_pb_old_content":"","_et_gb_content_width":"","footnotes":""},"class_list":["post-1066","page","type-page","status-publish","hentry"],"yoast_head":"<!-- This site is optimized with the Yoast SEO plugin v27.3 - https:\/\/yoast.com\/product\/yoast-seo-wordpress\/ -->\n<title>Jogvit\u00e1k - Szabadalmaztat\u00e1s, szabadalmi oltalom<\/title>\n<meta name=\"description\" content=\"Jellemz\u0151en szabadalom bitorl\u00e1si, megsemmis\u00edt\u00e9si \u00fcgyekben \u00e9s nemleges meg\u00e1llap\u00edt\u00e1s ir\u00e1nti k\u00e9relmek \u00fcgy\u00e9ben l\u00e1tunk el k\u00e9pviseletet szabadalmi \u00fcgyviv\u0151ink \u00e1ltal\" \/>\n<meta name=\"robots\" content=\"index, follow, max-snippet:-1, max-image-preview:large, max-video-preview:-1\" \/>\n<link rel=\"canonical\" href=\"https:\/\/www.danubia.com\/hu\/szabadalmak-es-hasznalati-mintak\/jogvitak\/\" \/>\n<meta property=\"og:locale\" content=\"hu_HU\" \/>\n<meta property=\"og:type\" content=\"article\" \/>\n<meta property=\"og:title\" content=\"Jogvit\u00e1k - Szabadalmaztat\u00e1s, szabadalmi oltalom\" \/>\n<meta property=\"og:description\" content=\"Jellemz\u0151en szabadalom bitorl\u00e1si, megsemmis\u00edt\u00e9si \u00fcgyekben \u00e9s nemleges meg\u00e1llap\u00edt\u00e1s ir\u00e1nti k\u00e9relmek \u00fcgy\u00e9ben l\u00e1tunk el k\u00e9pviseletet szabadalmi \u00fcgyviv\u0151ink \u00e1ltal\" \/>\n<meta property=\"og:url\" content=\"https:\/\/www.danubia.com\/hu\/szabadalmak-es-hasznalati-mintak\/jogvitak\/\" \/>\n<meta property=\"og:site_name\" content=\"Danubia\" \/>\n<meta property=\"article:modified_time\" content=\"2020-02-05T15:24:11+00:00\" \/>\n<meta property=\"og:image\" content=\"https:\/\/www.danubia.com\/wp-content\/uploads\/2019\/11\/Danubia-og-hu.jpg\" \/>\n\t<meta property=\"og:image:width\" content=\"1125\" \/>\n\t<meta property=\"og:image:height\" content=\"633\" \/>\n\t<meta property=\"og:image:type\" content=\"image\/jpeg\" \/>\n<meta name=\"twitter:card\" content=\"summary_large_image\" \/>\n<meta name=\"twitter:label1\" content=\"Becs\u00fclt olvas\u00e1si id\u0151\" \/>\n\t<meta name=\"twitter:data1\" content=\"4 perc\" \/>\n<script type=\"application\/ld+json\" class=\"yoast-schema-graph\">{\"@context\":\"https:\\\/\\\/schema.org\",\"@graph\":[{\"@type\":\"WebPage\",\"@id\":\"https:\\\/\\\/www.danubia.com\\\/hu\\\/szabadalmak-es-hasznalati-mintak\\\/jogvitak\\\/\",\"url\":\"https:\\\/\\\/www.danubia.com\\\/hu\\\/szabadalmak-es-hasznalati-mintak\\\/jogvitak\\\/\",\"name\":\"Jogvit\u00e1k - Szabadalmaztat\u00e1s, szabadalmi oltalom\",\"isPartOf\":{\"@id\":\"https:\\\/\\\/www.danubia.com\\\/#website\"},\"datePublished\":\"2019-07-10T15:02:24+00:00\",\"dateModified\":\"2020-02-05T15:24:11+00:00\",\"description\":\"Jellemz\u0151en szabadalom bitorl\u00e1si, megsemmis\u00edt\u00e9si \u00fcgyekben \u00e9s nemleges meg\u00e1llap\u00edt\u00e1s ir\u00e1nti k\u00e9relmek \u00fcgy\u00e9ben l\u00e1tunk el k\u00e9pviseletet szabadalmi \u00fcgyviv\u0151ink \u00e1ltal\",\"breadcrumb\":{\"@id\":\"https:\\\/\\\/www.danubia.com\\\/hu\\\/szabadalmak-es-hasznalati-mintak\\\/jogvitak\\\/#breadcrumb\"},\"inLanguage\":\"hu\",\"potentialAction\":[{\"@type\":\"ReadAction\",\"target\":[\"https:\\\/\\\/www.danubia.com\\\/hu\\\/szabadalmak-es-hasznalati-mintak\\\/jogvitak\\\/\"]}]},{\"@type\":\"BreadcrumbList\",\"@id\":\"https:\\\/\\\/www.danubia.com\\\/hu\\\/szabadalmak-es-hasznalati-mintak\\\/jogvitak\\\/#breadcrumb\",\"itemListElement\":[{\"@type\":\"ListItem\",\"position\":1,\"name\":\"Home\",\"item\":\"https:\\\/\\\/www.danubia.com\\\/hu\\\/\"},{\"@type\":\"ListItem\",\"position\":2,\"name\":\"Szabadalmak \u00e9s haszn\u00e1lati mint\u00e1k\",\"item\":\"https:\\\/\\\/www.danubia.com\\\/hu\\\/szabadalmak-es-hasznalati-mintak\\\/\"},{\"@type\":\"ListItem\",\"position\":3,\"name\":\"Jogvit\u00e1k\"}]},{\"@type\":\"WebSite\",\"@id\":\"https:\\\/\\\/www.danubia.com\\\/#website\",\"url\":\"https:\\\/\\\/www.danubia.com\\\/\",\"name\":\"Danubia\",\"description\":\"\",\"potentialAction\":[{\"@type\":\"SearchAction\",\"target\":{\"@type\":\"EntryPoint\",\"urlTemplate\":\"https:\\\/\\\/www.danubia.com\\\/?s={search_term_string}\"},\"query-input\":{\"@type\":\"PropertyValueSpecification\",\"valueRequired\":true,\"valueName\":\"search_term_string\"}}],\"inLanguage\":\"hu\"}]}<\/script>\n<!-- \/ Yoast SEO plugin. -->","yoast_head_json":{"title":"Jogvit\u00e1k - Szabadalmaztat\u00e1s, szabadalmi oltalom","description":"Jellemz\u0151en szabadalom bitorl\u00e1si, megsemmis\u00edt\u00e9si \u00fcgyekben \u00e9s nemleges meg\u00e1llap\u00edt\u00e1s ir\u00e1nti k\u00e9relmek \u00fcgy\u00e9ben l\u00e1tunk el k\u00e9pviseletet szabadalmi \u00fcgyviv\u0151ink \u00e1ltal","robots":{"index":"index","follow":"follow","max-snippet":"max-snippet:-1","max-image-preview":"max-image-preview:large","max-video-preview":"max-video-preview:-1"},"canonical":"https:\/\/www.danubia.com\/hu\/szabadalmak-es-hasznalati-mintak\/jogvitak\/","og_locale":"hu_HU","og_type":"article","og_title":"Jogvit\u00e1k - Szabadalmaztat\u00e1s, szabadalmi oltalom","og_description":"Jellemz\u0151en szabadalom bitorl\u00e1si, megsemmis\u00edt\u00e9si \u00fcgyekben \u00e9s nemleges meg\u00e1llap\u00edt\u00e1s ir\u00e1nti k\u00e9relmek \u00fcgy\u00e9ben l\u00e1tunk el k\u00e9pviseletet szabadalmi \u00fcgyviv\u0151ink \u00e1ltal","og_url":"https:\/\/www.danubia.com\/hu\/szabadalmak-es-hasznalati-mintak\/jogvitak\/","og_site_name":"Danubia","article_modified_time":"2020-02-05T15:24:11+00:00","og_image":[{"width":1125,"height":633,"url":"https:\/\/www.danubia.com\/wp-content\/uploads\/2019\/11\/Danubia-og-hu.jpg","type":"image\/jpeg"}],"twitter_card":"summary_large_image","twitter_misc":{"Becs\u00fclt olvas\u00e1si id\u0151":"4 perc"},"schema":{"@context":"https:\/\/schema.org","@graph":[{"@type":"WebPage","@id":"https:\/\/www.danubia.com\/hu\/szabadalmak-es-hasznalati-mintak\/jogvitak\/","url":"https:\/\/www.danubia.com\/hu\/szabadalmak-es-hasznalati-mintak\/jogvitak\/","name":"Jogvit\u00e1k - Szabadalmaztat\u00e1s, szabadalmi oltalom","isPartOf":{"@id":"https:\/\/www.danubia.com\/#website"},"datePublished":"2019-07-10T15:02:24+00:00","dateModified":"2020-02-05T15:24:11+00:00","description":"Jellemz\u0151en szabadalom bitorl\u00e1si, megsemmis\u00edt\u00e9si \u00fcgyekben \u00e9s nemleges meg\u00e1llap\u00edt\u00e1s ir\u00e1nti k\u00e9relmek \u00fcgy\u00e9ben l\u00e1tunk el k\u00e9pviseletet szabadalmi \u00fcgyviv\u0151ink \u00e1ltal","breadcrumb":{"@id":"https:\/\/www.danubia.com\/hu\/szabadalmak-es-hasznalati-mintak\/jogvitak\/#breadcrumb"},"inLanguage":"hu","potentialAction":[{"@type":"ReadAction","target":["https:\/\/www.danubia.com\/hu\/szabadalmak-es-hasznalati-mintak\/jogvitak\/"]}]},{"@type":"BreadcrumbList","@id":"https:\/\/www.danubia.com\/hu\/szabadalmak-es-hasznalati-mintak\/jogvitak\/#breadcrumb","itemListElement":[{"@type":"ListItem","position":1,"name":"Home","item":"https:\/\/www.danubia.com\/hu\/"},{"@type":"ListItem","position":2,"name":"Szabadalmak \u00e9s haszn\u00e1lati mint\u00e1k","item":"https:\/\/www.danubia.com\/hu\/szabadalmak-es-hasznalati-mintak\/"},{"@type":"ListItem","position":3,"name":"Jogvit\u00e1k"}]},{"@type":"WebSite","@id":"https:\/\/www.danubia.com\/#website","url":"https:\/\/www.danubia.com\/","name":"Danubia","description":"","potentialAction":[{"@type":"SearchAction","target":{"@type":"EntryPoint","urlTemplate":"https:\/\/www.danubia.com\/?s={search_term_string}"},"query-input":{"@type":"PropertyValueSpecification","valueRequired":true,"valueName":"search_term_string"}}],"inLanguage":"hu"}]}},"_links":{"self":[{"href":"https:\/\/www.danubia.com\/hu\/wp-json\/wp\/v2\/pages\/1066","targetHints":{"allow":["GET"]}}],"collection":[{"href":"https:\/\/www.danubia.com\/hu\/wp-json\/wp\/v2\/pages"}],"about":[{"href":"https:\/\/www.danubia.com\/hu\/wp-json\/wp\/v2\/types\/page"}],"author":[{"embeddable":true,"href":"https:\/\/www.danubia.com\/hu\/wp-json\/wp\/v2\/users\/1"}],"replies":[{"embeddable":true,"href":"https:\/\/www.danubia.com\/hu\/wp-json\/wp\/v2\/comments?post=1066"}],"version-history":[{"count":8,"href":"https:\/\/www.danubia.com\/hu\/wp-json\/wp\/v2\/pages\/1066\/revisions"}],"predecessor-version":[{"id":3724,"href":"https:\/\/www.danubia.com\/hu\/wp-json\/wp\/v2\/pages\/1066\/revisions\/3724"}],"up":[{"embeddable":true,"href":"https:\/\/www.danubia.com\/hu\/wp-json\/wp\/v2\/pages\/1060"}],"wp:attachment":[{"href":"https:\/\/www.danubia.com\/hu\/wp-json\/wp\/v2\/media?parent=1066"}],"curies":[{"name":"wp","href":"https:\/\/api.w.org\/{rel}","templated":true}]}}