
{"id":1087,"date":"2019-07-11T06:52:24","date_gmt":"2019-07-11T06:52:24","guid":{"rendered":"https:\/\/www.danubia.com\/?page_id=1087"},"modified":"2020-02-05T15:40:12","modified_gmt":"2020-02-05T15:40:12","slug":"korabbi-jogok-kutatasa","status":"publish","type":"page","link":"https:\/\/www.danubia.com\/hu\/vedjegyek-es-formatervezesi-mintak\/korabbi-jogok-kutatasa\/","title":{"rendered":"Kor\u00e1bbi jogok kutat\u00e1sa"},"content":{"rendered":"<p>[et_pb_section fb_built=&#8221;1&#8243; _builder_version=&#8221;3.22&#8243; background_image=&#8221;https:\/\/www.danubia.com\/wp-content\/uploads\/2019\/04\/Danube-Budapest5.jpg&#8221; custom_padding=&#8221;0px||0px|&#8221; z_index_tablet=&#8221;500&#8243;][et_pb_row use_custom_gutter=&#8221;on&#8221; gutter_width=&#8221;1&#8243; custom_padding_last_edited=&#8221;on|desktop&#8221; module_class=&#8221; et_pb_row_fullwidth et_pb_row_fullwidth et_pb_row_fullwidth et_pb_row_fullwidth et_pb_row_fullwidth et_pb_row_fullwidth et_pb_row_fullwidth et_pb_row_fullwidth et_pb_row_fullwidth et_pb_row_fullwidth et_pb_row_fullwidth et_pb_row_fullwidth&#8221; _builder_version=&#8221;3.25&#8243; background_color=&#8221;rgba(0,0,0,0.2)&#8221; background_size=&#8221;initial&#8221; background_position=&#8221;top_left&#8221; background_repeat=&#8221;repeat&#8221; width=&#8221;100%&#8221; width_tablet=&#8221;100%&#8221; width_phone=&#8221;&#8221; width_last_edited=&#8221;on|desktop&#8221; max_width=&#8221;100%&#8221; max_width_tablet=&#8221;100%&#8221; max_width_phone=&#8221;&#8221; max_width_last_edited=&#8221;on|desktop&#8221; custom_padding=&#8221;80px||80px|&#8221; custom_padding_tablet=&#8221;&#8221; custom_padding_phone=&#8221;50px||50px|&#8221; animation_style=&#8221;fade&#8221; animation_delay=&#8221;500ms&#8221; z_index_tablet=&#8221;500&#8243; make_fullwidth=&#8221;on&#8221;][et_pb_column type=&#8221;4_4&#8243; _builder_version=&#8221;3.0.47&#8243; custom_padding=&#8221;|||&#8221; custom_padding__hover=&#8221;|||&#8221;][et_pb_text _builder_version=&#8221;3.27.4&#8243; text_font=&#8221;Raleway|700|||||||&#8221; text_text_color=&#8221;#ffffff&#8221; text_font_size=&#8221;36px&#8221; header_font=&#8221;Raleway|700||on|||||&#8221; header_text_align=&#8221;center&#8221; header_text_color=&#8221;#ffffff&#8221; header_font_size=&#8221;36px&#8221; header_line_height=&#8221;1.4em&#8221; text_orientation=&#8221;center&#8221; z_index_tablet=&#8221;500&#8243; text_font_size_tablet=&#8221;30px&#8221; text_font_size_phone=&#8221;22px&#8221; text_font_size_last_edited=&#8221;on|phone&#8221; header_font_size_tablet=&#8221;30px&#8221; header_font_size_phone=&#8221;22px&#8221; header_font_size_last_edited=&#8221;on|desktop&#8221;]<\/p>\n<h1>V\u00c9DJEGYEK \u00c9S FORMATERVEZ\u00c9SI MINT\u00c1K<\/h1>\n<p>[\/et_pb_text][\/et_pb_column][\/et_pb_row][\/et_pb_section][et_pb_section fb_built=&#8221;1&#8243; _builder_version=&#8221;3.22&#8243;][et_pb_row _builder_version=&#8221;3.25&#8243; background_size=&#8221;initial&#8221; background_position=&#8221;top_left&#8221; background_repeat=&#8221;repeat&#8221;][et_pb_column type=&#8221;4_4&#8243; _builder_version=&#8221;3.0.47&#8243; custom_padding=&#8221;|||&#8221; custom_padding__hover=&#8221;|||&#8221;][et_pb_text _builder_version=&#8221;3.27.4&#8243; text_font=&#8221;Raleway|700||on|||||&#8221; text_text_color=&#8221;#a6192e&#8221; text_font_size=&#8221;36px&#8221; header_font=&#8221;Raleway|700||on|||||&#8221; header_text_align=&#8221;center&#8221; header_text_color=&#8221;#ffffff&#8221; header_font_size=&#8221;50px&#8221; header_2_font=&#8221;Raleway|700|||||||&#8221; header_2_text_align=&#8221;left&#8221; header_2_text_color=&#8221;#a6192e&#8221; header_2_font_size=&#8221;36px&#8221; custom_margin=&#8221;||0px|&#8221; custom_padding=&#8221;||0px|&#8221; z_index_tablet=&#8221;500&#8243; text_font_size_tablet=&#8221;30px&#8221; text_font_size_phone=&#8221;22px&#8221; text_font_size_last_edited=&#8221;on|desktop&#8221; header_font_size_tablet=&#8221;30px&#8221; header_font_size_phone=&#8221;22px&#8221; header_font_size_last_edited=&#8221;on|desktop&#8221; header_2_font_size_tablet=&#8221;30px&#8221; header_2_font_size_phone=&#8221;22px&#8221; header_2_font_size_last_edited=&#8221;on|phone&#8221;]<\/p>\n<h2>Kor\u00e1bbi jogok kutat\u00e1sa<\/h2>\n<p>[\/et_pb_text][et_pb_divider color=&#8221;#63666a&#8221; divider_position=&#8221;center&#8221; divider_weight=&#8221;3&#8243; _builder_version=&#8221;3.21.1&#8243; max_width=&#8221;50px&#8221; module_alignment=&#8221;left&#8221; height=&#8221;0px&#8221; custom_margin=&#8221;15px|||&#8221; animation_style=&#8221;zoom&#8221; z_index_tablet=&#8221;500&#8243;][\/et_pb_divider][\/et_pb_column][\/et_pb_row][et_pb_row _builder_version=&#8221;3.25&#8243; background_size=&#8221;initial&#8221; background_position=&#8221;top_left&#8221; background_repeat=&#8221;repeat&#8221; column_structure=&#8221;3_4,1_4&#8243;][et_pb_column type=&#8221;3_4&#8243; _builder_version=&#8221;3.0.47&#8243; custom_padding=&#8221;|||&#8221; custom_padding__hover=&#8221;|||&#8221;][et_pb_text _builder_version=&#8221;3.27.4&#8243; text_orientation=&#8221;justified&#8221; z_index_tablet=&#8221;500&#8243;]<\/p>\n<p>Egy adott megjel\u00f6l\u00e9s haszn\u00e1lat\u00e1nak megkezd\u00e9se, illetve a v\u00e9djegybejelent\u00e9s megt\u00e9tele el\u0151tt k\u00e9szs\u00e9ggel \u00e1llunk \u00fcgyfeleink rendelkez\u00e9s\u00e9re v\u00e9djegykutat\u00e1s elv\u00e9gz\u00e9se ter\u00e9n, melynek c\u00e9lja az esetleges kor\u00e1bbi els\u0151bbs\u00e9g\u0171 \u00fctk\u00f6z\u0151 jogok felt\u00e1r\u00e1sa \u00e9s a k\u00e9s\u0151bbi jogvit\u00e1k elker\u00fcl\u00e9se. A v\u00e9djegykutat\u00e1s sor\u00e1n szakmai csapatunk mind a hazai, mind a k\u00fclf\u00f6ldi v\u00e9djegyadatb\u00e1zisokban v\u00e9gzi a kutat\u00e1st, ide\u00e9rtve Nemzetk\u00f6zi Iroda \u00e9s az Eur\u00f3pai Uni\u00f3 Szellemi Tulajdoni Hivatala adatb\u00e1zisait \u00e9s a hazai c\u00e9gnyilv\u00e1ntart\u00e1st is.<\/p>\n<p>A v\u00e9djegykutat\u00e1s eredm\u00e9nye alapj\u00e1n alak\u00edtjuk ki jogi v\u00e9lem\u00e9ny\u00fcnket \u00fcgyfeleink sz\u00e1m\u00e1ra a v\u00e9djegy lajstromoz\u00e1si elj\u00e1r\u00e1s sikere \u00e9rdek\u00e9ben.<\/p>\n<p><strong>Kutat\u00e1ssal kapcsolatos szolg\u00e1ltat\u00e1saink a k\u00f6vetkez\u0151k:<\/strong><\/p>\n<p><span style=\"color: #a6192e;\">\u00bb<\/span> hazai \u00e9s k\u00fclf\u00f6ldi v\u00e9djegyek, v\u00e9djegybejelent\u00e9sek (azonos\/hasonl\u00f3 v\u00e9djegyek) kutat\u00e1sa;<br \/><span style=\"color: #a6192e;\">\u00bb<\/span> v\u00e9djegy-lajstromkivonatok beszerz\u00e9se;<br \/><span style=\"color: #a6192e;\">\u00bb<\/span> v\u00e9djegyhaszn\u00e1latra ir\u00e1nyul\u00f3 kutat\u00e1sok;<br \/><span style=\"color: #a6192e;\">\u00bb<\/span> c\u00e9gn\u00e9v kutat\u00e1s;<br \/><span style=\"color: #a6192e;\">\u00bb<\/span> c\u00e9gnyilv\u00e1ntart\u00e1si iratok beszerz\u00e9se.<\/p>\n<p>[\/et_pb_text][\/et_pb_column][et_pb_column type=&#8221;1_4&#8243; _builder_version=&#8221;3.0.47&#8243; custom_padding=&#8221;|||&#8221; custom_padding__hover=&#8221;|||&#8221;][et_pb_text _builder_version=&#8221;3.27.4&#8243; text_font=&#8221;|700||on|||||&#8221; text_text_color=&#8221;#a6192e&#8221; custom_margin=&#8221;||0px|&#8221; custom_padding=&#8221;||0px|&#8221; z_index_tablet=&#8221;500&#8243; border_width_bottom=&#8221;1px&#8221; border_color_bottom=&#8221;rgba(99,102,106,0.2)&#8221;]<\/p>\n<p>V\u00e9djegyek \u00e9s formatervez\u00e9si mint\u00e1k<\/p>\n<p>[\/et_pb_text][et_pb_text _builder_version=&#8221;3.29.3&#8243; text_font_size=&#8221;14px&#8221; z_index_tablet=&#8221;500&#8243; box_shadow_horizontal_tablet=&#8221;0px&#8221; box_shadow_vertical_tablet=&#8221;0px&#8221; box_shadow_blur_tablet=&#8221;40px&#8221; box_shadow_spread_tablet=&#8221;0px&#8221;]<span style=\"color: #63666a;\"><a style=\"color: #63666a;\" href=\"https:\/\/www.danubia.com\/hu\/vedjegyek-es-formatervezesi-mintak\/strategiai-tanacsadas\/\" target=\"_blank\" rel=\"noopener noreferrer\">Strat\u00e9giai tan\u00e1csad\u00e1s<\/a><\/span><br \/>\n<span style=\"color: #63666a;\"><a style=\"color: #63666a;\" href=\"https:\/\/www.danubia.com\/hu\/vedjegyek-es-formatervezesi-mintak\/jogszerzes-es-fenntartas\/\">Jogszerz\u00e9s \u00e9s fenntart\u00e1s<\/a><\/span><br \/>\n<span style=\"color: #63666a;\"><a style=\"color: #63666a;\" href=\"https:\/\/www.danubia.com\/hu\/vedjegyek-es-formatervezesi-mintak\/jogvitak\/\">Jogvit\u00e1k<\/a><\/span><br \/>\n<span style=\"color: #63666a;\"><a style=\"color: #63666a;\" href=\"https:\/\/www.danubia.com\/hu\/vedjegyek-es-formatervezesi-mintak\/korabbi-jogok-kutatasa\/\">Kor\u00e1bbi jogok kutat\u00e1sa<\/a><\/span><br \/>\n<span style=\"color: #63666a;\"><a style=\"color: #63666a;\" href=\"https:\/\/www.danubia.com\/hu\/vedjegyek-es-formatervezesi-mintak\/vamfigyeles\/\" rel=\"noopener noreferrer\">V\u00e1mfigyel\u00e9s<\/a><\/span><br \/>\n[\/et_pb_text][et_pb_text _builder_version=&#8221;3.27.4&#8243; text_font=&#8221;|700||on|||||&#8221; text_text_color=&#8221;#a6192e&#8221; custom_margin=&#8221;||0px|&#8221; custom_padding=&#8221;||0px|&#8221; z_index_tablet=&#8221;500&#8243; border_width_bottom=&#8221;1px&#8221; border_color_bottom=&#8221;rgba(99,102,106,0.2)&#8221;]<\/p>\n<p>Tov\u00e1bbi inform\u00e1ci\u00f3 a szolg\u00e1ltat\u00e1shoz<\/p>\n<p>[\/et_pb_text][et_pb_text _builder_version=&#8221;3.27.4&#8243; text_font_size=&#8221;14px&#8221; z_index_tablet=&#8221;500&#8243;]<\/p>\n<p><span style=\"color: #63666a;\"><a style=\"color: #63666a;\" href=\"tel:+3614118700\">+ 36 1 411 8700<\/a><\/span><br \/><span style=\"color: #63666a;\"><a style=\"color: #63666a;\" href=\"mailto:central@danubia.hu\">central@danubia.hu<\/a><\/span><\/p>\n<p>[\/et_pb_text][\/et_pb_column][\/et_pb_row][\/et_pb_section]<\/p>\n","protected":false},"excerpt":{"rendered":"<p>V\u00c9DJEGYEK \u00c9S FORMATERVEZ\u00c9SI MINT\u00c1K Kor\u00e1bbi jogok kutat\u00e1sa Egy adott megjel\u00f6l\u00e9s haszn\u00e1lat\u00e1nak megkezd\u00e9se, illetve a v\u00e9djegybejelent\u00e9s megt\u00e9tele el\u0151tt k\u00e9szs\u00e9ggel \u00e1llunk \u00fcgyfeleink rendelkez\u00e9s\u00e9re v\u00e9djegykutat\u00e1s elv\u00e9gz\u00e9se ter\u00e9n, melynek c\u00e9lja az esetleges kor\u00e1bbi els\u0151bbs\u00e9g\u0171 \u00fctk\u00f6z\u0151 jogok felt\u00e1r\u00e1sa \u00e9s a k\u00e9s\u0151bbi jogvit\u00e1k elker\u00fcl\u00e9se. A v\u00e9djegykutat\u00e1s sor\u00e1n szakmai csapatunk mind a hazai, mind a k\u00fclf\u00f6ldi v\u00e9djegyadatb\u00e1zisokban v\u00e9gzi a kutat\u00e1st, ide\u00e9rtve Nemzetk\u00f6zi [&hellip;]<\/p>\n","protected":false},"author":1,"featured_media":0,"parent":1079,"menu_order":0,"comment_status":"closed","ping_status":"closed","template":"","meta":{"_et_pb_use_builder":"on","_et_pb_old_content":"","_et_gb_content_width":"","footnotes":""},"class_list":["post-1087","page","type-page","status-publish","hentry"],"yoast_head":"<!-- This site is optimized with the Yoast SEO plugin v27.0 - https:\/\/yoast.com\/product\/yoast-seo-wordpress\/ -->\n<title>V\u00e9djegykutat\u00e1s - V\u00e9djegyek \u00e9s formatervez\u00e9si mint\u00e1k<\/title>\n<meta name=\"description\" content=\"V\u00e9djegykutat\u00e1s a v\u00e9djegybejelent\u00e9s megt\u00e9tele, v\u00e9djegyeztet\u00e9s el\u0151tt. Hazai, k\u00fclf\u00f6ldi v\u00e9djegyek, EU v\u00e9djegyek, v\u00e9djegybejelent\u00e9sek kutat\u00e1sa.\" \/>\n<meta name=\"robots\" content=\"index, follow, max-snippet:-1, max-image-preview:large, max-video-preview:-1\" \/>\n<link rel=\"canonical\" href=\"https:\/\/www.danubia.com\/hu\/vedjegyek-es-formatervezesi-mintak\/korabbi-jogok-kutatasa\/\" \/>\n<meta property=\"og:locale\" content=\"hu_HU\" \/>\n<meta property=\"og:type\" content=\"article\" \/>\n<meta property=\"og:title\" content=\"V\u00e9djegykutat\u00e1s - V\u00e9djegyek \u00e9s formatervez\u00e9si mint\u00e1k\" \/>\n<meta property=\"og:description\" content=\"V\u00e9djegykutat\u00e1s a v\u00e9djegybejelent\u00e9s megt\u00e9tele, v\u00e9djegyeztet\u00e9s el\u0151tt. Hazai, k\u00fclf\u00f6ldi v\u00e9djegyek, EU v\u00e9djegyek, v\u00e9djegybejelent\u00e9sek kutat\u00e1sa.\" \/>\n<meta property=\"og:url\" content=\"https:\/\/www.danubia.com\/hu\/vedjegyek-es-formatervezesi-mintak\/korabbi-jogok-kutatasa\/\" \/>\n<meta property=\"og:site_name\" content=\"Danubia\" \/>\n<meta property=\"article:modified_time\" content=\"2020-02-05T15:40:12+00:00\" \/>\n<meta property=\"og:image\" content=\"https:\/\/www.danubia.com\/wp-content\/uploads\/2019\/11\/Danubia-og-hu.jpg\" \/>\n\t<meta property=\"og:image:width\" content=\"1125\" \/>\n\t<meta property=\"og:image:height\" content=\"633\" \/>\n\t<meta property=\"og:image:type\" content=\"image\/jpeg\" \/>\n<meta name=\"twitter:card\" content=\"summary_large_image\" \/>\n<meta name=\"twitter:label1\" content=\"Becs\u00fclt olvas\u00e1si id\u0151\" \/>\n\t<meta name=\"twitter:data1\" content=\"4 perc\" \/>\n<script type=\"application\/ld+json\" class=\"yoast-schema-graph\">{\"@context\":\"https:\/\/schema.org\",\"@graph\":[{\"@type\":\"WebPage\",\"@id\":\"https:\/\/www.danubia.com\/hu\/vedjegyek-es-formatervezesi-mintak\/korabbi-jogok-kutatasa\/\",\"url\":\"https:\/\/www.danubia.com\/hu\/vedjegyek-es-formatervezesi-mintak\/korabbi-jogok-kutatasa\/\",\"name\":\"V\u00e9djegykutat\u00e1s - V\u00e9djegyek \u00e9s formatervez\u00e9si mint\u00e1k\",\"isPartOf\":{\"@id\":\"https:\/\/www.danubia.com\/#website\"},\"datePublished\":\"2019-07-11T06:52:24+00:00\",\"dateModified\":\"2020-02-05T15:40:12+00:00\",\"description\":\"V\u00e9djegykutat\u00e1s a v\u00e9djegybejelent\u00e9s megt\u00e9tele, v\u00e9djegyeztet\u00e9s el\u0151tt. Hazai, k\u00fclf\u00f6ldi v\u00e9djegyek, EU v\u00e9djegyek, v\u00e9djegybejelent\u00e9sek kutat\u00e1sa.\",\"breadcrumb\":{\"@id\":\"https:\/\/www.danubia.com\/hu\/vedjegyek-es-formatervezesi-mintak\/korabbi-jogok-kutatasa\/#breadcrumb\"},\"inLanguage\":\"hu\",\"potentialAction\":[{\"@type\":\"ReadAction\",\"target\":[\"https:\/\/www.danubia.com\/hu\/vedjegyek-es-formatervezesi-mintak\/korabbi-jogok-kutatasa\/\"]}]},{\"@type\":\"BreadcrumbList\",\"@id\":\"https:\/\/www.danubia.com\/hu\/vedjegyek-es-formatervezesi-mintak\/korabbi-jogok-kutatasa\/#breadcrumb\",\"itemListElement\":[{\"@type\":\"ListItem\",\"position\":1,\"name\":\"Home\",\"item\":\"https:\/\/www.danubia.com\/hu\/\"},{\"@type\":\"ListItem\",\"position\":2,\"name\":\"V\u00e9djegyek \u00e9s formatervez\u00e9si mint\u00e1k\",\"item\":\"https:\/\/www.danubia.com\/hu\/vedjegyek-es-formatervezesi-mintak\/\"},{\"@type\":\"ListItem\",\"position\":3,\"name\":\"Kor\u00e1bbi jogok kutat\u00e1sa\"}]},{\"@type\":\"WebSite\",\"@id\":\"https:\/\/www.danubia.com\/#website\",\"url\":\"https:\/\/www.danubia.com\/\",\"name\":\"Danubia\",\"description\":\"\",\"potentialAction\":[{\"@type\":\"SearchAction\",\"target\":{\"@type\":\"EntryPoint\",\"urlTemplate\":\"https:\/\/www.danubia.com\/?s={search_term_string}\"},\"query-input\":{\"@type\":\"PropertyValueSpecification\",\"valueRequired\":true,\"valueName\":\"search_term_string\"}}],\"inLanguage\":\"hu\"}]}<\/script>\n<!-- \/ Yoast SEO plugin. -->","yoast_head_json":{"title":"V\u00e9djegykutat\u00e1s - V\u00e9djegyek \u00e9s formatervez\u00e9si mint\u00e1k","description":"V\u00e9djegykutat\u00e1s a v\u00e9djegybejelent\u00e9s megt\u00e9tele, v\u00e9djegyeztet\u00e9s el\u0151tt. Hazai, k\u00fclf\u00f6ldi v\u00e9djegyek, EU v\u00e9djegyek, v\u00e9djegybejelent\u00e9sek kutat\u00e1sa.","robots":{"index":"index","follow":"follow","max-snippet":"max-snippet:-1","max-image-preview":"max-image-preview:large","max-video-preview":"max-video-preview:-1"},"canonical":"https:\/\/www.danubia.com\/hu\/vedjegyek-es-formatervezesi-mintak\/korabbi-jogok-kutatasa\/","og_locale":"hu_HU","og_type":"article","og_title":"V\u00e9djegykutat\u00e1s - V\u00e9djegyek \u00e9s formatervez\u00e9si mint\u00e1k","og_description":"V\u00e9djegykutat\u00e1s a v\u00e9djegybejelent\u00e9s megt\u00e9tele, v\u00e9djegyeztet\u00e9s el\u0151tt. Hazai, k\u00fclf\u00f6ldi v\u00e9djegyek, EU v\u00e9djegyek, v\u00e9djegybejelent\u00e9sek kutat\u00e1sa.","og_url":"https:\/\/www.danubia.com\/hu\/vedjegyek-es-formatervezesi-mintak\/korabbi-jogok-kutatasa\/","og_site_name":"Danubia","article_modified_time":"2020-02-05T15:40:12+00:00","og_image":[{"width":1125,"height":633,"url":"https:\/\/www.danubia.com\/wp-content\/uploads\/2019\/11\/Danubia-og-hu.jpg","type":"image\/jpeg"}],"twitter_card":"summary_large_image","twitter_misc":{"Becs\u00fclt olvas\u00e1si id\u0151":"4 perc"},"schema":{"@context":"https:\/\/schema.org","@graph":[{"@type":"WebPage","@id":"https:\/\/www.danubia.com\/hu\/vedjegyek-es-formatervezesi-mintak\/korabbi-jogok-kutatasa\/","url":"https:\/\/www.danubia.com\/hu\/vedjegyek-es-formatervezesi-mintak\/korabbi-jogok-kutatasa\/","name":"V\u00e9djegykutat\u00e1s - V\u00e9djegyek \u00e9s formatervez\u00e9si mint\u00e1k","isPartOf":{"@id":"https:\/\/www.danubia.com\/#website"},"datePublished":"2019-07-11T06:52:24+00:00","dateModified":"2020-02-05T15:40:12+00:00","description":"V\u00e9djegykutat\u00e1s a v\u00e9djegybejelent\u00e9s megt\u00e9tele, v\u00e9djegyeztet\u00e9s el\u0151tt. Hazai, k\u00fclf\u00f6ldi v\u00e9djegyek, EU v\u00e9djegyek, v\u00e9djegybejelent\u00e9sek kutat\u00e1sa.","breadcrumb":{"@id":"https:\/\/www.danubia.com\/hu\/vedjegyek-es-formatervezesi-mintak\/korabbi-jogok-kutatasa\/#breadcrumb"},"inLanguage":"hu","potentialAction":[{"@type":"ReadAction","target":["https:\/\/www.danubia.com\/hu\/vedjegyek-es-formatervezesi-mintak\/korabbi-jogok-kutatasa\/"]}]},{"@type":"BreadcrumbList","@id":"https:\/\/www.danubia.com\/hu\/vedjegyek-es-formatervezesi-mintak\/korabbi-jogok-kutatasa\/#breadcrumb","itemListElement":[{"@type":"ListItem","position":1,"name":"Home","item":"https:\/\/www.danubia.com\/hu\/"},{"@type":"ListItem","position":2,"name":"V\u00e9djegyek \u00e9s formatervez\u00e9si mint\u00e1k","item":"https:\/\/www.danubia.com\/hu\/vedjegyek-es-formatervezesi-mintak\/"},{"@type":"ListItem","position":3,"name":"Kor\u00e1bbi jogok kutat\u00e1sa"}]},{"@type":"WebSite","@id":"https:\/\/www.danubia.com\/#website","url":"https:\/\/www.danubia.com\/","name":"Danubia","description":"","potentialAction":[{"@type":"SearchAction","target":{"@type":"EntryPoint","urlTemplate":"https:\/\/www.danubia.com\/?s={search_term_string}"},"query-input":{"@type":"PropertyValueSpecification","valueRequired":true,"valueName":"search_term_string"}}],"inLanguage":"hu"}]}},"_links":{"self":[{"href":"https:\/\/www.danubia.com\/hu\/wp-json\/wp\/v2\/pages\/1087","targetHints":{"allow":["GET"]}}],"collection":[{"href":"https:\/\/www.danubia.com\/hu\/wp-json\/wp\/v2\/pages"}],"about":[{"href":"https:\/\/www.danubia.com\/hu\/wp-json\/wp\/v2\/types\/page"}],"author":[{"embeddable":true,"href":"https:\/\/www.danubia.com\/hu\/wp-json\/wp\/v2\/users\/1"}],"replies":[{"embeddable":true,"href":"https:\/\/www.danubia.com\/hu\/wp-json\/wp\/v2\/comments?post=1087"}],"version-history":[{"count":10,"href":"https:\/\/www.danubia.com\/hu\/wp-json\/wp\/v2\/pages\/1087\/revisions"}],"predecessor-version":[{"id":3756,"href":"https:\/\/www.danubia.com\/hu\/wp-json\/wp\/v2\/pages\/1087\/revisions\/3756"}],"up":[{"embeddable":true,"href":"https:\/\/www.danubia.com\/hu\/wp-json\/wp\/v2\/pages\/1079"}],"wp:attachment":[{"href":"https:\/\/www.danubia.com\/hu\/wp-json\/wp\/v2\/media?parent=1087"}],"curies":[{"name":"wp","href":"https:\/\/api.w.org\/{rel}","templated":true}]}}