{"id":1164,"date":"2019-07-11T07:57:37","date_gmt":"2019-07-11T07:57:37","guid":{"rendered":"https:\/\/www.danubia.com\/?page_id=1164"},"modified":"2020-02-05T15:36:21","modified_gmt":"2020-02-05T15:36:21","slug":"adatvedelem-gdpr","status":"publish","type":"page","link":"https:\/\/www.danubia.com\/hu\/tovabbi-jogi-szolgaltatasok\/adatvedelem-gdpr\/","title":{"rendered":"Adatv\u00e9delem, GDPR"},"content":{"rendered":"<p>[et_pb_section fb_built=&#8221;1&#8243; _builder_version=&#8221;3.22&#8243; background_image=&#8221;https:\/\/www.danubia.com\/wp-content\/uploads\/2019\/04\/Danube-Budapest5.jpg&#8221; custom_padding=&#8221;0px||0px|&#8221; z_index_tablet=&#8221;500&#8243;][et_pb_row use_custom_gutter=&#8221;on&#8221; gutter_width=&#8221;1&#8243; custom_padding_last_edited=&#8221;on|desktop&#8221; module_class=&#8221; et_pb_row_fullwidth et_pb_row_fullwidth et_pb_row_fullwidth et_pb_row_fullwidth et_pb_row_fullwidth et_pb_row_fullwidth et_pb_row_fullwidth et_pb_row_fullwidth et_pb_row_fullwidth et_pb_row_fullwidth et_pb_row_fullwidth et_pb_row_fullwidth et_pb_row_fullwidth et_pb_row_fullwidth et_pb_row_fullwidth et_pb_row_fullwidth et_pb_row_fullwidth&#8221; _builder_version=&#8221;3.25&#8243; background_color=&#8221;rgba(0,0,0,0.2)&#8221; background_size=&#8221;initial&#8221; background_position=&#8221;top_left&#8221; background_repeat=&#8221;repeat&#8221; width=&#8221;100%&#8221; width_tablet=&#8221;100%&#8221; width_phone=&#8221;&#8221; width_last_edited=&#8221;on|desktop&#8221; max_width=&#8221;100%&#8221; max_width_tablet=&#8221;100%&#8221; max_width_phone=&#8221;&#8221; max_width_last_edited=&#8221;on|desktop&#8221; custom_padding=&#8221;80px||80px|&#8221; custom_padding_tablet=&#8221;&#8221; custom_padding_phone=&#8221;50px||50px|&#8221; animation_style=&#8221;fade&#8221; animation_delay=&#8221;500ms&#8221; z_index_tablet=&#8221;500&#8243; make_fullwidth=&#8221;on&#8221;][et_pb_column type=&#8221;4_4&#8243; _builder_version=&#8221;3.0.47&#8243; custom_padding=&#8221;|||&#8221; custom_padding__hover=&#8221;|||&#8221;][et_pb_text _builder_version=&#8221;3.27.4&#8243; text_font=&#8221;Raleway|700|||||||&#8221; text_text_color=&#8221;#ffffff&#8221; text_font_size=&#8221;36px&#8221; header_font=&#8221;Raleway|700||on|||||&#8221; header_text_align=&#8221;center&#8221; header_text_color=&#8221;#ffffff&#8221; header_font_size=&#8221;36px&#8221; header_line_height=&#8221;1.4em&#8221; text_orientation=&#8221;center&#8221; z_index_tablet=&#8221;500&#8243; text_font_size_tablet=&#8221;30px&#8221; text_font_size_phone=&#8221;22px&#8221; text_font_size_last_edited=&#8221;on|phone&#8221; header_font_size_tablet=&#8221;30px&#8221; header_font_size_phone=&#8221;22px&#8221; header_font_size_last_edited=&#8221;on|desktop&#8221;]<\/p>\n<h1>Tov\u00e1bbi jogter\u00fcletek<\/h1>\n<p>[\/et_pb_text][\/et_pb_column][\/et_pb_row][\/et_pb_section][et_pb_section fb_built=&#8221;1&#8243; _builder_version=&#8221;3.22&#8243;][et_pb_row _builder_version=&#8221;3.25&#8243; background_size=&#8221;initial&#8221; background_position=&#8221;top_left&#8221; background_repeat=&#8221;repeat&#8221;][et_pb_column type=&#8221;4_4&#8243; _builder_version=&#8221;3.0.47&#8243; custom_padding=&#8221;|||&#8221; custom_padding__hover=&#8221;|||&#8221;][et_pb_text _builder_version=&#8221;3.27.4&#8243; text_font=&#8221;Raleway|700||on|||||&#8221; text_text_color=&#8221;#a6192e&#8221; text_font_size=&#8221;36px&#8221; header_font=&#8221;Raleway|700||on|||||&#8221; header_text_align=&#8221;center&#8221; header_text_color=&#8221;#ffffff&#8221; header_font_size=&#8221;50px&#8221; header_2_font=&#8221;Raleway|700|||||||&#8221; header_2_text_align=&#8221;left&#8221; header_2_text_color=&#8221;#a6192e&#8221; header_2_font_size=&#8221;36px&#8221; custom_margin=&#8221;||0px|&#8221; custom_padding=&#8221;||0px|&#8221; z_index_tablet=&#8221;500&#8243; text_font_size_tablet=&#8221;30px&#8221; text_font_size_phone=&#8221;22px&#8221; text_font_size_last_edited=&#8221;on|desktop&#8221; header_font_size_tablet=&#8221;30px&#8221; header_font_size_phone=&#8221;22px&#8221; header_font_size_last_edited=&#8221;on|desktop&#8221; header_2_font_size_tablet=&#8221;30px&#8221; header_2_font_size_phone=&#8221;22px&#8221; header_2_font_size_last_edited=&#8221;on|phone&#8221;]<\/p>\n<h2>Adatv\u00e9delem, GDPR <\/h2>\n<p>[\/et_pb_text][et_pb_divider color=&#8221;#63666a&#8221; divider_position=&#8221;center&#8221; divider_weight=&#8221;3&#8243; _builder_version=&#8221;3.21.1&#8243; max_width=&#8221;50px&#8221; module_alignment=&#8221;left&#8221; height=&#8221;0px&#8221; custom_margin=&#8221;15px|||&#8221; animation_style=&#8221;zoom&#8221; z_index_tablet=&#8221;500&#8243;][\/et_pb_divider][\/et_pb_column][\/et_pb_row][et_pb_row column_structure=&#8221;3_4,1_4&#8243; _builder_version=&#8221;3.25&#8243; background_size=&#8221;initial&#8221; background_position=&#8221;top_left&#8221; background_repeat=&#8221;repeat&#8221;][et_pb_column type=&#8221;3_4&#8243; _builder_version=&#8221;3.0.47&#8243; custom_padding=&#8221;|||&#8221; custom_padding__hover=&#8221;|||&#8221;][et_pb_text _builder_version=&#8221;3.27.4&#8243; text_orientation=&#8221;justified&#8221; z_index_tablet=&#8221;500&#8243;]<\/p>\n<p>Az adatv\u00e9delemmel, inform\u00e1ci\u00f3s \u00f6nrendelkez\u00e9si joggal kapcsolatban els\u0151sorban tan\u00e1csad\u00e1si szolg\u00e1ltat\u00e1st ny\u00fajtunk \u00e9s az adatv\u00e9delmi nyilv\u00e1ntart\u00e1sba t\u00f6rt\u00e9n\u0151 bejelentkez\u00e9sben m\u0171k\u00f6d\u00fcnk k\u00f6zre. Rendszeresen k\u00e9sz\u00edt\u00fcnk adatkezel\u00e9si, adatbiztons\u00e1gi, adatv\u00e9delmi szab\u00e1lyzatokat honlapok, web\u00e1ruh\u00e1zak, on-line szolg\u00e1ltat\u00f3k sz\u00e1m\u00e1ra \u00e9s komplex adatv\u00e9delmi auditokat is k\u00e9sz\u00edt\u00fcnk, amelynek keret\u00e9ben \u00fcgyfeleink online \u00e9s offline m\u0171k\u00f6d\u00e9s\u00e9nek valamennyi adatv\u00e9delmi aspektus\u00e1t megvizsg\u00e1ljuk \u00e9s a vizsg\u00e1lat eredm\u00e9ny\u00e9t\u0151l f\u00fcgg\u0151en javaslatot tesz\u00fcnk annak m\u00f3dos\u00edt\u00e1s\u00e1ra.<\/p>\n<p>\u00dczleti titokkal, banktitokkal, szolg\u00e1lati titokkal kapcsolatos praxisunk is sz\u00e1mottev\u0151, illetve j\u00e1rtasak vagyunk titoktart\u00e1si, versenykiz\u00e1r\u00e1si nyilatkozatok \u00e9s szerz\u0151d\u00e9sek elk\u00e9sz\u00edt\u00e9s\u00e9ben is.<\/p>\n<p>[\/et_pb_text][\/et_pb_column][et_pb_column type=&#8221;1_4&#8243; _builder_version=&#8221;3.0.47&#8243; custom_padding=&#8221;|||&#8221; custom_padding__hover=&#8221;|||&#8221;][et_pb_text _builder_version=&#8221;3.27.4&#8243; text_font=&#8221;|700||on|||||&#8221; text_text_color=&#8221;#a6192e&#8221; custom_margin=&#8221;||0px|&#8221; custom_padding=&#8221;||0px|&#8221; z_index_tablet=&#8221;500&#8243; border_width_bottom=&#8221;1px&#8221; border_color_bottom=&#8221;rgba(99,102,106,0.2)&#8221;]<\/p>\n<p>Tov\u00e1bbi jogi szolg\u00e1ltat\u00e1sok<\/p>\n<p>[\/et_pb_text][et_pb_text admin_label=&#8221;TOV\u00c1BBI JOGI SZOLG\u00c1LTAT\u00c1SOK&#8221; _builder_version=&#8221;3.29.3&#8243; text_font_size=&#8221;14px&#8221; z_index_tablet=&#8221;500&#8243; box_shadow_horizontal_tablet=&#8221;0px&#8221; box_shadow_vertical_tablet=&#8221;0px&#8221; box_shadow_blur_tablet=&#8221;40px&#8221; box_shadow_spread_tablet=&#8221;0px&#8221;]<span style=\"color: #63666a;\"><a style=\"color: #63666a;\" href=\"https:\/\/www.danubia.com\/hu\/tovabbi-jogi-szolgaltatasok\/jellegbitorlas-es-tisztessegtelen-verseny\/\">Jellegbitorl\u00e1s \u00e9s tisztess\u00e9gtelen verseny<\/a><\/span><br \/>\n<span style=\"color: #63666a;\"><a style=\"color: #63666a;\" href=\"https:\/\/www.danubia.com\/hu\/tovabbi-jogi-szolgaltatasok\/elettudomanyok-es-gyogyszerjog\/\">\u00c9lettudom\u00e1nyok \u00e9s gy\u00f3gyszerjog<\/a><\/span><br \/>\n<span style=\"color: #63666a;\"><a style=\"color: #63666a;\" href=\"https:\/\/www.danubia.com\/hu\/tovabbi-jogi-szolgaltatasok\/domain-nev-elleni-felszolalas-es-alternativ-vitarendezesi-eljarasok\/\">Domain n\u00e9v elleni felsz\u00f3lal\u00e1s \u00e9s alternat\u00edv vitarendez\u00e9si elj\u00e1r\u00e1sok<\/a><\/span><br \/>\n<span style=\"color: #63666a;\"><a style=\"color: #63666a;\" href=\"https:\/\/www.danubia.com\/hu\/tovabbi-jogi-szolgaltatasok\/ip-szerzodesek\/\">IP szerz\u0151d\u00e9sek<\/a><\/span><br \/>\n<span style=\"color: #63666a;\"><a style=\"color: #63666a;\" href=\"https:\/\/www.danubia.com\/hu\/tovabbi-jogi-szolgaltatasok\/szerzoi-jogi-es-szoftverrel-kapcsolatos-jogvitak\/\">Szerz\u0151i jogi \u00e9s szoftverrel kapcsolatos jogvit\u00e1k<\/a><\/span><br \/>\n[\/et_pb_text][et_pb_text _builder_version=&#8221;3.27.4&#8243; text_font=&#8221;|700||on|||||&#8221; text_text_color=&#8221;#a6192e&#8221; custom_margin=&#8221;||0px|&#8221; custom_padding=&#8221;||0px|&#8221; z_index_tablet=&#8221;500&#8243; border_width_bottom=&#8221;1px&#8221; border_color_bottom=&#8221;rgba(99,102,106,0.2)&#8221;]<\/p>\n<p>Tov\u00e1bbi jogter\u00fcletek<\/p>\n<p>[\/et_pb_text][et_pb_text admin_label=&#8221;TOV\u00c1BBI JOGTER\u00dcLETEK&#8221; _builder_version=&#8221;3.29.3&#8243; text_font_size=&#8221;14px&#8221; z_index_tablet=&#8221;500&#8243; box_shadow_horizontal_tablet=&#8221;0px&#8221; box_shadow_vertical_tablet=&#8221;0px&#8221; box_shadow_blur_tablet=&#8221;40px&#8221; box_shadow_spread_tablet=&#8221;0px&#8221;]<\/p>\n<p><span style=\"color: #63666a;\"><a style=\"color: #63666a;\" href=\"https:\/\/www.danubia.com\/hu\/tovabbi-jogi-szolgaltatasok\/adatvedelem-gdpr\/\">Adatv\u00e9delem, GDPR<\/a><\/span><br \/><span style=\"color: #63666a;\"><a style=\"color: #63666a;\" href=\"https:\/\/www.danubia.com\/hu\/tovabbi-jogi-szolgaltatasok\/adojog\/\">Ad\u00f3jog<\/a><\/span><br \/><span style=\"color: #63666a;\"><a style=\"color: #63666a;\" href=\"https:\/\/www.danubia.com\/hu\/tovabbi-jogi-szolgaltatasok\/tarsasagi-jog\/\">T\u00e1rsas\u00e1gi jog<\/a><\/span><br \/><span style=\"color: #63666a;\"><a style=\"color: #63666a;\" href=\"https:\/\/www.danubia.com\/hu\/tovabbi-jogi-szolgaltatasok\/kereskedelmi-jog\/\">Kereskedelmi jog<\/a><\/span><br \/><span style=\"color: #63666a;\"><a style=\"color: #63666a;\" href=\"https:\/\/www.danubia.com\/hu\/tovabbi-jogi-szolgaltatasok\/fogyasztovedelem-es-reklamjog\/\">Fogyaszt\u00f3v\u00e9delem \u00e9s rekl\u00e1mjog<\/a><\/span><br \/><span style=\"color: #63666a;\"><a style=\"color: #63666a;\" href=\"https:\/\/www.danubia.com\/hu\/tovabbi-jogi-szolgaltatasok\/ingatlanjog\/\">Ingatlanjog<\/a><\/span><br \/><span style=\"color: #63666a;\"><a style=\"color: #63666a;\" href=\"https:\/\/www.danubia.com\/hu\/tovabbi-jogi-szolgaltatasok\/hu\/uzleti-mediacio\/\">\u00dczleti Medi\u00e1ci\u00f3<\/a><\/span><\/p>\n<p>[\/et_pb_text][et_pb_text _builder_version=&#8221;3.29.3&#8243; text_font=&#8221;|700||on|||||&#8221; text_text_color=&#8221;#a6192e&#8221; custom_margin=&#8221;||0px|&#8221; custom_padding=&#8221;||0px|&#8221; z_index_tablet=&#8221;500&#8243; border_width_bottom=&#8221;1px&#8221; border_color_bottom=&#8221;rgba(99,102,106,0.2)&#8221; border_width_bottom_tablet=&#8221;1px&#8221; border_width_bottom_phone=&#8221;1px&#8221; box_shadow_horizontal_tablet=&#8221;0px&#8221; box_shadow_vertical_tablet=&#8221;0px&#8221; box_shadow_blur_tablet=&#8221;40px&#8221; box_shadow_spread_tablet=&#8221;0px&#8221;]<\/p>\n<p>Tov\u00e1bbi inform\u00e1ci\u00f3 a szolg\u00e1ltat\u00e1shoz<\/p>\n<p>[\/et_pb_text][et_pb_text _builder_version=&#8221;3.27.4&#8243; text_font_size=&#8221;14px&#8221; z_index_tablet=&#8221;500&#8243;]<\/p>\n<p><span style=\"color: #63666a;\"><a style=\"color: #63666a;\" href=\"tel:+3614118875\">+ 36 1 411 8875<\/a><\/span><br \/><span style=\"color: #63666a;\"><a style=\"color: #63666a;\" href=\"mailto:office@danubialegal.hu\">office@danubialegal.hu<\/a><\/span><\/p>\n<p>[\/et_pb_text][\/et_pb_column][\/et_pb_row][\/et_pb_section]<\/p>\n","protected":false},"excerpt":{"rendered":"<p>Tov\u00e1bbi jogter\u00fcletek Adatv\u00e9delem, GDPR Az adatv\u00e9delemmel, inform\u00e1ci\u00f3s \u00f6nrendelkez\u00e9si joggal kapcsolatban els\u0151sorban tan\u00e1csad\u00e1si szolg\u00e1ltat\u00e1st ny\u00fajtunk \u00e9s az adatv\u00e9delmi nyilv\u00e1ntart\u00e1sba t\u00f6rt\u00e9n\u0151 bejelentkez\u00e9sben m\u0171k\u00f6d\u00fcnk k\u00f6zre. Rendszeresen k\u00e9sz\u00edt\u00fcnk adatkezel\u00e9si, adatbiztons\u00e1gi, adatv\u00e9delmi szab\u00e1lyzatokat honlapok, web\u00e1ruh\u00e1zak, on-line szolg\u00e1ltat\u00f3k sz\u00e1m\u00e1ra \u00e9s komplex adatv\u00e9delmi auditokat is k\u00e9sz\u00edt\u00fcnk, amelynek keret\u00e9ben \u00fcgyfeleink online \u00e9s offline m\u0171k\u00f6d\u00e9s\u00e9nek valamennyi adatv\u00e9delmi aspektus\u00e1t megvizsg\u00e1ljuk \u00e9s a vizsg\u00e1lat eredm\u00e9ny\u00e9t\u0151l f\u00fcgg\u0151en [&hellip;]<\/p>\n","protected":false},"author":1,"featured_media":0,"parent":1104,"menu_order":0,"comment_status":"closed","ping_status":"closed","template":"","meta":{"_et_pb_use_builder":"on","_et_pb_old_content":"","_et_gb_content_width":"","footnotes":""},"class_list":["post-1164","page","type-page","status-publish","hentry"],"yoast_head":"<!-- This site is optimized with the Yoast SEO plugin v27.3 - https:\/\/yoast.com\/product\/yoast-seo-wordpress\/ -->\n<title>Adatv\u00e9delem, GDPR - \u00dcgyv\u00e9di tev\u00e9kenys\u00e9g, jogi szolg\u00e1ltat\u00e1sok<\/title>\n<meta name=\"description\" content=\"Adatkezel\u00e9si, adatbiztons\u00e1gi, adatv\u00e9delmi szab\u00e1lyzatok, adatv\u00e9delmi auditok, titoktart\u00e1si, versenykiz\u00e1r\u00e1si szerz\u0151d\u00e9sek k\u00e9sz\u00edt\u00e9se. \u00dcgyv\u00e9d, adatv\u00e9delem.\" \/>\n<meta name=\"robots\" content=\"index, follow, max-snippet:-1, max-image-preview:large, max-video-preview:-1\" \/>\n<link rel=\"canonical\" href=\"https:\/\/www.danubia.com\/hu\/tovabbi-jogi-szolgaltatasok\/adatvedelem-gdpr\/\" \/>\n<meta property=\"og:locale\" content=\"hu_HU\" \/>\n<meta property=\"og:type\" content=\"article\" \/>\n<meta property=\"og:title\" content=\"Adatv\u00e9delem, GDPR - \u00dcgyv\u00e9di tev\u00e9kenys\u00e9g, jogi szolg\u00e1ltat\u00e1sok\" \/>\n<meta property=\"og:description\" content=\"Adatkezel\u00e9si, adatbiztons\u00e1gi, adatv\u00e9delmi szab\u00e1lyzatok, adatv\u00e9delmi auditok, titoktart\u00e1si, versenykiz\u00e1r\u00e1si szerz\u0151d\u00e9sek k\u00e9sz\u00edt\u00e9se. \u00dcgyv\u00e9d, adatv\u00e9delem.\" \/>\n<meta property=\"og:url\" content=\"https:\/\/www.danubia.com\/hu\/tovabbi-jogi-szolgaltatasok\/adatvedelem-gdpr\/\" \/>\n<meta property=\"og:site_name\" content=\"Danubia\" \/>\n<meta property=\"article:modified_time\" content=\"2020-02-05T15:36:21+00:00\" \/>\n<meta property=\"og:image\" content=\"https:\/\/www.danubia.com\/wp-content\/uploads\/2019\/11\/Danubia-og-hu.jpg\" \/>\n\t<meta property=\"og:image:width\" content=\"1125\" \/>\n\t<meta property=\"og:image:height\" content=\"633\" \/>\n\t<meta property=\"og:image:type\" content=\"image\/jpeg\" \/>\n<meta name=\"twitter:card\" content=\"summary_large_image\" \/>\n<meta name=\"twitter:label1\" content=\"Becs\u00fclt olvas\u00e1si id\u0151\" \/>\n\t<meta name=\"twitter:data1\" content=\"5 perc\" \/>\n<script type=\"application\/ld+json\" class=\"yoast-schema-graph\">{\"@context\":\"https:\\\/\\\/schema.org\",\"@graph\":[{\"@type\":\"WebPage\",\"@id\":\"https:\\\/\\\/www.danubia.com\\\/hu\\\/tovabbi-jogi-szolgaltatasok\\\/adatvedelem-gdpr\\\/\",\"url\":\"https:\\\/\\\/www.danubia.com\\\/hu\\\/tovabbi-jogi-szolgaltatasok\\\/adatvedelem-gdpr\\\/\",\"name\":\"Adatv\u00e9delem, GDPR - \u00dcgyv\u00e9di tev\u00e9kenys\u00e9g, jogi szolg\u00e1ltat\u00e1sok\",\"isPartOf\":{\"@id\":\"https:\\\/\\\/www.danubia.com\\\/#website\"},\"datePublished\":\"2019-07-11T07:57:37+00:00\",\"dateModified\":\"2020-02-05T15:36:21+00:00\",\"description\":\"Adatkezel\u00e9si, adatbiztons\u00e1gi, adatv\u00e9delmi szab\u00e1lyzatok, adatv\u00e9delmi auditok, titoktart\u00e1si, versenykiz\u00e1r\u00e1si szerz\u0151d\u00e9sek k\u00e9sz\u00edt\u00e9se. \u00dcgyv\u00e9d, adatv\u00e9delem.\",\"breadcrumb\":{\"@id\":\"https:\\\/\\\/www.danubia.com\\\/hu\\\/tovabbi-jogi-szolgaltatasok\\\/adatvedelem-gdpr\\\/#breadcrumb\"},\"inLanguage\":\"hu\",\"potentialAction\":[{\"@type\":\"ReadAction\",\"target\":[\"https:\\\/\\\/www.danubia.com\\\/hu\\\/tovabbi-jogi-szolgaltatasok\\\/adatvedelem-gdpr\\\/\"]}]},{\"@type\":\"BreadcrumbList\",\"@id\":\"https:\\\/\\\/www.danubia.com\\\/hu\\\/tovabbi-jogi-szolgaltatasok\\\/adatvedelem-gdpr\\\/#breadcrumb\",\"itemListElement\":[{\"@type\":\"ListItem\",\"position\":1,\"name\":\"Home\",\"item\":\"https:\\\/\\\/www.danubia.com\\\/hu\\\/\"},{\"@type\":\"ListItem\",\"position\":2,\"name\":\"Tov\u00e1bbi jogi szolg\u00e1ltat\u00e1sok\",\"item\":\"https:\\\/\\\/www.danubia.com\\\/hu\\\/tovabbi-jogi-szolgaltatasok\\\/\"},{\"@type\":\"ListItem\",\"position\":3,\"name\":\"Adatv\u00e9delem, GDPR\"}]},{\"@type\":\"WebSite\",\"@id\":\"https:\\\/\\\/www.danubia.com\\\/#website\",\"url\":\"https:\\\/\\\/www.danubia.com\\\/\",\"name\":\"Danubia\",\"description\":\"\",\"potentialAction\":[{\"@type\":\"SearchAction\",\"target\":{\"@type\":\"EntryPoint\",\"urlTemplate\":\"https:\\\/\\\/www.danubia.com\\\/?s={search_term_string}\"},\"query-input\":{\"@type\":\"PropertyValueSpecification\",\"valueRequired\":true,\"valueName\":\"search_term_string\"}}],\"inLanguage\":\"hu\"}]}<\/script>\n<!-- \/ Yoast SEO plugin. -->","yoast_head_json":{"title":"Adatv\u00e9delem, GDPR - \u00dcgyv\u00e9di tev\u00e9kenys\u00e9g, jogi szolg\u00e1ltat\u00e1sok","description":"Adatkezel\u00e9si, adatbiztons\u00e1gi, adatv\u00e9delmi szab\u00e1lyzatok, adatv\u00e9delmi auditok, titoktart\u00e1si, versenykiz\u00e1r\u00e1si szerz\u0151d\u00e9sek k\u00e9sz\u00edt\u00e9se. \u00dcgyv\u00e9d, adatv\u00e9delem.","robots":{"index":"index","follow":"follow","max-snippet":"max-snippet:-1","max-image-preview":"max-image-preview:large","max-video-preview":"max-video-preview:-1"},"canonical":"https:\/\/www.danubia.com\/hu\/tovabbi-jogi-szolgaltatasok\/adatvedelem-gdpr\/","og_locale":"hu_HU","og_type":"article","og_title":"Adatv\u00e9delem, GDPR - \u00dcgyv\u00e9di tev\u00e9kenys\u00e9g, jogi szolg\u00e1ltat\u00e1sok","og_description":"Adatkezel\u00e9si, adatbiztons\u00e1gi, adatv\u00e9delmi szab\u00e1lyzatok, adatv\u00e9delmi auditok, titoktart\u00e1si, versenykiz\u00e1r\u00e1si szerz\u0151d\u00e9sek k\u00e9sz\u00edt\u00e9se. \u00dcgyv\u00e9d, adatv\u00e9delem.","og_url":"https:\/\/www.danubia.com\/hu\/tovabbi-jogi-szolgaltatasok\/adatvedelem-gdpr\/","og_site_name":"Danubia","article_modified_time":"2020-02-05T15:36:21+00:00","og_image":[{"width":1125,"height":633,"url":"https:\/\/www.danubia.com\/wp-content\/uploads\/2019\/11\/Danubia-og-hu.jpg","type":"image\/jpeg"}],"twitter_card":"summary_large_image","twitter_misc":{"Becs\u00fclt olvas\u00e1si id\u0151":"5 perc"},"schema":{"@context":"https:\/\/schema.org","@graph":[{"@type":"WebPage","@id":"https:\/\/www.danubia.com\/hu\/tovabbi-jogi-szolgaltatasok\/adatvedelem-gdpr\/","url":"https:\/\/www.danubia.com\/hu\/tovabbi-jogi-szolgaltatasok\/adatvedelem-gdpr\/","name":"Adatv\u00e9delem, GDPR - \u00dcgyv\u00e9di tev\u00e9kenys\u00e9g, jogi szolg\u00e1ltat\u00e1sok","isPartOf":{"@id":"https:\/\/www.danubia.com\/#website"},"datePublished":"2019-07-11T07:57:37+00:00","dateModified":"2020-02-05T15:36:21+00:00","description":"Adatkezel\u00e9si, adatbiztons\u00e1gi, adatv\u00e9delmi szab\u00e1lyzatok, adatv\u00e9delmi auditok, titoktart\u00e1si, versenykiz\u00e1r\u00e1si szerz\u0151d\u00e9sek k\u00e9sz\u00edt\u00e9se. \u00dcgyv\u00e9d, adatv\u00e9delem.","breadcrumb":{"@id":"https:\/\/www.danubia.com\/hu\/tovabbi-jogi-szolgaltatasok\/adatvedelem-gdpr\/#breadcrumb"},"inLanguage":"hu","potentialAction":[{"@type":"ReadAction","target":["https:\/\/www.danubia.com\/hu\/tovabbi-jogi-szolgaltatasok\/adatvedelem-gdpr\/"]}]},{"@type":"BreadcrumbList","@id":"https:\/\/www.danubia.com\/hu\/tovabbi-jogi-szolgaltatasok\/adatvedelem-gdpr\/#breadcrumb","itemListElement":[{"@type":"ListItem","position":1,"name":"Home","item":"https:\/\/www.danubia.com\/hu\/"},{"@type":"ListItem","position":2,"name":"Tov\u00e1bbi jogi szolg\u00e1ltat\u00e1sok","item":"https:\/\/www.danubia.com\/hu\/tovabbi-jogi-szolgaltatasok\/"},{"@type":"ListItem","position":3,"name":"Adatv\u00e9delem, GDPR"}]},{"@type":"WebSite","@id":"https:\/\/www.danubia.com\/#website","url":"https:\/\/www.danubia.com\/","name":"Danubia","description":"","potentialAction":[{"@type":"SearchAction","target":{"@type":"EntryPoint","urlTemplate":"https:\/\/www.danubia.com\/?s={search_term_string}"},"query-input":{"@type":"PropertyValueSpecification","valueRequired":true,"valueName":"search_term_string"}}],"inLanguage":"hu"}]}},"_links":{"self":[{"href":"https:\/\/www.danubia.com\/hu\/wp-json\/wp\/v2\/pages\/1164","targetHints":{"allow":["GET"]}}],"collection":[{"href":"https:\/\/www.danubia.com\/hu\/wp-json\/wp\/v2\/pages"}],"about":[{"href":"https:\/\/www.danubia.com\/hu\/wp-json\/wp\/v2\/types\/page"}],"author":[{"embeddable":true,"href":"https:\/\/www.danubia.com\/hu\/wp-json\/wp\/v2\/users\/1"}],"replies":[{"embeddable":true,"href":"https:\/\/www.danubia.com\/hu\/wp-json\/wp\/v2\/comments?post=1164"}],"version-history":[{"count":12,"href":"https:\/\/www.danubia.com\/hu\/wp-json\/wp\/v2\/pages\/1164\/revisions"}],"predecessor-version":[{"id":3745,"href":"https:\/\/www.danubia.com\/hu\/wp-json\/wp\/v2\/pages\/1164\/revisions\/3745"}],"up":[{"embeddable":true,"href":"https:\/\/www.danubia.com\/hu\/wp-json\/wp\/v2\/pages\/1104"}],"wp:attachment":[{"href":"https:\/\/www.danubia.com\/hu\/wp-json\/wp\/v2\/media?parent=1164"}],"curies":[{"name":"wp","href":"https:\/\/api.w.org\/{rel}","templated":true}]}}