{"id":11793,"date":"2025-07-23T08:25:11","date_gmt":"2025-07-23T08:25:11","guid":{"rendered":"https:\/\/www.danubia.com\/?page_id=11793"},"modified":"2025-10-07T12:17:32","modified_gmt":"2025-10-07T12:17:32","slug":"dr-geyer-hirt-dora","status":"publish","type":"page","link":"https:\/\/www.danubia.com\/hu\/munkatarsaink\/dr-geyer-hirt-dora\/","title":{"rendered":"DR. GEYER-HIRT D\u00d3RA"},"content":{"rendered":"<p>[et_pb_section fb_built=&#8221;1&#8243; specialty=&#8221;on&#8221; _builder_version=&#8221;4.16&#8243; inner_max_width=&#8221;none&#8221; global_colors_info=&#8221;{}&#8221;][et_pb_column type=&#8221;1_4&#8243; _builder_version=&#8221;4.16&#8243; custom_padding=&#8221;|||&#8221; global_colors_info=&#8221;{}&#8221; custom_padding__hover=&#8221;|||&#8221;][et_pb_image src=&#8221;https:\/\/www.danubia.com\/wp-content\/uploads\/2025\/10\/Geyer-Hirt-Dora.jpg&#8221; title_text=&#8221;Geyer-Hirt-Dora&#8221; align_tablet=&#8221;center&#8221; align_phone=&#8221;&#8221; align_last_edited=&#8221;on|desktop&#8221; _builder_version=&#8221;4.27.4&#8243; custom_margin=&#8221;||0px|&#8221; custom_padding=&#8221;||15px|&#8221; animation_style=&#8221;fade&#8221; hover_enabled=&#8221;0&#8243; z_index_tablet=&#8221;500&#8243; global_colors_info=&#8221;{}&#8221; sticky_enabled=&#8221;0&#8243;][\/et_pb_image][et_pb_text _builder_version=&#8221;4.27.4&#8243; text_font_size=&#8221;14px&#8221; custom_margin=&#8221;||0px|&#8221; custom_padding=&#8221;||15px|&#8221; z_index_tablet=&#8221;500&#8243; global_colors_info=&#8221;{}&#8221;]<\/p>\n<p><strong>(+36 20) 949-0988<\/strong><br \/><strong><a href=\"mailto:dora.geyerhirt@danubia.hu\">dora.geyerhirt@danubia.hu<\/a><\/strong><\/p>\n<p>[\/et_pb_text][et_pb_image src=&#8221;https:\/\/www.danubia.com\/wp-content\/uploads\/2020\/01\/LinkedIn-logo.png&#8221; url=&#8221;https:\/\/www.linkedin.com\/in\/dora-geyer-hirt-257771275&#8243; url_new_window=&#8221;on&#8221; admin_label=&#8221;LinkedIn&#8221; _builder_version=&#8221;4.27.4&#8243; max_width=&#8221;30px&#8221; module_alignment=&#8221;left&#8221; global_colors_info=&#8221;{}&#8221;][\/et_pb_image][\/et_pb_column][et_pb_column type=&#8221;3_4&#8243; specialty_columns=&#8221;3&#8243; _builder_version=&#8221;4.16&#8243; custom_padding=&#8221;|||&#8221; global_colors_info=&#8221;{}&#8221; custom_padding__hover=&#8221;|||&#8221;][et_pb_row_inner admin_label=&#8221;Sor&#8221; _builder_version=&#8221;4.16&#8243; global_colors_info=&#8221;{}&#8221;][et_pb_column_inner saved_specialty_column_type=&#8221;3_4&#8243; _builder_version=&#8221;4.16&#8243; custom_padding=&#8221;|||&#8221; global_colors_info=&#8221;{}&#8221; custom_padding__hover=&#8221;|||&#8221;][et_pb_text admin_label=&#8221;N\u00e9v&#8221; _builder_version=&#8221;4.27.4&#8243; text_font=&#8221;Raleway|700||on|||||&#8221; text_text_color=&#8221;#a6192e&#8221; text_font_size=&#8221;36px&#8221; header_font=&#8221;Raleway|700||on|||||&#8221; header_text_align=&#8221;center&#8221; header_text_color=&#8221;#ffffff&#8221; header_font_size=&#8221;50px&#8221; header_line_height=&#8221;1.4em&#8221; custom_margin=&#8221;||0px|&#8221; custom_padding=&#8221;||15px|&#8221; text_font_size_tablet=&#8221;30px&#8221; text_font_size_phone=&#8221;22px&#8221; text_font_size_last_edited=&#8221;on|desktop&#8221; header_font_size_tablet=&#8221;30px&#8221; header_font_size_phone=&#8221;22px&#8221; header_font_size_last_edited=&#8221;on|desktop&#8221; z_index_tablet=&#8221;500&#8243; global_colors_info=&#8221;{}&#8221;]<\/p>\n<p>DR. GEYER-HIRT D\u00d3RA<\/p>\n<p>[\/et_pb_text][et_pb_text admin_label=&#8221;poz\u00edci\u00f3&#8221; _builder_version=&#8221;4.27.4&#8243; text_font=&#8221;Raleway|700|||||||&#8221; text_text_color=&#8221;#63666a&#8221; text_font_size=&#8221;18px&#8221; custom_margin=&#8221;||0px|&#8221; custom_padding=&#8221;||10px|&#8221; text_font_size_tablet=&#8221;20px&#8221; text_font_size_phone=&#8221;&#8221; text_font_size_last_edited=&#8221;on|desktop&#8221; z_index_tablet=&#8221;500&#8243; global_colors_info=&#8221;{}&#8221;]<\/p>\n<p>\u00fcgyv\u00e9d<br \/>okl. biol\u00f3gus<\/p>\n<p>[\/et_pb_text][et_pb_divider divider_position=&#8221;center&#8221; divider_weight=&#8221;3&#8243; _builder_version=&#8221;4.16&#8243; max_width=&#8221;50px&#8221; module_alignment=&#8221;left&#8221; height=&#8221;0px&#8221; animation_style=&#8221;zoom&#8221; z_index_tablet=&#8221;500&#8243; global_colors_info=&#8221;{}&#8221;][\/et_pb_divider][et_pb_text admin_label=&#8221;Le\u00edr\u00e1s&#8221; _builder_version=&#8221;4.27.4&#8243; text_orientation=&#8221;justified&#8221; z_index_tablet=&#8221;500&#8243; global_colors_info=&#8221;{}&#8221;]<\/p>\n<p>D\u00f3ra f\u0151 szakter\u00fcletei a v\u00e9djegyjog, a szabadalmi jog \u00e9s a domain nevekkel kapcsolatos elj\u00e1r\u00e1sok. T\u00f6bb\u00e9ves tapasztalattal rendelkezik magyar, eur\u00f3pai uni\u00f3s \u00e9s nemzetk\u00f6zi v\u00e9djegyekkel kapcsolatos \u00fcgyint\u00e9z\u00e9sben, iparjogv\u00e9delmi \u00e9s domain nevekkel kapcsolatos jogvit\u00e1kban.<\/p>\n<p>D\u00f3ra 2021-ben jog\u00e1szk\u00e9nt diplom\u00e1zott a P\u00e1zm\u00e1ny P\u00e9ter Katolikus Egyetemen, majd 2025-ben biol\u00f3gus diplom\u00e1t szerzett a Szegedi Tudom\u00e1nyegyetemen.<\/p>\n<p>2025 m\u00e1rcius\u00e1ban csatlakozott a Danubi\u00e1hoz.<\/p>\n<p><span style=\"color: #a6192e;\"><strong>Nyelvtud\u00e1s:<\/strong><\/span><br \/>angol<\/p>\n<p>[\/et_pb_text][\/et_pb_column_inner][\/et_pb_row_inner][et_pb_row_inner admin_label=&#8221;Sor&#8221; _builder_version=&#8221;4.27.4&#8243; global_colors_info=&#8221;{}&#8221;][et_pb_column_inner saved_specialty_column_type=&#8221;3_4&#8243; _builder_version=&#8221;4.16&#8243; custom_padding=&#8221;|||&#8221; global_colors_info=&#8221;{}&#8221; custom_padding__hover=&#8221;|||&#8221;][et_pb_text admin_label=&#8221;Szakmai tags\u00e1gok&#8221; _builder_version=&#8221;4.16&#8243; text_font=&#8221;Raleway|700|||||||&#8221; text_text_color=&#8221;#a6192e&#8221; z_index_tablet=&#8221;500&#8243; global_colors_info=&#8221;{}&#8221;]<\/p>\n<p>Szakmai tags\u00e1gok<\/p>\n<p>[\/et_pb_text][et_pb_text admin_label=&#8221;Szakmai tags\u00e1gok felsorol\u00e1s&#8221; _builder_version=&#8221;4.27.4&#8243; z_index_tablet=&#8221;500&#8243; global_colors_info=&#8221;{}&#8221;]<\/p>\n<p><span style=\"color: #a6192e;\">\u00bb<\/span> Budapesti \u00dcgyv\u00e9di Kamara (B\u00dcK)<br \/><span style=\"color: #a6192e;\">\u00bb <\/span>Magyar Iparjogv\u00e9delmi \u00e9s Szerz\u0151i Jogi Egyes\u00fclet (MIE)<br \/><span style=\"color: #a6192e;\">\u00bb<\/span> International Association for the Protection of Intellectual Property (AIPPI)<br \/><span style=\"color: #a6192e;\">\u00bb<\/span> Pharmaceutical Trade Marks Group (PTMG)<\/p>\n<p>[\/et_pb_text][\/et_pb_column_inner][\/et_pb_row_inner][\/et_pb_column][\/et_pb_section]<\/p>\n","protected":false},"excerpt":{"rendered":"<p>(+36 20) 949-0988dora.geyerhirt@danubia.huDR. GEYER-HIRT D\u00d3RA\u00fcgyv\u00e9dokl. biol\u00f3gusD\u00f3ra f\u0151 szakter\u00fcletei a v\u00e9djegyjog, a szabadalmi jog \u00e9s a domain nevekkel kapcsolatos elj\u00e1r\u00e1sok. T\u00f6bb\u00e9ves tapasztalattal rendelkezik magyar, eur\u00f3pai uni\u00f3s \u00e9s nemzetk\u00f6zi v\u00e9djegyekkel kapcsolatos \u00fcgyint\u00e9z\u00e9sben, iparjogv\u00e9delmi \u00e9s domain nevekkel kapcsolatos jogvit\u00e1kban. D\u00f3ra 2021-ben jog\u00e1szk\u00e9nt diplom\u00e1zott a P\u00e1zm\u00e1ny P\u00e9ter Katolikus Egyetemen, majd 2025-ben biol\u00f3gus diplom\u00e1t szerzett a Szegedi Tudom\u00e1nyegyetemen. 2025 m\u00e1rcius\u00e1ban [&hellip;]<\/p>\n","protected":false},"author":8,"featured_media":0,"parent":922,"menu_order":0,"comment_status":"closed","ping_status":"closed","template":"","meta":{"_et_pb_use_builder":"on","_et_pb_old_content":"","_et_gb_content_width":"","footnotes":""},"class_list":["post-11793","page","type-page","status-publish","hentry"],"yoast_head":"<!-- This site is optimized with the Yoast SEO plugin v27.3 - https:\/\/yoast.com\/product\/yoast-seo-wordpress\/ -->\n<title>DR. GEYER-HIRT D\u00d3RA - Danubia<\/title>\n<meta name=\"robots\" content=\"index, follow, max-snippet:-1, max-image-preview:large, max-video-preview:-1\" \/>\n<link rel=\"canonical\" href=\"https:\/\/www.danubia.com\/hu\/munkatarsaink\/dr-geyer-hirt-dora\/\" \/>\n<meta property=\"og:locale\" content=\"hu_HU\" \/>\n<meta property=\"og:type\" content=\"article\" \/>\n<meta property=\"og:title\" content=\"DR. GEYER-HIRT D\u00d3RA - Danubia\" \/>\n<meta property=\"og:description\" content=\"(+36 20) 949-0988dora.geyerhirt@danubia.huDR. GEYER-HIRT D\u00d3RA\u00fcgyv\u00e9dokl. biol\u00f3gusD\u00f3ra f\u0151 szakter\u00fcletei a v\u00e9djegyjog, a szabadalmi jog \u00e9s a domain nevekkel kapcsolatos elj\u00e1r\u00e1sok. T\u00f6bb\u00e9ves tapasztalattal rendelkezik magyar, eur\u00f3pai uni\u00f3s \u00e9s nemzetk\u00f6zi v\u00e9djegyekkel kapcsolatos \u00fcgyint\u00e9z\u00e9sben, iparjogv\u00e9delmi \u00e9s domain nevekkel kapcsolatos jogvit\u00e1kban. D\u00f3ra 2021-ben jog\u00e1szk\u00e9nt diplom\u00e1zott a P\u00e1zm\u00e1ny P\u00e9ter Katolikus Egyetemen, majd 2025-ben biol\u00f3gus diplom\u00e1t szerzett a Szegedi Tudom\u00e1nyegyetemen. 2025 m\u00e1rcius\u00e1ban [&hellip;]\" \/>\n<meta property=\"og:url\" content=\"https:\/\/www.danubia.com\/hu\/munkatarsaink\/dr-geyer-hirt-dora\/\" \/>\n<meta property=\"og:site_name\" content=\"Danubia\" \/>\n<meta property=\"article:modified_time\" content=\"2025-10-07T12:17:32+00:00\" \/>\n<meta property=\"og:image\" content=\"https:\/\/www.danubia.com\/wp-content\/uploads\/2019\/11\/Danubia-og-hu.jpg\" \/>\n\t<meta property=\"og:image:width\" content=\"1125\" \/>\n\t<meta property=\"og:image:height\" content=\"633\" \/>\n\t<meta property=\"og:image:type\" content=\"image\/jpeg\" \/>\n<meta name=\"twitter:card\" content=\"summary_large_image\" \/>\n<meta name=\"twitter:label1\" content=\"Becs\u00fclt olvas\u00e1si id\u0151\" \/>\n\t<meta name=\"twitter:data1\" content=\"1 perc\" \/>\n<script type=\"application\/ld+json\" class=\"yoast-schema-graph\">{\"@context\":\"https:\\\/\\\/schema.org\",\"@graph\":[{\"@type\":\"WebPage\",\"@id\":\"https:\\\/\\\/www.danubia.com\\\/hu\\\/munkatarsaink\\\/dr-geyer-hirt-dora\\\/\",\"url\":\"https:\\\/\\\/www.danubia.com\\\/hu\\\/munkatarsaink\\\/dr-geyer-hirt-dora\\\/\",\"name\":\"DR. GEYER-HIRT D\u00d3RA - Danubia\",\"isPartOf\":{\"@id\":\"https:\\\/\\\/www.danubia.com\\\/#website\"},\"datePublished\":\"2025-07-23T08:25:11+00:00\",\"dateModified\":\"2025-10-07T12:17:32+00:00\",\"breadcrumb\":{\"@id\":\"https:\\\/\\\/www.danubia.com\\\/hu\\\/munkatarsaink\\\/dr-geyer-hirt-dora\\\/#breadcrumb\"},\"inLanguage\":\"hu\",\"potentialAction\":[{\"@type\":\"ReadAction\",\"target\":[\"https:\\\/\\\/www.danubia.com\\\/hu\\\/munkatarsaink\\\/dr-geyer-hirt-dora\\\/\"]}]},{\"@type\":\"BreadcrumbList\",\"@id\":\"https:\\\/\\\/www.danubia.com\\\/hu\\\/munkatarsaink\\\/dr-geyer-hirt-dora\\\/#breadcrumb\",\"itemListElement\":[{\"@type\":\"ListItem\",\"position\":1,\"name\":\"Home\",\"item\":\"https:\\\/\\\/www.danubia.com\\\/hu\\\/\"},{\"@type\":\"ListItem\",\"position\":2,\"name\":\"Munkat\u00e1rsaink\",\"item\":\"https:\\\/\\\/www.danubia.com\\\/hu\\\/munkatarsaink\\\/\"},{\"@type\":\"ListItem\",\"position\":3,\"name\":\"DR. GEYER-HIRT D\u00d3RA\"}]},{\"@type\":\"WebSite\",\"@id\":\"https:\\\/\\\/www.danubia.com\\\/#website\",\"url\":\"https:\\\/\\\/www.danubia.com\\\/\",\"name\":\"Danubia\",\"description\":\"\",\"potentialAction\":[{\"@type\":\"SearchAction\",\"target\":{\"@type\":\"EntryPoint\",\"urlTemplate\":\"https:\\\/\\\/www.danubia.com\\\/?s={search_term_string}\"},\"query-input\":{\"@type\":\"PropertyValueSpecification\",\"valueRequired\":true,\"valueName\":\"search_term_string\"}}],\"inLanguage\":\"hu\"}]}<\/script>\n<!-- \/ Yoast SEO plugin. -->","yoast_head_json":{"title":"DR. GEYER-HIRT D\u00d3RA - Danubia","robots":{"index":"index","follow":"follow","max-snippet":"max-snippet:-1","max-image-preview":"max-image-preview:large","max-video-preview":"max-video-preview:-1"},"canonical":"https:\/\/www.danubia.com\/hu\/munkatarsaink\/dr-geyer-hirt-dora\/","og_locale":"hu_HU","og_type":"article","og_title":"DR. GEYER-HIRT D\u00d3RA - Danubia","og_description":"(+36 20) 949-0988dora.geyerhirt@danubia.huDR. GEYER-HIRT D\u00d3RA\u00fcgyv\u00e9dokl. biol\u00f3gusD\u00f3ra f\u0151 szakter\u00fcletei a v\u00e9djegyjog, a szabadalmi jog \u00e9s a domain nevekkel kapcsolatos elj\u00e1r\u00e1sok. T\u00f6bb\u00e9ves tapasztalattal rendelkezik magyar, eur\u00f3pai uni\u00f3s \u00e9s nemzetk\u00f6zi v\u00e9djegyekkel kapcsolatos \u00fcgyint\u00e9z\u00e9sben, iparjogv\u00e9delmi \u00e9s domain nevekkel kapcsolatos jogvit\u00e1kban. D\u00f3ra 2021-ben jog\u00e1szk\u00e9nt diplom\u00e1zott a P\u00e1zm\u00e1ny P\u00e9ter Katolikus Egyetemen, majd 2025-ben biol\u00f3gus diplom\u00e1t szerzett a Szegedi Tudom\u00e1nyegyetemen. 2025 m\u00e1rcius\u00e1ban [&hellip;]","og_url":"https:\/\/www.danubia.com\/hu\/munkatarsaink\/dr-geyer-hirt-dora\/","og_site_name":"Danubia","article_modified_time":"2025-10-07T12:17:32+00:00","og_image":[{"width":1125,"height":633,"url":"https:\/\/www.danubia.com\/wp-content\/uploads\/2019\/11\/Danubia-og-hu.jpg","type":"image\/jpeg"}],"twitter_card":"summary_large_image","twitter_misc":{"Becs\u00fclt olvas\u00e1si id\u0151":"1 perc"},"schema":{"@context":"https:\/\/schema.org","@graph":[{"@type":"WebPage","@id":"https:\/\/www.danubia.com\/hu\/munkatarsaink\/dr-geyer-hirt-dora\/","url":"https:\/\/www.danubia.com\/hu\/munkatarsaink\/dr-geyer-hirt-dora\/","name":"DR. GEYER-HIRT D\u00d3RA - Danubia","isPartOf":{"@id":"https:\/\/www.danubia.com\/#website"},"datePublished":"2025-07-23T08:25:11+00:00","dateModified":"2025-10-07T12:17:32+00:00","breadcrumb":{"@id":"https:\/\/www.danubia.com\/hu\/munkatarsaink\/dr-geyer-hirt-dora\/#breadcrumb"},"inLanguage":"hu","potentialAction":[{"@type":"ReadAction","target":["https:\/\/www.danubia.com\/hu\/munkatarsaink\/dr-geyer-hirt-dora\/"]}]},{"@type":"BreadcrumbList","@id":"https:\/\/www.danubia.com\/hu\/munkatarsaink\/dr-geyer-hirt-dora\/#breadcrumb","itemListElement":[{"@type":"ListItem","position":1,"name":"Home","item":"https:\/\/www.danubia.com\/hu\/"},{"@type":"ListItem","position":2,"name":"Munkat\u00e1rsaink","item":"https:\/\/www.danubia.com\/hu\/munkatarsaink\/"},{"@type":"ListItem","position":3,"name":"DR. GEYER-HIRT D\u00d3RA"}]},{"@type":"WebSite","@id":"https:\/\/www.danubia.com\/#website","url":"https:\/\/www.danubia.com\/","name":"Danubia","description":"","potentialAction":[{"@type":"SearchAction","target":{"@type":"EntryPoint","urlTemplate":"https:\/\/www.danubia.com\/?s={search_term_string}"},"query-input":{"@type":"PropertyValueSpecification","valueRequired":true,"valueName":"search_term_string"}}],"inLanguage":"hu"}]}},"_links":{"self":[{"href":"https:\/\/www.danubia.com\/hu\/wp-json\/wp\/v2\/pages\/11793","targetHints":{"allow":["GET"]}}],"collection":[{"href":"https:\/\/www.danubia.com\/hu\/wp-json\/wp\/v2\/pages"}],"about":[{"href":"https:\/\/www.danubia.com\/hu\/wp-json\/wp\/v2\/types\/page"}],"author":[{"embeddable":true,"href":"https:\/\/www.danubia.com\/hu\/wp-json\/wp\/v2\/users\/8"}],"replies":[{"embeddable":true,"href":"https:\/\/www.danubia.com\/hu\/wp-json\/wp\/v2\/comments?post=11793"}],"version-history":[{"count":8,"href":"https:\/\/www.danubia.com\/hu\/wp-json\/wp\/v2\/pages\/11793\/revisions"}],"predecessor-version":[{"id":11872,"href":"https:\/\/www.danubia.com\/hu\/wp-json\/wp\/v2\/pages\/11793\/revisions\/11872"}],"up":[{"embeddable":true,"href":"https:\/\/www.danubia.com\/hu\/wp-json\/wp\/v2\/pages\/922"}],"wp:attachment":[{"href":"https:\/\/www.danubia.com\/hu\/wp-json\/wp\/v2\/media?parent=11793"}],"curies":[{"name":"wp","href":"https:\/\/api.w.org\/{rel}","templated":true}]}}