{"id":11878,"date":"2025-12-13T09:01:03","date_gmt":"2025-12-13T09:01:03","guid":{"rendered":"https:\/\/www.danubia.com\/?page_id=11878"},"modified":"2025-12-13T10:53:12","modified_gmt":"2025-12-13T10:53:12","slug":"dr-csurgai-horvath-gergely-ll-m","status":"publish","type":"page","link":"https:\/\/www.danubia.com\/hu\/munkatarsaink\/dr-csurgai-horvath-gergely-ll-m\/","title":{"rendered":"Dr. Csurgai-Horv\u00e1th Gergely LL.M."},"content":{"rendered":"<p>[et_pb_section fb_built=&#8221;1&#8243; specialty=&#8221;on&#8221; _builder_version=&#8221;4.16&#8243; inner_max_width=&#8221;none&#8221; global_colors_info=&#8221;{}&#8221;][et_pb_column type=&#8221;1_4&#8243; _builder_version=&#8221;4.16&#8243; custom_padding=&#8221;|||&#8221; global_colors_info=&#8221;{}&#8221; custom_padding__hover=&#8221;|||&#8221;][et_pb_image src=&#8221;https:\/\/www.danubia.com\/wp-content\/uploads\/2025\/12\/Csurgai-Horvath-Gergely-01.jpg&#8221; title_text=&#8221;Evoto&#8221; align_tablet=&#8221;center&#8221; align_phone=&#8221;&#8221; align_last_edited=&#8221;on|desktop&#8221; _builder_version=&#8221;4.27.4&#8243; custom_margin=&#8221;||0px|&#8221; custom_padding=&#8221;||15px|&#8221; animation_style=&#8221;fade&#8221; z_index_tablet=&#8221;500&#8243; global_colors_info=&#8221;{}&#8221;][\/et_pb_image][et_pb_text _builder_version=&#8221;4.27.4&#8243; text_font_size=&#8221;14px&#8221; custom_margin=&#8221;||0px|&#8221; custom_padding=&#8221;||15px|&#8221; hover_enabled=&#8221;0&#8243; z_index_tablet=&#8221;500&#8243; global_colors_info=&#8221;{}&#8221; sticky_enabled=&#8221;0&#8243;]<\/p>\n<p><strong>(+36 1) 4118 878<\/strong><br \/><a href=\"mailto:gergely.csurgai@danubialegal.com\">gergely.csurgai@danubialegal.com<\/a><\/p>\n<p>[\/et_pb_text][et_pb_image src=&#8221;https:\/\/www.danubia.com\/wp-content\/uploads\/2020\/01\/LinkedIn-logo.png&#8221; url=&#8221;https:\/\/www.linkedin.com\/in\/gergely-csurgai-horvath-a06531127\/&#8221; url_new_window=&#8221;on&#8221; admin_label=&#8221;LinkedIn&#8221; _builder_version=&#8221;4.27.4&#8243; max_width=&#8221;30px&#8221; module_alignment=&#8221;left&#8221; hover_enabled=&#8221;0&#8243; global_colors_info=&#8221;{}&#8221; sticky_enabled=&#8221;0&#8243;][\/et_pb_image][\/et_pb_column][et_pb_column type=&#8221;3_4&#8243; specialty_columns=&#8221;3&#8243; _builder_version=&#8221;4.16&#8243; custom_padding=&#8221;|||&#8221; global_colors_info=&#8221;{}&#8221; custom_padding__hover=&#8221;|||&#8221;][et_pb_row_inner admin_label=&#8221;Sor&#8221; _builder_version=&#8221;4.16&#8243; global_colors_info=&#8221;{}&#8221;][et_pb_column_inner saved_specialty_column_type=&#8221;3_4&#8243; _builder_version=&#8221;4.16&#8243; custom_padding=&#8221;|||&#8221; global_colors_info=&#8221;{}&#8221; custom_padding__hover=&#8221;|||&#8221;][et_pb_text admin_label=&#8221;N\u00e9v&#8221; _builder_version=&#8221;4.27.4&#8243; text_font=&#8221;Raleway|700||on|||||&#8221; text_text_color=&#8221;#a6192e&#8221; text_font_size=&#8221;36px&#8221; header_font=&#8221;Raleway|700||on|||||&#8221; header_text_align=&#8221;center&#8221; header_text_color=&#8221;#ffffff&#8221; header_font_size=&#8221;50px&#8221; header_line_height=&#8221;1.4em&#8221; custom_margin=&#8221;||0px|&#8221; custom_padding=&#8221;||15px|&#8221; text_font_size_tablet=&#8221;30px&#8221; text_font_size_phone=&#8221;22px&#8221; text_font_size_last_edited=&#8221;on|desktop&#8221; header_font_size_tablet=&#8221;30px&#8221; header_font_size_phone=&#8221;22px&#8221; header_font_size_last_edited=&#8221;on|desktop&#8221; z_index_tablet=&#8221;500&#8243; global_colors_info=&#8221;{}&#8221;]<\/p>\n<p>Dr. Csurgai-Horv\u00e1th Gergely LL.M.<\/p>\n<p>[\/et_pb_text][et_pb_text admin_label=&#8221;poz\u00edci\u00f3&#8221; _builder_version=&#8221;4.27.4&#8243; text_font=&#8221;Raleway|700|||||||&#8221; text_text_color=&#8221;#63666a&#8221; text_font_size=&#8221;18px&#8221; custom_margin=&#8221;||0px|&#8221; custom_padding=&#8221;||10px|&#8221; text_font_size_tablet=&#8221;20px&#8221; text_font_size_phone=&#8221;&#8221; text_font_size_last_edited=&#8221;on|desktop&#8221; z_index_tablet=&#8221;500&#8243; global_colors_info=&#8221;{}&#8221;]<\/p>\n<p>\u00dcgyv\u00e9djel\u00f6lt<\/p>\n<p>[\/et_pb_text][et_pb_divider divider_position=&#8221;center&#8221; divider_weight=&#8221;3&#8243; _builder_version=&#8221;4.16&#8243; max_width=&#8221;50px&#8221; module_alignment=&#8221;left&#8221; height=&#8221;0px&#8221; animation_style=&#8221;zoom&#8221; z_index_tablet=&#8221;500&#8243; global_colors_info=&#8221;{}&#8221;][\/et_pb_divider][et_pb_text admin_label=&#8221;Le\u00edr\u00e1s&#8221; _builder_version=&#8221;4.27.4&#8243; text_orientation=&#8221;justified&#8221; z_index_tablet=&#8221;500&#8243; global_colors_info=&#8221;{}&#8221;]<\/p>\n<p>Gergely f\u0151 szakter\u00fclete a versenyjog.<\/p>\n<p>Jelent\u0151s tapasztalattal rendelkezik kartell, f\u00fazi\u00f3kontroll \u00e9s er\u0151f\u00f6l\u00e9nnyel val\u00f3 vissza\u00e9l\u00e9ssel kapcsolatos \u00fcgyekben, valamint fogyaszt\u00f3v\u00e9delmi elj\u00e1r\u00e1sokban.<\/p>\n<p>Sz\u00e9lesk\u00f6r\u0171 gyakorlati tapasztalattal b\u00edr az Eur\u00f3pai B\u00edr\u00f3s\u00e1g el\u0151tti peres elj\u00e1r\u00e1sokban \u00e9s az uni\u00f3s jogra alap\u00edtott ig\u00e9nyek \u00e9rv\u00e9nyes\u00edt\u00e9s\u00e9ben.<\/p>\n<p>2024 febru\u00e1rj\u00e1ban csatlakozott a Danubia Legal csapat\u00e1hoz, ezt megel\u0151z\u0151en Londonban tanult \u00e9s a King\u2019s College London versenyjogi mesterk\u00e9pz\u00e9s\u00e9n (LL.M.) szerzett diplom\u00e1t.<\/p>\n<p>Kor\u00e1bban nemzetk\u00f6zi \u00fcgyv\u00e9di irod\u00e1kn\u00e1l dolgozott Budapesten \u00e9s Br\u00fcsszelben.<\/p>\n<p>P\u00e1lyafut\u00e1sa sor\u00e1n hasznos tapasztalatokra tett szert Br\u00fcsszelben, az Eur\u00f3pai Bizotts\u00e1g Versenypolitikai F\u0151igazgat\u00f3s\u00e1ga munkat\u00e1rsak\u00e9nt.<\/p>\n<p>A K\u00faria f\u0151tan\u00e1csad\u00f3jak\u00e9nt versenyjogi mag\u00e1njogi perekben, t\u00e1rsas\u00e1gi jogi \u00fcgyekben \u00e9s egy\u00e9b polg\u00e1ri jogi vit\u00e1kban vett r\u00e9szt, tov\u00e1bb\u00e1 \u00edt\u00e9letek tervezeteit k\u00e9sz\u00edtette el\u0151.<\/p>\n<p><span style=\"color: #a6192e;\"><strong>Nyelvtud\u00e1s:<\/strong><\/span><br \/>magyar, angol, n\u00e9met<\/p>\n<p>[\/et_pb_text][\/et_pb_column_inner][\/et_pb_row_inner][et_pb_row_inner column_structure=&#8221;1_2,1_2&#8243; admin_label=&#8221;Sor&#8221; _builder_version=&#8221;4.16&#8243; global_colors_info=&#8221;{}&#8221;][et_pb_column_inner type=&#8221;1_2&#8243; saved_specialty_column_type=&#8221;3_4&#8243; _builder_version=&#8221;4.16&#8243; custom_padding=&#8221;|||&#8221; global_colors_info=&#8221;{}&#8221; custom_padding__hover=&#8221;|||&#8221;][et_pb_text admin_label=&#8221;Szakmai tags\u00e1gok&#8221; _builder_version=&#8221;4.16&#8243; text_font=&#8221;Raleway|700|||||||&#8221; text_text_color=&#8221;#a6192e&#8221; z_index_tablet=&#8221;500&#8243; global_colors_info=&#8221;{}&#8221;]<\/p>\n<p>Szakmai tags\u00e1gok<\/p>\n<p>[\/et_pb_text][et_pb_text admin_label=&#8221;Szakmai tags\u00e1gok felsorol\u00e1s&#8221; _builder_version=&#8221;4.27.4&#8243; z_index_tablet=&#8221;500&#8243; global_colors_info=&#8221;{}&#8221;]<\/p>\n<p><span style=\"color: #a6192e;\">\u00bb <\/span>Magyar Versenyjogi Egyes\u00fclet<br \/><span style=\"color: #a6192e;\">\u00bb<\/span> Budapesti \u00dcgyv\u00e9di Kamara<\/p>\n<p>[\/et_pb_text][\/et_pb_column_inner][et_pb_column_inner type=&#8221;1_2&#8243; saved_specialty_column_type=&#8221;3_4&#8243; _builder_version=&#8221;4.16&#8243; custom_padding=&#8221;|||&#8221; global_colors_info=&#8221;{}&#8221; custom_padding__hover=&#8221;|||&#8221;][et_pb_text admin_label=&#8221;F\u0151bb szakter\u00fcletek&#8221; _builder_version=&#8221;4.16&#8243; text_font=&#8221;Raleway|700|||||||&#8221; text_text_color=&#8221;#a6192e&#8221; z_index_tablet=&#8221;500&#8243; global_colors_info=&#8221;{}&#8221;]<\/p>\n<p>F\u0151bb szakter\u00fcletek<\/p>\n<p>[\/et_pb_text][et_pb_text admin_label=&#8221;F\u0151bb szakter\u00fcletek felsorol\u00e1s&#8221; _builder_version=&#8221;4.27.4&#8243; z_index_tablet=&#8221;500&#8243; global_colors_info=&#8221;{}&#8221;]<\/p>\n<p><span style=\"color: #a6192e;\">\u00bb<\/span> versenyjog<\/p>\n<p>[\/et_pb_text][\/et_pb_column_inner][\/et_pb_row_inner][\/et_pb_column][\/et_pb_section]<\/p>\n","protected":false},"excerpt":{"rendered":"<p>(+36 1) 4118 878gergely.csurgai@danubialegal.comDr. Csurgai-Horv\u00e1th Gergely LL.M.\u00dcgyv\u00e9djel\u00f6ltGergely f\u0151 szakter\u00fclete a versenyjog. Jelent\u0151s tapasztalattal rendelkezik kartell, f\u00fazi\u00f3kontroll \u00e9s er\u0151f\u00f6l\u00e9nnyel val\u00f3 vissza\u00e9l\u00e9ssel kapcsolatos \u00fcgyekben, valamint fogyaszt\u00f3v\u00e9delmi elj\u00e1r\u00e1sokban. Sz\u00e9lesk\u00f6r\u0171 gyakorlati tapasztalattal b\u00edr az Eur\u00f3pai B\u00edr\u00f3s\u00e1g el\u0151tti peres elj\u00e1r\u00e1sokban \u00e9s az uni\u00f3s jogra alap\u00edtott ig\u00e9nyek \u00e9rv\u00e9nyes\u00edt\u00e9s\u00e9ben. 2024 febru\u00e1rj\u00e1ban csatlakozott a Danubia Legal csapat\u00e1hoz, ezt megel\u0151z\u0151en Londonban tanult \u00e9s a [&hellip;]<\/p>\n","protected":false},"author":1,"featured_media":0,"parent":922,"menu_order":0,"comment_status":"closed","ping_status":"closed","template":"","meta":{"_et_pb_use_builder":"on","_et_pb_old_content":"","_et_gb_content_width":"","footnotes":""},"class_list":["post-11878","page","type-page","status-publish","hentry"],"yoast_head":"<!-- This site is optimized with the Yoast SEO plugin v27.3 - https:\/\/yoast.com\/product\/yoast-seo-wordpress\/ -->\n<title>Dr. Csurgai-Horv\u00e1th Gergely LL.M. - Danubia<\/title>\n<meta name=\"robots\" content=\"index, follow, max-snippet:-1, max-image-preview:large, max-video-preview:-1\" \/>\n<link rel=\"canonical\" href=\"https:\/\/www.danubia.com\/hu\/munkatarsaink\/dr-csurgai-horvath-gergely-ll-m\/\" \/>\n<meta property=\"og:locale\" content=\"hu_HU\" \/>\n<meta property=\"og:type\" content=\"article\" \/>\n<meta property=\"og:title\" content=\"Dr. Csurgai-Horv\u00e1th Gergely LL.M. - Danubia\" \/>\n<meta property=\"og:description\" content=\"(+36 1) 4118 878gergely.csurgai@danubialegal.comDr. Csurgai-Horv\u00e1th Gergely LL.M.\u00dcgyv\u00e9djel\u00f6ltGergely f\u0151 szakter\u00fclete a versenyjog. Jelent\u0151s tapasztalattal rendelkezik kartell, f\u00fazi\u00f3kontroll \u00e9s er\u0151f\u00f6l\u00e9nnyel val\u00f3 vissza\u00e9l\u00e9ssel kapcsolatos \u00fcgyekben, valamint fogyaszt\u00f3v\u00e9delmi elj\u00e1r\u00e1sokban. Sz\u00e9lesk\u00f6r\u0171 gyakorlati tapasztalattal b\u00edr az Eur\u00f3pai B\u00edr\u00f3s\u00e1g el\u0151tti peres elj\u00e1r\u00e1sokban \u00e9s az uni\u00f3s jogra alap\u00edtott ig\u00e9nyek \u00e9rv\u00e9nyes\u00edt\u00e9s\u00e9ben. 2024 febru\u00e1rj\u00e1ban csatlakozott a Danubia Legal csapat\u00e1hoz, ezt megel\u0151z\u0151en Londonban tanult \u00e9s a [&hellip;]\" \/>\n<meta property=\"og:url\" content=\"https:\/\/www.danubia.com\/hu\/munkatarsaink\/dr-csurgai-horvath-gergely-ll-m\/\" \/>\n<meta property=\"og:site_name\" content=\"Danubia\" \/>\n<meta property=\"article:modified_time\" content=\"2025-12-13T10:53:12+00:00\" \/>\n<meta property=\"og:image\" content=\"https:\/\/www.danubia.com\/wp-content\/uploads\/2019\/11\/Danubia-og-hu.jpg\" \/>\n\t<meta property=\"og:image:width\" content=\"1125\" \/>\n\t<meta property=\"og:image:height\" content=\"633\" \/>\n\t<meta property=\"og:image:type\" content=\"image\/jpeg\" \/>\n<meta name=\"twitter:card\" content=\"summary_large_image\" \/>\n<meta name=\"twitter:label1\" content=\"Becs\u00fclt olvas\u00e1si id\u0151\" \/>\n\t<meta name=\"twitter:data1\" content=\"2 perc\" \/>\n<script type=\"application\/ld+json\" class=\"yoast-schema-graph\">{\"@context\":\"https:\\\/\\\/schema.org\",\"@graph\":[{\"@type\":\"WebPage\",\"@id\":\"https:\\\/\\\/www.danubia.com\\\/hu\\\/munkatarsaink\\\/dr-csurgai-horvath-gergely-ll-m\\\/\",\"url\":\"https:\\\/\\\/www.danubia.com\\\/hu\\\/munkatarsaink\\\/dr-csurgai-horvath-gergely-ll-m\\\/\",\"name\":\"Dr. Csurgai-Horv\u00e1th Gergely LL.M. - Danubia\",\"isPartOf\":{\"@id\":\"https:\\\/\\\/www.danubia.com\\\/#website\"},\"datePublished\":\"2025-12-13T09:01:03+00:00\",\"dateModified\":\"2025-12-13T10:53:12+00:00\",\"breadcrumb\":{\"@id\":\"https:\\\/\\\/www.danubia.com\\\/hu\\\/munkatarsaink\\\/dr-csurgai-horvath-gergely-ll-m\\\/#breadcrumb\"},\"inLanguage\":\"hu\",\"potentialAction\":[{\"@type\":\"ReadAction\",\"target\":[\"https:\\\/\\\/www.danubia.com\\\/hu\\\/munkatarsaink\\\/dr-csurgai-horvath-gergely-ll-m\\\/\"]}]},{\"@type\":\"BreadcrumbList\",\"@id\":\"https:\\\/\\\/www.danubia.com\\\/hu\\\/munkatarsaink\\\/dr-csurgai-horvath-gergely-ll-m\\\/#breadcrumb\",\"itemListElement\":[{\"@type\":\"ListItem\",\"position\":1,\"name\":\"Home\",\"item\":\"https:\\\/\\\/www.danubia.com\\\/hu\\\/\"},{\"@type\":\"ListItem\",\"position\":2,\"name\":\"Munkat\u00e1rsaink\",\"item\":\"https:\\\/\\\/www.danubia.com\\\/hu\\\/munkatarsaink\\\/\"},{\"@type\":\"ListItem\",\"position\":3,\"name\":\"Dr. Csurgai-Horv\u00e1th Gergely LL.M.\"}]},{\"@type\":\"WebSite\",\"@id\":\"https:\\\/\\\/www.danubia.com\\\/#website\",\"url\":\"https:\\\/\\\/www.danubia.com\\\/\",\"name\":\"Danubia\",\"description\":\"\",\"potentialAction\":[{\"@type\":\"SearchAction\",\"target\":{\"@type\":\"EntryPoint\",\"urlTemplate\":\"https:\\\/\\\/www.danubia.com\\\/?s={search_term_string}\"},\"query-input\":{\"@type\":\"PropertyValueSpecification\",\"valueRequired\":true,\"valueName\":\"search_term_string\"}}],\"inLanguage\":\"hu\"}]}<\/script>\n<!-- \/ Yoast SEO plugin. -->","yoast_head_json":{"title":"Dr. Csurgai-Horv\u00e1th Gergely LL.M. - Danubia","robots":{"index":"index","follow":"follow","max-snippet":"max-snippet:-1","max-image-preview":"max-image-preview:large","max-video-preview":"max-video-preview:-1"},"canonical":"https:\/\/www.danubia.com\/hu\/munkatarsaink\/dr-csurgai-horvath-gergely-ll-m\/","og_locale":"hu_HU","og_type":"article","og_title":"Dr. Csurgai-Horv\u00e1th Gergely LL.M. - Danubia","og_description":"(+36 1) 4118 878gergely.csurgai@danubialegal.comDr. Csurgai-Horv\u00e1th Gergely LL.M.\u00dcgyv\u00e9djel\u00f6ltGergely f\u0151 szakter\u00fclete a versenyjog. Jelent\u0151s tapasztalattal rendelkezik kartell, f\u00fazi\u00f3kontroll \u00e9s er\u0151f\u00f6l\u00e9nnyel val\u00f3 vissza\u00e9l\u00e9ssel kapcsolatos \u00fcgyekben, valamint fogyaszt\u00f3v\u00e9delmi elj\u00e1r\u00e1sokban. Sz\u00e9lesk\u00f6r\u0171 gyakorlati tapasztalattal b\u00edr az Eur\u00f3pai B\u00edr\u00f3s\u00e1g el\u0151tti peres elj\u00e1r\u00e1sokban \u00e9s az uni\u00f3s jogra alap\u00edtott ig\u00e9nyek \u00e9rv\u00e9nyes\u00edt\u00e9s\u00e9ben. 2024 febru\u00e1rj\u00e1ban csatlakozott a Danubia Legal csapat\u00e1hoz, ezt megel\u0151z\u0151en Londonban tanult \u00e9s a [&hellip;]","og_url":"https:\/\/www.danubia.com\/hu\/munkatarsaink\/dr-csurgai-horvath-gergely-ll-m\/","og_site_name":"Danubia","article_modified_time":"2025-12-13T10:53:12+00:00","og_image":[{"width":1125,"height":633,"url":"https:\/\/www.danubia.com\/wp-content\/uploads\/2019\/11\/Danubia-og-hu.jpg","type":"image\/jpeg"}],"twitter_card":"summary_large_image","twitter_misc":{"Becs\u00fclt olvas\u00e1si id\u0151":"2 perc"},"schema":{"@context":"https:\/\/schema.org","@graph":[{"@type":"WebPage","@id":"https:\/\/www.danubia.com\/hu\/munkatarsaink\/dr-csurgai-horvath-gergely-ll-m\/","url":"https:\/\/www.danubia.com\/hu\/munkatarsaink\/dr-csurgai-horvath-gergely-ll-m\/","name":"Dr. Csurgai-Horv\u00e1th Gergely LL.M. - Danubia","isPartOf":{"@id":"https:\/\/www.danubia.com\/#website"},"datePublished":"2025-12-13T09:01:03+00:00","dateModified":"2025-12-13T10:53:12+00:00","breadcrumb":{"@id":"https:\/\/www.danubia.com\/hu\/munkatarsaink\/dr-csurgai-horvath-gergely-ll-m\/#breadcrumb"},"inLanguage":"hu","potentialAction":[{"@type":"ReadAction","target":["https:\/\/www.danubia.com\/hu\/munkatarsaink\/dr-csurgai-horvath-gergely-ll-m\/"]}]},{"@type":"BreadcrumbList","@id":"https:\/\/www.danubia.com\/hu\/munkatarsaink\/dr-csurgai-horvath-gergely-ll-m\/#breadcrumb","itemListElement":[{"@type":"ListItem","position":1,"name":"Home","item":"https:\/\/www.danubia.com\/hu\/"},{"@type":"ListItem","position":2,"name":"Munkat\u00e1rsaink","item":"https:\/\/www.danubia.com\/hu\/munkatarsaink\/"},{"@type":"ListItem","position":3,"name":"Dr. Csurgai-Horv\u00e1th Gergely LL.M."}]},{"@type":"WebSite","@id":"https:\/\/www.danubia.com\/#website","url":"https:\/\/www.danubia.com\/","name":"Danubia","description":"","potentialAction":[{"@type":"SearchAction","target":{"@type":"EntryPoint","urlTemplate":"https:\/\/www.danubia.com\/?s={search_term_string}"},"query-input":{"@type":"PropertyValueSpecification","valueRequired":true,"valueName":"search_term_string"}}],"inLanguage":"hu"}]}},"_links":{"self":[{"href":"https:\/\/www.danubia.com\/hu\/wp-json\/wp\/v2\/pages\/11878","targetHints":{"allow":["GET"]}}],"collection":[{"href":"https:\/\/www.danubia.com\/hu\/wp-json\/wp\/v2\/pages"}],"about":[{"href":"https:\/\/www.danubia.com\/hu\/wp-json\/wp\/v2\/types\/page"}],"author":[{"embeddable":true,"href":"https:\/\/www.danubia.com\/hu\/wp-json\/wp\/v2\/users\/1"}],"replies":[{"embeddable":true,"href":"https:\/\/www.danubia.com\/hu\/wp-json\/wp\/v2\/comments?post=11878"}],"version-history":[{"count":4,"href":"https:\/\/www.danubia.com\/hu\/wp-json\/wp\/v2\/pages\/11878\/revisions"}],"predecessor-version":[{"id":11907,"href":"https:\/\/www.danubia.com\/hu\/wp-json\/wp\/v2\/pages\/11878\/revisions\/11907"}],"up":[{"embeddable":true,"href":"https:\/\/www.danubia.com\/hu\/wp-json\/wp\/v2\/pages\/922"}],"wp:attachment":[{"href":"https:\/\/www.danubia.com\/hu\/wp-json\/wp\/v2\/media?parent=11878"}],"curies":[{"name":"wp","href":"https:\/\/api.w.org\/{rel}","templated":true}]}}