{"id":12103,"date":"2026-04-27T07:48:49","date_gmt":"2026-04-27T07:48:49","guid":{"rendered":"https:\/\/www.danubia.com\/?page_id=12103"},"modified":"2026-04-27T07:49:04","modified_gmt":"2026-04-27T07:49:04","slug":"szabone-szekeres-agnes","status":"publish","type":"page","link":"https:\/\/www.danubia.com\/hu\/munkatarsaink\/szabone-szekeres-agnes\/","title":{"rendered":"Szab\u00f3n\u00e9 Szekeres \u00c1gnes"},"content":{"rendered":"<p>[et_pb_section fb_built=&#8221;1&#8243; specialty=&#8221;on&#8221; _builder_version=&#8221;4.16&#8243; inner_max_width=&#8221;none&#8221; global_colors_info=&#8221;{}&#8221;][et_pb_column type=&#8221;1_4&#8243; _builder_version=&#8221;4.16&#8243; custom_padding=&#8221;|||&#8221; global_colors_info=&#8221;{}&#8221; custom_padding__hover=&#8221;|||&#8221;][et_pb_image src=&#8221;https:\/\/www.danubia.com\/wp-content\/uploads\/2026\/04\/szabone-szekeres-agnes.jpg&#8221; alt=&#8221;Carroy Anna&#8221; title_text=&#8221;szabone-szekeres-agnes&#8221; align_tablet=&#8221;center&#8221; align_phone=&#8221;&#8221; align_last_edited=&#8221;on|desktop&#8221; _builder_version=&#8221;4.27.5&#8243; custom_margin=&#8221;||0px|&#8221; custom_padding=&#8221;||15px|&#8221; animation_style=&#8221;fade&#8221; hover_enabled=&#8221;0&#8243; z_index_tablet=&#8221;500&#8243; global_colors_info=&#8221;{}&#8221; sticky_enabled=&#8221;0&#8243;][\/et_pb_image][et_pb_text _builder_version=&#8221;4.27.5&#8243; text_font_size=&#8221;14px&#8221; custom_margin=&#8221;||0px|&#8221; custom_padding=&#8221;||15px|&#8221; hover_enabled=&#8221;0&#8243; z_index_tablet=&#8221;500&#8243; global_colors_info=&#8221;{}&#8221; disabled_on=&#8221;on|on|on&#8221; disabled=&#8221;on&#8221; sticky_enabled=&#8221;0&#8243;]<\/p>\n<p><strong>(+36 1) 411 8793<\/strong><br \/><strong><a href=\"mailto:anna.carroy@danubia.hu \">anna.carroy@danubia.hu<\/a><\/strong><\/p>\n<p>[\/et_pb_text][et_pb_image src=&#8221;https:\/\/www.danubia.com\/wp-content\/uploads\/2020\/01\/LinkedIn-logo.png&#8221; url=&#8221;https:\/\/www.linkedin.com\/company\/danubia-patent-and-law-office-llc\/&#8221; url_new_window=&#8221;on&#8221; admin_label=&#8221;LinkedIn&#8221; _builder_version=&#8221;4.16&#8243; max_width=&#8221;30px&#8221; module_alignment=&#8221;left&#8221; global_colors_info=&#8221;{}&#8221;][\/et_pb_image][\/et_pb_column][et_pb_column type=&#8221;3_4&#8243; specialty_columns=&#8221;3&#8243; _builder_version=&#8221;4.16&#8243; custom_padding=&#8221;|||&#8221; global_colors_info=&#8221;{}&#8221; custom_padding__hover=&#8221;|||&#8221;][et_pb_row_inner admin_label=&#8221;Sor&#8221; _builder_version=&#8221;4.16&#8243; global_colors_info=&#8221;{}&#8221;][et_pb_column_inner saved_specialty_column_type=&#8221;3_4&#8243; _builder_version=&#8221;4.16&#8243; custom_padding=&#8221;|||&#8221; global_colors_info=&#8221;{}&#8221; custom_padding__hover=&#8221;|||&#8221;][et_pb_text admin_label=&#8221;N\u00e9v&#8221; _builder_version=&#8221;4.27.5&#8243; text_font=&#8221;Raleway|700||on|||||&#8221; text_text_color=&#8221;#a6192e&#8221; text_font_size=&#8221;36px&#8221; header_font=&#8221;Raleway|700||on|||||&#8221; header_text_align=&#8221;center&#8221; header_text_color=&#8221;#ffffff&#8221; header_font_size=&#8221;50px&#8221; header_line_height=&#8221;1.4em&#8221; custom_margin=&#8221;||0px|&#8221; custom_padding=&#8221;0px||15px|||&#8221; hover_enabled=&#8221;0&#8243; text_font_size_tablet=&#8221;30px&#8221; text_font_size_phone=&#8221;22px&#8221; text_font_size_last_edited=&#8221;on|desktop&#8221; header_font_size_tablet=&#8221;30px&#8221; header_font_size_phone=&#8221;22px&#8221; header_font_size_last_edited=&#8221;on|desktop&#8221; z_index_tablet=&#8221;500&#8243; global_colors_info=&#8221;{}&#8221; sticky_enabled=&#8221;0&#8243;]Szab\u00f3n\u00e9 Szekeres \u00c1gnes[\/et_pb_text][et_pb_text admin_label=&#8221;poz\u00edci\u00f3&#8221; _builder_version=&#8221;4.27.5&#8243; text_font=&#8221;Raleway|700|||||||&#8221; text_text_color=&#8221;#63666a&#8221; text_font_size=&#8221;18px&#8221; custom_margin=&#8221;||0px|&#8221; custom_padding=&#8221;||10px|&#8221; hover_enabled=&#8221;0&#8243; text_font_size_tablet=&#8221;20px&#8221; text_font_size_phone=&#8221;&#8221; text_font_size_last_edited=&#8221;on|desktop&#8221; z_index_tablet=&#8221;500&#8243; global_colors_info=&#8221;{}&#8221; sticky_enabled=&#8221;0&#8243;]v\u00e9djegykutat\u00f3<br \/>\n\u00fcgyf\u00e9lkapcsolati referens<br \/>\nv\u00e9djegyjogi asszisztens[\/et_pb_text][et_pb_divider divider_position=&#8221;center&#8221; divider_weight=&#8221;3&#8243; _builder_version=&#8221;4.16&#8243; max_width=&#8221;50px&#8221; module_alignment=&#8221;left&#8221; height=&#8221;0px&#8221; animation_style=&#8221;zoom&#8221; z_index_tablet=&#8221;500&#8243; global_colors_info=&#8221;{}&#8221;][\/et_pb_divider][et_pb_text admin_label=&#8221;Le\u00edr\u00e1s&#8221; _builder_version=&#8221;4.27.5&#8243; text_orientation=&#8221;justified&#8221; hover_enabled=&#8221;0&#8243; z_index_tablet=&#8221;500&#8243; global_colors_info=&#8221;{}&#8221; sticky_enabled=&#8221;0&#8243;]\u00c1gi 2003-ban csatlakozott irod\u00e1nkhoz, \u00e9s az\u00f3ta is a V\u00e9djegyoszt\u00e1ly meghat\u00e1roz\u00f3 munkat\u00e1rsa. Szakter\u00fclete a v\u00e9djegybejelent\u00e9seket megel\u0151z\u0151 kutat\u00e1s elv\u00e9gz\u00e9se magyar, nemzetk\u00f6zi \u00e9s k\u00f6z\u00f6ss\u00e9gi adatb\u00e1zisban.<br \/>\nFeladatai k\u00f6z\u00e9 tartozik tov\u00e1bb\u00e1 az \u00fcgyf\u00e9l\u00e9rdekl\u0151d\u00e9sek megv\u00e1laszol\u00e1sa, \u00e1raj\u00e1nlatok k\u00e9sz\u00edt\u00e9se, valamint a v\u00e9djegyoszt\u00e1ly vezet\u0151j\u00e9nek \u00e9s a v\u00e9djegyjog\u00e1szok munk\u00e1j\u00e1nak szakmai t\u00e1mogat\u00e1sa, hozz\u00e1j\u00e1rulva ezzel a v\u00e9djegy\u00fcgyek hat\u00e9kony int\u00e9z\u00e9s\u00e9hez.<\/p>\n<p><span style=\"color: #a6192e;\"><strong>Nyelvtud\u00e1s:<\/strong><\/span><br \/>\nangol[\/et_pb_text][\/et_pb_column_inner][\/et_pb_row_inner][\/et_pb_column][\/et_pb_section]<\/p>\n","protected":false},"excerpt":{"rendered":"<p>(+36 1) 411 8793anna.carroy@danubia.huSzab\u00f3n\u00e9 Szekeres \u00c1gnesv\u00e9djegykutat\u00f3 \u00fcgyf\u00e9lkapcsolati referens v\u00e9djegyjogi asszisztens\u00c1gi 2003-ban csatlakozott irod\u00e1nkhoz, \u00e9s az\u00f3ta is a V\u00e9djegyoszt\u00e1ly meghat\u00e1roz\u00f3 munkat\u00e1rsa. Szakter\u00fclete a v\u00e9djegybejelent\u00e9seket megel\u0151z\u0151 kutat\u00e1s elv\u00e9gz\u00e9se magyar, nemzetk\u00f6zi \u00e9s k\u00f6z\u00f6ss\u00e9gi adatb\u00e1zisban. Feladatai k\u00f6z\u00e9 tartozik tov\u00e1bb\u00e1 az \u00fcgyf\u00e9l\u00e9rdekl\u0151d\u00e9sek megv\u00e1laszol\u00e1sa, \u00e1raj\u00e1nlatok k\u00e9sz\u00edt\u00e9se, valamint a v\u00e9djegyoszt\u00e1ly vezet\u0151j\u00e9nek \u00e9s a v\u00e9djegyjog\u00e1szok munk\u00e1j\u00e1nak szakmai t\u00e1mogat\u00e1sa, hozz\u00e1j\u00e1rulva ezzel a v\u00e9djegy\u00fcgyek hat\u00e9kony [&hellip;]<\/p>\n","protected":false},"author":17,"featured_media":0,"parent":922,"menu_order":0,"comment_status":"closed","ping_status":"closed","template":"","meta":{"_et_pb_use_builder":"on","_et_pb_old_content":"","_et_gb_content_width":"","footnotes":""},"class_list":["post-12103","page","type-page","status-publish","hentry"],"yoast_head":"<!-- This site is optimized with the Yoast SEO plugin v27.3 - https:\/\/yoast.com\/product\/yoast-seo-wordpress\/ -->\n<title>Szab\u00f3n\u00e9 Szekeres \u00c1gnes - Danubia<\/title>\n<meta name=\"robots\" content=\"index, follow, max-snippet:-1, max-image-preview:large, max-video-preview:-1\" \/>\n<link rel=\"canonical\" href=\"https:\/\/www.danubia.com\/hu\/munkatarsaink\/szabone-szekeres-agnes\/\" \/>\n<meta property=\"og:locale\" content=\"hu_HU\" \/>\n<meta property=\"og:type\" content=\"article\" \/>\n<meta property=\"og:title\" content=\"Szab\u00f3n\u00e9 Szekeres \u00c1gnes - Danubia\" \/>\n<meta property=\"og:description\" content=\"(+36 1) 411 8793anna.carroy@danubia.huSzab\u00f3n\u00e9 Szekeres \u00c1gnesv\u00e9djegykutat\u00f3 \u00fcgyf\u00e9lkapcsolati referens v\u00e9djegyjogi asszisztens\u00c1gi 2003-ban csatlakozott irod\u00e1nkhoz, \u00e9s az\u00f3ta is a V\u00e9djegyoszt\u00e1ly meghat\u00e1roz\u00f3 munkat\u00e1rsa. Szakter\u00fclete a v\u00e9djegybejelent\u00e9seket megel\u0151z\u0151 kutat\u00e1s elv\u00e9gz\u00e9se magyar, nemzetk\u00f6zi \u00e9s k\u00f6z\u00f6ss\u00e9gi adatb\u00e1zisban. Feladatai k\u00f6z\u00e9 tartozik tov\u00e1bb\u00e1 az \u00fcgyf\u00e9l\u00e9rdekl\u0151d\u00e9sek megv\u00e1laszol\u00e1sa, \u00e1raj\u00e1nlatok k\u00e9sz\u00edt\u00e9se, valamint a v\u00e9djegyoszt\u00e1ly vezet\u0151j\u00e9nek \u00e9s a v\u00e9djegyjog\u00e1szok munk\u00e1j\u00e1nak szakmai t\u00e1mogat\u00e1sa, hozz\u00e1j\u00e1rulva ezzel a v\u00e9djegy\u00fcgyek hat\u00e9kony [&hellip;]\" \/>\n<meta property=\"og:url\" content=\"https:\/\/www.danubia.com\/hu\/munkatarsaink\/szabone-szekeres-agnes\/\" \/>\n<meta property=\"og:site_name\" content=\"Danubia\" \/>\n<meta property=\"article:modified_time\" content=\"2026-04-27T07:49:04+00:00\" \/>\n<meta property=\"og:image\" content=\"https:\/\/www.danubia.com\/wp-content\/uploads\/2019\/11\/Danubia-og-hu.jpg\" \/>\n\t<meta property=\"og:image:width\" content=\"1125\" \/>\n\t<meta property=\"og:image:height\" content=\"633\" \/>\n\t<meta property=\"og:image:type\" content=\"image\/jpeg\" \/>\n<meta name=\"twitter:card\" content=\"summary_large_image\" \/>\n<meta name=\"twitter:label1\" content=\"Becs\u00fclt olvas\u00e1si id\u0151\" \/>\n\t<meta name=\"twitter:data1\" content=\"1 perc\" \/>\n<script type=\"application\/ld+json\" class=\"yoast-schema-graph\">{\"@context\":\"https:\\\/\\\/schema.org\",\"@graph\":[{\"@type\":\"WebPage\",\"@id\":\"https:\\\/\\\/www.danubia.com\\\/hu\\\/munkatarsaink\\\/szabone-szekeres-agnes\\\/\",\"url\":\"https:\\\/\\\/www.danubia.com\\\/hu\\\/munkatarsaink\\\/szabone-szekeres-agnes\\\/\",\"name\":\"Szab\u00f3n\u00e9 Szekeres \u00c1gnes - Danubia\",\"isPartOf\":{\"@id\":\"https:\\\/\\\/www.danubia.com\\\/#website\"},\"datePublished\":\"2026-04-27T07:48:49+00:00\",\"dateModified\":\"2026-04-27T07:49:04+00:00\",\"breadcrumb\":{\"@id\":\"https:\\\/\\\/www.danubia.com\\\/hu\\\/munkatarsaink\\\/szabone-szekeres-agnes\\\/#breadcrumb\"},\"inLanguage\":\"hu\",\"potentialAction\":[{\"@type\":\"ReadAction\",\"target\":[\"https:\\\/\\\/www.danubia.com\\\/hu\\\/munkatarsaink\\\/szabone-szekeres-agnes\\\/\"]}]},{\"@type\":\"BreadcrumbList\",\"@id\":\"https:\\\/\\\/www.danubia.com\\\/hu\\\/munkatarsaink\\\/szabone-szekeres-agnes\\\/#breadcrumb\",\"itemListElement\":[{\"@type\":\"ListItem\",\"position\":1,\"name\":\"Home\",\"item\":\"https:\\\/\\\/www.danubia.com\\\/hu\\\/\"},{\"@type\":\"ListItem\",\"position\":2,\"name\":\"Munkat\u00e1rsaink\",\"item\":\"https:\\\/\\\/www.danubia.com\\\/hu\\\/munkatarsaink\\\/\"},{\"@type\":\"ListItem\",\"position\":3,\"name\":\"Szab\u00f3n\u00e9 Szekeres \u00c1gnes\"}]},{\"@type\":\"WebSite\",\"@id\":\"https:\\\/\\\/www.danubia.com\\\/#website\",\"url\":\"https:\\\/\\\/www.danubia.com\\\/\",\"name\":\"Danubia\",\"description\":\"\",\"potentialAction\":[{\"@type\":\"SearchAction\",\"target\":{\"@type\":\"EntryPoint\",\"urlTemplate\":\"https:\\\/\\\/www.danubia.com\\\/?s={search_term_string}\"},\"query-input\":{\"@type\":\"PropertyValueSpecification\",\"valueRequired\":true,\"valueName\":\"search_term_string\"}}],\"inLanguage\":\"hu\"}]}<\/script>\n<!-- \/ Yoast SEO plugin. -->","yoast_head_json":{"title":"Szab\u00f3n\u00e9 Szekeres \u00c1gnes - Danubia","robots":{"index":"index","follow":"follow","max-snippet":"max-snippet:-1","max-image-preview":"max-image-preview:large","max-video-preview":"max-video-preview:-1"},"canonical":"https:\/\/www.danubia.com\/hu\/munkatarsaink\/szabone-szekeres-agnes\/","og_locale":"hu_HU","og_type":"article","og_title":"Szab\u00f3n\u00e9 Szekeres \u00c1gnes - Danubia","og_description":"(+36 1) 411 8793anna.carroy@danubia.huSzab\u00f3n\u00e9 Szekeres \u00c1gnesv\u00e9djegykutat\u00f3 \u00fcgyf\u00e9lkapcsolati referens v\u00e9djegyjogi asszisztens\u00c1gi 2003-ban csatlakozott irod\u00e1nkhoz, \u00e9s az\u00f3ta is a V\u00e9djegyoszt\u00e1ly meghat\u00e1roz\u00f3 munkat\u00e1rsa. Szakter\u00fclete a v\u00e9djegybejelent\u00e9seket megel\u0151z\u0151 kutat\u00e1s elv\u00e9gz\u00e9se magyar, nemzetk\u00f6zi \u00e9s k\u00f6z\u00f6ss\u00e9gi adatb\u00e1zisban. Feladatai k\u00f6z\u00e9 tartozik tov\u00e1bb\u00e1 az \u00fcgyf\u00e9l\u00e9rdekl\u0151d\u00e9sek megv\u00e1laszol\u00e1sa, \u00e1raj\u00e1nlatok k\u00e9sz\u00edt\u00e9se, valamint a v\u00e9djegyoszt\u00e1ly vezet\u0151j\u00e9nek \u00e9s a v\u00e9djegyjog\u00e1szok munk\u00e1j\u00e1nak szakmai t\u00e1mogat\u00e1sa, hozz\u00e1j\u00e1rulva ezzel a v\u00e9djegy\u00fcgyek hat\u00e9kony [&hellip;]","og_url":"https:\/\/www.danubia.com\/hu\/munkatarsaink\/szabone-szekeres-agnes\/","og_site_name":"Danubia","article_modified_time":"2026-04-27T07:49:04+00:00","og_image":[{"width":1125,"height":633,"url":"https:\/\/www.danubia.com\/wp-content\/uploads\/2019\/11\/Danubia-og-hu.jpg","type":"image\/jpeg"}],"twitter_card":"summary_large_image","twitter_misc":{"Becs\u00fclt olvas\u00e1si id\u0151":"1 perc"},"schema":{"@context":"https:\/\/schema.org","@graph":[{"@type":"WebPage","@id":"https:\/\/www.danubia.com\/hu\/munkatarsaink\/szabone-szekeres-agnes\/","url":"https:\/\/www.danubia.com\/hu\/munkatarsaink\/szabone-szekeres-agnes\/","name":"Szab\u00f3n\u00e9 Szekeres \u00c1gnes - Danubia","isPartOf":{"@id":"https:\/\/www.danubia.com\/#website"},"datePublished":"2026-04-27T07:48:49+00:00","dateModified":"2026-04-27T07:49:04+00:00","breadcrumb":{"@id":"https:\/\/www.danubia.com\/hu\/munkatarsaink\/szabone-szekeres-agnes\/#breadcrumb"},"inLanguage":"hu","potentialAction":[{"@type":"ReadAction","target":["https:\/\/www.danubia.com\/hu\/munkatarsaink\/szabone-szekeres-agnes\/"]}]},{"@type":"BreadcrumbList","@id":"https:\/\/www.danubia.com\/hu\/munkatarsaink\/szabone-szekeres-agnes\/#breadcrumb","itemListElement":[{"@type":"ListItem","position":1,"name":"Home","item":"https:\/\/www.danubia.com\/hu\/"},{"@type":"ListItem","position":2,"name":"Munkat\u00e1rsaink","item":"https:\/\/www.danubia.com\/hu\/munkatarsaink\/"},{"@type":"ListItem","position":3,"name":"Szab\u00f3n\u00e9 Szekeres \u00c1gnes"}]},{"@type":"WebSite","@id":"https:\/\/www.danubia.com\/#website","url":"https:\/\/www.danubia.com\/","name":"Danubia","description":"","potentialAction":[{"@type":"SearchAction","target":{"@type":"EntryPoint","urlTemplate":"https:\/\/www.danubia.com\/?s={search_term_string}"},"query-input":{"@type":"PropertyValueSpecification","valueRequired":true,"valueName":"search_term_string"}}],"inLanguage":"hu"}]}},"_links":{"self":[{"href":"https:\/\/www.danubia.com\/hu\/wp-json\/wp\/v2\/pages\/12103","targetHints":{"allow":["GET"]}}],"collection":[{"href":"https:\/\/www.danubia.com\/hu\/wp-json\/wp\/v2\/pages"}],"about":[{"href":"https:\/\/www.danubia.com\/hu\/wp-json\/wp\/v2\/types\/page"}],"author":[{"embeddable":true,"href":"https:\/\/www.danubia.com\/hu\/wp-json\/wp\/v2\/users\/17"}],"replies":[{"embeddable":true,"href":"https:\/\/www.danubia.com\/hu\/wp-json\/wp\/v2\/comments?post=12103"}],"version-history":[{"count":3,"href":"https:\/\/www.danubia.com\/hu\/wp-json\/wp\/v2\/pages\/12103\/revisions"}],"predecessor-version":[{"id":12106,"href":"https:\/\/www.danubia.com\/hu\/wp-json\/wp\/v2\/pages\/12103\/revisions\/12106"}],"up":[{"embeddable":true,"href":"https:\/\/www.danubia.com\/hu\/wp-json\/wp\/v2\/pages\/922"}],"wp:attachment":[{"href":"https:\/\/www.danubia.com\/hu\/wp-json\/wp\/v2\/media?parent=12103"}],"curies":[{"name":"wp","href":"https:\/\/api.w.org\/{rel}","templated":true}]}}