{"id":1211,"date":"2019-07-11T11:41:30","date_gmt":"2019-07-11T11:41:30","guid":{"rendered":"https:\/\/www.danubia.com\/?page_id=1211"},"modified":"2020-02-05T15:26:05","modified_gmt":"2020-02-05T15:26:05","slug":"szervezeti-ip-politika-keszitese-es-bevezetese","status":"publish","type":"page","link":"https:\/\/www.danubia.com\/hu\/szellemitulajdon-hasznositas\/szervezeti-ip-politika-keszitese-es-bevezetese\/","title":{"rendered":"Szervezeti IP politika k\u00e9sz\u00edt\u00e9se \u00e9s bevezet\u00e9se"},"content":{"rendered":"<p>[et_pb_section fb_built=&#8221;1&#8243; _builder_version=&#8221;3.22&#8243; background_image=&#8221;https:\/\/www.danubia.com\/wp-content\/uploads\/2019\/04\/Danube-Budapest5.jpg&#8221; custom_padding=&#8221;0px||0px|&#8221; z_index_tablet=&#8221;500&#8243;][et_pb_row use_custom_gutter=&#8221;on&#8221; gutter_width=&#8221;1&#8243; custom_padding_last_edited=&#8221;on|desktop&#8221; module_class=&#8221; et_pb_row_fullwidth et_pb_row_fullwidth et_pb_row_fullwidth et_pb_row_fullwidth et_pb_row_fullwidth et_pb_row_fullwidth et_pb_row_fullwidth et_pb_row_fullwidth et_pb_row_fullwidth et_pb_row_fullwidth et_pb_row_fullwidth et_pb_row_fullwidth et_pb_row_fullwidth&#8221; _builder_version=&#8221;3.25&#8243; background_color=&#8221;rgba(0,0,0,0.2)&#8221; background_size=&#8221;initial&#8221; background_position=&#8221;top_left&#8221; background_repeat=&#8221;repeat&#8221; width=&#8221;100%&#8221; width_tablet=&#8221;100%&#8221; width_phone=&#8221;&#8221; width_last_edited=&#8221;on|desktop&#8221; max_width=&#8221;100%&#8221; max_width_tablet=&#8221;100%&#8221; max_width_phone=&#8221;&#8221; max_width_last_edited=&#8221;on|desktop&#8221; custom_padding=&#8221;80px||80px|&#8221; custom_padding_tablet=&#8221;&#8221; custom_padding_phone=&#8221;50px||50px|&#8221; animation_style=&#8221;fade&#8221; animation_delay=&#8221;500ms&#8221; z_index_tablet=&#8221;500&#8243; make_fullwidth=&#8221;on&#8221;][et_pb_column type=&#8221;4_4&#8243; _builder_version=&#8221;3.0.47&#8243; custom_padding=&#8221;|||&#8221; custom_padding__hover=&#8221;|||&#8221;][et_pb_text _builder_version=&#8221;3.27.4&#8243; text_font=&#8221;Raleway|700|||||||&#8221; text_text_color=&#8221;#ffffff&#8221; text_font_size=&#8221;36px&#8221; header_font=&#8221;Raleway|700||on|||||&#8221; header_text_align=&#8221;center&#8221; header_text_color=&#8221;#ffffff&#8221; header_font_size=&#8221;36px&#8221; header_line_height=&#8221;1.4em&#8221; text_orientation=&#8221;center&#8221; z_index_tablet=&#8221;500&#8243; text_font_size_tablet=&#8221;30px&#8221; text_font_size_phone=&#8221;22px&#8221; text_font_size_last_edited=&#8221;on|phone&#8221; header_font_size_tablet=&#8221;30px&#8221; header_font_size_phone=&#8221;22px&#8221; header_font_size_last_edited=&#8221;on|desktop&#8221;]<\/p>\n<h1>Szellemitulajdon-hasznos\u00edt\u00e1s <\/h1>\n<p>[\/et_pb_text][\/et_pb_column][\/et_pb_row][\/et_pb_section][et_pb_section fb_built=&#8221;1&#8243; _builder_version=&#8221;3.22&#8243;][et_pb_row _builder_version=&#8221;3.25&#8243; background_size=&#8221;initial&#8221; background_position=&#8221;top_left&#8221; background_repeat=&#8221;repeat&#8221;][et_pb_column type=&#8221;4_4&#8243; _builder_version=&#8221;3.0.47&#8243; custom_padding=&#8221;|||&#8221; custom_padding__hover=&#8221;|||&#8221;][et_pb_text _builder_version=&#8221;4.0.4&#8243; text_font=&#8221;Raleway|700||on|||||&#8221; text_text_color=&#8221;#a6192e&#8221; text_font_size=&#8221;36px&#8221; header_font=&#8221;Raleway|700||on|||||&#8221; header_text_align=&#8221;center&#8221; header_text_color=&#8221;#ffffff&#8221; header_font_size=&#8221;50px&#8221; header_2_font=&#8221;Raleway|700|||||||&#8221; header_2_text_align=&#8221;left&#8221; header_2_text_color=&#8221;#a6192e&#8221; header_2_font_size=&#8221;36px&#8221; custom_margin=&#8221;||0px|&#8221; custom_padding=&#8221;||0px|&#8221; z_index_tablet=&#8221;500&#8243; text_font_size_tablet=&#8221;30px&#8221; text_font_size_phone=&#8221;22px&#8221; text_font_size_last_edited=&#8221;on|desktop&#8221; header_font_size_tablet=&#8221;30px&#8221; header_font_size_phone=&#8221;22px&#8221; header_font_size_last_edited=&#8221;on|desktop&#8221; header_2_font_size_tablet=&#8221;30px&#8221; header_2_font_size_phone=&#8221;22px&#8221; header_2_font_size_last_edited=&#8221;on|phone&#8221;]<\/p>\n<h2>Szervezeti IP politika k\u00e9sz\u00edt\u00e9se \u00e9s bevezet\u00e9se<\/h2>\n<p>[\/et_pb_text][et_pb_divider color=&#8221;#63666a&#8221; divider_position=&#8221;center&#8221; divider_weight=&#8221;3&#8243; _builder_version=&#8221;3.21.1&#8243; max_width=&#8221;50px&#8221; module_alignment=&#8221;left&#8221; height=&#8221;0px&#8221; custom_margin=&#8221;15px|||&#8221; animation_style=&#8221;zoom&#8221; z_index_tablet=&#8221;500&#8243;][\/et_pb_divider][\/et_pb_column][\/et_pb_row][et_pb_row column_structure=&#8221;3_4,1_4&#8243; _builder_version=&#8221;3.25&#8243; background_size=&#8221;initial&#8221; background_position=&#8221;top_left&#8221; background_repeat=&#8221;repeat&#8221;][et_pb_column type=&#8221;3_4&#8243; _builder_version=&#8221;3.0.47&#8243; custom_padding=&#8221;|||&#8221; custom_padding__hover=&#8221;|||&#8221;][et_pb_text _builder_version=&#8221;3.27.4&#8243; text_orientation=&#8221;justified&#8221; z_index_tablet=&#8221;500&#8243;]<\/p>\n<p>A k\u00f6zfinansz\u00edroz\u00e1s\u00fa kutat\u00f3helyeknek 2004 \u00f3ta, a r\u00e9gi innov\u00e1ci\u00f3s t\u00f6rv\u00e9ny<a href=\"#_ftn1\" name=\"_ftnref1\">[1]<\/a> \u00e9letbe l\u00e9p\u00e9se \u00f3ta rendelkezni\u00fck kell Szellemitualjdon-kezel\u00e9si Szab\u00e1lyzattal (SZTSZ). Az orsz\u00e1g legjelent\u0151sebb kutat\u00f3int\u00e9zetei k\u00f6z\u00fcl sz\u00e1mos int\u00e9zettel egy\u00fcttm\u0171k\u00f6dt\u00fcnk szab\u00e1lyzatuk kialak\u00edt\u00e1s\u00e1ban. Ahogy a szab\u00e1lyzatalkot\u00e1si folyamatok lez\u00e1rultak, m\u00e1ra m\u00e1r a kutat\u00f3helyi szab\u00e1lyzatok eset\u00e9ben els\u0151sorban csak az id\u0151szakos rev\u00edzi\u00f3k jellemz\u0151k. Mivel a kutat\u00f3helyi \u00e9s egyetemi m\u0171k\u00f6d\u00e9s IP oldala nagym\u00e9rt\u00e9kben megegyezik, ezek a szab\u00e1lyzatok glob\u00e1lis szinten is nagy hasonl\u00f3s\u00e1got mutatnak. Ugyanakkor a kutat\u00f3helyi SZTSZ-ek avagy IP Policyk nem \u00fcltethet\u0151ek \u00e1t a for-profit v\u00e1llalkoz\u00e1sokra, ahol ezzel szemben nagy heterogenit\u00e1ssal tal\u00e1lkozunk.<\/p>\n<p>A v\u00e1llalkoz\u00e1sok is egyre nagyobb ar\u00e1nyban d\u00f6ntenek \u00fagy, hogy m\u0171k\u00f6d\u00e9s\u00fcknek azt az oldal\u00e1t, ami ma m\u00e1r a c\u00e9g\u00e9rt\u00e9k legnagyobb r\u00e9sz\u00e9t kiteszi, \u00e1tgondolt elvek alapj\u00e1n, ellen\u0151rizhet\u0151en \u00e9s egys\u00e9gesen akarj\u00e1k kezelni. Ez a legt\u00f6bb esetben nem lehets\u00e9ges egy k\u00f6zponti szab\u00e1lyzat n\u00e9lk\u00fcl, ugyanakkor c\u00e9genk\u00e9nt nagyban v\u00e1ltozik, hogy ez mikre terjed ki \u00e9s milyen tartalommal. Az IP Policy kialak\u00edt\u00e1si folyamatnak emiatt mag\u00e1n\u00e1l a szab\u00e1lyzatalkot\u00e1sn\u00e1l is hangs\u00falyosabb r\u00e9sze a strat\u00e9giai c\u00e9lok meghat\u00e1roz\u00e1sa \u00e9s a megl\u00e9v\u0151 gyakorlat felm\u00e9r\u00e9se (IP audit), k\u00e9s\u0151bb pedig a szab\u00e1lyzat bevezet\u00e9se. Az IP Policy-t\u00f3l minimumk\u00e9nt elv\u00e1rhat\u00f3, hogy biztos\u00edtsa a c\u00e9ges m\u0171k\u00f6d\u00e9s jogszab\u00e1lyi megfelel\u00e9s\u00e9t, p\u00e9ld\u00e1ul a feltal\u00e1l\u00f3i d\u00edjaz\u00e1s vagy a szellemi tulajdonok sz\u00e1mvitele \u00e9s transzfer \u00e1raz\u00e1sa kapcs\u00e1n. Emellett k\u00e9t f\u0151 c\u00e9lja egyr\u00e9szt a jogi kock\u00e1zattal j\u00e1r\u00f3 gyakorlatok minimaliz\u00e1l\u00e1sa (potenci\u00e1lis bitorl\u00e1s, feltal\u00e1l\u00f3i d\u00edjperek, partneri jogvit\u00e1k elker\u00fcl\u00e9se) m\u00e1sr\u00e9szt a v\u00e1llalkoz\u00e1s szellemi vagyon\u00e1nak meg\u0151rz\u00e9se \u00e9s a gyarap\u00edt\u00e1s\u00e1nak motiv\u00e1l\u00e1sa, illetve a szellemi vagyon hasznos\u00edt\u00e1s\u00e1nak el\u0151seg\u00edt\u00e9se. Ennek \u00e9rdek\u00e9ben az IP Policynak le kell fektetnie a munkav\u00e1llal\u00f3kat orient\u00e1l\u00f3 ir\u00e1nyelveket, tartalmaznia kell egyfajta \u00f6szt\u00f6nz\u0151rendszert, \u00e9s t\u00e1mogatnia kell a gyakorlati megval\u00f3s\u00edt\u00e1st folyamatle\u00edr\u00e1sok, csekklist\u00e1k \u00e9s iratmint\u00e1k seg\u00edts\u00e9g\u00e9vel. Mint minden folyamatot, a szellemitulajdon-kezel\u00e9st is t\u00e1mogatj\u00e1k informatikai megold\u00e1sok, amelyek a mindenhol megtal\u00e1lhat\u00f3 irodai programokt\u00f3l, a v\u00e1s\u00e1rolhat\u00f3 szoftvereken \u00e1t az egyedileg fejlesztett rendszerekig terjedhetnek.<\/p>\n<p>Kor\u00e1bbi \u00e9s jelenlegi megb\u00edz\u00f3ink k\u00f6z\u00f6tt megtal\u00e1lhat\u00f3ak innovat\u00edv p\u00e1r f\u0151s kft-k, t\u00f6bb ezer f\u0151s k\u00f6zfinansz\u00edroz\u00e1s\u00fa int\u00e9zm\u00e9nyek \u00e9s t\u00f6bb t\u00edzezer f\u0151s multinacion\u00e1lis v\u00e1llalatok is, ami j\u00f3l illusztr\u00e1lja a szellemitulajdon-kezel\u00e9ssel kapcsolatos ig\u00e9nyek soksz\u00edn\u0171s\u00e9g\u00e9t. Mindezt mi nem korl\u00e1tk\u00e9nt \u00e9rt\u00e9kelj\u00fck, s\u0151t kifejezetten \u00e9lvezz\u00fck, hogy meglehet\u0151sen egyedi k\u00e9r\u00e9sekkel tal\u00e1lkozhatunk, amiknek \u00f6r\u00f6mmel igyeksz\u00fcnk megfelelni.<\/p>\n<p><a href=\"#_ftnref1\" name=\"_ftn1\">[1]<\/a> 2004. \u00e9vi CXXXIV. T\u00f6rv\u00e9ny a kutat\u00e1s-fejleszt\u00e9sr\u0151l \u00e9s a technol\u00f3giai innov\u00e1ci\u00f3r\u00f3l<\/p>\n<p>[\/et_pb_text][\/et_pb_column][et_pb_column type=&#8221;1_4&#8243; _builder_version=&#8221;3.0.47&#8243; custom_padding=&#8221;|||&#8221; custom_padding__hover=&#8221;|||&#8221;][et_pb_text _builder_version=&#8221;3.27.4&#8243; text_font=&#8221;|700||on|||||&#8221; text_text_color=&#8221;#a6192e&#8221; custom_margin=&#8221;||0px|&#8221; custom_padding=&#8221;||0px|&#8221; z_index_tablet=&#8221;500&#8243; border_width_bottom=&#8221;1px&#8221; border_color_bottom=&#8221;rgba(99,102,106,0.2)&#8221;]<\/p>\n<p>Szellemitulajdon-hasznos\u00edt\u00e1s<\/p>\n<p>[\/et_pb_text][et_pb_text _builder_version=&#8221;3.29.3&#8243; text_font_size=&#8221;14px&#8221; z_index_tablet=&#8221;500&#8243; box_shadow_horizontal_tablet=&#8221;0px&#8221; box_shadow_vertical_tablet=&#8221;0px&#8221; box_shadow_blur_tablet=&#8221;40px&#8221; box_shadow_spread_tablet=&#8221;0px&#8221;]<\/p>\n<p><span style=\"color: #63666a;\"><a style=\"color: #63666a;\" href=\"https:\/\/www.danubia.com\/hu\/szellemitulajdon-hasznositas\/szellemitulajdon-ertekelesek-es-auditok\/\">Szellemitulajdon-\u00e9rt\u00e9kel\u00e9sek \u00e9s \u2013auditok<\/a><\/span><br \/><span style=\"color: #63666a;\"><a style=\"color: #63666a;\" href=\"https:\/\/www.danubia.com\/hu\/szellemitulajdon-hasznositas\/szervezeti-ip-politika-keszitese-es-bevezetese\/\">Szervezeti IP politika k\u00e9sz\u00edt\u00e9se \u00e9s bevezet\u00e9se<\/a><\/span><br \/><span style=\"color: #63666a;\"><a style=\"color: #63666a;\" href=\"https:\/\/www.danubia.com\/hu\/szellemitulajdon-hasznositas\/technologia-transzfer-licensz-ugyletek\/\">Technol\u00f3gia transzfer, licensz \u00fcgyletek<\/a><\/span><br \/><span style=\"color: #63666a;\"><a style=\"color: #63666a;\" href=\"https:\/\/www.danubia.com\/hu\/szellemitulajdon-hasznositas\/iparjogvedelmi-es-innovacios-tanacsadas\/\">Iparjogv\u00e9delmi \u00e9s innov\u00e1ci\u00f3s tan\u00e1csad\u00e1s<\/a><\/span><br \/><span style=\"color: #63666a;\"><a style=\"color: #63666a;\" href=\"https:\/\/www.danubia.com\/hu\/szellemitulajdon-hasznositas\/iparjogvedelmi-palyazatok-kezelese-es-kf-minosites\/\">Iparjogv\u00e9delmi p\u00e1ly\u00e1zatok kezel\u00e9se \u00e9s K+F min\u0151s\u00edt\u00e9s<\/a><\/span><\/p>\n<p>[\/et_pb_text][et_pb_text _builder_version=&#8221;3.27.4&#8243; text_font=&#8221;|700||on|||||&#8221; text_text_color=&#8221;#a6192e&#8221; custom_margin=&#8221;||0px|&#8221; custom_padding=&#8221;||0px|&#8221; z_index_tablet=&#8221;500&#8243; border_width_bottom=&#8221;1px&#8221; border_color_bottom=&#8221;rgba(99,102,106,0.2)&#8221;]<\/p>\n<p>Tov\u00e1bbi inform\u00e1ci\u00f3 a szolg\u00e1ltat\u00e1shoz<\/p>\n<p>[\/et_pb_text][et_pb_text _builder_version=&#8221;3.27.4&#8243; text_font_size=&#8221;14px&#8221; z_index_tablet=&#8221;500&#8243;]<span style=\"color: #63666a;\"><a style=\"color: #63666a;\" href=\"tel:+3614118880\">+ 36 1 411 8880<\/a><\/span><br \/>\n<span style=\"color: #63666a;\"><a style=\"color: #63666a;\" href=\"mailto:danubiaip@danubia.hu\">danubiaip@danubia.hu<\/a><\/span><br \/>\n[\/et_pb_text][\/et_pb_column][\/et_pb_row][\/et_pb_section]<\/p>\n","protected":false},"excerpt":{"rendered":"<p>Szellemitulajdon-hasznos\u00edt\u00e1s Szervezeti IP politika k\u00e9sz\u00edt\u00e9se \u00e9s bevezet\u00e9seA k\u00f6zfinansz\u00edroz\u00e1s\u00fa kutat\u00f3helyeknek 2004 \u00f3ta, a r\u00e9gi innov\u00e1ci\u00f3s t\u00f6rv\u00e9ny[1] \u00e9letbe l\u00e9p\u00e9se \u00f3ta rendelkezni\u00fck kell Szellemitualjdon-kezel\u00e9si Szab\u00e1lyzattal (SZTSZ). Az orsz\u00e1g legjelent\u0151sebb kutat\u00f3int\u00e9zetei k\u00f6z\u00fcl sz\u00e1mos int\u00e9zettel egy\u00fcttm\u0171k\u00f6dt\u00fcnk szab\u00e1lyzatuk kialak\u00edt\u00e1s\u00e1ban. Ahogy a szab\u00e1lyzatalkot\u00e1si folyamatok lez\u00e1rultak, m\u00e1ra m\u00e1r a kutat\u00f3helyi szab\u00e1lyzatok eset\u00e9ben els\u0151sorban csak az id\u0151szakos rev\u00edzi\u00f3k jellemz\u0151k. Mivel a kutat\u00f3helyi \u00e9s egyetemi [&hellip;]<\/p>\n","protected":false},"author":1,"featured_media":0,"parent":1202,"menu_order":0,"comment_status":"closed","ping_status":"closed","template":"","meta":{"_et_pb_use_builder":"on","_et_pb_old_content":"","_et_gb_content_width":"","footnotes":""},"class_list":["post-1211","page","type-page","status-publish","hentry"],"yoast_head":"<!-- This site is optimized with the Yoast SEO plugin v27.3 - https:\/\/yoast.com\/product\/yoast-seo-wordpress\/ -->\n<title>Szervezeti IP politika k\u00e9sz\u00edt\u00e9se \u00e9s bevezet\u00e9se<\/title>\n<meta name=\"description\" content=\"Szellemitualjdon-kezel\u00e9si Szab\u00e1lyzat, IP Policy, IP politika kialak\u00edt\u00e1sa. Feltal\u00e1l\u00f3i d\u00edjaz\u00e1s, szellemi tulajdonok sz\u00e1mvitele, technol\u00f3gia transzfer \u00e1raz\u00e1s.\" \/>\n<meta name=\"robots\" content=\"index, follow, max-snippet:-1, max-image-preview:large, max-video-preview:-1\" \/>\n<link rel=\"canonical\" href=\"https:\/\/www.danubia.com\/hu\/szellemitulajdon-hasznositas\/szervezeti-ip-politika-keszitese-es-bevezetese\/\" \/>\n<meta property=\"og:locale\" content=\"hu_HU\" \/>\n<meta property=\"og:type\" content=\"article\" \/>\n<meta property=\"og:title\" content=\"Szervezeti IP politika k\u00e9sz\u00edt\u00e9se \u00e9s bevezet\u00e9se\" \/>\n<meta property=\"og:description\" content=\"Szellemitualjdon-kezel\u00e9si Szab\u00e1lyzat, IP Policy, IP politika kialak\u00edt\u00e1sa. Feltal\u00e1l\u00f3i d\u00edjaz\u00e1s, szellemi tulajdonok sz\u00e1mvitele, technol\u00f3gia transzfer \u00e1raz\u00e1s.\" \/>\n<meta property=\"og:url\" content=\"https:\/\/www.danubia.com\/hu\/szellemitulajdon-hasznositas\/szervezeti-ip-politika-keszitese-es-bevezetese\/\" \/>\n<meta property=\"og:site_name\" content=\"Danubia\" \/>\n<meta property=\"article:modified_time\" content=\"2020-02-05T15:26:05+00:00\" \/>\n<meta property=\"og:image\" content=\"https:\/\/www.danubia.com\/wp-content\/uploads\/2019\/11\/Danubia-og-hu.jpg\" \/>\n\t<meta property=\"og:image:width\" content=\"1125\" \/>\n\t<meta property=\"og:image:height\" content=\"633\" \/>\n\t<meta property=\"og:image:type\" content=\"image\/jpeg\" \/>\n<meta name=\"twitter:card\" content=\"summary_large_image\" \/>\n<meta name=\"twitter:label1\" content=\"Becs\u00fclt olvas\u00e1si id\u0151\" \/>\n\t<meta name=\"twitter:data1\" content=\"6 perc\" \/>\n<script type=\"application\/ld+json\" class=\"yoast-schema-graph\">{\"@context\":\"https:\\\/\\\/schema.org\",\"@graph\":[{\"@type\":\"WebPage\",\"@id\":\"https:\\\/\\\/www.danubia.com\\\/hu\\\/szellemitulajdon-hasznositas\\\/szervezeti-ip-politika-keszitese-es-bevezetese\\\/\",\"url\":\"https:\\\/\\\/www.danubia.com\\\/hu\\\/szellemitulajdon-hasznositas\\\/szervezeti-ip-politika-keszitese-es-bevezetese\\\/\",\"name\":\"Szervezeti IP politika k\u00e9sz\u00edt\u00e9se \u00e9s bevezet\u00e9se\",\"isPartOf\":{\"@id\":\"https:\\\/\\\/www.danubia.com\\\/#website\"},\"datePublished\":\"2019-07-11T11:41:30+00:00\",\"dateModified\":\"2020-02-05T15:26:05+00:00\",\"description\":\"Szellemitualjdon-kezel\u00e9si Szab\u00e1lyzat, IP Policy, IP politika kialak\u00edt\u00e1sa. Feltal\u00e1l\u00f3i d\u00edjaz\u00e1s, szellemi tulajdonok sz\u00e1mvitele, technol\u00f3gia transzfer \u00e1raz\u00e1s.\",\"breadcrumb\":{\"@id\":\"https:\\\/\\\/www.danubia.com\\\/hu\\\/szellemitulajdon-hasznositas\\\/szervezeti-ip-politika-keszitese-es-bevezetese\\\/#breadcrumb\"},\"inLanguage\":\"hu\",\"potentialAction\":[{\"@type\":\"ReadAction\",\"target\":[\"https:\\\/\\\/www.danubia.com\\\/hu\\\/szellemitulajdon-hasznositas\\\/szervezeti-ip-politika-keszitese-es-bevezetese\\\/\"]}]},{\"@type\":\"BreadcrumbList\",\"@id\":\"https:\\\/\\\/www.danubia.com\\\/hu\\\/szellemitulajdon-hasznositas\\\/szervezeti-ip-politika-keszitese-es-bevezetese\\\/#breadcrumb\",\"itemListElement\":[{\"@type\":\"ListItem\",\"position\":1,\"name\":\"Home\",\"item\":\"https:\\\/\\\/www.danubia.com\\\/hu\\\/\"},{\"@type\":\"ListItem\",\"position\":2,\"name\":\"Szellemitulajdon-hasznos\u00edt\u00e1s\",\"item\":\"https:\\\/\\\/www.danubia.com\\\/hu\\\/szellemitulajdon-hasznositas\\\/\"},{\"@type\":\"ListItem\",\"position\":3,\"name\":\"Szervezeti IP politika k\u00e9sz\u00edt\u00e9se \u00e9s bevezet\u00e9se\"}]},{\"@type\":\"WebSite\",\"@id\":\"https:\\\/\\\/www.danubia.com\\\/#website\",\"url\":\"https:\\\/\\\/www.danubia.com\\\/\",\"name\":\"Danubia\",\"description\":\"\",\"potentialAction\":[{\"@type\":\"SearchAction\",\"target\":{\"@type\":\"EntryPoint\",\"urlTemplate\":\"https:\\\/\\\/www.danubia.com\\\/?s={search_term_string}\"},\"query-input\":{\"@type\":\"PropertyValueSpecification\",\"valueRequired\":true,\"valueName\":\"search_term_string\"}}],\"inLanguage\":\"hu\"}]}<\/script>\n<!-- \/ Yoast SEO plugin. -->","yoast_head_json":{"title":"Szervezeti IP politika k\u00e9sz\u00edt\u00e9se \u00e9s bevezet\u00e9se","description":"Szellemitualjdon-kezel\u00e9si Szab\u00e1lyzat, IP Policy, IP politika kialak\u00edt\u00e1sa. Feltal\u00e1l\u00f3i d\u00edjaz\u00e1s, szellemi tulajdonok sz\u00e1mvitele, technol\u00f3gia transzfer \u00e1raz\u00e1s.","robots":{"index":"index","follow":"follow","max-snippet":"max-snippet:-1","max-image-preview":"max-image-preview:large","max-video-preview":"max-video-preview:-1"},"canonical":"https:\/\/www.danubia.com\/hu\/szellemitulajdon-hasznositas\/szervezeti-ip-politika-keszitese-es-bevezetese\/","og_locale":"hu_HU","og_type":"article","og_title":"Szervezeti IP politika k\u00e9sz\u00edt\u00e9se \u00e9s bevezet\u00e9se","og_description":"Szellemitualjdon-kezel\u00e9si Szab\u00e1lyzat, IP Policy, IP politika kialak\u00edt\u00e1sa. Feltal\u00e1l\u00f3i d\u00edjaz\u00e1s, szellemi tulajdonok sz\u00e1mvitele, technol\u00f3gia transzfer \u00e1raz\u00e1s.","og_url":"https:\/\/www.danubia.com\/hu\/szellemitulajdon-hasznositas\/szervezeti-ip-politika-keszitese-es-bevezetese\/","og_site_name":"Danubia","article_modified_time":"2020-02-05T15:26:05+00:00","og_image":[{"width":1125,"height":633,"url":"https:\/\/www.danubia.com\/wp-content\/uploads\/2019\/11\/Danubia-og-hu.jpg","type":"image\/jpeg"}],"twitter_card":"summary_large_image","twitter_misc":{"Becs\u00fclt olvas\u00e1si id\u0151":"6 perc"},"schema":{"@context":"https:\/\/schema.org","@graph":[{"@type":"WebPage","@id":"https:\/\/www.danubia.com\/hu\/szellemitulajdon-hasznositas\/szervezeti-ip-politika-keszitese-es-bevezetese\/","url":"https:\/\/www.danubia.com\/hu\/szellemitulajdon-hasznositas\/szervezeti-ip-politika-keszitese-es-bevezetese\/","name":"Szervezeti IP politika k\u00e9sz\u00edt\u00e9se \u00e9s bevezet\u00e9se","isPartOf":{"@id":"https:\/\/www.danubia.com\/#website"},"datePublished":"2019-07-11T11:41:30+00:00","dateModified":"2020-02-05T15:26:05+00:00","description":"Szellemitualjdon-kezel\u00e9si Szab\u00e1lyzat, IP Policy, IP politika kialak\u00edt\u00e1sa. Feltal\u00e1l\u00f3i d\u00edjaz\u00e1s, szellemi tulajdonok sz\u00e1mvitele, technol\u00f3gia transzfer \u00e1raz\u00e1s.","breadcrumb":{"@id":"https:\/\/www.danubia.com\/hu\/szellemitulajdon-hasznositas\/szervezeti-ip-politika-keszitese-es-bevezetese\/#breadcrumb"},"inLanguage":"hu","potentialAction":[{"@type":"ReadAction","target":["https:\/\/www.danubia.com\/hu\/szellemitulajdon-hasznositas\/szervezeti-ip-politika-keszitese-es-bevezetese\/"]}]},{"@type":"BreadcrumbList","@id":"https:\/\/www.danubia.com\/hu\/szellemitulajdon-hasznositas\/szervezeti-ip-politika-keszitese-es-bevezetese\/#breadcrumb","itemListElement":[{"@type":"ListItem","position":1,"name":"Home","item":"https:\/\/www.danubia.com\/hu\/"},{"@type":"ListItem","position":2,"name":"Szellemitulajdon-hasznos\u00edt\u00e1s","item":"https:\/\/www.danubia.com\/hu\/szellemitulajdon-hasznositas\/"},{"@type":"ListItem","position":3,"name":"Szervezeti IP politika k\u00e9sz\u00edt\u00e9se \u00e9s bevezet\u00e9se"}]},{"@type":"WebSite","@id":"https:\/\/www.danubia.com\/#website","url":"https:\/\/www.danubia.com\/","name":"Danubia","description":"","potentialAction":[{"@type":"SearchAction","target":{"@type":"EntryPoint","urlTemplate":"https:\/\/www.danubia.com\/?s={search_term_string}"},"query-input":{"@type":"PropertyValueSpecification","valueRequired":true,"valueName":"search_term_string"}}],"inLanguage":"hu"}]}},"_links":{"self":[{"href":"https:\/\/www.danubia.com\/hu\/wp-json\/wp\/v2\/pages\/1211","targetHints":{"allow":["GET"]}}],"collection":[{"href":"https:\/\/www.danubia.com\/hu\/wp-json\/wp\/v2\/pages"}],"about":[{"href":"https:\/\/www.danubia.com\/hu\/wp-json\/wp\/v2\/types\/page"}],"author":[{"embeddable":true,"href":"https:\/\/www.danubia.com\/hu\/wp-json\/wp\/v2\/users\/1"}],"replies":[{"embeddable":true,"href":"https:\/\/www.danubia.com\/hu\/wp-json\/wp\/v2\/comments?post=1211"}],"version-history":[{"count":8,"href":"https:\/\/www.danubia.com\/hu\/wp-json\/wp\/v2\/pages\/1211\/revisions"}],"predecessor-version":[{"id":3733,"href":"https:\/\/www.danubia.com\/hu\/wp-json\/wp\/v2\/pages\/1211\/revisions\/3733"}],"up":[{"embeddable":true,"href":"https:\/\/www.danubia.com\/hu\/wp-json\/wp\/v2\/pages\/1202"}],"wp:attachment":[{"href":"https:\/\/www.danubia.com\/hu\/wp-json\/wp\/v2\/media?parent=1211"}],"curies":[{"name":"wp","href":"https:\/\/api.w.org\/{rel}","templated":true}]}}