
{"id":1213,"date":"2019-07-11T11:42:26","date_gmt":"2019-07-11T11:42:26","guid":{"rendered":"https:\/\/www.danubia.com\/?page_id=1213"},"modified":"2020-02-05T15:26:22","modified_gmt":"2020-02-05T15:26:22","slug":"technologia-transzfer-licensz-ugyletek","status":"publish","type":"page","link":"https:\/\/www.danubia.com\/hu\/szellemitulajdon-hasznositas\/technologia-transzfer-licensz-ugyletek\/","title":{"rendered":"Technol\u00f3gia transzfer, licensz \u00fcgyletek"},"content":{"rendered":"<p>[et_pb_section fb_built=&#8221;1&#8243; _builder_version=&#8221;3.22&#8243; background_image=&#8221;https:\/\/www.danubia.com\/wp-content\/uploads\/2019\/04\/Danube-Budapest5.jpg&#8221; custom_padding=&#8221;0px||0px|&#8221; z_index_tablet=&#8221;500&#8243;][et_pb_row use_custom_gutter=&#8221;on&#8221; gutter_width=&#8221;1&#8243; custom_padding_last_edited=&#8221;on|desktop&#8221; module_class=&#8221; et_pb_row_fullwidth et_pb_row_fullwidth et_pb_row_fullwidth et_pb_row_fullwidth et_pb_row_fullwidth et_pb_row_fullwidth et_pb_row_fullwidth et_pb_row_fullwidth et_pb_row_fullwidth et_pb_row_fullwidth et_pb_row_fullwidth et_pb_row_fullwidth et_pb_row_fullwidth&#8221; _builder_version=&#8221;3.25&#8243; background_color=&#8221;rgba(0,0,0,0.2)&#8221; background_size=&#8221;initial&#8221; background_position=&#8221;top_left&#8221; background_repeat=&#8221;repeat&#8221; width=&#8221;100%&#8221; width_tablet=&#8221;100%&#8221; width_phone=&#8221;&#8221; width_last_edited=&#8221;on|desktop&#8221; max_width=&#8221;100%&#8221; max_width_tablet=&#8221;100%&#8221; max_width_phone=&#8221;&#8221; max_width_last_edited=&#8221;on|desktop&#8221; custom_padding=&#8221;80px||80px|&#8221; custom_padding_tablet=&#8221;&#8221; custom_padding_phone=&#8221;50px||50px|&#8221; animation_style=&#8221;fade&#8221; animation_delay=&#8221;500ms&#8221; z_index_tablet=&#8221;500&#8243; make_fullwidth=&#8221;on&#8221;][et_pb_column type=&#8221;4_4&#8243; _builder_version=&#8221;3.0.47&#8243; custom_padding=&#8221;|||&#8221; custom_padding__hover=&#8221;|||&#8221;][et_pb_text _builder_version=&#8221;3.27.4&#8243; text_font=&#8221;Raleway|700|||||||&#8221; text_text_color=&#8221;#ffffff&#8221; text_font_size=&#8221;36px&#8221; header_font=&#8221;Raleway|700||on|||||&#8221; header_text_align=&#8221;center&#8221; header_text_color=&#8221;#ffffff&#8221; header_font_size=&#8221;36px&#8221; header_line_height=&#8221;1.4em&#8221; text_orientation=&#8221;center&#8221; z_index_tablet=&#8221;500&#8243; text_font_size_tablet=&#8221;30px&#8221; text_font_size_phone=&#8221;22px&#8221; text_font_size_last_edited=&#8221;on|phone&#8221; header_font_size_tablet=&#8221;30px&#8221; header_font_size_phone=&#8221;22px&#8221; header_font_size_last_edited=&#8221;on|desktop&#8221;]<\/p>\n<h1>Szellemitulajdon-hasznos\u00edt\u00e1s <\/h1>\n<p>[\/et_pb_text][\/et_pb_column][\/et_pb_row][\/et_pb_section][et_pb_section fb_built=&#8221;1&#8243; _builder_version=&#8221;3.22&#8243;][et_pb_row _builder_version=&#8221;3.25&#8243; background_size=&#8221;initial&#8221; background_position=&#8221;top_left&#8221; background_repeat=&#8221;repeat&#8221;][et_pb_column type=&#8221;4_4&#8243; _builder_version=&#8221;3.0.47&#8243; custom_padding=&#8221;|||&#8221; custom_padding__hover=&#8221;|||&#8221;][et_pb_text _builder_version=&#8221;3.27.4&#8243; text_font=&#8221;Raleway|700||on|||||&#8221; text_text_color=&#8221;#a6192e&#8221; text_font_size=&#8221;36px&#8221; header_font=&#8221;Raleway|700||on|||||&#8221; header_text_align=&#8221;center&#8221; header_text_color=&#8221;#ffffff&#8221; header_font_size=&#8221;50px&#8221; header_2_font=&#8221;Raleway|700|||||||&#8221; header_2_text_align=&#8221;left&#8221; header_2_text_color=&#8221;#a6192e&#8221; header_2_font_size=&#8221;36px&#8221; custom_margin=&#8221;||0px|&#8221; custom_padding=&#8221;||0px|&#8221; z_index_tablet=&#8221;500&#8243; text_font_size_tablet=&#8221;30px&#8221; text_font_size_phone=&#8221;22px&#8221; text_font_size_last_edited=&#8221;on|desktop&#8221; header_font_size_tablet=&#8221;30px&#8221; header_font_size_phone=&#8221;22px&#8221; header_font_size_last_edited=&#8221;on|desktop&#8221; header_2_font_size_tablet=&#8221;30px&#8221; header_2_font_size_phone=&#8221;22px&#8221; header_2_font_size_last_edited=&#8221;on|phone&#8221;]<\/p>\n<h2>Technol\u00f3gia transzfer, licensz \u00fcgyletek<\/h2>\n<p>[\/et_pb_text][et_pb_divider color=&#8221;#63666a&#8221; divider_position=&#8221;center&#8221; divider_weight=&#8221;3&#8243; _builder_version=&#8221;3.21.1&#8243; max_width=&#8221;50px&#8221; module_alignment=&#8221;left&#8221; height=&#8221;0px&#8221; custom_margin=&#8221;15px|||&#8221; animation_style=&#8221;zoom&#8221; z_index_tablet=&#8221;500&#8243;][\/et_pb_divider][\/et_pb_column][\/et_pb_row][et_pb_row _builder_version=&#8221;3.25&#8243; background_size=&#8221;initial&#8221; background_position=&#8221;top_left&#8221; background_repeat=&#8221;repeat&#8221; column_structure=&#8221;3_4,1_4&#8243;][et_pb_column type=&#8221;3_4&#8243; _builder_version=&#8221;3.0.47&#8243; custom_padding=&#8221;|||&#8221; custom_padding__hover=&#8221;|||&#8221;][et_pb_text _builder_version=&#8221;3.27.4&#8243; text_orientation=&#8221;justified&#8221; z_index_tablet=&#8221;500&#8243;]<\/p>\n<p>A technol\u00f3gia transzfer egy komplex folyamat, amely sor\u00e1n a kutat\u00e1si eredm\u00e9nyek gyakorlati alkalmaz\u00e1sba vitele val\u00f3sul meg, m\u00e9ghozz\u00e1 a kidolgoz\u00f3hoz k\u00e9pest egy m\u00e1sik entit\u00e1s \u00e1ltal. Mindehhez a gyakorlati alapot mindig valamilyen szellemi tulajdon szolg\u00e1ltatja, amelynek kell\u0151en stabilnak is kell lennie a transzfer l\u00e9trej\u00f6tt\u00e9hez \u00e9s a felek k\u00f6z\u00f6tti j\u00f3 egy\u00fcttm\u0171k\u00f6d\u00e9s fenntart\u00e1s\u00e1hoz.<\/p>\n<p>Amennyiben a transzfer\u00e1l\u00f3, \u00e9rt\u00e9kes\u00edt\u0151 szerepl\u0151 oldal\u00e1n kapcsol\u00f3dunk be a folyamatba, c\u00e9gcsoportunk szak\u00e9rt\u0151i seg\u00edtenek a lehet\u0151 legjobb v\u00e9delem kialak\u00edt\u00e1s\u00e1ban, m\u00edg m\u00e1sik oldali megb\u00edz\u00e1sban seg\u00edt\u00fcnk a k\u00e9rd\u00e9ses szellemi tulajdon szakmai felm\u00e9r\u00e9s\u00e9ben, \u00e9rt\u00e9kel\u00e9s\u00e9ben. J\u00f3l l\u00e1tjuk, hogy milyen jelent\u0151s\u00e9ge van licensz \u00e9s egy\u00e9b technol\u00f3gia \u00e1tad\u00e1si \u00fcgyletekn\u00e9l az el\u0151k\u00e9sz\u00edt\u00e9snek \u00e9s a t\u00e1rgyal\u00e1si folyamatnak, \u00edgy ezek sor\u00e1n is maxim\u00e1lis szakmai t\u00e1mogat\u00e1st ny\u00fajtunk \u00fcgyfeleinknek, legyen sz\u00f3 kommunik\u00e1ci\u00f3r\u00f3l, a t\u00e1rgyal\u00e1son val\u00f3 r\u00e9szv\u00e9telr\u0151l, az aj\u00e1nlatok v\u00e9lem\u00e9nyez\u00e9s\u00e9r\u0151l, ellenaj\u00e1nlatok \u00e9s szerz\u0151d\u00e9ses dokumentumok kidolgoz\u00e1s\u00e1r\u00f3l vagy egy\u00e9b tan\u00e1csad\u00e1si feladatokr\u00f3l.<\/p>\n<p>[\/et_pb_text][\/et_pb_column][et_pb_column type=&#8221;1_4&#8243; _builder_version=&#8221;3.0.47&#8243; custom_padding=&#8221;|||&#8221; custom_padding__hover=&#8221;|||&#8221;][et_pb_text _builder_version=&#8221;3.27.4&#8243; text_font=&#8221;|700||on|||||&#8221; text_text_color=&#8221;#a6192e&#8221; custom_margin=&#8221;||0px|&#8221; custom_padding=&#8221;||0px|&#8221; z_index_tablet=&#8221;500&#8243; border_width_bottom=&#8221;1px&#8221; border_color_bottom=&#8221;rgba(99,102,106,0.2)&#8221;]<\/p>\n<p>Szellemitulajdon-hasznos\u00edt\u00e1s<\/p>\n<p>[\/et_pb_text][et_pb_text _builder_version=&#8221;3.29.3&#8243; text_font_size=&#8221;14px&#8221; z_index_tablet=&#8221;500&#8243; box_shadow_horizontal_tablet=&#8221;0px&#8221; box_shadow_vertical_tablet=&#8221;0px&#8221; box_shadow_blur_tablet=&#8221;40px&#8221; box_shadow_spread_tablet=&#8221;0px&#8221;]<\/p>\n<p><span style=\"color: #63666a;\"><a style=\"color: #63666a;\" href=\"https:\/\/www.danubia.com\/hu\/szellemitulajdon-hasznositas\/szellemitulajdon-ertekelesek-es-auditok\/\">Szellemitulajdon-\u00e9rt\u00e9kel\u00e9sek \u00e9s \u2013auditok<\/a><\/span><br \/><span style=\"color: #63666a;\"><a style=\"color: #63666a;\" href=\"https:\/\/www.danubia.com\/hu\/szellemitulajdon-hasznositas\/szervezeti-ip-politika-keszitese-es-bevezetese\/\">Szervezeti IP politika k\u00e9sz\u00edt\u00e9se \u00e9s bevezet\u00e9se<\/a><\/span><br \/><span style=\"color: #63666a;\"><a style=\"color: #63666a;\" href=\"https:\/\/www.danubia.com\/hu\/szellemitulajdon-hasznositas\/technologia-transzfer-licensz-ugyletek\/\">Technol\u00f3gia transzfer, licensz \u00fcgyletek<\/a><\/span><br \/><span style=\"color: #63666a;\"><a style=\"color: #63666a;\" href=\"https:\/\/www.danubia.com\/hu\/szellemitulajdon-hasznositas\/iparjogvedelmi-es-innovacios-tanacsadas\/\">Iparjogv\u00e9delmi \u00e9s innov\u00e1ci\u00f3s tan\u00e1csad\u00e1s<\/a><\/span><br \/><span style=\"color: #63666a;\"><a style=\"color: #63666a;\" href=\"https:\/\/www.danubia.com\/hu\/szellemitulajdon-hasznositas\/iparjogvedelmi-palyazatok-kezelese-es-kf-minosites\/\">Iparjogv\u00e9delmi p\u00e1ly\u00e1zatok kezel\u00e9se \u00e9s K+F min\u0151s\u00edt\u00e9s<\/a><\/span><\/p>\n<p>[\/et_pb_text][et_pb_text _builder_version=&#8221;3.27.4&#8243; text_font=&#8221;|700||on|||||&#8221; text_text_color=&#8221;#a6192e&#8221; custom_margin=&#8221;||0px|&#8221; custom_padding=&#8221;||0px|&#8221; z_index_tablet=&#8221;500&#8243; border_width_bottom=&#8221;1px&#8221; border_color_bottom=&#8221;rgba(99,102,106,0.2)&#8221;]<\/p>\n<p>Tov\u00e1bbi inform\u00e1ci\u00f3 a szolg\u00e1ltat\u00e1shoz<\/p>\n<p>[\/et_pb_text][et_pb_text _builder_version=&#8221;3.27.4&#8243; text_font_size=&#8221;14px&#8221; z_index_tablet=&#8221;500&#8243;]<span style=\"color: #63666a;\"><a style=\"color: #63666a;\" href=\"tel:+3614118880\">+ 36 1 411 8880<\/a><\/span><br \/>\n<span style=\"color: #63666a;\"><a style=\"color: #63666a;\" href=\"mailto:danubiaip@danubia.hu\">danubiaip@danubia.hu<\/a><\/span><br \/>\n[\/et_pb_text][\/et_pb_column][\/et_pb_row][\/et_pb_section]<\/p>\n","protected":false},"excerpt":{"rendered":"<p>Szellemitulajdon-hasznos\u00edt\u00e1s Technol\u00f3gia transzfer, licensz \u00fcgyletek A technol\u00f3gia transzfer egy komplex folyamat, amely sor\u00e1n a kutat\u00e1si eredm\u00e9nyek gyakorlati alkalmaz\u00e1sba vitele val\u00f3sul meg, m\u00e9ghozz\u00e1 a kidolgoz\u00f3hoz k\u00e9pest egy m\u00e1sik entit\u00e1s \u00e1ltal. Mindehhez a gyakorlati alapot mindig valamilyen szellemi tulajdon szolg\u00e1ltatja, amelynek kell\u0151en stabilnak is kell lennie a transzfer l\u00e9trej\u00f6tt\u00e9hez \u00e9s a felek k\u00f6z\u00f6tti j\u00f3 egy\u00fcttm\u0171k\u00f6d\u00e9s fenntart\u00e1s\u00e1hoz. Amennyiben [&hellip;]<\/p>\n","protected":false},"author":1,"featured_media":0,"parent":1202,"menu_order":0,"comment_status":"closed","ping_status":"closed","template":"","meta":{"_et_pb_use_builder":"on","_et_pb_old_content":"","_et_gb_content_width":"","footnotes":""},"class_list":["post-1213","page","type-page","status-publish","hentry"],"yoast_head":"<!-- This site is optimized with the Yoast SEO plugin v27.0 - https:\/\/yoast.com\/product\/yoast-seo-wordpress\/ -->\n<title>Technol\u00f3gia transzfer, licensz \u00fcgyletek<\/title>\n<meta name=\"description\" content=\"Technol\u00f3gia transzfer, licensz \u00fcgyletek, licencszerz\u0151d\u00e9s, szellemi tulajdon szakmai felm\u00e9r\u00e9se, \u00e9rt\u00e9kel\u00e9se, szellemi alkot\u00e1s v\u00e9delm\u00e9nek kialak\u00edt\u00e1sa.\" \/>\n<meta name=\"robots\" content=\"index, follow, max-snippet:-1, max-image-preview:large, max-video-preview:-1\" \/>\n<link rel=\"canonical\" href=\"https:\/\/www.danubia.com\/hu\/szellemitulajdon-hasznositas\/technologia-transzfer-licensz-ugyletek\/\" \/>\n<meta property=\"og:locale\" content=\"hu_HU\" \/>\n<meta property=\"og:type\" content=\"article\" \/>\n<meta property=\"og:title\" content=\"Technol\u00f3gia transzfer, licensz \u00fcgyletek\" \/>\n<meta property=\"og:description\" content=\"Technol\u00f3gia transzfer, licensz \u00fcgyletek, licencszerz\u0151d\u00e9s, szellemi tulajdon szakmai felm\u00e9r\u00e9se, \u00e9rt\u00e9kel\u00e9se, szellemi alkot\u00e1s v\u00e9delm\u00e9nek kialak\u00edt\u00e1sa.\" \/>\n<meta property=\"og:url\" content=\"https:\/\/www.danubia.com\/hu\/szellemitulajdon-hasznositas\/technologia-transzfer-licensz-ugyletek\/\" \/>\n<meta property=\"og:site_name\" content=\"Danubia\" \/>\n<meta property=\"article:modified_time\" content=\"2020-02-05T15:26:22+00:00\" \/>\n<meta property=\"og:image\" content=\"https:\/\/www.danubia.com\/wp-content\/uploads\/2019\/11\/Danubia-og-hu.jpg\" \/>\n\t<meta property=\"og:image:width\" content=\"1125\" \/>\n\t<meta property=\"og:image:height\" content=\"633\" \/>\n\t<meta property=\"og:image:type\" content=\"image\/jpeg\" \/>\n<meta name=\"twitter:card\" content=\"summary_large_image\" \/>\n<meta name=\"twitter:label1\" content=\"Becs\u00fclt olvas\u00e1si id\u0151\" \/>\n\t<meta name=\"twitter:data1\" content=\"5 perc\" \/>\n<script type=\"application\/ld+json\" class=\"yoast-schema-graph\">{\"@context\":\"https:\/\/schema.org\",\"@graph\":[{\"@type\":\"WebPage\",\"@id\":\"https:\/\/www.danubia.com\/hu\/szellemitulajdon-hasznositas\/technologia-transzfer-licensz-ugyletek\/\",\"url\":\"https:\/\/www.danubia.com\/hu\/szellemitulajdon-hasznositas\/technologia-transzfer-licensz-ugyletek\/\",\"name\":\"Technol\u00f3gia transzfer, licensz \u00fcgyletek\",\"isPartOf\":{\"@id\":\"https:\/\/www.danubia.com\/#website\"},\"datePublished\":\"2019-07-11T11:42:26+00:00\",\"dateModified\":\"2020-02-05T15:26:22+00:00\",\"description\":\"Technol\u00f3gia transzfer, licensz \u00fcgyletek, licencszerz\u0151d\u00e9s, szellemi tulajdon szakmai felm\u00e9r\u00e9se, \u00e9rt\u00e9kel\u00e9se, szellemi alkot\u00e1s v\u00e9delm\u00e9nek kialak\u00edt\u00e1sa.\",\"breadcrumb\":{\"@id\":\"https:\/\/www.danubia.com\/hu\/szellemitulajdon-hasznositas\/technologia-transzfer-licensz-ugyletek\/#breadcrumb\"},\"inLanguage\":\"hu\",\"potentialAction\":[{\"@type\":\"ReadAction\",\"target\":[\"https:\/\/www.danubia.com\/hu\/szellemitulajdon-hasznositas\/technologia-transzfer-licensz-ugyletek\/\"]}]},{\"@type\":\"BreadcrumbList\",\"@id\":\"https:\/\/www.danubia.com\/hu\/szellemitulajdon-hasznositas\/technologia-transzfer-licensz-ugyletek\/#breadcrumb\",\"itemListElement\":[{\"@type\":\"ListItem\",\"position\":1,\"name\":\"Home\",\"item\":\"https:\/\/www.danubia.com\/hu\/\"},{\"@type\":\"ListItem\",\"position\":2,\"name\":\"Szellemitulajdon-hasznos\u00edt\u00e1s\",\"item\":\"https:\/\/www.danubia.com\/hu\/szellemitulajdon-hasznositas\/\"},{\"@type\":\"ListItem\",\"position\":3,\"name\":\"Technol\u00f3gia transzfer, licensz \u00fcgyletek\"}]},{\"@type\":\"WebSite\",\"@id\":\"https:\/\/www.danubia.com\/#website\",\"url\":\"https:\/\/www.danubia.com\/\",\"name\":\"Danubia\",\"description\":\"\",\"potentialAction\":[{\"@type\":\"SearchAction\",\"target\":{\"@type\":\"EntryPoint\",\"urlTemplate\":\"https:\/\/www.danubia.com\/?s={search_term_string}\"},\"query-input\":{\"@type\":\"PropertyValueSpecification\",\"valueRequired\":true,\"valueName\":\"search_term_string\"}}],\"inLanguage\":\"hu\"}]}<\/script>\n<!-- \/ Yoast SEO plugin. -->","yoast_head_json":{"title":"Technol\u00f3gia transzfer, licensz \u00fcgyletek","description":"Technol\u00f3gia transzfer, licensz \u00fcgyletek, licencszerz\u0151d\u00e9s, szellemi tulajdon szakmai felm\u00e9r\u00e9se, \u00e9rt\u00e9kel\u00e9se, szellemi alkot\u00e1s v\u00e9delm\u00e9nek kialak\u00edt\u00e1sa.","robots":{"index":"index","follow":"follow","max-snippet":"max-snippet:-1","max-image-preview":"max-image-preview:large","max-video-preview":"max-video-preview:-1"},"canonical":"https:\/\/www.danubia.com\/hu\/szellemitulajdon-hasznositas\/technologia-transzfer-licensz-ugyletek\/","og_locale":"hu_HU","og_type":"article","og_title":"Technol\u00f3gia transzfer, licensz \u00fcgyletek","og_description":"Technol\u00f3gia transzfer, licensz \u00fcgyletek, licencszerz\u0151d\u00e9s, szellemi tulajdon szakmai felm\u00e9r\u00e9se, \u00e9rt\u00e9kel\u00e9se, szellemi alkot\u00e1s v\u00e9delm\u00e9nek kialak\u00edt\u00e1sa.","og_url":"https:\/\/www.danubia.com\/hu\/szellemitulajdon-hasznositas\/technologia-transzfer-licensz-ugyletek\/","og_site_name":"Danubia","article_modified_time":"2020-02-05T15:26:22+00:00","og_image":[{"width":1125,"height":633,"url":"https:\/\/www.danubia.com\/wp-content\/uploads\/2019\/11\/Danubia-og-hu.jpg","type":"image\/jpeg"}],"twitter_card":"summary_large_image","twitter_misc":{"Becs\u00fclt olvas\u00e1si id\u0151":"5 perc"},"schema":{"@context":"https:\/\/schema.org","@graph":[{"@type":"WebPage","@id":"https:\/\/www.danubia.com\/hu\/szellemitulajdon-hasznositas\/technologia-transzfer-licensz-ugyletek\/","url":"https:\/\/www.danubia.com\/hu\/szellemitulajdon-hasznositas\/technologia-transzfer-licensz-ugyletek\/","name":"Technol\u00f3gia transzfer, licensz \u00fcgyletek","isPartOf":{"@id":"https:\/\/www.danubia.com\/#website"},"datePublished":"2019-07-11T11:42:26+00:00","dateModified":"2020-02-05T15:26:22+00:00","description":"Technol\u00f3gia transzfer, licensz \u00fcgyletek, licencszerz\u0151d\u00e9s, szellemi tulajdon szakmai felm\u00e9r\u00e9se, \u00e9rt\u00e9kel\u00e9se, szellemi alkot\u00e1s v\u00e9delm\u00e9nek kialak\u00edt\u00e1sa.","breadcrumb":{"@id":"https:\/\/www.danubia.com\/hu\/szellemitulajdon-hasznositas\/technologia-transzfer-licensz-ugyletek\/#breadcrumb"},"inLanguage":"hu","potentialAction":[{"@type":"ReadAction","target":["https:\/\/www.danubia.com\/hu\/szellemitulajdon-hasznositas\/technologia-transzfer-licensz-ugyletek\/"]}]},{"@type":"BreadcrumbList","@id":"https:\/\/www.danubia.com\/hu\/szellemitulajdon-hasznositas\/technologia-transzfer-licensz-ugyletek\/#breadcrumb","itemListElement":[{"@type":"ListItem","position":1,"name":"Home","item":"https:\/\/www.danubia.com\/hu\/"},{"@type":"ListItem","position":2,"name":"Szellemitulajdon-hasznos\u00edt\u00e1s","item":"https:\/\/www.danubia.com\/hu\/szellemitulajdon-hasznositas\/"},{"@type":"ListItem","position":3,"name":"Technol\u00f3gia transzfer, licensz \u00fcgyletek"}]},{"@type":"WebSite","@id":"https:\/\/www.danubia.com\/#website","url":"https:\/\/www.danubia.com\/","name":"Danubia","description":"","potentialAction":[{"@type":"SearchAction","target":{"@type":"EntryPoint","urlTemplate":"https:\/\/www.danubia.com\/?s={search_term_string}"},"query-input":{"@type":"PropertyValueSpecification","valueRequired":true,"valueName":"search_term_string"}}],"inLanguage":"hu"}]}},"_links":{"self":[{"href":"https:\/\/www.danubia.com\/hu\/wp-json\/wp\/v2\/pages\/1213","targetHints":{"allow":["GET"]}}],"collection":[{"href":"https:\/\/www.danubia.com\/hu\/wp-json\/wp\/v2\/pages"}],"about":[{"href":"https:\/\/www.danubia.com\/hu\/wp-json\/wp\/v2\/types\/page"}],"author":[{"embeddable":true,"href":"https:\/\/www.danubia.com\/hu\/wp-json\/wp\/v2\/users\/1"}],"replies":[{"embeddable":true,"href":"https:\/\/www.danubia.com\/hu\/wp-json\/wp\/v2\/comments?post=1213"}],"version-history":[{"count":7,"href":"https:\/\/www.danubia.com\/hu\/wp-json\/wp\/v2\/pages\/1213\/revisions"}],"predecessor-version":[{"id":3734,"href":"https:\/\/www.danubia.com\/hu\/wp-json\/wp\/v2\/pages\/1213\/revisions\/3734"}],"up":[{"embeddable":true,"href":"https:\/\/www.danubia.com\/hu\/wp-json\/wp\/v2\/pages\/1202"}],"wp:attachment":[{"href":"https:\/\/www.danubia.com\/hu\/wp-json\/wp\/v2\/media?parent=1213"}],"curies":[{"name":"wp","href":"https:\/\/api.w.org\/{rel}","templated":true}]}}