{"id":1217,"date":"2019-07-11T11:45:11","date_gmt":"2019-07-11T11:45:11","guid":{"rendered":"https:\/\/www.danubia.com\/?page_id=1217"},"modified":"2020-02-05T15:25:25","modified_gmt":"2020-02-05T15:25:25","slug":"iparjogvedelmi-palyazatok-kezelese-es-kf-minosites","status":"publish","type":"page","link":"https:\/\/www.danubia.com\/hu\/szellemitulajdon-hasznositas\/iparjogvedelmi-palyazatok-kezelese-es-kf-minosites\/","title":{"rendered":"Iparjogv\u00e9delmi p\u00e1ly\u00e1zatok kezel\u00e9se \u00e9s K+F min\u0151s\u00edt\u00e9s"},"content":{"rendered":"<p>[et_pb_section fb_built=&#8221;1&#8243; _builder_version=&#8221;3.22&#8243; background_image=&#8221;https:\/\/www.danubia.com\/wp-content\/uploads\/2019\/04\/Danube-Budapest5.jpg&#8221; custom_padding=&#8221;0px||0px|&#8221; z_index_tablet=&#8221;500&#8243;][et_pb_row use_custom_gutter=&#8221;on&#8221; gutter_width=&#8221;1&#8243; custom_padding_last_edited=&#8221;on|desktop&#8221; module_class=&#8221; et_pb_row_fullwidth et_pb_row_fullwidth et_pb_row_fullwidth et_pb_row_fullwidth et_pb_row_fullwidth et_pb_row_fullwidth et_pb_row_fullwidth et_pb_row_fullwidth et_pb_row_fullwidth et_pb_row_fullwidth et_pb_row_fullwidth et_pb_row_fullwidth et_pb_row_fullwidth&#8221; _builder_version=&#8221;3.25&#8243; background_color=&#8221;rgba(0,0,0,0.2)&#8221; background_size=&#8221;initial&#8221; background_position=&#8221;top_left&#8221; background_repeat=&#8221;repeat&#8221; width=&#8221;100%&#8221; width_tablet=&#8221;100%&#8221; width_phone=&#8221;&#8221; width_last_edited=&#8221;on|desktop&#8221; max_width=&#8221;100%&#8221; max_width_tablet=&#8221;100%&#8221; max_width_phone=&#8221;&#8221; max_width_last_edited=&#8221;on|desktop&#8221; custom_padding=&#8221;80px||80px|&#8221; custom_padding_tablet=&#8221;&#8221; custom_padding_phone=&#8221;50px||50px|&#8221; animation_style=&#8221;fade&#8221; animation_delay=&#8221;500ms&#8221; z_index_tablet=&#8221;500&#8243; make_fullwidth=&#8221;on&#8221;][et_pb_column type=&#8221;4_4&#8243; _builder_version=&#8221;3.0.47&#8243; custom_padding=&#8221;|||&#8221; custom_padding__hover=&#8221;|||&#8221;][et_pb_text _builder_version=&#8221;3.27.4&#8243; text_font=&#8221;Raleway|700|||||||&#8221; text_text_color=&#8221;#ffffff&#8221; text_font_size=&#8221;36px&#8221; header_font=&#8221;Raleway|700||on|||||&#8221; header_text_align=&#8221;center&#8221; header_text_color=&#8221;#ffffff&#8221; header_font_size=&#8221;36px&#8221; header_line_height=&#8221;1.4em&#8221; text_orientation=&#8221;center&#8221; z_index_tablet=&#8221;500&#8243; text_font_size_tablet=&#8221;30px&#8221; text_font_size_phone=&#8221;22px&#8221; text_font_size_last_edited=&#8221;on|phone&#8221; header_font_size_tablet=&#8221;30px&#8221; header_font_size_phone=&#8221;22px&#8221; header_font_size_last_edited=&#8221;on|desktop&#8221;]<\/p>\n<h1>Szellemitulajdon-hasznos\u00edt\u00e1s <\/h1>\n<p>[\/et_pb_text][\/et_pb_column][\/et_pb_row][\/et_pb_section][et_pb_section fb_built=&#8221;1&#8243; _builder_version=&#8221;3.22&#8243;][et_pb_row _builder_version=&#8221;3.25&#8243; background_size=&#8221;initial&#8221; background_position=&#8221;top_left&#8221; background_repeat=&#8221;repeat&#8221;][et_pb_column type=&#8221;4_4&#8243; _builder_version=&#8221;3.0.47&#8243; custom_padding=&#8221;|||&#8221; custom_padding__hover=&#8221;|||&#8221;][et_pb_text _builder_version=&#8221;3.27.4&#8243; text_font=&#8221;Raleway|700||on|||||&#8221; text_text_color=&#8221;#a6192e&#8221; text_font_size=&#8221;36px&#8221; header_font=&#8221;Raleway|700||on|||||&#8221; header_text_align=&#8221;center&#8221; header_text_color=&#8221;#ffffff&#8221; header_font_size=&#8221;50px&#8221; header_2_font=&#8221;Raleway|700|||||||&#8221; header_2_text_align=&#8221;left&#8221; header_2_text_color=&#8221;#a6192e&#8221; header_2_font_size=&#8221;36px&#8221; custom_margin=&#8221;||0px|&#8221; custom_padding=&#8221;||0px|&#8221; z_index_tablet=&#8221;500&#8243; text_font_size_tablet=&#8221;30px&#8221; text_font_size_phone=&#8221;22px&#8221; text_font_size_last_edited=&#8221;on|desktop&#8221; header_font_size_tablet=&#8221;30px&#8221; header_font_size_phone=&#8221;22px&#8221; header_font_size_last_edited=&#8221;on|desktop&#8221; header_2_font_size_tablet=&#8221;30px&#8221; header_2_font_size_phone=&#8221;22px&#8221; header_2_font_size_last_edited=&#8221;on|phone&#8221;]<\/p>\n<h2>Iparjogv\u00e9delmi p\u00e1ly\u00e1zatok kezel\u00e9se \u00e9s K+F min\u0151s\u00edt\u00e9s<\/h2>\n<p>[\/et_pb_text][et_pb_divider color=&#8221;#63666a&#8221; divider_position=&#8221;center&#8221; divider_weight=&#8221;3&#8243; _builder_version=&#8221;3.21.1&#8243; max_width=&#8221;50px&#8221; module_alignment=&#8221;left&#8221; height=&#8221;0px&#8221; custom_margin=&#8221;15px|||&#8221; animation_style=&#8221;zoom&#8221; z_index_tablet=&#8221;500&#8243;][\/et_pb_divider][\/et_pb_column][\/et_pb_row][et_pb_row _builder_version=&#8221;3.25&#8243; background_size=&#8221;initial&#8221; background_position=&#8221;top_left&#8221; background_repeat=&#8221;repeat&#8221; column_structure=&#8221;3_4,1_4&#8243;][et_pb_column type=&#8221;3_4&#8243; _builder_version=&#8221;3.0.47&#8243; custom_padding=&#8221;|||&#8221; custom_padding__hover=&#8221;|||&#8221;][et_pb_text _builder_version=&#8221;3.27.4&#8243; text_font=&#8221;Raleway|700||on|||||&#8221; text_text_color=&#8221;#63666a&#8221; text_font_size=&#8221;22px&#8221; header_font=&#8221;Raleway|700|||||||&#8221; header_3_font=&#8221;Raleway|700||on|||||&#8221; header_3_text_align=&#8221;left&#8221; header_3_text_color=&#8221;#63666a&#8221; header_3_line_height=&#8221;1.4em&#8221; z_index_tablet=&#8221;500&#8243; text_font_size_tablet=&#8221;20px&#8221; text_font_size_phone=&#8221;&#8221; text_font_size_last_edited=&#8221;on|phone&#8221; header_3_font_size_tablet=&#8221;20px&#8221; header_3_font_size_phone=&#8221;&#8221; header_3_font_size_last_edited=&#8221;on|phone&#8221;]<\/p>\n<h3>Iparjogv\u00e9delmi p\u00e1ly\u00e1zatok kezel\u00e9se<\/h3>\n<p>[\/et_pb_text][et_pb_text _builder_version=&#8221;3.27.4&#8243; text_orientation=&#8221;justified&#8221; z_index_tablet=&#8221;500&#8243;]<\/p>\n<p>A hazai p\u00e1ly\u00e1zati rendszerekben m\u00e1r t\u00f6bb mint t\u00edz \u00e9ve jelen van az iparjogv\u00e9delmi k\u00f6lts\u00e9gek t\u00e1mogat\u00e1sa, kifejezetten ezeket c\u00e9lz\u00f3, vagy a K+F tev\u00e9kenys\u00e9g mellett ezeket is t\u00e1mogat\u00f3 ki\u00edr\u00e1sok form\u00e1j\u00e1ban, ha nem is \u00f3ri\u00e1si s\u00fallyal. A kisebb s\u00faly \u00e9s relat\u00edve kisebb \u00f6sszegek ellen\u00e9re ezek komplexit\u00e1sa ugyanakkor ar\u00e1nytalanul nagy, az iparjogv\u00e9delmi k\u00f6lts\u00e9gtervez\u00e9s neh\u00e9zs\u00e9gei \u00e9s az oltalmi rendszerek bonyolults\u00e1ga miatt. Mivel a generalista p\u00e1ly\u00e1zat\u00edr\u00f3 c\u00e9geknek nem \u00e9ri meg az ilyen ir\u00e1ny\u00fa szaktud\u00e1s ki\u00e9p\u00edt\u00e9se, a szabadalmi irod\u00e1k pedig szint\u00e9n nincsenek felk\u00e9sz\u00fclve az \u00fcgyfeleik p\u00e1ly\u00e1zati k\u00e9rd\u00e9seinek kezel\u00e9s\u00e9re, a p\u00e1ly\u00e1z\u00f3 sokszor nem kap megfelel\u0151 szakmai t\u00e1mogat\u00e1st. A nem megfelel\u0151 iparjogv\u00e9delmi munka- \u00e9s k\u00f6lts\u00e9gtervez\u00e9s miatt sokszor az elnyert forr\u00e1sok sem h\u00edvhat\u00f3ak le, vagy k\u00f6zel sem ide\u00e1lisan hasznosulnak.<\/p>\n<p>Ezt felismerve a Danubia IP a kezdetekt\u0151l felv\u00e1llalta, hogy seg\u00edti \u00fcgyfeleit az iparjogv\u00e9delmi p\u00e1ly\u00e1zatok meg\u00edr\u00e1s\u00e1val \u00e9s menedzsel\u00e9s\u00e9vel, illetve a nagyobb \u00f6sszeg\u0171 K+F+I p\u00e1ly\u00e1zatokban l\u00e9v\u0151 iparjogv\u00e9delmi k\u00f6lts\u00e9gsorok megtervez\u00e9s\u00e9vel.<\/p>\n<p>[\/et_pb_text][et_pb_text _builder_version=&#8221;3.27.4&#8243; text_font=&#8221;Raleway|700||on|||||&#8221; text_text_color=&#8221;#63666a&#8221; text_font_size=&#8221;22px&#8221; header_font=&#8221;Raleway|700|||||||&#8221; header_3_font=&#8221;Raleway|700||on|||||&#8221; header_3_text_align=&#8221;left&#8221; header_3_text_color=&#8221;#63666a&#8221; header_3_line_height=&#8221;1.4em&#8221; z_index_tablet=&#8221;500&#8243; text_font_size_tablet=&#8221;20px&#8221; text_font_size_phone=&#8221;&#8221; text_font_size_last_edited=&#8221;on|phone&#8221; header_3_font_size_tablet=&#8221;20px&#8221; header_3_font_size_phone=&#8221;&#8221; header_3_font_size_last_edited=&#8221;on|phone&#8221;]<\/p>\n<h3>K+F min\u0151s\u00edt\u00e9sek elk\u00e9sz\u00edt\u00e9se<\/h3>\n<p>[\/et_pb_text][et_pb_text _builder_version=&#8221;3.27.4&#8243; text_orientation=&#8221;justified&#8221; z_index_tablet=&#8221;500&#8243;]<\/p>\n<p>Szint\u00e9n az iparjogv\u00e9delem \u00e9s a gazdas\u00e1gi \u00e9let illetve a p\u00e1ly\u00e1zati rendszer hat\u00e1rter\u00fclt\u00e9t k\u00e9pezi az SZTNH \u00e1ltal v\u00e9gzett K+F min\u0151s\u00edt\u00e9si elj\u00e1r\u00e1s, amelyben a hivatal a k\u00e9relmez\u0151 projektj\u00e9t abb\u00f3l a szempontb\u00f3l min\u0151s\u00edti, hogy az megfelel-e Kutat\u00e1s-fejleszt\u00e9s krit\u00e9riumainak, teh\u00e1t K+F tev\u00e9kenys\u00e9gnek tekinthet\u0151-e, amelyhez ad\u00f3kedvezm\u00e9nyek illetve kedvez\u0151bb p\u00e1ly\u00e1zati finansz\u00edroz\u00e1s t\u00e1rsul. A min\u0151s\u00edt\u00e9s eredm\u00e9ny\u00e9nek \u00edgy jelent\u0151s gazdas\u00e1gi k\u00f6vetkezm\u00e9nyei vannak.<\/p>\n<p>Az SZTNH-val val\u00f3 70 \u00e9ves szakmai egy\u00fcttm\u0171k\u00f6d\u00e9snek \u00e9s a meglehet\u0151sen nagysz\u00e1m\u00fa min\u0151s\u00edt\u00e9si elj\u00e1r\u00e1snak k\u00f6sz\u00f6nhet\u0151en, amelyben \u00fcgyfeleinket k\u00e9pviselt\u00fck, munkat\u00e1rsaink j\u00f3l ismerik a min\u0151s\u00edt\u00e9s krit\u00e9riumrendszer\u00e9t, \u00e9s a b\u00edr\u00e1l\u00f3k gyakorlat\u00e1t. Munk\u00e1nk nem csak a k\u00e9relem elk\u00e9sz\u00edt\u00e9s\u00e9re terjed ki, s\u0151t annak legnagyobb hozz\u00e1adott \u00e9rt\u00e9ke az a konzultat\u00edv munka lehet, amely sor\u00e1n a szakmai tartalom fejleszt\u00e9se, \u00e1tstruktur\u00e1l\u00e1sa t\u00f6rt\u00e9nik meg, amennyiben ez sz\u00fcks\u00e9ges. Mindez biztos\u00edtja, hogy a lehet\u0151s\u00e9gekhez m\u00e9rten a projekt a lehet\u0151 legmagasabb ar\u00e1ny\u00fa K+F min\u0151s\u00edt\u00e9st kapja.<\/p>\n<p>[\/et_pb_text][\/et_pb_column][et_pb_column type=&#8221;1_4&#8243; _builder_version=&#8221;3.0.47&#8243; custom_padding=&#8221;|||&#8221; custom_padding__hover=&#8221;|||&#8221;][et_pb_text _builder_version=&#8221;3.27.4&#8243; text_font=&#8221;|700||on|||||&#8221; text_text_color=&#8221;#a6192e&#8221; custom_margin=&#8221;||0px|&#8221; custom_padding=&#8221;||0px|&#8221; z_index_tablet=&#8221;500&#8243; border_width_bottom=&#8221;1px&#8221; border_color_bottom=&#8221;rgba(99,102,106,0.2)&#8221;]<\/p>\n<p>Szellemitulajdon-hasznos\u00edt\u00e1s<\/p>\n<p>[\/et_pb_text][et_pb_text _builder_version=&#8221;3.29.3&#8243; text_font_size=&#8221;14px&#8221; z_index_tablet=&#8221;500&#8243; box_shadow_horizontal_tablet=&#8221;0px&#8221; box_shadow_vertical_tablet=&#8221;0px&#8221; box_shadow_blur_tablet=&#8221;40px&#8221; box_shadow_spread_tablet=&#8221;0px&#8221;]<\/p>\n<p><span style=\"color: #63666a;\"><a style=\"color: #63666a;\" href=\"https:\/\/www.danubia.com\/hu\/szellemitulajdon-hasznositas\/szellemitulajdon-ertekelesek-es-auditok\/\">Szellemitulajdon-\u00e9rt\u00e9kel\u00e9sek \u00e9s \u2013auditok<\/a><\/span><br \/><span style=\"color: #63666a;\"><a style=\"color: #63666a;\" href=\"https:\/\/www.danubia.com\/hu\/szellemitulajdon-hasznositas\/szervezeti-ip-politika-keszitese-es-bevezetese\/\">Szervezeti IP politika k\u00e9sz\u00edt\u00e9se \u00e9s bevezet\u00e9se<\/a><\/span><br \/><span style=\"color: #63666a;\"><a style=\"color: #63666a;\" href=\"https:\/\/www.danubia.com\/hu\/szellemitulajdon-hasznositas\/technologia-transzfer-licensz-ugyletek\/\">Technol\u00f3gia transzfer, licensz \u00fcgyletek<\/a><\/span><br \/><span style=\"color: #63666a;\"><a style=\"color: #63666a;\" href=\"https:\/\/www.danubia.com\/hu\/szellemitulajdon-hasznositas\/iparjogvedelmi-es-innovacios-tanacsadas\/\">Iparjogv\u00e9delmi \u00e9s innov\u00e1ci\u00f3s tan\u00e1csad\u00e1s<\/a><\/span><br \/><span style=\"color: #63666a;\"><a style=\"color: #63666a;\" href=\"https:\/\/www.danubia.com\/hu\/szellemitulajdon-hasznositas\/iparjogvedelmi-palyazatok-kezelese-es-kf-minosites\/\">Iparjogv\u00e9delmi p\u00e1ly\u00e1zatok kezel\u00e9se \u00e9s K+F min\u0151s\u00edt\u00e9s<\/a><\/span><\/p>\n<p>[\/et_pb_text][et_pb_text _builder_version=&#8221;3.27.4&#8243; text_font=&#8221;|700||on|||||&#8221; text_text_color=&#8221;#a6192e&#8221; custom_margin=&#8221;||0px|&#8221; custom_padding=&#8221;||0px|&#8221; z_index_tablet=&#8221;500&#8243; border_width_bottom=&#8221;1px&#8221; border_color_bottom=&#8221;rgba(99,102,106,0.2)&#8221;]<\/p>\n<p>Tov\u00e1bbi inform\u00e1ci\u00f3 a szolg\u00e1ltat\u00e1shoz<\/p>\n<p>[\/et_pb_text][et_pb_text _builder_version=&#8221;3.27.4&#8243; text_font_size=&#8221;14px&#8221; z_index_tablet=&#8221;500&#8243;]<span style=\"color: #63666a;\"><a style=\"color: #63666a;\" href=\"tel:+3614118880\">+ 36 1 411 8880<\/a><\/span><br \/>\n<span style=\"color: #63666a;\"><a style=\"color: #63666a;\" href=\"mailto:danubiaip@danubia.hu\">danubiaip@danubia.hu<\/a><\/span><br \/>\n[\/et_pb_text][\/et_pb_column][\/et_pb_row][\/et_pb_section]<\/p>\n","protected":false},"excerpt":{"rendered":"<p>Szellemitulajdon-hasznos\u00edt\u00e1s Iparjogv\u00e9delmi p\u00e1ly\u00e1zatok kezel\u00e9se \u00e9s K+F min\u0151s\u00edt\u00e9s Iparjogv\u00e9delmi p\u00e1ly\u00e1zatok kezel\u00e9se A hazai p\u00e1ly\u00e1zati rendszerekben m\u00e1r t\u00f6bb mint t\u00edz \u00e9ve jelen van az iparjogv\u00e9delmi k\u00f6lts\u00e9gek t\u00e1mogat\u00e1sa, kifejezetten ezeket c\u00e9lz\u00f3, vagy a K+F tev\u00e9kenys\u00e9g mellett ezeket is t\u00e1mogat\u00f3 ki\u00edr\u00e1sok form\u00e1j\u00e1ban, ha nem is \u00f3ri\u00e1si s\u00fallyal. A kisebb s\u00faly \u00e9s relat\u00edve kisebb \u00f6sszegek ellen\u00e9re ezek komplexit\u00e1sa ugyanakkor ar\u00e1nytalanul [&hellip;]<\/p>\n","protected":false},"author":1,"featured_media":0,"parent":1202,"menu_order":0,"comment_status":"closed","ping_status":"closed","template":"","meta":{"_et_pb_use_builder":"on","_et_pb_old_content":"","_et_gb_content_width":"","footnotes":""},"class_list":["post-1217","page","type-page","status-publish","hentry"],"yoast_head":"<!-- This site is optimized with the Yoast SEO plugin v27.3 - https:\/\/yoast.com\/product\/yoast-seo-wordpress\/ -->\n<title>Iparjogv\u00e9delmi p\u00e1ly\u00e1zatok kezel\u00e9se \u00e9s K+F min\u0151s\u00edt\u00e9s<\/title>\n<meta name=\"description\" content=\"Iparjogv\u00e9delmi p\u00e1ly\u00e1zatok meg\u00edr\u00e1sa \u00e9s menedzsel\u00e9se, iparjogv\u00e9delmi munka- \u00e9s k\u00f6lts\u00e9gtervez\u00e9s, kutat\u00e1s-fejleszt\u00e9si min\u0151s\u00edt\u00e9sek (K+F min\u0151s\u00edt\u00e9sek) k\u00e9sz\u00edt\u00e9se.\" \/>\n<meta name=\"robots\" content=\"index, follow, max-snippet:-1, max-image-preview:large, max-video-preview:-1\" \/>\n<link rel=\"canonical\" href=\"https:\/\/www.danubia.com\/hu\/szellemitulajdon-hasznositas\/iparjogvedelmi-palyazatok-kezelese-es-kf-minosites\/\" \/>\n<meta property=\"og:locale\" content=\"hu_HU\" \/>\n<meta property=\"og:type\" content=\"article\" \/>\n<meta property=\"og:title\" content=\"Iparjogv\u00e9delmi p\u00e1ly\u00e1zatok kezel\u00e9se \u00e9s K+F min\u0151s\u00edt\u00e9s\" \/>\n<meta property=\"og:description\" content=\"Iparjogv\u00e9delmi p\u00e1ly\u00e1zatok meg\u00edr\u00e1sa \u00e9s menedzsel\u00e9se, iparjogv\u00e9delmi munka- \u00e9s k\u00f6lts\u00e9gtervez\u00e9s, kutat\u00e1s-fejleszt\u00e9si min\u0151s\u00edt\u00e9sek (K+F min\u0151s\u00edt\u00e9sek) k\u00e9sz\u00edt\u00e9se.\" \/>\n<meta property=\"og:url\" content=\"https:\/\/www.danubia.com\/hu\/szellemitulajdon-hasznositas\/iparjogvedelmi-palyazatok-kezelese-es-kf-minosites\/\" \/>\n<meta property=\"og:site_name\" content=\"Danubia\" \/>\n<meta property=\"article:modified_time\" content=\"2020-02-05T15:25:25+00:00\" \/>\n<meta property=\"og:image\" content=\"https:\/\/www.danubia.com\/wp-content\/uploads\/2019\/11\/Danubia-og-hu.jpg\" \/>\n\t<meta property=\"og:image:width\" content=\"1125\" \/>\n\t<meta property=\"og:image:height\" content=\"633\" \/>\n\t<meta property=\"og:image:type\" content=\"image\/jpeg\" \/>\n<meta name=\"twitter:card\" content=\"summary_large_image\" \/>\n<meta name=\"twitter:label1\" content=\"Becs\u00fclt olvas\u00e1si id\u0151\" \/>\n\t<meta name=\"twitter:data1\" content=\"7 perc\" \/>\n<script type=\"application\/ld+json\" class=\"yoast-schema-graph\">{\"@context\":\"https:\\\/\\\/schema.org\",\"@graph\":[{\"@type\":\"WebPage\",\"@id\":\"https:\\\/\\\/www.danubia.com\\\/hu\\\/szellemitulajdon-hasznositas\\\/iparjogvedelmi-palyazatok-kezelese-es-kf-minosites\\\/\",\"url\":\"https:\\\/\\\/www.danubia.com\\\/hu\\\/szellemitulajdon-hasznositas\\\/iparjogvedelmi-palyazatok-kezelese-es-kf-minosites\\\/\",\"name\":\"Iparjogv\u00e9delmi p\u00e1ly\u00e1zatok kezel\u00e9se \u00e9s K+F min\u0151s\u00edt\u00e9s\",\"isPartOf\":{\"@id\":\"https:\\\/\\\/www.danubia.com\\\/#website\"},\"datePublished\":\"2019-07-11T11:45:11+00:00\",\"dateModified\":\"2020-02-05T15:25:25+00:00\",\"description\":\"Iparjogv\u00e9delmi p\u00e1ly\u00e1zatok meg\u00edr\u00e1sa \u00e9s menedzsel\u00e9se, iparjogv\u00e9delmi munka- \u00e9s k\u00f6lts\u00e9gtervez\u00e9s, kutat\u00e1s-fejleszt\u00e9si min\u0151s\u00edt\u00e9sek (K+F min\u0151s\u00edt\u00e9sek) k\u00e9sz\u00edt\u00e9se.\",\"breadcrumb\":{\"@id\":\"https:\\\/\\\/www.danubia.com\\\/hu\\\/szellemitulajdon-hasznositas\\\/iparjogvedelmi-palyazatok-kezelese-es-kf-minosites\\\/#breadcrumb\"},\"inLanguage\":\"hu\",\"potentialAction\":[{\"@type\":\"ReadAction\",\"target\":[\"https:\\\/\\\/www.danubia.com\\\/hu\\\/szellemitulajdon-hasznositas\\\/iparjogvedelmi-palyazatok-kezelese-es-kf-minosites\\\/\"]}]},{\"@type\":\"BreadcrumbList\",\"@id\":\"https:\\\/\\\/www.danubia.com\\\/hu\\\/szellemitulajdon-hasznositas\\\/iparjogvedelmi-palyazatok-kezelese-es-kf-minosites\\\/#breadcrumb\",\"itemListElement\":[{\"@type\":\"ListItem\",\"position\":1,\"name\":\"Home\",\"item\":\"https:\\\/\\\/www.danubia.com\\\/hu\\\/\"},{\"@type\":\"ListItem\",\"position\":2,\"name\":\"Szellemitulajdon-hasznos\u00edt\u00e1s\",\"item\":\"https:\\\/\\\/www.danubia.com\\\/hu\\\/szellemitulajdon-hasznositas\\\/\"},{\"@type\":\"ListItem\",\"position\":3,\"name\":\"Iparjogv\u00e9delmi p\u00e1ly\u00e1zatok kezel\u00e9se \u00e9s K+F min\u0151s\u00edt\u00e9s\"}]},{\"@type\":\"WebSite\",\"@id\":\"https:\\\/\\\/www.danubia.com\\\/#website\",\"url\":\"https:\\\/\\\/www.danubia.com\\\/\",\"name\":\"Danubia\",\"description\":\"\",\"potentialAction\":[{\"@type\":\"SearchAction\",\"target\":{\"@type\":\"EntryPoint\",\"urlTemplate\":\"https:\\\/\\\/www.danubia.com\\\/?s={search_term_string}\"},\"query-input\":{\"@type\":\"PropertyValueSpecification\",\"valueRequired\":true,\"valueName\":\"search_term_string\"}}],\"inLanguage\":\"hu\"}]}<\/script>\n<!-- \/ Yoast SEO plugin. -->","yoast_head_json":{"title":"Iparjogv\u00e9delmi p\u00e1ly\u00e1zatok kezel\u00e9se \u00e9s K+F min\u0151s\u00edt\u00e9s","description":"Iparjogv\u00e9delmi p\u00e1ly\u00e1zatok meg\u00edr\u00e1sa \u00e9s menedzsel\u00e9se, iparjogv\u00e9delmi munka- \u00e9s k\u00f6lts\u00e9gtervez\u00e9s, kutat\u00e1s-fejleszt\u00e9si min\u0151s\u00edt\u00e9sek (K+F min\u0151s\u00edt\u00e9sek) k\u00e9sz\u00edt\u00e9se.","robots":{"index":"index","follow":"follow","max-snippet":"max-snippet:-1","max-image-preview":"max-image-preview:large","max-video-preview":"max-video-preview:-1"},"canonical":"https:\/\/www.danubia.com\/hu\/szellemitulajdon-hasznositas\/iparjogvedelmi-palyazatok-kezelese-es-kf-minosites\/","og_locale":"hu_HU","og_type":"article","og_title":"Iparjogv\u00e9delmi p\u00e1ly\u00e1zatok kezel\u00e9se \u00e9s K+F min\u0151s\u00edt\u00e9s","og_description":"Iparjogv\u00e9delmi p\u00e1ly\u00e1zatok meg\u00edr\u00e1sa \u00e9s menedzsel\u00e9se, iparjogv\u00e9delmi munka- \u00e9s k\u00f6lts\u00e9gtervez\u00e9s, kutat\u00e1s-fejleszt\u00e9si min\u0151s\u00edt\u00e9sek (K+F min\u0151s\u00edt\u00e9sek) k\u00e9sz\u00edt\u00e9se.","og_url":"https:\/\/www.danubia.com\/hu\/szellemitulajdon-hasznositas\/iparjogvedelmi-palyazatok-kezelese-es-kf-minosites\/","og_site_name":"Danubia","article_modified_time":"2020-02-05T15:25:25+00:00","og_image":[{"width":1125,"height":633,"url":"https:\/\/www.danubia.com\/wp-content\/uploads\/2019\/11\/Danubia-og-hu.jpg","type":"image\/jpeg"}],"twitter_card":"summary_large_image","twitter_misc":{"Becs\u00fclt olvas\u00e1si id\u0151":"7 perc"},"schema":{"@context":"https:\/\/schema.org","@graph":[{"@type":"WebPage","@id":"https:\/\/www.danubia.com\/hu\/szellemitulajdon-hasznositas\/iparjogvedelmi-palyazatok-kezelese-es-kf-minosites\/","url":"https:\/\/www.danubia.com\/hu\/szellemitulajdon-hasznositas\/iparjogvedelmi-palyazatok-kezelese-es-kf-minosites\/","name":"Iparjogv\u00e9delmi p\u00e1ly\u00e1zatok kezel\u00e9se \u00e9s K+F min\u0151s\u00edt\u00e9s","isPartOf":{"@id":"https:\/\/www.danubia.com\/#website"},"datePublished":"2019-07-11T11:45:11+00:00","dateModified":"2020-02-05T15:25:25+00:00","description":"Iparjogv\u00e9delmi p\u00e1ly\u00e1zatok meg\u00edr\u00e1sa \u00e9s menedzsel\u00e9se, iparjogv\u00e9delmi munka- \u00e9s k\u00f6lts\u00e9gtervez\u00e9s, kutat\u00e1s-fejleszt\u00e9si min\u0151s\u00edt\u00e9sek (K+F min\u0151s\u00edt\u00e9sek) k\u00e9sz\u00edt\u00e9se.","breadcrumb":{"@id":"https:\/\/www.danubia.com\/hu\/szellemitulajdon-hasznositas\/iparjogvedelmi-palyazatok-kezelese-es-kf-minosites\/#breadcrumb"},"inLanguage":"hu","potentialAction":[{"@type":"ReadAction","target":["https:\/\/www.danubia.com\/hu\/szellemitulajdon-hasznositas\/iparjogvedelmi-palyazatok-kezelese-es-kf-minosites\/"]}]},{"@type":"BreadcrumbList","@id":"https:\/\/www.danubia.com\/hu\/szellemitulajdon-hasznositas\/iparjogvedelmi-palyazatok-kezelese-es-kf-minosites\/#breadcrumb","itemListElement":[{"@type":"ListItem","position":1,"name":"Home","item":"https:\/\/www.danubia.com\/hu\/"},{"@type":"ListItem","position":2,"name":"Szellemitulajdon-hasznos\u00edt\u00e1s","item":"https:\/\/www.danubia.com\/hu\/szellemitulajdon-hasznositas\/"},{"@type":"ListItem","position":3,"name":"Iparjogv\u00e9delmi p\u00e1ly\u00e1zatok kezel\u00e9se \u00e9s K+F min\u0151s\u00edt\u00e9s"}]},{"@type":"WebSite","@id":"https:\/\/www.danubia.com\/#website","url":"https:\/\/www.danubia.com\/","name":"Danubia","description":"","potentialAction":[{"@type":"SearchAction","target":{"@type":"EntryPoint","urlTemplate":"https:\/\/www.danubia.com\/?s={search_term_string}"},"query-input":{"@type":"PropertyValueSpecification","valueRequired":true,"valueName":"search_term_string"}}],"inLanguage":"hu"}]}},"_links":{"self":[{"href":"https:\/\/www.danubia.com\/hu\/wp-json\/wp\/v2\/pages\/1217","targetHints":{"allow":["GET"]}}],"collection":[{"href":"https:\/\/www.danubia.com\/hu\/wp-json\/wp\/v2\/pages"}],"about":[{"href":"https:\/\/www.danubia.com\/hu\/wp-json\/wp\/v2\/types\/page"}],"author":[{"embeddable":true,"href":"https:\/\/www.danubia.com\/hu\/wp-json\/wp\/v2\/users\/1"}],"replies":[{"embeddable":true,"href":"https:\/\/www.danubia.com\/hu\/wp-json\/wp\/v2\/comments?post=1217"}],"version-history":[{"count":7,"href":"https:\/\/www.danubia.com\/hu\/wp-json\/wp\/v2\/pages\/1217\/revisions"}],"predecessor-version":[{"id":3731,"href":"https:\/\/www.danubia.com\/hu\/wp-json\/wp\/v2\/pages\/1217\/revisions\/3731"}],"up":[{"embeddable":true,"href":"https:\/\/www.danubia.com\/hu\/wp-json\/wp\/v2\/pages\/1202"}],"wp:attachment":[{"href":"https:\/\/www.danubia.com\/hu\/wp-json\/wp\/v2\/media?parent=1217"}],"curies":[{"name":"wp","href":"https:\/\/api.w.org\/{rel}","templated":true}]}}