{"id":1326,"date":"2019-07-22T17:16:04","date_gmt":"2019-07-22T17:16:04","guid":{"rendered":"https:\/\/www.danubia.com\/?page_id=1326"},"modified":"2025-06-03T09:19:40","modified_gmt":"2025-06-03T09:19:40","slug":"dr-petho-arpad","status":"publish","type":"page","link":"https:\/\/www.danubia.com\/hu\/munkatarsaink\/dr-petho-arpad\/","title":{"rendered":"Dr. Peth\u0151 \u00c1rp\u00e1d"},"content":{"rendered":"<p>[et_pb_section fb_built=&#8221;1&#8243; specialty=&#8221;on&#8221; _builder_version=&#8221;4.16&#8243; inner_max_width=&#8221;none&#8221; global_colors_info=&#8221;{}&#8221;][et_pb_column type=&#8221;1_4&#8243; _builder_version=&#8221;4.16&#8243; custom_padding=&#8221;|||&#8221; global_colors_info=&#8221;{}&#8221; custom_padding__hover=&#8221;|||&#8221;][et_pb_image src=&#8221;https:\/\/www.danubia.com\/wp-content\/uploads\/2019\/06\/dr.-Petho-Arpad.jpg&#8221; align_tablet=&#8221;center&#8221; align_phone=&#8221;&#8221; align_last_edited=&#8221;on|desktop&#8221; _builder_version=&#8221;4.16&#8243; custom_margin=&#8221;||0px|&#8221; custom_padding=&#8221;||15px|&#8221; animation_style=&#8221;fade&#8221; z_index_tablet=&#8221;500&#8243; global_colors_info=&#8221;{}&#8221;][\/et_pb_image][et_pb_text _builder_version=&#8221;4.16&#8243; text_font_size=&#8221;14px&#8221; custom_margin=&#8221;||0px|&#8221; custom_padding=&#8221;||15px|&#8221; z_index_tablet=&#8221;500&#8243; global_colors_info=&#8221;{}&#8221;]<\/p>\n<p><strong>(+36 1) 411-8857<\/strong><br \/><strong><a href=\"mailto:petho@danubia.hu\">petho@danubia.hu<\/a><\/strong><\/p>\n<p>[\/et_pb_text][et_pb_image src=&#8221;https:\/\/www.danubia.com\/wp-content\/uploads\/2020\/01\/LinkedIn-logo.png&#8221; url=&#8221;https:\/\/www.linkedin.com\/in\/arpad-petho-82a0a242\/&#8221; url_new_window=&#8221;on&#8221; admin_label=&#8221;LinkedIn&#8221; _builder_version=&#8221;4.16&#8243; max_width=&#8221;30px&#8221; module_alignment=&#8221;left&#8221; global_colors_info=&#8221;{}&#8221;][\/et_pb_image][\/et_pb_column][et_pb_column type=&#8221;3_4&#8243; specialty_columns=&#8221;3&#8243; _builder_version=&#8221;4.16&#8243; custom_padding=&#8221;|||&#8221; global_colors_info=&#8221;{}&#8221; custom_padding__hover=&#8221;|||&#8221;][et_pb_row_inner admin_label=&#8221;Sor&#8221; _builder_version=&#8221;4.16&#8243; global_colors_info=&#8221;{}&#8221;][et_pb_column_inner saved_specialty_column_type=&#8221;3_4&#8243; _builder_version=&#8221;4.16&#8243; custom_padding=&#8221;|||&#8221; global_colors_info=&#8221;{}&#8221; custom_padding__hover=&#8221;|||&#8221;][et_pb_text _builder_version=&#8221;4.16&#8243; text_font=&#8221;Raleway|700||on|||||&#8221; text_text_color=&#8221;#a6192e&#8221; text_font_size=&#8221;36px&#8221; header_font=&#8221;Raleway|700||on|||||&#8221; header_text_align=&#8221;center&#8221; header_text_color=&#8221;#ffffff&#8221; header_font_size=&#8221;50px&#8221; header_line_height=&#8221;1.4em&#8221; custom_margin=&#8221;||0px|&#8221; custom_padding=&#8221;||15px|&#8221; text_font_size_tablet=&#8221;30px&#8221; text_font_size_phone=&#8221;22px&#8221; text_font_size_last_edited=&#8221;on|desktop&#8221; header_font_size_tablet=&#8221;30px&#8221; header_font_size_phone=&#8221;22px&#8221; header_font_size_last_edited=&#8221;on|desktop&#8221; z_index_tablet=&#8221;500&#8243; global_colors_info=&#8221;{}&#8221;]<\/p>\n<p>Dr. Peth\u0151 \u00c1rp\u00e1d<\/p>\n<p>[\/et_pb_text][et_pb_text _builder_version=&#8221;4.27.4&#8243; text_font=&#8221;Raleway|700|||||||&#8221; text_text_color=&#8221;#63666a&#8221; text_font_size=&#8221;18px&#8221; custom_margin=&#8221;||0px|&#8221; custom_padding=&#8221;||10px|&#8221; hover_enabled=&#8221;0&#8243; text_font_size_tablet=&#8221;20px&#8221; text_font_size_phone=&#8221;&#8221; text_font_size_last_edited=&#8221;on|desktop&#8221; z_index_tablet=&#8221;500&#8243; global_colors_info=&#8221;{}&#8221; sticky_enabled=&#8221;0&#8243;]<\/p>\n<p>eur\u00f3pai \u00e9s magyar szabadalmi \u00fcgyviv\u0151<br \/>partner<br \/>okl. vegy\u00e9sz<\/p>\n<p>[\/et_pb_text][et_pb_divider divider_position=&#8221;center&#8221; divider_weight=&#8221;3&#8243; _builder_version=&#8221;4.16&#8243; max_width=&#8221;50px&#8221; module_alignment=&#8221;left&#8221; height=&#8221;0px&#8221; animation_style=&#8221;zoom&#8221; z_index_tablet=&#8221;500&#8243; global_colors_info=&#8221;{}&#8221;][\/et_pb_divider][et_pb_text _builder_version=&#8221;4.16&#8243; text_orientation=&#8221;justified&#8221; z_index_tablet=&#8221;500&#8243; global_colors_info=&#8221;{}&#8221;]<\/p>\n<p>Dr. Peth\u0151 \u00c1rp\u00e1d t\u00edz \u00e9ves molekul\u00e1ris biol\u00f3giai kutat\u00f3i \u00e9s kutat\u00e1si vezet\u0151i tapasztalattal kezdte a szabadalmi \u00fcgyviv\u0151i szakm\u00e1t a Danubi\u00e1ban, \u00e9s az els\u0151 ilyen szakmai h\u00e1tter\u0171 szabadalmi \u00fcgyviv\u0151 lett Magyarorsz\u00e1gon. Jelenleg \u00fcgyvezet\u0151i feladatai mellett els\u0151sorban biotechnol\u00f3giai \u00e9s gy\u00f3gyszeripari t\u00e1rgy\u00fa szabadalmak \u00e9s kieg\u00e9sz\u00edt\u0151 oltalmi tan\u00fas\u00edtv\u00e1nyok (SPC-k) megszerz\u00e9s\u00e9vel \u00e9s az azokkal kapcsolatos jogvit\u00e1kkal foglalkozik.<\/p>\n<p>Gyakori el\u0151ad\u00f3 magyar \u00e9s k\u00fclf\u00f6ldi szakmai rendezv\u00e9nyeken \u00e9s cikkeivel is gyakran lehet tal\u00e1lkozni szakmai foly\u00f3iratokban.<\/p>\n<p>1994. \u00f3ta dolgozik a Danubia Kft-n\u00e9l.<br \/>2000. \u00f3ta a Biotechnol\u00f3giai Csoport vezet\u0151je, 2009-t\u0151l a vegy\u00e9szeti \u00e9s biotechnol\u00f3giai szakter\u00fclet\u00e9rt felel\u0151s, v\u00e1lasztott \u00fcgyvezet\u0151. 2012-t\u0151l \u00fcgyvezet\u0151 igazgat\u00f3.<br \/>Kor\u00e1bban kutat\u00f3k\u00e9nt az MTA Szegedi Biol\u00f3giai K\u00f6zpontj\u00e1ban, a Chinoin Gy\u00f3gyszergy\u00e1rban, az ELTE Biok\u00e9miai Tansz\u00e9k\u00e9n \u00e9s a Navix Hungary klinikai k\u00e9miai kutat\u00f3-fejleszt\u0151 c\u00e9gn\u00e9l dolgozott.<\/p>\n<p>\u00c1rp\u00e1d 1999. \u00f3ta magyar, 2003. \u00f3ta eur\u00f3pai szabadalmi \u00fcgyviv\u0151.<br \/>A Budapesti E\u00f6tv\u00f6s Lor\u00e1nd Tudom\u00e1nyegyetemen szerzett gy\u00f3gyszervegy\u00e9sz szakir\u00e1ny\u00fa okleveles vegy\u00e9szi diplom\u00e1t 1984-ben. Az MTA Szegedi Biol\u00f3giai Kutat\u00f3 K\u00f6zpontj\u00e1ban 1984-85 k\u00f6z\u00f6tt molekul\u00e1ris biol\u00f3giai tudom\u00e1nyos tov\u00e1bbk\u00e9pz\u00e9sen vett r\u00e9szt. 1986-ban doktor\u00e1lt a budapesti E\u00f6tv\u00f6s Lor\u00e1nd Tudom\u00e1nyegyetemen molekul\u00e1ris biol\u00f3gi\u00e1b\u00f3l.<\/p>\n<p>Dr. Peth\u0151 \u00c1rp\u00e1d Jedlik \u00c1nyos-d\u00edjban r\u00e9szes\u00fclt.<\/p>\n<p><span style=\"color: #a6192e;\"><strong>Nyelvtud\u00e1s:<\/strong><\/span><br \/>angol<\/p>\n<p>[\/et_pb_text][\/et_pb_column_inner][\/et_pb_row_inner][et_pb_row_inner column_structure=&#8221;1_2,1_2&#8243; admin_label=&#8221;Sor&#8221; _builder_version=&#8221;4.16&#8243; global_colors_info=&#8221;{}&#8221;][et_pb_column_inner type=&#8221;1_2&#8243; saved_specialty_column_type=&#8221;3_4&#8243; _builder_version=&#8221;4.16&#8243; custom_padding=&#8221;|||&#8221; global_colors_info=&#8221;{}&#8221; custom_padding__hover=&#8221;|||&#8221;][et_pb_text _builder_version=&#8221;4.16&#8243; text_font=&#8221;Raleway|700|||||||&#8221; text_text_color=&#8221;#a6192e&#8221; z_index_tablet=&#8221;500&#8243; global_colors_info=&#8221;{}&#8221;]<\/p>\n<p>\nSzakmai tags\u00e1gok<\/p>\n<p>[\/et_pb_text][et_pb_text _builder_version=&#8221;4.16&#8243; z_index_tablet=&#8221;500&#8243; global_colors_info=&#8221;{}&#8221;]<span style=\"color: #a6192e;\">\u00bb<\/span> Magyar Szabadalmi \u00dcgyviv\u0151i Kamara (eln\u00f6ks\u00e9gi tag)<br \/>\n<span style=\"color: #a6192e;\">\u00bb<\/span> epi Biotechnol\u00f3giai Bizotts\u00e1g<br \/>\n<span style=\"color: #a6192e;\">\u00bb<\/span> epi Tan\u00e1cs<br \/>\n<span style=\"color: #a6192e;\">\u00bb<\/span> MIE<br \/>\n<span style=\"color: #a6192e;\">\u00bb<\/span> AIPPI<br \/>\n[\/et_pb_text][\/et_pb_column_inner][et_pb_column_inner type=&#8221;1_2&#8243; saved_specialty_column_type=&#8221;3_4&#8243; _builder_version=&#8221;4.16&#8243; custom_padding=&#8221;|||&#8221; global_colors_info=&#8221;{}&#8221; custom_padding__hover=&#8221;|||&#8221;][et_pb_text _builder_version=&#8221;4.16&#8243; text_font=&#8221;Raleway|700|||||||&#8221; text_text_color=&#8221;#a6192e&#8221; z_index_tablet=&#8221;500&#8243; global_colors_info=&#8221;{}&#8221;]<\/p>\n<p>\nF\u0151bb szakter\u00fcletek<\/p>\n<p>[\/et_pb_text][et_pb_text _builder_version=&#8221;4.16&#8243; z_index_tablet=&#8221;500&#8243; global_colors_info=&#8221;{}&#8221;]<span style=\"color: #a6192e;\">\u00bb<\/span> biotechnol\u00f3gia, molekul\u00e1ris biol\u00f3gia, biok\u00e9mia, enzimol\u00f3gia, mikrobiol\u00f3gia, ferment\u00e1ci\u00f3, \u00e9lelmiszerk\u00e9mia, gy\u00f3gyszerk\u00e9mia, gy\u00f3gyszerek hat\u00e1smechanizmusa, farmakol\u00f3gia, klinikai k\u00e9mia, orvosi diagnosztika, \u00e1llatorvosi diagnosztika<br \/>\n[\/et_pb_text][\/et_pb_column_inner][\/et_pb_row_inner][\/et_pb_column][\/et_pb_section]<\/p>\n","protected":false},"excerpt":{"rendered":"<p>(+36 1) 411-8857petho@danubia.hu Dr. Peth\u0151 \u00c1rp\u00e1d eur\u00f3pai \u00e9s magyar szabadalmi \u00fcgyviv\u0151partnerokl. vegy\u00e9szDr. Peth\u0151 \u00c1rp\u00e1d t\u00edz \u00e9ves molekul\u00e1ris biol\u00f3giai kutat\u00f3i \u00e9s kutat\u00e1si vezet\u0151i tapasztalattal kezdte a szabadalmi \u00fcgyviv\u0151i szakm\u00e1t a Danubi\u00e1ban, \u00e9s az els\u0151 ilyen szakmai h\u00e1tter\u0171 szabadalmi \u00fcgyviv\u0151 lett Magyarorsz\u00e1gon. Jelenleg \u00fcgyvezet\u0151i feladatai mellett els\u0151sorban biotechnol\u00f3giai \u00e9s gy\u00f3gyszeripari t\u00e1rgy\u00fa szabadalmak \u00e9s kieg\u00e9sz\u00edt\u0151 oltalmi tan\u00fas\u00edtv\u00e1nyok (SPC-k) [&hellip;]<\/p>\n","protected":false},"author":1,"featured_media":0,"parent":922,"menu_order":0,"comment_status":"closed","ping_status":"closed","template":"","meta":{"_et_pb_use_builder":"on","_et_pb_old_content":"","_et_gb_content_width":"","footnotes":""},"class_list":["post-1326","page","type-page","status-publish","hentry"],"yoast_head":"<!-- This site is optimized with the Yoast SEO plugin v27.3 - https:\/\/yoast.com\/product\/yoast-seo-wordpress\/ -->\n<title>Dr. Peth\u0151 \u00c1rp\u00e1d\u00a0- DANUBIA Szabadalmi \u00e9s Jogi Iroda<\/title>\n<meta name=\"description\" content=\"\u00dcgyvezet\u0151 igazgat\u00f3, eur\u00f3pai \u00e9s magyar szabadalmi \u00fcgyviv\u0151. Szabadalmak \u00e9s kieg\u00e9sz\u00edt\u0151 oltalmi tan\u00fas\u00edtv\u00e1nyok megszerz\u00e9se. Szabadalmaztat\u00e1s, szabadalmi oltalom.\" \/>\n<meta name=\"robots\" content=\"index, follow, max-snippet:-1, max-image-preview:large, max-video-preview:-1\" \/>\n<link rel=\"canonical\" href=\"https:\/\/www.danubia.com\/hu\/munkatarsaink\/dr-petho-arpad\/\" \/>\n<meta property=\"og:locale\" content=\"hu_HU\" \/>\n<meta property=\"og:type\" content=\"article\" \/>\n<meta property=\"og:title\" content=\"Dr. Peth\u0151 \u00c1rp\u00e1d\u00a0- DANUBIA Szabadalmi \u00e9s Jogi Iroda\" \/>\n<meta property=\"og:description\" content=\"\u00dcgyvezet\u0151 igazgat\u00f3, eur\u00f3pai \u00e9s magyar szabadalmi \u00fcgyviv\u0151. Szabadalmak \u00e9s kieg\u00e9sz\u00edt\u0151 oltalmi tan\u00fas\u00edtv\u00e1nyok megszerz\u00e9se. Szabadalmaztat\u00e1s, szabadalmi oltalom.\" \/>\n<meta property=\"og:url\" content=\"https:\/\/www.danubia.com\/hu\/munkatarsaink\/dr-petho-arpad\/\" \/>\n<meta property=\"og:site_name\" content=\"Danubia\" \/>\n<meta property=\"article:modified_time\" content=\"2025-06-03T09:19:40+00:00\" \/>\n<meta property=\"og:image\" content=\"https:\/\/www.danubia.com\/wp-content\/uploads\/2019\/11\/Danubia-og-hu.jpg\" \/>\n\t<meta property=\"og:image:width\" content=\"1125\" \/>\n\t<meta property=\"og:image:height\" content=\"633\" \/>\n\t<meta property=\"og:image:type\" content=\"image\/jpeg\" \/>\n<meta name=\"twitter:card\" content=\"summary_large_image\" \/>\n<meta name=\"twitter:label1\" content=\"Becs\u00fclt olvas\u00e1si id\u0151\" \/>\n\t<meta name=\"twitter:data1\" content=\"4 perc\" \/>\n<script type=\"application\/ld+json\" class=\"yoast-schema-graph\">{\"@context\":\"https:\\\/\\\/schema.org\",\"@graph\":[{\"@type\":\"WebPage\",\"@id\":\"https:\\\/\\\/www.danubia.com\\\/hu\\\/munkatarsaink\\\/dr-petho-arpad\\\/\",\"url\":\"https:\\\/\\\/www.danubia.com\\\/hu\\\/munkatarsaink\\\/dr-petho-arpad\\\/\",\"name\":\"Dr. Peth\u0151 \u00c1rp\u00e1d\u00a0- DANUBIA Szabadalmi \u00e9s Jogi Iroda\",\"isPartOf\":{\"@id\":\"https:\\\/\\\/www.danubia.com\\\/#website\"},\"datePublished\":\"2019-07-22T17:16:04+00:00\",\"dateModified\":\"2025-06-03T09:19:40+00:00\",\"description\":\"\u00dcgyvezet\u0151 igazgat\u00f3, eur\u00f3pai \u00e9s magyar szabadalmi \u00fcgyviv\u0151. Szabadalmak \u00e9s kieg\u00e9sz\u00edt\u0151 oltalmi tan\u00fas\u00edtv\u00e1nyok megszerz\u00e9se. Szabadalmaztat\u00e1s, szabadalmi oltalom.\",\"breadcrumb\":{\"@id\":\"https:\\\/\\\/www.danubia.com\\\/hu\\\/munkatarsaink\\\/dr-petho-arpad\\\/#breadcrumb\"},\"inLanguage\":\"hu\",\"potentialAction\":[{\"@type\":\"ReadAction\",\"target\":[\"https:\\\/\\\/www.danubia.com\\\/hu\\\/munkatarsaink\\\/dr-petho-arpad\\\/\"]}]},{\"@type\":\"BreadcrumbList\",\"@id\":\"https:\\\/\\\/www.danubia.com\\\/hu\\\/munkatarsaink\\\/dr-petho-arpad\\\/#breadcrumb\",\"itemListElement\":[{\"@type\":\"ListItem\",\"position\":1,\"name\":\"Home\",\"item\":\"https:\\\/\\\/www.danubia.com\\\/hu\\\/\"},{\"@type\":\"ListItem\",\"position\":2,\"name\":\"Munkat\u00e1rsaink\",\"item\":\"https:\\\/\\\/www.danubia.com\\\/hu\\\/munkatarsaink\\\/\"},{\"@type\":\"ListItem\",\"position\":3,\"name\":\"Dr. Peth\u0151 \u00c1rp\u00e1d\"}]},{\"@type\":\"WebSite\",\"@id\":\"https:\\\/\\\/www.danubia.com\\\/#website\",\"url\":\"https:\\\/\\\/www.danubia.com\\\/\",\"name\":\"Danubia\",\"description\":\"\",\"potentialAction\":[{\"@type\":\"SearchAction\",\"target\":{\"@type\":\"EntryPoint\",\"urlTemplate\":\"https:\\\/\\\/www.danubia.com\\\/?s={search_term_string}\"},\"query-input\":{\"@type\":\"PropertyValueSpecification\",\"valueRequired\":true,\"valueName\":\"search_term_string\"}}],\"inLanguage\":\"hu\"}]}<\/script>\n<!-- \/ Yoast SEO plugin. -->","yoast_head_json":{"title":"Dr. Peth\u0151 \u00c1rp\u00e1d\u00a0- DANUBIA Szabadalmi \u00e9s Jogi Iroda","description":"\u00dcgyvezet\u0151 igazgat\u00f3, eur\u00f3pai \u00e9s magyar szabadalmi \u00fcgyviv\u0151. Szabadalmak \u00e9s kieg\u00e9sz\u00edt\u0151 oltalmi tan\u00fas\u00edtv\u00e1nyok megszerz\u00e9se. Szabadalmaztat\u00e1s, szabadalmi oltalom.","robots":{"index":"index","follow":"follow","max-snippet":"max-snippet:-1","max-image-preview":"max-image-preview:large","max-video-preview":"max-video-preview:-1"},"canonical":"https:\/\/www.danubia.com\/hu\/munkatarsaink\/dr-petho-arpad\/","og_locale":"hu_HU","og_type":"article","og_title":"Dr. Peth\u0151 \u00c1rp\u00e1d\u00a0- DANUBIA Szabadalmi \u00e9s Jogi Iroda","og_description":"\u00dcgyvezet\u0151 igazgat\u00f3, eur\u00f3pai \u00e9s magyar szabadalmi \u00fcgyviv\u0151. Szabadalmak \u00e9s kieg\u00e9sz\u00edt\u0151 oltalmi tan\u00fas\u00edtv\u00e1nyok megszerz\u00e9se. Szabadalmaztat\u00e1s, szabadalmi oltalom.","og_url":"https:\/\/www.danubia.com\/hu\/munkatarsaink\/dr-petho-arpad\/","og_site_name":"Danubia","article_modified_time":"2025-06-03T09:19:40+00:00","og_image":[{"width":1125,"height":633,"url":"https:\/\/www.danubia.com\/wp-content\/uploads\/2019\/11\/Danubia-og-hu.jpg","type":"image\/jpeg"}],"twitter_card":"summary_large_image","twitter_misc":{"Becs\u00fclt olvas\u00e1si id\u0151":"4 perc"},"schema":{"@context":"https:\/\/schema.org","@graph":[{"@type":"WebPage","@id":"https:\/\/www.danubia.com\/hu\/munkatarsaink\/dr-petho-arpad\/","url":"https:\/\/www.danubia.com\/hu\/munkatarsaink\/dr-petho-arpad\/","name":"Dr. Peth\u0151 \u00c1rp\u00e1d\u00a0- DANUBIA Szabadalmi \u00e9s Jogi Iroda","isPartOf":{"@id":"https:\/\/www.danubia.com\/#website"},"datePublished":"2019-07-22T17:16:04+00:00","dateModified":"2025-06-03T09:19:40+00:00","description":"\u00dcgyvezet\u0151 igazgat\u00f3, eur\u00f3pai \u00e9s magyar szabadalmi \u00fcgyviv\u0151. Szabadalmak \u00e9s kieg\u00e9sz\u00edt\u0151 oltalmi tan\u00fas\u00edtv\u00e1nyok megszerz\u00e9se. Szabadalmaztat\u00e1s, szabadalmi oltalom.","breadcrumb":{"@id":"https:\/\/www.danubia.com\/hu\/munkatarsaink\/dr-petho-arpad\/#breadcrumb"},"inLanguage":"hu","potentialAction":[{"@type":"ReadAction","target":["https:\/\/www.danubia.com\/hu\/munkatarsaink\/dr-petho-arpad\/"]}]},{"@type":"BreadcrumbList","@id":"https:\/\/www.danubia.com\/hu\/munkatarsaink\/dr-petho-arpad\/#breadcrumb","itemListElement":[{"@type":"ListItem","position":1,"name":"Home","item":"https:\/\/www.danubia.com\/hu\/"},{"@type":"ListItem","position":2,"name":"Munkat\u00e1rsaink","item":"https:\/\/www.danubia.com\/hu\/munkatarsaink\/"},{"@type":"ListItem","position":3,"name":"Dr. Peth\u0151 \u00c1rp\u00e1d"}]},{"@type":"WebSite","@id":"https:\/\/www.danubia.com\/#website","url":"https:\/\/www.danubia.com\/","name":"Danubia","description":"","potentialAction":[{"@type":"SearchAction","target":{"@type":"EntryPoint","urlTemplate":"https:\/\/www.danubia.com\/?s={search_term_string}"},"query-input":{"@type":"PropertyValueSpecification","valueRequired":true,"valueName":"search_term_string"}}],"inLanguage":"hu"}]}},"_links":{"self":[{"href":"https:\/\/www.danubia.com\/hu\/wp-json\/wp\/v2\/pages\/1326","targetHints":{"allow":["GET"]}}],"collection":[{"href":"https:\/\/www.danubia.com\/hu\/wp-json\/wp\/v2\/pages"}],"about":[{"href":"https:\/\/www.danubia.com\/hu\/wp-json\/wp\/v2\/types\/page"}],"author":[{"embeddable":true,"href":"https:\/\/www.danubia.com\/hu\/wp-json\/wp\/v2\/users\/1"}],"replies":[{"embeddable":true,"href":"https:\/\/www.danubia.com\/hu\/wp-json\/wp\/v2\/comments?post=1326"}],"version-history":[{"count":14,"href":"https:\/\/www.danubia.com\/hu\/wp-json\/wp\/v2\/pages\/1326\/revisions"}],"predecessor-version":[{"id":11756,"href":"https:\/\/www.danubia.com\/hu\/wp-json\/wp\/v2\/pages\/1326\/revisions\/11756"}],"up":[{"embeddable":true,"href":"https:\/\/www.danubia.com\/hu\/wp-json\/wp\/v2\/pages\/922"}],"wp:attachment":[{"href":"https:\/\/www.danubia.com\/hu\/wp-json\/wp\/v2\/media?parent=1326"}],"curies":[{"name":"wp","href":"https:\/\/api.w.org\/{rel}","templated":true}]}}