{"id":1392,"date":"2019-07-26T06:11:32","date_gmt":"2019-07-26T06:11:32","guid":{"rendered":"https:\/\/www.danubia.com\/hu\/?page_id=1392"},"modified":"2020-02-05T15:16:06","modified_gmt":"2020-02-05T15:16:06","slug":"lantos-mihaly","status":"publish","type":"page","link":"https:\/\/www.danubia.com\/hu\/munkatarsaink\/lantos-mihaly\/","title":{"rendered":"Lantos Mih\u00e1ly"},"content":{"rendered":"<p>[et_pb_section fb_built=&#8221;1&#8243; specialty=&#8221;on&#8221; _builder_version=&#8221;3.22&#8243; inner_max_width=&#8221;none&#8221;][et_pb_column type=&#8221;1_4&#8243; _builder_version=&#8221;3.25&#8243; custom_padding=&#8221;|||&#8221; custom_padding__hover=&#8221;|||&#8221;][et_pb_image src=&#8221;https:\/\/www.danubia.com\/wp-content\/uploads\/2019\/06\/Lantos-Mihaly.jpg&#8221; align_tablet=&#8221;center&#8221; align_phone=&#8221;&#8221; align_last_edited=&#8221;on|desktop&#8221; _builder_version=&#8221;3.23&#8243; custom_margin=&#8221;||0px|&#8221; custom_padding=&#8221;||15px|&#8221; animation_style=&#8221;fade&#8221; z_index_tablet=&#8221;500&#8243;][\/et_pb_image][et_pb_text _builder_version=&#8221;3.27.4&#8243; text_font_size=&#8221;14px&#8221; custom_margin=&#8221;||0px|&#8221; custom_padding=&#8221;||15px|&#8221; z_index_tablet=&#8221;500&#8243;]<\/p>\n<p><strong>(+ 36 1) 411-8716<\/strong><br \/><strong><a href=\"mailto:lantos@danubia.hu\">lantos@danubia.hu<\/a><\/strong><\/p>\n<p>[\/et_pb_text][et_pb_image src=&#8221;https:\/\/www.danubia.com\/wp-content\/uploads\/2020\/01\/LinkedIn-logo.png&#8221; url=&#8221;https:\/\/www.linkedin.com\/in\/michael-lantos-75a36b42\/&#8221; url_new_window=&#8221;on&#8221; admin_label=&#8221;LinkedIn&#8221; _builder_version=&#8221;4.0.4&#8243; max_width=&#8221;30px&#8221; module_alignment=&#8221;left&#8221;][\/et_pb_image][\/et_pb_column][et_pb_column type=&#8221;3_4&#8243; specialty_columns=&#8221;3&#8243; _builder_version=&#8221;3.25&#8243; custom_padding=&#8221;|||&#8221; custom_padding__hover=&#8221;|||&#8221;][et_pb_row_inner admin_label=&#8221;Sor&#8221; _builder_version=&#8221;3.25&#8243;][et_pb_column_inner saved_specialty_column_type=&#8221;3_4&#8243; _builder_version=&#8221;3.25&#8243; custom_padding=&#8221;|||&#8221; custom_padding__hover=&#8221;|||&#8221;][et_pb_text admin_label=&#8221;N\u00e9v&#8221; _builder_version=&#8221;3.27.4&#8243; text_font=&#8221;Raleway|700||on|||||&#8221; text_text_color=&#8221;#a6192e&#8221; text_font_size=&#8221;36px&#8221; header_font=&#8221;Raleway|700||on|||||&#8221; header_text_align=&#8221;center&#8221; header_text_color=&#8221;#ffffff&#8221; header_font_size=&#8221;50px&#8221; header_line_height=&#8221;1.4em&#8221; custom_margin=&#8221;||0px|&#8221; custom_padding=&#8221;||15px|&#8221; z_index_tablet=&#8221;500&#8243; text_font_size_tablet=&#8221;30px&#8221; text_font_size_phone=&#8221;22px&#8221; text_font_size_last_edited=&#8221;on|desktop&#8221; header_font_size_tablet=&#8221;30px&#8221; header_font_size_phone=&#8221;22px&#8221; header_font_size_last_edited=&#8221;on|desktop&#8221;]<\/p>\n<p>Lantos Mih\u00e1ly<\/p>\n<p>[\/et_pb_text][et_pb_text admin_label=&#8221;poz\u00edci\u00f3&#8221; _builder_version=&#8221;3.27.4&#8243; text_font=&#8221;Raleway|700|||||||&#8221; text_text_color=&#8221;#63666a&#8221; text_font_size=&#8221;18px&#8221; custom_margin=&#8221;||0px|&#8221; custom_padding=&#8221;||10px|&#8221; z_index_tablet=&#8221;500&#8243; text_font_size_tablet=&#8221;20px&#8221; text_font_size_phone=&#8221;&#8221; text_font_size_last_edited=&#8221;on|desktop&#8221;]<\/p>\n<p>\n\u00fcgyvezet\u0151-helyettes<br \/>\neur\u00f3pai \u00e9s magyar szabadalmi \u00fcgyviv\u0151<br \/>\npartner<br \/>\nokl. villamosm\u00e9rn\u00f6k, m\u00e9rn\u00f6k-k\u00f6zgazd\u00e1sz<\/p>\n<p>[\/et_pb_text][et_pb_divider divider_position=&#8221;center&#8221; divider_weight=&#8221;3&#8243; _builder_version=&#8221;3.21.1&#8243; max_width=&#8221;50px&#8221; module_alignment=&#8221;left&#8221; height=&#8221;0px&#8221; animation_style=&#8221;zoom&#8221; z_index_tablet=&#8221;500&#8243;][\/et_pb_divider][et_pb_text admin_label=&#8221;Le\u00edr\u00e1s&#8221; _builder_version=&#8221;3.27.4&#8243; text_orientation=&#8221;justified&#8221; z_index_tablet=&#8221;500&#8243;]<\/p>\n<p>Lantos Mih\u00e1ly a szellemi tulajdon v\u00e9delm\u00e9nek \u00e9s \u00e9rv\u00e9nyes\u00edt\u00e9s\u00e9nek ter\u00fclet\u00e9n t\u00f6bb mint n\u00e9gy \u00e9vtizedes tapasztalattal rendelkezik, bele\u00e9rtve \u00faj megold\u00e1sok v\u00e9delm\u00e9t Magyarorsz\u00e1gon \u00e9s k\u00fclf\u00f6ld\u00f6n szabadalom \u00e9s haszn\u00e1lati minta keret\u00e9ben, v\u00e9djegyek, formatervez\u00e9si mint\u00e1k jogv\u00e9delm\u00e9t, \u00e9rv\u00e9nyes\u00edt\u00e9s\u00e9t, szellemi tulajdon jogtalan haszn\u00e1lata elleni fell\u00e9p\u00e9sekben strat\u00e9giai tan\u00e1csad\u00e1st, perbeli k\u00e9pviseletet. Tapasztalata kiterjed a Szellemi Tulajdon Nemzeti Hivatala el\u0151tti elj\u00e1r\u00e1sokra, az Eur\u00f3pai Szabadalmi Hivatal el\u0151tti elj\u00e1r\u00e1sokra, bele\u00e9rtve a jogszerz\u00e9st \u00e9s a felsz\u00f3lal\u00e1sok int\u00e9z\u00e9s\u00e9t, tov\u00e1bb\u00e1 k\u00fclf\u00f6ldi k\u00e9pvisel\u0151k\u00f6n kereszt\u00fcl k\u00fclf\u00f6ldi jogok megszerz\u00e9s\u00e9re \u00e9s v\u00e9delm\u00e9re. V\u00e9djegy \u00e9s mintaoltalmi \u00fcgyekben komoly tapasztalata van az EUIPO el\u0151tti elj\u00e1r\u00e1sokban mind jogszerz\u00e9s, mind jogok felsz\u00f3lal\u00e1ssal, t\u00f6rl\u00e9ssel t\u00f6rt\u00e9n\u0151 t\u00e1mad\u00e1sa \u00e9s v\u00e9delme ter\u00fclet\u00e9n, a hamis\u00edt\u00e1sok elleni fell\u00e9\u00adp\u00e9sben. \u00a0Gyakorlott a versenyjogi \u00fcgyekben a szolgai m\u00e1sol\u00e1s \u00e9s jellegbitorl\u00e1s miatt ind\u00edtott elj\u00e1r\u00e1sok k\u00e9pvise\u00adlet\u00e9ben, \u00e9s a domain n\u00e9vvel kapcsolatos jogvit\u00e1kban. Tapasztalata van a szellemi tulajdon hasznos\u00edt\u00e1s\u00e1val kapcsolatos k\u00e9rd\u00e9sekben a feltal\u00e1l\u00f3kat megillet\u0151 d\u00edjaz\u00e1s perbeli k\u00e9pviselet\u00e9ben, licencia \u00fcgyletekben, szerz\u0151d\u00e9sek el\u0151k\u00e9sz\u00edt\u00e9se \u00e9s licencia t\u00e1rgyal\u00e1sok lefolytat\u00e1s\u00e1ban hazai \u00e9s nemzetk\u00f6zi \u00fcgyletekben.<\/p>\n<p>1972 \u00f3ta a DANUBIA Szabadalmi \u00e9s Jogi Iroda Kft. \u00e9s jogel\u0151dj\u00e9nek a munkat\u00e1rsa \u00e9s r\u00e9sztulajdonos partnere, 1990 \u00e9s 2011 k\u00f6z\u00f6tt \u00fcgyvezet\u0151je, jelenleg \u00fcgyvezet\u0151 helyettese.<\/p>\n<p>Mih\u00e1ly 1974 \u00f3ta szabadalmi \u00fcgyviv\u0151, 2003-t\u00f3l eur\u00f3pai szabadalmi \u00fcgyviv\u0151.<\/p>\n<p>Okleveles villamosm\u00e9rn\u00f6k diplom\u00e1j\u00e1t a Budapesti M\u0171szaki Egyetem h\u00edrad\u00e1stechnikai szak\u00e1n, m\u0171sork\u00f6zl\u0151 \u00e1gazat\u00e1n szerezte meg, majd ugyanitt m\u00e9rn\u00f6k-k\u00f6zgazd\u00e1sz diplom\u00e1t is szerzett.<\/p>\n<p>Lantos Mih\u00e1ly Jedlik \u00c1nyos \u00e9s Somlai Tibor d\u00edjban r\u00e9szes\u00fclt, illetve MIE \u00e9s V\u00e9djegy Egyes\u00fclet eml\u00e9k\u00e9rmet kapott<strong>. <\/strong><\/p>\n<p><strong><span style=\"color: #a6192e;\">Nyelvtud\u00e1s:<\/span> <\/strong><br \/>angol, n\u00e9met<\/p>\n<p>[\/et_pb_text][\/et_pb_column_inner][\/et_pb_row_inner][et_pb_row_inner column_structure=&#8221;1_2,1_2&#8243; admin_label=&#8221;Sor&#8221; _builder_version=&#8221;3.25&#8243;][et_pb_column_inner type=&#8221;1_2&#8243; saved_specialty_column_type=&#8221;3_4&#8243; _builder_version=&#8221;3.25&#8243; custom_padding=&#8221;|||&#8221; custom_padding__hover=&#8221;|||&#8221;][et_pb_text admin_label=&#8221;Szakmai tags\u00e1gok&#8221; _builder_version=&#8221;3.27.4&#8243; text_font=&#8221;Raleway|700|||||||&#8221; text_text_color=&#8221;#a6192e&#8221; z_index_tablet=&#8221;500&#8243;]<\/p>\n<p>Szakmai tags\u00e1gok<\/p>\n<p>[\/et_pb_text][et_pb_text admin_label=&#8221;Szakmai tags\u00e1gok felsorol\u00e1s&#8221; _builder_version=&#8221;3.27.4&#8243; z_index_tablet=&#8221;500&#8243;]<\/p>\n<p>\n<span style=\"color: #a6192e;\">\u00bb<\/span> Tagja az EPI (az Eur\u00f3pai Szabadalmi \u00dcgyviv\u0151i Kamara) Professzion\u00e1lis Magatart\u00e1st Figyel\u0151 Bizotts\u00e1g\u00e1nak (PCC), azon bel\u00fcl az egyik kamara vezet\u0151je.<br \/>\n<span style=\"color: #a6192e;\">\u00bb<\/span> Tagja az Iparjogv\u00e9delmi Szak\u00e9rt\u0151 Test\u00fcletnek<br \/>\n<span style=\"color: #a6192e;\">\u00bb<\/span> Magyar V\u00e9djegy Egyes\u00fclet egyik aleln\u00f6ke<br \/>\n<span style=\"color: #a6192e;\">\u00bb<\/span> Magyar Iparjogv\u00e9delmi \u00e9s Szerz\u0151i Jogi Egyes\u00fclet (MIE)<br \/>\n<span style=\"color: #a6192e;\">\u00bb<\/span> Magyar V\u00e9djegy Egyes\u00fclet (MVE)<br \/>\n<span style=\"color: #a6192e;\">\u00bb<\/span> Licensing Executives Society International (LESI) Magyar Csoportja<br \/>\n<span style=\"color: #a6192e;\">\u00bb<\/span> LESI nemzetk\u00f6zi egyes\u00fclet<br \/>\n<span style=\"color: #a6192e;\">\u00bb<\/span> Nemzetk\u00f6zi V\u00e9djegy Egyes\u00fclet (INTA)<br \/>\n<span style=\"color: #a6192e;\">\u00bb<\/span> Hamis\u00edt\u00e1s Elleni Nemzeti Test\u00fclet (HENT)<br \/>\n<span style=\"color: #a6192e;\">\u00bb<\/span> Hossz\u00fa \u00e9veken \u00e1t a Szabadalmi \u00dcgyviv\u0151i vizsgabizotts\u00e1g tagja volt, 25 \u00e9ven \u00e1t a Licencia Szakemberek Egyes\u00fclet\u00e9nek (LES Hungary) eln\u00f6ke volt.<\/p>\n<p>[\/et_pb_text][\/et_pb_column_inner][et_pb_column_inner type=&#8221;1_2&#8243; saved_specialty_column_type=&#8221;3_4&#8243; _builder_version=&#8221;3.25&#8243; custom_padding=&#8221;|||&#8221; custom_padding__hover=&#8221;|||&#8221;][et_pb_text admin_label=&#8221;F\u0151bb szakter\u00fcletek&#8221; _builder_version=&#8221;3.27.4&#8243; text_font=&#8221;Raleway|700|||||||&#8221; text_text_color=&#8221;#a6192e&#8221; z_index_tablet=&#8221;500&#8243;]<\/p>\n<p>F\u0151bb szakter\u00fcletek<\/p>\n<p>[\/et_pb_text][et_pb_text admin_label=&#8221;F\u0151bb szakter\u00fcletek felsorol\u00e1s&#8221; _builder_version=&#8221;3.27.4&#8243; z_index_tablet=&#8221;500&#8243;]<\/p>\n<p><span style=\"color: #a6192e;\">\u00bb<\/span> elektromoss\u00e1g, elektronika, m\u00e9r\u00e9stechnika, m\u0171szerek, orvosi k\u00e9sz\u00fcl\u00e9kek, sz\u00e1m\u00edt\u00e1stechnikai eszk\u00f6z\u00f6k \u00e9s rendszerek, h\u00edrk\u00f6zl\u00e9s, sportfelszerel\u00e9sek, mechanikai eszk\u00f6z\u00f6k \u00e9s g\u00e9pek, \u00fat\u00e9p\u00edt\u00e9s, \u00fat- \u00e9s \u00e9p\u00fcletszerkezetek, fegyverek<\/p>\n<p>[\/et_pb_text][\/et_pb_column_inner][\/et_pb_row_inner][\/et_pb_column][\/et_pb_section]<\/p>\n","protected":false},"excerpt":{"rendered":"<p>(+ 36 1) 411-8716lantos@danubia.hu Lantos Mih\u00e1ly \u00fcgyvezet\u0151-helyettes eur\u00f3pai \u00e9s magyar szabadalmi \u00fcgyviv\u0151 partner okl. villamosm\u00e9rn\u00f6k, m\u00e9rn\u00f6k-k\u00f6zgazd\u00e1sz Lantos Mih\u00e1ly a szellemi tulajdon v\u00e9delm\u00e9nek \u00e9s \u00e9rv\u00e9nyes\u00edt\u00e9s\u00e9nek ter\u00fclet\u00e9n t\u00f6bb mint n\u00e9gy \u00e9vtizedes tapasztalattal rendelkezik, bele\u00e9rtve \u00faj megold\u00e1sok v\u00e9delm\u00e9t Magyarorsz\u00e1gon \u00e9s k\u00fclf\u00f6ld\u00f6n szabadalom \u00e9s haszn\u00e1lati minta keret\u00e9ben, v\u00e9djegyek, formatervez\u00e9si mint\u00e1k jogv\u00e9delm\u00e9t, \u00e9rv\u00e9nyes\u00edt\u00e9s\u00e9t, szellemi tulajdon jogtalan haszn\u00e1lata elleni fell\u00e9p\u00e9sekben strat\u00e9giai [&hellip;]<\/p>\n","protected":false},"author":1,"featured_media":0,"parent":922,"menu_order":0,"comment_status":"closed","ping_status":"closed","template":"","meta":{"_et_pb_use_builder":"on","_et_pb_old_content":"","_et_gb_content_width":"","footnotes":""},"class_list":["post-1392","page","type-page","status-publish","hentry"],"yoast_head":"<!-- This site is optimized with the Yoast SEO plugin v27.3 - https:\/\/yoast.com\/product\/yoast-seo-wordpress\/ -->\n<title>Lantos Mih\u00e1ly - DANUBIA Szabadalmi \u00e9s Jogi Iroda<\/title>\n<meta name=\"description\" content=\"\u00dcgyvezet\u0151-helyettes, eur\u00f3pai \u00e9s magyar szabadalmi \u00fcgyviv\u0151. Szellemi tulajdon v\u00e9delme \u00e9s \u00e9rv\u00e9nyes\u00edt\u00e9se, szabadalmaztat\u00e1s, v\u00e9djegy, v\u00e9djegybejelent\u00e9s, versenyjog\" \/>\n<meta name=\"robots\" content=\"index, follow, max-snippet:-1, max-image-preview:large, max-video-preview:-1\" \/>\n<link rel=\"canonical\" href=\"https:\/\/www.danubia.com\/hu\/munkatarsaink\/lantos-mihaly\/\" \/>\n<meta property=\"og:locale\" content=\"hu_HU\" \/>\n<meta property=\"og:type\" content=\"article\" \/>\n<meta property=\"og:title\" content=\"Lantos Mih\u00e1ly - DANUBIA Szabadalmi \u00e9s Jogi Iroda\" \/>\n<meta property=\"og:description\" content=\"\u00dcgyvezet\u0151-helyettes, eur\u00f3pai \u00e9s magyar szabadalmi \u00fcgyviv\u0151. Szellemi tulajdon v\u00e9delme \u00e9s \u00e9rv\u00e9nyes\u00edt\u00e9se, szabadalmaztat\u00e1s, v\u00e9djegy, v\u00e9djegybejelent\u00e9s, versenyjog\" \/>\n<meta property=\"og:url\" content=\"https:\/\/www.danubia.com\/hu\/munkatarsaink\/lantos-mihaly\/\" \/>\n<meta property=\"og:site_name\" content=\"Danubia\" \/>\n<meta property=\"article:modified_time\" content=\"2020-02-05T15:16:06+00:00\" \/>\n<meta property=\"og:image\" content=\"https:\/\/www.danubia.com\/wp-content\/uploads\/2019\/11\/Danubia-og-hu.jpg\" \/>\n\t<meta property=\"og:image:width\" content=\"1125\" \/>\n\t<meta property=\"og:image:height\" content=\"633\" \/>\n\t<meta property=\"og:image:type\" content=\"image\/jpeg\" \/>\n<meta name=\"twitter:card\" content=\"summary_large_image\" \/>\n<meta name=\"twitter:label1\" content=\"Becs\u00fclt olvas\u00e1si id\u0151\" \/>\n\t<meta name=\"twitter:data1\" content=\"5 perc\" \/>\n<script type=\"application\/ld+json\" class=\"yoast-schema-graph\">{\"@context\":\"https:\\\/\\\/schema.org\",\"@graph\":[{\"@type\":\"WebPage\",\"@id\":\"https:\\\/\\\/www.danubia.com\\\/hu\\\/munkatarsaink\\\/lantos-mihaly\\\/\",\"url\":\"https:\\\/\\\/www.danubia.com\\\/hu\\\/munkatarsaink\\\/lantos-mihaly\\\/\",\"name\":\"Lantos Mih\u00e1ly - DANUBIA Szabadalmi \u00e9s Jogi Iroda\",\"isPartOf\":{\"@id\":\"https:\\\/\\\/www.danubia.com\\\/#website\"},\"datePublished\":\"2019-07-26T06:11:32+00:00\",\"dateModified\":\"2020-02-05T15:16:06+00:00\",\"description\":\"\u00dcgyvezet\u0151-helyettes, eur\u00f3pai \u00e9s magyar szabadalmi \u00fcgyviv\u0151. Szellemi tulajdon v\u00e9delme \u00e9s \u00e9rv\u00e9nyes\u00edt\u00e9se, szabadalmaztat\u00e1s, v\u00e9djegy, v\u00e9djegybejelent\u00e9s, versenyjog\",\"breadcrumb\":{\"@id\":\"https:\\\/\\\/www.danubia.com\\\/hu\\\/munkatarsaink\\\/lantos-mihaly\\\/#breadcrumb\"},\"inLanguage\":\"hu\",\"potentialAction\":[{\"@type\":\"ReadAction\",\"target\":[\"https:\\\/\\\/www.danubia.com\\\/hu\\\/munkatarsaink\\\/lantos-mihaly\\\/\"]}]},{\"@type\":\"BreadcrumbList\",\"@id\":\"https:\\\/\\\/www.danubia.com\\\/hu\\\/munkatarsaink\\\/lantos-mihaly\\\/#breadcrumb\",\"itemListElement\":[{\"@type\":\"ListItem\",\"position\":1,\"name\":\"Home\",\"item\":\"https:\\\/\\\/www.danubia.com\\\/hu\\\/\"},{\"@type\":\"ListItem\",\"position\":2,\"name\":\"Munkat\u00e1rsaink\",\"item\":\"https:\\\/\\\/www.danubia.com\\\/hu\\\/munkatarsaink\\\/\"},{\"@type\":\"ListItem\",\"position\":3,\"name\":\"Lantos Mih\u00e1ly\"}]},{\"@type\":\"WebSite\",\"@id\":\"https:\\\/\\\/www.danubia.com\\\/#website\",\"url\":\"https:\\\/\\\/www.danubia.com\\\/\",\"name\":\"Danubia\",\"description\":\"\",\"potentialAction\":[{\"@type\":\"SearchAction\",\"target\":{\"@type\":\"EntryPoint\",\"urlTemplate\":\"https:\\\/\\\/www.danubia.com\\\/?s={search_term_string}\"},\"query-input\":{\"@type\":\"PropertyValueSpecification\",\"valueRequired\":true,\"valueName\":\"search_term_string\"}}],\"inLanguage\":\"hu\"}]}<\/script>\n<!-- \/ Yoast SEO plugin. -->","yoast_head_json":{"title":"Lantos Mih\u00e1ly - DANUBIA Szabadalmi \u00e9s Jogi Iroda","description":"\u00dcgyvezet\u0151-helyettes, eur\u00f3pai \u00e9s magyar szabadalmi \u00fcgyviv\u0151. Szellemi tulajdon v\u00e9delme \u00e9s \u00e9rv\u00e9nyes\u00edt\u00e9se, szabadalmaztat\u00e1s, v\u00e9djegy, v\u00e9djegybejelent\u00e9s, versenyjog","robots":{"index":"index","follow":"follow","max-snippet":"max-snippet:-1","max-image-preview":"max-image-preview:large","max-video-preview":"max-video-preview:-1"},"canonical":"https:\/\/www.danubia.com\/hu\/munkatarsaink\/lantos-mihaly\/","og_locale":"hu_HU","og_type":"article","og_title":"Lantos Mih\u00e1ly - DANUBIA Szabadalmi \u00e9s Jogi Iroda","og_description":"\u00dcgyvezet\u0151-helyettes, eur\u00f3pai \u00e9s magyar szabadalmi \u00fcgyviv\u0151. Szellemi tulajdon v\u00e9delme \u00e9s \u00e9rv\u00e9nyes\u00edt\u00e9se, szabadalmaztat\u00e1s, v\u00e9djegy, v\u00e9djegybejelent\u00e9s, versenyjog","og_url":"https:\/\/www.danubia.com\/hu\/munkatarsaink\/lantos-mihaly\/","og_site_name":"Danubia","article_modified_time":"2020-02-05T15:16:06+00:00","og_image":[{"width":1125,"height":633,"url":"https:\/\/www.danubia.com\/wp-content\/uploads\/2019\/11\/Danubia-og-hu.jpg","type":"image\/jpeg"}],"twitter_card":"summary_large_image","twitter_misc":{"Becs\u00fclt olvas\u00e1si id\u0151":"5 perc"},"schema":{"@context":"https:\/\/schema.org","@graph":[{"@type":"WebPage","@id":"https:\/\/www.danubia.com\/hu\/munkatarsaink\/lantos-mihaly\/","url":"https:\/\/www.danubia.com\/hu\/munkatarsaink\/lantos-mihaly\/","name":"Lantos Mih\u00e1ly - DANUBIA Szabadalmi \u00e9s Jogi Iroda","isPartOf":{"@id":"https:\/\/www.danubia.com\/#website"},"datePublished":"2019-07-26T06:11:32+00:00","dateModified":"2020-02-05T15:16:06+00:00","description":"\u00dcgyvezet\u0151-helyettes, eur\u00f3pai \u00e9s magyar szabadalmi \u00fcgyviv\u0151. Szellemi tulajdon v\u00e9delme \u00e9s \u00e9rv\u00e9nyes\u00edt\u00e9se, szabadalmaztat\u00e1s, v\u00e9djegy, v\u00e9djegybejelent\u00e9s, versenyjog","breadcrumb":{"@id":"https:\/\/www.danubia.com\/hu\/munkatarsaink\/lantos-mihaly\/#breadcrumb"},"inLanguage":"hu","potentialAction":[{"@type":"ReadAction","target":["https:\/\/www.danubia.com\/hu\/munkatarsaink\/lantos-mihaly\/"]}]},{"@type":"BreadcrumbList","@id":"https:\/\/www.danubia.com\/hu\/munkatarsaink\/lantos-mihaly\/#breadcrumb","itemListElement":[{"@type":"ListItem","position":1,"name":"Home","item":"https:\/\/www.danubia.com\/hu\/"},{"@type":"ListItem","position":2,"name":"Munkat\u00e1rsaink","item":"https:\/\/www.danubia.com\/hu\/munkatarsaink\/"},{"@type":"ListItem","position":3,"name":"Lantos Mih\u00e1ly"}]},{"@type":"WebSite","@id":"https:\/\/www.danubia.com\/#website","url":"https:\/\/www.danubia.com\/","name":"Danubia","description":"","potentialAction":[{"@type":"SearchAction","target":{"@type":"EntryPoint","urlTemplate":"https:\/\/www.danubia.com\/?s={search_term_string}"},"query-input":{"@type":"PropertyValueSpecification","valueRequired":true,"valueName":"search_term_string"}}],"inLanguage":"hu"}]}},"_links":{"self":[{"href":"https:\/\/www.danubia.com\/hu\/wp-json\/wp\/v2\/pages\/1392","targetHints":{"allow":["GET"]}}],"collection":[{"href":"https:\/\/www.danubia.com\/hu\/wp-json\/wp\/v2\/pages"}],"about":[{"href":"https:\/\/www.danubia.com\/hu\/wp-json\/wp\/v2\/types\/page"}],"author":[{"embeddable":true,"href":"https:\/\/www.danubia.com\/hu\/wp-json\/wp\/v2\/users\/1"}],"replies":[{"embeddable":true,"href":"https:\/\/www.danubia.com\/hu\/wp-json\/wp\/v2\/comments?post=1392"}],"version-history":[{"count":6,"href":"https:\/\/www.danubia.com\/hu\/wp-json\/wp\/v2\/pages\/1392\/revisions"}],"predecessor-version":[{"id":3704,"href":"https:\/\/www.danubia.com\/hu\/wp-json\/wp\/v2\/pages\/1392\/revisions\/3704"}],"up":[{"embeddable":true,"href":"https:\/\/www.danubia.com\/hu\/wp-json\/wp\/v2\/pages\/922"}],"wp:attachment":[{"href":"https:\/\/www.danubia.com\/hu\/wp-json\/wp\/v2\/media?parent=1392"}],"curies":[{"name":"wp","href":"https:\/\/api.w.org\/{rel}","templated":true}]}}