{"id":1428,"date":"2019-07-26T06:58:54","date_gmt":"2019-07-26T06:58:54","guid":{"rendered":"https:\/\/www.danubia.com\/?page_id=1428"},"modified":"2025-06-03T09:55:56","modified_gmt":"2025-06-03T09:55:56","slug":"dr-harangozo-gabor","status":"publish","type":"page","link":"https:\/\/www.danubia.com\/hu\/munkatarsaink\/dr-harangozo-gabor\/","title":{"rendered":"Dr. Harangoz\u00f3 G\u00e1bor"},"content":{"rendered":"<p>[et_pb_section fb_built=&#8221;1&#8243; specialty=&#8221;on&#8221; _builder_version=&#8221;4.16&#8243; inner_max_width=&#8221;none&#8221; global_colors_info=&#8221;{}&#8221;][et_pb_column type=&#8221;1_4&#8243; _builder_version=&#8221;4.16&#8243; custom_padding=&#8221;|||&#8221; global_colors_info=&#8221;{}&#8221; custom_padding__hover=&#8221;|||&#8221;][et_pb_image src=&#8221;https:\/\/www.danubia.com\/wp-content\/uploads\/2019\/08\/Harangozo-Gabor.jpg&#8221; align_tablet=&#8221;center&#8221; align_phone=&#8221;&#8221; align_last_edited=&#8221;on|desktop&#8221; _builder_version=&#8221;4.16&#8243; custom_margin=&#8221;||0px|&#8221; custom_padding=&#8221;||15px|&#8221; animation_style=&#8221;fade&#8221; z_index_tablet=&#8221;500&#8243; global_colors_info=&#8221;{}&#8221;][\/et_pb_image][et_pb_text _builder_version=&#8221;4.16&#8243; text_font_size=&#8221;14px&#8221; custom_margin=&#8221;||0px|&#8221; custom_padding=&#8221;||15px|&#8221; z_index_tablet=&#8221;500&#8243; global_colors_info=&#8221;{}&#8221;]<\/p>\n<p><strong>(+36 1) 411-8714<\/strong><br \/><strong><a href=\"mailto:gabor.harangozo@danubia.hu\">gabor.harangozo@danubia.hu<\/a><\/strong><\/p>\n<p>[\/et_pb_text][et_pb_image src=&#8221;https:\/\/www.danubia.com\/wp-content\/uploads\/2020\/01\/LinkedIn-logo.png&#8221; url=&#8221;https:\/\/www.linkedin.com\/company\/danubia-patent-and-law-office-llc\/&#8221; url_new_window=&#8221;on&#8221; admin_label=&#8221;LinkedIn&#8221; _builder_version=&#8221;4.16&#8243; max_width=&#8221;30px&#8221; module_alignment=&#8221;left&#8221; global_colors_info=&#8221;{}&#8221;][\/et_pb_image][\/et_pb_column][et_pb_column type=&#8221;3_4&#8243; specialty_columns=&#8221;3&#8243; _builder_version=&#8221;4.16&#8243; custom_padding=&#8221;|||&#8221; global_colors_info=&#8221;{}&#8221; custom_padding__hover=&#8221;|||&#8221;][et_pb_row_inner admin_label=&#8221;Sor&#8221; _builder_version=&#8221;4.16&#8243; global_colors_info=&#8221;{}&#8221;][et_pb_column_inner saved_specialty_column_type=&#8221;3_4&#8243; _builder_version=&#8221;4.16&#8243; custom_padding=&#8221;|||&#8221; global_colors_info=&#8221;{}&#8221; custom_padding__hover=&#8221;|||&#8221;][et_pb_text admin_label=&#8221;N\u00e9v&#8221; _builder_version=&#8221;4.16&#8243; text_font=&#8221;Raleway|700||on|||||&#8221; text_text_color=&#8221;#a6192e&#8221; text_font_size=&#8221;36px&#8221; header_font=&#8221;Raleway|700||on|||||&#8221; header_text_align=&#8221;center&#8221; header_text_color=&#8221;#ffffff&#8221; header_font_size=&#8221;50px&#8221; header_line_height=&#8221;1.4em&#8221; custom_margin=&#8221;||0px|&#8221; custom_padding=&#8221;||15px|&#8221; text_font_size_tablet=&#8221;30px&#8221; text_font_size_phone=&#8221;22px&#8221; text_font_size_last_edited=&#8221;on|desktop&#8221; header_font_size_tablet=&#8221;30px&#8221; header_font_size_phone=&#8221;22px&#8221; header_font_size_last_edited=&#8221;on|desktop&#8221; z_index_tablet=&#8221;500&#8243; global_colors_info=&#8221;{}&#8221;]<\/p>\n<p>\nDr. Harangoz\u00f3 G\u00e1bor<\/p>\n<p>[\/et_pb_text][et_pb_text admin_label=&#8221;poz\u00edci\u00f3&#8221; _builder_version=&#8221;4.27.4&#8243; text_font=&#8221;Raleway|700|||||||&#8221; text_text_color=&#8221;#63666a&#8221; text_font_size=&#8221;18px&#8221; custom_margin=&#8221;||0px|&#8221; custom_padding=&#8221;||10px|&#8221; hover_enabled=&#8221;0&#8243; text_font_size_tablet=&#8221;20px&#8221; text_font_size_phone=&#8221;&#8221; text_font_size_last_edited=&#8221;on|desktop&#8221; z_index_tablet=&#8221;500&#8243; global_colors_info=&#8221;{}&#8221; sticky_enabled=&#8221;0&#8243;]<\/p>\n<p>\u00fcgyvezet\u0151<br \/>eur\u00f3pai \u00e9s magyar szabadalmi \u00fcgyviv\u0151<br \/>a g\u00e9p\u00e9szeti \u00e9s villamoss\u00e1gi szabadalmi szakter\u00fclet vezet\u0151je<br \/>partner<br \/>okl. villamosm\u00e9rn\u00f6k, Ph.D.<\/p>\n<p>[\/et_pb_text][et_pb_divider divider_position=&#8221;center&#8221; divider_weight=&#8221;3&#8243; _builder_version=&#8221;4.16&#8243; max_width=&#8221;50px&#8221; module_alignment=&#8221;left&#8221; height=&#8221;0px&#8221; animation_style=&#8221;zoom&#8221; z_index_tablet=&#8221;500&#8243; global_colors_info=&#8221;{}&#8221;][\/et_pb_divider][et_pb_text admin_label=&#8221;Le\u00edr\u00e1s&#8221; _builder_version=&#8221;4.16&#8243; text_orientation=&#8221;justified&#8221; z_index_tablet=&#8221;500&#8243; global_colors_info=&#8221;{}&#8221;]<\/p>\n<p>Dr. Harangoz\u00f3 G\u00e1bor f\u0151 szakter\u00fclete a szellemi tulajdonjogok v\u00e9delme, ezen bel\u00fcl els\u0151sorban a szabadalmi \u00e9s mintaoltalmi jog. Sz\u00e9lesk\u00f6r\u0171 tapasztalatot szerzett a szabadalomjogi \u00e9s versenyjogi tan\u00e1csad\u00e1s, szabadalomkutat\u00e1sok (\u00fajdons\u00e1gkutat\u00e1s \u00e9s szabadalomtisztas\u00e1gi kutat\u00e1s), szabadalmi \u00e9s haszn\u00e1lati mintabejelent\u00e9sek el\u0151k\u00e9sz\u00edt\u00e9se \u00e9s k\u00e9pviselete, valamint a peres elj\u00e1r\u00e1sok (szabadalombitorl\u00e1si, mintabitorl\u00e1si \u00e9s jellegbitorl\u00e1si perek) ter\u00fclet\u00e9n, tov\u00e1bb\u00e1 szabadalmakkal, haszn\u00e1lati mintaoltalmakkal \u00e9s formatervez\u00e9si mintaoltalmakkal kapcsolatos megsemmis\u00edt\u00e9si \u00e9s nemleges meg\u00e1llap\u00edt\u00e1si \u00fcgyekben. A szabadalmi jogszerz\u00e9s ter\u00fclet\u00e9n komoly tapasztalatokkal rendelkezik mind a Szellemi Tulajdon Nemzeti Hivatala, mind pedig a jelent\u0151sebb k\u00fclf\u00f6ldi szabadalmi hivatalok (Eur\u00f3pai Szabadalmi Hivatal, USPTO, stb.) el\u0151tti elj\u00e1r\u00e1sokban, f\u0151k\u00e9nt a szoftverek, az adatkommunik\u00e1ci\u00f3s rendszerek, az orvostechnikai eszk\u00f6z\u00f6k, a mechanikai berendez\u00e9sek oltalmaz\u00e1s\u00e1val kapcsolatosan.<br \/>T\u00f6bb hazai konferenci\u00e1n tartott el\u0151ad\u00e1st, \u00e9s t\u00f6bb hazai \u00e9s k\u00fclf\u00f6ldi cikke jelent meg szakter\u00fclet\u00e9vel kapcsolatosan.<\/p>\n<p>1998 \u00f3ta dolgozik a Danubia Szabadalmi \u00e9s Jogi Irod\u00e1n\u00e1l, 2008 \u00f3ta a g\u00e9p\u00e9szeti \u00e9s villamoss\u00e1gi szabadalmi oszt\u00e1lyt ir\u00e1ny\u00edt\u00f3 \u00fcgyvezet\u0151-helyettes.<\/p>\n<p>G\u00e1bor 2002-ben magyar szabadalmi \u00fcgyviv\u0151i szakvizsg\u00e1t tett, 2003 \u00f3ta pedig regisztr\u00e1lt eur\u00f3pai szabadalmi \u00fcgyviv\u0151.<br \/>1994-ben diplom\u00e1zott villamosm\u00e9rn\u00f6kk\u00e9nt a Budapesti M\u0171szaki Egyetemen, majd ugyanitt 2000-ben megszerezte a m\u0171szaki tudom\u00e1ny doktora (Ph.D.) fokozatot.<\/p>\n<p><strong><span style=\"color: #a6192e;\">Nyelvtud\u00e1s:<\/span> <\/strong><br \/>angol, n\u00e9met<\/p>\n<p>[\/et_pb_text][\/et_pb_column_inner][\/et_pb_row_inner][et_pb_row_inner column_structure=&#8221;1_2,1_2&#8243; admin_label=&#8221;Sor&#8221; _builder_version=&#8221;4.16&#8243; global_colors_info=&#8221;{}&#8221;][et_pb_column_inner type=&#8221;1_2&#8243; saved_specialty_column_type=&#8221;3_4&#8243; _builder_version=&#8221;4.16&#8243; custom_padding=&#8221;|||&#8221; global_colors_info=&#8221;{}&#8221; custom_padding__hover=&#8221;|||&#8221;][et_pb_text admin_label=&#8221;Szakmai tags\u00e1gok&#8221; _builder_version=&#8221;4.16&#8243; text_font=&#8221;Raleway|700|||||||&#8221; text_text_color=&#8221;#a6192e&#8221; z_index_tablet=&#8221;500&#8243; global_colors_info=&#8221;{}&#8221;]<\/p>\n<p>Szakmai tags\u00e1gok<\/p>\n<p>[\/et_pb_text][et_pb_text admin_label=&#8221;Szakmai tags\u00e1gok felsorol\u00e1s&#8221; _builder_version=&#8221;4.16&#8243; z_index_tablet=&#8221;500&#8243; global_colors_info=&#8221;{}&#8221;]<\/p>\n<p>\n<span style=\"color: #a6192e;\">\u00bb<\/span> Magyar Szabadalmi \u00dcgyviv\u0151i Kamara<br \/>\n<span style=\"color: #a6192e;\">\u00bb<\/span> Magyar Iparjogv\u00e9delmi \u00e9s Szerz\u0151i Jogi Egyes\u00fclet<br \/>\n<span style=\"color: #a6192e;\">\u00bb<\/span> AIPPI<br \/>\n<span style=\"color: #a6192e;\">\u00bb<\/span> Szerz\u0151i Jogi Szak\u00e9rt\u0151i Test\u00fclet<\/p>\n<p>[\/et_pb_text][\/et_pb_column_inner][et_pb_column_inner type=&#8221;1_2&#8243; saved_specialty_column_type=&#8221;3_4&#8243; _builder_version=&#8221;4.16&#8243; custom_padding=&#8221;|||&#8221; global_colors_info=&#8221;{}&#8221; custom_padding__hover=&#8221;|||&#8221;][et_pb_text admin_label=&#8221;F\u0151bb szakter\u00fcletek&#8221; _builder_version=&#8221;4.16&#8243; text_font=&#8221;Raleway|700|||||||&#8221; text_text_color=&#8221;#a6192e&#8221; z_index_tablet=&#8221;500&#8243; global_colors_info=&#8221;{}&#8221;]<\/p>\n<p>F\u0151bb szakter\u00fcletek<\/p>\n<p>[\/et_pb_text][et_pb_text admin_label=&#8221;F\u0151bb szakter\u00fcletek felsorol\u00e1s&#8221; _builder_version=&#8221;4.16&#8243; z_index_tablet=&#8221;500&#8243; global_colors_info=&#8221;{}&#8221;]<\/p>\n<p>\n<span style=\"color: #a6192e;\">\u00bb<\/span> m\u00e9r\u00e9stechnika; k\u00e9pfeldolgoz\u00e1s; informatikai rendszerek; szoftverek; mechanikai rendszerek; hullad\u00e9kfeldolgoz\u00e1s; adagol\u00f3eszk\u00f6z\u00f6k; biztons\u00e1gtechnika; orvosi m\u0171szerek; gy\u00f3gy\u00e1szati seg\u00e9deszk\u00f6z\u00f6k<\/p>\n<p>[\/et_pb_text][\/et_pb_column_inner][\/et_pb_row_inner][\/et_pb_column][\/et_pb_section]<\/p>\n","protected":false},"excerpt":{"rendered":"<p>(+36 1) 411-8714gabor.harangozo@danubia.hu Dr. Harangoz\u00f3 G\u00e1bor \u00fcgyvezet\u0151eur\u00f3pai \u00e9s magyar szabadalmi \u00fcgyviv\u0151a g\u00e9p\u00e9szeti \u00e9s villamoss\u00e1gi szabadalmi szakter\u00fclet vezet\u0151jepartnerokl. villamosm\u00e9rn\u00f6k, Ph.D.Dr. Harangoz\u00f3 G\u00e1bor f\u0151 szakter\u00fclete a szellemi tulajdonjogok v\u00e9delme, ezen bel\u00fcl els\u0151sorban a szabadalmi \u00e9s mintaoltalmi jog. Sz\u00e9lesk\u00f6r\u0171 tapasztalatot szerzett a szabadalomjogi \u00e9s versenyjogi tan\u00e1csad\u00e1s, szabadalomkutat\u00e1sok (\u00fajdons\u00e1gkutat\u00e1s \u00e9s szabadalomtisztas\u00e1gi kutat\u00e1s), szabadalmi \u00e9s haszn\u00e1lati mintabejelent\u00e9sek el\u0151k\u00e9sz\u00edt\u00e9se \u00e9s k\u00e9pviselete, [&hellip;]<\/p>\n","protected":false},"author":1,"featured_media":0,"parent":922,"menu_order":0,"comment_status":"closed","ping_status":"closed","template":"","meta":{"_et_pb_use_builder":"on","_et_pb_old_content":"","_et_gb_content_width":"","footnotes":""},"class_list":["post-1428","page","type-page","status-publish","hentry"],"yoast_head":"<!-- This site is optimized with the Yoast SEO plugin v27.3 - https:\/\/yoast.com\/product\/yoast-seo-wordpress\/ -->\n<title>Dr. Harangoz\u00f3 G\u00e1bor - DANUBIA Szabadalmi \u00e9s Jogi Iroda<\/title>\n<meta name=\"description\" content=\"\u00dcgyvezet\u0151 helyettes, eur\u00f3pai \u00e9s magyar szabadalmi \u00fcgyviv\u0151. Szellemi tulajdonjogok v\u00e9delme, szabadalomkutat\u00e1s, \u00fajdons\u00e1gkutat\u00e1s, szabadalmaztat\u00e1s.\" \/>\n<meta name=\"robots\" content=\"index, follow, max-snippet:-1, max-image-preview:large, max-video-preview:-1\" \/>\n<link rel=\"canonical\" href=\"https:\/\/www.danubia.com\/hu\/munkatarsaink\/dr-harangozo-gabor\/\" \/>\n<meta property=\"og:locale\" content=\"hu_HU\" \/>\n<meta property=\"og:type\" content=\"article\" \/>\n<meta property=\"og:title\" content=\"Dr. Harangoz\u00f3 G\u00e1bor - DANUBIA Szabadalmi \u00e9s Jogi Iroda\" \/>\n<meta property=\"og:description\" content=\"\u00dcgyvezet\u0151 helyettes, eur\u00f3pai \u00e9s magyar szabadalmi \u00fcgyviv\u0151. Szellemi tulajdonjogok v\u00e9delme, szabadalomkutat\u00e1s, \u00fajdons\u00e1gkutat\u00e1s, szabadalmaztat\u00e1s.\" \/>\n<meta property=\"og:url\" content=\"https:\/\/www.danubia.com\/hu\/munkatarsaink\/dr-harangozo-gabor\/\" \/>\n<meta property=\"og:site_name\" content=\"Danubia\" \/>\n<meta property=\"article:modified_time\" content=\"2025-06-03T09:55:56+00:00\" \/>\n<meta property=\"og:image\" content=\"https:\/\/www.danubia.com\/wp-content\/uploads\/2019\/11\/Danubia-og-hu.jpg\" \/>\n\t<meta property=\"og:image:width\" content=\"1125\" \/>\n\t<meta property=\"og:image:height\" content=\"633\" \/>\n\t<meta property=\"og:image:type\" content=\"image\/jpeg\" \/>\n<meta name=\"twitter:card\" content=\"summary_large_image\" \/>\n<meta name=\"twitter:label1\" content=\"Becs\u00fclt olvas\u00e1si id\u0151\" \/>\n\t<meta name=\"twitter:data1\" content=\"5 perc\" \/>\n<script type=\"application\/ld+json\" class=\"yoast-schema-graph\">{\"@context\":\"https:\\\/\\\/schema.org\",\"@graph\":[{\"@type\":\"WebPage\",\"@id\":\"https:\\\/\\\/www.danubia.com\\\/hu\\\/munkatarsaink\\\/dr-harangozo-gabor\\\/\",\"url\":\"https:\\\/\\\/www.danubia.com\\\/hu\\\/munkatarsaink\\\/dr-harangozo-gabor\\\/\",\"name\":\"Dr. Harangoz\u00f3 G\u00e1bor - DANUBIA Szabadalmi \u00e9s Jogi Iroda\",\"isPartOf\":{\"@id\":\"https:\\\/\\\/www.danubia.com\\\/#website\"},\"datePublished\":\"2019-07-26T06:58:54+00:00\",\"dateModified\":\"2025-06-03T09:55:56+00:00\",\"description\":\"\u00dcgyvezet\u0151 helyettes, eur\u00f3pai \u00e9s magyar szabadalmi \u00fcgyviv\u0151. Szellemi tulajdonjogok v\u00e9delme, szabadalomkutat\u00e1s, \u00fajdons\u00e1gkutat\u00e1s, szabadalmaztat\u00e1s.\",\"breadcrumb\":{\"@id\":\"https:\\\/\\\/www.danubia.com\\\/hu\\\/munkatarsaink\\\/dr-harangozo-gabor\\\/#breadcrumb\"},\"inLanguage\":\"hu\",\"potentialAction\":[{\"@type\":\"ReadAction\",\"target\":[\"https:\\\/\\\/www.danubia.com\\\/hu\\\/munkatarsaink\\\/dr-harangozo-gabor\\\/\"]}]},{\"@type\":\"BreadcrumbList\",\"@id\":\"https:\\\/\\\/www.danubia.com\\\/hu\\\/munkatarsaink\\\/dr-harangozo-gabor\\\/#breadcrumb\",\"itemListElement\":[{\"@type\":\"ListItem\",\"position\":1,\"name\":\"Home\",\"item\":\"https:\\\/\\\/www.danubia.com\\\/hu\\\/\"},{\"@type\":\"ListItem\",\"position\":2,\"name\":\"Munkat\u00e1rsaink\",\"item\":\"https:\\\/\\\/www.danubia.com\\\/hu\\\/munkatarsaink\\\/\"},{\"@type\":\"ListItem\",\"position\":3,\"name\":\"Dr. Harangoz\u00f3 G\u00e1bor\"}]},{\"@type\":\"WebSite\",\"@id\":\"https:\\\/\\\/www.danubia.com\\\/#website\",\"url\":\"https:\\\/\\\/www.danubia.com\\\/\",\"name\":\"Danubia\",\"description\":\"\",\"potentialAction\":[{\"@type\":\"SearchAction\",\"target\":{\"@type\":\"EntryPoint\",\"urlTemplate\":\"https:\\\/\\\/www.danubia.com\\\/?s={search_term_string}\"},\"query-input\":{\"@type\":\"PropertyValueSpecification\",\"valueRequired\":true,\"valueName\":\"search_term_string\"}}],\"inLanguage\":\"hu\"}]}<\/script>\n<!-- \/ Yoast SEO plugin. -->","yoast_head_json":{"title":"Dr. Harangoz\u00f3 G\u00e1bor - DANUBIA Szabadalmi \u00e9s Jogi Iroda","description":"\u00dcgyvezet\u0151 helyettes, eur\u00f3pai \u00e9s magyar szabadalmi \u00fcgyviv\u0151. Szellemi tulajdonjogok v\u00e9delme, szabadalomkutat\u00e1s, \u00fajdons\u00e1gkutat\u00e1s, szabadalmaztat\u00e1s.","robots":{"index":"index","follow":"follow","max-snippet":"max-snippet:-1","max-image-preview":"max-image-preview:large","max-video-preview":"max-video-preview:-1"},"canonical":"https:\/\/www.danubia.com\/hu\/munkatarsaink\/dr-harangozo-gabor\/","og_locale":"hu_HU","og_type":"article","og_title":"Dr. Harangoz\u00f3 G\u00e1bor - DANUBIA Szabadalmi \u00e9s Jogi Iroda","og_description":"\u00dcgyvezet\u0151 helyettes, eur\u00f3pai \u00e9s magyar szabadalmi \u00fcgyviv\u0151. Szellemi tulajdonjogok v\u00e9delme, szabadalomkutat\u00e1s, \u00fajdons\u00e1gkutat\u00e1s, szabadalmaztat\u00e1s.","og_url":"https:\/\/www.danubia.com\/hu\/munkatarsaink\/dr-harangozo-gabor\/","og_site_name":"Danubia","article_modified_time":"2025-06-03T09:55:56+00:00","og_image":[{"width":1125,"height":633,"url":"https:\/\/www.danubia.com\/wp-content\/uploads\/2019\/11\/Danubia-og-hu.jpg","type":"image\/jpeg"}],"twitter_card":"summary_large_image","twitter_misc":{"Becs\u00fclt olvas\u00e1si id\u0151":"5 perc"},"schema":{"@context":"https:\/\/schema.org","@graph":[{"@type":"WebPage","@id":"https:\/\/www.danubia.com\/hu\/munkatarsaink\/dr-harangozo-gabor\/","url":"https:\/\/www.danubia.com\/hu\/munkatarsaink\/dr-harangozo-gabor\/","name":"Dr. Harangoz\u00f3 G\u00e1bor - DANUBIA Szabadalmi \u00e9s Jogi Iroda","isPartOf":{"@id":"https:\/\/www.danubia.com\/#website"},"datePublished":"2019-07-26T06:58:54+00:00","dateModified":"2025-06-03T09:55:56+00:00","description":"\u00dcgyvezet\u0151 helyettes, eur\u00f3pai \u00e9s magyar szabadalmi \u00fcgyviv\u0151. Szellemi tulajdonjogok v\u00e9delme, szabadalomkutat\u00e1s, \u00fajdons\u00e1gkutat\u00e1s, szabadalmaztat\u00e1s.","breadcrumb":{"@id":"https:\/\/www.danubia.com\/hu\/munkatarsaink\/dr-harangozo-gabor\/#breadcrumb"},"inLanguage":"hu","potentialAction":[{"@type":"ReadAction","target":["https:\/\/www.danubia.com\/hu\/munkatarsaink\/dr-harangozo-gabor\/"]}]},{"@type":"BreadcrumbList","@id":"https:\/\/www.danubia.com\/hu\/munkatarsaink\/dr-harangozo-gabor\/#breadcrumb","itemListElement":[{"@type":"ListItem","position":1,"name":"Home","item":"https:\/\/www.danubia.com\/hu\/"},{"@type":"ListItem","position":2,"name":"Munkat\u00e1rsaink","item":"https:\/\/www.danubia.com\/hu\/munkatarsaink\/"},{"@type":"ListItem","position":3,"name":"Dr. Harangoz\u00f3 G\u00e1bor"}]},{"@type":"WebSite","@id":"https:\/\/www.danubia.com\/#website","url":"https:\/\/www.danubia.com\/","name":"Danubia","description":"","potentialAction":[{"@type":"SearchAction","target":{"@type":"EntryPoint","urlTemplate":"https:\/\/www.danubia.com\/?s={search_term_string}"},"query-input":{"@type":"PropertyValueSpecification","valueRequired":true,"valueName":"search_term_string"}}],"inLanguage":"hu"}]}},"_links":{"self":[{"href":"https:\/\/www.danubia.com\/hu\/wp-json\/wp\/v2\/pages\/1428","targetHints":{"allow":["GET"]}}],"collection":[{"href":"https:\/\/www.danubia.com\/hu\/wp-json\/wp\/v2\/pages"}],"about":[{"href":"https:\/\/www.danubia.com\/hu\/wp-json\/wp\/v2\/types\/page"}],"author":[{"embeddable":true,"href":"https:\/\/www.danubia.com\/hu\/wp-json\/wp\/v2\/users\/1"}],"replies":[{"embeddable":true,"href":"https:\/\/www.danubia.com\/hu\/wp-json\/wp\/v2\/comments?post=1428"}],"version-history":[{"count":11,"href":"https:\/\/www.danubia.com\/hu\/wp-json\/wp\/v2\/pages\/1428\/revisions"}],"predecessor-version":[{"id":11763,"href":"https:\/\/www.danubia.com\/hu\/wp-json\/wp\/v2\/pages\/1428\/revisions\/11763"}],"up":[{"embeddable":true,"href":"https:\/\/www.danubia.com\/hu\/wp-json\/wp\/v2\/pages\/922"}],"wp:attachment":[{"href":"https:\/\/www.danubia.com\/hu\/wp-json\/wp\/v2\/media?parent=1428"}],"curies":[{"name":"wp","href":"https:\/\/api.w.org\/{rel}","templated":true}]}}