{"id":1463,"date":"2019-07-26T08:19:21","date_gmt":"2019-07-26T08:19:21","guid":{"rendered":"https:\/\/www.danubia.com\/?page_id=1463"},"modified":"2020-02-05T15:12:57","modified_gmt":"2020-02-05T15:12:57","slug":"gasparicsne-kmethy-boglarka","status":"publish","type":"page","link":"https:\/\/www.danubia.com\/hu\/munkatarsaink\/gasparicsne-kmethy-boglarka\/","title":{"rendered":"Gasparicsn\u00e9 Kmethy Bogl\u00e1rka"},"content":{"rendered":"<p>[et_pb_section fb_built=&#8221;1&#8243; specialty=&#8221;on&#8221; _builder_version=&#8221;3.22&#8243; inner_max_width=&#8221;none&#8221;][et_pb_column type=&#8221;1_4&#8243; _builder_version=&#8221;3.25&#8243; custom_padding=&#8221;|||&#8221; custom_padding__hover=&#8221;|||&#8221;][et_pb_image src=&#8221;https:\/\/www.danubia.com\/wp-content\/uploads\/2019\/06\/Gasparicsne-Kmethy-Boglarka.jpg&#8221; align_tablet=&#8221;center&#8221; align_last_edited=&#8221;on|desktop&#8221; _builder_version=&#8221;3.23&#8243; custom_margin=&#8221;||0px|&#8221; custom_padding=&#8221;||15px|&#8221; animation_style=&#8221;fade&#8221; z_index_tablet=&#8221;500&#8243;][\/et_pb_image][et_pb_text _builder_version=&#8221;3.27.4&#8243; text_font_size=&#8221;14px&#8221; custom_margin=&#8221;||0px|&#8221; custom_padding=&#8221;||15px|&#8221; z_index_tablet=&#8221;500&#8243;]<\/p>\n<p><strong>(+36 1) 411-8793<\/strong><br \/><strong><a href=\"mailto:b.kmethy@danubia.hu\">b.kmethy@danubia.hu<\/a><\/strong><\/p>\n<p>[\/et_pb_text][et_pb_social_media_follow _builder_version=&#8221;3.21.1&#8243; text_orientation=&#8221;left&#8221; z_index_tablet=&#8221;500&#8243;][et_pb_social_media_follow_network social_network=&#8221;linkedin&#8221; _builder_version=&#8221;3.21.1&#8243; background_color=&#8221;#a6192e&#8221; follow_button=&#8221;off&#8221; url_new_window=&#8221;on&#8221;]<\/p>\n<p>LinkedIn<\/p>\n<p>[\/et_pb_social_media_follow_network][\/et_pb_social_media_follow][\/et_pb_column][et_pb_column type=&#8221;3_4&#8243; specialty_columns=&#8221;3&#8243; _builder_version=&#8221;3.25&#8243; custom_padding=&#8221;|||&#8221; custom_padding__hover=&#8221;|||&#8221;][et_pb_row_inner admin_label=&#8221;Sor&#8221; _builder_version=&#8221;3.25&#8243;][et_pb_column_inner saved_specialty_column_type=&#8221;3_4&#8243; _builder_version=&#8221;3.25&#8243; custom_padding=&#8221;|||&#8221; custom_padding__hover=&#8221;|||&#8221;][et_pb_text admin_label=&#8221;N\u00e9v&#8221; _builder_version=&#8221;3.27.4&#8243; text_font=&#8221;Raleway|700||on|||||&#8221; text_text_color=&#8221;#a6192e&#8221; text_font_size=&#8221;36px&#8221; header_font=&#8221;Raleway|700||on|||||&#8221; header_text_align=&#8221;center&#8221; header_text_color=&#8221;#ffffff&#8221; header_font_size=&#8221;50px&#8221; header_line_height=&#8221;1.4em&#8221; custom_margin=&#8221;||0px|&#8221; custom_padding=&#8221;||15px|&#8221; z_index_tablet=&#8221;500&#8243; text_font_size_tablet=&#8221;30px&#8221; text_font_size_phone=&#8221;22px&#8221; text_font_size_last_edited=&#8221;on|desktop&#8221; header_font_size_tablet=&#8221;30px&#8221; header_font_size_phone=&#8221;22px&#8221; header_font_size_last_edited=&#8221;on|desktop&#8221;]<\/p>\n<p>\nGasparicsn\u00e9 Kmethy Bogl\u00e1rka<\/p>\n<p>[\/et_pb_text][et_pb_text admin_label=&#8221;poz\u00edci\u00f3&#8221; _builder_version=&#8221;3.27.4&#8243; text_font=&#8221;Raleway|700|||||||&#8221; text_text_color=&#8221;#63666a&#8221; text_font_size=&#8221;18px&#8221; custom_margin=&#8221;||0px|&#8221; custom_padding=&#8221;||10px|&#8221; z_index_tablet=&#8221;500&#8243; text_font_size_tablet=&#8221;20px&#8221; text_font_size_phone=&#8221;&#8221; text_font_size_last_edited=&#8221;on|desktop&#8221;]<\/p>\n<p>\neur\u00f3pai \u00e9s magyar szabadalmi \u00fcgyviv\u0151<br \/>partner<br \/>okl. vegy\u00e9sz<\/p>\n<p>[\/et_pb_text][et_pb_divider divider_position=&#8221;center&#8221; divider_weight=&#8221;3&#8243; _builder_version=&#8221;3.21.1&#8243; max_width=&#8221;50px&#8221; module_alignment=&#8221;left&#8221; height=&#8221;0px&#8221; animation_style=&#8221;zoom&#8221; z_index_tablet=&#8221;500&#8243;][\/et_pb_divider][et_pb_text admin_label=&#8221;Le\u00edr\u00e1s&#8221; _builder_version=&#8221;3.27.4&#8243; text_orientation=&#8221;justified&#8221; z_index_tablet=&#8221;500&#8243;]<\/p>\n<p>Gasparicsn\u00e9 Kmethy Bogl\u00e1rka munk\u00e1ja sor\u00e1n \u00e1ltal\u00e1ban v\u00e9ve k\u00e9mi\u00e1val, k\u00fcl\u00f6n\u00f6sen szerves k\u00e9mi\u00e1val \u00e9s gy\u00f3gyszerekkel, valamint kozmetikumokkal \u00e9s \u00e9lelmiszerekkel kapcsolatos tal\u00e1lm\u00e1nyok eset\u00e9ben l\u00e1t el k\u00e9pviseleti munk\u00e1t, ami mag\u00e1ban foglalja szabadalmi le\u00edr\u00e1sok k\u00e9sz\u00edt\u00e9s\u00e9t, bejelent\u00e9sek \u00fcgyint\u00e9z\u00e9s\u00e9t \u00e9s k\u00e9pviselet\u00e9t a Szellemi Tulajdon Nemzeti Hivatala \u00e9s az Eur\u00f3pai Szabadalmi Hivatal el\u0151tt. V\u00e9gez tov\u00e1bb\u00e1 szabadalomtisztas\u00e1gi vizsg\u00e1latokat, \u00e9s k\u00e9sz\u00edt \u00fajdons\u00e1gkutat\u00e1si \u00e9s st\u00e1tuszkutat\u00e1si jelent\u00e9seket.<\/p>\n<p>2000 \u00f3ta munkat\u00e1rsa a Danubia Szabadalmi \u00e9s V\u00e9djegy Irod\u00e1nak.<\/p>\n<p>Bogl\u00e1rka 2003. \u00f3ta magyar \u00e9s eur\u00f3pai szabadalmi \u00fcgyviv\u0151.<br \/>1999-ben szerzett vegy\u00e9sz diplom\u00e1t az E\u00f6tv\u00f6s Lor\u00e1nd Tudom\u00e1nyegyetemen, ahol gy\u00f3gyszerkutat\u00f3i szakir\u00e1nyt v\u00e9gzett. Diplomamunk\u00e1j\u00e1t k\u00f6rnyezetanalitikai t\u00e9mak\u00f6rben k\u00e9sz\u00edtette el a madridi Complutense egyetemen, ahol f\u00e9l \u00e9vet t\u00f6lt\u00f6tt Erasmus \u00f6szt\u00f6nd\u00edjask\u00e9nt.<\/p>\n<p><strong><span style=\"color: #a6192e;\">Nyelvtud\u00e1s:<\/span> <\/strong><br \/>angol, francia, spanyol<\/p>\n<p>[\/et_pb_text][\/et_pb_column_inner][\/et_pb_row_inner][et_pb_row_inner admin_label=&#8221;Sor&#8221; _builder_version=&#8221;3.25&#8243; column_structure=&#8221;1_2,1_2&#8243;][et_pb_column_inner type=&#8221;1_2&#8243; saved_specialty_column_type=&#8221;3_4&#8243; _builder_version=&#8221;3.25&#8243; custom_padding=&#8221;|||&#8221; custom_padding__hover=&#8221;|||&#8221;][et_pb_text admin_label=&#8221;Szakmai tags\u00e1gok&#8221; _builder_version=&#8221;3.27.4&#8243; text_font=&#8221;Raleway|700|||||||&#8221; text_text_color=&#8221;#a6192e&#8221; z_index_tablet=&#8221;500&#8243;]<\/p>\n<p>Szakmai tags\u00e1gok<\/p>\n<p>[\/et_pb_text][et_pb_text admin_label=&#8221;Szakmai tags\u00e1gok felsorol\u00e1s&#8221; _builder_version=&#8221;3.27.4&#8243; z_index_tablet=&#8221;500&#8243;]<\/p>\n<p>\n<span style=\"color: #a6192e;\">\u00bb<\/span> Magyar Szabadalmi \u00dcgyviv\u0151i Kamara<br \/><span style=\"color: #a6192e;\">\u00bb<\/span> Magyar Iparjogv\u00e9delmi \u00e9s Szerz\u0151i Jogi Egyes\u00fclet<br \/><span style=\"color: #a6192e;\">\u00bb<\/span> Eur\u00f3pai Szabadalmi \u00dcgyviv\u0151k Szervezete (EPI)<\/p>\n<p>[\/et_pb_text][\/et_pb_column_inner][et_pb_column_inner type=&#8221;1_2&#8243; saved_specialty_column_type=&#8221;3_4&#8243; _builder_version=&#8221;3.25&#8243; custom_padding=&#8221;|||&#8221; custom_padding__hover=&#8221;|||&#8221;][et_pb_text admin_label=&#8221;F\u0151bb szakter\u00fcletek&#8221; _builder_version=&#8221;3.27.4&#8243; text_font=&#8221;Raleway|700|||||||&#8221; text_text_color=&#8221;#a6192e&#8221; z_index_tablet=&#8221;500&#8243;]<\/p>\n<p>F\u0151bb szakter\u00fcletek<\/p>\n<p>[\/et_pb_text][et_pb_text admin_label=&#8221;F\u0151bb szakter\u00fcletek felsorol\u00e1s&#8221; _builder_version=&#8221;3.27.4&#8243; z_index_tablet=&#8221;500&#8243;]<\/p>\n<p><span style=\"color: #a6192e;\">\u00bb<\/span> vegy\u00e9szet, vegy\u00e9szeti elj\u00e1r\u00e1sok; szerves k\u00e9mia pl. gy\u00f3gyszerhat\u00f3anyagok \u00e9s adal\u00e9kanyagok, n\u00f6v\u00e9nyv\u00e9d\u0151szerek; hum\u00e1n \u00e9s \u00e1llatgy\u00f3gy\u00e1szati k\u00e9sz\u00edtm\u00e9nyek; kozmetikai k\u00e9sz\u00edtm\u00e9nyek; \u00e9lelmiszeripari k\u00e9sz\u00edtm\u00e9nyek, \u00e9trend kieg\u00e9sz\u00edt\u0151k; mez\u0151gazdas\u00e1gi k\u00e9sz\u00edtm\u00e9nyek pl. n\u00f6v\u00e9nyv\u00e9d\u0151szerek; szervetlen k\u00e9mia pl. m\u0171tr\u00e1gy\u00e1k, cementek; analitikai k\u00e9mia; k\u00f6rnyezeti k\u00e9mia; hullad\u00e9k \u00fajrahasznos\u00edt\u00e1s<\/p>\n<p>[\/et_pb_text][\/et_pb_column_inner][\/et_pb_row_inner][\/et_pb_column][\/et_pb_section]<\/p>\n","protected":false},"excerpt":{"rendered":"<p>(+36 1) 411-8793b.kmethy@danubia.hu Gasparicsn\u00e9 Kmethy Bogl\u00e1rka eur\u00f3pai \u00e9s magyar szabadalmi \u00fcgyviv\u0151partnerokl. vegy\u00e9sz Gasparicsn\u00e9 Kmethy Bogl\u00e1rka munk\u00e1ja sor\u00e1n \u00e1ltal\u00e1ban v\u00e9ve k\u00e9mi\u00e1val, k\u00fcl\u00f6n\u00f6sen szerves k\u00e9mi\u00e1val \u00e9s gy\u00f3gyszerekkel, valamint kozmetikumokkal \u00e9s \u00e9lelmiszerekkel kapcsolatos tal\u00e1lm\u00e1nyok eset\u00e9ben l\u00e1t el k\u00e9pviseleti munk\u00e1t, ami mag\u00e1ban foglalja szabadalmi le\u00edr\u00e1sok k\u00e9sz\u00edt\u00e9s\u00e9t, bejelent\u00e9sek \u00fcgyint\u00e9z\u00e9s\u00e9t \u00e9s k\u00e9pviselet\u00e9t a Szellemi Tulajdon Nemzeti Hivatala \u00e9s az Eur\u00f3pai Szabadalmi [&hellip;]<\/p>\n","protected":false},"author":1,"featured_media":0,"parent":922,"menu_order":0,"comment_status":"closed","ping_status":"closed","template":"","meta":{"_et_pb_use_builder":"on","_et_pb_old_content":"","_et_gb_content_width":"","footnotes":""},"class_list":["post-1463","page","type-page","status-publish","hentry"],"yoast_head":"<!-- This site is optimized with the Yoast SEO plugin v27.3 - https:\/\/yoast.com\/product\/yoast-seo-wordpress\/ -->\n<title>Gasparicsn\u00e9 Kmethy Bogl\u00e1rka - DANUBIA Szabadalmi \u00e9s Jogi Iroda<\/title>\n<meta name=\"description\" content=\"Eur\u00f3pai \u00e9s magyar szabadalmi \u00fcgyviv\u0151. Szabadalmi bejelent\u00e9sek, szabadalmaztat\u00e1s, szabadalomtisztas\u00e1gi vizsg\u00e1latok, \u00fajdons\u00e1gkutat\u00e1si \u00e9s st\u00e1tuszkutat\u00e1si jelent\u00e9s\" \/>\n<meta name=\"robots\" content=\"index, follow, max-snippet:-1, max-image-preview:large, max-video-preview:-1\" \/>\n<link rel=\"canonical\" href=\"https:\/\/www.danubia.com\/hu\/munkatarsaink\/gasparicsne-kmethy-boglarka\/\" \/>\n<meta property=\"og:locale\" content=\"hu_HU\" \/>\n<meta property=\"og:type\" content=\"article\" \/>\n<meta property=\"og:title\" content=\"Gasparicsn\u00e9 Kmethy Bogl\u00e1rka - DANUBIA Szabadalmi \u00e9s Jogi Iroda\" \/>\n<meta property=\"og:description\" content=\"Eur\u00f3pai \u00e9s magyar szabadalmi \u00fcgyviv\u0151. Szabadalmi bejelent\u00e9sek, szabadalmaztat\u00e1s, szabadalomtisztas\u00e1gi vizsg\u00e1latok, \u00fajdons\u00e1gkutat\u00e1si \u00e9s st\u00e1tuszkutat\u00e1si jelent\u00e9s\" \/>\n<meta property=\"og:url\" content=\"https:\/\/www.danubia.com\/hu\/munkatarsaink\/gasparicsne-kmethy-boglarka\/\" \/>\n<meta property=\"og:site_name\" content=\"Danubia\" \/>\n<meta property=\"article:modified_time\" content=\"2020-02-05T15:12:57+00:00\" \/>\n<meta property=\"og:image\" content=\"https:\/\/www.danubia.com\/wp-content\/uploads\/2019\/11\/Danubia-og-hu.jpg\" \/>\n\t<meta property=\"og:image:width\" content=\"1125\" \/>\n\t<meta property=\"og:image:height\" content=\"633\" \/>\n\t<meta property=\"og:image:type\" content=\"image\/jpeg\" \/>\n<meta name=\"twitter:card\" content=\"summary_large_image\" \/>\n<meta name=\"twitter:label1\" content=\"Becs\u00fclt olvas\u00e1si id\u0151\" \/>\n\t<meta name=\"twitter:data1\" content=\"4 perc\" \/>\n<script type=\"application\/ld+json\" class=\"yoast-schema-graph\">{\"@context\":\"https:\\\/\\\/schema.org\",\"@graph\":[{\"@type\":\"WebPage\",\"@id\":\"https:\\\/\\\/www.danubia.com\\\/hu\\\/munkatarsaink\\\/gasparicsne-kmethy-boglarka\\\/\",\"url\":\"https:\\\/\\\/www.danubia.com\\\/hu\\\/munkatarsaink\\\/gasparicsne-kmethy-boglarka\\\/\",\"name\":\"Gasparicsn\u00e9 Kmethy Bogl\u00e1rka - DANUBIA Szabadalmi \u00e9s Jogi Iroda\",\"isPartOf\":{\"@id\":\"https:\\\/\\\/www.danubia.com\\\/#website\"},\"datePublished\":\"2019-07-26T08:19:21+00:00\",\"dateModified\":\"2020-02-05T15:12:57+00:00\",\"description\":\"Eur\u00f3pai \u00e9s magyar szabadalmi \u00fcgyviv\u0151. Szabadalmi bejelent\u00e9sek, szabadalmaztat\u00e1s, szabadalomtisztas\u00e1gi vizsg\u00e1latok, \u00fajdons\u00e1gkutat\u00e1si \u00e9s st\u00e1tuszkutat\u00e1si jelent\u00e9s\",\"breadcrumb\":{\"@id\":\"https:\\\/\\\/www.danubia.com\\\/hu\\\/munkatarsaink\\\/gasparicsne-kmethy-boglarka\\\/#breadcrumb\"},\"inLanguage\":\"hu\",\"potentialAction\":[{\"@type\":\"ReadAction\",\"target\":[\"https:\\\/\\\/www.danubia.com\\\/hu\\\/munkatarsaink\\\/gasparicsne-kmethy-boglarka\\\/\"]}]},{\"@type\":\"BreadcrumbList\",\"@id\":\"https:\\\/\\\/www.danubia.com\\\/hu\\\/munkatarsaink\\\/gasparicsne-kmethy-boglarka\\\/#breadcrumb\",\"itemListElement\":[{\"@type\":\"ListItem\",\"position\":1,\"name\":\"Home\",\"item\":\"https:\\\/\\\/www.danubia.com\\\/hu\\\/\"},{\"@type\":\"ListItem\",\"position\":2,\"name\":\"Munkat\u00e1rsaink\",\"item\":\"https:\\\/\\\/www.danubia.com\\\/hu\\\/munkatarsaink\\\/\"},{\"@type\":\"ListItem\",\"position\":3,\"name\":\"Gasparicsn\u00e9 Kmethy Bogl\u00e1rka\"}]},{\"@type\":\"WebSite\",\"@id\":\"https:\\\/\\\/www.danubia.com\\\/#website\",\"url\":\"https:\\\/\\\/www.danubia.com\\\/\",\"name\":\"Danubia\",\"description\":\"\",\"potentialAction\":[{\"@type\":\"SearchAction\",\"target\":{\"@type\":\"EntryPoint\",\"urlTemplate\":\"https:\\\/\\\/www.danubia.com\\\/?s={search_term_string}\"},\"query-input\":{\"@type\":\"PropertyValueSpecification\",\"valueRequired\":true,\"valueName\":\"search_term_string\"}}],\"inLanguage\":\"hu\"}]}<\/script>\n<!-- \/ Yoast SEO plugin. -->","yoast_head_json":{"title":"Gasparicsn\u00e9 Kmethy Bogl\u00e1rka - DANUBIA Szabadalmi \u00e9s Jogi Iroda","description":"Eur\u00f3pai \u00e9s magyar szabadalmi \u00fcgyviv\u0151. Szabadalmi bejelent\u00e9sek, szabadalmaztat\u00e1s, szabadalomtisztas\u00e1gi vizsg\u00e1latok, \u00fajdons\u00e1gkutat\u00e1si \u00e9s st\u00e1tuszkutat\u00e1si jelent\u00e9s","robots":{"index":"index","follow":"follow","max-snippet":"max-snippet:-1","max-image-preview":"max-image-preview:large","max-video-preview":"max-video-preview:-1"},"canonical":"https:\/\/www.danubia.com\/hu\/munkatarsaink\/gasparicsne-kmethy-boglarka\/","og_locale":"hu_HU","og_type":"article","og_title":"Gasparicsn\u00e9 Kmethy Bogl\u00e1rka - DANUBIA Szabadalmi \u00e9s Jogi Iroda","og_description":"Eur\u00f3pai \u00e9s magyar szabadalmi \u00fcgyviv\u0151. Szabadalmi bejelent\u00e9sek, szabadalmaztat\u00e1s, szabadalomtisztas\u00e1gi vizsg\u00e1latok, \u00fajdons\u00e1gkutat\u00e1si \u00e9s st\u00e1tuszkutat\u00e1si jelent\u00e9s","og_url":"https:\/\/www.danubia.com\/hu\/munkatarsaink\/gasparicsne-kmethy-boglarka\/","og_site_name":"Danubia","article_modified_time":"2020-02-05T15:12:57+00:00","og_image":[{"width":1125,"height":633,"url":"https:\/\/www.danubia.com\/wp-content\/uploads\/2019\/11\/Danubia-og-hu.jpg","type":"image\/jpeg"}],"twitter_card":"summary_large_image","twitter_misc":{"Becs\u00fclt olvas\u00e1si id\u0151":"4 perc"},"schema":{"@context":"https:\/\/schema.org","@graph":[{"@type":"WebPage","@id":"https:\/\/www.danubia.com\/hu\/munkatarsaink\/gasparicsne-kmethy-boglarka\/","url":"https:\/\/www.danubia.com\/hu\/munkatarsaink\/gasparicsne-kmethy-boglarka\/","name":"Gasparicsn\u00e9 Kmethy Bogl\u00e1rka - DANUBIA Szabadalmi \u00e9s Jogi Iroda","isPartOf":{"@id":"https:\/\/www.danubia.com\/#website"},"datePublished":"2019-07-26T08:19:21+00:00","dateModified":"2020-02-05T15:12:57+00:00","description":"Eur\u00f3pai \u00e9s magyar szabadalmi \u00fcgyviv\u0151. Szabadalmi bejelent\u00e9sek, szabadalmaztat\u00e1s, szabadalomtisztas\u00e1gi vizsg\u00e1latok, \u00fajdons\u00e1gkutat\u00e1si \u00e9s st\u00e1tuszkutat\u00e1si jelent\u00e9s","breadcrumb":{"@id":"https:\/\/www.danubia.com\/hu\/munkatarsaink\/gasparicsne-kmethy-boglarka\/#breadcrumb"},"inLanguage":"hu","potentialAction":[{"@type":"ReadAction","target":["https:\/\/www.danubia.com\/hu\/munkatarsaink\/gasparicsne-kmethy-boglarka\/"]}]},{"@type":"BreadcrumbList","@id":"https:\/\/www.danubia.com\/hu\/munkatarsaink\/gasparicsne-kmethy-boglarka\/#breadcrumb","itemListElement":[{"@type":"ListItem","position":1,"name":"Home","item":"https:\/\/www.danubia.com\/hu\/"},{"@type":"ListItem","position":2,"name":"Munkat\u00e1rsaink","item":"https:\/\/www.danubia.com\/hu\/munkatarsaink\/"},{"@type":"ListItem","position":3,"name":"Gasparicsn\u00e9 Kmethy Bogl\u00e1rka"}]},{"@type":"WebSite","@id":"https:\/\/www.danubia.com\/#website","url":"https:\/\/www.danubia.com\/","name":"Danubia","description":"","potentialAction":[{"@type":"SearchAction","target":{"@type":"EntryPoint","urlTemplate":"https:\/\/www.danubia.com\/?s={search_term_string}"},"query-input":{"@type":"PropertyValueSpecification","valueRequired":true,"valueName":"search_term_string"}}],"inLanguage":"hu"}]}},"_links":{"self":[{"href":"https:\/\/www.danubia.com\/hu\/wp-json\/wp\/v2\/pages\/1463","targetHints":{"allow":["GET"]}}],"collection":[{"href":"https:\/\/www.danubia.com\/hu\/wp-json\/wp\/v2\/pages"}],"about":[{"href":"https:\/\/www.danubia.com\/hu\/wp-json\/wp\/v2\/types\/page"}],"author":[{"embeddable":true,"href":"https:\/\/www.danubia.com\/hu\/wp-json\/wp\/v2\/users\/1"}],"replies":[{"embeddable":true,"href":"https:\/\/www.danubia.com\/hu\/wp-json\/wp\/v2\/comments?post=1463"}],"version-history":[{"count":5,"href":"https:\/\/www.danubia.com\/hu\/wp-json\/wp\/v2\/pages\/1463\/revisions"}],"predecessor-version":[{"id":3700,"href":"https:\/\/www.danubia.com\/hu\/wp-json\/wp\/v2\/pages\/1463\/revisions\/3700"}],"up":[{"embeddable":true,"href":"https:\/\/www.danubia.com\/hu\/wp-json\/wp\/v2\/pages\/922"}],"wp:attachment":[{"href":"https:\/\/www.danubia.com\/hu\/wp-json\/wp\/v2\/media?parent=1463"}],"curies":[{"name":"wp","href":"https:\/\/api.w.org\/{rel}","templated":true}]}}