{"id":1476,"date":"2019-07-26T08:23:53","date_gmt":"2019-07-26T08:23:53","guid":{"rendered":"https:\/\/www.danubia.com\/?page_id=1476"},"modified":"2020-02-05T15:21:14","modified_gmt":"2020-02-05T15:21:14","slug":"tepfenhart-dora","status":"publish","type":"page","link":"https:\/\/www.danubia.com\/hu\/munkatarsaink\/tepfenhart-dora\/","title":{"rendered":"Tepfenh\u00e1rt D\u00f3ra"},"content":{"rendered":"<p>[et_pb_section fb_built=&#8221;1&#8243; specialty=&#8221;on&#8221; _builder_version=&#8221;3.22&#8243; inner_max_width=&#8221;none&#8221;][et_pb_column type=&#8221;1_4&#8243; _builder_version=&#8221;3.25&#8243; custom_padding=&#8221;|||&#8221; custom_padding__hover=&#8221;|||&#8221;][et_pb_image src=&#8221;https:\/\/www.danubia.com\/wp-content\/uploads\/2019\/06\/Tepfenhart-Dora.jpg&#8221; align_tablet=&#8221;center&#8221; align_phone=&#8221;&#8221; align_last_edited=&#8221;on|desktop&#8221; _builder_version=&#8221;3.23&#8243; custom_margin=&#8221;||0px|&#8221; custom_padding=&#8221;||15px|&#8221; animation_style=&#8221;fade&#8221; z_index_tablet=&#8221;500&#8243;][\/et_pb_image][et_pb_text _builder_version=&#8221;3.27.4&#8243; text_font_size=&#8221;14px&#8221; custom_margin=&#8221;||0px|&#8221; custom_padding=&#8221;||15px|&#8221; z_index_tablet=&#8221;500&#8243;]<\/p>\n<p><strong>(+36 1) 411-8702<\/strong><br \/><strong><a href=\"mailto:dora.tepfenhart@danubia.hu\">dora.tepfenhart@danubia.hu<\/a><\/strong><\/p>\n<p>[\/et_pb_text][et_pb_image src=&#8221;https:\/\/www.danubia.com\/wp-content\/uploads\/2020\/01\/LinkedIn-logo.png&#8221; url=&#8221;https:\/\/www.linkedin.com\/company\/danubia-patent-and-law-office-llc\/&#8221; url_new_window=&#8221;on&#8221; admin_label=&#8221;LinkedIn&#8221; _builder_version=&#8221;4.0.4&#8243; max_width=&#8221;30px&#8221; module_alignment=&#8221;left&#8221;][\/et_pb_image][\/et_pb_column][et_pb_column type=&#8221;3_4&#8243; specialty_columns=&#8221;3&#8243; _builder_version=&#8221;3.25&#8243; custom_padding=&#8221;|||&#8221; custom_padding__hover=&#8221;|||&#8221;][et_pb_row_inner admin_label=&#8221;Sor&#8221; _builder_version=&#8221;3.25&#8243;][et_pb_column_inner saved_specialty_column_type=&#8221;3_4&#8243; _builder_version=&#8221;3.25&#8243; custom_padding=&#8221;|||&#8221; custom_padding__hover=&#8221;|||&#8221;][et_pb_text admin_label=&#8221;N\u00e9v&#8221; _builder_version=&#8221;3.27.4&#8243; text_font=&#8221;Raleway|700||on|||||&#8221; text_text_color=&#8221;#a6192e&#8221; text_font_size=&#8221;36px&#8221; header_font=&#8221;Raleway|700||on|||||&#8221; header_text_align=&#8221;center&#8221; header_text_color=&#8221;#ffffff&#8221; header_font_size=&#8221;50px&#8221; header_line_height=&#8221;1.4em&#8221; custom_margin=&#8221;||0px|&#8221; custom_padding=&#8221;||15px|&#8221; z_index_tablet=&#8221;500&#8243; text_font_size_tablet=&#8221;30px&#8221; text_font_size_phone=&#8221;22px&#8221; text_font_size_last_edited=&#8221;on|desktop&#8221; header_font_size_tablet=&#8221;30px&#8221; header_font_size_phone=&#8221;22px&#8221; header_font_size_last_edited=&#8221;on|desktop&#8221;]<\/p>\n<p>\nTepfenh\u00e1rt D\u00f3ra<\/p>\n<p>[\/et_pb_text][et_pb_text admin_label=&#8221;poz\u00edci\u00f3&#8221; _builder_version=&#8221;3.27.4&#8243; text_font=&#8221;Raleway|700|||||||&#8221; text_text_color=&#8221;#63666a&#8221; text_font_size=&#8221;18px&#8221; custom_margin=&#8221;||0px|&#8221; custom_padding=&#8221;||10px|&#8221; z_index_tablet=&#8221;500&#8243; text_font_size_tablet=&#8221;20px&#8221; text_font_size_phone=&#8221;&#8221; text_font_size_last_edited=&#8221;on|desktop&#8221;]eur\u00f3pai \u00e9s magyar szabadalmi \u00fcgyviv\u0151<br \/>\npartner<br \/>\nokl. vegy\u00e9szm\u00e9rn\u00f6k<br \/>\n[\/et_pb_text][et_pb_divider divider_position=&#8221;center&#8221; divider_weight=&#8221;3&#8243; _builder_version=&#8221;3.21.1&#8243; max_width=&#8221;50px&#8221; module_alignment=&#8221;left&#8221; height=&#8221;0px&#8221; animation_style=&#8221;zoom&#8221; z_index_tablet=&#8221;500&#8243;][\/et_pb_divider][et_pb_text admin_label=&#8221;Le\u00edr\u00e1s&#8221; _builder_version=&#8221;3.27.4&#8243; text_orientation=&#8221;justified&#8221; z_index_tablet=&#8221;500&#8243;]<\/p>\n<p>Tepfenh\u00e1rt D\u00f3r\u00e1nak sok\u00e9ves tapasztalata van a gy\u00f3gyszeripari kutat\u00e1s-fejleszt\u00e9s teljes k\u00f6r\u0171 iparjogv\u00e9delmi t\u00e1mogat\u00e1s\u00e1ban. Munk\u00e1ja sor\u00e1n \u00e9p\u00edteni tud arra, hogy bel\u00fclr\u0151l ismeri a gy\u00f3gyszeripar K+F folyamatait \u00e9s tiszt\u00e1ban van annak jogszab\u00e1lyi k\u00f6rnyezet\u00e9vel, \u00edgy komplex m\u00f3don tud tan\u00e1csot adni nem csak gy\u00f3gyszer, illetve k\u00e9miai t\u00e1rgy\u00fa szabadalmaz\u00e1sban, de a szabadalmak jog\u00e9rv\u00e9nyes\u00edt\u00e9s\u00e9ben, jog\u00e9rv\u00e9nyes\u00edt\u00e9si strat\u00e9gi\u00e1k kialak\u00edt\u00e1s\u00e1ban, megsemmis\u00edt\u00e9si elj\u00e1r\u00e1sokban is.<br \/>K\u00e9pviseleti tapasztalata a Szellemi Tulajdon Nemzeti Hivatal\u00e1n k\u00edv\u00fcl kiterjed az Eur\u00f3pai Szabadalmi Hivatal el\u0151tti k\u00e9pviseletre is. Nagy gyakorlattal rendelkezik szabadalom-tisztas\u00e1gi v\u00e9lem\u00e9nyek (FTO) k\u00e9sz\u00edt\u00e9se, \u00e9rtelmez\u00e9se, szabadalombitorl\u00e1si rizik\u00f3k \u00e9rt\u00e9kel\u00e9se \u00e9s az ezzel kapcsolatos rizik\u00f3menedzsment ter\u00fclet\u00e9n. Ismeri a tal\u00e1lm\u00e1nyok kezel\u00e9s\u00e9nek, d\u00edjaz\u00e1s\u00e1nak szab\u00e1lyoz\u00e1s\u00e1t is.<\/p>\n<p>2017-t\u0151l a Danubia Kft. munkat\u00e1rsa, mint szabadalmi \u00fcgyviv\u0151, majd partner.<br \/>2007-2017 k\u00f6z\u00f6tt a Sanofi v\u00e1llalatcsoport\/Chinoin Zrt. szabadalmi vezet\u0151je volt.<br \/>2003-2006 k\u00f6z\u00f6tt a Chinoin Zrt.-n\u00e9l szabadalmi \u00fcgyviv\u0151jel\u00f6ltk\u00e9nt tev\u00e9kenykedett.<br \/>2001-2003 k\u00f6z\u00f6tt a GE Hungary Zrt.-n\u00e9l dolgozott.<\/p>\n<p>D\u00f3ra 2012-ben CEIPI\/University de Strasbourg \u2013 European Patent Litigation Course keret\u00e9ben egyetemi tanulm\u00e1nyokat igazol\u00f3 diplom\u00e1t szerzett.<br \/>2008-ban sikeres eur\u00f3pai szabadalmi \u00fcgyviv\u0151i vizsg\u00e1t, 2007-ben pedig magyar szabadalmi \u00fcgyviv\u0151i vizsg\u00e1t tett.<br \/>2001-ben okleveles vegy\u00e9szm\u00e9rn\u00f6kk\u00e9nt diplom\u00e1zott a Budapesti M\u0171szaki \u00e9s Gazdas\u00e1gtudom\u00e1nyi Egyetem Vegy\u00e9szm\u00e9rn\u00f6ki Kar\u00e1n, gy\u00f3gyszeripari szakir\u00e1nyon.<br \/>Diplomamunk\u00e1j\u00e1t a p\u00e1rizsi \u00c9cole Sup\u00e9rieure de Physique et de Chimie Industrielle de la Ville de Paris (ESPCI), Szerves-k\u00e9miai Kutat\u00f3 Laborat\u00f3rium\u00e1ban k\u00e9sz\u00edtette.<br \/>1997-1998-ban hallgat\u00f3 volt a franciaorsz\u00e1gi \u00c9cole National Sup\u00e9rieure de Chimie de Montpellier-n Tempus \u00f6szt\u00f6nd\u00edj keret\u00e9ben.<\/p>\n<p><span style=\"color: #a6192e;\"><strong>Nyelvtud\u00e1s:<\/strong><\/span><br \/>francia, angol<\/p>\n<p>[\/et_pb_text][\/et_pb_column_inner][\/et_pb_row_inner][et_pb_row_inner column_structure=&#8221;1_2,1_2&#8243; admin_label=&#8221;Sor&#8221; _builder_version=&#8221;3.25&#8243;][et_pb_column_inner type=&#8221;1_2&#8243; saved_specialty_column_type=&#8221;3_4&#8243; _builder_version=&#8221;3.25&#8243; custom_padding=&#8221;|||&#8221; custom_padding__hover=&#8221;|||&#8221;][et_pb_text admin_label=&#8221;Szakmai tags\u00e1gok&#8221; _builder_version=&#8221;3.27.4&#8243; text_font=&#8221;Raleway|700|||||||&#8221; text_text_color=&#8221;#a6192e&#8221; z_index_tablet=&#8221;500&#8243;]<\/p>\n<p>Szakmai tags\u00e1gok<\/p>\n<p>[\/et_pb_text][et_pb_text admin_label=&#8221;Szakmai tags\u00e1gok felsorol\u00e1s&#8221; _builder_version=&#8221;3.27.4&#8243; z_index_tablet=&#8221;500&#8243;]<span style=\"color: #a6192e;\">\u00bb<\/span> Magyar Szabadalmi \u00dcgyviv\u0151i Kamara<br \/>\n<span style=\"color: #a6192e;\">\u00bb<\/span> Magyar Iparjogv\u00e9delmi \u00e9s Szerz\u0151i Jogi Egyes\u00fclet (MIE)<br \/>\n<span style=\"color: #a6192e;\">\u00bb<\/span> AIPPI magyar csoport<br \/>\n<span style=\"color: #a6192e;\">\u00bb<\/span> Institute of Professional Representatives before the European Patent Office (epi)<br \/>\n<span style=\"color: #a6192e;\">\u00bb<\/span> epi Professional Education Committee (PEC)<br \/>\n[\/et_pb_text][\/et_pb_column_inner][et_pb_column_inner type=&#8221;1_2&#8243; saved_specialty_column_type=&#8221;3_4&#8243; _builder_version=&#8221;3.25&#8243; custom_padding=&#8221;|||&#8221; custom_padding__hover=&#8221;|||&#8221;][et_pb_text admin_label=&#8221;F\u0151bb szakter\u00fcletek&#8221; _builder_version=&#8221;3.27.4&#8243; text_font=&#8221;Raleway|700|||||||&#8221; text_text_color=&#8221;#a6192e&#8221; z_index_tablet=&#8221;500&#8243;]<\/p>\n<p>F\u0151bb szakter\u00fcletek<\/p>\n<p>[\/et_pb_text][et_pb_text admin_label=&#8221;F\u0151bb szakter\u00fcletek felsorol\u00e1s&#8221; _builder_version=&#8221;3.27.4&#8243; z_index_tablet=&#8221;500&#8243;]<\/p>\n<p><span style=\"color: #a6192e;\">\u00bb<\/span> szerves k\u00e9mia; gy\u00f3gyszerk\u00e9mia; hum\u00e1n \u00e9s \u00e1llatgy\u00f3gy\u00e1szati k\u00e9sz\u00edtm\u00e9nyek; n\u00f6v\u00e9nyv\u00e9d\u0151szerek; szerves makromolekul\u00e1ris vegy\u00fcletek; v\u00edz- \u00e9s szennyv\u00edzkezel\u00e9s; \u00e9lelmiszeripari k\u00e9sz\u00edtm\u00e9nyek; \u00e9trendkieg\u00e9sz\u00edt\u0151k; szervetlen k\u00e9mia<\/p>\n<p>[\/et_pb_text][\/et_pb_column_inner][\/et_pb_row_inner][\/et_pb_column][\/et_pb_section]<\/p>\n","protected":false},"excerpt":{"rendered":"<p>(+36 1) 411-8702dora.tepfenhart@danubia.hu Tepfenh\u00e1rt D\u00f3ra eur\u00f3pai \u00e9s magyar szabadalmi \u00fcgyviv\u0151 partner okl. vegy\u00e9szm\u00e9rn\u00f6k Tepfenh\u00e1rt D\u00f3r\u00e1nak sok\u00e9ves tapasztalata van a gy\u00f3gyszeripari kutat\u00e1s-fejleszt\u00e9s teljes k\u00f6r\u0171 iparjogv\u00e9delmi t\u00e1mogat\u00e1s\u00e1ban. Munk\u00e1ja sor\u00e1n \u00e9p\u00edteni tud arra, hogy bel\u00fclr\u0151l ismeri a gy\u00f3gyszeripar K+F folyamatait \u00e9s tiszt\u00e1ban van annak jogszab\u00e1lyi k\u00f6rnyezet\u00e9vel, \u00edgy komplex m\u00f3don tud tan\u00e1csot adni nem csak gy\u00f3gyszer, illetve k\u00e9miai t\u00e1rgy\u00fa [&hellip;]<\/p>\n","protected":false},"author":1,"featured_media":0,"parent":922,"menu_order":0,"comment_status":"closed","ping_status":"closed","template":"","meta":{"_et_pb_use_builder":"on","_et_pb_old_content":"","_et_gb_content_width":"","footnotes":""},"class_list":["post-1476","page","type-page","status-publish","hentry"],"yoast_head":"<!-- This site is optimized with the Yoast SEO plugin v27.3 - https:\/\/yoast.com\/product\/yoast-seo-wordpress\/ -->\n<title>Tepfenh\u00e1rt D\u00f3ra\u00a0- DANUBIA Szabadalmi \u00e9s Jogi Iroda<\/title>\n<meta name=\"description\" content=\"Eur\u00f3pai \u00e9s magyar szabadalmi \u00fcgyviv\u0151. Gy\u00f3gyszeripari kutat\u00e1s-fejleszt\u00e9s, szabadalmaztat\u00e1s, szabadalmi oltalom, szabadalom jog\u00e9rv\u00e9nyes\u00edt\u00e9se, szabadalmi oltalom\" \/>\n<meta name=\"robots\" content=\"index, follow, max-snippet:-1, max-image-preview:large, max-video-preview:-1\" \/>\n<link rel=\"canonical\" href=\"https:\/\/www.danubia.com\/hu\/munkatarsaink\/tepfenhart-dora\/\" \/>\n<meta property=\"og:locale\" content=\"hu_HU\" \/>\n<meta property=\"og:type\" content=\"article\" \/>\n<meta property=\"og:title\" content=\"Tepfenh\u00e1rt D\u00f3ra\u00a0- DANUBIA Szabadalmi \u00e9s Jogi Iroda\" \/>\n<meta property=\"og:description\" content=\"Eur\u00f3pai \u00e9s magyar szabadalmi \u00fcgyviv\u0151. Gy\u00f3gyszeripari kutat\u00e1s-fejleszt\u00e9s, szabadalmaztat\u00e1s, szabadalmi oltalom, szabadalom jog\u00e9rv\u00e9nyes\u00edt\u00e9se, szabadalmi oltalom\" \/>\n<meta property=\"og:url\" content=\"https:\/\/www.danubia.com\/hu\/munkatarsaink\/tepfenhart-dora\/\" \/>\n<meta property=\"og:site_name\" content=\"Danubia\" \/>\n<meta property=\"article:modified_time\" content=\"2020-02-05T15:21:14+00:00\" \/>\n<meta property=\"og:image\" content=\"https:\/\/www.danubia.com\/wp-content\/uploads\/2019\/11\/Danubia-og-hu.jpg\" \/>\n\t<meta property=\"og:image:width\" content=\"1125\" \/>\n\t<meta property=\"og:image:height\" content=\"633\" \/>\n\t<meta property=\"og:image:type\" content=\"image\/jpeg\" \/>\n<meta name=\"twitter:card\" content=\"summary_large_image\" \/>\n<meta name=\"twitter:label1\" content=\"Becs\u00fclt olvas\u00e1si id\u0151\" \/>\n\t<meta name=\"twitter:data1\" content=\"5 perc\" \/>\n<script type=\"application\/ld+json\" class=\"yoast-schema-graph\">{\"@context\":\"https:\\\/\\\/schema.org\",\"@graph\":[{\"@type\":\"WebPage\",\"@id\":\"https:\\\/\\\/www.danubia.com\\\/hu\\\/munkatarsaink\\\/tepfenhart-dora\\\/\",\"url\":\"https:\\\/\\\/www.danubia.com\\\/hu\\\/munkatarsaink\\\/tepfenhart-dora\\\/\",\"name\":\"Tepfenh\u00e1rt D\u00f3ra\u00a0- DANUBIA Szabadalmi \u00e9s Jogi Iroda\",\"isPartOf\":{\"@id\":\"https:\\\/\\\/www.danubia.com\\\/#website\"},\"datePublished\":\"2019-07-26T08:23:53+00:00\",\"dateModified\":\"2020-02-05T15:21:14+00:00\",\"description\":\"Eur\u00f3pai \u00e9s magyar szabadalmi \u00fcgyviv\u0151. Gy\u00f3gyszeripari kutat\u00e1s-fejleszt\u00e9s, szabadalmaztat\u00e1s, szabadalmi oltalom, szabadalom jog\u00e9rv\u00e9nyes\u00edt\u00e9se, szabadalmi oltalom\",\"breadcrumb\":{\"@id\":\"https:\\\/\\\/www.danubia.com\\\/hu\\\/munkatarsaink\\\/tepfenhart-dora\\\/#breadcrumb\"},\"inLanguage\":\"hu\",\"potentialAction\":[{\"@type\":\"ReadAction\",\"target\":[\"https:\\\/\\\/www.danubia.com\\\/hu\\\/munkatarsaink\\\/tepfenhart-dora\\\/\"]}]},{\"@type\":\"BreadcrumbList\",\"@id\":\"https:\\\/\\\/www.danubia.com\\\/hu\\\/munkatarsaink\\\/tepfenhart-dora\\\/#breadcrumb\",\"itemListElement\":[{\"@type\":\"ListItem\",\"position\":1,\"name\":\"Home\",\"item\":\"https:\\\/\\\/www.danubia.com\\\/hu\\\/\"},{\"@type\":\"ListItem\",\"position\":2,\"name\":\"Munkat\u00e1rsaink\",\"item\":\"https:\\\/\\\/www.danubia.com\\\/hu\\\/munkatarsaink\\\/\"},{\"@type\":\"ListItem\",\"position\":3,\"name\":\"Tepfenh\u00e1rt D\u00f3ra\"}]},{\"@type\":\"WebSite\",\"@id\":\"https:\\\/\\\/www.danubia.com\\\/#website\",\"url\":\"https:\\\/\\\/www.danubia.com\\\/\",\"name\":\"Danubia\",\"description\":\"\",\"potentialAction\":[{\"@type\":\"SearchAction\",\"target\":{\"@type\":\"EntryPoint\",\"urlTemplate\":\"https:\\\/\\\/www.danubia.com\\\/?s={search_term_string}\"},\"query-input\":{\"@type\":\"PropertyValueSpecification\",\"valueRequired\":true,\"valueName\":\"search_term_string\"}}],\"inLanguage\":\"hu\"}]}<\/script>\n<!-- \/ Yoast SEO plugin. -->","yoast_head_json":{"title":"Tepfenh\u00e1rt D\u00f3ra\u00a0- DANUBIA Szabadalmi \u00e9s Jogi Iroda","description":"Eur\u00f3pai \u00e9s magyar szabadalmi \u00fcgyviv\u0151. Gy\u00f3gyszeripari kutat\u00e1s-fejleszt\u00e9s, szabadalmaztat\u00e1s, szabadalmi oltalom, szabadalom jog\u00e9rv\u00e9nyes\u00edt\u00e9se, szabadalmi oltalom","robots":{"index":"index","follow":"follow","max-snippet":"max-snippet:-1","max-image-preview":"max-image-preview:large","max-video-preview":"max-video-preview:-1"},"canonical":"https:\/\/www.danubia.com\/hu\/munkatarsaink\/tepfenhart-dora\/","og_locale":"hu_HU","og_type":"article","og_title":"Tepfenh\u00e1rt D\u00f3ra\u00a0- DANUBIA Szabadalmi \u00e9s Jogi Iroda","og_description":"Eur\u00f3pai \u00e9s magyar szabadalmi \u00fcgyviv\u0151. Gy\u00f3gyszeripari kutat\u00e1s-fejleszt\u00e9s, szabadalmaztat\u00e1s, szabadalmi oltalom, szabadalom jog\u00e9rv\u00e9nyes\u00edt\u00e9se, szabadalmi oltalom","og_url":"https:\/\/www.danubia.com\/hu\/munkatarsaink\/tepfenhart-dora\/","og_site_name":"Danubia","article_modified_time":"2020-02-05T15:21:14+00:00","og_image":[{"width":1125,"height":633,"url":"https:\/\/www.danubia.com\/wp-content\/uploads\/2019\/11\/Danubia-og-hu.jpg","type":"image\/jpeg"}],"twitter_card":"summary_large_image","twitter_misc":{"Becs\u00fclt olvas\u00e1si id\u0151":"5 perc"},"schema":{"@context":"https:\/\/schema.org","@graph":[{"@type":"WebPage","@id":"https:\/\/www.danubia.com\/hu\/munkatarsaink\/tepfenhart-dora\/","url":"https:\/\/www.danubia.com\/hu\/munkatarsaink\/tepfenhart-dora\/","name":"Tepfenh\u00e1rt D\u00f3ra\u00a0- DANUBIA Szabadalmi \u00e9s Jogi Iroda","isPartOf":{"@id":"https:\/\/www.danubia.com\/#website"},"datePublished":"2019-07-26T08:23:53+00:00","dateModified":"2020-02-05T15:21:14+00:00","description":"Eur\u00f3pai \u00e9s magyar szabadalmi \u00fcgyviv\u0151. Gy\u00f3gyszeripari kutat\u00e1s-fejleszt\u00e9s, szabadalmaztat\u00e1s, szabadalmi oltalom, szabadalom jog\u00e9rv\u00e9nyes\u00edt\u00e9se, szabadalmi oltalom","breadcrumb":{"@id":"https:\/\/www.danubia.com\/hu\/munkatarsaink\/tepfenhart-dora\/#breadcrumb"},"inLanguage":"hu","potentialAction":[{"@type":"ReadAction","target":["https:\/\/www.danubia.com\/hu\/munkatarsaink\/tepfenhart-dora\/"]}]},{"@type":"BreadcrumbList","@id":"https:\/\/www.danubia.com\/hu\/munkatarsaink\/tepfenhart-dora\/#breadcrumb","itemListElement":[{"@type":"ListItem","position":1,"name":"Home","item":"https:\/\/www.danubia.com\/hu\/"},{"@type":"ListItem","position":2,"name":"Munkat\u00e1rsaink","item":"https:\/\/www.danubia.com\/hu\/munkatarsaink\/"},{"@type":"ListItem","position":3,"name":"Tepfenh\u00e1rt D\u00f3ra"}]},{"@type":"WebSite","@id":"https:\/\/www.danubia.com\/#website","url":"https:\/\/www.danubia.com\/","name":"Danubia","description":"","potentialAction":[{"@type":"SearchAction","target":{"@type":"EntryPoint","urlTemplate":"https:\/\/www.danubia.com\/?s={search_term_string}"},"query-input":{"@type":"PropertyValueSpecification","valueRequired":true,"valueName":"search_term_string"}}],"inLanguage":"hu"}]}},"_links":{"self":[{"href":"https:\/\/www.danubia.com\/hu\/wp-json\/wp\/v2\/pages\/1476","targetHints":{"allow":["GET"]}}],"collection":[{"href":"https:\/\/www.danubia.com\/hu\/wp-json\/wp\/v2\/pages"}],"about":[{"href":"https:\/\/www.danubia.com\/hu\/wp-json\/wp\/v2\/types\/page"}],"author":[{"embeddable":true,"href":"https:\/\/www.danubia.com\/hu\/wp-json\/wp\/v2\/users\/1"}],"replies":[{"embeddable":true,"href":"https:\/\/www.danubia.com\/hu\/wp-json\/wp\/v2\/comments?post=1476"}],"version-history":[{"count":5,"href":"https:\/\/www.danubia.com\/hu\/wp-json\/wp\/v2\/pages\/1476\/revisions"}],"predecessor-version":[{"id":3718,"href":"https:\/\/www.danubia.com\/hu\/wp-json\/wp\/v2\/pages\/1476\/revisions\/3718"}],"up":[{"embeddable":true,"href":"https:\/\/www.danubia.com\/hu\/wp-json\/wp\/v2\/pages\/922"}],"wp:attachment":[{"href":"https:\/\/www.danubia.com\/hu\/wp-json\/wp\/v2\/media?parent=1476"}],"curies":[{"name":"wp","href":"https:\/\/api.w.org\/{rel}","templated":true}]}}