{"id":1478,"date":"2019-07-26T08:25:00","date_gmt":"2019-07-26T08:25:00","guid":{"rendered":"https:\/\/www.danubia.com\/?page_id=1478"},"modified":"2020-02-05T15:05:41","modified_gmt":"2020-02-05T15:05:41","slug":"dr-kompagne-hajnalka","status":"publish","type":"page","link":"https:\/\/www.danubia.com\/hu\/munkatarsaink\/dr-kompagne-hajnalka\/","title":{"rendered":"Dr. Kompagne Hajnalka"},"content":{"rendered":"<p>[et_pb_section fb_built=&#8221;1&#8243; specialty=&#8221;on&#8221; _builder_version=&#8221;3.22&#8243; inner_max_width=&#8221;none&#8221;][et_pb_column type=&#8221;1_4&#8243; _builder_version=&#8221;3.25&#8243; custom_padding=&#8221;|||&#8221; custom_padding__hover=&#8221;|||&#8221;][et_pb_image src=&#8221;https:\/\/www.danubia.com\/wp-content\/uploads\/2019\/06\/dr.-Kompagne-Hajnalka.jpg&#8221; align_tablet=&#8221;center&#8221; align_phone=&#8221;&#8221; align_last_edited=&#8221;on|desktop&#8221; _builder_version=&#8221;3.23&#8243; custom_margin=&#8221;||0px|&#8221; custom_padding=&#8221;||15px|&#8221; animation_style=&#8221;fade&#8221; z_index_tablet=&#8221;500&#8243;][\/et_pb_image][et_pb_text _builder_version=&#8221;3.27.4&#8243; text_font_size=&#8221;14px&#8221; custom_margin=&#8221;||0px|&#8221; custom_padding=&#8221;||15px|&#8221; z_index_tablet=&#8221;500&#8243;]<\/p>\n<p><strong>(+ 36 1) 411-8784<\/strong><br \/><strong><a href=\"mailto:kompagne@danubia.hu\">kompagne@danubia.hu<\/a><\/strong><\/p>\n<p>[\/et_pb_text][et_pb_image src=&#8221;https:\/\/www.danubia.com\/wp-content\/uploads\/2020\/01\/LinkedIn-logo.png&#8221; url=&#8221;https:\/\/www.linkedin.com\/company\/danubia-patent-and-law-office-llc\/&#8221; url_new_window=&#8221;on&#8221; admin_label=&#8221;LinkedIn&#8221; _builder_version=&#8221;4.0.4&#8243; max_width=&#8221;30px&#8221; module_alignment=&#8221;left&#8221;][\/et_pb_image][\/et_pb_column][et_pb_column type=&#8221;3_4&#8243; specialty_columns=&#8221;3&#8243; _builder_version=&#8221;3.25&#8243; custom_padding=&#8221;|||&#8221; custom_padding__hover=&#8221;|||&#8221;][et_pb_row_inner admin_label=&#8221;Sor&#8221; _builder_version=&#8221;3.25&#8243;][et_pb_column_inner saved_specialty_column_type=&#8221;3_4&#8243; _builder_version=&#8221;3.25&#8243; custom_padding=&#8221;|||&#8221; custom_padding__hover=&#8221;|||&#8221;][et_pb_text admin_label=&#8221;N\u00e9v&#8221; _builder_version=&#8221;3.27.4&#8243; text_font=&#8221;Raleway|700||on|||||&#8221; text_text_color=&#8221;#a6192e&#8221; text_font_size=&#8221;36px&#8221; header_font=&#8221;Raleway|700||on|||||&#8221; header_text_align=&#8221;center&#8221; header_text_color=&#8221;#ffffff&#8221; header_font_size=&#8221;50px&#8221; header_line_height=&#8221;1.4em&#8221; custom_margin=&#8221;||0px|&#8221; custom_padding=&#8221;||15px|&#8221; z_index_tablet=&#8221;500&#8243; text_font_size_tablet=&#8221;30px&#8221; text_font_size_phone=&#8221;22px&#8221; text_font_size_last_edited=&#8221;on|desktop&#8221; header_font_size_tablet=&#8221;30px&#8221; header_font_size_phone=&#8221;22px&#8221; header_font_size_last_edited=&#8221;on|desktop&#8221;]<\/p>\n<p>\nDr. Kompagne Hajnalka<\/p>\n<p>[\/et_pb_text][et_pb_text admin_label=&#8221;poz\u00edci\u00f3&#8221; _builder_version=&#8221;3.27.4&#8243; text_font=&#8221;Raleway|700|||||||&#8221; text_text_color=&#8221;#63666a&#8221; text_font_size=&#8221;18px&#8221; custom_margin=&#8221;||0px|&#8221; custom_padding=&#8221;||10px|&#8221; z_index_tablet=&#8221;500&#8243; text_font_size_tablet=&#8221;20px&#8221; text_font_size_phone=&#8221;&#8221; text_font_size_last_edited=&#8221;on|desktop&#8221;]<\/p>\n<p>\neur\u00f3pai \u00e9s magyar szabadalmi \u00fcgyviv\u0151<br \/>\npartner<br \/>\nokl. biol\u00f3gus<\/p>\n<p>[\/et_pb_text][et_pb_divider divider_position=&#8221;center&#8221; divider_weight=&#8221;3&#8243; _builder_version=&#8221;3.21.1&#8243; max_width=&#8221;50px&#8221; module_alignment=&#8221;left&#8221; height=&#8221;0px&#8221; animation_style=&#8221;zoom&#8221; z_index_tablet=&#8221;500&#8243;][\/et_pb_divider][et_pb_text admin_label=&#8221;Le\u00edr\u00e1s&#8221; _builder_version=&#8221;3.27.4&#8243; text_orientation=&#8221;justified&#8221; z_index_tablet=&#8221;500&#8243;]<\/p>\n<p>Dr. Kompagne Hajnalka szabadalmi \u00fcgyviv\u0151k\u00e9nt kedvenc ter\u00fcletei: a gy\u00f3gyszeripar biol\u00f3giai vonatkoz\u00e1sai (pl. targetkutat\u00e1s, biol\u00f3giai ter\u00e1pi\u00e1k \u00e9s diagnosztika, pszichofarmakol\u00f3gia, olt\u00f3anyagok), az \u00e9lelmiszeripar biol\u00f3giai vonatkoz\u00e1sai (pl. t\u00e1pl\u00e1l\u00e9kkieg\u00e9sz\u00edt\u0151k, superfoodok, gy\u00f3gyhat\u00e1s\u00fa \u00e9lelmiszerek), a kozmetikai ipar biol\u00f3giai vonatkoz\u00e1sai (pl. clean clinical hat\u00f3anyagok \u00e9s kozmetikumok), mez\u0151gazdas\u00e1g biol\u00f3giai vonatkoz\u00e1sai (pl. genetikailag m\u00f3dos\u00edtott n\u00f6v\u00e9nyek \u00e9s mikroorganizmusok, biol\u00f3giai n\u00f6v\u00e9nyv\u00e9delem), \u00e1llatok, els\u0151sorban t\u00e1rs\u00e1llatok j\u00f3l\u00e9t\u00e9t el\u0151seg\u00edt\u0151 tal\u00e1lm\u00e1nyok.<br \/>Gyakorlata van szabadalmi, szakirodalmi kutat\u00e1sban, szakv\u00e9lem\u00e9nyek elk\u00e9sz\u00edt\u00e9s\u00e9ben is. K\u00e9pvisel\u0151i \u00e9s tan\u00e1csad\u00f3i munk\u00e1t l\u00e1t el kis- \u00e9s nagyv\u00e1llalatok, mag\u00e1nszem\u00e9lyek, kutat\u00f3int\u00e9zetek \u00e9s egyetemek fel\u00e9.<\/p>\n<p>A Danubia Szabadalmi \u00e9s V\u00e9djegy Irod\u00e1ban 2013 \u00f3ta dolgozik.<br \/>Kor\u00e1bban a gy\u00f3gyszeriparban szerzett kutat\u00f3i (origin\u00e1lis preklinikai kutat\u00e1s, EGIS gy\u00f3gyszergy\u00e1r Zrt.) \u00e9s laborat\u00f3riumi m\u00e9rn\u00f6ki (min\u0151s\u00e9g-ellen\u0151rz\u00e9s, Mentor Medical Systems) tapasztalatot.<\/p>\n<p>Hajnalka magyar \u00e9s eur\u00f3pai szabadalmi \u00fcgyviv\u0151i vizsg\u00e1t tett.<br \/>Az E\u00f6tv\u00f6s Lor\u00e1nd Tudom\u00e1nyegyetem Term\u00e9szettudom\u00e1nyi Kar\u00e1n v\u00e9gzett biol\u00f3gusk\u00e9nt. Ugyanitt szerzett doktori (PhD) fokozatot (Idegtudom\u00e1ny \u00e9s hum\u00e1nbiol\u00f3gia Doktori Iskola) pszichofarmakol\u00f3giai vizsg\u00e1l\u00f3m\u00f3dszerekkel kapcsolatos kutat\u00e1sai alapj\u00e1n.<\/p>\n<p><span style=\"color: #a6192e;\"><strong>Nyelvtud\u00e1s:<\/strong><\/span><br \/>angol, holland, n\u00e9met<\/p>\n<p>[\/et_pb_text][\/et_pb_column_inner][\/et_pb_row_inner][et_pb_row_inner column_structure=&#8221;1_2,1_2&#8243; admin_label=&#8221;Sor&#8221; _builder_version=&#8221;3.25&#8243;][et_pb_column_inner type=&#8221;1_2&#8243; saved_specialty_column_type=&#8221;3_4&#8243; _builder_version=&#8221;3.25&#8243; custom_padding=&#8221;|||&#8221; custom_padding__hover=&#8221;|||&#8221;][et_pb_text admin_label=&#8221;Szakmai tags\u00e1gok&#8221; _builder_version=&#8221;3.27.4&#8243; text_font=&#8221;Raleway|700|||||||&#8221; text_text_color=&#8221;#a6192e&#8221; z_index_tablet=&#8221;500&#8243;]<\/p>\n<p>Szakmai tags\u00e1gok<\/p>\n<p>[\/et_pb_text][et_pb_text admin_label=&#8221;Szakmai tags\u00e1gok felsorol\u00e1s&#8221; _builder_version=&#8221;3.27.4&#8243; z_index_tablet=&#8221;500&#8243;]<\/p>\n<p><span style=\"color: #a6192e;\">\u00bb<\/span> Magyar Szabadalmi \u00dcgyviv\u0151i Kamara<br \/><span style=\"color: #a6192e;\">\u00bb<\/span> Magyar Iparjogv\u00e9delmi \u00e9s Szerz\u0151i Jogi Egyes\u00fclet<br \/><span style=\"color: #a6192e;\">\u00bb<\/span> Eur\u00f3pai Szabadalmi \u00dcgyviv\u0151k Szervezete (EPI)<\/p>\n<p>[\/et_pb_text][\/et_pb_column_inner][et_pb_column_inner type=&#8221;1_2&#8243; saved_specialty_column_type=&#8221;3_4&#8243; _builder_version=&#8221;3.25&#8243; custom_padding=&#8221;|||&#8221; custom_padding__hover=&#8221;|||&#8221;][et_pb_text admin_label=&#8221;F\u0151bb szakter\u00fcletek&#8221; _builder_version=&#8221;3.27.4&#8243; text_font=&#8221;Raleway|700|||||||&#8221; text_text_color=&#8221;#a6192e&#8221; z_index_tablet=&#8221;500&#8243;]<\/p>\n<p>F\u0151bb szakter\u00fcletek<\/p>\n<p>[\/et_pb_text][et_pb_text admin_label=&#8221;F\u0151bb szakter\u00fcletek felsorol\u00e1s&#8221; _builder_version=&#8221;3.27.4&#8243; z_index_tablet=&#8221;500&#8243;]<\/p>\n<p>\n<span style=\"color: #a6192e;\">\u00bb<\/span> biotechnol\u00f3gia, (pszicho)farmakol\u00f3gia, mikrobiol\u00f3gia, laborat\u00f3riumi diagnosztika, GMO-k, n\u00f6v\u00e9nyv\u00e9delem, funkcion\u00e1lis \u00e9lelmiszerek, \u00e1llatok, els\u0151sorban t\u00e1rs\u00e1llatok j\u00f3l\u00e9t\u00e9t el\u0151seg\u00edt\u0151 tal\u00e1lm\u00e1nyok<\/p>\n<p>[\/et_pb_text][\/et_pb_column_inner][\/et_pb_row_inner][\/et_pb_column][\/et_pb_section]<\/p>\n","protected":false},"excerpt":{"rendered":"<p>(+ 36 1) 411-8784kompagne@danubia.hu Dr. Kompagne Hajnalka eur\u00f3pai \u00e9s magyar szabadalmi \u00fcgyviv\u0151 partner okl. biol\u00f3gus Dr. Kompagne Hajnalka szabadalmi \u00fcgyviv\u0151k\u00e9nt kedvenc ter\u00fcletei: a gy\u00f3gyszeripar biol\u00f3giai vonatkoz\u00e1sai (pl. targetkutat\u00e1s, biol\u00f3giai ter\u00e1pi\u00e1k \u00e9s diagnosztika, pszichofarmakol\u00f3gia, olt\u00f3anyagok), az \u00e9lelmiszeripar biol\u00f3giai vonatkoz\u00e1sai (pl. t\u00e1pl\u00e1l\u00e9kkieg\u00e9sz\u00edt\u0151k, superfoodok, gy\u00f3gyhat\u00e1s\u00fa \u00e9lelmiszerek), a kozmetikai ipar biol\u00f3giai vonatkoz\u00e1sai (pl. clean clinical hat\u00f3anyagok \u00e9s kozmetikumok), mez\u0151gazdas\u00e1g [&hellip;]<\/p>\n","protected":false},"author":1,"featured_media":0,"parent":922,"menu_order":0,"comment_status":"closed","ping_status":"closed","template":"","meta":{"_et_pb_use_builder":"on","_et_pb_old_content":"","_et_gb_content_width":"","footnotes":""},"class_list":["post-1478","page","type-page","status-publish","hentry"],"yoast_head":"<!-- This site is optimized with the Yoast SEO plugin v27.3 - https:\/\/yoast.com\/product\/yoast-seo-wordpress\/ -->\n<title>Dr. Kompagne Hajnalka - DANUBIA Szabadalmi \u00e9s Jogi Iroda<\/title>\n<meta name=\"description\" content=\"Eur\u00f3pai \u00e9s magyar szabadalmi \u00fcgyviv\u0151. Szabadalmi, szakirodalmi kutat\u00e1s, szakv\u00e9lem\u00e9nyek elk\u00e9sz\u00edt\u00e9se, szabadalmaztat\u00e1s, szabadalmi oltalom, szabadalmi bejelent\u00e9s\" \/>\n<meta name=\"robots\" content=\"index, follow, max-snippet:-1, max-image-preview:large, max-video-preview:-1\" \/>\n<link rel=\"canonical\" href=\"https:\/\/www.danubia.com\/hu\/munkatarsaink\/dr-kompagne-hajnalka\/\" \/>\n<meta property=\"og:locale\" content=\"hu_HU\" \/>\n<meta property=\"og:type\" content=\"article\" \/>\n<meta property=\"og:title\" content=\"Dr. Kompagne Hajnalka - DANUBIA Szabadalmi \u00e9s Jogi Iroda\" \/>\n<meta property=\"og:description\" content=\"Eur\u00f3pai \u00e9s magyar szabadalmi \u00fcgyviv\u0151. Szabadalmi, szakirodalmi kutat\u00e1s, szakv\u00e9lem\u00e9nyek elk\u00e9sz\u00edt\u00e9se, szabadalmaztat\u00e1s, szabadalmi oltalom, szabadalmi bejelent\u00e9s\" \/>\n<meta property=\"og:url\" content=\"https:\/\/www.danubia.com\/hu\/munkatarsaink\/dr-kompagne-hajnalka\/\" \/>\n<meta property=\"og:site_name\" content=\"Danubia\" \/>\n<meta property=\"article:modified_time\" content=\"2020-02-05T15:05:41+00:00\" \/>\n<meta property=\"og:image\" content=\"https:\/\/www.danubia.com\/wp-content\/uploads\/2019\/11\/Danubia-og-hu.jpg\" \/>\n\t<meta property=\"og:image:width\" content=\"1125\" \/>\n\t<meta property=\"og:image:height\" content=\"633\" \/>\n\t<meta property=\"og:image:type\" content=\"image\/jpeg\" \/>\n<meta name=\"twitter:card\" content=\"summary_large_image\" \/>\n<meta name=\"twitter:label1\" content=\"Becs\u00fclt olvas\u00e1si id\u0151\" \/>\n\t<meta name=\"twitter:data1\" content=\"4 perc\" \/>\n<script type=\"application\/ld+json\" class=\"yoast-schema-graph\">{\"@context\":\"https:\\\/\\\/schema.org\",\"@graph\":[{\"@type\":\"WebPage\",\"@id\":\"https:\\\/\\\/www.danubia.com\\\/hu\\\/munkatarsaink\\\/dr-kompagne-hajnalka\\\/\",\"url\":\"https:\\\/\\\/www.danubia.com\\\/hu\\\/munkatarsaink\\\/dr-kompagne-hajnalka\\\/\",\"name\":\"Dr. Kompagne Hajnalka - DANUBIA Szabadalmi \u00e9s Jogi Iroda\",\"isPartOf\":{\"@id\":\"https:\\\/\\\/www.danubia.com\\\/#website\"},\"datePublished\":\"2019-07-26T08:25:00+00:00\",\"dateModified\":\"2020-02-05T15:05:41+00:00\",\"description\":\"Eur\u00f3pai \u00e9s magyar szabadalmi \u00fcgyviv\u0151. Szabadalmi, szakirodalmi kutat\u00e1s, szakv\u00e9lem\u00e9nyek elk\u00e9sz\u00edt\u00e9se, szabadalmaztat\u00e1s, szabadalmi oltalom, szabadalmi bejelent\u00e9s\",\"breadcrumb\":{\"@id\":\"https:\\\/\\\/www.danubia.com\\\/hu\\\/munkatarsaink\\\/dr-kompagne-hajnalka\\\/#breadcrumb\"},\"inLanguage\":\"hu\",\"potentialAction\":[{\"@type\":\"ReadAction\",\"target\":[\"https:\\\/\\\/www.danubia.com\\\/hu\\\/munkatarsaink\\\/dr-kompagne-hajnalka\\\/\"]}]},{\"@type\":\"BreadcrumbList\",\"@id\":\"https:\\\/\\\/www.danubia.com\\\/hu\\\/munkatarsaink\\\/dr-kompagne-hajnalka\\\/#breadcrumb\",\"itemListElement\":[{\"@type\":\"ListItem\",\"position\":1,\"name\":\"Home\",\"item\":\"https:\\\/\\\/www.danubia.com\\\/hu\\\/\"},{\"@type\":\"ListItem\",\"position\":2,\"name\":\"Munkat\u00e1rsaink\",\"item\":\"https:\\\/\\\/www.danubia.com\\\/hu\\\/munkatarsaink\\\/\"},{\"@type\":\"ListItem\",\"position\":3,\"name\":\"Dr. Kompagne Hajnalka\"}]},{\"@type\":\"WebSite\",\"@id\":\"https:\\\/\\\/www.danubia.com\\\/#website\",\"url\":\"https:\\\/\\\/www.danubia.com\\\/\",\"name\":\"Danubia\",\"description\":\"\",\"potentialAction\":[{\"@type\":\"SearchAction\",\"target\":{\"@type\":\"EntryPoint\",\"urlTemplate\":\"https:\\\/\\\/www.danubia.com\\\/?s={search_term_string}\"},\"query-input\":{\"@type\":\"PropertyValueSpecification\",\"valueRequired\":true,\"valueName\":\"search_term_string\"}}],\"inLanguage\":\"hu\"}]}<\/script>\n<!-- \/ Yoast SEO plugin. -->","yoast_head_json":{"title":"Dr. Kompagne Hajnalka - DANUBIA Szabadalmi \u00e9s Jogi Iroda","description":"Eur\u00f3pai \u00e9s magyar szabadalmi \u00fcgyviv\u0151. Szabadalmi, szakirodalmi kutat\u00e1s, szakv\u00e9lem\u00e9nyek elk\u00e9sz\u00edt\u00e9se, szabadalmaztat\u00e1s, szabadalmi oltalom, szabadalmi bejelent\u00e9s","robots":{"index":"index","follow":"follow","max-snippet":"max-snippet:-1","max-image-preview":"max-image-preview:large","max-video-preview":"max-video-preview:-1"},"canonical":"https:\/\/www.danubia.com\/hu\/munkatarsaink\/dr-kompagne-hajnalka\/","og_locale":"hu_HU","og_type":"article","og_title":"Dr. Kompagne Hajnalka - DANUBIA Szabadalmi \u00e9s Jogi Iroda","og_description":"Eur\u00f3pai \u00e9s magyar szabadalmi \u00fcgyviv\u0151. Szabadalmi, szakirodalmi kutat\u00e1s, szakv\u00e9lem\u00e9nyek elk\u00e9sz\u00edt\u00e9se, szabadalmaztat\u00e1s, szabadalmi oltalom, szabadalmi bejelent\u00e9s","og_url":"https:\/\/www.danubia.com\/hu\/munkatarsaink\/dr-kompagne-hajnalka\/","og_site_name":"Danubia","article_modified_time":"2020-02-05T15:05:41+00:00","og_image":[{"width":1125,"height":633,"url":"https:\/\/www.danubia.com\/wp-content\/uploads\/2019\/11\/Danubia-og-hu.jpg","type":"image\/jpeg"}],"twitter_card":"summary_large_image","twitter_misc":{"Becs\u00fclt olvas\u00e1si id\u0151":"4 perc"},"schema":{"@context":"https:\/\/schema.org","@graph":[{"@type":"WebPage","@id":"https:\/\/www.danubia.com\/hu\/munkatarsaink\/dr-kompagne-hajnalka\/","url":"https:\/\/www.danubia.com\/hu\/munkatarsaink\/dr-kompagne-hajnalka\/","name":"Dr. Kompagne Hajnalka - DANUBIA Szabadalmi \u00e9s Jogi Iroda","isPartOf":{"@id":"https:\/\/www.danubia.com\/#website"},"datePublished":"2019-07-26T08:25:00+00:00","dateModified":"2020-02-05T15:05:41+00:00","description":"Eur\u00f3pai \u00e9s magyar szabadalmi \u00fcgyviv\u0151. Szabadalmi, szakirodalmi kutat\u00e1s, szakv\u00e9lem\u00e9nyek elk\u00e9sz\u00edt\u00e9se, szabadalmaztat\u00e1s, szabadalmi oltalom, szabadalmi bejelent\u00e9s","breadcrumb":{"@id":"https:\/\/www.danubia.com\/hu\/munkatarsaink\/dr-kompagne-hajnalka\/#breadcrumb"},"inLanguage":"hu","potentialAction":[{"@type":"ReadAction","target":["https:\/\/www.danubia.com\/hu\/munkatarsaink\/dr-kompagne-hajnalka\/"]}]},{"@type":"BreadcrumbList","@id":"https:\/\/www.danubia.com\/hu\/munkatarsaink\/dr-kompagne-hajnalka\/#breadcrumb","itemListElement":[{"@type":"ListItem","position":1,"name":"Home","item":"https:\/\/www.danubia.com\/hu\/"},{"@type":"ListItem","position":2,"name":"Munkat\u00e1rsaink","item":"https:\/\/www.danubia.com\/hu\/munkatarsaink\/"},{"@type":"ListItem","position":3,"name":"Dr. Kompagne Hajnalka"}]},{"@type":"WebSite","@id":"https:\/\/www.danubia.com\/#website","url":"https:\/\/www.danubia.com\/","name":"Danubia","description":"","potentialAction":[{"@type":"SearchAction","target":{"@type":"EntryPoint","urlTemplate":"https:\/\/www.danubia.com\/?s={search_term_string}"},"query-input":{"@type":"PropertyValueSpecification","valueRequired":true,"valueName":"search_term_string"}}],"inLanguage":"hu"}]}},"_links":{"self":[{"href":"https:\/\/www.danubia.com\/hu\/wp-json\/wp\/v2\/pages\/1478","targetHints":{"allow":["GET"]}}],"collection":[{"href":"https:\/\/www.danubia.com\/hu\/wp-json\/wp\/v2\/pages"}],"about":[{"href":"https:\/\/www.danubia.com\/hu\/wp-json\/wp\/v2\/types\/page"}],"author":[{"embeddable":true,"href":"https:\/\/www.danubia.com\/hu\/wp-json\/wp\/v2\/users\/1"}],"replies":[{"embeddable":true,"href":"https:\/\/www.danubia.com\/hu\/wp-json\/wp\/v2\/comments?post=1478"}],"version-history":[{"count":5,"href":"https:\/\/www.danubia.com\/hu\/wp-json\/wp\/v2\/pages\/1478\/revisions"}],"predecessor-version":[{"id":3684,"href":"https:\/\/www.danubia.com\/hu\/wp-json\/wp\/v2\/pages\/1478\/revisions\/3684"}],"up":[{"embeddable":true,"href":"https:\/\/www.danubia.com\/hu\/wp-json\/wp\/v2\/pages\/922"}],"wp:attachment":[{"href":"https:\/\/www.danubia.com\/hu\/wp-json\/wp\/v2\/media?parent=1478"}],"curies":[{"name":"wp","href":"https:\/\/api.w.org\/{rel}","templated":true}]}}