
{"id":1480,"date":"2019-07-26T08:25:55","date_gmt":"2019-07-26T08:25:55","guid":{"rendered":"https:\/\/www.danubia.com\/?page_id=1480"},"modified":"2020-02-05T15:16:54","modified_gmt":"2020-02-05T15:16:54","slug":"lezsak-gabor","status":"publish","type":"page","link":"https:\/\/www.danubia.com\/hu\/munkatarsaink\/lezsak-gabor\/","title":{"rendered":"Lezs\u00e1k G\u00e1bor"},"content":{"rendered":"<p>[et_pb_section fb_built=&#8221;1&#8243; specialty=&#8221;on&#8221; _builder_version=&#8221;3.22&#8243; inner_max_width=&#8221;none&#8221;][et_pb_column type=&#8221;1_4&#8243; _builder_version=&#8221;3.25&#8243; custom_padding=&#8221;|||&#8221; custom_padding__hover=&#8221;|||&#8221;][et_pb_image src=&#8221;https:\/\/www.danubia.com\/wp-content\/uploads\/2019\/06\/Lezsak-Gabor.jpg&#8221; align_tablet=&#8221;center&#8221; align_phone=&#8221;&#8221; align_last_edited=&#8221;on|desktop&#8221; _builder_version=&#8221;3.23&#8243; custom_margin=&#8221;||0px|&#8221; custom_padding=&#8221;||15px|&#8221; animation_style=&#8221;fade&#8221; z_index_tablet=&#8221;500&#8243;][\/et_pb_image][et_pb_text _builder_version=&#8221;3.27.4&#8243; text_font_size=&#8221;14px&#8221; custom_margin=&#8221;||0px|&#8221; custom_padding=&#8221;||15px|&#8221; z_index_tablet=&#8221;500&#8243;]<\/p>\n<p><strong>(+36 1) 411-8798<\/strong><br \/><strong><a href=\"mailto:lezsak.gabor@danubia.hu\">lezsak.gabor@danubia.hu<\/a><\/strong><\/p>\n<p>[\/et_pb_text][et_pb_image src=&#8221;https:\/\/www.danubia.com\/wp-content\/uploads\/2020\/01\/LinkedIn-logo.png&#8221; url=&#8221;https:\/\/www.linkedin.com\/in\/gabor-lezsak\/&#8221; url_new_window=&#8221;on&#8221; admin_label=&#8221;LinkedIn&#8221; _builder_version=&#8221;4.0.4&#8243; max_width=&#8221;30px&#8221; module_alignment=&#8221;left&#8221;][\/et_pb_image][\/et_pb_column][et_pb_column type=&#8221;3_4&#8243; specialty_columns=&#8221;3&#8243; _builder_version=&#8221;3.25&#8243; custom_padding=&#8221;|||&#8221; custom_padding__hover=&#8221;|||&#8221;][et_pb_row_inner admin_label=&#8221;Sor&#8221; _builder_version=&#8221;3.25&#8243;][et_pb_column_inner saved_specialty_column_type=&#8221;3_4&#8243; _builder_version=&#8221;3.25&#8243; custom_padding=&#8221;|||&#8221; custom_padding__hover=&#8221;|||&#8221;][et_pb_text admin_label=&#8221;N\u00e9v&#8221; _builder_version=&#8221;3.27.4&#8243; text_font=&#8221;Raleway|700||on|||||&#8221; text_text_color=&#8221;#a6192e&#8221; text_font_size=&#8221;36px&#8221; header_font=&#8221;Raleway|700||on|||||&#8221; header_text_align=&#8221;center&#8221; header_text_color=&#8221;#ffffff&#8221; header_font_size=&#8221;50px&#8221; header_line_height=&#8221;1.4em&#8221; custom_margin=&#8221;||0px|&#8221; custom_padding=&#8221;||15px|&#8221; z_index_tablet=&#8221;500&#8243; text_font_size_tablet=&#8221;30px&#8221; text_font_size_phone=&#8221;22px&#8221; text_font_size_last_edited=&#8221;on|desktop&#8221; header_font_size_tablet=&#8221;30px&#8221; header_font_size_phone=&#8221;22px&#8221; header_font_size_last_edited=&#8221;on|desktop&#8221;]<\/p>\n<p>\nLezs\u00e1k G\u00e1bor<\/p>\n<p>[\/et_pb_text][et_pb_text admin_label=&#8221;poz\u00edci\u00f3&#8221; _builder_version=&#8221;3.27.4&#8243; text_font=&#8221;Raleway|700|||||||&#8221; text_text_color=&#8221;#63666a&#8221; text_font_size=&#8221;18px&#8221; custom_margin=&#8221;||0px|&#8221; custom_padding=&#8221;||10px|&#8221; z_index_tablet=&#8221;500&#8243; text_font_size_tablet=&#8221;20px&#8221; text_font_size_phone=&#8221;&#8221; text_font_size_last_edited=&#8221;on|desktop&#8221;]<\/p>\n<p>\neur\u00f3pai \u00e9s magyar szabadalmi \u00fcgyviv\u0151<br \/>\npartner<br \/>\nokl. vegy\u00e9sz<\/p>\n<p>[\/et_pb_text][et_pb_divider divider_position=&#8221;center&#8221; divider_weight=&#8221;3&#8243; _builder_version=&#8221;3.21.1&#8243; max_width=&#8221;50px&#8221; module_alignment=&#8221;left&#8221; height=&#8221;0px&#8221; animation_style=&#8221;zoom&#8221; z_index_tablet=&#8221;500&#8243;][\/et_pb_divider][et_pb_text admin_label=&#8221;Le\u00edr\u00e1s&#8221; _builder_version=&#8221;3.27.4&#8243; text_orientation=&#8221;justified&#8221; z_index_tablet=&#8221;500&#8243;]<\/p>\n<p>Lezs\u00e1k G\u00e1bor els\u0151sorban jogszerz\u00e9ssel foglalkozik a kismolekul\u00e1s gy\u00f3gyszerk\u00e9mia, szerves k\u00e9mia, k\u00f6rnyezeti k\u00e9mia \u00e9s analitikai k\u00e9mia ter\u00fclet\u00e9n. Tapasztalattal rendelkezik az adott szakter\u00fcletre es\u0151 megold\u00e1sok hazai \u00e9s nemzetk\u00f6zi szabadalmaztat\u00e1s\u00e1ban, a Szellemi Tulajdon Nemzeti Hivatala \u00e9s az Eur\u00f3pai Szabadalmi Hivatal el\u0151tti k\u00e9pviseleti munk\u00e1ban \u00e9s szabadalmazhat\u00f3s\u00e1gi v\u00e9lem\u00e9nyek k\u00e9sz\u00edt\u00e9s\u00e9ben. Az EQE &#8211; Candidate Support Programme keret\u00e9ben seg\u00edti a jel\u00f6ltek felk\u00e9sz\u00fcl\u00e9s\u00e9t az Eur\u00f3pai Szabadalmi \u00dcgyviv\u0151i Vizsg\u00e1ra tutork\u00e9nt.<\/p>\n<p>A Danubia Szabadalmi \u00e9s Jogi Irod\u00e1hoz \u00fcgyviv\u0151jel\u00f6ltk\u00e9nt 2013-ban csatlakozott.<\/p>\n<p>G\u00e1bor magyar szabadalmi \u00fcgyviv\u0151 2016 \u00f3ta, eur\u00f3pai szabadalmi \u00fcgyviv\u0151i vizsg\u00e1it 2017-ben tette le.<br \/>Az E\u00f6tv\u00f6s Lor\u00e1nd Tudom\u00e1nyegyetemen 2009-ben szerzett vegy\u00e9sz diplom\u00e1t. Az egyetem alatt k\u00e9tdimenzi\u00f3s g\u00e1zkromatogr\u00e1fi\u00e1val \u00e9s kapcsolt rendszereivel foglalkozott, diplomamunk\u00e1j\u00e1t k\u00f6rnyezetanalitikai t\u00e9mak\u00f6rben k\u00e9sz\u00edtette.<\/p>\n<p><span style=\"color: #a6192e;\"><strong>Nyelvtud\u00e1s:<\/strong><\/span><br \/>angol<\/p>\n<p>[\/et_pb_text][\/et_pb_column_inner][\/et_pb_row_inner][et_pb_row_inner column_structure=&#8221;1_2,1_2&#8243; admin_label=&#8221;Sor&#8221; _builder_version=&#8221;3.25&#8243;][et_pb_column_inner type=&#8221;1_2&#8243; saved_specialty_column_type=&#8221;3_4&#8243; _builder_version=&#8221;3.25&#8243; custom_padding=&#8221;|||&#8221; custom_padding__hover=&#8221;|||&#8221;][et_pb_text admin_label=&#8221;Szakmai tags\u00e1gok&#8221; _builder_version=&#8221;3.27.4&#8243; text_font=&#8221;Raleway|700|||||||&#8221; text_text_color=&#8221;#a6192e&#8221; z_index_tablet=&#8221;500&#8243;]<\/p>\n<p>Szakmai tags\u00e1gok<\/p>\n<p>[\/et_pb_text][et_pb_text admin_label=&#8221;Szakmai tags\u00e1gok felsorol\u00e1s&#8221; _builder_version=&#8221;3.27.4&#8243; z_index_tablet=&#8221;500&#8243;]<\/p>\n<p>\n<span style=\"color: #a6192e;\">\u00bb<\/span> 2018-t\u00f3l epi tutor \u00e9s az epi European Patent Practice Committee &#8211; Chemistry subcommittee levelez\u0151 tagja.<br \/>\n<span style=\"color: #a6192e;\">\u00bb<\/span> Magyar Szabadalmi \u00dcgyviv\u0151i Kamara<br \/>\n<span style=\"color: #a6192e;\">\u00bb<\/span> Magyar Iparjogv\u00e9delmi \u00e9s Szerz\u0151i Jogi Egyes\u00fclet<br \/>\n<span style=\"color: #a6192e;\">\u00bb<\/span> Licensing Executives Society International (LESI) Magyar Csoportja<br \/>\n<span style=\"color: #a6192e;\">\u00bb<\/span> AIPPI<br \/>\n<span style=\"color: #a6192e;\">\u00bb<\/span> epi<\/p>\n<p>[\/et_pb_text][\/et_pb_column_inner][et_pb_column_inner type=&#8221;1_2&#8243; saved_specialty_column_type=&#8221;3_4&#8243; _builder_version=&#8221;3.25&#8243; custom_padding=&#8221;|||&#8221; custom_padding__hover=&#8221;|||&#8221;][et_pb_text admin_label=&#8221;F\u0151bb szakter\u00fcletek&#8221; _builder_version=&#8221;3.27.4&#8243; text_font=&#8221;Raleway|700|||||||&#8221; text_text_color=&#8221;#a6192e&#8221; z_index_tablet=&#8221;500&#8243;]<\/p>\n<p>F\u0151bb szakter\u00fcletek<\/p>\n<p>[\/et_pb_text][et_pb_text admin_label=&#8221;F\u0151bb szakter\u00fcletek felsorol\u00e1s&#8221; _builder_version=&#8221;3.27.4&#8243; z_index_tablet=&#8221;500&#8243;]<\/p>\n<p>\n<span style=\"color: #a6192e;\">\u00bb<\/span> vegy\u00e9szet, vegy\u00e9szeti elj\u00e1r\u00e1sok; szerves k\u00e9mia pl. gy\u00f3gyszerhat\u00f3anyagok \u00e9s adal\u00e9kanyagok, n\u00f6v\u00e9nyv\u00e9d\u0151szerek; hum\u00e1n \u00e9s \u00e1llatgy\u00f3gy\u00e1szati k\u00e9sz\u00edtm\u00e9nyek; kozmetikai k\u00e9sz\u00edtm\u00e9nyek; \u00e9lelmiszeripari k\u00e9sz\u00edtm\u00e9nyek, \u00e9trend kieg\u00e9sz\u00edt\u0151k; mez\u0151gazdas\u00e1gi k\u00e9sz\u00edtm\u00e9nyek pl. n\u00f6v\u00e9nyv\u00e9d\u0151szerek; szervetlen k\u00e9mia pl. m\u0171tr\u00e1gy\u00e1k, cementek; k\u0151olaj kitermel\u00e9s \u00e9s feldolgoz\u00e1s; analitikai k\u00e9mia; k\u00f6rnyezeti k\u00e9mia; hullad\u00e9k \u00fajrahasznos\u00edt\u00e1s<\/p>\n<p>[\/et_pb_text][\/et_pb_column_inner][\/et_pb_row_inner][\/et_pb_column][\/et_pb_section]<\/p>\n","protected":false},"excerpt":{"rendered":"<p>(+36 1) 411-8798lezsak.gabor@danubia.hu Lezs\u00e1k G\u00e1bor eur\u00f3pai \u00e9s magyar szabadalmi \u00fcgyviv\u0151 partner okl. vegy\u00e9sz Lezs\u00e1k G\u00e1bor els\u0151sorban jogszerz\u00e9ssel foglalkozik a kismolekul\u00e1s gy\u00f3gyszerk\u00e9mia, szerves k\u00e9mia, k\u00f6rnyezeti k\u00e9mia \u00e9s analitikai k\u00e9mia ter\u00fclet\u00e9n. Tapasztalattal rendelkezik az adott szakter\u00fcletre es\u0151 megold\u00e1sok hazai \u00e9s nemzetk\u00f6zi szabadalmaztat\u00e1s\u00e1ban, a Szellemi Tulajdon Nemzeti Hivatala \u00e9s az Eur\u00f3pai Szabadalmi Hivatal el\u0151tti k\u00e9pviseleti munk\u00e1ban \u00e9s szabadalmazhat\u00f3s\u00e1gi [&hellip;]<\/p>\n","protected":false},"author":1,"featured_media":0,"parent":922,"menu_order":0,"comment_status":"closed","ping_status":"closed","template":"","meta":{"_et_pb_use_builder":"on","_et_pb_old_content":"","_et_gb_content_width":"","footnotes":""},"class_list":["post-1480","page","type-page","status-publish","hentry"],"yoast_head":"<!-- This site is optimized with the Yoast SEO plugin v27.3 - https:\/\/yoast.com\/product\/yoast-seo-wordpress\/ -->\n<title>Lezs\u00e1k G\u00e1bor - DANUBIA Szabadalmi \u00e9s Jogi Iroda<\/title>\n<meta name=\"description\" content=\"Eur\u00f3pai \u00e9s magyar szabadalmi \u00fcgyviv\u0151. Hazai \u00e9s nemzetk\u00f6zi szabadalmaztat\u00e1s, szabadalmazhat\u00f3s\u00e1gi v\u00e9lem\u00e9nyek k\u00e9sz\u00edt\u00e9se, szabadalmi oltalom, szabadalmi bejelent\u00e9s\" \/>\n<meta name=\"robots\" content=\"index, follow, max-snippet:-1, max-image-preview:large, max-video-preview:-1\" \/>\n<link rel=\"canonical\" href=\"https:\/\/www.danubia.com\/hu\/munkatarsaink\/lezsak-gabor\/\" \/>\n<meta property=\"og:locale\" content=\"hu_HU\" \/>\n<meta property=\"og:type\" content=\"article\" \/>\n<meta property=\"og:title\" content=\"Lezs\u00e1k G\u00e1bor - DANUBIA Szabadalmi \u00e9s Jogi Iroda\" \/>\n<meta property=\"og:description\" content=\"Eur\u00f3pai \u00e9s magyar szabadalmi \u00fcgyviv\u0151. Hazai \u00e9s nemzetk\u00f6zi szabadalmaztat\u00e1s, szabadalmazhat\u00f3s\u00e1gi v\u00e9lem\u00e9nyek k\u00e9sz\u00edt\u00e9se, szabadalmi oltalom, szabadalmi bejelent\u00e9s\" \/>\n<meta property=\"og:url\" content=\"https:\/\/www.danubia.com\/hu\/munkatarsaink\/lezsak-gabor\/\" \/>\n<meta property=\"og:site_name\" content=\"Danubia\" \/>\n<meta property=\"article:modified_time\" content=\"2020-02-05T15:16:54+00:00\" \/>\n<meta property=\"og:image\" content=\"https:\/\/www.danubia.com\/wp-content\/uploads\/2019\/11\/Danubia-og-hu.jpg\" \/>\n\t<meta property=\"og:image:width\" content=\"1125\" \/>\n\t<meta property=\"og:image:height\" content=\"633\" \/>\n\t<meta property=\"og:image:type\" content=\"image\/jpeg\" \/>\n<meta name=\"twitter:card\" content=\"summary_large_image\" \/>\n<meta name=\"twitter:label1\" content=\"Becs\u00fclt olvas\u00e1si id\u0151\" \/>\n\t<meta name=\"twitter:data1\" content=\"4 perc\" \/>\n<script type=\"application\/ld+json\" class=\"yoast-schema-graph\">{\"@context\":\"https:\\\/\\\/schema.org\",\"@graph\":[{\"@type\":\"WebPage\",\"@id\":\"https:\\\/\\\/www.danubia.com\\\/hu\\\/munkatarsaink\\\/lezsak-gabor\\\/\",\"url\":\"https:\\\/\\\/www.danubia.com\\\/hu\\\/munkatarsaink\\\/lezsak-gabor\\\/\",\"name\":\"Lezs\u00e1k G\u00e1bor - DANUBIA Szabadalmi \u00e9s Jogi Iroda\",\"isPartOf\":{\"@id\":\"https:\\\/\\\/www.danubia.com\\\/#website\"},\"datePublished\":\"2019-07-26T08:25:55+00:00\",\"dateModified\":\"2020-02-05T15:16:54+00:00\",\"description\":\"Eur\u00f3pai \u00e9s magyar szabadalmi \u00fcgyviv\u0151. Hazai \u00e9s nemzetk\u00f6zi szabadalmaztat\u00e1s, szabadalmazhat\u00f3s\u00e1gi v\u00e9lem\u00e9nyek k\u00e9sz\u00edt\u00e9se, szabadalmi oltalom, szabadalmi bejelent\u00e9s\",\"breadcrumb\":{\"@id\":\"https:\\\/\\\/www.danubia.com\\\/hu\\\/munkatarsaink\\\/lezsak-gabor\\\/#breadcrumb\"},\"inLanguage\":\"hu\",\"potentialAction\":[{\"@type\":\"ReadAction\",\"target\":[\"https:\\\/\\\/www.danubia.com\\\/hu\\\/munkatarsaink\\\/lezsak-gabor\\\/\"]}]},{\"@type\":\"BreadcrumbList\",\"@id\":\"https:\\\/\\\/www.danubia.com\\\/hu\\\/munkatarsaink\\\/lezsak-gabor\\\/#breadcrumb\",\"itemListElement\":[{\"@type\":\"ListItem\",\"position\":1,\"name\":\"Home\",\"item\":\"https:\\\/\\\/www.danubia.com\\\/hu\\\/\"},{\"@type\":\"ListItem\",\"position\":2,\"name\":\"Munkat\u00e1rsaink\",\"item\":\"https:\\\/\\\/www.danubia.com\\\/hu\\\/munkatarsaink\\\/\"},{\"@type\":\"ListItem\",\"position\":3,\"name\":\"Lezs\u00e1k G\u00e1bor\"}]},{\"@type\":\"WebSite\",\"@id\":\"https:\\\/\\\/www.danubia.com\\\/#website\",\"url\":\"https:\\\/\\\/www.danubia.com\\\/\",\"name\":\"Danubia\",\"description\":\"\",\"potentialAction\":[{\"@type\":\"SearchAction\",\"target\":{\"@type\":\"EntryPoint\",\"urlTemplate\":\"https:\\\/\\\/www.danubia.com\\\/?s={search_term_string}\"},\"query-input\":{\"@type\":\"PropertyValueSpecification\",\"valueRequired\":true,\"valueName\":\"search_term_string\"}}],\"inLanguage\":\"hu\"}]}<\/script>\n<!-- \/ Yoast SEO plugin. -->","yoast_head_json":{"title":"Lezs\u00e1k G\u00e1bor - DANUBIA Szabadalmi \u00e9s Jogi Iroda","description":"Eur\u00f3pai \u00e9s magyar szabadalmi \u00fcgyviv\u0151. Hazai \u00e9s nemzetk\u00f6zi szabadalmaztat\u00e1s, szabadalmazhat\u00f3s\u00e1gi v\u00e9lem\u00e9nyek k\u00e9sz\u00edt\u00e9se, szabadalmi oltalom, szabadalmi bejelent\u00e9s","robots":{"index":"index","follow":"follow","max-snippet":"max-snippet:-1","max-image-preview":"max-image-preview:large","max-video-preview":"max-video-preview:-1"},"canonical":"https:\/\/www.danubia.com\/hu\/munkatarsaink\/lezsak-gabor\/","og_locale":"hu_HU","og_type":"article","og_title":"Lezs\u00e1k G\u00e1bor - DANUBIA Szabadalmi \u00e9s Jogi Iroda","og_description":"Eur\u00f3pai \u00e9s magyar szabadalmi \u00fcgyviv\u0151. Hazai \u00e9s nemzetk\u00f6zi szabadalmaztat\u00e1s, szabadalmazhat\u00f3s\u00e1gi v\u00e9lem\u00e9nyek k\u00e9sz\u00edt\u00e9se, szabadalmi oltalom, szabadalmi bejelent\u00e9s","og_url":"https:\/\/www.danubia.com\/hu\/munkatarsaink\/lezsak-gabor\/","og_site_name":"Danubia","article_modified_time":"2020-02-05T15:16:54+00:00","og_image":[{"width":1125,"height":633,"url":"https:\/\/www.danubia.com\/wp-content\/uploads\/2019\/11\/Danubia-og-hu.jpg","type":"image\/jpeg"}],"twitter_card":"summary_large_image","twitter_misc":{"Becs\u00fclt olvas\u00e1si id\u0151":"4 perc"},"schema":{"@context":"https:\/\/schema.org","@graph":[{"@type":"WebPage","@id":"https:\/\/www.danubia.com\/hu\/munkatarsaink\/lezsak-gabor\/","url":"https:\/\/www.danubia.com\/hu\/munkatarsaink\/lezsak-gabor\/","name":"Lezs\u00e1k G\u00e1bor - DANUBIA Szabadalmi \u00e9s Jogi Iroda","isPartOf":{"@id":"https:\/\/www.danubia.com\/#website"},"datePublished":"2019-07-26T08:25:55+00:00","dateModified":"2020-02-05T15:16:54+00:00","description":"Eur\u00f3pai \u00e9s magyar szabadalmi \u00fcgyviv\u0151. Hazai \u00e9s nemzetk\u00f6zi szabadalmaztat\u00e1s, szabadalmazhat\u00f3s\u00e1gi v\u00e9lem\u00e9nyek k\u00e9sz\u00edt\u00e9se, szabadalmi oltalom, szabadalmi bejelent\u00e9s","breadcrumb":{"@id":"https:\/\/www.danubia.com\/hu\/munkatarsaink\/lezsak-gabor\/#breadcrumb"},"inLanguage":"hu","potentialAction":[{"@type":"ReadAction","target":["https:\/\/www.danubia.com\/hu\/munkatarsaink\/lezsak-gabor\/"]}]},{"@type":"BreadcrumbList","@id":"https:\/\/www.danubia.com\/hu\/munkatarsaink\/lezsak-gabor\/#breadcrumb","itemListElement":[{"@type":"ListItem","position":1,"name":"Home","item":"https:\/\/www.danubia.com\/hu\/"},{"@type":"ListItem","position":2,"name":"Munkat\u00e1rsaink","item":"https:\/\/www.danubia.com\/hu\/munkatarsaink\/"},{"@type":"ListItem","position":3,"name":"Lezs\u00e1k G\u00e1bor"}]},{"@type":"WebSite","@id":"https:\/\/www.danubia.com\/#website","url":"https:\/\/www.danubia.com\/","name":"Danubia","description":"","potentialAction":[{"@type":"SearchAction","target":{"@type":"EntryPoint","urlTemplate":"https:\/\/www.danubia.com\/?s={search_term_string}"},"query-input":{"@type":"PropertyValueSpecification","valueRequired":true,"valueName":"search_term_string"}}],"inLanguage":"hu"}]}},"_links":{"self":[{"href":"https:\/\/www.danubia.com\/hu\/wp-json\/wp\/v2\/pages\/1480","targetHints":{"allow":["GET"]}}],"collection":[{"href":"https:\/\/www.danubia.com\/hu\/wp-json\/wp\/v2\/pages"}],"about":[{"href":"https:\/\/www.danubia.com\/hu\/wp-json\/wp\/v2\/types\/page"}],"author":[{"embeddable":true,"href":"https:\/\/www.danubia.com\/hu\/wp-json\/wp\/v2\/users\/1"}],"replies":[{"embeddable":true,"href":"https:\/\/www.danubia.com\/hu\/wp-json\/wp\/v2\/comments?post=1480"}],"version-history":[{"count":6,"href":"https:\/\/www.danubia.com\/hu\/wp-json\/wp\/v2\/pages\/1480\/revisions"}],"predecessor-version":[{"id":3707,"href":"https:\/\/www.danubia.com\/hu\/wp-json\/wp\/v2\/pages\/1480\/revisions\/3707"}],"up":[{"embeddable":true,"href":"https:\/\/www.danubia.com\/hu\/wp-json\/wp\/v2\/pages\/922"}],"wp:attachment":[{"href":"https:\/\/www.danubia.com\/hu\/wp-json\/wp\/v2\/media?parent=1480"}],"curies":[{"name":"wp","href":"https:\/\/api.w.org\/{rel}","templated":true}]}}