{"id":1493,"date":"2019-07-26T08:30:47","date_gmt":"2019-07-26T08:30:47","guid":{"rendered":"https:\/\/www.danubia.com\/?page_id=1493"},"modified":"2020-02-05T15:12:17","modified_gmt":"2020-02-05T15:12:17","slug":"farkas-tamas","status":"publish","type":"page","link":"https:\/\/www.danubia.com\/hu\/munkatarsaink\/farkas-tamas\/","title":{"rendered":"Farkas Tam\u00e1s"},"content":{"rendered":"<p>[et_pb_section fb_built=&#8221;1&#8243; specialty=&#8221;on&#8221; _builder_version=&#8221;3.22&#8243; inner_max_width=&#8221;none&#8221;][et_pb_column type=&#8221;1_4&#8243; _builder_version=&#8221;3.25&#8243; custom_padding=&#8221;|||&#8221; custom_padding__hover=&#8221;|||&#8221;][et_pb_image src=&#8221;https:\/\/www.danubia.com\/wp-content\/uploads\/2019\/06\/Farkas-Tamas.jpg&#8221; align_tablet=&#8221;center&#8221; align_phone=&#8221;&#8221; align_last_edited=&#8221;on|desktop&#8221; _builder_version=&#8221;3.23&#8243; custom_margin=&#8221;||0px|&#8221; custom_padding=&#8221;||15px|&#8221; animation_style=&#8221;fade&#8221; z_index_tablet=&#8221;500&#8243;][\/et_pb_image][et_pb_text _builder_version=&#8221;3.27.4&#8243; text_font_size=&#8221;14px&#8221; custom_margin=&#8221;||0px|&#8221; custom_padding=&#8221;||15px|&#8221; z_index_tablet=&#8221;500&#8243;]<\/p>\n<p><strong>(+36 1) 411-8725<\/strong><br \/><strong><a href=\"mailto:tfarkas@danubia.hu\">tfarkas@danubia.hu<\/a><\/strong><\/p>\n<p>[\/et_pb_text][et_pb_image src=&#8221;https:\/\/www.danubia.com\/wp-content\/uploads\/2020\/01\/LinkedIn-logo.png&#8221; url=&#8221;https:\/\/www.linkedin.com\/company\/danubia-patent-and-law-office-llc\/&#8221; url_new_window=&#8221;on&#8221; admin_label=&#8221;LinkedIn&#8221; _builder_version=&#8221;4.0.4&#8243; max_width=&#8221;30px&#8221; module_alignment=&#8221;left&#8221;][\/et_pb_image][\/et_pb_column][et_pb_column type=&#8221;3_4&#8243; specialty_columns=&#8221;3&#8243; _builder_version=&#8221;3.25&#8243; custom_padding=&#8221;|||&#8221; custom_padding__hover=&#8221;|||&#8221;][et_pb_row_inner admin_label=&#8221;Sor&#8221; _builder_version=&#8221;3.25&#8243;][et_pb_column_inner saved_specialty_column_type=&#8221;3_4&#8243; _builder_version=&#8221;3.25&#8243; custom_padding=&#8221;|||&#8221; custom_padding__hover=&#8221;|||&#8221;][et_pb_text admin_label=&#8221;N\u00e9v&#8221; _builder_version=&#8221;3.27.4&#8243; text_font=&#8221;Raleway|700||on|||||&#8221; text_text_color=&#8221;#a6192e&#8221; text_font_size=&#8221;36px&#8221; header_font=&#8221;Raleway|700||on|||||&#8221; header_text_align=&#8221;center&#8221; header_text_color=&#8221;#ffffff&#8221; header_font_size=&#8221;50px&#8221; header_line_height=&#8221;1.4em&#8221; custom_margin=&#8221;||0px|&#8221; custom_padding=&#8221;||15px|&#8221; z_index_tablet=&#8221;500&#8243; text_font_size_tablet=&#8221;30px&#8221; text_font_size_phone=&#8221;22px&#8221; text_font_size_last_edited=&#8221;on|desktop&#8221; header_font_size_tablet=&#8221;30px&#8221; header_font_size_phone=&#8221;22px&#8221; header_font_size_last_edited=&#8221;on|desktop&#8221;]<\/p>\n<p>\nFarkas Tam\u00e1s<\/p>\n<p>[\/et_pb_text][et_pb_text admin_label=&#8221;poz\u00edci\u00f3&#8221; _builder_version=&#8221;3.27.4&#8243; text_font=&#8221;Raleway|700|||||||&#8221; text_text_color=&#8221;#63666a&#8221; text_font_size=&#8221;18px&#8221; custom_margin=&#8221;||0px|&#8221; custom_padding=&#8221;||10px|&#8221; z_index_tablet=&#8221;500&#8243; text_font_size_tablet=&#8221;20px&#8221; text_font_size_phone=&#8221;&#8221; text_font_size_last_edited=&#8221;on|desktop&#8221;]<\/p>\n<p>\neur\u00f3pai \u00e9s magyar szabadalmi \u00fcgyviv\u0151<br \/>partner<br \/>okl. koh\u00f3m\u00e9rn\u00f6k<\/p>\n<p>[\/et_pb_text][et_pb_divider divider_position=&#8221;center&#8221; divider_weight=&#8221;3&#8243; _builder_version=&#8221;3.21.1&#8243; max_width=&#8221;50px&#8221; module_alignment=&#8221;left&#8221; height=&#8221;0px&#8221; animation_style=&#8221;zoom&#8221; z_index_tablet=&#8221;500&#8243;][\/et_pb_divider][et_pb_text admin_label=&#8221;Le\u00edr\u00e1s&#8221; _builder_version=&#8221;3.27.4&#8243; text_orientation=&#8221;justified&#8221; z_index_tablet=&#8221;500&#8243;]<\/p>\n<p>Farkas Tam\u00e1s els\u0151sorban a g\u00e9p\u00e9szet, \u00e9p\u00edt\u0151- \u00e9s j\u00e1rm\u0171ipar, feldolgoz\u00f3ipar, f\u00e9mipar, \u00e9s a k\u00f6zleked\u00e9s-sz\u00e1ll\u00edt\u00e1s ter\u00fclet\u00e9n sz\u00fcletett tal\u00e1lm\u00e1nyokkal kapcsolatos oltalomszerz\u00e9s \u00e9s jog\u00e9rv\u00e9nyes\u00edt\u00e9s ter\u00fclet\u00e9n dolgozik. Sok\u00e9ves, t\u00f6bb mint 2000 \u00fcgyet fel\u00f6lel\u0151 tapasztalattal rendelkezik a szellemi tulajdonform\u00e1k, els\u0151sorban a szabadalom, a haszn\u00e1lati minta, \u00e9s a formatervez\u00e9si minta vil\u00e1g\u00e1ban.<\/p>\n<p>1998 \u00f3ta a DANUBIA Kft. munkat\u00e1rsa, 2002 \u00f3ta a t\u00e1rsas\u00e1g tagja.<\/p>\n<p>Tam\u00e1s fels\u0151fok\u00fa iparjogv\u00e9delmi k\u00e9pes\u00edt\u00e9s\u00e9t szerzett 2002-ben, \u00e9s ekkor tett sikeres szabadalmi \u00fcgyviv\u0151i vizsg\u00e1t is.<br \/>Alak\u00edt\u00e1stechnol\u00f3gus szakir\u00e1ny\u00fa koh\u00f3m\u00e9rn\u00f6ki diplom\u00e1j\u00e1t a miskolci Neh\u00e9zipari M\u0171szaki Egyetem Koh\u00f3m\u00e9rn\u00f6ki Kar\u00e1n, f\u00e9mtan-h\u0151kezel\u00e9s \u00e1gazaton 1985-ben szerezte meg.<\/p>\n<p><span style=\"color: #a6192e;\"><strong>Nyelvtud\u00e1s:<\/strong><\/span><br \/>angol, olasz, spanyol, n\u00e9met<\/p>\n<p>[\/et_pb_text][\/et_pb_column_inner][\/et_pb_row_inner][et_pb_row_inner column_structure=&#8221;1_2,1_2&#8243; admin_label=&#8221;Sor&#8221; _builder_version=&#8221;3.25&#8243;][et_pb_column_inner type=&#8221;1_2&#8243; saved_specialty_column_type=&#8221;3_4&#8243; _builder_version=&#8221;3.25&#8243; custom_padding=&#8221;|||&#8221; custom_padding__hover=&#8221;|||&#8221;][et_pb_text admin_label=&#8221;Szakmai tags\u00e1gok&#8221; _builder_version=&#8221;3.27.4&#8243; text_font=&#8221;Raleway|700|||||||&#8221; text_text_color=&#8221;#a6192e&#8221; z_index_tablet=&#8221;500&#8243;]<\/p>\n<p>Szakmai tags\u00e1gok<\/p>\n<p>[\/et_pb_text][et_pb_text admin_label=&#8221;Szakmai tags\u00e1gok felsorol\u00e1s&#8221; _builder_version=&#8221;3.27.4&#8243; z_index_tablet=&#8221;500&#8243;]<\/p>\n<p>\n<span style=\"color: #a6192e;\">\u00bb<\/span> Magyar Szabadalmi \u00dcgyviv\u0151i Kamara<br \/><span style=\"color: #a6192e;\">\u00bb<\/span> Magyar Iparjogv\u00e9delmi \u00e9s Szerz\u0151i Jogi Egyes\u00fclet (MIE)<br \/><span style=\"color: #a6192e;\">\u00bb<\/span> Licensing Executives Society International (LESI) Magyar Csoportja<br \/><span style=\"color: #a6192e;\">\u00bb<\/span> Institute of Professional Representatives before the European Patent Office \u2013 EPI<\/p>\n<p>[\/et_pb_text][\/et_pb_column_inner][et_pb_column_inner type=&#8221;1_2&#8243; saved_specialty_column_type=&#8221;3_4&#8243; _builder_version=&#8221;3.25&#8243; custom_padding=&#8221;|||&#8221; custom_padding__hover=&#8221;|||&#8221;][et_pb_text admin_label=&#8221;F\u0151bb szakter\u00fcletek&#8221; _builder_version=&#8221;3.27.4&#8243; text_font=&#8221;Raleway|700|||||||&#8221; text_text_color=&#8221;#a6192e&#8221; z_index_tablet=&#8221;500&#8243;]<\/p>\n<p>F\u0151bb szakter\u00fcletek<\/p>\n<p>[\/et_pb_text][et_pb_text admin_label=&#8221;F\u0151bb szakter\u00fcletek felsorol\u00e1s&#8221; _builder_version=&#8221;3.27.4&#8243; z_index_tablet=&#8221;500&#8243;]<\/p>\n<p>\n<span style=\"color: #a6192e;\">\u00bb<\/span> mez\u0151gazdas\u00e1g; \u00e9lelmiszerek; eg\u00e9szs\u00e9g; sz\u00f3rakoztat\u00e1s; hidraulika; pneumatika; anyagok sz\u00e9tv\u00e1laszt\u00e1sa,tiszt\u00edt\u00e1sa; hullad\u00e9kok \u00e1ramtalan\u00edt\u00e1sa; alak\u00edt\u00e1stechnol\u00f3gia; kemenc\u00e9k; h\u0151cser\u00e9l\u00e9s; f\u00e9mfeldolgoz\u00e1s; koh\u00e1szat; \u00f6nt\u00e9szet; porkoh\u00e1szat; szersz\u00e1mok; szersz\u00e1mg\u00e9pek; anyagmegmunk\u00e1l\u00e1s; pap\u00edripar; nyomdaipar; sz\u00e1ll\u00edt\u00e1s; j\u00e1rm\u0171vek; vas\u00fat; haj\u00f3k; rep\u00fcl\u00e9s; csomagol\u00e1s; t\u00e1rol\u00e1s; emel\u00e9s; vontat\u00e1s; \u00fcvegipar; b\u00fatoripar; fel\u00fcletkezel\u00e9s; \u00e9p\u00edt\u0151ipar; energetika; cementipar; energiatermel\u00e9s; b\u00e1ny\u00e1szat; g\u00e9pek vagy motorok; vil\u00e1g\u00edt\u00e1s; f\u0171t\u00e9s; fegyverek; l\u0151szerek; robbant\u00e1s; m\u00e9r\u00e9s; m\u0171szerek; szab\u00e1lyoz\u00e1stechnika; oktat\u00e1s; hangszerek; akusztika<\/p>\n<p>[\/et_pb_text][\/et_pb_column_inner][\/et_pb_row_inner][\/et_pb_column][\/et_pb_section]<\/p>\n","protected":false},"excerpt":{"rendered":"<p>(+36 1) 411-8725tfarkas@danubia.hu Farkas Tam\u00e1s eur\u00f3pai \u00e9s magyar szabadalmi \u00fcgyviv\u0151partnerokl. koh\u00f3m\u00e9rn\u00f6k Farkas Tam\u00e1s els\u0151sorban a g\u00e9p\u00e9szet, \u00e9p\u00edt\u0151- \u00e9s j\u00e1rm\u0171ipar, feldolgoz\u00f3ipar, f\u00e9mipar, \u00e9s a k\u00f6zleked\u00e9s-sz\u00e1ll\u00edt\u00e1s ter\u00fclet\u00e9n sz\u00fcletett tal\u00e1lm\u00e1nyokkal kapcsolatos oltalomszerz\u00e9s \u00e9s jog\u00e9rv\u00e9nyes\u00edt\u00e9s ter\u00fclet\u00e9n dolgozik. Sok\u00e9ves, t\u00f6bb mint 2000 \u00fcgyet fel\u00f6lel\u0151 tapasztalattal rendelkezik a szellemi tulajdonform\u00e1k, els\u0151sorban a szabadalom, a haszn\u00e1lati minta, \u00e9s a formatervez\u00e9si minta vil\u00e1g\u00e1ban. [&hellip;]<\/p>\n","protected":false},"author":1,"featured_media":0,"parent":922,"menu_order":0,"comment_status":"closed","ping_status":"closed","template":"","meta":{"_et_pb_use_builder":"on","_et_pb_old_content":"","_et_gb_content_width":"","footnotes":""},"class_list":["post-1493","page","type-page","status-publish","hentry"],"yoast_head":"<!-- This site is optimized with the Yoast SEO plugin v27.3 - https:\/\/yoast.com\/product\/yoast-seo-wordpress\/ -->\n<title>Farkas Tam\u00e1s - DANUBIA Szabadalmi \u00e9s Jogi Iroda<\/title>\n<meta name=\"description\" content=\"Eur\u00f3pai \u00e9s magyar szabadalmi \u00fcgyviv\u0151. szabadalmi bejelent\u00e9s, oltalomszerz\u00e9s, jog\u00e9rv\u00e9nyes\u00edt\u00e9s, szabadalmaztat\u00e1s, haszn\u00e1lati minta, formatervez\u00e9si minta.\" \/>\n<meta name=\"robots\" content=\"index, follow, max-snippet:-1, max-image-preview:large, max-video-preview:-1\" \/>\n<link rel=\"canonical\" href=\"https:\/\/www.danubia.com\/hu\/munkatarsaink\/farkas-tamas\/\" \/>\n<meta property=\"og:locale\" content=\"hu_HU\" \/>\n<meta property=\"og:type\" content=\"article\" \/>\n<meta property=\"og:title\" content=\"Farkas Tam\u00e1s - DANUBIA Szabadalmi \u00e9s Jogi Iroda\" \/>\n<meta property=\"og:description\" content=\"Eur\u00f3pai \u00e9s magyar szabadalmi \u00fcgyviv\u0151. szabadalmi bejelent\u00e9s, oltalomszerz\u00e9s, jog\u00e9rv\u00e9nyes\u00edt\u00e9s, szabadalmaztat\u00e1s, haszn\u00e1lati minta, formatervez\u00e9si minta.\" \/>\n<meta property=\"og:url\" content=\"https:\/\/www.danubia.com\/hu\/munkatarsaink\/farkas-tamas\/\" \/>\n<meta property=\"og:site_name\" content=\"Danubia\" \/>\n<meta property=\"article:modified_time\" content=\"2020-02-05T15:12:17+00:00\" \/>\n<meta property=\"og:image\" content=\"https:\/\/www.danubia.com\/wp-content\/uploads\/2019\/11\/Danubia-og-hu.jpg\" \/>\n\t<meta property=\"og:image:width\" content=\"1125\" \/>\n\t<meta property=\"og:image:height\" content=\"633\" \/>\n\t<meta property=\"og:image:type\" content=\"image\/jpeg\" \/>\n<meta name=\"twitter:card\" content=\"summary_large_image\" \/>\n<meta name=\"twitter:label1\" content=\"Becs\u00fclt olvas\u00e1si id\u0151\" \/>\n\t<meta name=\"twitter:data1\" content=\"4 perc\" \/>\n<script type=\"application\/ld+json\" class=\"yoast-schema-graph\">{\"@context\":\"https:\\\/\\\/schema.org\",\"@graph\":[{\"@type\":\"WebPage\",\"@id\":\"https:\\\/\\\/www.danubia.com\\\/hu\\\/munkatarsaink\\\/farkas-tamas\\\/\",\"url\":\"https:\\\/\\\/www.danubia.com\\\/hu\\\/munkatarsaink\\\/farkas-tamas\\\/\",\"name\":\"Farkas Tam\u00e1s - DANUBIA Szabadalmi \u00e9s Jogi Iroda\",\"isPartOf\":{\"@id\":\"https:\\\/\\\/www.danubia.com\\\/#website\"},\"datePublished\":\"2019-07-26T08:30:47+00:00\",\"dateModified\":\"2020-02-05T15:12:17+00:00\",\"description\":\"Eur\u00f3pai \u00e9s magyar szabadalmi \u00fcgyviv\u0151. szabadalmi bejelent\u00e9s, oltalomszerz\u00e9s, jog\u00e9rv\u00e9nyes\u00edt\u00e9s, szabadalmaztat\u00e1s, haszn\u00e1lati minta, formatervez\u00e9si minta.\",\"breadcrumb\":{\"@id\":\"https:\\\/\\\/www.danubia.com\\\/hu\\\/munkatarsaink\\\/farkas-tamas\\\/#breadcrumb\"},\"inLanguage\":\"hu\",\"potentialAction\":[{\"@type\":\"ReadAction\",\"target\":[\"https:\\\/\\\/www.danubia.com\\\/hu\\\/munkatarsaink\\\/farkas-tamas\\\/\"]}]},{\"@type\":\"BreadcrumbList\",\"@id\":\"https:\\\/\\\/www.danubia.com\\\/hu\\\/munkatarsaink\\\/farkas-tamas\\\/#breadcrumb\",\"itemListElement\":[{\"@type\":\"ListItem\",\"position\":1,\"name\":\"Home\",\"item\":\"https:\\\/\\\/www.danubia.com\\\/hu\\\/\"},{\"@type\":\"ListItem\",\"position\":2,\"name\":\"Munkat\u00e1rsaink\",\"item\":\"https:\\\/\\\/www.danubia.com\\\/hu\\\/munkatarsaink\\\/\"},{\"@type\":\"ListItem\",\"position\":3,\"name\":\"Farkas Tam\u00e1s\"}]},{\"@type\":\"WebSite\",\"@id\":\"https:\\\/\\\/www.danubia.com\\\/#website\",\"url\":\"https:\\\/\\\/www.danubia.com\\\/\",\"name\":\"Danubia\",\"description\":\"\",\"potentialAction\":[{\"@type\":\"SearchAction\",\"target\":{\"@type\":\"EntryPoint\",\"urlTemplate\":\"https:\\\/\\\/www.danubia.com\\\/?s={search_term_string}\"},\"query-input\":{\"@type\":\"PropertyValueSpecification\",\"valueRequired\":true,\"valueName\":\"search_term_string\"}}],\"inLanguage\":\"hu\"}]}<\/script>\n<!-- \/ Yoast SEO plugin. -->","yoast_head_json":{"title":"Farkas Tam\u00e1s - DANUBIA Szabadalmi \u00e9s Jogi Iroda","description":"Eur\u00f3pai \u00e9s magyar szabadalmi \u00fcgyviv\u0151. szabadalmi bejelent\u00e9s, oltalomszerz\u00e9s, jog\u00e9rv\u00e9nyes\u00edt\u00e9s, szabadalmaztat\u00e1s, haszn\u00e1lati minta, formatervez\u00e9si minta.","robots":{"index":"index","follow":"follow","max-snippet":"max-snippet:-1","max-image-preview":"max-image-preview:large","max-video-preview":"max-video-preview:-1"},"canonical":"https:\/\/www.danubia.com\/hu\/munkatarsaink\/farkas-tamas\/","og_locale":"hu_HU","og_type":"article","og_title":"Farkas Tam\u00e1s - DANUBIA Szabadalmi \u00e9s Jogi Iroda","og_description":"Eur\u00f3pai \u00e9s magyar szabadalmi \u00fcgyviv\u0151. szabadalmi bejelent\u00e9s, oltalomszerz\u00e9s, jog\u00e9rv\u00e9nyes\u00edt\u00e9s, szabadalmaztat\u00e1s, haszn\u00e1lati minta, formatervez\u00e9si minta.","og_url":"https:\/\/www.danubia.com\/hu\/munkatarsaink\/farkas-tamas\/","og_site_name":"Danubia","article_modified_time":"2020-02-05T15:12:17+00:00","og_image":[{"width":1125,"height":633,"url":"https:\/\/www.danubia.com\/wp-content\/uploads\/2019\/11\/Danubia-og-hu.jpg","type":"image\/jpeg"}],"twitter_card":"summary_large_image","twitter_misc":{"Becs\u00fclt olvas\u00e1si id\u0151":"4 perc"},"schema":{"@context":"https:\/\/schema.org","@graph":[{"@type":"WebPage","@id":"https:\/\/www.danubia.com\/hu\/munkatarsaink\/farkas-tamas\/","url":"https:\/\/www.danubia.com\/hu\/munkatarsaink\/farkas-tamas\/","name":"Farkas Tam\u00e1s - DANUBIA Szabadalmi \u00e9s Jogi Iroda","isPartOf":{"@id":"https:\/\/www.danubia.com\/#website"},"datePublished":"2019-07-26T08:30:47+00:00","dateModified":"2020-02-05T15:12:17+00:00","description":"Eur\u00f3pai \u00e9s magyar szabadalmi \u00fcgyviv\u0151. szabadalmi bejelent\u00e9s, oltalomszerz\u00e9s, jog\u00e9rv\u00e9nyes\u00edt\u00e9s, szabadalmaztat\u00e1s, haszn\u00e1lati minta, formatervez\u00e9si minta.","breadcrumb":{"@id":"https:\/\/www.danubia.com\/hu\/munkatarsaink\/farkas-tamas\/#breadcrumb"},"inLanguage":"hu","potentialAction":[{"@type":"ReadAction","target":["https:\/\/www.danubia.com\/hu\/munkatarsaink\/farkas-tamas\/"]}]},{"@type":"BreadcrumbList","@id":"https:\/\/www.danubia.com\/hu\/munkatarsaink\/farkas-tamas\/#breadcrumb","itemListElement":[{"@type":"ListItem","position":1,"name":"Home","item":"https:\/\/www.danubia.com\/hu\/"},{"@type":"ListItem","position":2,"name":"Munkat\u00e1rsaink","item":"https:\/\/www.danubia.com\/hu\/munkatarsaink\/"},{"@type":"ListItem","position":3,"name":"Farkas Tam\u00e1s"}]},{"@type":"WebSite","@id":"https:\/\/www.danubia.com\/#website","url":"https:\/\/www.danubia.com\/","name":"Danubia","description":"","potentialAction":[{"@type":"SearchAction","target":{"@type":"EntryPoint","urlTemplate":"https:\/\/www.danubia.com\/?s={search_term_string}"},"query-input":{"@type":"PropertyValueSpecification","valueRequired":true,"valueName":"search_term_string"}}],"inLanguage":"hu"}]}},"_links":{"self":[{"href":"https:\/\/www.danubia.com\/hu\/wp-json\/wp\/v2\/pages\/1493","targetHints":{"allow":["GET"]}}],"collection":[{"href":"https:\/\/www.danubia.com\/hu\/wp-json\/wp\/v2\/pages"}],"about":[{"href":"https:\/\/www.danubia.com\/hu\/wp-json\/wp\/v2\/types\/page"}],"author":[{"embeddable":true,"href":"https:\/\/www.danubia.com\/hu\/wp-json\/wp\/v2\/users\/1"}],"replies":[{"embeddable":true,"href":"https:\/\/www.danubia.com\/hu\/wp-json\/wp\/v2\/comments?post=1493"}],"version-history":[{"count":6,"href":"https:\/\/www.danubia.com\/hu\/wp-json\/wp\/v2\/pages\/1493\/revisions"}],"predecessor-version":[{"id":3698,"href":"https:\/\/www.danubia.com\/hu\/wp-json\/wp\/v2\/pages\/1493\/revisions\/3698"}],"up":[{"embeddable":true,"href":"https:\/\/www.danubia.com\/hu\/wp-json\/wp\/v2\/pages\/922"}],"wp:attachment":[{"href":"https:\/\/www.danubia.com\/hu\/wp-json\/wp\/v2\/media?parent=1493"}],"curies":[{"name":"wp","href":"https:\/\/api.w.org\/{rel}","templated":true}]}}