{"id":1498,"date":"2019-07-26T08:32:54","date_gmt":"2019-07-26T08:32:54","guid":{"rendered":"https:\/\/www.danubia.com\/?page_id=1498"},"modified":"2020-02-05T15:20:03","modified_gmt":"2020-02-05T15:20:03","slug":"sipos-jozsef","status":"publish","type":"page","link":"https:\/\/www.danubia.com\/hu\/munkatarsaink\/sipos-jozsef\/","title":{"rendered":"Sipos J\u00f3zsef"},"content":{"rendered":"<p>[et_pb_section fb_built=&#8221;1&#8243; specialty=&#8221;on&#8221; _builder_version=&#8221;3.22&#8243; inner_max_width=&#8221;none&#8221;][et_pb_column type=&#8221;1_4&#8243; _builder_version=&#8221;3.25&#8243; custom_padding=&#8221;|||&#8221; custom_padding__hover=&#8221;|||&#8221;][et_pb_image src=&#8221;https:\/\/www.danubia.com\/wp-content\/uploads\/2019\/06\/Sipos-Jozsef.jpg&#8221; align_tablet=&#8221;center&#8221; align_phone=&#8221;&#8221; align_last_edited=&#8221;on|desktop&#8221; _builder_version=&#8221;3.23&#8243; custom_margin=&#8221;||0px|&#8221; custom_padding=&#8221;||15px|&#8221; animation_style=&#8221;fade&#8221; z_index_tablet=&#8221;500&#8243;][\/et_pb_image][et_pb_text _builder_version=&#8221;3.27.4&#8243; text_font_size=&#8221;14px&#8221; custom_margin=&#8221;||0px|&#8221; custom_padding=&#8221;||15px|&#8221; z_index_tablet=&#8221;500&#8243;]<\/p>\n<p><strong>(+36 1) 411-8836<\/strong><br \/><strong><a href=\"mailto:sijo@danubia.hu\">sijo@danubia.hu<\/a><\/strong><\/p>\n<p>[\/et_pb_text][et_pb_image src=&#8221;https:\/\/www.danubia.com\/wp-content\/uploads\/2020\/01\/LinkedIn-logo.png&#8221; url=&#8221;https:\/\/www.linkedin.com\/in\/sipos-j%C3%B3zsef-b0713314\/&#8221; url_new_window=&#8221;on&#8221; admin_label=&#8221;LinkedIn&#8221; _builder_version=&#8221;4.0.4&#8243; max_width=&#8221;30px&#8221; module_alignment=&#8221;left&#8221;][\/et_pb_image][\/et_pb_column][et_pb_column type=&#8221;3_4&#8243; specialty_columns=&#8221;3&#8243; _builder_version=&#8221;3.25&#8243; custom_padding=&#8221;|||&#8221; custom_padding__hover=&#8221;|||&#8221;][et_pb_row_inner admin_label=&#8221;Sor&#8221; _builder_version=&#8221;3.25&#8243;][et_pb_column_inner saved_specialty_column_type=&#8221;3_4&#8243; _builder_version=&#8221;3.25&#8243; custom_padding=&#8221;|||&#8221; custom_padding__hover=&#8221;|||&#8221;][et_pb_text admin_label=&#8221;N\u00e9v&#8221; _builder_version=&#8221;3.27.4&#8243; text_font=&#8221;Raleway|700||on|||||&#8221; text_text_color=&#8221;#a6192e&#8221; text_font_size=&#8221;36px&#8221; header_font=&#8221;Raleway|700||on|||||&#8221; header_text_align=&#8221;center&#8221; header_text_color=&#8221;#ffffff&#8221; header_font_size=&#8221;50px&#8221; header_line_height=&#8221;1.4em&#8221; custom_margin=&#8221;||0px|&#8221; custom_padding=&#8221;||15px|&#8221; z_index_tablet=&#8221;500&#8243; text_font_size_tablet=&#8221;30px&#8221; text_font_size_phone=&#8221;22px&#8221; text_font_size_last_edited=&#8221;on|desktop&#8221; header_font_size_tablet=&#8221;30px&#8221; header_font_size_phone=&#8221;22px&#8221; header_font_size_last_edited=&#8221;on|desktop&#8221;]<\/p>\n<p>\nSipos J\u00f3zsef<\/p>\n<p>[\/et_pb_text][et_pb_text admin_label=&#8221;poz\u00edci\u00f3&#8221; _builder_version=&#8221;3.27.4&#8243; text_font=&#8221;Raleway|700|||||||&#8221; text_text_color=&#8221;#63666a&#8221; text_font_size=&#8221;18px&#8221; custom_margin=&#8221;||0px|&#8221; custom_padding=&#8221;||10px|&#8221; z_index_tablet=&#8221;500&#8243; text_font_size_tablet=&#8221;20px&#8221; text_font_size_phone=&#8221;&#8221; text_font_size_last_edited=&#8221;on|desktop&#8221;]eur\u00f3pai \u00e9s magyar szabadalmi \u00fcgyviv\u0151<br \/>\npartner<br \/>\nokl. g\u00e9p\u00e9szm\u00e9rn\u00f6k<br \/>\n[\/et_pb_text][et_pb_divider divider_position=&#8221;center&#8221; divider_weight=&#8221;3&#8243; _builder_version=&#8221;3.21.1&#8243; max_width=&#8221;50px&#8221; module_alignment=&#8221;left&#8221; height=&#8221;0px&#8221; animation_style=&#8221;zoom&#8221; z_index_tablet=&#8221;500&#8243;][\/et_pb_divider][et_pb_text admin_label=&#8221;Le\u00edr\u00e1s&#8221; _builder_version=&#8221;3.27.4&#8243; text_orientation=&#8221;justified&#8221; z_index_tablet=&#8221;500&#8243;]<\/p>\n<p>Sipos J\u00f3zsef a Danubia Szabadalmi \u00e9s V\u00e9djegy Irod\u00e1hoz ker\u00fclve \u00e9s a sz\u00fcks\u00e9ges tov\u00e1bbk\u00e9pz\u00e9sek elv\u00e9gz\u00e9se ut\u00e1n jelent\u0151s tapasztalatra tett szert a g\u00e9p\u00e9szeti t\u00e1rgy\u00fa magyar szabadalmi bejelent\u00e9sek kidolgoz\u00e1s\u00e1ban \u00e9s ezeknek a Magyar Szabadalmi Hivatal el\u0151tti k\u00e9pviselet\u00e9ben \u00e9s megv\u00e9d\u00e9s\u00e9ben, illetve a k\u00fclf\u00f6ldi eredet\u0171 szabadalmi bejelent\u00e9sek magyarorsz\u00e1gi szabadalmaztat\u00e1s\u00e1ban, tov\u00e1bb\u00e1 nyelvismereteire t\u00e1maszkodva magyar tal\u00e1lm\u00e1nyok k\u00fclf\u00f6ldi szabadalmaztat\u00e1s\u00e1ban.<\/p>\n<p>1977 szeptembere \u00f3ta a Danubia Szabadalmi \u00e9s V\u00e9djegy Iroda, illetve a Danubia Szabadalmi \u00e9s Jogi Iroda Kft munkat\u00e1rsa, ahol a megfelel\u0151 tov\u00e1bbk\u00e9pz\u00e9sek elv\u00e9gz\u00e9se ut\u00e1n 1981-ben szabadalmi \u00fcgyviv\u0151i min\u0151s\u00edt\u00e9st szerzett, \u00e9s az\u00f3ta folyamatosan szabadalmi \u00fcgyviv\u0151k\u00e9nt dolgozik, 2011 \u00f3ta m\u00e1r nyugd\u00edjask\u00e9nt.<br \/>J\u00f3zsef az egyetem elv\u00e9gz\u00e9se ut\u00e1n 1974 szeptember\u00e9t\u0151l h\u00e1rom \u00e9vig a Prometheus T\u00fczel\u00e9stechnikai V\u00e1llalat g\u00e1z\u00e9g\u0151-szerviz\u00e9ben, majd pedig l\u00e9gz\u00e9stechnikai r\u00e9szleg\u00e9n\u00e9l dolgozott.<\/p>\n<p>J\u00f3zsef fels\u0151fok\u00fa tanulm\u00e1nyait \u00e1llami \u00f6szt\u00f6nd\u00edjask\u00e9nt a Freibergi B\u00e1ny\u00e1szati Akad\u00e9mi\u00e1n (Bergakademie Freiberg), N\u00e9metorsz\u00e1gban v\u00e9gezte, ahol 1974-ben kalorikus m\u00e9rn\u00f6kk\u00e9nt diplom\u00e1zott, sz\u0171kebb szakter\u00fclete a g\u00e1z- \u00e9s olajt\u00fczel\u00e9s volt.<\/p>\n<p>Sipos J\u00f3zsef 2007-ben Jedlik \u00c1nyos-d\u00edjat kapott.<\/p>\n<p><span style=\"color: #a6192e;\"><strong>Nyelvtud\u00e1s:<\/strong><\/span><br \/>n\u00e9met, francia, angol<\/p>\n<p>[\/et_pb_text][\/et_pb_column_inner][\/et_pb_row_inner][et_pb_row_inner column_structure=&#8221;1_2,1_2&#8243; admin_label=&#8221;Sor&#8221; _builder_version=&#8221;3.25&#8243;][et_pb_column_inner type=&#8221;1_2&#8243; saved_specialty_column_type=&#8221;3_4&#8243; _builder_version=&#8221;3.25&#8243; custom_padding=&#8221;|||&#8221; custom_padding__hover=&#8221;|||&#8221;][et_pb_text admin_label=&#8221;Szakmai tags\u00e1gok&#8221; _builder_version=&#8221;3.27.4&#8243; text_font=&#8221;Raleway|700|||||||&#8221; text_text_color=&#8221;#a6192e&#8221; z_index_tablet=&#8221;500&#8243;]<\/p>\n<p>Szakmai tags\u00e1gok<\/p>\n<p>[\/et_pb_text][et_pb_text admin_label=&#8221;Szakmai tags\u00e1gok felsorol\u00e1s&#8221; _builder_version=&#8221;3.27.4&#8243; z_index_tablet=&#8221;500&#8243;]<span style=\"color: #a6192e;\">\u00bb<\/span> Magyar Szabadalmi \u00dcgyviv\u0151i Kamara<br \/>\n<span style=\"color: #a6192e;\">\u00bb<\/span> Magyar Iparjogv\u00e9delmi \u00e9s Szerz\u0151i Jogi Egyes\u00fclet (MIE)<br \/>\n[\/et_pb_text][\/et_pb_column_inner][et_pb_column_inner type=&#8221;1_2&#8243; saved_specialty_column_type=&#8221;3_4&#8243; _builder_version=&#8221;3.25&#8243; custom_padding=&#8221;|||&#8221; custom_padding__hover=&#8221;|||&#8221;][et_pb_text admin_label=&#8221;F\u0151bb szakter\u00fcletek&#8221; _builder_version=&#8221;3.27.4&#8243; text_font=&#8221;Raleway|700|||||||&#8221; text_text_color=&#8221;#a6192e&#8221; z_index_tablet=&#8221;500&#8243;]<\/p>\n<p>F\u0151bb szakter\u00fcletek<\/p>\n<p>[\/et_pb_text][et_pb_text admin_label=&#8221;F\u0151bb szakter\u00fcletek felsorol\u00e1s&#8221; _builder_version=&#8221;3.27.4&#8243; z_index_tablet=&#8221;500&#8243;]<span style=\"color: #a6192e;\">\u00bb<\/span> G\u00e1z- \u00e9s olajt\u00fczel\u00e9s, h\u0151er\u0151g\u00e9pek, b\u00e1ny\u00e1szati berendez\u00e9sek, mez\u0151gazdas\u00e1gi g\u00e9pek, \u00e9p\u00edt\u0151ipari eszk\u00f6z\u00f6k \u00e9s berendez\u00e9sek, \u00e1ltal\u00e1nos g\u00e9p\u00e9szet, vas\u00fattechnika, koh\u00e1szat, f\u00e9mfeldolgoz\u00e1s, biztons\u00e1gtechnika<br \/>\n[\/et_pb_text][\/et_pb_column_inner][\/et_pb_row_inner][\/et_pb_column][\/et_pb_section]<\/p>\n","protected":false},"excerpt":{"rendered":"<p>(+36 1) 411-8836sijo@danubia.hu Sipos J\u00f3zsef eur\u00f3pai \u00e9s magyar szabadalmi \u00fcgyviv\u0151 partner okl. g\u00e9p\u00e9szm\u00e9rn\u00f6k Sipos J\u00f3zsef a Danubia Szabadalmi \u00e9s V\u00e9djegy Irod\u00e1hoz ker\u00fclve \u00e9s a sz\u00fcks\u00e9ges tov\u00e1bbk\u00e9pz\u00e9sek elv\u00e9gz\u00e9se ut\u00e1n jelent\u0151s tapasztalatra tett szert a g\u00e9p\u00e9szeti t\u00e1rgy\u00fa magyar szabadalmi bejelent\u00e9sek kidolgoz\u00e1s\u00e1ban \u00e9s ezeknek a Magyar Szabadalmi Hivatal el\u0151tti k\u00e9pviselet\u00e9ben \u00e9s megv\u00e9d\u00e9s\u00e9ben, illetve a k\u00fclf\u00f6ldi eredet\u0171 szabadalmi bejelent\u00e9sek [&hellip;]<\/p>\n","protected":false},"author":1,"featured_media":0,"parent":922,"menu_order":0,"comment_status":"closed","ping_status":"closed","template":"","meta":{"_et_pb_use_builder":"on","_et_pb_old_content":"","_et_gb_content_width":"","footnotes":""},"class_list":["post-1498","page","type-page","status-publish","hentry"],"yoast_head":"<!-- This site is optimized with the Yoast SEO plugin v27.3 - https:\/\/yoast.com\/product\/yoast-seo-wordpress\/ -->\n<title>Sipos J\u00f3zsef - DANUBIA Szabadalmi \u00e9s Jogi Iroda<\/title>\n<meta name=\"description\" content=\"Eur\u00f3pai \u00e9s magyar szabadalmi \u00fcgyviv\u0151. Szabadalmi bejelent\u00e9s, magyarorsz\u00e1gi szabadalmaztat\u00e1s, magyar tal\u00e1lm\u00e1nyok k\u00fclf\u00f6ldi szabadalmaztat\u00e1sa, szabadalmi oltalom\" \/>\n<meta name=\"robots\" content=\"index, follow, max-snippet:-1, max-image-preview:large, max-video-preview:-1\" \/>\n<link rel=\"canonical\" href=\"https:\/\/www.danubia.com\/hu\/munkatarsaink\/sipos-jozsef\/\" \/>\n<meta property=\"og:locale\" content=\"hu_HU\" \/>\n<meta property=\"og:type\" content=\"article\" \/>\n<meta property=\"og:title\" content=\"Sipos J\u00f3zsef - DANUBIA Szabadalmi \u00e9s Jogi Iroda\" \/>\n<meta property=\"og:description\" content=\"Eur\u00f3pai \u00e9s magyar szabadalmi \u00fcgyviv\u0151. Szabadalmi bejelent\u00e9s, magyarorsz\u00e1gi szabadalmaztat\u00e1s, magyar tal\u00e1lm\u00e1nyok k\u00fclf\u00f6ldi szabadalmaztat\u00e1sa, szabadalmi oltalom\" \/>\n<meta property=\"og:url\" content=\"https:\/\/www.danubia.com\/hu\/munkatarsaink\/sipos-jozsef\/\" \/>\n<meta property=\"og:site_name\" content=\"Danubia\" \/>\n<meta property=\"article:modified_time\" content=\"2020-02-05T15:20:03+00:00\" \/>\n<meta property=\"og:image\" content=\"https:\/\/www.danubia.com\/wp-content\/uploads\/2019\/11\/Danubia-og-hu.jpg\" \/>\n\t<meta property=\"og:image:width\" content=\"1125\" \/>\n\t<meta property=\"og:image:height\" content=\"633\" \/>\n\t<meta property=\"og:image:type\" content=\"image\/jpeg\" \/>\n<meta name=\"twitter:card\" content=\"summary_large_image\" \/>\n<meta name=\"twitter:label1\" content=\"Becs\u00fclt olvas\u00e1si id\u0151\" \/>\n\t<meta name=\"twitter:data1\" content=\"4 perc\" \/>\n<script type=\"application\/ld+json\" class=\"yoast-schema-graph\">{\"@context\":\"https:\\\/\\\/schema.org\",\"@graph\":[{\"@type\":\"WebPage\",\"@id\":\"https:\\\/\\\/www.danubia.com\\\/hu\\\/munkatarsaink\\\/sipos-jozsef\\\/\",\"url\":\"https:\\\/\\\/www.danubia.com\\\/hu\\\/munkatarsaink\\\/sipos-jozsef\\\/\",\"name\":\"Sipos J\u00f3zsef - DANUBIA Szabadalmi \u00e9s Jogi Iroda\",\"isPartOf\":{\"@id\":\"https:\\\/\\\/www.danubia.com\\\/#website\"},\"datePublished\":\"2019-07-26T08:32:54+00:00\",\"dateModified\":\"2020-02-05T15:20:03+00:00\",\"description\":\"Eur\u00f3pai \u00e9s magyar szabadalmi \u00fcgyviv\u0151. Szabadalmi bejelent\u00e9s, magyarorsz\u00e1gi szabadalmaztat\u00e1s, magyar tal\u00e1lm\u00e1nyok k\u00fclf\u00f6ldi szabadalmaztat\u00e1sa, szabadalmi oltalom\",\"breadcrumb\":{\"@id\":\"https:\\\/\\\/www.danubia.com\\\/hu\\\/munkatarsaink\\\/sipos-jozsef\\\/#breadcrumb\"},\"inLanguage\":\"hu\",\"potentialAction\":[{\"@type\":\"ReadAction\",\"target\":[\"https:\\\/\\\/www.danubia.com\\\/hu\\\/munkatarsaink\\\/sipos-jozsef\\\/\"]}]},{\"@type\":\"BreadcrumbList\",\"@id\":\"https:\\\/\\\/www.danubia.com\\\/hu\\\/munkatarsaink\\\/sipos-jozsef\\\/#breadcrumb\",\"itemListElement\":[{\"@type\":\"ListItem\",\"position\":1,\"name\":\"Home\",\"item\":\"https:\\\/\\\/www.danubia.com\\\/hu\\\/\"},{\"@type\":\"ListItem\",\"position\":2,\"name\":\"Munkat\u00e1rsaink\",\"item\":\"https:\\\/\\\/www.danubia.com\\\/hu\\\/munkatarsaink\\\/\"},{\"@type\":\"ListItem\",\"position\":3,\"name\":\"Sipos J\u00f3zsef\"}]},{\"@type\":\"WebSite\",\"@id\":\"https:\\\/\\\/www.danubia.com\\\/#website\",\"url\":\"https:\\\/\\\/www.danubia.com\\\/\",\"name\":\"Danubia\",\"description\":\"\",\"potentialAction\":[{\"@type\":\"SearchAction\",\"target\":{\"@type\":\"EntryPoint\",\"urlTemplate\":\"https:\\\/\\\/www.danubia.com\\\/?s={search_term_string}\"},\"query-input\":{\"@type\":\"PropertyValueSpecification\",\"valueRequired\":true,\"valueName\":\"search_term_string\"}}],\"inLanguage\":\"hu\"}]}<\/script>\n<!-- \/ Yoast SEO plugin. -->","yoast_head_json":{"title":"Sipos J\u00f3zsef - DANUBIA Szabadalmi \u00e9s Jogi Iroda","description":"Eur\u00f3pai \u00e9s magyar szabadalmi \u00fcgyviv\u0151. Szabadalmi bejelent\u00e9s, magyarorsz\u00e1gi szabadalmaztat\u00e1s, magyar tal\u00e1lm\u00e1nyok k\u00fclf\u00f6ldi szabadalmaztat\u00e1sa, szabadalmi oltalom","robots":{"index":"index","follow":"follow","max-snippet":"max-snippet:-1","max-image-preview":"max-image-preview:large","max-video-preview":"max-video-preview:-1"},"canonical":"https:\/\/www.danubia.com\/hu\/munkatarsaink\/sipos-jozsef\/","og_locale":"hu_HU","og_type":"article","og_title":"Sipos J\u00f3zsef - DANUBIA Szabadalmi \u00e9s Jogi Iroda","og_description":"Eur\u00f3pai \u00e9s magyar szabadalmi \u00fcgyviv\u0151. Szabadalmi bejelent\u00e9s, magyarorsz\u00e1gi szabadalmaztat\u00e1s, magyar tal\u00e1lm\u00e1nyok k\u00fclf\u00f6ldi szabadalmaztat\u00e1sa, szabadalmi oltalom","og_url":"https:\/\/www.danubia.com\/hu\/munkatarsaink\/sipos-jozsef\/","og_site_name":"Danubia","article_modified_time":"2020-02-05T15:20:03+00:00","og_image":[{"width":1125,"height":633,"url":"https:\/\/www.danubia.com\/wp-content\/uploads\/2019\/11\/Danubia-og-hu.jpg","type":"image\/jpeg"}],"twitter_card":"summary_large_image","twitter_misc":{"Becs\u00fclt olvas\u00e1si id\u0151":"4 perc"},"schema":{"@context":"https:\/\/schema.org","@graph":[{"@type":"WebPage","@id":"https:\/\/www.danubia.com\/hu\/munkatarsaink\/sipos-jozsef\/","url":"https:\/\/www.danubia.com\/hu\/munkatarsaink\/sipos-jozsef\/","name":"Sipos J\u00f3zsef - DANUBIA Szabadalmi \u00e9s Jogi Iroda","isPartOf":{"@id":"https:\/\/www.danubia.com\/#website"},"datePublished":"2019-07-26T08:32:54+00:00","dateModified":"2020-02-05T15:20:03+00:00","description":"Eur\u00f3pai \u00e9s magyar szabadalmi \u00fcgyviv\u0151. Szabadalmi bejelent\u00e9s, magyarorsz\u00e1gi szabadalmaztat\u00e1s, magyar tal\u00e1lm\u00e1nyok k\u00fclf\u00f6ldi szabadalmaztat\u00e1sa, szabadalmi oltalom","breadcrumb":{"@id":"https:\/\/www.danubia.com\/hu\/munkatarsaink\/sipos-jozsef\/#breadcrumb"},"inLanguage":"hu","potentialAction":[{"@type":"ReadAction","target":["https:\/\/www.danubia.com\/hu\/munkatarsaink\/sipos-jozsef\/"]}]},{"@type":"BreadcrumbList","@id":"https:\/\/www.danubia.com\/hu\/munkatarsaink\/sipos-jozsef\/#breadcrumb","itemListElement":[{"@type":"ListItem","position":1,"name":"Home","item":"https:\/\/www.danubia.com\/hu\/"},{"@type":"ListItem","position":2,"name":"Munkat\u00e1rsaink","item":"https:\/\/www.danubia.com\/hu\/munkatarsaink\/"},{"@type":"ListItem","position":3,"name":"Sipos J\u00f3zsef"}]},{"@type":"WebSite","@id":"https:\/\/www.danubia.com\/#website","url":"https:\/\/www.danubia.com\/","name":"Danubia","description":"","potentialAction":[{"@type":"SearchAction","target":{"@type":"EntryPoint","urlTemplate":"https:\/\/www.danubia.com\/?s={search_term_string}"},"query-input":{"@type":"PropertyValueSpecification","valueRequired":true,"valueName":"search_term_string"}}],"inLanguage":"hu"}]}},"_links":{"self":[{"href":"https:\/\/www.danubia.com\/hu\/wp-json\/wp\/v2\/pages\/1498","targetHints":{"allow":["GET"]}}],"collection":[{"href":"https:\/\/www.danubia.com\/hu\/wp-json\/wp\/v2\/pages"}],"about":[{"href":"https:\/\/www.danubia.com\/hu\/wp-json\/wp\/v2\/types\/page"}],"author":[{"embeddable":true,"href":"https:\/\/www.danubia.com\/hu\/wp-json\/wp\/v2\/users\/1"}],"replies":[{"embeddable":true,"href":"https:\/\/www.danubia.com\/hu\/wp-json\/wp\/v2\/comments?post=1498"}],"version-history":[{"count":6,"href":"https:\/\/www.danubia.com\/hu\/wp-json\/wp\/v2\/pages\/1498\/revisions"}],"predecessor-version":[{"id":3714,"href":"https:\/\/www.danubia.com\/hu\/wp-json\/wp\/v2\/pages\/1498\/revisions\/3714"}],"up":[{"embeddable":true,"href":"https:\/\/www.danubia.com\/hu\/wp-json\/wp\/v2\/pages\/922"}],"wp:attachment":[{"href":"https:\/\/www.danubia.com\/hu\/wp-json\/wp\/v2\/media?parent=1498"}],"curies":[{"name":"wp","href":"https:\/\/api.w.org\/{rel}","templated":true}]}}