{"id":1529,"date":"2019-07-26T08:45:14","date_gmt":"2019-07-26T08:45:14","guid":{"rendered":"https:\/\/www.danubia.com\/?page_id=1529"},"modified":"2020-02-05T15:16:19","modified_gmt":"2020-02-05T15:16:19","slug":"legendine-beki-zsuzsanna","status":"publish","type":"page","link":"https:\/\/www.danubia.com\/hu\/munkatarsaink\/legendine-beki-zsuzsanna\/","title":{"rendered":"Leg\u00e9ndin\u00e9 B\u00e9ki Zsuzsanna"},"content":{"rendered":"<p>[et_pb_section fb_built=&#8221;1&#8243; specialty=&#8221;on&#8221; _builder_version=&#8221;3.22&#8243; inner_max_width=&#8221;none&#8221;][et_pb_column type=&#8221;1_4&#8243; _builder_version=&#8221;3.25&#8243; custom_padding=&#8221;|||&#8221; custom_padding__hover=&#8221;|||&#8221;][et_pb_image src=&#8221;https:\/\/www.danubia.com\/wp-content\/uploads\/2019\/06\/Legendine-Beki-Zsuzsanna.jpg&#8221; align_tablet=&#8221;center&#8221; align_phone=&#8221;&#8221; align_last_edited=&#8221;on|desktop&#8221; _builder_version=&#8221;3.23&#8243; custom_margin=&#8221;||0px|&#8221; custom_padding=&#8221;||15px|&#8221; animation_style=&#8221;fade&#8221; z_index_tablet=&#8221;500&#8243;][\/et_pb_image][et_pb_text _builder_version=&#8221;3.27.4&#8243; text_font_size=&#8221;14px&#8221; custom_margin=&#8221;||0px|&#8221; custom_padding=&#8221;||15px|&#8221; z_index_tablet=&#8221;500&#8243;]<\/p>\n<p><strong>(+36 1) 411-8829<\/strong><br \/><strong><a href=\"mailto:beki@danubia.hu\">beki@danubia.hu<\/a><\/strong><\/p>\n<p>[\/et_pb_text][et_pb_image src=&#8221;https:\/\/www.danubia.com\/wp-content\/uploads\/2020\/01\/LinkedIn-logo.png&#8221; url=&#8221;https:\/\/www.linkedin.com\/in\/zsuzsanna-leg%C3%A9ndin%C3%A9-6b745b14\/&#8221; url_new_window=&#8221;on&#8221; admin_label=&#8221;LinkedIn&#8221; _builder_version=&#8221;4.0.4&#8243; max_width=&#8221;30px&#8221; module_alignment=&#8221;left&#8221;][\/et_pb_image][\/et_pb_column][et_pb_column type=&#8221;3_4&#8243; specialty_columns=&#8221;3&#8243; _builder_version=&#8221;3.25&#8243; custom_padding=&#8221;|||&#8221; custom_padding__hover=&#8221;|||&#8221;][et_pb_row_inner admin_label=&#8221;Sor&#8221; _builder_version=&#8221;3.25&#8243;][et_pb_column_inner saved_specialty_column_type=&#8221;3_4&#8243; _builder_version=&#8221;3.25&#8243; custom_padding=&#8221;|||&#8221; custom_padding__hover=&#8221;|||&#8221;][et_pb_text admin_label=&#8221;N\u00e9v&#8221; _builder_version=&#8221;3.27.4&#8243; text_font=&#8221;Raleway|700||on|||||&#8221; text_text_color=&#8221;#a6192e&#8221; text_font_size=&#8221;36px&#8221; header_font=&#8221;Raleway|700||on|||||&#8221; header_text_align=&#8221;center&#8221; header_text_color=&#8221;#ffffff&#8221; header_font_size=&#8221;50px&#8221; header_line_height=&#8221;1.4em&#8221; custom_margin=&#8221;||0px|&#8221; custom_padding=&#8221;||15px|&#8221; z_index_tablet=&#8221;500&#8243; text_font_size_tablet=&#8221;30px&#8221; text_font_size_phone=&#8221;22px&#8221; text_font_size_last_edited=&#8221;on|desktop&#8221; header_font_size_tablet=&#8221;30px&#8221; header_font_size_phone=&#8221;22px&#8221; header_font_size_last_edited=&#8221;on|desktop&#8221;]<\/p>\n<p>\nLeg\u00e9ndin\u00e9 B\u00e9ki Zsuzsanna<\/p>\n<p>[\/et_pb_text][et_pb_text admin_label=&#8221;poz\u00edci\u00f3&#8221; _builder_version=&#8221;3.27.4&#8243; text_font=&#8221;Raleway|700|||||||&#8221; text_text_color=&#8221;#63666a&#8221; text_font_size=&#8221;18px&#8221; custom_margin=&#8221;||0px|&#8221; custom_padding=&#8221;||10px|&#8221; z_index_tablet=&#8221;500&#8243; text_font_size_tablet=&#8221;20px&#8221; text_font_size_phone=&#8221;&#8221; text_font_size_last_edited=&#8221;on|desktop&#8221;]<\/p>\n<p>\nszabadalmi \u00fcgyviteli oszt\u00e1ly, belf\u00f6ldi \u00e9vd\u00edjak\u00e9rt felel\u0151s \u00fcgyint\u00e9z\u0151<\/p>\n<p>[\/et_pb_text][et_pb_divider divider_position=&#8221;center&#8221; divider_weight=&#8221;3&#8243; _builder_version=&#8221;3.21.1&#8243; max_width=&#8221;50px&#8221; module_alignment=&#8221;left&#8221; height=&#8221;0px&#8221; animation_style=&#8221;zoom&#8221; z_index_tablet=&#8221;500&#8243;][\/et_pb_divider][et_pb_text admin_label=&#8221;Le\u00edr\u00e1s&#8221; _builder_version=&#8221;3.27.4&#8243; text_orientation=&#8221;justified&#8221; z_index_tablet=&#8221;500&#8243;]<\/p>\n<p>1986 \u00f3ta dolgozik a Danubia Szabadalmi \u00e9s Jogi Iroda Kft-n\u00e9l.<\/p>\n<p>2005-ben a Magyar Szabadalmi Hivatal \u00e1ltal szervezett tanfolyamon fels\u0151fok\u00fa iparjogv\u00e9delmi szakk\u00e9pes\u00edt\u00e9st kapott.<br \/>1986-ban k\u00f6zgazdas\u00e1gi szakk\u00f6z\u00e9piskolai \u00e9retts\u00e9git, majd 2002-ben Berzsenyi D\u00e1niel Tan\u00e1rk\u00e9pz\u0151 F\u0151iskol\u00e1n diplom\u00e1t szerzett.<\/p>\n<p><strong><span style=\"color: #a6192e;\">Nyelvtud\u00e1s:<\/span> <\/strong><br \/>angol<\/p>\n<p>[\/et_pb_text][\/et_pb_column_inner][\/et_pb_row_inner][\/et_pb_column][\/et_pb_section]<\/p>\n","protected":false},"excerpt":{"rendered":"<p>(+36 1) 411-8829beki@danubia.hu Leg\u00e9ndin\u00e9 B\u00e9ki Zsuzsanna szabadalmi \u00fcgyviteli oszt\u00e1ly, belf\u00f6ldi \u00e9vd\u00edjak\u00e9rt felel\u0151s \u00fcgyint\u00e9z\u0151 1986 \u00f3ta dolgozik a Danubia Szabadalmi \u00e9s Jogi Iroda Kft-n\u00e9l. 2005-ben a Magyar Szabadalmi Hivatal \u00e1ltal szervezett tanfolyamon fels\u0151fok\u00fa iparjogv\u00e9delmi szakk\u00e9pes\u00edt\u00e9st kapott.1986-ban k\u00f6zgazdas\u00e1gi szakk\u00f6z\u00e9piskolai \u00e9retts\u00e9git, majd 2002-ben Berzsenyi D\u00e1niel Tan\u00e1rk\u00e9pz\u0151 F\u0151iskol\u00e1n diplom\u00e1t szerzett. Nyelvtud\u00e1s: angol<\/p>\n","protected":false},"author":1,"featured_media":0,"parent":922,"menu_order":0,"comment_status":"closed","ping_status":"closed","template":"","meta":{"_et_pb_use_builder":"on","_et_pb_old_content":"","_et_gb_content_width":"","footnotes":""},"class_list":["post-1529","page","type-page","status-publish","hentry"],"yoast_head":"<!-- This site is optimized with the Yoast SEO plugin v27.3 - https:\/\/yoast.com\/product\/yoast-seo-wordpress\/ -->\n<title>Leg\u00e9ndin\u00e9 B\u00e9ki Zsuzsanna\u00a0- DANUBIA Szabadalmi \u00e9s Jogi Iroda<\/title>\n<meta name=\"description\" content=\"Szabadalmi \u00fcgyviteli oszt\u00e1ly, k\u00fclf\u00f6ldi \u00e9vd\u00edjak\u00e9rt felel\u0151s \u00fcgyint\u00e9z\u0151. Szabadalmaztat\u00e1s, szabadalmi oltalom, szabadalmi bejelent\u00e9s, iparjogv\u00e9delem.\" \/>\n<meta name=\"robots\" content=\"index, follow, max-snippet:-1, max-image-preview:large, max-video-preview:-1\" \/>\n<link rel=\"canonical\" href=\"https:\/\/www.danubia.com\/hu\/munkatarsaink\/legendine-beki-zsuzsanna\/\" \/>\n<meta property=\"og:locale\" content=\"hu_HU\" \/>\n<meta property=\"og:type\" content=\"article\" \/>\n<meta property=\"og:title\" content=\"Leg\u00e9ndin\u00e9 B\u00e9ki Zsuzsanna\u00a0- DANUBIA Szabadalmi \u00e9s Jogi Iroda\" \/>\n<meta property=\"og:description\" content=\"Szabadalmi \u00fcgyviteli oszt\u00e1ly, k\u00fclf\u00f6ldi \u00e9vd\u00edjak\u00e9rt felel\u0151s \u00fcgyint\u00e9z\u0151. Szabadalmaztat\u00e1s, szabadalmi oltalom, szabadalmi bejelent\u00e9s, iparjogv\u00e9delem.\" \/>\n<meta property=\"og:url\" content=\"https:\/\/www.danubia.com\/hu\/munkatarsaink\/legendine-beki-zsuzsanna\/\" \/>\n<meta property=\"og:site_name\" content=\"Danubia\" \/>\n<meta property=\"article:modified_time\" content=\"2020-02-05T15:16:19+00:00\" \/>\n<meta property=\"og:image\" content=\"https:\/\/www.danubia.com\/wp-content\/uploads\/2019\/11\/Danubia-og-hu.jpg\" \/>\n\t<meta property=\"og:image:width\" content=\"1125\" \/>\n\t<meta property=\"og:image:height\" content=\"633\" \/>\n\t<meta property=\"og:image:type\" content=\"image\/jpeg\" \/>\n<meta name=\"twitter:card\" content=\"summary_large_image\" \/>\n<meta name=\"twitter:label1\" content=\"Becs\u00fclt olvas\u00e1si id\u0151\" \/>\n\t<meta name=\"twitter:data1\" content=\"2 perc\" \/>\n<script type=\"application\/ld+json\" class=\"yoast-schema-graph\">{\"@context\":\"https:\\\/\\\/schema.org\",\"@graph\":[{\"@type\":\"WebPage\",\"@id\":\"https:\\\/\\\/www.danubia.com\\\/hu\\\/munkatarsaink\\\/legendine-beki-zsuzsanna\\\/\",\"url\":\"https:\\\/\\\/www.danubia.com\\\/hu\\\/munkatarsaink\\\/legendine-beki-zsuzsanna\\\/\",\"name\":\"Leg\u00e9ndin\u00e9 B\u00e9ki Zsuzsanna\u00a0- DANUBIA Szabadalmi \u00e9s Jogi Iroda\",\"isPartOf\":{\"@id\":\"https:\\\/\\\/www.danubia.com\\\/#website\"},\"datePublished\":\"2019-07-26T08:45:14+00:00\",\"dateModified\":\"2020-02-05T15:16:19+00:00\",\"description\":\"Szabadalmi \u00fcgyviteli oszt\u00e1ly, k\u00fclf\u00f6ldi \u00e9vd\u00edjak\u00e9rt felel\u0151s \u00fcgyint\u00e9z\u0151. Szabadalmaztat\u00e1s, szabadalmi oltalom, szabadalmi bejelent\u00e9s, iparjogv\u00e9delem.\",\"breadcrumb\":{\"@id\":\"https:\\\/\\\/www.danubia.com\\\/hu\\\/munkatarsaink\\\/legendine-beki-zsuzsanna\\\/#breadcrumb\"},\"inLanguage\":\"hu\",\"potentialAction\":[{\"@type\":\"ReadAction\",\"target\":[\"https:\\\/\\\/www.danubia.com\\\/hu\\\/munkatarsaink\\\/legendine-beki-zsuzsanna\\\/\"]}]},{\"@type\":\"BreadcrumbList\",\"@id\":\"https:\\\/\\\/www.danubia.com\\\/hu\\\/munkatarsaink\\\/legendine-beki-zsuzsanna\\\/#breadcrumb\",\"itemListElement\":[{\"@type\":\"ListItem\",\"position\":1,\"name\":\"Home\",\"item\":\"https:\\\/\\\/www.danubia.com\\\/hu\\\/\"},{\"@type\":\"ListItem\",\"position\":2,\"name\":\"Munkat\u00e1rsaink\",\"item\":\"https:\\\/\\\/www.danubia.com\\\/hu\\\/munkatarsaink\\\/\"},{\"@type\":\"ListItem\",\"position\":3,\"name\":\"Leg\u00e9ndin\u00e9 B\u00e9ki Zsuzsanna\"}]},{\"@type\":\"WebSite\",\"@id\":\"https:\\\/\\\/www.danubia.com\\\/#website\",\"url\":\"https:\\\/\\\/www.danubia.com\\\/\",\"name\":\"Danubia\",\"description\":\"\",\"potentialAction\":[{\"@type\":\"SearchAction\",\"target\":{\"@type\":\"EntryPoint\",\"urlTemplate\":\"https:\\\/\\\/www.danubia.com\\\/?s={search_term_string}\"},\"query-input\":{\"@type\":\"PropertyValueSpecification\",\"valueRequired\":true,\"valueName\":\"search_term_string\"}}],\"inLanguage\":\"hu\"}]}<\/script>\n<!-- \/ Yoast SEO plugin. -->","yoast_head_json":{"title":"Leg\u00e9ndin\u00e9 B\u00e9ki Zsuzsanna\u00a0- DANUBIA Szabadalmi \u00e9s Jogi Iroda","description":"Szabadalmi \u00fcgyviteli oszt\u00e1ly, k\u00fclf\u00f6ldi \u00e9vd\u00edjak\u00e9rt felel\u0151s \u00fcgyint\u00e9z\u0151. Szabadalmaztat\u00e1s, szabadalmi oltalom, szabadalmi bejelent\u00e9s, iparjogv\u00e9delem.","robots":{"index":"index","follow":"follow","max-snippet":"max-snippet:-1","max-image-preview":"max-image-preview:large","max-video-preview":"max-video-preview:-1"},"canonical":"https:\/\/www.danubia.com\/hu\/munkatarsaink\/legendine-beki-zsuzsanna\/","og_locale":"hu_HU","og_type":"article","og_title":"Leg\u00e9ndin\u00e9 B\u00e9ki Zsuzsanna\u00a0- DANUBIA Szabadalmi \u00e9s Jogi Iroda","og_description":"Szabadalmi \u00fcgyviteli oszt\u00e1ly, k\u00fclf\u00f6ldi \u00e9vd\u00edjak\u00e9rt felel\u0151s \u00fcgyint\u00e9z\u0151. Szabadalmaztat\u00e1s, szabadalmi oltalom, szabadalmi bejelent\u00e9s, iparjogv\u00e9delem.","og_url":"https:\/\/www.danubia.com\/hu\/munkatarsaink\/legendine-beki-zsuzsanna\/","og_site_name":"Danubia","article_modified_time":"2020-02-05T15:16:19+00:00","og_image":[{"width":1125,"height":633,"url":"https:\/\/www.danubia.com\/wp-content\/uploads\/2019\/11\/Danubia-og-hu.jpg","type":"image\/jpeg"}],"twitter_card":"summary_large_image","twitter_misc":{"Becs\u00fclt olvas\u00e1si id\u0151":"2 perc"},"schema":{"@context":"https:\/\/schema.org","@graph":[{"@type":"WebPage","@id":"https:\/\/www.danubia.com\/hu\/munkatarsaink\/legendine-beki-zsuzsanna\/","url":"https:\/\/www.danubia.com\/hu\/munkatarsaink\/legendine-beki-zsuzsanna\/","name":"Leg\u00e9ndin\u00e9 B\u00e9ki Zsuzsanna\u00a0- DANUBIA Szabadalmi \u00e9s Jogi Iroda","isPartOf":{"@id":"https:\/\/www.danubia.com\/#website"},"datePublished":"2019-07-26T08:45:14+00:00","dateModified":"2020-02-05T15:16:19+00:00","description":"Szabadalmi \u00fcgyviteli oszt\u00e1ly, k\u00fclf\u00f6ldi \u00e9vd\u00edjak\u00e9rt felel\u0151s \u00fcgyint\u00e9z\u0151. Szabadalmaztat\u00e1s, szabadalmi oltalom, szabadalmi bejelent\u00e9s, iparjogv\u00e9delem.","breadcrumb":{"@id":"https:\/\/www.danubia.com\/hu\/munkatarsaink\/legendine-beki-zsuzsanna\/#breadcrumb"},"inLanguage":"hu","potentialAction":[{"@type":"ReadAction","target":["https:\/\/www.danubia.com\/hu\/munkatarsaink\/legendine-beki-zsuzsanna\/"]}]},{"@type":"BreadcrumbList","@id":"https:\/\/www.danubia.com\/hu\/munkatarsaink\/legendine-beki-zsuzsanna\/#breadcrumb","itemListElement":[{"@type":"ListItem","position":1,"name":"Home","item":"https:\/\/www.danubia.com\/hu\/"},{"@type":"ListItem","position":2,"name":"Munkat\u00e1rsaink","item":"https:\/\/www.danubia.com\/hu\/munkatarsaink\/"},{"@type":"ListItem","position":3,"name":"Leg\u00e9ndin\u00e9 B\u00e9ki Zsuzsanna"}]},{"@type":"WebSite","@id":"https:\/\/www.danubia.com\/#website","url":"https:\/\/www.danubia.com\/","name":"Danubia","description":"","potentialAction":[{"@type":"SearchAction","target":{"@type":"EntryPoint","urlTemplate":"https:\/\/www.danubia.com\/?s={search_term_string}"},"query-input":{"@type":"PropertyValueSpecification","valueRequired":true,"valueName":"search_term_string"}}],"inLanguage":"hu"}]}},"_links":{"self":[{"href":"https:\/\/www.danubia.com\/hu\/wp-json\/wp\/v2\/pages\/1529","targetHints":{"allow":["GET"]}}],"collection":[{"href":"https:\/\/www.danubia.com\/hu\/wp-json\/wp\/v2\/pages"}],"about":[{"href":"https:\/\/www.danubia.com\/hu\/wp-json\/wp\/v2\/types\/page"}],"author":[{"embeddable":true,"href":"https:\/\/www.danubia.com\/hu\/wp-json\/wp\/v2\/users\/1"}],"replies":[{"embeddable":true,"href":"https:\/\/www.danubia.com\/hu\/wp-json\/wp\/v2\/comments?post=1529"}],"version-history":[{"count":6,"href":"https:\/\/www.danubia.com\/hu\/wp-json\/wp\/v2\/pages\/1529\/revisions"}],"predecessor-version":[{"id":3705,"href":"https:\/\/www.danubia.com\/hu\/wp-json\/wp\/v2\/pages\/1529\/revisions\/3705"}],"up":[{"embeddable":true,"href":"https:\/\/www.danubia.com\/hu\/wp-json\/wp\/v2\/pages\/922"}],"wp:attachment":[{"href":"https:\/\/www.danubia.com\/hu\/wp-json\/wp\/v2\/media?parent=1529"}],"curies":[{"name":"wp","href":"https:\/\/api.w.org\/{rel}","templated":true}]}}