{"id":1532,"date":"2019-07-26T08:46:16","date_gmt":"2019-07-26T08:46:16","guid":{"rendered":"https:\/\/www.danubia.com\/?page_id=1532"},"modified":"2025-06-03T09:57:53","modified_gmt":"2025-06-03T09:57:53","slug":"taczman-istvan","status":"publish","type":"page","link":"https:\/\/www.danubia.com\/hu\/munkatarsaink\/taczman-istvan\/","title":{"rendered":"Taczman Istv\u00e1n"},"content":{"rendered":"<p>[et_pb_section fb_built=&#8221;1&#8243; specialty=&#8221;on&#8221; _builder_version=&#8221;4.16&#8243; inner_max_width=&#8221;none&#8221; global_colors_info=&#8221;{}&#8221;][et_pb_column type=&#8221;1_4&#8243; _builder_version=&#8221;4.16&#8243; custom_padding=&#8221;|||&#8221; global_colors_info=&#8221;{}&#8221; custom_padding__hover=&#8221;|||&#8221;][et_pb_image src=&#8221;https:\/\/www.danubia.com\/wp-content\/uploads\/2019\/06\/Taczmann-Istvan.jpg&#8221; align_tablet=&#8221;center&#8221; align_phone=&#8221;&#8221; align_last_edited=&#8221;on|desktop&#8221; _builder_version=&#8221;4.16&#8243; custom_margin=&#8221;||0px|&#8221; custom_padding=&#8221;||15px|&#8221; animation_style=&#8221;fade&#8221; z_index_tablet=&#8221;500&#8243; global_colors_info=&#8221;{}&#8221;][\/et_pb_image][et_pb_text _builder_version=&#8221;4.16&#8243; text_font_size=&#8221;14px&#8221; custom_margin=&#8221;||0px|&#8221; custom_padding=&#8221;||15px|&#8221; z_index_tablet=&#8221;500&#8243; global_colors_info=&#8221;{}&#8221;]<\/p>\n<p><strong>(+36 1) 411-8746<\/strong><br \/><strong><a href=\"mailto:taczman@danubia.hu\">taczman@danubia.hu<\/a><\/strong><\/p>\n<p>[\/et_pb_text][et_pb_image src=&#8221;https:\/\/www.danubia.com\/wp-content\/uploads\/2020\/01\/LinkedIn-logo.png&#8221; url=&#8221;https:\/\/www.linkedin.com\/company\/danubia-patent-and-law-office-llc\/&#8221; url_new_window=&#8221;on&#8221; admin_label=&#8221;LinkedIn&#8221; _builder_version=&#8221;4.16&#8243; max_width=&#8221;30px&#8221; module_alignment=&#8221;left&#8221; global_colors_info=&#8221;{}&#8221;][\/et_pb_image][\/et_pb_column][et_pb_column type=&#8221;3_4&#8243; specialty_columns=&#8221;3&#8243; _builder_version=&#8221;4.16&#8243; custom_padding=&#8221;|||&#8221; global_colors_info=&#8221;{}&#8221; custom_padding__hover=&#8221;|||&#8221;][et_pb_row_inner admin_label=&#8221;Sor&#8221; _builder_version=&#8221;4.16&#8243; global_colors_info=&#8221;{}&#8221;][et_pb_column_inner saved_specialty_column_type=&#8221;3_4&#8243; _builder_version=&#8221;4.16&#8243; custom_padding=&#8221;|||&#8221; global_colors_info=&#8221;{}&#8221; custom_padding__hover=&#8221;|||&#8221;][et_pb_text admin_label=&#8221;N\u00e9v&#8221; _builder_version=&#8221;4.16&#8243; text_font=&#8221;Raleway|700||on|||||&#8221; text_text_color=&#8221;#a6192e&#8221; text_font_size=&#8221;36px&#8221; header_font=&#8221;Raleway|700||on|||||&#8221; header_text_align=&#8221;center&#8221; header_text_color=&#8221;#ffffff&#8221; header_font_size=&#8221;50px&#8221; header_line_height=&#8221;1.4em&#8221; custom_margin=&#8221;||0px|&#8221; custom_padding=&#8221;||15px|&#8221; text_font_size_tablet=&#8221;30px&#8221; text_font_size_phone=&#8221;22px&#8221; text_font_size_last_edited=&#8221;on|desktop&#8221; header_font_size_tablet=&#8221;30px&#8221; header_font_size_phone=&#8221;22px&#8221; header_font_size_last_edited=&#8221;on|desktop&#8221; z_index_tablet=&#8221;500&#8243; global_colors_info=&#8221;{}&#8221;]<\/p>\n<p>\nTaczman Istv\u00e1n<\/p>\n<p>[\/et_pb_text][et_pb_text admin_label=&#8221;poz\u00edci\u00f3&#8221; _builder_version=&#8221;4.27.4&#8243; text_font=&#8221;Raleway|700|||||||&#8221; text_text_color=&#8221;#63666a&#8221; text_font_size=&#8221;18px&#8221; custom_margin=&#8221;||0px|&#8221; custom_padding=&#8221;||10px|&#8221; hover_enabled=&#8221;0&#8243; text_font_size_tablet=&#8221;20px&#8221; text_font_size_phone=&#8221;&#8221; text_font_size_last_edited=&#8221;on|desktop&#8221; z_index_tablet=&#8221;500&#8243; global_colors_info=&#8221;{}&#8221; sticky_enabled=&#8221;0&#8243;]<\/p>\n<p>gazdas\u00e1gi igazgat\u00f3<br \/>f\u0151k\u00f6nyvel\u0151<br \/>partner<br \/>okl. k\u00f6zgazd\u00e1sz<\/p>\n<p>[\/et_pb_text][et_pb_divider divider_position=&#8221;center&#8221; divider_weight=&#8221;3&#8243; _builder_version=&#8221;4.16&#8243; max_width=&#8221;50px&#8221; module_alignment=&#8221;left&#8221; height=&#8221;0px&#8221; animation_style=&#8221;zoom&#8221; z_index_tablet=&#8221;500&#8243; global_colors_info=&#8221;{}&#8221;][\/et_pb_divider][et_pb_text admin_label=&#8221;Le\u00edr\u00e1s&#8221; _builder_version=&#8221;4.16&#8243; text_orientation=&#8221;justified&#8221; z_index_tablet=&#8221;500&#8243; global_colors_info=&#8221;{}&#8221;]<\/p>\n<p>Taczman Istv\u00e1n meghat\u00e1roz\u00f3 m\u00f3don j\u00e1rul hozz\u00e1 a DANUBIA Kft. gazd\u00e1lkod\u00e1s\u00e1hoz kapcsol\u00f3d\u00f3 p\u00e9nz\u00fcgyi, sz\u00e1mviteli, k\u00f6nyvviteli, ad\u00f3z\u00e1si feladatok ell\u00e1t\u00e1shoz, megszervez\u00e9shez, illetve a jogszab\u00e1lyokban el\u0151\u00edrt besz\u00e1mol\u00e1si \u00e9s bevall\u00e1si k\u00f6telezetts\u00e9gek megfelel\u0151 id\u0151ben val\u00f3 teljes\u00edt\u00e9shez. Elemz\u00e9sekkel \u00e9s inform\u00e1ci\u00f3kkal t\u00e1mogatja a c\u00e9gen \u00e9s c\u00e9gcsoporton bel\u00fcli p\u00e9nz\u00fcgyi tervez\u00e9si \u00e9s bels\u0151 teljes\u00edtm\u00e9ny-\u00e9rt\u00e9kel\u00e9si rendszerek m\u0171k\u00f6d\u00e9s\u00e9t.<\/p>\n<p>2001 \u00f3ta a DANUBIA Kft. munkat\u00e1rsa, el\u0151bb sz\u00e1mviteli asszisztensk\u00e9nt, majd k\u00f6nyvel\u0151k\u00e9nt dolgozott a P\u00e9nz\u00fcgyi oszt\u00e1lyon. 2008-t\u00f3l a DANUBIA Kft f\u0151k\u00f6nyvel\u0151je.<\/p>\n<p>Istv\u00e1n diplom\u00e1j\u00e1t a Budapesti K\u00f6zgazdas\u00e1gtudom\u00e1nyi \u00e9s \u00c1llamigazgat\u00e1si Egyetem Gazd\u00e1lkod\u00e1studom\u00e1nyi Kar\u00e1n, sz\u00e1mvitel f\u0151szakir\u00e1nyon szerezte 2001-ben. 2001-t\u0151l szerepel a k\u00f6nyvviteli szolg\u00e1ltat\u00e1st ny\u00fajt\u00f3k nyilv\u00e1ntart\u00e1sban. 2005-ben sikeresen elv\u00e9gezte az ELTE \u00c1JK \u00e1ltal szervezett k\u00e9t\u00e9ves jogi szakokleveles k\u00f6zgazd\u00e1sz k\u00e9pz\u00e9st. 2017-ben megszerezte az IFRS m\u00e9rlegk\u00e9pes k\u00f6nyvel\u0151 min\u0151s\u00edt\u00e9st.<\/p>\n<p><span style=\"color: #a6192e;\"><strong>Nyelvtud\u00e1s:<\/strong><\/span><br \/>angol, n\u00e9met<\/p>\n<p>[\/et_pb_text][\/et_pb_column_inner][\/et_pb_row_inner][et_pb_row_inner column_structure=&#8221;1_2,1_2&#8243; admin_label=&#8221;Sor&#8221; _builder_version=&#8221;4.16&#8243; global_colors_info=&#8221;{}&#8221;][et_pb_column_inner type=&#8221;1_2&#8243; saved_specialty_column_type=&#8221;3_4&#8243; _builder_version=&#8221;4.16&#8243; custom_padding=&#8221;|||&#8221; global_colors_info=&#8221;{}&#8221; custom_padding__hover=&#8221;|||&#8221;][et_pb_text admin_label=&#8221;Szakmai tags\u00e1gok&#8221; _builder_version=&#8221;4.16&#8243; text_font=&#8221;Raleway|700|||||||&#8221; text_text_color=&#8221;#a6192e&#8221; z_index_tablet=&#8221;500&#8243; global_colors_info=&#8221;{}&#8221;]<\/p>\n<p>Szakmai tags\u00e1gok<\/p>\n<p>[\/et_pb_text][et_pb_text admin_label=&#8221;Szakmai tags\u00e1gok felsorol\u00e1s&#8221; _builder_version=&#8221;4.16&#8243; z_index_tablet=&#8221;500&#8243; global_colors_info=&#8221;{}&#8221;]<span style=\"color: #a6192e;\">\u00bb<\/span> regisztr\u00e1lt m\u00e9rlegk\u00e9pes k\u00f6nyvel\u0151 (\u00e1ltal\u00e1nos, IFRS)<br \/>\n<span style=\"color: #a6192e;\">\u00bb<\/span> ACCA tag<br \/>\n[\/et_pb_text][\/et_pb_column_inner][et_pb_column_inner type=&#8221;1_2&#8243; saved_specialty_column_type=&#8221;3_4&#8243; _builder_version=&#8221;4.16&#8243; custom_padding=&#8221;|||&#8221; global_colors_info=&#8221;{}&#8221; custom_padding__hover=&#8221;|||&#8221;][et_pb_text admin_label=&#8221;F\u0151bb szakter\u00fcletek&#8221; _builder_version=&#8221;4.16&#8243; text_font=&#8221;Raleway|700|||||||&#8221; text_text_color=&#8221;#a6192e&#8221; z_index_tablet=&#8221;500&#8243; global_colors_info=&#8221;{}&#8221;]<\/p>\n<p>F\u0151bb szakter\u00fcletek<\/p>\n<p>[\/et_pb_text][et_pb_text admin_label=&#8221;F\u0151bb szakter\u00fcletek felsorol\u00e1s&#8221; _builder_version=&#8221;4.16&#8243; z_index_tablet=&#8221;500&#8243; global_colors_info=&#8221;{}&#8221;]<\/p>\n<p><span style=\"color: #a6192e;\">\u00bb<\/span> p\u00e9nz\u00fcgy, sz\u00e1mvitel, ad\u00f3z\u00e1s, kontrolling<\/p>\n<p>[\/et_pb_text][\/et_pb_column_inner][\/et_pb_row_inner][\/et_pb_column][\/et_pb_section]<\/p>\n","protected":false},"excerpt":{"rendered":"<p>(+36 1) 411-8746taczman@danubia.hu Taczman Istv\u00e1n gazdas\u00e1gi igazgat\u00f3f\u0151k\u00f6nyvel\u0151partnerokl. k\u00f6zgazd\u00e1szTaczman Istv\u00e1n meghat\u00e1roz\u00f3 m\u00f3don j\u00e1rul hozz\u00e1 a DANUBIA Kft. gazd\u00e1lkod\u00e1s\u00e1hoz kapcsol\u00f3d\u00f3 p\u00e9nz\u00fcgyi, sz\u00e1mviteli, k\u00f6nyvviteli, ad\u00f3z\u00e1si feladatok ell\u00e1t\u00e1shoz, megszervez\u00e9shez, illetve a jogszab\u00e1lyokban el\u0151\u00edrt besz\u00e1mol\u00e1si \u00e9s bevall\u00e1si k\u00f6telezetts\u00e9gek megfelel\u0151 id\u0151ben val\u00f3 teljes\u00edt\u00e9shez. Elemz\u00e9sekkel \u00e9s inform\u00e1ci\u00f3kkal t\u00e1mogatja a c\u00e9gen \u00e9s c\u00e9gcsoporton bel\u00fcli p\u00e9nz\u00fcgyi tervez\u00e9si \u00e9s bels\u0151 teljes\u00edtm\u00e9ny-\u00e9rt\u00e9kel\u00e9si rendszerek m\u0171k\u00f6d\u00e9s\u00e9t.2001 \u00f3ta a [&hellip;]<\/p>\n","protected":false},"author":1,"featured_media":0,"parent":922,"menu_order":0,"comment_status":"closed","ping_status":"closed","template":"","meta":{"_et_pb_use_builder":"on","_et_pb_old_content":"","_et_gb_content_width":"","footnotes":""},"class_list":["post-1532","page","type-page","status-publish","hentry"],"yoast_head":"<!-- This site is optimized with the Yoast SEO plugin v27.3 - https:\/\/yoast.com\/product\/yoast-seo-wordpress\/ -->\n<title>Taczman Istv\u00e1n - DANUBIA Szabadalmi \u00e9s Jogi Iroda<\/title>\n<meta name=\"description\" content=\"A DANUBIA Szabadalmi \u00e9s Jogi Iroda gazdas\u00e1gi igazgat\u00f3 helyettese, f\u0151k\u00f6nyvel\u0151.\" \/>\n<meta name=\"robots\" content=\"index, follow, max-snippet:-1, max-image-preview:large, max-video-preview:-1\" \/>\n<link rel=\"canonical\" href=\"https:\/\/www.danubia.com\/hu\/munkatarsaink\/taczman-istvan\/\" \/>\n<meta property=\"og:locale\" content=\"hu_HU\" \/>\n<meta property=\"og:type\" content=\"article\" \/>\n<meta property=\"og:title\" content=\"Taczman Istv\u00e1n - DANUBIA Szabadalmi \u00e9s Jogi Iroda\" \/>\n<meta property=\"og:description\" content=\"A DANUBIA Szabadalmi \u00e9s Jogi Iroda gazdas\u00e1gi igazgat\u00f3 helyettese, f\u0151k\u00f6nyvel\u0151.\" \/>\n<meta property=\"og:url\" content=\"https:\/\/www.danubia.com\/hu\/munkatarsaink\/taczman-istvan\/\" \/>\n<meta property=\"og:site_name\" content=\"Danubia\" \/>\n<meta property=\"article:modified_time\" content=\"2025-06-03T09:57:53+00:00\" \/>\n<meta property=\"og:image\" content=\"https:\/\/www.danubia.com\/wp-content\/uploads\/2019\/11\/Danubia-og-hu.jpg\" \/>\n\t<meta property=\"og:image:width\" content=\"1125\" \/>\n\t<meta property=\"og:image:height\" content=\"633\" \/>\n\t<meta property=\"og:image:type\" content=\"image\/jpeg\" \/>\n<meta name=\"twitter:card\" content=\"summary_large_image\" \/>\n<meta name=\"twitter:label1\" content=\"Becs\u00fclt olvas\u00e1si id\u0151\" \/>\n\t<meta name=\"twitter:data1\" content=\"4 perc\" \/>\n<script type=\"application\/ld+json\" class=\"yoast-schema-graph\">{\"@context\":\"https:\\\/\\\/schema.org\",\"@graph\":[{\"@type\":\"WebPage\",\"@id\":\"https:\\\/\\\/www.danubia.com\\\/hu\\\/munkatarsaink\\\/taczman-istvan\\\/\",\"url\":\"https:\\\/\\\/www.danubia.com\\\/hu\\\/munkatarsaink\\\/taczman-istvan\\\/\",\"name\":\"Taczman Istv\u00e1n - DANUBIA Szabadalmi \u00e9s Jogi Iroda\",\"isPartOf\":{\"@id\":\"https:\\\/\\\/www.danubia.com\\\/#website\"},\"datePublished\":\"2019-07-26T08:46:16+00:00\",\"dateModified\":\"2025-06-03T09:57:53+00:00\",\"description\":\"A DANUBIA Szabadalmi \u00e9s Jogi Iroda gazdas\u00e1gi igazgat\u00f3 helyettese, f\u0151k\u00f6nyvel\u0151.\",\"breadcrumb\":{\"@id\":\"https:\\\/\\\/www.danubia.com\\\/hu\\\/munkatarsaink\\\/taczman-istvan\\\/#breadcrumb\"},\"inLanguage\":\"hu\",\"potentialAction\":[{\"@type\":\"ReadAction\",\"target\":[\"https:\\\/\\\/www.danubia.com\\\/hu\\\/munkatarsaink\\\/taczman-istvan\\\/\"]}]},{\"@type\":\"BreadcrumbList\",\"@id\":\"https:\\\/\\\/www.danubia.com\\\/hu\\\/munkatarsaink\\\/taczman-istvan\\\/#breadcrumb\",\"itemListElement\":[{\"@type\":\"ListItem\",\"position\":1,\"name\":\"Home\",\"item\":\"https:\\\/\\\/www.danubia.com\\\/hu\\\/\"},{\"@type\":\"ListItem\",\"position\":2,\"name\":\"Munkat\u00e1rsaink\",\"item\":\"https:\\\/\\\/www.danubia.com\\\/hu\\\/munkatarsaink\\\/\"},{\"@type\":\"ListItem\",\"position\":3,\"name\":\"Taczman Istv\u00e1n\"}]},{\"@type\":\"WebSite\",\"@id\":\"https:\\\/\\\/www.danubia.com\\\/#website\",\"url\":\"https:\\\/\\\/www.danubia.com\\\/\",\"name\":\"Danubia\",\"description\":\"\",\"potentialAction\":[{\"@type\":\"SearchAction\",\"target\":{\"@type\":\"EntryPoint\",\"urlTemplate\":\"https:\\\/\\\/www.danubia.com\\\/?s={search_term_string}\"},\"query-input\":{\"@type\":\"PropertyValueSpecification\",\"valueRequired\":true,\"valueName\":\"search_term_string\"}}],\"inLanguage\":\"hu\"}]}<\/script>\n<!-- \/ Yoast SEO plugin. -->","yoast_head_json":{"title":"Taczman Istv\u00e1n - DANUBIA Szabadalmi \u00e9s Jogi Iroda","description":"A DANUBIA Szabadalmi \u00e9s Jogi Iroda gazdas\u00e1gi igazgat\u00f3 helyettese, f\u0151k\u00f6nyvel\u0151.","robots":{"index":"index","follow":"follow","max-snippet":"max-snippet:-1","max-image-preview":"max-image-preview:large","max-video-preview":"max-video-preview:-1"},"canonical":"https:\/\/www.danubia.com\/hu\/munkatarsaink\/taczman-istvan\/","og_locale":"hu_HU","og_type":"article","og_title":"Taczman Istv\u00e1n - DANUBIA Szabadalmi \u00e9s Jogi Iroda","og_description":"A DANUBIA Szabadalmi \u00e9s Jogi Iroda gazdas\u00e1gi igazgat\u00f3 helyettese, f\u0151k\u00f6nyvel\u0151.","og_url":"https:\/\/www.danubia.com\/hu\/munkatarsaink\/taczman-istvan\/","og_site_name":"Danubia","article_modified_time":"2025-06-03T09:57:53+00:00","og_image":[{"width":1125,"height":633,"url":"https:\/\/www.danubia.com\/wp-content\/uploads\/2019\/11\/Danubia-og-hu.jpg","type":"image\/jpeg"}],"twitter_card":"summary_large_image","twitter_misc":{"Becs\u00fclt olvas\u00e1si id\u0151":"4 perc"},"schema":{"@context":"https:\/\/schema.org","@graph":[{"@type":"WebPage","@id":"https:\/\/www.danubia.com\/hu\/munkatarsaink\/taczman-istvan\/","url":"https:\/\/www.danubia.com\/hu\/munkatarsaink\/taczman-istvan\/","name":"Taczman Istv\u00e1n - DANUBIA Szabadalmi \u00e9s Jogi Iroda","isPartOf":{"@id":"https:\/\/www.danubia.com\/#website"},"datePublished":"2019-07-26T08:46:16+00:00","dateModified":"2025-06-03T09:57:53+00:00","description":"A DANUBIA Szabadalmi \u00e9s Jogi Iroda gazdas\u00e1gi igazgat\u00f3 helyettese, f\u0151k\u00f6nyvel\u0151.","breadcrumb":{"@id":"https:\/\/www.danubia.com\/hu\/munkatarsaink\/taczman-istvan\/#breadcrumb"},"inLanguage":"hu","potentialAction":[{"@type":"ReadAction","target":["https:\/\/www.danubia.com\/hu\/munkatarsaink\/taczman-istvan\/"]}]},{"@type":"BreadcrumbList","@id":"https:\/\/www.danubia.com\/hu\/munkatarsaink\/taczman-istvan\/#breadcrumb","itemListElement":[{"@type":"ListItem","position":1,"name":"Home","item":"https:\/\/www.danubia.com\/hu\/"},{"@type":"ListItem","position":2,"name":"Munkat\u00e1rsaink","item":"https:\/\/www.danubia.com\/hu\/munkatarsaink\/"},{"@type":"ListItem","position":3,"name":"Taczman Istv\u00e1n"}]},{"@type":"WebSite","@id":"https:\/\/www.danubia.com\/#website","url":"https:\/\/www.danubia.com\/","name":"Danubia","description":"","potentialAction":[{"@type":"SearchAction","target":{"@type":"EntryPoint","urlTemplate":"https:\/\/www.danubia.com\/?s={search_term_string}"},"query-input":{"@type":"PropertyValueSpecification","valueRequired":true,"valueName":"search_term_string"}}],"inLanguage":"hu"}]}},"_links":{"self":[{"href":"https:\/\/www.danubia.com\/hu\/wp-json\/wp\/v2\/pages\/1532","targetHints":{"allow":["GET"]}}],"collection":[{"href":"https:\/\/www.danubia.com\/hu\/wp-json\/wp\/v2\/pages"}],"about":[{"href":"https:\/\/www.danubia.com\/hu\/wp-json\/wp\/v2\/types\/page"}],"author":[{"embeddable":true,"href":"https:\/\/www.danubia.com\/hu\/wp-json\/wp\/v2\/users\/1"}],"replies":[{"embeddable":true,"href":"https:\/\/www.danubia.com\/hu\/wp-json\/wp\/v2\/comments?post=1532"}],"version-history":[{"count":6,"href":"https:\/\/www.danubia.com\/hu\/wp-json\/wp\/v2\/pages\/1532\/revisions"}],"predecessor-version":[{"id":11765,"href":"https:\/\/www.danubia.com\/hu\/wp-json\/wp\/v2\/pages\/1532\/revisions\/11765"}],"up":[{"embeddable":true,"href":"https:\/\/www.danubia.com\/hu\/wp-json\/wp\/v2\/pages\/922"}],"wp:attachment":[{"href":"https:\/\/www.danubia.com\/hu\/wp-json\/wp\/v2\/media?parent=1532"}],"curies":[{"name":"wp","href":"https:\/\/api.w.org\/{rel}","templated":true}]}}