{"id":1545,"date":"2019-07-27T05:30:19","date_gmt":"2019-07-27T05:30:19","guid":{"rendered":"https:\/\/www.danubia.com\/?page_id=1545"},"modified":"2026-01-30T08:46:44","modified_gmt":"2026-01-30T08:46:44","slug":"petho-levente","status":"publish","type":"page","link":"https:\/\/www.danubia.com\/hu\/munkatarsaink\/petho-levente\/","title":{"rendered":"Peth\u0151 Levente"},"content":{"rendered":"<p>[et_pb_section fb_built=&#8221;1&#8243; specialty=&#8221;on&#8221; _builder_version=&#8221;4.16&#8243; inner_max_width=&#8221;none&#8221; global_colors_info=&#8221;{}&#8221;][et_pb_column type=&#8221;1_4&#8243; _builder_version=&#8221;4.16&#8243; custom_padding=&#8221;|||&#8221; global_colors_info=&#8221;{}&#8221; custom_padding__hover=&#8221;|||&#8221;][et_pb_image src=&#8221;https:\/\/www.danubia.com\/wp-content\/uploads\/2026\/01\/Petho-Levente-Danubia-IP.jpg&#8221; align_tablet=&#8221;center&#8221; align_phone=&#8221;&#8221; align_last_edited=&#8221;on|desktop&#8221; _builder_version=&#8221;4.27.5&#8243; custom_margin=&#8221;||0px|&#8221; custom_padding=&#8221;||15px|&#8221; animation_style=&#8221;fade&#8221; hover_enabled=&#8221;0&#8243; z_index_tablet=&#8221;500&#8243; global_colors_info=&#8221;{}&#8221; title_text=&#8221;Petho-Levente-Danubia-IP&#8221; sticky_enabled=&#8221;0&#8243;][\/et_pb_image][et_pb_text _builder_version=&#8221;4.27.5&#8243; text_font_size=&#8221;14px&#8221; custom_margin=&#8221;||0px|&#8221; custom_padding=&#8221;||15px|&#8221; z_index_tablet=&#8221;500&#8243; locked=&#8221;off&#8221; global_colors_info=&#8221;{}&#8221;]<\/p>\n<p><strong>(+ 36 30) 469-3283<\/strong><br \/><strong><a href=\"mailto:levente.petho@danubia.hu\">levente.petho@danubia.hu<\/a><\/strong><\/p>\n<p>[\/et_pb_text][et_pb_image src=&#8221;https:\/\/www.danubia.com\/wp-content\/uploads\/2020\/01\/LinkedIn-logo.png&#8221; url=&#8221;https:\/\/www.linkedin.com\/in\/levente-peth%C5%91-9675bb39\/&#8221; url_new_window=&#8221;on&#8221; admin_label=&#8221;LinkedIn&#8221; _builder_version=&#8221;4.16&#8243; max_width=&#8221;30px&#8221; module_alignment=&#8221;left&#8221; global_colors_info=&#8221;{}&#8221;][\/et_pb_image][\/et_pb_column][et_pb_column type=&#8221;3_4&#8243; specialty_columns=&#8221;3&#8243; _builder_version=&#8221;4.16&#8243; custom_padding=&#8221;|||&#8221; global_colors_info=&#8221;{}&#8221; custom_padding__hover=&#8221;|||&#8221;][et_pb_row_inner admin_label=&#8221;Sor&#8221; _builder_version=&#8221;4.16&#8243; global_colors_info=&#8221;{}&#8221;][et_pb_column_inner saved_specialty_column_type=&#8221;3_4&#8243; _builder_version=&#8221;4.16&#8243; custom_padding=&#8221;|||&#8221; global_colors_info=&#8221;{}&#8221; custom_padding__hover=&#8221;|||&#8221;][et_pb_text admin_label=&#8221;N\u00e9v&#8221; _builder_version=&#8221;4.16&#8243; text_font=&#8221;Raleway|700||on|||||&#8221; text_text_color=&#8221;#a6192e&#8221; text_font_size=&#8221;36px&#8221; header_font=&#8221;Raleway|700||on|||||&#8221; header_text_align=&#8221;center&#8221; header_text_color=&#8221;#ffffff&#8221; header_font_size=&#8221;50px&#8221; header_line_height=&#8221;1.4em&#8221; custom_margin=&#8221;||0px|&#8221; custom_padding=&#8221;||15px|&#8221; text_font_size_tablet=&#8221;30px&#8221; text_font_size_phone=&#8221;22px&#8221; text_font_size_last_edited=&#8221;on|desktop&#8221; header_font_size_tablet=&#8221;30px&#8221; header_font_size_phone=&#8221;22px&#8221; header_font_size_last_edited=&#8221;on|desktop&#8221; z_index_tablet=&#8221;500&#8243; global_colors_info=&#8221;{}&#8221;]<\/p>\n<p>Peth\u0151 Levente<\/p>\n<p>[\/et_pb_text][et_pb_text admin_label=&#8221;poz\u00edci\u00f3&#8221; _builder_version=&#8221;4.27.5&#8243; text_font=&#8221;Raleway|700|||||||&#8221; text_text_color=&#8221;#63666a&#8221; text_font_size=&#8221;18px&#8221; custom_margin=&#8221;||0px|&#8221; custom_padding=&#8221;||10px|&#8221; text_font_size_tablet=&#8221;20px&#8221; text_font_size_phone=&#8221;&#8221; text_font_size_last_edited=&#8221;on|desktop&#8221; z_index_tablet=&#8221;500&#8243; global_colors_info=&#8221;{}&#8221;]<\/p>\n<p>Danubia IP \u00fcgyvezet\u0151<br \/>IP \u00e9rt\u00e9kel\u00e9si \u00e9s kezel\u00e9si tan\u00e1csad\u00f3 <br \/>partner<br \/>okl. k\u00f6zgazd\u00e1sz<\/p>\n<p>[\/et_pb_text][et_pb_divider divider_position=&#8221;center&#8221; divider_weight=&#8221;3&#8243; _builder_version=&#8221;4.16&#8243; max_width=&#8221;50px&#8221; module_alignment=&#8221;left&#8221; height=&#8221;0px&#8221; animation_style=&#8221;zoom&#8221; z_index_tablet=&#8221;500&#8243; global_colors_info=&#8221;{}&#8221;][\/et_pb_divider][et_pb_text admin_label=&#8221;Le\u00edr\u00e1s&#8221; _builder_version=&#8221;4.27.5&#8243; text_orientation=&#8221;justified&#8221; hover_enabled=&#8221;0&#8243; z_index_tablet=&#8221;500&#8243; global_colors_info=&#8221;{}&#8221; sticky_enabled=&#8221;0&#8243;]<\/p>\n<p>Peth\u0151 Levente els\u0151sorban az innov\u00e1ci\u00f3hoz \u00e9s szellemi tulajdonokhoz (IP) kapcsol\u00f3d\u00f3 \u00fczleti folyamatok ter\u00fclet\u00e9n seg\u00edti a DANUBIA c\u00e9gcsoport \u00fcgyfeleit, \u00edgy sz\u00e1mottev\u0151 tapasztalatra tett szert az IP menedzsment folyamatok kialak\u00edt\u00e1s\u00e1ban \u00e9s jav\u00edt\u00e1s\u00e1ban, technol\u00f3gia transzferben \u00e9s a szellemi tulajdonok piaci hasznos\u00edt\u00e1s\u00e1hoz tartoz\u00f3 szak\u00e9rt\u0151i feladatokban. Nagysz\u00e1m\u00fa hazai \u00e9s nemzetk\u00f6zi IP \u00e9rt\u00e9kel\u00e9si projektet vezetett, amelyek k\u00f6z\u00f6tt megtal\u00e1lhat\u00f3k transzfer-\u00e1raz\u00e1si, sz\u00e1mviteli, finansz\u00edroz\u00e1si, jogvit\u00e1s \u00e9s tranzakcion\u00e1lis c\u00e9l\u00fa megb\u00edz\u00e1sok, sz\u00e1mos ipar\u00e1gb\u00f3l \u00e9s szellemi tulajdon form\u00e1ra vonatkoz\u00f3an.<br \/>Ezek mellett sokr\u00e9t\u0171 tapasztalatot szerzett az IP szervezeti kezel\u00e9s\u00e9t \u00e9s \u00fczleti hasznos\u00edt\u00e1s\u00e1t \u00e9rint\u0151 k\u00e9rd\u00e9sekben, ide\u00e9rtve t\u00f6bbek k\u00f6z\u00f6tt az IP-t \u00e9rint\u0151 ad\u00f3kedvezm\u00e9nyeket, a K+F min\u0151s\u00edt\u00e9si elj\u00e1r\u00e1sokat, IP tranzakci\u00f3k t\u00e1rgyal\u00e1s\u00e1t \u00e9s lebonyol\u00edt\u00e1s\u00e1t, valamint a feltal\u00e1l\u00f3i d\u00edjaz\u00e1ssal \u00e9s v\u00e1llalatcsoporti IP kezel\u00e9ssel kapcsolatos sziszt\u00e9m\u00e1k kialak\u00edt\u00e1s\u00e1t.<\/p>\n<p class=\"x_MsoNormal\"><span data-ogsc=\"red\" data-olk-copy-source=\"MessageBody\">2025-t\u0151l a Szerz\u0151i Jogi Szak\u00e9rt\u0151i Test\u00fclet (SZJSZT) tagja, \u00e9rt\u00e9kel\u00e9si k\u00e9rd\u00e9sek\u00e9rt felel\u0151s szak\u00e9rt\u0151k\u00e9nt; az LES-Hungary Egyes\u00fclet eln\u00f6ke, \u00e9s az LES International IP Valuation Committee aleln\u00f6ke; 2023-t\u0151l az AMAVI Egyes\u00fclet aleln\u00f6ke<\/span><span>.<\/span><\/p>\n<p>Levente 2012 \u00f3ta a DANUBIA IP Kft., illetve a DANUBIA Kft. munkat\u00e1rsa, amely \u00e9vben a Szellemi Tulajdon Nemzeti Hivatala el\u0151tt iparjogv\u00e9delmi szakk\u00e9pes\u00edt\u00e9st szerzett k\u00f6z\u00e9pfokon, \u00e9s az Eur\u00f3pai Bizotts\u00e1g \u00e1ltal alap\u00edtott European Innovation Management Academy k\u00e9pz\u00e9s\u00e9n tan\u00e1csad\u00f3i min\u0151s\u00edt\u00e9st szerzett innov\u00e1ci\u00f3 menedzsment ter\u00fcleten.<\/p>\n<p>2017-t\u0151l a Danubia IP Kft. operat\u00edv feladatok\u00e9rt felel\u0151s c\u00e9gvezet\u0151je, 2024-t\u0151l \u00fcgyvezet\u0151je.<\/p>\n<p>Gazd\u00e1lkod\u00e1selm\u00e9leti szakir\u00e1ny\u00fa k\u00f6zgazd\u00e1sz diplom\u00e1j\u00e1t a Budapesti Corvinus Egyetem K\u00f6zgazdas\u00e1g- \u00e9s Gazd\u00e1lkod\u00e1studom\u00e1nyi Kar\u00e1n, gazd\u00e1lkod\u00e1si \u00e9s menedzsment alapszakon szerezte 2011-ben. Szervezetalak\u00edt\u00e1s \u00e9s folyamatszervez\u00e9s szakir\u00e1ny\u00fa k\u00f6zgazd\u00e1sz diplom\u00e1j\u00e1t a Budapesti Corvinus Egyetemen, vezet\u00e9s \u00e9s szervez\u00e9s mesterszakon szerezte 2014-ben.<\/p>\n<p><strong><span style=\"color: #a6192e;\">Nyelvtud\u00e1s:<\/span> <\/strong><br \/>angol<\/p>\n<p>[\/et_pb_text][\/et_pb_column_inner][\/et_pb_row_inner][et_pb_row_inner column_structure=&#8221;1_2,1_2&#8243; admin_label=&#8221;Sor&#8221; _builder_version=&#8221;4.16&#8243; global_colors_info=&#8221;{}&#8221;][et_pb_column_inner type=&#8221;1_2&#8243; saved_specialty_column_type=&#8221;3_4&#8243; _builder_version=&#8221;4.16&#8243; custom_padding=&#8221;|||&#8221; global_colors_info=&#8221;{}&#8221; custom_padding__hover=&#8221;|||&#8221;][et_pb_text admin_label=&#8221;Szakmai tags\u00e1gok&#8221; _builder_version=&#8221;4.16&#8243; text_font=&#8221;Raleway|700|||||||&#8221; text_text_color=&#8221;#a6192e&#8221; z_index_tablet=&#8221;500&#8243; global_colors_info=&#8221;{}&#8221;]<\/p>\n<p>Szakmai tags\u00e1gok<\/p>\n<p>[\/et_pb_text][et_pb_text admin_label=&#8221;Szakmai tags\u00e1gok felsorol\u00e1s&#8221; _builder_version=&#8221;4.27.5&#8243; z_index_tablet=&#8221;500&#8243; global_colors_info=&#8221;{}&#8221;]<\/p>\n<p><span style=\"color: #a6192e;\">\u00bb<\/span> MISZ Startup tagozat<br \/><span style=\"color: #a6192e;\">\u00bb<\/span> Magyar Iparjogv\u00e9delmi \u00e9s Szerz\u0151i Jogi Egyes\u00fclet (MIE)<br \/><span style=\"color: #a6192e;\">\u00bb<\/span> Licensing Executives Society International (LESI) Magyar Csoportja<br \/><span style=\"color: #a6192e;\">\u00bb<\/span> LESI nemzetk\u00f6zi egyes\u00fclet Szellemitulajdon-\u00e9rt\u00e9kel\u00e9si Bizotts\u00e1ga<br \/><span style=\"color: #a6192e;\">\u00bb<\/span> AMAVI (Association for Management and Valuation of Intangibles)<\/p>\n<p>[\/et_pb_text][\/et_pb_column_inner][et_pb_column_inner type=&#8221;1_2&#8243; saved_specialty_column_type=&#8221;3_4&#8243; _builder_version=&#8221;4.16&#8243; custom_padding=&#8221;|||&#8221; global_colors_info=&#8221;{}&#8221; custom_padding__hover=&#8221;|||&#8221;][et_pb_text admin_label=&#8221;F\u0151bb szakter\u00fcletek&#8221; _builder_version=&#8221;4.16&#8243; text_font=&#8221;Raleway|700|||||||&#8221; text_text_color=&#8221;#a6192e&#8221; z_index_tablet=&#8221;500&#8243; global_colors_info=&#8221;{}&#8221;]<\/p>\n<p>F\u0151bb szakter\u00fcletek<\/p>\n<p>[\/et_pb_text][et_pb_text admin_label=&#8221;F\u0151bb szakter\u00fcletek felsorol\u00e1s&#8221; _builder_version=&#8221;4.27.5&#8243; z_index_tablet=&#8221;500&#8243; global_colors_info=&#8221;{}&#8221;]<\/p>\n<p><span style=\"color: #a6192e;\">\u00bb<\/span> IP \u00e9rt\u00e9kel\u00e9s, szellemitulajdon-kezel\u00e9si politika\/folyamatok kialak\u00edt\u00e1sa, IP strat\u00e9gia, technol\u00f3gia transzfer \u00e9s licencia \u00fcgyletek, K+F min\u0151s\u00edt\u00e9s, IP tan\u00e1csad\u00e1s<\/p>\n<p>[\/et_pb_text][\/et_pb_column_inner][\/et_pb_row_inner][\/et_pb_column][\/et_pb_section]<\/p>\n","protected":false},"excerpt":{"rendered":"<p>(+ 36 30) 469-3283levente.petho@danubia.huPeth\u0151 Levente Danubia IP \u00fcgyvezet\u0151IP \u00e9rt\u00e9kel\u00e9si \u00e9s kezel\u00e9si tan\u00e1csad\u00f3 partnerokl. k\u00f6zgazd\u00e1szPeth\u0151 Levente els\u0151sorban az innov\u00e1ci\u00f3hoz \u00e9s szellemi tulajdonokhoz (IP) kapcsol\u00f3d\u00f3 \u00fczleti folyamatok ter\u00fclet\u00e9n seg\u00edti a DANUBIA c\u00e9gcsoport \u00fcgyfeleit, \u00edgy sz\u00e1mottev\u0151 tapasztalatra tett szert az IP menedzsment folyamatok kialak\u00edt\u00e1s\u00e1ban \u00e9s jav\u00edt\u00e1s\u00e1ban, technol\u00f3gia transzferben \u00e9s a szellemi tulajdonok piaci hasznos\u00edt\u00e1s\u00e1hoz tartoz\u00f3 szak\u00e9rt\u0151i feladatokban. Nagysz\u00e1m\u00fa [&hellip;]<\/p>\n","protected":false},"author":1,"featured_media":0,"parent":922,"menu_order":0,"comment_status":"closed","ping_status":"closed","template":"","meta":{"_et_pb_use_builder":"on","_et_pb_old_content":"","_et_gb_content_width":"","footnotes":""},"class_list":["post-1545","page","type-page","status-publish","hentry"],"yoast_head":"<!-- This site is optimized with the Yoast SEO plugin v27.3 - https:\/\/yoast.com\/product\/yoast-seo-wordpress\/ -->\n<title>Peth\u0151 Levente - DANUBIA IP<\/title>\n<meta name=\"description\" content=\"Szellemitulajdon-kezel\u00e9si tan\u00e1csad\u00f3. Szellemitulajdon-\u00e9rt\u00e9kel\u00e9s, Innov\u00e1ci\u00f3, technol\u00f3gia transzfer, kutat\u00e1s-fejleszt\u00e9s, K+F min\u0151s\u00edt\u00e9s, know how, IP Policy\" \/>\n<meta name=\"robots\" content=\"index, follow, max-snippet:-1, max-image-preview:large, max-video-preview:-1\" \/>\n<link rel=\"canonical\" href=\"https:\/\/www.danubia.com\/hu\/munkatarsaink\/petho-levente\/\" \/>\n<meta property=\"og:locale\" content=\"hu_HU\" \/>\n<meta property=\"og:type\" content=\"article\" \/>\n<meta property=\"og:title\" content=\"Peth\u0151 Levente - DANUBIA IP\" \/>\n<meta property=\"og:description\" content=\"Szellemitulajdon-kezel\u00e9si tan\u00e1csad\u00f3. Szellemitulajdon-\u00e9rt\u00e9kel\u00e9s, Innov\u00e1ci\u00f3, technol\u00f3gia transzfer, kutat\u00e1s-fejleszt\u00e9s, K+F min\u0151s\u00edt\u00e9s, know how, IP Policy\" \/>\n<meta property=\"og:url\" content=\"https:\/\/www.danubia.com\/hu\/munkatarsaink\/petho-levente\/\" \/>\n<meta property=\"og:site_name\" content=\"Danubia\" \/>\n<meta property=\"article:modified_time\" content=\"2026-01-30T08:46:44+00:00\" \/>\n<meta property=\"og:image\" content=\"https:\/\/www.danubia.com\/wp-content\/uploads\/2019\/11\/Danubia-og-hu.jpg\" \/>\n\t<meta property=\"og:image:width\" content=\"1125\" \/>\n\t<meta property=\"og:image:height\" content=\"633\" \/>\n\t<meta property=\"og:image:type\" content=\"image\/jpeg\" \/>\n<meta name=\"twitter:card\" content=\"summary_large_image\" \/>\n<meta name=\"twitter:label1\" content=\"Becs\u00fclt olvas\u00e1si id\u0151\" \/>\n\t<meta name=\"twitter:data1\" content=\"5 perc\" \/>\n<script type=\"application\/ld+json\" class=\"yoast-schema-graph\">{\"@context\":\"https:\\\/\\\/schema.org\",\"@graph\":[{\"@type\":\"WebPage\",\"@id\":\"https:\\\/\\\/www.danubia.com\\\/hu\\\/munkatarsaink\\\/petho-levente\\\/\",\"url\":\"https:\\\/\\\/www.danubia.com\\\/hu\\\/munkatarsaink\\\/petho-levente\\\/\",\"name\":\"Peth\u0151 Levente - DANUBIA IP\",\"isPartOf\":{\"@id\":\"https:\\\/\\\/www.danubia.com\\\/#website\"},\"datePublished\":\"2019-07-27T05:30:19+00:00\",\"dateModified\":\"2026-01-30T08:46:44+00:00\",\"description\":\"Szellemitulajdon-kezel\u00e9si tan\u00e1csad\u00f3. Szellemitulajdon-\u00e9rt\u00e9kel\u00e9s, Innov\u00e1ci\u00f3, technol\u00f3gia transzfer, kutat\u00e1s-fejleszt\u00e9s, K+F min\u0151s\u00edt\u00e9s, know how, IP Policy\",\"breadcrumb\":{\"@id\":\"https:\\\/\\\/www.danubia.com\\\/hu\\\/munkatarsaink\\\/petho-levente\\\/#breadcrumb\"},\"inLanguage\":\"hu\",\"potentialAction\":[{\"@type\":\"ReadAction\",\"target\":[\"https:\\\/\\\/www.danubia.com\\\/hu\\\/munkatarsaink\\\/petho-levente\\\/\"]}]},{\"@type\":\"BreadcrumbList\",\"@id\":\"https:\\\/\\\/www.danubia.com\\\/hu\\\/munkatarsaink\\\/petho-levente\\\/#breadcrumb\",\"itemListElement\":[{\"@type\":\"ListItem\",\"position\":1,\"name\":\"Home\",\"item\":\"https:\\\/\\\/www.danubia.com\\\/hu\\\/\"},{\"@type\":\"ListItem\",\"position\":2,\"name\":\"Munkat\u00e1rsaink\",\"item\":\"https:\\\/\\\/www.danubia.com\\\/hu\\\/munkatarsaink\\\/\"},{\"@type\":\"ListItem\",\"position\":3,\"name\":\"Peth\u0151 Levente\"}]},{\"@type\":\"WebSite\",\"@id\":\"https:\\\/\\\/www.danubia.com\\\/#website\",\"url\":\"https:\\\/\\\/www.danubia.com\\\/\",\"name\":\"Danubia\",\"description\":\"\",\"potentialAction\":[{\"@type\":\"SearchAction\",\"target\":{\"@type\":\"EntryPoint\",\"urlTemplate\":\"https:\\\/\\\/www.danubia.com\\\/?s={search_term_string}\"},\"query-input\":{\"@type\":\"PropertyValueSpecification\",\"valueRequired\":true,\"valueName\":\"search_term_string\"}}],\"inLanguage\":\"hu\"}]}<\/script>\n<!-- \/ Yoast SEO plugin. -->","yoast_head_json":{"title":"Peth\u0151 Levente - DANUBIA IP","description":"Szellemitulajdon-kezel\u00e9si tan\u00e1csad\u00f3. Szellemitulajdon-\u00e9rt\u00e9kel\u00e9s, Innov\u00e1ci\u00f3, technol\u00f3gia transzfer, kutat\u00e1s-fejleszt\u00e9s, K+F min\u0151s\u00edt\u00e9s, know how, IP Policy","robots":{"index":"index","follow":"follow","max-snippet":"max-snippet:-1","max-image-preview":"max-image-preview:large","max-video-preview":"max-video-preview:-1"},"canonical":"https:\/\/www.danubia.com\/hu\/munkatarsaink\/petho-levente\/","og_locale":"hu_HU","og_type":"article","og_title":"Peth\u0151 Levente - DANUBIA IP","og_description":"Szellemitulajdon-kezel\u00e9si tan\u00e1csad\u00f3. Szellemitulajdon-\u00e9rt\u00e9kel\u00e9s, Innov\u00e1ci\u00f3, technol\u00f3gia transzfer, kutat\u00e1s-fejleszt\u00e9s, K+F min\u0151s\u00edt\u00e9s, know how, IP Policy","og_url":"https:\/\/www.danubia.com\/hu\/munkatarsaink\/petho-levente\/","og_site_name":"Danubia","article_modified_time":"2026-01-30T08:46:44+00:00","og_image":[{"width":1125,"height":633,"url":"https:\/\/www.danubia.com\/wp-content\/uploads\/2019\/11\/Danubia-og-hu.jpg","type":"image\/jpeg"}],"twitter_card":"summary_large_image","twitter_misc":{"Becs\u00fclt olvas\u00e1si id\u0151":"5 perc"},"schema":{"@context":"https:\/\/schema.org","@graph":[{"@type":"WebPage","@id":"https:\/\/www.danubia.com\/hu\/munkatarsaink\/petho-levente\/","url":"https:\/\/www.danubia.com\/hu\/munkatarsaink\/petho-levente\/","name":"Peth\u0151 Levente - DANUBIA IP","isPartOf":{"@id":"https:\/\/www.danubia.com\/#website"},"datePublished":"2019-07-27T05:30:19+00:00","dateModified":"2026-01-30T08:46:44+00:00","description":"Szellemitulajdon-kezel\u00e9si tan\u00e1csad\u00f3. Szellemitulajdon-\u00e9rt\u00e9kel\u00e9s, Innov\u00e1ci\u00f3, technol\u00f3gia transzfer, kutat\u00e1s-fejleszt\u00e9s, K+F min\u0151s\u00edt\u00e9s, know how, IP Policy","breadcrumb":{"@id":"https:\/\/www.danubia.com\/hu\/munkatarsaink\/petho-levente\/#breadcrumb"},"inLanguage":"hu","potentialAction":[{"@type":"ReadAction","target":["https:\/\/www.danubia.com\/hu\/munkatarsaink\/petho-levente\/"]}]},{"@type":"BreadcrumbList","@id":"https:\/\/www.danubia.com\/hu\/munkatarsaink\/petho-levente\/#breadcrumb","itemListElement":[{"@type":"ListItem","position":1,"name":"Home","item":"https:\/\/www.danubia.com\/hu\/"},{"@type":"ListItem","position":2,"name":"Munkat\u00e1rsaink","item":"https:\/\/www.danubia.com\/hu\/munkatarsaink\/"},{"@type":"ListItem","position":3,"name":"Peth\u0151 Levente"}]},{"@type":"WebSite","@id":"https:\/\/www.danubia.com\/#website","url":"https:\/\/www.danubia.com\/","name":"Danubia","description":"","potentialAction":[{"@type":"SearchAction","target":{"@type":"EntryPoint","urlTemplate":"https:\/\/www.danubia.com\/?s={search_term_string}"},"query-input":{"@type":"PropertyValueSpecification","valueRequired":true,"valueName":"search_term_string"}}],"inLanguage":"hu"}]}},"_links":{"self":[{"href":"https:\/\/www.danubia.com\/hu\/wp-json\/wp\/v2\/pages\/1545","targetHints":{"allow":["GET"]}}],"collection":[{"href":"https:\/\/www.danubia.com\/hu\/wp-json\/wp\/v2\/pages"}],"about":[{"href":"https:\/\/www.danubia.com\/hu\/wp-json\/wp\/v2\/types\/page"}],"author":[{"embeddable":true,"href":"https:\/\/www.danubia.com\/hu\/wp-json\/wp\/v2\/users\/1"}],"replies":[{"embeddable":true,"href":"https:\/\/www.danubia.com\/hu\/wp-json\/wp\/v2\/comments?post=1545"}],"version-history":[{"count":9,"href":"https:\/\/www.danubia.com\/hu\/wp-json\/wp\/v2\/pages\/1545\/revisions"}],"predecessor-version":[{"id":11946,"href":"https:\/\/www.danubia.com\/hu\/wp-json\/wp\/v2\/pages\/1545\/revisions\/11946"}],"up":[{"embeddable":true,"href":"https:\/\/www.danubia.com\/hu\/wp-json\/wp\/v2\/pages\/922"}],"wp:attachment":[{"href":"https:\/\/www.danubia.com\/hu\/wp-json\/wp\/v2\/media?parent=1545"}],"curies":[{"name":"wp","href":"https:\/\/api.w.org\/{rel}","templated":true}]}}