{"id":1560,"date":"2019-07-27T05:36:38","date_gmt":"2019-07-27T05:36:38","guid":{"rendered":"https:\/\/www.danubia.com\/?page_id=1560"},"modified":"2020-02-05T15:09:57","modified_gmt":"2020-02-05T15:09:57","slug":"dr-talas-jozsef","status":"publish","type":"page","link":"https:\/\/www.danubia.com\/hu\/munkatarsaink\/dr-talas-jozsef\/","title":{"rendered":"Dr. T\u00e1las J\u00f3zsef"},"content":{"rendered":"<p>[et_pb_section fb_built=&#8221;1&#8243; specialty=&#8221;on&#8221; _builder_version=&#8221;3.22&#8243; inner_max_width=&#8221;none&#8221;][et_pb_column type=&#8221;1_4&#8243; _builder_version=&#8221;3.25&#8243; custom_padding=&#8221;|||&#8221; custom_padding__hover=&#8221;|||&#8221;][et_pb_image src=&#8221;https:\/\/www.danubia.com\/wp-content\/uploads\/2019\/06\/Dr.-Talas-Jozsef.jpg&#8221; align_tablet=&#8221;center&#8221; align_phone=&#8221;&#8221; align_last_edited=&#8221;on|desktop&#8221; _builder_version=&#8221;3.23&#8243; custom_margin=&#8221;||0px|&#8221; custom_padding=&#8221;||15px|&#8221; animation_style=&#8221;fade&#8221; z_index_tablet=&#8221;500&#8243;][\/et_pb_image][et_pb_text _builder_version=&#8221;3.27.4&#8243; text_font_size=&#8221;14px&#8221; custom_margin=&#8221;||0px|&#8221; custom_padding=&#8221;||15px|&#8221; z_index_tablet=&#8221;500&#8243;]<\/p>\n<p><strong>(+36 1) 411-8875<\/strong><br \/><strong><a href=\"mailto:office@danubialegal.hu\">office@danubialegal.hu<\/a><\/strong><br \/><strong><a href=\"mailto:jozsef.talas@danubialegal.hu\">jozsef.talas@danubialegal.hu<\/a><\/strong><\/p>\n<p>[\/et_pb_text][et_pb_image src=&#8221;https:\/\/www.danubia.com\/wp-content\/uploads\/2020\/01\/LinkedIn-logo.png&#8221; url=&#8221;https:\/\/www.linkedin.com\/in\/jozseftalas\/&#8221; url_new_window=&#8221;on&#8221; admin_label=&#8221;LinkedIn&#8221; _builder_version=&#8221;4.0.4&#8243; max_width=&#8221;30px&#8221; module_alignment=&#8221;left&#8221;][\/et_pb_image][\/et_pb_column][et_pb_column type=&#8221;3_4&#8243; specialty_columns=&#8221;3&#8243; _builder_version=&#8221;3.25&#8243; custom_padding=&#8221;|||&#8221; custom_padding__hover=&#8221;|||&#8221;][et_pb_row_inner admin_label=&#8221;Sor&#8221; _builder_version=&#8221;3.25&#8243;][et_pb_column_inner saved_specialty_column_type=&#8221;3_4&#8243; _builder_version=&#8221;3.25&#8243; custom_padding=&#8221;|||&#8221; custom_padding__hover=&#8221;|||&#8221;][et_pb_text admin_label=&#8221;N\u00e9v&#8221; _builder_version=&#8221;3.27.4&#8243; text_font=&#8221;Raleway|700||on|||||&#8221; text_text_color=&#8221;#a6192e&#8221; text_font_size=&#8221;36px&#8221; header_font=&#8221;Raleway|700||on|||||&#8221; header_text_align=&#8221;center&#8221; header_text_color=&#8221;#ffffff&#8221; header_font_size=&#8221;50px&#8221; header_line_height=&#8221;1.4em&#8221; custom_margin=&#8221;||0px|&#8221; custom_padding=&#8221;||15px|&#8221; z_index_tablet=&#8221;500&#8243; text_font_size_tablet=&#8221;30px&#8221; text_font_size_phone=&#8221;22px&#8221; text_font_size_last_edited=&#8221;on|desktop&#8221; header_font_size_tablet=&#8221;30px&#8221; header_font_size_phone=&#8221;22px&#8221; header_font_size_last_edited=&#8221;on|desktop&#8221;]<\/p>\n<p>Dr. T\u00e1las J\u00f3zsef<\/p>\n<p>[\/et_pb_text][et_pb_text admin_label=&#8221;poz\u00edci\u00f3&#8221; _builder_version=&#8221;3.27.4&#8243; text_font=&#8221;Raleway|700|||||||&#8221; text_text_color=&#8221;#63666a&#8221; text_font_size=&#8221;18px&#8221; custom_margin=&#8221;||0px|&#8221; custom_padding=&#8221;||10px|&#8221; z_index_tablet=&#8221;500&#8243; text_font_size_tablet=&#8221;20px&#8221; text_font_size_phone=&#8221;&#8221; text_font_size_last_edited=&#8221;on|desktop&#8221;]\u00fcgyv\u00e9d<br \/>\npartner<br \/>\n[\/et_pb_text][et_pb_divider divider_position=&#8221;center&#8221; divider_weight=&#8221;3&#8243; _builder_version=&#8221;3.21.1&#8243; max_width=&#8221;50px&#8221; module_alignment=&#8221;left&#8221; height=&#8221;0px&#8221; animation_style=&#8221;zoom&#8221; z_index_tablet=&#8221;500&#8243;][\/et_pb_divider][et_pb_text admin_label=&#8221;Le\u00edr\u00e1s&#8221; _builder_version=&#8221;3.27.4&#8243; text_orientation=&#8221;justified&#8221; z_index_tablet=&#8221;500&#8243;]<\/p>\n<p>Dr. T\u00e1las J\u00f3zsef komoly tapasztalattal rendelkezik a szellemi alkot\u00e1sok valamennyi \u00e1g\u00e1val kapcsolatos elj\u00e1r\u00e1sok \u00e9s tan\u00e1csad\u00e1s ter\u00fclet\u00e9n, ide\u00e9rtve a szabadalmi, v\u00e9djegy, szerz\u0151i jogi, tisztess\u00e9gtelen piaci magatart\u00e1shoz kapcsol\u00f3d\u00f3 jog\u00e9rv\u00e9nyes\u00edt\u00e9st, illetve a vonatkoz\u00f3 \u00fczleti, befektet\u00e9si \u00e9s ad\u00f3jogi k\u00e9rd\u00e9seket. Gyakorlata kiterjed az indul\u00f3 magyarorsz\u00e1gi v\u00e1llalkoz\u00e1sokkal, illetve befektet\u00e9si t\u00e1rsas\u00e1gokkal folytatott technol\u00f3gia-transzfer, licencia, valamint egy\u00e9b \u00fczleti egyeztet\u00e9sekre \u00e9s az ilyen jelleg\u0171 c\u00e9gek v\u00e1s\u00e1rl\u00e1s\u00e1val, illetve elad\u00e1s\u00e1val kapcsolatos jog\u00fcgyletekben val\u00f3 k\u00f6zrem\u0171k\u00f6d\u00e9sre \u00e9s tan\u00e1csad\u00e1sra is. Szabadalom jogi tev\u00e9kenys\u00e9ge keret\u00e9ben sz\u00e1mos magyarorsz\u00e1gi kutat\u00f3k\u00f6zpont meg\u00e1llapod\u00e1sainak \u00e9s szab\u00e1lyzat\u00e1nak kidolgoz\u00e1s\u00e1ban vett r\u00e9szt, k\u00fcl\u00f6n\u00f6s tekintettel az innov\u00e1ci\u00f3ra, illetve feltal\u00e1l\u00f3k javadalmaz\u00e1s\u00e1ra vonatkoz\u00f3an. A gy\u00f3gyszerszabadalmi \u00e9s egy\u00e9b szabadalmi jog\u00e9rv\u00e9nyes\u00edt\u00e9sben nemzetk\u00f6zileg elismert vezet\u0151 szaktekint\u00e9ly.<\/p>\n<p>Sz\u00e1mos publik\u00e1ci\u00f3val rendelkezik az eml\u00edtett ter\u00fcleteken, t\u00f6bbek k\u00f6z\u00f6tt szerz\u0151je a Chambers \u00e1ltal kiadott Global Patent Litigation, a Kluwer \u00e1ltal kiadott Global Patent Litigation, a BNA-f\u00e9le International Patent Litigation, cikkei jelentek meg az Oxford Academic \u00e1ltal kiadott Journal of Intellectual Property Law and Practice-ben, az EPO Academy \u00e1ltal megjelentett kiadv\u00e1nyokban.<\/p>\n<p>A Danubia Legal el\u0151tt dolgozott k\u00fcls\u0151 tan\u00e1csad\u00f3k\u00e9nt a kor\u00e1bban \u00e1ltala vezetett S\u00e1r \u00e9s T\u00e1rsai \u00dcgyv\u00e9di Irod\u00e1nak, valamint azt megel\u0151z\u0151en ad\u00f3tan\u00e1csad\u00f3k\u00e9nt a KPMG-n\u00e9l, illetve 1998-ban gyakornokk\u00e9nt az IBFD-n\u00e9l (Nemzetk\u00f6zi P\u00e9nz\u00fcgyi Dokument\u00e1ci\u00f3s K\u00f6zpont, Amszterdam).<\/p>\n<p>J\u00f3zsef az ELTE \u00c1llam- \u00e9s Jogtudom\u00e1nyi Kar\u00e1n jog\u00e1szk\u00e9nt v\u00e9gzett 1996-ban.<br \/>1998-ban ad\u00f3tan\u00e1csad\u00f3i szakk\u00e9pes\u00edt\u00e9st szerzett.<\/p>\n<p><span style=\"color: #a6192e;\"><strong>Nyelvtud\u00e1s:<\/strong><\/span><br \/>angol<\/p>\n<p>[\/et_pb_text][\/et_pb_column_inner][\/et_pb_row_inner][et_pb_row_inner column_structure=&#8221;1_2,1_2&#8243; admin_label=&#8221;Sor&#8221; _builder_version=&#8221;3.25&#8243;][et_pb_column_inner type=&#8221;1_2&#8243; saved_specialty_column_type=&#8221;3_4&#8243; _builder_version=&#8221;3.25&#8243; custom_padding=&#8221;|||&#8221; custom_padding__hover=&#8221;|||&#8221;][et_pb_text admin_label=&#8221;Szakmai tags\u00e1gok&#8221; _builder_version=&#8221;3.27.4&#8243; text_font=&#8221;Raleway|700|||||||&#8221; text_text_color=&#8221;#a6192e&#8221; z_index_tablet=&#8221;500&#8243;]<\/p>\n<p>Szakmai tags\u00e1gok<\/p>\n<p>[\/et_pb_text][et_pb_text admin_label=&#8221;Szakmai tags\u00e1gok felsorol\u00e1s&#8221; _builder_version=&#8221;3.27.4&#8243; z_index_tablet=&#8221;500&#8243;]<span style=\"color: #a6192e;\">\u00bb<\/span> Budapesti \u00dcgyv\u00e9di Kamara<br \/>\n<span style=\"color: #a6192e;\">\u00bb<\/span> tagja az AIPPI magyar csoportj\u00e1nak<br \/>\n<span style=\"color: #a6192e;\">\u00bb<\/span> tagja az AIPPI Egys\u00e9ges Hat\u00e1ly\u00fa Eur\u00f3pai Szabadalommal \u00e9s az Egys\u00e9ges Szabadalmi B\u00edr\u00f3s\u00e1ggal, valamint \u201eaz attorneys-client privileged\u201d k\u00e9rd\u00e9s\u00e9vel foglalkoz\u00f3 \u00e1lland\u00f3 bizotts\u00e1gainak<br \/>\n<span style=\"color: #a6192e;\">\u00bb<\/span> Eur\u00f3pai Szabadalmi \u00dcgyv\u00e9dek Egyes\u00fclete Tan\u00e1csad\u00f3 Test\u00fclet\u00e9nek (Advisory Board of European Patent Lawyers Association, EPLAW)<br \/>\n<span style=\"color: #a6192e;\">\u00bb<\/span> Magyar Iparjogv\u00e9delmi \u00e9s Szerz\u0151i Jogi Egyes\u00fclet<br \/>\n<span style=\"color: #a6192e;\">\u00bb<\/span> 2008-13 k\u00f6z\u00f6tt tagja volt az Eur\u00f3pai \u00e9s K\u00f6z\u00f6ss\u00e9gi Szabadalmi B\u00edr\u00f3s\u00e1g fel\u00e1ll\u00edt\u00e1s\u00e1t c\u00e9lz\u00f3 Eur\u00f3pai Uni\u00f3s bizotts\u00e1g munk\u00e1j\u00e1t seg\u00edt\u0151 \u00fcgyv\u00e9dekb\u0151l \u00e9s b\u00edr\u00e1kb\u00f3l \u00e1ll\u00f3 szak\u00e9rt\u0151i munkacsoportnak<br \/>\n[\/et_pb_text][\/et_pb_column_inner][et_pb_column_inner type=&#8221;1_2&#8243; saved_specialty_column_type=&#8221;3_4&#8243; _builder_version=&#8221;3.25&#8243; custom_padding=&#8221;|||&#8221; custom_padding__hover=&#8221;|||&#8221;][et_pb_text admin_label=&#8221;F\u0151bb szakter\u00fcletek&#8221; _builder_version=&#8221;3.27.4&#8243; text_font=&#8221;Raleway|700|||||||&#8221; text_text_color=&#8221;#a6192e&#8221; z_index_tablet=&#8221;500&#8243;]<\/p>\n<p>F\u0151bb szakter\u00fcletek<\/p>\n<p>[\/et_pb_text][et_pb_text admin_label=&#8221;F\u0151bb szakter\u00fcletek felsorol\u00e1s&#8221; _builder_version=&#8221;3.27.4&#8243; z_index_tablet=&#8221;500&#8243;]<span style=\"color: #a6192e;\">\u00bb<\/span> szabadalmi jog, peres k\u00e9pviselet, szellemi tulajdonjog, kereskedelmi jog, ad\u00f3jog<br \/>\n[\/et_pb_text][\/et_pb_column_inner][\/et_pb_row_inner][\/et_pb_column][\/et_pb_section]<\/p>\n","protected":false},"excerpt":{"rendered":"<p>(+36 1) 411-8875office@danubialegal.hujozsef.talas@danubialegal.hu Dr. T\u00e1las J\u00f3zsef \u00fcgyv\u00e9d partner Dr. T\u00e1las J\u00f3zsef komoly tapasztalattal rendelkezik a szellemi alkot\u00e1sok valamennyi \u00e1g\u00e1val kapcsolatos elj\u00e1r\u00e1sok \u00e9s tan\u00e1csad\u00e1s ter\u00fclet\u00e9n, ide\u00e9rtve a szabadalmi, v\u00e9djegy, szerz\u0151i jogi, tisztess\u00e9gtelen piaci magatart\u00e1shoz kapcsol\u00f3d\u00f3 jog\u00e9rv\u00e9nyes\u00edt\u00e9st, illetve a vonatkoz\u00f3 \u00fczleti, befektet\u00e9si \u00e9s ad\u00f3jogi k\u00e9rd\u00e9seket. Gyakorlata kiterjed az indul\u00f3 magyarorsz\u00e1gi v\u00e1llalkoz\u00e1sokkal, illetve befektet\u00e9si t\u00e1rsas\u00e1gokkal folytatott technol\u00f3gia-transzfer, licencia, [&hellip;]<\/p>\n","protected":false},"author":1,"featured_media":0,"parent":922,"menu_order":0,"comment_status":"closed","ping_status":"closed","template":"","meta":{"_et_pb_use_builder":"on","_et_pb_old_content":"","_et_gb_content_width":"","footnotes":""},"class_list":["post-1560","page","type-page","status-publish","hentry"],"yoast_head":"<!-- This site is optimized with the Yoast SEO plugin v27.3 - https:\/\/yoast.com\/product\/yoast-seo-wordpress\/ -->\n<title>Dr. T\u00e1las J\u00f3zsef\u00a0- \u00fcgyv\u00e9d - DANUBIA LEGAL<\/title>\n<meta name=\"description\" content=\"Szabadalmi, v\u00e9djegy, szerz\u0151i jogi, tisztess\u00e9gtelen piaci magatart\u00e1shoz kapcsol\u00f3d\u00f3 jog\u00e9rv\u00e9nyes\u00edt\u00e9s, szerz\u0151i jogv\u00e9delem, technol\u00f3gia-transzfer, licencszerz\u0151d\u00e9s\" \/>\n<meta name=\"robots\" content=\"index, follow, max-snippet:-1, max-image-preview:large, max-video-preview:-1\" \/>\n<link rel=\"canonical\" href=\"https:\/\/www.danubia.com\/hu\/munkatarsaink\/dr-talas-jozsef\/\" \/>\n<meta property=\"og:locale\" content=\"hu_HU\" \/>\n<meta property=\"og:type\" content=\"article\" \/>\n<meta property=\"og:title\" content=\"Dr. T\u00e1las J\u00f3zsef\u00a0- \u00fcgyv\u00e9d - DANUBIA LEGAL\" \/>\n<meta property=\"og:description\" content=\"Szabadalmi, v\u00e9djegy, szerz\u0151i jogi, tisztess\u00e9gtelen piaci magatart\u00e1shoz kapcsol\u00f3d\u00f3 jog\u00e9rv\u00e9nyes\u00edt\u00e9s, szerz\u0151i jogv\u00e9delem, technol\u00f3gia-transzfer, licencszerz\u0151d\u00e9s\" \/>\n<meta property=\"og:url\" content=\"https:\/\/www.danubia.com\/hu\/munkatarsaink\/dr-talas-jozsef\/\" \/>\n<meta property=\"og:site_name\" content=\"Danubia\" \/>\n<meta property=\"article:modified_time\" content=\"2020-02-05T15:09:57+00:00\" \/>\n<meta property=\"og:image\" content=\"https:\/\/www.danubia.com\/wp-content\/uploads\/2019\/11\/Danubia-og-hu.jpg\" \/>\n\t<meta property=\"og:image:width\" content=\"1125\" \/>\n\t<meta property=\"og:image:height\" content=\"633\" \/>\n\t<meta property=\"og:image:type\" content=\"image\/jpeg\" \/>\n<meta name=\"twitter:card\" content=\"summary_large_image\" \/>\n<meta name=\"twitter:label1\" content=\"Becs\u00fclt olvas\u00e1si id\u0151\" \/>\n\t<meta name=\"twitter:data1\" content=\"5 perc\" \/>\n<script type=\"application\/ld+json\" class=\"yoast-schema-graph\">{\"@context\":\"https:\\\/\\\/schema.org\",\"@graph\":[{\"@type\":\"WebPage\",\"@id\":\"https:\\\/\\\/www.danubia.com\\\/hu\\\/munkatarsaink\\\/dr-talas-jozsef\\\/\",\"url\":\"https:\\\/\\\/www.danubia.com\\\/hu\\\/munkatarsaink\\\/dr-talas-jozsef\\\/\",\"name\":\"Dr. T\u00e1las J\u00f3zsef\u00a0- \u00fcgyv\u00e9d - DANUBIA LEGAL\",\"isPartOf\":{\"@id\":\"https:\\\/\\\/www.danubia.com\\\/#website\"},\"datePublished\":\"2019-07-27T05:36:38+00:00\",\"dateModified\":\"2020-02-05T15:09:57+00:00\",\"description\":\"Szabadalmi, v\u00e9djegy, szerz\u0151i jogi, tisztess\u00e9gtelen piaci magatart\u00e1shoz kapcsol\u00f3d\u00f3 jog\u00e9rv\u00e9nyes\u00edt\u00e9s, szerz\u0151i jogv\u00e9delem, technol\u00f3gia-transzfer, licencszerz\u0151d\u00e9s\",\"breadcrumb\":{\"@id\":\"https:\\\/\\\/www.danubia.com\\\/hu\\\/munkatarsaink\\\/dr-talas-jozsef\\\/#breadcrumb\"},\"inLanguage\":\"hu\",\"potentialAction\":[{\"@type\":\"ReadAction\",\"target\":[\"https:\\\/\\\/www.danubia.com\\\/hu\\\/munkatarsaink\\\/dr-talas-jozsef\\\/\"]}]},{\"@type\":\"BreadcrumbList\",\"@id\":\"https:\\\/\\\/www.danubia.com\\\/hu\\\/munkatarsaink\\\/dr-talas-jozsef\\\/#breadcrumb\",\"itemListElement\":[{\"@type\":\"ListItem\",\"position\":1,\"name\":\"Home\",\"item\":\"https:\\\/\\\/www.danubia.com\\\/hu\\\/\"},{\"@type\":\"ListItem\",\"position\":2,\"name\":\"Munkat\u00e1rsaink\",\"item\":\"https:\\\/\\\/www.danubia.com\\\/hu\\\/munkatarsaink\\\/\"},{\"@type\":\"ListItem\",\"position\":3,\"name\":\"Dr. T\u00e1las J\u00f3zsef\"}]},{\"@type\":\"WebSite\",\"@id\":\"https:\\\/\\\/www.danubia.com\\\/#website\",\"url\":\"https:\\\/\\\/www.danubia.com\\\/\",\"name\":\"Danubia\",\"description\":\"\",\"potentialAction\":[{\"@type\":\"SearchAction\",\"target\":{\"@type\":\"EntryPoint\",\"urlTemplate\":\"https:\\\/\\\/www.danubia.com\\\/?s={search_term_string}\"},\"query-input\":{\"@type\":\"PropertyValueSpecification\",\"valueRequired\":true,\"valueName\":\"search_term_string\"}}],\"inLanguage\":\"hu\"}]}<\/script>\n<!-- \/ Yoast SEO plugin. -->","yoast_head_json":{"title":"Dr. T\u00e1las J\u00f3zsef\u00a0- \u00fcgyv\u00e9d - DANUBIA LEGAL","description":"Szabadalmi, v\u00e9djegy, szerz\u0151i jogi, tisztess\u00e9gtelen piaci magatart\u00e1shoz kapcsol\u00f3d\u00f3 jog\u00e9rv\u00e9nyes\u00edt\u00e9s, szerz\u0151i jogv\u00e9delem, technol\u00f3gia-transzfer, licencszerz\u0151d\u00e9s","robots":{"index":"index","follow":"follow","max-snippet":"max-snippet:-1","max-image-preview":"max-image-preview:large","max-video-preview":"max-video-preview:-1"},"canonical":"https:\/\/www.danubia.com\/hu\/munkatarsaink\/dr-talas-jozsef\/","og_locale":"hu_HU","og_type":"article","og_title":"Dr. T\u00e1las J\u00f3zsef\u00a0- \u00fcgyv\u00e9d - DANUBIA LEGAL","og_description":"Szabadalmi, v\u00e9djegy, szerz\u0151i jogi, tisztess\u00e9gtelen piaci magatart\u00e1shoz kapcsol\u00f3d\u00f3 jog\u00e9rv\u00e9nyes\u00edt\u00e9s, szerz\u0151i jogv\u00e9delem, technol\u00f3gia-transzfer, licencszerz\u0151d\u00e9s","og_url":"https:\/\/www.danubia.com\/hu\/munkatarsaink\/dr-talas-jozsef\/","og_site_name":"Danubia","article_modified_time":"2020-02-05T15:09:57+00:00","og_image":[{"width":1125,"height":633,"url":"https:\/\/www.danubia.com\/wp-content\/uploads\/2019\/11\/Danubia-og-hu.jpg","type":"image\/jpeg"}],"twitter_card":"summary_large_image","twitter_misc":{"Becs\u00fclt olvas\u00e1si id\u0151":"5 perc"},"schema":{"@context":"https:\/\/schema.org","@graph":[{"@type":"WebPage","@id":"https:\/\/www.danubia.com\/hu\/munkatarsaink\/dr-talas-jozsef\/","url":"https:\/\/www.danubia.com\/hu\/munkatarsaink\/dr-talas-jozsef\/","name":"Dr. T\u00e1las J\u00f3zsef\u00a0- \u00fcgyv\u00e9d - DANUBIA LEGAL","isPartOf":{"@id":"https:\/\/www.danubia.com\/#website"},"datePublished":"2019-07-27T05:36:38+00:00","dateModified":"2020-02-05T15:09:57+00:00","description":"Szabadalmi, v\u00e9djegy, szerz\u0151i jogi, tisztess\u00e9gtelen piaci magatart\u00e1shoz kapcsol\u00f3d\u00f3 jog\u00e9rv\u00e9nyes\u00edt\u00e9s, szerz\u0151i jogv\u00e9delem, technol\u00f3gia-transzfer, licencszerz\u0151d\u00e9s","breadcrumb":{"@id":"https:\/\/www.danubia.com\/hu\/munkatarsaink\/dr-talas-jozsef\/#breadcrumb"},"inLanguage":"hu","potentialAction":[{"@type":"ReadAction","target":["https:\/\/www.danubia.com\/hu\/munkatarsaink\/dr-talas-jozsef\/"]}]},{"@type":"BreadcrumbList","@id":"https:\/\/www.danubia.com\/hu\/munkatarsaink\/dr-talas-jozsef\/#breadcrumb","itemListElement":[{"@type":"ListItem","position":1,"name":"Home","item":"https:\/\/www.danubia.com\/hu\/"},{"@type":"ListItem","position":2,"name":"Munkat\u00e1rsaink","item":"https:\/\/www.danubia.com\/hu\/munkatarsaink\/"},{"@type":"ListItem","position":3,"name":"Dr. T\u00e1las J\u00f3zsef"}]},{"@type":"WebSite","@id":"https:\/\/www.danubia.com\/#website","url":"https:\/\/www.danubia.com\/","name":"Danubia","description":"","potentialAction":[{"@type":"SearchAction","target":{"@type":"EntryPoint","urlTemplate":"https:\/\/www.danubia.com\/?s={search_term_string}"},"query-input":{"@type":"PropertyValueSpecification","valueRequired":true,"valueName":"search_term_string"}}],"inLanguage":"hu"}]}},"_links":{"self":[{"href":"https:\/\/www.danubia.com\/hu\/wp-json\/wp\/v2\/pages\/1560","targetHints":{"allow":["GET"]}}],"collection":[{"href":"https:\/\/www.danubia.com\/hu\/wp-json\/wp\/v2\/pages"}],"about":[{"href":"https:\/\/www.danubia.com\/hu\/wp-json\/wp\/v2\/types\/page"}],"author":[{"embeddable":true,"href":"https:\/\/www.danubia.com\/hu\/wp-json\/wp\/v2\/users\/1"}],"replies":[{"embeddable":true,"href":"https:\/\/www.danubia.com\/hu\/wp-json\/wp\/v2\/comments?post=1560"}],"version-history":[{"count":6,"href":"https:\/\/www.danubia.com\/hu\/wp-json\/wp\/v2\/pages\/1560\/revisions"}],"predecessor-version":[{"id":3692,"href":"https:\/\/www.danubia.com\/hu\/wp-json\/wp\/v2\/pages\/1560\/revisions\/3692"}],"up":[{"embeddable":true,"href":"https:\/\/www.danubia.com\/hu\/wp-json\/wp\/v2\/pages\/922"}],"wp:attachment":[{"href":"https:\/\/www.danubia.com\/hu\/wp-json\/wp\/v2\/media?parent=1560"}],"curies":[{"name":"wp","href":"https:\/\/api.w.org\/{rel}","templated":true}]}}