{"id":1656,"date":"2019-08-05T07:24:04","date_gmt":"2019-08-05T07:24:04","guid":{"rendered":"https:\/\/www.danubia.com\/?page_id=1656"},"modified":"2021-04-07T10:16:39","modified_gmt":"2021-04-07T10:16:39","slug":"karrier","status":"publish","type":"page","link":"https:\/\/www.danubia.com\/hu\/karrier\/","title":{"rendered":"Karrier"},"content":{"rendered":"<p>[et_pb_section fb_built=&#8221;1&#8243; _builder_version=&#8221;3.22.7&#8243; background_image=&#8221;https:\/\/www.danubia.com\/wp-content\/uploads\/2019\/08\/Danube-Budapest8.jpg&#8221; inner_width_tablet=&#8221;50px&#8221; inner_max_width_tablet=&#8221;50px&#8221; custom_padding=&#8221;0px||0px|&#8221; z_index_tablet=&#8221;500&#8243;][et_pb_row use_custom_gutter=&#8221;on&#8221; gutter_width=&#8221;1&#8243; custom_padding_last_edited=&#8221;on|desktop&#8221; module_class=&#8221; et_pb_row_fullwidth et_pb_row_fullwidth et_pb_row_fullwidth et_pb_row_fullwidth et_pb_row_fullwidth&#8221; _builder_version=&#8221;3.25&#8243; background_color=&#8221;rgba(0,0,0,0.2)&#8221; background_size=&#8221;initial&#8221; background_position=&#8221;top_left&#8221; background_repeat=&#8221;repeat&#8221; width=&#8221;100%&#8221; width_tablet=&#8221;100%&#8221; width_phone=&#8221;&#8221; width_last_edited=&#8221;on|desktop&#8221; max_width=&#8221;100%&#8221; max_width_tablet=&#8221;100%&#8221; max_width_phone=&#8221;&#8221; max_width_last_edited=&#8221;on|desktop&#8221; custom_padding=&#8221;80px||80px|&#8221; custom_padding_tablet=&#8221;&#8221; custom_padding_phone=&#8221;50px||50px|&#8221; animation_style=&#8221;fade&#8221; animation_delay=&#8221;500ms&#8221; z_index_tablet=&#8221;500&#8243; make_fullwidth=&#8221;on&#8221;][et_pb_column type=&#8221;4_4&#8243; _builder_version=&#8221;3.25&#8243; custom_padding=&#8221;|||&#8221; custom_padding__hover=&#8221;|||&#8221;][et_pb_text _builder_version=&#8221;3.27.4&#8243; text_font=&#8221;Raleway|700|||||||&#8221; text_text_color=&#8221;#ffffff&#8221; text_font_size=&#8221;36px&#8221; header_font=&#8221;Raleway|700||on|||||&#8221; header_text_align=&#8221;center&#8221; header_text_color=&#8221;#ffffff&#8221; header_font_size=&#8221;36px&#8221; header_line_height=&#8221;1.4em&#8221; text_orientation=&#8221;center&#8221; text_font_size_tablet=&#8221;30px&#8221; text_font_size_phone=&#8221;22px&#8221; text_font_size_last_edited=&#8221;on|phone&#8221; header_font_size_tablet=&#8221;30px&#8221; header_font_size_phone=&#8221;22px&#8221; header_font_size_last_edited=&#8221;on|desktop&#8221; z_index_tablet=&#8221;500&#8243;]<\/p>\n<h1>Karrier<\/h1>\n<p>[\/et_pb_text][\/et_pb_column][\/et_pb_row][\/et_pb_section][et_pb_section fb_built=&#8221;1&#8243; _builder_version=&#8221;4.4.8&#8243; background_color=&#8221;#f9f9f9&#8243;][et_pb_row _builder_version=&#8221;3.25&#8243; background_size=&#8221;initial&#8221; background_position=&#8221;top_left&#8221; background_repeat=&#8221;repeat&#8221;][et_pb_column type=&#8221;4_4&#8243; _builder_version=&#8221;3.25&#8243; custom_padding=&#8221;|||&#8221; custom_padding__hover=&#8221;|||&#8221;][et_pb_text _builder_version=&#8221;4.4.8&#8243; text_orientation=&#8221;justified&#8221; z_index_tablet=&#8221;500&#8243;]<\/p>\n<p>A Danubia C\u00e9gcsoport a hazai piac legnagyobb IP szak\u00e9rt\u0151 \u00e9s szolg\u00e1ltat\u00f3 szerepl\u0151je, egyed\u00fcl\u00e1ll\u00f3an sz\u00e9les portf\u00f3li\u00f3val \u00e9s nemzetk\u00f6zi szinten is komoly ismerts\u00e9ggel. A Danubi\u00e1n\u00e1l v\u00e9gzett munka rendk\u00edv\u00fcl v\u00e1ltozatos, \u00e9s a szakma legjobbjaival val\u00f3 egy\u00fcttm\u0171k\u00f6d\u00e9s lehet\u0151s\u00e9g\u00e9t ny\u00fajtja, t\u00e1mogat\u00f3, emberi l\u00e9gk\u00f6rben.<\/p>\n<p>A Danubia Szabadalmi \u00e9s Jogi Iroda Kft., a vele szorosan egy\u00fcttm\u0171k\u00f6d\u0151 Danubia Legal \u00dcgyv\u00e9di Irod\u00e1k \u00e9s a Danubia IP Innov\u00e1ci\u00f3s Tan\u00e1csad\u00f3 Kft. seg\u00edts\u00e9g\u00e9vel az innovat\u00edv gondolat megsz\u00fclet\u00e9s\u00e9t\u0151l a keletkez\u0151 term\u00e9k vagy szolg\u00e1ltat\u00e1s piaci bevezet\u00e9s\u00e9n \u00e1t a hasznos\u00edt\u00e1si ciklus befejez\u00e9s\u00e9ig ny\u00fajt ig\u00e9ny szerinti szolg\u00e1ltat\u00e1st \u00fcgyfelei sz\u00e1m\u00e1ra.<\/p>\n<p>[\/et_pb_text][et_pb_text disabled_on=&#8221;off|off|off&#8221; _builder_version=&#8221;4.4.8&#8243; text_orientation=&#8221;justified&#8221; hover_enabled=&#8221;0&#8243; z_index_tablet=&#8221;500&#8243;]<\/p>\n<p>Jelenleg nincs nyitott poz\u00edci\u00f3nk. Amennyiben szeretn\u00e9 \u00f6n\u00e9letrajz\u00e1t figyelm\u00fcnkbe aj\u00e1nlani, k\u00e9rj\u00fck, a bet\u00f6lteni k\u00edv\u00e1nt munkak\u00f6r megjel\u00f6l\u00e9s\u00e9vel k\u00fcldje el azt a <a href=\"mailto:karrier@danubia.hu\">karrier@danubia.hu<\/a> e-mail c\u00edmre.<\/p>\n<p>[\/et_pb_text][et_pb_button button_url=&#8221;#ipmenedzsmenttanacsado&#8221; button_text=&#8221;IP menedzsment tan\u00e1csad\u00f3&#8221; button_alignment=&#8221;center&#8221; disabled_on=&#8221;on|on|on&#8221; module_class=&#8221;gq_r_fixed_buttons&#8221; _builder_version=&#8221;4.4.8&#8243; custom_button=&#8221;on&#8221; button_text_size=&#8221;16&#8243; button_text_color=&#8221;#ffffff&#8221; button_bg_color=&#8221;#a6192e&#8221; button_border_color=&#8221;#a6192e&#8221; button_font=&#8221;Raleway|600||on|||||&#8221; button_icon=&#8221;%%24%%&#8221; animation_style=&#8221;fade&#8221; hover_enabled=&#8221;0&#8243; z_index_tablet=&#8221;500&#8243; disabled=&#8221;on&#8221;][\/et_pb_button][\/et_pb_column][\/et_pb_row][\/et_pb_section][et_pb_section fb_built=&#8221;1&#8243; disabled_on=&#8221;on|on|on&#8221; admin_label=&#8221;IP menedzsment tan\u00e1csad\u00f3&#8221; module_id=&#8221;ipmenedzsmenttanacsado&#8221; _builder_version=&#8221;4.4.8&#8243; background_enable_color=&#8221;off&#8221; hover_enabled=&#8221;0&#8243; disabled=&#8221;on&#8221;][et_pb_row _builder_version=&#8221;4.4.8&#8243;][et_pb_column type=&#8221;4_4&#8243; _builder_version=&#8221;4.4.8&#8243;][et_pb_text admin_label=&#8221;Sz\u00f6veg&#8221; _builder_version=&#8221;4.4.8&#8243; text_font=&#8221;|700||on|||||&#8221; text_text_color=&#8221;#a6192e&#8221; text_font_size=&#8221;18px&#8221; header_font=&#8221;|700||on|||||&#8221; header_text_align=&#8221;center&#8221; header_text_color=&#8221;#a6192e&#8221; header_font_size=&#8221;16px&#8221; header_line_height=&#8221;1.4em&#8221; text_orientation=&#8221;center&#8221; z_index_tablet=&#8221;500&#8243; text_text_shadow_horizontal_length_tablet=&#8221;0px&#8221; text_text_shadow_vertical_length_tablet=&#8221;0px&#8221; text_text_shadow_blur_strength_tablet=&#8221;1px&#8221; link_text_shadow_horizontal_length_tablet=&#8221;0px&#8221; link_text_shadow_vertical_length_tablet=&#8221;0px&#8221; link_text_shadow_blur_strength_tablet=&#8221;1px&#8221; ul_text_shadow_horizontal_length_tablet=&#8221;0px&#8221; ul_text_shadow_vertical_length_tablet=&#8221;0px&#8221; ul_text_shadow_blur_strength_tablet=&#8221;1px&#8221; ol_text_shadow_horizontal_length_tablet=&#8221;0px&#8221; ol_text_shadow_vertical_length_tablet=&#8221;0px&#8221; ol_text_shadow_blur_strength_tablet=&#8221;1px&#8221; quote_text_shadow_horizontal_length_tablet=&#8221;0px&#8221; quote_text_shadow_vertical_length_tablet=&#8221;0px&#8221; quote_text_shadow_blur_strength_tablet=&#8221;1px&#8221; header_text_shadow_horizontal_length_tablet=&#8221;0px&#8221; header_text_shadow_vertical_length_tablet=&#8221;0px&#8221; header_text_shadow_blur_strength_tablet=&#8221;1px&#8221; header_2_text_shadow_horizontal_length_tablet=&#8221;0px&#8221; header_2_text_shadow_vertical_length_tablet=&#8221;0px&#8221; header_2_text_shadow_blur_strength_tablet=&#8221;1px&#8221; header_3_text_shadow_horizontal_length_tablet=&#8221;0px&#8221; header_3_text_shadow_vertical_length_tablet=&#8221;0px&#8221; header_3_text_shadow_blur_strength_tablet=&#8221;1px&#8221; header_4_text_shadow_horizontal_length_tablet=&#8221;0px&#8221; header_4_text_shadow_vertical_length_tablet=&#8221;0px&#8221; header_4_text_shadow_blur_strength_tablet=&#8221;1px&#8221; header_5_text_shadow_horizontal_length_tablet=&#8221;0px&#8221; header_5_text_shadow_vertical_length_tablet=&#8221;0px&#8221; header_5_text_shadow_blur_strength_tablet=&#8221;1px&#8221; header_6_text_shadow_horizontal_length_tablet=&#8221;0px&#8221; header_6_text_shadow_vertical_length_tablet=&#8221;0px&#8221; header_6_text_shadow_blur_strength_tablet=&#8221;1px&#8221; box_shadow_horizontal_tablet=&#8221;0px&#8221; box_shadow_vertical_tablet=&#8221;0px&#8221; box_shadow_blur_tablet=&#8221;40px&#8221; box_shadow_spread_tablet=&#8221;0px&#8221;]<\/p>\n<p>IP menedzsment tan\u00e1csad\u00f3<\/p>\n<p>[\/et_pb_text][et_pb_text _builder_version=&#8221;4.4.8&#8243; text_orientation=&#8221;justified&#8221; z_index_tablet=&#8221;500&#8243;]<\/p>\n<p>A szellemi tulajdon (IP) sz\u00e1mos felm\u00e9r\u00e9s szerint a v\u00e1llalatok messze leg\u00e9rt\u00e9kesebb eszk\u00f6ze, ennek ellen\u00e9re a szellemi tulajdon elemek (pl. szabadalom, know-how, v\u00e9djegy, design, szerz\u0151i jog, stb.) behat\u00f3 ismerete \u00e9s hat\u00e9kony menedzsel\u00e9s\u00fck ritka \u00e9s \u00e9rt\u00e9kes tud\u00e1s.<\/p>\n<p>C\u00e9gcsoportunkon bel\u00fcl a <strong>Danubia IP Innov\u00e1ci\u00f3s Tan\u00e1csad\u00f3 Kft<\/strong>. csapata t\u00e1mogatja az \u00fcgyfeleket a szellemi tulajdon hat\u00e9kony kezel\u00e9s\u00e9ben, \u00fczleti hasznos\u00edt\u00e1s\u00e1ban. Koll\u00e9g\u00e1ink az \u00fczleti-, m\u0171szaki- \u00e9s term\u00e9szettudom\u00e1nyok, valamint a jog \u00e9s az iparjogv\u00e9delem hat\u00e1rter\u00fcletein dolgoznak, \u00edgy unatkozni kev\u00e9s, \u00faj dolgokat tanulni ann\u00e1l t\u00f6bb lehet\u0151s\u00e9g\u00fcnk van.<\/p>\n<p>A munkak\u00f6r remek lehet\u0151s\u00e9get ny\u00fajt ennek az egyedi ter\u00fcletnek a megismer\u00e9s\u00e9re, a bet\u00f6lt\u00e9s\u00e9hez pedig sz\u00fcks\u00e9ges, hogy a jelentkez\u0151 tiszt\u00e1ban legyen a piac m\u0171k\u00f6d\u00e9s\u00e9vel, de ne riadjon vissza a m\u0171szaki \u00e9s a jogi k\u00e9rd\u00e9sekt\u0151l sem, a felel\u0151ss\u00e9gteljes munkav\u00e9gz\u00e9s \u00e9s az ig\u00e9nyess\u00e9g pedig alapvet\u0151 elv\u00e1r\u00e1s.<\/p>\n<p>[\/et_pb_text][et_pb_text admin_label=&#8221;kiemel\u00e9s&#8221; _builder_version=&#8221;4.4.8&#8243; text_font=&#8221;Raleway|700|||||||&#8221; text_text_color=&#8221;#a6192e&#8221; z_index_tablet=&#8221;500&#8243;]A munkak\u00f6r bet\u00f6lt\u00e9se sor\u00e1n ell\u00e1tand\u00f3 f\u0151bb feladatok, munk\u00e1k:[\/et_pb_text][et_pb_text admin_label=&#8221;felsorol\u00e1s&#8221; _builder_version=&#8221;4.4.8&#8243; z_index_tablet=&#8221;500&#8243;]<\/p>\n<p><span style=\"color: #a6192e;\">\u00bb<\/span>\u00a0piackutat\u00e1s jelleg\u0171 feladatok ell\u00e1t\u00e1sa<br \/><span style=\"color: #a6192e;\">\u00bb<\/span>\u00a0v\u00e1llalati, ipar\u00e1gi inform\u00e1ci\u00f3k \u00e9s adatok gy\u0171jt\u00e9se<br \/><span style=\"color: #a6192e;\">\u00bb<\/span>\u00a0\u00fczleti folyamatok elemz\u00e9se<br \/><span style=\"color: #a6192e;\">\u00bb<\/span>\u00a0\u00fczleti tervez\u00e9s \u00e9s p\u00e9nz\u00fcgyi modellez\u00e9s<br \/><span style=\"color: #a6192e;\">\u00bb<\/span>\u00a0prezent\u00e1ci\u00f3khoz adat- \u00e9s inform\u00e1ci\u00f3szolg\u00e1ltat\u00e1s<br \/><span style=\"color: #a6192e;\">\u00bb<\/span>\u00a0tan\u00e1csad\u00e1si projektek t\u00e1mogat\u00e1sa, megb\u00edz\u00e1sok v\u00e9grehajt\u00e1sa szenior fel\u00fcgyelet mellett<br \/><span style=\"color: #a6192e;\">\u00bb<\/span>\u00a0kapcsolattart\u00e1s \u00fcgyfelekkel<br \/><span style=\"color: #a6192e;\">\u00bb<\/span>\u00a0jelent\u00e9sek \u00e9s egy\u00e9b \u00fcgyf\u00e9ldokumentumok elk\u00e9sz\u00edt\u00e9se<br \/><span style=\"color: #a6192e;\">\u00bb<\/span>\u00a0\u00fcgyf\u00e9ldokumentumok elemz\u00e9se, adatb\u00e1zis kutat\u00e1sok elv\u00e9gz\u00e9se<\/p>\n<p>[\/et_pb_text][et_pb_text admin_label=&#8221;kiemel\u00e9s&#8221; _builder_version=&#8221;4.4.8&#8243; text_font=&#8221;Raleway|700|||||||&#8221; text_text_color=&#8221;#a6192e&#8221; z_index_tablet=&#8221;500&#8243;]Az \u00e1ll\u00e1shoz tartoz\u00f3 elv\u00e1r\u00e1sok:[\/et_pb_text][et_pb_text admin_label=&#8221;felsorol\u00e1s&#8221; _builder_version=&#8221;4.4.8&#8243; z_index_tablet=&#8221;500&#8243;]<\/p>\n<p><span style=\"color: #a6192e;\">\u00bb<\/span> k\u00f6zgazd\u00e1sz vagy m\u0171szaki menedzser v\u00e9gzetts\u00e9g, esetleg olyan egy\u00e9b fels\u0151fok\u00fa v\u00e9gzetts\u00e9g \u00e9s munkatapasztalat kombin\u00e1ci\u00f3, amely magas szint\u0171 k\u00f6zgazdas\u00e1gi, \u00e9s emellett m\u00e1s relev\u00e1ns ter\u00fcleti ismereteket biztos\u00edt<br \/><span style=\"color: #a6192e;\">\u00bb<\/span> fels\u0151fok\u00fa angol nyelvtud\u00e1s, t\u00e1rgyal\u00f3k\u00e9pes szint<br \/><span style=\"color: #a6192e;\">\u00bb<\/span> 1-3 \u00e9v szakmai tapasztalat<br \/><span style=\"color: #a6192e;\">\u00bb<\/span> MS Office felhaszn\u00e1l\u00f3i szint\u0171 ismeretek<br \/><span style=\"color: #a6192e;\">\u00bb<\/span> kiv\u00e1l\u00f3 kommunik\u00e1ci\u00f3s k\u00e9szs\u00e9gek, ide\u00e9rtve a sz\u00f3beli \u00e9s az \u00edrott kommunik\u00e1ci\u00f3t (\u00f6sszetett gondolatok \u00e9rthet\u0151, nyelvtanilag helyes \u00e9s szabatos megfogalmaz\u00e1sa jelent\u00e9sekben, levelekben)<br \/><span style=\"color: #a6192e;\">\u00bb<\/span> j\u00f3 analitikus k\u00e9pess\u00e9gek, statisztikai adatok \u00e9rtelmez\u00e9se, statisztik\u00e1k k\u00e9sz\u00edt\u00e9se, p\u00e9nz\u00fcgyi \u00e9s \u00fczleti modell\u00e9p\u00edt\u00e9s<br \/><span style=\"color: #a6192e;\">\u00bb<\/span> strat\u00e9giai gondolkod\u00e1sm\u00f3d, precizit\u00e1s<br \/><span style=\"color: #a6192e;\">\u00bb<\/span> felel\u0151ss\u00e9gteljes munkav\u00e9gz\u00e9s, magas szint\u0171 elemz\u0151 \u00e9s probl\u00e9mamegold\u00f3 k\u00e9pess\u00e9g<br \/><span style=\"color: #a6192e;\">\u00bb<\/span> a munk\u00e1hoz sz\u00fcks\u00e9ges speci\u00e1lis tud\u00e1sanyag hat\u00e9kony elsaj\u00e1t\u00edt\u00e1sa<\/p>\n<p>[\/et_pb_text][et_pb_text admin_label=&#8221;Az \u00e1ll\u00e1s bet\u00f6lt\u00e9s\u00e9hez el\u0151nyt jelentenek az al\u00e1bbiak:&#8221; _builder_version=&#8221;4.4.8&#8243; text_font=&#8221;Raleway|700|||||||&#8221; text_text_color=&#8221;#a6192e&#8221; z_index_tablet=&#8221;500&#8243;]Az \u00e1ll\u00e1s bet\u00f6lt\u00e9s\u00e9hez el\u0151nyt jelentenek az al\u00e1bbiak:[\/et_pb_text][et_pb_text admin_label=&#8221;felsorol\u00e1s&#8221; _builder_version=&#8221;4.4.8&#8243; z_index_tablet=&#8221;500&#8243;]<\/p>\n<p><span style=\"color: #a6192e;\">\u00bb<\/span> jogi, f\u0151leg iparjogv\u00e9delmi ismeretek<br \/><span style=\"color: #a6192e;\">\u00bb<\/span> c\u00e9g- vagy eszk\u00f6z\u00e9rt\u00e9kel\u00e9ssel, befektet\u00e9sekkel kapcsolatos tapasztalatok<br \/><span style=\"color: #a6192e;\">\u00bb<\/span> munkatapasztalat iparjogv\u00e9delemhez, innov\u00e1ci\u00f3hoz vagy tan\u00e1csad\u00e1shoz kapcsol\u00f3d\u00f3 ter\u00fcleten<\/p>\n<p>[\/et_pb_text][et_pb_text admin_label=&#8221;Amit k\u00edn\u00e1lunk:&#8221; _builder_version=&#8221;4.4.8&#8243; text_font=&#8221;Raleway|700|||||||&#8221; text_text_color=&#8221;#a6192e&#8221; z_index_tablet=&#8221;500&#8243;]Amit k\u00edn\u00e1lunk:[\/et_pb_text][et_pb_text admin_label=&#8221;felsorol\u00e1s&#8221; _builder_version=&#8221;4.4.8&#8243; z_index_tablet=&#8221;500&#8243;]<\/p>\n<p><span style=\"color: #a6192e;\">\u00bb<\/span> \u00e9rdekes, \u00e9rdemi \u00e9s felel\u0151ss\u00e9gteljes szakmai munka<br \/><span style=\"color: #a6192e;\">\u00bb<\/span> v\u00e1ltozatos tan\u00e1csad\u00f3i projektek<br \/><span style=\"color: #a6192e;\">\u00bb<\/span> gyors szakmai fejl\u0151d\u00e9si lehet\u0151s\u00e9g<br \/><span style=\"color: #a6192e;\">\u00bb<\/span> szakir\u00e1ny\u00fa tov\u00e1bbk\u00e9pz\u00e9s, konferenci\u00e1kon val\u00f3 r\u00e9szv\u00e9tel<br \/><span style=\"color: #a6192e;\">\u00bb<\/span> versenyk\u00e9pes fizet\u00e9s, stabil munkahely<br \/><span style=\"color: #a6192e;\">\u00bb<\/span> kultur\u00e1lt munkak\u00f6rnyezet a v\u00e1ros sz\u00edv\u00e9ben, a Bazilika mellett<br \/><span style=\"color: #a6192e;\">\u00bb<\/span> teljes munkaid\u0151, home office lehet\u0151s\u00e9g<\/p>\n<p><em>A munkav\u00e9gz\u00e9s helye<\/em>: 1051 Budapest, Bajcsy-Zsilinszky \u00fat 16.<\/p>\n<p>[\/et_pb_text][et_pb_text admin_label=&#8221;Jelentkez\u00e9s m\u00f3dja:&#8221; _builder_version=&#8221;4.4.8&#8243; text_font=&#8221;Raleway|700|||||||&#8221; text_text_color=&#8221;#a6192e&#8221; z_index_tablet=&#8221;500&#8243;]Jelentkez\u00e9s m\u00f3dja:[\/et_pb_text][et_pb_text _builder_version=&#8221;4.4.8&#8243; z_index_tablet=&#8221;500&#8243;]<\/p>\n<p>Amennyiben a poz\u00edci\u00f3 felkeltette \u00e9rdekl\u0151d\u00e9s\u00e9t, k\u00e9rj\u00fck, k\u00fcldje el r\u00e9sz\u00fcnkre f\u00e9nyk\u00e9pes szakmai \u00f6n\u00e9letrajz\u00e1t a b\u00e9rig\u00e9ny megjel\u00f6l\u00e9s\u00e9vel a <a href=\"mailto:karrier@danubia.hu\">karrier@danubia.hu<\/a> e-mail c\u00edmre.<\/p>\n<p>[\/et_pb_text][\/et_pb_column][\/et_pb_row][\/et_pb_section]<\/p>\n","protected":false},"excerpt":{"rendered":"<p>Karrier A Danubia C\u00e9gcsoport a hazai piac legnagyobb IP szak\u00e9rt\u0151 \u00e9s szolg\u00e1ltat\u00f3 szerepl\u0151je, egyed\u00fcl\u00e1ll\u00f3an sz\u00e9les portf\u00f3li\u00f3val \u00e9s nemzetk\u00f6zi szinten is komoly ismerts\u00e9ggel. A Danubi\u00e1n\u00e1l v\u00e9gzett munka rendk\u00edv\u00fcl v\u00e1ltozatos, \u00e9s a szakma legjobbjaival val\u00f3 egy\u00fcttm\u0171k\u00f6d\u00e9s lehet\u0151s\u00e9g\u00e9t ny\u00fajtja, t\u00e1mogat\u00f3, emberi l\u00e9gk\u00f6rben. A Danubia Szabadalmi \u00e9s Jogi Iroda Kft., a vele szorosan egy\u00fcttm\u0171k\u00f6d\u0151 Danubia Legal \u00dcgyv\u00e9di Irod\u00e1k \u00e9s [&hellip;]<\/p>\n","protected":false},"author":1,"featured_media":0,"parent":0,"menu_order":0,"comment_status":"closed","ping_status":"closed","template":"","meta":{"_et_pb_use_builder":"on","_et_pb_old_content":"","_et_gb_content_width":"","footnotes":""},"class_list":["post-1656","page","type-page","status-publish","hentry"],"yoast_head":"<!-- This site is optimized with the Yoast SEO plugin v27.3 - https:\/\/yoast.com\/product\/yoast-seo-wordpress\/ -->\n<title>Karrier - DANUBIA c\u00e9gcsoport<\/title>\n<meta name=\"description\" content=\"A DANUBIA Szabadalmi \u00e9s Jogi Iroda, DANUBIA LEGAL \u00dcgyv\u00e9di Irod\u00e1k \u00e9s a DANUBIA IP Innov\u00e1ci\u00f3s Tan\u00e1csad\u00f3 Kft aktu\u00e1lis \u00e1ll\u00e1slehet\u0151s\u00e9gei.\" \/>\n<meta name=\"robots\" content=\"index, follow, max-snippet:-1, max-image-preview:large, max-video-preview:-1\" \/>\n<link rel=\"canonical\" href=\"https:\/\/www.danubia.com\/hu\/karrier\/\" \/>\n<meta property=\"og:locale\" content=\"hu_HU\" \/>\n<meta property=\"og:type\" content=\"article\" \/>\n<meta property=\"og:title\" content=\"Karrier - DANUBIA c\u00e9gcsoport\" \/>\n<meta property=\"og:description\" content=\"A DANUBIA Szabadalmi \u00e9s Jogi Iroda, DANUBIA LEGAL \u00dcgyv\u00e9di Irod\u00e1k \u00e9s a DANUBIA IP Innov\u00e1ci\u00f3s Tan\u00e1csad\u00f3 Kft aktu\u00e1lis \u00e1ll\u00e1slehet\u0151s\u00e9gei.\" \/>\n<meta property=\"og:url\" content=\"https:\/\/www.danubia.com\/hu\/karrier\/\" \/>\n<meta property=\"og:site_name\" content=\"Danubia\" \/>\n<meta property=\"article:modified_time\" content=\"2021-04-07T10:16:39+00:00\" \/>\n<meta property=\"og:image\" content=\"https:\/\/www.danubia.com\/wp-content\/uploads\/2019\/11\/Danubia-og-hu.jpg\" \/>\n\t<meta property=\"og:image:width\" content=\"1125\" \/>\n\t<meta property=\"og:image:height\" content=\"633\" \/>\n\t<meta property=\"og:image:type\" content=\"image\/jpeg\" \/>\n<meta name=\"twitter:card\" content=\"summary_large_image\" \/>\n<meta name=\"twitter:label1\" content=\"Becs\u00fclt olvas\u00e1si id\u0151\" \/>\n\t<meta name=\"twitter:data1\" content=\"9 perc\" \/>\n<script type=\"application\/ld+json\" class=\"yoast-schema-graph\">{\"@context\":\"https:\\\/\\\/schema.org\",\"@graph\":[{\"@type\":\"WebPage\",\"@id\":\"https:\\\/\\\/www.danubia.com\\\/hu\\\/karrier\\\/\",\"url\":\"https:\\\/\\\/www.danubia.com\\\/hu\\\/karrier\\\/\",\"name\":\"Karrier - DANUBIA c\u00e9gcsoport\",\"isPartOf\":{\"@id\":\"https:\\\/\\\/www.danubia.com\\\/#website\"},\"datePublished\":\"2019-08-05T07:24:04+00:00\",\"dateModified\":\"2021-04-07T10:16:39+00:00\",\"description\":\"A DANUBIA Szabadalmi \u00e9s Jogi Iroda, DANUBIA LEGAL \u00dcgyv\u00e9di Irod\u00e1k \u00e9s a DANUBIA IP Innov\u00e1ci\u00f3s Tan\u00e1csad\u00f3 Kft aktu\u00e1lis \u00e1ll\u00e1slehet\u0151s\u00e9gei.\",\"breadcrumb\":{\"@id\":\"https:\\\/\\\/www.danubia.com\\\/hu\\\/karrier\\\/#breadcrumb\"},\"inLanguage\":\"hu\",\"potentialAction\":[{\"@type\":\"ReadAction\",\"target\":[\"https:\\\/\\\/www.danubia.com\\\/hu\\\/karrier\\\/\"]}]},{\"@type\":\"BreadcrumbList\",\"@id\":\"https:\\\/\\\/www.danubia.com\\\/hu\\\/karrier\\\/#breadcrumb\",\"itemListElement\":[{\"@type\":\"ListItem\",\"position\":1,\"name\":\"Home\",\"item\":\"https:\\\/\\\/www.danubia.com\\\/hu\\\/\"},{\"@type\":\"ListItem\",\"position\":2,\"name\":\"Karrier\"}]},{\"@type\":\"WebSite\",\"@id\":\"https:\\\/\\\/www.danubia.com\\\/#website\",\"url\":\"https:\\\/\\\/www.danubia.com\\\/\",\"name\":\"Danubia\",\"description\":\"\",\"potentialAction\":[{\"@type\":\"SearchAction\",\"target\":{\"@type\":\"EntryPoint\",\"urlTemplate\":\"https:\\\/\\\/www.danubia.com\\\/?s={search_term_string}\"},\"query-input\":{\"@type\":\"PropertyValueSpecification\",\"valueRequired\":true,\"valueName\":\"search_term_string\"}}],\"inLanguage\":\"hu\"}]}<\/script>\n<!-- \/ Yoast SEO plugin. -->","yoast_head_json":{"title":"Karrier - DANUBIA c\u00e9gcsoport","description":"A DANUBIA Szabadalmi \u00e9s Jogi Iroda, DANUBIA LEGAL \u00dcgyv\u00e9di Irod\u00e1k \u00e9s a DANUBIA IP Innov\u00e1ci\u00f3s Tan\u00e1csad\u00f3 Kft aktu\u00e1lis \u00e1ll\u00e1slehet\u0151s\u00e9gei.","robots":{"index":"index","follow":"follow","max-snippet":"max-snippet:-1","max-image-preview":"max-image-preview:large","max-video-preview":"max-video-preview:-1"},"canonical":"https:\/\/www.danubia.com\/hu\/karrier\/","og_locale":"hu_HU","og_type":"article","og_title":"Karrier - DANUBIA c\u00e9gcsoport","og_description":"A DANUBIA Szabadalmi \u00e9s Jogi Iroda, DANUBIA LEGAL \u00dcgyv\u00e9di Irod\u00e1k \u00e9s a DANUBIA IP Innov\u00e1ci\u00f3s Tan\u00e1csad\u00f3 Kft aktu\u00e1lis \u00e1ll\u00e1slehet\u0151s\u00e9gei.","og_url":"https:\/\/www.danubia.com\/hu\/karrier\/","og_site_name":"Danubia","article_modified_time":"2021-04-07T10:16:39+00:00","og_image":[{"width":1125,"height":633,"url":"https:\/\/www.danubia.com\/wp-content\/uploads\/2019\/11\/Danubia-og-hu.jpg","type":"image\/jpeg"}],"twitter_card":"summary_large_image","twitter_misc":{"Becs\u00fclt olvas\u00e1si id\u0151":"9 perc"},"schema":{"@context":"https:\/\/schema.org","@graph":[{"@type":"WebPage","@id":"https:\/\/www.danubia.com\/hu\/karrier\/","url":"https:\/\/www.danubia.com\/hu\/karrier\/","name":"Karrier - DANUBIA c\u00e9gcsoport","isPartOf":{"@id":"https:\/\/www.danubia.com\/#website"},"datePublished":"2019-08-05T07:24:04+00:00","dateModified":"2021-04-07T10:16:39+00:00","description":"A DANUBIA Szabadalmi \u00e9s Jogi Iroda, DANUBIA LEGAL \u00dcgyv\u00e9di Irod\u00e1k \u00e9s a DANUBIA IP Innov\u00e1ci\u00f3s Tan\u00e1csad\u00f3 Kft aktu\u00e1lis \u00e1ll\u00e1slehet\u0151s\u00e9gei.","breadcrumb":{"@id":"https:\/\/www.danubia.com\/hu\/karrier\/#breadcrumb"},"inLanguage":"hu","potentialAction":[{"@type":"ReadAction","target":["https:\/\/www.danubia.com\/hu\/karrier\/"]}]},{"@type":"BreadcrumbList","@id":"https:\/\/www.danubia.com\/hu\/karrier\/#breadcrumb","itemListElement":[{"@type":"ListItem","position":1,"name":"Home","item":"https:\/\/www.danubia.com\/hu\/"},{"@type":"ListItem","position":2,"name":"Karrier"}]},{"@type":"WebSite","@id":"https:\/\/www.danubia.com\/#website","url":"https:\/\/www.danubia.com\/","name":"Danubia","description":"","potentialAction":[{"@type":"SearchAction","target":{"@type":"EntryPoint","urlTemplate":"https:\/\/www.danubia.com\/?s={search_term_string}"},"query-input":{"@type":"PropertyValueSpecification","valueRequired":true,"valueName":"search_term_string"}}],"inLanguage":"hu"}]}},"_links":{"self":[{"href":"https:\/\/www.danubia.com\/hu\/wp-json\/wp\/v2\/pages\/1656","targetHints":{"allow":["GET"]}}],"collection":[{"href":"https:\/\/www.danubia.com\/hu\/wp-json\/wp\/v2\/pages"}],"about":[{"href":"https:\/\/www.danubia.com\/hu\/wp-json\/wp\/v2\/types\/page"}],"author":[{"embeddable":true,"href":"https:\/\/www.danubia.com\/hu\/wp-json\/wp\/v2\/users\/1"}],"replies":[{"embeddable":true,"href":"https:\/\/www.danubia.com\/hu\/wp-json\/wp\/v2\/comments?post=1656"}],"version-history":[{"count":14,"href":"https:\/\/www.danubia.com\/hu\/wp-json\/wp\/v2\/pages\/1656\/revisions"}],"predecessor-version":[{"id":6743,"href":"https:\/\/www.danubia.com\/hu\/wp-json\/wp\/v2\/pages\/1656\/revisions\/6743"}],"wp:attachment":[{"href":"https:\/\/www.danubia.com\/hu\/wp-json\/wp\/v2\/media?parent=1656"}],"curies":[{"name":"wp","href":"https:\/\/api.w.org\/{rel}","templated":true}]}}