{"id":3599,"date":"2020-01-22T14:27:35","date_gmt":"2020-01-22T14:27:35","guid":{"rendered":"https:\/\/www.danubia.com\/?page_id=3599"},"modified":"2021-10-01T11:23:45","modified_gmt":"2021-10-01T11:23:45","slug":"talalkozzunk","status":"publish","type":"page","link":"https:\/\/www.danubia.com\/hu\/talalkozzunk\/","title":{"rendered":"Tal\u00e1lkozzunk"},"content":{"rendered":"<p>[et_pb_section fb_built=&#8221;1&#8243; _builder_version=&#8221;4.0.4&#8243; background_image=&#8221;https:\/\/www.danubia.com\/wp-content\/uploads\/2020\/01\/Danube-Budapest10.jpg&#8221; inner_width_tablet=&#8221;50px&#8221; inner_max_width_tablet=&#8221;50px&#8221; custom_padding=&#8221;0px||0px|&#8221; z_index_tablet=&#8221;500&#8243; global_colors_info=&#8221;{}&#8221;][et_pb_row use_custom_gutter=&#8221;on&#8221; gutter_width=&#8221;1&#8243; custom_padding_last_edited=&#8221;on|desktop&#8221; module_class=&#8221; et_pb_row_fullwidth et_pb_row_fullwidth et_pb_row_fullwidth et_pb_row_fullwidth et_pb_row_fullwidth&#8221; _builder_version=&#8221;3.25&#8243; background_color=&#8221;rgba(0,0,0,0.2)&#8221; background_size=&#8221;initial&#8221; background_position=&#8221;top_left&#8221; background_repeat=&#8221;repeat&#8221; width=&#8221;100%&#8221; width_tablet=&#8221;100%&#8221; width_phone=&#8221;&#8221; width_last_edited=&#8221;on|desktop&#8221; max_width=&#8221;100%&#8221; max_width_tablet=&#8221;100%&#8221; max_width_phone=&#8221;&#8221; max_width_last_edited=&#8221;on|desktop&#8221; custom_padding=&#8221;80px||80px|&#8221; custom_padding_tablet=&#8221;&#8221; custom_padding_phone=&#8221;50px||50px|&#8221; animation_style=&#8221;fade&#8221; animation_delay=&#8221;500ms&#8221; z_index_tablet=&#8221;500&#8243; make_fullwidth=&#8221;on&#8221; global_colors_info=&#8221;{}&#8221;][et_pb_column type=&#8221;4_4&#8243; _builder_version=&#8221;3.25&#8243; custom_padding=&#8221;|||&#8221; global_colors_info=&#8221;{}&#8221; custom_padding__hover=&#8221;|||&#8221;][et_pb_text _builder_version=&#8221;4.0.4&#8243; text_font=&#8221;Raleway|700|||||||&#8221; text_text_color=&#8221;#ffffff&#8221; text_font_size=&#8221;36px&#8221; header_font=&#8221;Raleway|700||on|||||&#8221; header_text_align=&#8221;center&#8221; header_text_color=&#8221;#ffffff&#8221; header_font_size=&#8221;36px&#8221; header_line_height=&#8221;1.4em&#8221; text_orientation=&#8221;center&#8221; text_font_size_tablet=&#8221;30px&#8221; text_font_size_phone=&#8221;22px&#8221; text_font_size_last_edited=&#8221;on|phone&#8221; header_font_size_tablet=&#8221;30px&#8221; header_font_size_phone=&#8221;22px&#8221; header_font_size_last_edited=&#8221;on|desktop&#8221; z_index_tablet=&#8221;500&#8243; global_colors_info=&#8221;{}&#8221;]<\/p>\n<h1>Tal\u00e1lkozzunk<\/h1>\n<p>[\/et_pb_text][\/et_pb_column][\/et_pb_row][\/et_pb_section][et_pb_section fb_built=&#8221;1&#8243; _builder_version=&#8221;3.22&#8243; global_colors_info=&#8221;{}&#8221;][et_pb_row _builder_version=&#8221;3.25&#8243; background_size=&#8221;initial&#8221; background_position=&#8221;top_left&#8221; background_repeat=&#8221;repeat&#8221; global_colors_info=&#8221;{}&#8221;][et_pb_column type=&#8221;4_4&#8243; _builder_version=&#8221;3.25&#8243; custom_padding=&#8221;|||&#8221; global_colors_info=&#8221;{}&#8221; custom_padding__hover=&#8221;|||&#8221;][et_pb_text _builder_version=&#8221;4.10.5&#8243; text_orientation=&#8221;center&#8221; hover_enabled=&#8221;0&#8243; z_index_tablet=&#8221;500&#8243; global_colors_info=&#8221;{}&#8221; sticky_enabled=&#8221;0&#8243;]<\/p>\n<p><strong>2021. okt\u00f3ber 5-6.<\/strong><br \/><strong><span style=\"color: #a6192e;\"><a style=\"color: #a6192e;\" href=\"https:\/\/www.les-hungary.hu\/en\/pan-european-conference\/\" target=\"_blank\" rel=\"noopener\">LES Hungary \u2013 Virtual Pan-European Conference &#8211; SHARING IS CARING: Pooling IP Assets for Greater Efficiency<\/a><\/span><\/strong><br \/>Az esem\u00e9ny helysz\u00edn\u00e9t a Danubia szponzor\u00e1lja.<\/p>\n<p>[\/et_pb_text][et_pb_text _builder_version=&#8221;4.10.5&#8243; text_orientation=&#8221;center&#8221; hover_enabled=&#8221;0&#8243; z_index_tablet=&#8221;500&#8243; global_colors_info=&#8221;{}&#8221; sticky_enabled=&#8221;0&#8243;]<\/p>\n<p><strong>2021. szeptember 9.<\/strong><br \/><a href=\"http:\/\/rendezvenyek.vg.hu\/otletbol-ertek-szellemi-alkotasok-tudatos-vedelme\/\" target=\"_blank\" rel=\"noopener\"><strong><span style=\"color: #a6192e;\">Az SZTNH \u00e9s VG szervez\u00e9s\u00e9ben az \u201e5letb\u0151l \u00e9rt\u00e9k \u2013 Szellemi alkot\u00e1sok tudatos v\u00e9delme\u201d c\u00edm\u0171 konferencia<\/span><\/strong><\/a><br \/>A Danubia C\u00e9gcsoportt\u00f3l r\u00e9szt vesz el\u0151ad\u00f3k\u00e9nt: <a href=\"https:\/\/www.danubia.com\/hu\/munkatarsaink\/dr-molnar-istvan\/\" target=\"_blank\" rel=\"noopener\">Dr. Moln\u00e1r Istv\u00e1n<\/a><\/p>\n<p>[\/et_pb_text][et_pb_text _builder_version=&#8221;4.9.4&#8243; text_orientation=&#8221;center&#8221; z_index_tablet=&#8221;500&#8243; global_colors_info=&#8221;{}&#8221;]<\/p>\n<p><strong>2021. j\u00fanius 22.<\/strong><br \/><strong><span style=\"color: #a6192e;\">\u201eA szellemi alkot\u00e1sok tudatos kezel\u00e9se \u2013 Ad\u00f3kedvezm\u00e9nyek\u201d<\/span> c\u00edm\u0171 online konferencia<\/strong><br \/>A Danubia C\u00e9gcsoportt\u00f3l r\u00e9szt vesz el\u0151ad\u00f3k\u00e9nt: <a href=\"https:\/\/www.danubia.com\/hu\/munkatarsaink\/dr-molnar-istvan\/\" target=\"_blank\" rel=\"noopener\">Dr. Moln\u00e1r Istv\u00e1n<\/a>, <a href=\"https:\/\/www.danubia.com\/hu\/munkatarsaink\/petho-levente\/\" target=\"_blank\" rel=\"noopener\">Peth\u0151 Levente<\/a><\/p>\n<p>[\/et_pb_text][et_pb_text _builder_version=&#8221;4.4.8&#8243; text_orientation=&#8221;center&#8221; z_index_tablet=&#8221;500&#8243; global_colors_info=&#8221;{}&#8221;]<\/p>\n<p><strong>2021. \u00e1prilis 15.<\/strong><br \/><strong><span style=\"color: #a6192e;\">PP Konferenciak\u00f6zpont szervez\u00e9s\u00e9ben a \u201eHelyezd biztons\u00e1gba a c\u00e9gvagyont!\u201d<\/span> c\u00edm\u0171 online konferencia<\/strong><br \/>A Danubia C\u00e9gcsoportt\u00f3l r\u00e9szt vesz el\u0151ad\u00f3k\u00e9nt: <a href=\"https:\/\/www.danubia.com\/hu\/munkatarsaink\/petho-levente\/\" target=\"_blank\" rel=\"noopener noreferrer\">Peth\u0151 Levente<\/a><\/p>\n<p>[\/et_pb_text][et_pb_text _builder_version=&#8221;4.4.8&#8243; text_orientation=&#8221;center&#8221; z_index_tablet=&#8221;500&#8243; global_colors_info=&#8221;{}&#8221;]<\/p>\n<p><strong>2021. janu\u00e1r 21..<\/strong><br \/><strong><span style=\"color: #a6192e;\">PP Konferenciak\u00f6zpont szervez\u00e9s\u00e9ben a \u201eSzellemi tulajdon \u2013 A l\u00e1thatatlan vagyon\u201d<\/span> c\u00edm\u0171 online konferencia<\/strong><br \/>A Danubia C\u00e9gcsoportt\u00f3l r\u00e9szt vesznek el\u0151ad\u00f3k\u00e9nt: <a href=\"https:\/\/www.danubia.com\/hu\/munkatarsaink\/dr-molnar-istvan\/\" target=\"_blank\" rel=\"noopener noreferrer\">Dr. Moln\u00e1r Istv\u00e1n<\/a>, <a href=\"https:\/\/www.danubia.com\/hu\/munkatarsaink\/dr-luszcz-viktor-ll-m\/\" target=\"_blank\" rel=\"noopener noreferrer\">Dr. \u0141uszcz Viktor<\/a><\/p>\n<p>[\/et_pb_text][et_pb_text _builder_version=&#8221;4.0.4&#8243; text_orientation=&#8221;center&#8221; z_index_tablet=&#8221;500&#8243; global_colors_info=&#8221;{}&#8221;]<\/p>\n<p><strong>2020. febru\u00e1r 28.<\/strong><br \/><strong><a href=\"https:\/\/www.facebook.com\/events\/2542409989198543\/\" target=\"_blank\" rel=\"noopener noreferrer\">LES \u201eMesters\u00e9ges intelligencia \u00e9s szellemi tulajdon\u201d<\/a> c\u00edm\u0171 konferencia<\/strong><br \/>Budapest, Magyarorsz\u00e1g<br \/>A Danubia C\u00e9gcsoportt\u00f3l r\u00e9szt vesz: <a href=\"https:\/\/www.danubia.com\/hu\/munkatarsaink\/dr-molnar-istvan\/\" target=\"_blank\" rel=\"noopener noreferrer\">Dr. Moln\u00e1r Istv\u00e1n<\/a>, <a href=\"https:\/\/www.danubia.com\/hu\/munkatarsaink\/dr-harangozo-gabor\/\" target=\"_blank\" rel=\"noopener noreferrer\">Dr. Harangoz\u00f3 G\u00e1bor<\/a> (el\u0151ad\u00f3k\u00e9nt), <a href=\"https:\/\/www.danubia.com\/hu\/munkatarsaink\/beregszaszi-patricia\/\" target=\"_blank\" rel=\"noopener noreferrer\">Beregsz\u00e1szi Patr\u00edcia<\/a> (el\u0151ad\u00f3k\u00e9nt), <a href=\"https:\/\/www.danubia.com\/hu\/munkatarsaink\/petho-levente\/\" target=\"_blank\" rel=\"noopener noreferrer\">Peth\u0151 Levente<\/a>, <a href=\"https:\/\/www.danubia.com\/hu\/munkatarsaink\/szanyi-petra\/\" target=\"_blank\" rel=\"noopener noreferrer\">Szanyi Petra<\/a>, Haszonits Andr\u00e1s, <a href=\"https:\/\/www.danubia.com\/hu\/munkatarsaink\/onozo-ervin\/\" target=\"_blank\" rel=\"noopener noreferrer\">Onoz\u00f3 Ervin<\/a>, <a href=\"https:\/\/www.danubia.com\/hu\/munkatarsaink\/lezsak-gabor\/\" target=\"_blank\" rel=\"noopener noreferrer\">Lezs\u00e1k G\u00e1bor<\/a><br \/>Az esem\u00e9ny helysz\u00edn\u00e9t a Danubia szponzor\u00e1lja.<\/p>\n<p>[\/et_pb_text][et_pb_text _builder_version=&#8221;4.0.4&#8243; text_orientation=&#8221;center&#8221; z_index_tablet=&#8221;500&#8243; global_colors_info=&#8221;{}&#8221;]<\/p>\n<p><strong>2020. febru\u00e1r 27.<\/strong><br \/><a href=\"https:\/\/dh.ap.hu\" target=\"_blank\" rel=\"noopener noreferrer\"><strong> Digital Health konferencia<\/strong><\/a><br \/> A Danubia C\u00e9gcsoportt\u00f3l r\u00e9szt vesz: Haszonits Andr\u00e1s<\/p>\n<p>[\/et_pb_text][et_pb_text _builder_version=&#8221;4.0.4&#8243; text_orientation=&#8221;center&#8221; z_index_tablet=&#8221;500&#8243; global_colors_info=&#8221;{}&#8221;]<strong>2020. janu\u00e1r 23.<\/strong><br \/>\n<strong><a href=\"https:\/\/piacesprofit.hu\/konferenciakozpont\/szellemi-tulajdon-a-lathatatlan-vagyon\/\" target=\"_blank\" rel=\"noopener noreferrer\"> Piac &amp; Profit \u201eSzellemi tulajdon \u2013 A l\u00e1thatatlan vagyon\u201d<\/a> c\u00edm\u0171 konferencia<\/strong><br \/>\nA Danubia C\u00e9gcsoportt\u00f3l r\u00e9szt vesz: <a href=\"https:\/\/www.danubia.com\/hu\/munkatarsaink\/dr-molnar-istvan\/\" target=\"_blank\" rel=\"noopener noreferrer\">Dr. Moln\u00e1r Istv\u00e1n<\/a> (el\u0151ad\u00f3k\u00e9nt), <a href=\"https:\/\/www.danubia.com\/hu\/munkatarsaink\/petho-levente\/\" target=\"_blank\" rel=\"noopener noreferrer\">Peth\u0151 Levente<\/a> (el\u0151ad\u00f3k\u00e9nt), Haszonits Andr\u00e1s, <a href=\"https:\/\/www.danubia.com\/hu\/munkatarsaink\/beregszaszi-patricia\/\" target=\"_blank\" rel=\"noopener noreferrer\">Beregsz\u00e1szi Patr\u00edcia<\/a><br \/>\nAz esem\u00e9nyen a Danubia szponzork\u00e9nt \u00e9s ki\u00e1ll\u00edt\u00f3k\u00e9nt is megjelenik.[\/et_pb_text][et_pb_text _builder_version=&#8221;4.0.4&#8243; text_orientation=&#8221;center&#8221; z_index_tablet=&#8221;500&#8243; global_colors_info=&#8221;{}&#8221;]<strong>2020. janu\u00e1r 23.<\/strong><br \/>\n<a href=\"https:\/\/www.marketingfesztival.hu\" target=\"_blank\" rel=\"noopener noreferrer\"><strong> VII. Magyar Marketing Fesztiv\u00e1l<\/strong><\/a><br \/>\nA Danubia C\u00e9gcsoportt\u00f3l r\u00e9szt vesz: <a href=\"https:\/\/www.danubia.com\/hu\/munkatarsaink\/dr-lantos-judit\/\" target=\"_blank\" rel=\"noopener noreferrer\">Dr. Lantos Judit<\/a> (el\u0151ad\u00f3k\u00e9nt), <a href=\"https:\/\/www.danubia.com\/hu\/munkatarsaink\/dr-bial-nikoletta\/\" target=\"_blank\" rel=\"noopener noreferrer\">Dr. Bial Nikoletta<\/a>, Dr. Kov\u00e1cs Aliz, Dr. \u00c9der R\u00f3bert, Moln\u00e1r M\u00e1t\u00e9, <a href=\"https:\/\/www.danubia.com\/hu\/munkatarsaink\/beregszaszi-patricia\/\" target=\"_blank\" rel=\"noopener noreferrer\">Beregsz\u00e1szi Patr\u00edcia<\/a><br \/>\nAz esem\u00e9nyen a Danubia ki\u00e1ll\u00edt\u00f3k\u00e9nt jelenik meg.[\/et_pb_text][\/et_pb_column][\/et_pb_row][\/et_pb_section]<\/p>\n","protected":false},"excerpt":{"rendered":"<p>Tal\u00e1lkozzunk2021. okt\u00f3ber 5-6.LES Hungary \u2013 Virtual Pan-European Conference &#8211; SHARING IS CARING: Pooling IP Assets for Greater EfficiencyAz esem\u00e9ny helysz\u00edn\u00e9t a Danubia szponzor\u00e1lja.2021. szeptember 9.Az SZTNH \u00e9s VG szervez\u00e9s\u00e9ben az \u201e5letb\u0151l \u00e9rt\u00e9k \u2013 Szellemi alkot\u00e1sok tudatos v\u00e9delme\u201d c\u00edm\u0171 konferenciaA Danubia C\u00e9gcsoportt\u00f3l r\u00e9szt vesz el\u0151ad\u00f3k\u00e9nt: Dr. Moln\u00e1r Istv\u00e1n2021. j\u00fanius 22.\u201eA szellemi alkot\u00e1sok tudatos kezel\u00e9se \u2013 Ad\u00f3kedvezm\u00e9nyek\u201d [&hellip;]<\/p>\n","protected":false},"author":1,"featured_media":0,"parent":0,"menu_order":0,"comment_status":"closed","ping_status":"closed","template":"","meta":{"_et_pb_use_builder":"on","_et_pb_old_content":"","_et_gb_content_width":"","footnotes":""},"class_list":["post-3599","page","type-page","status-publish","hentry"],"yoast_head":"<!-- This site is optimized with the Yoast SEO plugin v27.3 - https:\/\/yoast.com\/product\/yoast-seo-wordpress\/ -->\n<title>Tal\u00e1lkozzunk - DANUBIA c\u00e9gcsoport<\/title>\n<meta name=\"description\" content=\"A DANUBIA Szabadalmi \u00e9s Jogi Iroda, DANUBIA LEGAL \u00dcgyv\u00e9di Irod\u00e1k \u00e9s a DANUBIA IP Innov\u00e1ci\u00f3s Tan\u00e1csad\u00f3 Kft koll\u00e9g\u00e1inak el\u0151ad\u00e1sai, koncerenci\u00e1k.\" \/>\n<meta name=\"robots\" content=\"index, follow, max-snippet:-1, max-image-preview:large, max-video-preview:-1\" \/>\n<link rel=\"canonical\" href=\"https:\/\/www.danubia.com\/hu\/talalkozzunk\/\" \/>\n<meta property=\"og:locale\" content=\"hu_HU\" \/>\n<meta property=\"og:type\" content=\"article\" \/>\n<meta property=\"og:title\" content=\"Tal\u00e1lkozzunk - DANUBIA c\u00e9gcsoport\" \/>\n<meta property=\"og:description\" content=\"A DANUBIA Szabadalmi \u00e9s Jogi Iroda, DANUBIA LEGAL \u00dcgyv\u00e9di Irod\u00e1k \u00e9s a DANUBIA IP Innov\u00e1ci\u00f3s Tan\u00e1csad\u00f3 Kft koll\u00e9g\u00e1inak el\u0151ad\u00e1sai, koncerenci\u00e1k.\" \/>\n<meta property=\"og:url\" content=\"https:\/\/www.danubia.com\/hu\/talalkozzunk\/\" \/>\n<meta property=\"og:site_name\" content=\"Danubia\" \/>\n<meta property=\"article:modified_time\" content=\"2021-10-01T11:23:45+00:00\" \/>\n<meta property=\"og:image\" content=\"https:\/\/www.danubia.com\/wp-content\/uploads\/2019\/11\/Danubia-og-hu.jpg\" \/>\n\t<meta property=\"og:image:width\" content=\"1125\" \/>\n\t<meta property=\"og:image:height\" content=\"633\" \/>\n\t<meta property=\"og:image:type\" content=\"image\/jpeg\" \/>\n<meta name=\"twitter:card\" content=\"summary_large_image\" \/>\n<meta name=\"twitter:label1\" content=\"Becs\u00fclt olvas\u00e1si id\u0151\" \/>\n\t<meta name=\"twitter:data1\" content=\"2 perc\" \/>\n<script type=\"application\/ld+json\" class=\"yoast-schema-graph\">{\"@context\":\"https:\\\/\\\/schema.org\",\"@graph\":[{\"@type\":\"WebPage\",\"@id\":\"https:\\\/\\\/www.danubia.com\\\/hu\\\/talalkozzunk\\\/\",\"url\":\"https:\\\/\\\/www.danubia.com\\\/hu\\\/talalkozzunk\\\/\",\"name\":\"Tal\u00e1lkozzunk - DANUBIA c\u00e9gcsoport\",\"isPartOf\":{\"@id\":\"https:\\\/\\\/www.danubia.com\\\/#website\"},\"datePublished\":\"2020-01-22T14:27:35+00:00\",\"dateModified\":\"2021-10-01T11:23:45+00:00\",\"description\":\"A DANUBIA Szabadalmi \u00e9s Jogi Iroda, DANUBIA LEGAL \u00dcgyv\u00e9di Irod\u00e1k \u00e9s a DANUBIA IP Innov\u00e1ci\u00f3s Tan\u00e1csad\u00f3 Kft koll\u00e9g\u00e1inak el\u0151ad\u00e1sai, koncerenci\u00e1k.\",\"breadcrumb\":{\"@id\":\"https:\\\/\\\/www.danubia.com\\\/hu\\\/talalkozzunk\\\/#breadcrumb\"},\"inLanguage\":\"hu\",\"potentialAction\":[{\"@type\":\"ReadAction\",\"target\":[\"https:\\\/\\\/www.danubia.com\\\/hu\\\/talalkozzunk\\\/\"]}]},{\"@type\":\"BreadcrumbList\",\"@id\":\"https:\\\/\\\/www.danubia.com\\\/hu\\\/talalkozzunk\\\/#breadcrumb\",\"itemListElement\":[{\"@type\":\"ListItem\",\"position\":1,\"name\":\"Home\",\"item\":\"https:\\\/\\\/www.danubia.com\\\/hu\\\/\"},{\"@type\":\"ListItem\",\"position\":2,\"name\":\"Tal\u00e1lkozzunk\"}]},{\"@type\":\"WebSite\",\"@id\":\"https:\\\/\\\/www.danubia.com\\\/#website\",\"url\":\"https:\\\/\\\/www.danubia.com\\\/\",\"name\":\"Danubia\",\"description\":\"\",\"potentialAction\":[{\"@type\":\"SearchAction\",\"target\":{\"@type\":\"EntryPoint\",\"urlTemplate\":\"https:\\\/\\\/www.danubia.com\\\/?s={search_term_string}\"},\"query-input\":{\"@type\":\"PropertyValueSpecification\",\"valueRequired\":true,\"valueName\":\"search_term_string\"}}],\"inLanguage\":\"hu\"}]}<\/script>\n<!-- \/ Yoast SEO plugin. -->","yoast_head_json":{"title":"Tal\u00e1lkozzunk - DANUBIA c\u00e9gcsoport","description":"A DANUBIA Szabadalmi \u00e9s Jogi Iroda, DANUBIA LEGAL \u00dcgyv\u00e9di Irod\u00e1k \u00e9s a DANUBIA IP Innov\u00e1ci\u00f3s Tan\u00e1csad\u00f3 Kft koll\u00e9g\u00e1inak el\u0151ad\u00e1sai, koncerenci\u00e1k.","robots":{"index":"index","follow":"follow","max-snippet":"max-snippet:-1","max-image-preview":"max-image-preview:large","max-video-preview":"max-video-preview:-1"},"canonical":"https:\/\/www.danubia.com\/hu\/talalkozzunk\/","og_locale":"hu_HU","og_type":"article","og_title":"Tal\u00e1lkozzunk - DANUBIA c\u00e9gcsoport","og_description":"A DANUBIA Szabadalmi \u00e9s Jogi Iroda, DANUBIA LEGAL \u00dcgyv\u00e9di Irod\u00e1k \u00e9s a DANUBIA IP Innov\u00e1ci\u00f3s Tan\u00e1csad\u00f3 Kft koll\u00e9g\u00e1inak el\u0151ad\u00e1sai, koncerenci\u00e1k.","og_url":"https:\/\/www.danubia.com\/hu\/talalkozzunk\/","og_site_name":"Danubia","article_modified_time":"2021-10-01T11:23:45+00:00","og_image":[{"width":1125,"height":633,"url":"https:\/\/www.danubia.com\/wp-content\/uploads\/2019\/11\/Danubia-og-hu.jpg","type":"image\/jpeg"}],"twitter_card":"summary_large_image","twitter_misc":{"Becs\u00fclt olvas\u00e1si id\u0151":"2 perc"},"schema":{"@context":"https:\/\/schema.org","@graph":[{"@type":"WebPage","@id":"https:\/\/www.danubia.com\/hu\/talalkozzunk\/","url":"https:\/\/www.danubia.com\/hu\/talalkozzunk\/","name":"Tal\u00e1lkozzunk - DANUBIA c\u00e9gcsoport","isPartOf":{"@id":"https:\/\/www.danubia.com\/#website"},"datePublished":"2020-01-22T14:27:35+00:00","dateModified":"2021-10-01T11:23:45+00:00","description":"A DANUBIA Szabadalmi \u00e9s Jogi Iroda, DANUBIA LEGAL \u00dcgyv\u00e9di Irod\u00e1k \u00e9s a DANUBIA IP Innov\u00e1ci\u00f3s Tan\u00e1csad\u00f3 Kft koll\u00e9g\u00e1inak el\u0151ad\u00e1sai, koncerenci\u00e1k.","breadcrumb":{"@id":"https:\/\/www.danubia.com\/hu\/talalkozzunk\/#breadcrumb"},"inLanguage":"hu","potentialAction":[{"@type":"ReadAction","target":["https:\/\/www.danubia.com\/hu\/talalkozzunk\/"]}]},{"@type":"BreadcrumbList","@id":"https:\/\/www.danubia.com\/hu\/talalkozzunk\/#breadcrumb","itemListElement":[{"@type":"ListItem","position":1,"name":"Home","item":"https:\/\/www.danubia.com\/hu\/"},{"@type":"ListItem","position":2,"name":"Tal\u00e1lkozzunk"}]},{"@type":"WebSite","@id":"https:\/\/www.danubia.com\/#website","url":"https:\/\/www.danubia.com\/","name":"Danubia","description":"","potentialAction":[{"@type":"SearchAction","target":{"@type":"EntryPoint","urlTemplate":"https:\/\/www.danubia.com\/?s={search_term_string}"},"query-input":{"@type":"PropertyValueSpecification","valueRequired":true,"valueName":"search_term_string"}}],"inLanguage":"hu"}]}},"_links":{"self":[{"href":"https:\/\/www.danubia.com\/hu\/wp-json\/wp\/v2\/pages\/3599","targetHints":{"allow":["GET"]}}],"collection":[{"href":"https:\/\/www.danubia.com\/hu\/wp-json\/wp\/v2\/pages"}],"about":[{"href":"https:\/\/www.danubia.com\/hu\/wp-json\/wp\/v2\/types\/page"}],"author":[{"embeddable":true,"href":"https:\/\/www.danubia.com\/hu\/wp-json\/wp\/v2\/users\/1"}],"replies":[{"embeddable":true,"href":"https:\/\/www.danubia.com\/hu\/wp-json\/wp\/v2\/comments?post=3599"}],"version-history":[{"count":15,"href":"https:\/\/www.danubia.com\/hu\/wp-json\/wp\/v2\/pages\/3599\/revisions"}],"predecessor-version":[{"id":8731,"href":"https:\/\/www.danubia.com\/hu\/wp-json\/wp\/v2\/pages\/3599\/revisions\/8731"}],"wp:attachment":[{"href":"https:\/\/www.danubia.com\/hu\/wp-json\/wp\/v2\/media?parent=3599"}],"curies":[{"name":"wp","href":"https:\/\/api.w.org\/{rel}","templated":true}]}}