{"id":3824,"date":"2020-02-19T09:36:07","date_gmt":"2020-02-19T09:36:07","guid":{"rendered":"https:\/\/www.danubia.com\/?page_id=3824"},"modified":"2020-02-20T08:13:57","modified_gmt":"2020-02-20T08:13:57","slug":"dr-luszcz-viktor-ll-m","status":"publish","type":"page","link":"https:\/\/www.danubia.com\/hu\/munkatarsaink\/dr-luszcz-viktor-ll-m\/","title":{"rendered":"Dr. \u0141uszcz Viktor LL.M."},"content":{"rendered":"<p>[et_pb_section fb_built=&#8221;1&#8243; specialty=&#8221;on&#8221; _builder_version=&#8221;3.22&#8243; inner_max_width=&#8221;none&#8221;][et_pb_column type=&#8221;1_4&#8243; _builder_version=&#8221;3.25&#8243; custom_padding=&#8221;|||&#8221; custom_padding__hover=&#8221;|||&#8221;][et_pb_image src=&#8221;https:\/\/www.danubia.com\/wp-content\/uploads\/2020\/02\/dr-Luszcz-Viktor.jpg&#8221; align_tablet=&#8221;center&#8221; align_phone=&#8221;&#8221; align_last_edited=&#8221;on|desktop&#8221; _builder_version=&#8221;4.0.4&#8243; custom_margin=&#8221;||0px|&#8221; custom_padding=&#8221;||15px|&#8221; animation_style=&#8221;fade&#8221; z_index_tablet=&#8221;500&#8243;][\/et_pb_image][et_pb_text _builder_version=&#8221;4.0.4&#8243; text_font_size=&#8221;14px&#8221; custom_margin=&#8221;||0px|&#8221; custom_padding=&#8221;||15px|&#8221; z_index_tablet=&#8221;500&#8243;]<\/p>\n<p><strong>(+36 1) 411-8874<\/strong><br \/><strong><a href=\"mailto:office@danubialegal.hu\">office@danubialegal.hu<\/a><\/strong><br \/><strong><a href=\"mailto:viktor.luszcz@danubialegal.hu\">viktor.luszcz@danubialegal.hu<\/a><\/strong><\/p>\n<p>[\/et_pb_text][et_pb_image src=&#8221;https:\/\/www.danubia.com\/wp-content\/uploads\/2020\/01\/LinkedIn-logo.png&#8221; url=&#8221;https:\/\/www.linkedin.com\/in\/viktor-\u0142uszcz-83283749\/&#8221; url_new_window=&#8221;on&#8221; admin_label=&#8221;LinkedIn&#8221; _builder_version=&#8221;4.0.4&#8243; max_width=&#8221;30px&#8221; module_alignment=&#8221;left&#8221;][\/et_pb_image][\/et_pb_column][et_pb_column type=&#8221;3_4&#8243; specialty_columns=&#8221;3&#8243; _builder_version=&#8221;3.25&#8243; custom_padding=&#8221;|||&#8221; custom_padding__hover=&#8221;|||&#8221;][et_pb_row_inner admin_label=&#8221;Sor&#8221; _builder_version=&#8221;3.25&#8243;][et_pb_column_inner saved_specialty_column_type=&#8221;3_4&#8243; _builder_version=&#8221;3.25&#8243; custom_padding=&#8221;|||&#8221; custom_padding__hover=&#8221;|||&#8221;][et_pb_text admin_label=&#8221;N\u00e9v&#8221; _builder_version=&#8221;4.0.4&#8243; text_font=&#8221;Raleway|700||on|||||&#8221; text_text_color=&#8221;#a6192e&#8221; text_font_size=&#8221;36px&#8221; header_font=&#8221;Raleway|700||on|||||&#8221; header_text_align=&#8221;center&#8221; header_text_color=&#8221;#ffffff&#8221; header_font_size=&#8221;50px&#8221; header_line_height=&#8221;1.4em&#8221; custom_margin=&#8221;||0px|&#8221; custom_padding=&#8221;||15px|&#8221; z_index_tablet=&#8221;500&#8243; text_font_size_tablet=&#8221;30px&#8221; text_font_size_phone=&#8221;22px&#8221; text_font_size_last_edited=&#8221;on|desktop&#8221; header_font_size_tablet=&#8221;30px&#8221; header_font_size_phone=&#8221;22px&#8221; header_font_size_last_edited=&#8221;on|desktop&#8221;]Dr. \u0141uszcz Viktor LL.M.[\/et_pb_text][et_pb_text admin_label=&#8221;poz\u00edci\u00f3&#8221; _builder_version=&#8221;4.0.4&#8243; text_font=&#8221;Raleway|700|||||||&#8221; text_text_color=&#8221;#63666a&#8221; text_font_size=&#8221;18px&#8221; custom_margin=&#8221;||0px|&#8221; custom_padding=&#8221;||10px|&#8221; z_index_tablet=&#8221;500&#8243; text_font_size_tablet=&#8221;20px&#8221; text_font_size_phone=&#8221;&#8221; text_font_size_last_edited=&#8221;on|desktop&#8221;]<\/p>\n<p>\u00fcgyv\u00e9d<br \/>partner<\/p>\n<p>[\/et_pb_text][et_pb_divider divider_position=&#8221;center&#8221; divider_weight=&#8221;3&#8243; _builder_version=&#8221;3.21.1&#8243; max_width=&#8221;50px&#8221; module_alignment=&#8221;left&#8221; height=&#8221;0px&#8221; animation_style=&#8221;zoom&#8221; z_index_tablet=&#8221;500&#8243;][\/et_pb_divider][et_pb_text admin_label=&#8221;Le\u00edr\u00e1s&#8221; _builder_version=&#8221;4.0.4&#8243; text_orientation=&#8221;justified&#8221; z_index_tablet=&#8221;500&#8243; hover_enabled=&#8221;0&#8243;]<\/p>\n<p>Dr. \u0141uszcz Viktor f\u0151 szakter\u00fclete a versenyjog \u00e9s a szellemi tulajdonjog. Sz\u00e9les k\u00f6r\u0171 tapasztalatot szerzett kartellekkel, v\u00e1llalati \u00f6sszefon\u00f3d\u00e1sokkal, er\u0151f\u00f6l\u00e9nnyel val\u00f3 vissza\u00e9l\u00e9ssel \u00e9s \u00e1llami t\u00e1mogat\u00e1sokkal kapcsolatos \u00fcgyekben, tov\u00e1bb\u00e1 v\u00e9djegybejelent\u00e9sek, valamint felsz\u00f3lal\u00e1si \u00e9s t\u00f6rl\u00e9si elj\u00e1r\u00e1sok nyom\u00e1n hozott hat\u00e1rozatok b\u00edr\u00f3s\u00e1gi fel\u00fclvizsg\u00e1lata ter\u00e9n. Kiterjedt gyakorlati ismeretekkel b\u00edr az EU B\u00edr\u00f3s\u00e1ga el\u0151tti elj\u00e1r\u00e1sokkal kapcsolatosan, az EU jog\u00e1ra alap\u00edtott ig\u00e9nyek \u00e9rv\u00e9nyes\u00edt\u00e9s\u00e9nek szak\u00e9rt\u0151je. Sz\u00e1mos publik\u00e1ci\u00f3 szerz\u0151je, tov\u00e1bb\u00e1 a P\u00e1zm\u00e1ny P\u00e9ter Katolikus Egyetem angol nyelv\u0171 EU jogi posztgradu\u00e1lis k\u00e9pz\u00e9s\u00e9nek oktat\u00f3ja.<\/p>\n<p>2020 febru\u00e1rj\u00e1t\u00f3l a Danubia Legal partnere \u00e9s egyik irodavezet\u0151je. Ezt megel\u0151z\u0151en 2017 \u00e9s 2019 k\u00f6z\u00f6tt a Szellemi Tulajdon Nemzeti Hivatal\u00e1nak (SZTNH) eln\u00f6ke. E min\u0151s\u00e9g\u00e9ben t\u00f6bbek k\u00f6z\u00f6tt jogszab\u00e1lyreformot kezdem\u00e9nyezett annak \u00e9rdek\u00e9ben, hogy az SZTNH-hoz angol nyelven beny\u00fajtott szabadalmi bejelent\u00e9sek \u00e9rdemi vizsg\u00e1lat\u00e1t a Hivatal m\u00e1r a magyar ford\u00edt\u00e1s beny\u00fajt\u00e1s\u00e1t megel\u0151z\u0151en megkezdhesse, amely 2019-ben eredm\u00e9nyesen z\u00e1rult. 2017-ben az Eur\u00f3pai Szabadalmi Hivatal (EPO) mellett m\u0171k\u00f6d\u0151 Boards of Appeal Committee aleln\u00f6k\u00e9v\u00e9 v\u00e1lasztotta az EPO Igazgat\u00f3tan\u00e1csa.<\/p>\n<p>Viktor kor\u00e1bban 11 \u00e9ven \u00e1t dolgozott az EU T\u00f6rv\u00e9nysz\u00e9k\u00e9n (Luxembourg) b\u00edr\u00f3i tan\u00e1csad\u00f3 (<em>r\u00e9f\u00e9rendaire<\/em>) munkak\u00f6rben, melynek sor\u00e1n f\u0151k\u00e9nt EU v\u00e9djegyek, versenyjog, \u00e1llami t\u00e1mogat\u00e1sok \u00e9s d\u00f6mpingellenes v\u00e1mok ter\u00fclet\u00e9n \u00edrt \u00edt\u00e9lettervezeteket. Az \u00e1ltala el\u0151k\u00e9sz\u00edtett \u00fcgyek k\u00f6z\u00f6tt szerepelt az eddigi legnagyobb petrok\u00e9miai kartell\u00fcgy, valamint az EUIPO sz\u00e1mos v\u00e9djegyhat\u00e1rozata elleni fellebbez\u00e9s. K\u00e9t \u00e9ven \u00e1t az EU Bizotts\u00e1g Verseny\u00fcgyi F\u0151igazgat\u00f3s\u00e1g\u00e1n (DG COMP) volt \u00fcgyint\u00e9z\u0151, melynek sor\u00e1n \u00e9p\u00edt\u0151ipari \u00e9s eloszt\u00f3 kereskedelmi f\u00fazi\u00f3kkal \u00e9s kartellekkel foglalkozott.<\/p>\n<p>A College of Europe-ban (Bruges) \u00e9s az Universit\u00e9 de Rennes I-en egyar\u00e1nt EU jogi mesterfokozatot szerzett (LL.M.). A Miskolci Egyetem \u00c1llam- \u00e9s Jogtudom\u00e1nyi Kar\u00e1n v\u00e9gzett, a B\u00e9csi M\u0171szaki Egyetemen (Technische Universit\u00e4t Wien) t\u00f6lt\u00f6tt kutat\u00f3szemesztert k\u00f6vet\u0151en.<\/p>\n<p><span style=\"color: #a6192e;\"><strong>Nyelvtud\u00e1s:<\/strong><\/span><br \/>lengyel, angol, francia, n\u00e9met<\/p>\n<p>[\/et_pb_text][\/et_pb_column_inner][\/et_pb_row_inner][et_pb_row_inner column_structure=&#8221;1_2,1_2&#8243; admin_label=&#8221;Sor&#8221; _builder_version=&#8221;3.25&#8243;][et_pb_column_inner type=&#8221;1_2&#8243; saved_specialty_column_type=&#8221;3_4&#8243; _builder_version=&#8221;3.25&#8243; custom_padding=&#8221;|||&#8221; custom_padding__hover=&#8221;|||&#8221;][et_pb_text admin_label=&#8221;Szakmai tags\u00e1gok&#8221; _builder_version=&#8221;3.27.4&#8243; text_font=&#8221;Raleway|700|||||||&#8221; text_text_color=&#8221;#a6192e&#8221; z_index_tablet=&#8221;500&#8243;]<\/p>\n<p>Szakmai tags\u00e1gok<\/p>\n<p>[\/et_pb_text][et_pb_text admin_label=&#8221;Szakmai tags\u00e1gok felsorol\u00e1s&#8221; _builder_version=&#8221;4.0.4&#8243; z_index_tablet=&#8221;500&#8243;]<\/p>\n<p><span style=\"color: #a6192e;\">\u00bb<\/span> Budapesti \u00dcgyv\u00e9di Kamara<br \/><span style=\"color: #a6192e;\">\u00bb<\/span> FIDE (F\u00e9d\u00e9ration International de Droit Europ\u00e9en)<br \/><span style=\"color: #a6192e;\">\u00bb<\/span> Magyar Versenyjogi Egyes\u00fclet<\/p>\n<p>[\/et_pb_text][\/et_pb_column_inner][et_pb_column_inner type=&#8221;1_2&#8243; saved_specialty_column_type=&#8221;3_4&#8243; _builder_version=&#8221;3.25&#8243; custom_padding=&#8221;|||&#8221; custom_padding__hover=&#8221;|||&#8221;][et_pb_text admin_label=&#8221;F\u0151bb szakter\u00fcletek&#8221; _builder_version=&#8221;3.27.4&#8243; text_font=&#8221;Raleway|700|||||||&#8221; text_text_color=&#8221;#a6192e&#8221; z_index_tablet=&#8221;500&#8243;]<\/p>\n<p>F\u0151bb szakter\u00fcletek<\/p>\n<p>[\/et_pb_text][et_pb_text admin_label=&#8221;F\u0151bb szakter\u00fcletek felsorol\u00e1s&#8221; _builder_version=&#8221;4.0.4&#8243; z_index_tablet=&#8221;500&#8243;]<\/p>\n<p><span style=\"color: #a6192e;\">\u00bb<\/span> versenyjog (v\u00e1llalati \u00f6sszefon\u00f3d\u00e1s, kartell, er\u0151f\u00f6l\u00e9nnyel val\u00f3 vissza\u00e9l\u00e9s), technol\u00f3gia-licenc, disztrib\u00faci\u00f3s meg\u00e1llapod\u00e1sok, v\u00e9djegyek, EU kereskedelmi jog[\/et_pb_text][\/et_pb_column_inner][\/et_pb_row_inner][\/et_pb_column][\/et_pb_section]<\/p>\n","protected":false},"excerpt":{"rendered":"<p>(+36 1) 411-8874office@danubialegal.huviktor.luszcz@danubialegal.huDr. \u0141uszcz Viktor LL.M.\u00fcgyv\u00e9dpartnerDr. \u0141uszcz Viktor f\u0151 szakter\u00fclete a versenyjog \u00e9s a szellemi tulajdonjog. Sz\u00e9les k\u00f6r\u0171 tapasztalatot szerzett kartellekkel, v\u00e1llalati \u00f6sszefon\u00f3d\u00e1sokkal, er\u0151f\u00f6l\u00e9nnyel val\u00f3 vissza\u00e9l\u00e9ssel \u00e9s \u00e1llami t\u00e1mogat\u00e1sokkal kapcsolatos \u00fcgyekben, tov\u00e1bb\u00e1 v\u00e9djegybejelent\u00e9sek, valamint felsz\u00f3lal\u00e1si \u00e9s t\u00f6rl\u00e9si elj\u00e1r\u00e1sok nyom\u00e1n hozott hat\u00e1rozatok b\u00edr\u00f3s\u00e1gi fel\u00fclvizsg\u00e1lata ter\u00e9n. Kiterjedt gyakorlati ismeretekkel b\u00edr az EU B\u00edr\u00f3s\u00e1ga el\u0151tti elj\u00e1r\u00e1sokkal kapcsolatosan, az [&hellip;]<\/p>\n","protected":false},"author":1,"featured_media":0,"parent":922,"menu_order":0,"comment_status":"closed","ping_status":"closed","template":"","meta":{"_et_pb_use_builder":"on","_et_pb_old_content":"","_et_gb_content_width":"","footnotes":""},"class_list":["post-3824","page","type-page","status-publish","hentry"],"yoast_head":"<!-- This site is optimized with the Yoast SEO plugin v27.3 - https:\/\/yoast.com\/product\/yoast-seo-wordpress\/ -->\n<title>Dr. \u0141uszcz Viktor LL.M. \u00a0- \u00fcgyv\u00e9d - DANUBIA LEGAL<\/title>\n<meta name=\"description\" content=\"Versenyjog (v\u00e1llalati \u00f6sszefon\u00f3d\u00e1s, kartell, er\u0151f\u00f6l\u00e9nnyel val\u00f3 vissza\u00e9l\u00e9s), technol\u00f3gia-licenc, disztrib\u00faci\u00f3s meg\u00e1llapod\u00e1sok, v\u00e9djegyek, EU kereskedelmi jog\" \/>\n<meta name=\"robots\" content=\"index, follow, max-snippet:-1, max-image-preview:large, max-video-preview:-1\" \/>\n<link rel=\"canonical\" href=\"https:\/\/www.danubia.com\/hu\/munkatarsaink\/dr-luszcz-viktor-ll-m\/\" \/>\n<meta property=\"og:locale\" content=\"hu_HU\" \/>\n<meta property=\"og:type\" content=\"article\" \/>\n<meta property=\"og:title\" content=\"Dr. \u0141uszcz Viktor LL.M. \u00a0- \u00fcgyv\u00e9d - DANUBIA LEGAL\" \/>\n<meta property=\"og:description\" content=\"Versenyjog (v\u00e1llalati \u00f6sszefon\u00f3d\u00e1s, kartell, er\u0151f\u00f6l\u00e9nnyel val\u00f3 vissza\u00e9l\u00e9s), technol\u00f3gia-licenc, disztrib\u00faci\u00f3s meg\u00e1llapod\u00e1sok, v\u00e9djegyek, EU kereskedelmi jog\" \/>\n<meta property=\"og:url\" content=\"https:\/\/www.danubia.com\/hu\/munkatarsaink\/dr-luszcz-viktor-ll-m\/\" \/>\n<meta property=\"og:site_name\" content=\"Danubia\" \/>\n<meta property=\"article:modified_time\" content=\"2020-02-20T08:13:57+00:00\" \/>\n<meta property=\"og:image\" content=\"https:\/\/www.danubia.com\/wp-content\/uploads\/2019\/11\/Danubia-og-hu.jpg\" \/>\n\t<meta property=\"og:image:width\" content=\"1125\" \/>\n\t<meta property=\"og:image:height\" content=\"633\" \/>\n\t<meta property=\"og:image:type\" content=\"image\/jpeg\" \/>\n<meta name=\"twitter:card\" content=\"summary_large_image\" \/>\n<meta name=\"twitter:label1\" content=\"Becs\u00fclt olvas\u00e1si id\u0151\" \/>\n\t<meta name=\"twitter:data1\" content=\"5 perc\" \/>\n<script type=\"application\/ld+json\" class=\"yoast-schema-graph\">{\"@context\":\"https:\\\/\\\/schema.org\",\"@graph\":[{\"@type\":\"WebPage\",\"@id\":\"https:\\\/\\\/www.danubia.com\\\/hu\\\/munkatarsaink\\\/dr-luszcz-viktor-ll-m\\\/\",\"url\":\"https:\\\/\\\/www.danubia.com\\\/hu\\\/munkatarsaink\\\/dr-luszcz-viktor-ll-m\\\/\",\"name\":\"Dr. \u0141uszcz Viktor LL.M. \u00a0- \u00fcgyv\u00e9d - DANUBIA LEGAL\",\"isPartOf\":{\"@id\":\"https:\\\/\\\/www.danubia.com\\\/#website\"},\"datePublished\":\"2020-02-19T09:36:07+00:00\",\"dateModified\":\"2020-02-20T08:13:57+00:00\",\"description\":\"Versenyjog (v\u00e1llalati \u00f6sszefon\u00f3d\u00e1s, kartell, er\u0151f\u00f6l\u00e9nnyel val\u00f3 vissza\u00e9l\u00e9s), technol\u00f3gia-licenc, disztrib\u00faci\u00f3s meg\u00e1llapod\u00e1sok, v\u00e9djegyek, EU kereskedelmi jog\",\"breadcrumb\":{\"@id\":\"https:\\\/\\\/www.danubia.com\\\/hu\\\/munkatarsaink\\\/dr-luszcz-viktor-ll-m\\\/#breadcrumb\"},\"inLanguage\":\"hu\",\"potentialAction\":[{\"@type\":\"ReadAction\",\"target\":[\"https:\\\/\\\/www.danubia.com\\\/hu\\\/munkatarsaink\\\/dr-luszcz-viktor-ll-m\\\/\"]}]},{\"@type\":\"BreadcrumbList\",\"@id\":\"https:\\\/\\\/www.danubia.com\\\/hu\\\/munkatarsaink\\\/dr-luszcz-viktor-ll-m\\\/#breadcrumb\",\"itemListElement\":[{\"@type\":\"ListItem\",\"position\":1,\"name\":\"Home\",\"item\":\"https:\\\/\\\/www.danubia.com\\\/hu\\\/\"},{\"@type\":\"ListItem\",\"position\":2,\"name\":\"Munkat\u00e1rsaink\",\"item\":\"https:\\\/\\\/www.danubia.com\\\/hu\\\/munkatarsaink\\\/\"},{\"@type\":\"ListItem\",\"position\":3,\"name\":\"Dr. \u0141uszcz Viktor LL.M.\"}]},{\"@type\":\"WebSite\",\"@id\":\"https:\\\/\\\/www.danubia.com\\\/#website\",\"url\":\"https:\\\/\\\/www.danubia.com\\\/\",\"name\":\"Danubia\",\"description\":\"\",\"potentialAction\":[{\"@type\":\"SearchAction\",\"target\":{\"@type\":\"EntryPoint\",\"urlTemplate\":\"https:\\\/\\\/www.danubia.com\\\/?s={search_term_string}\"},\"query-input\":{\"@type\":\"PropertyValueSpecification\",\"valueRequired\":true,\"valueName\":\"search_term_string\"}}],\"inLanguage\":\"hu\"}]}<\/script>\n<!-- \/ Yoast SEO plugin. -->","yoast_head_json":{"title":"Dr. \u0141uszcz Viktor LL.M. \u00a0- \u00fcgyv\u00e9d - DANUBIA LEGAL","description":"Versenyjog (v\u00e1llalati \u00f6sszefon\u00f3d\u00e1s, kartell, er\u0151f\u00f6l\u00e9nnyel val\u00f3 vissza\u00e9l\u00e9s), technol\u00f3gia-licenc, disztrib\u00faci\u00f3s meg\u00e1llapod\u00e1sok, v\u00e9djegyek, EU kereskedelmi jog","robots":{"index":"index","follow":"follow","max-snippet":"max-snippet:-1","max-image-preview":"max-image-preview:large","max-video-preview":"max-video-preview:-1"},"canonical":"https:\/\/www.danubia.com\/hu\/munkatarsaink\/dr-luszcz-viktor-ll-m\/","og_locale":"hu_HU","og_type":"article","og_title":"Dr. \u0141uszcz Viktor LL.M. \u00a0- \u00fcgyv\u00e9d - DANUBIA LEGAL","og_description":"Versenyjog (v\u00e1llalati \u00f6sszefon\u00f3d\u00e1s, kartell, er\u0151f\u00f6l\u00e9nnyel val\u00f3 vissza\u00e9l\u00e9s), technol\u00f3gia-licenc, disztrib\u00faci\u00f3s meg\u00e1llapod\u00e1sok, v\u00e9djegyek, EU kereskedelmi jog","og_url":"https:\/\/www.danubia.com\/hu\/munkatarsaink\/dr-luszcz-viktor-ll-m\/","og_site_name":"Danubia","article_modified_time":"2020-02-20T08:13:57+00:00","og_image":[{"width":1125,"height":633,"url":"https:\/\/www.danubia.com\/wp-content\/uploads\/2019\/11\/Danubia-og-hu.jpg","type":"image\/jpeg"}],"twitter_card":"summary_large_image","twitter_misc":{"Becs\u00fclt olvas\u00e1si id\u0151":"5 perc"},"schema":{"@context":"https:\/\/schema.org","@graph":[{"@type":"WebPage","@id":"https:\/\/www.danubia.com\/hu\/munkatarsaink\/dr-luszcz-viktor-ll-m\/","url":"https:\/\/www.danubia.com\/hu\/munkatarsaink\/dr-luszcz-viktor-ll-m\/","name":"Dr. \u0141uszcz Viktor LL.M. \u00a0- \u00fcgyv\u00e9d - DANUBIA LEGAL","isPartOf":{"@id":"https:\/\/www.danubia.com\/#website"},"datePublished":"2020-02-19T09:36:07+00:00","dateModified":"2020-02-20T08:13:57+00:00","description":"Versenyjog (v\u00e1llalati \u00f6sszefon\u00f3d\u00e1s, kartell, er\u0151f\u00f6l\u00e9nnyel val\u00f3 vissza\u00e9l\u00e9s), technol\u00f3gia-licenc, disztrib\u00faci\u00f3s meg\u00e1llapod\u00e1sok, v\u00e9djegyek, EU kereskedelmi jog","breadcrumb":{"@id":"https:\/\/www.danubia.com\/hu\/munkatarsaink\/dr-luszcz-viktor-ll-m\/#breadcrumb"},"inLanguage":"hu","potentialAction":[{"@type":"ReadAction","target":["https:\/\/www.danubia.com\/hu\/munkatarsaink\/dr-luszcz-viktor-ll-m\/"]}]},{"@type":"BreadcrumbList","@id":"https:\/\/www.danubia.com\/hu\/munkatarsaink\/dr-luszcz-viktor-ll-m\/#breadcrumb","itemListElement":[{"@type":"ListItem","position":1,"name":"Home","item":"https:\/\/www.danubia.com\/hu\/"},{"@type":"ListItem","position":2,"name":"Munkat\u00e1rsaink","item":"https:\/\/www.danubia.com\/hu\/munkatarsaink\/"},{"@type":"ListItem","position":3,"name":"Dr. \u0141uszcz Viktor LL.M."}]},{"@type":"WebSite","@id":"https:\/\/www.danubia.com\/#website","url":"https:\/\/www.danubia.com\/","name":"Danubia","description":"","potentialAction":[{"@type":"SearchAction","target":{"@type":"EntryPoint","urlTemplate":"https:\/\/www.danubia.com\/?s={search_term_string}"},"query-input":{"@type":"PropertyValueSpecification","valueRequired":true,"valueName":"search_term_string"}}],"inLanguage":"hu"}]}},"_links":{"self":[{"href":"https:\/\/www.danubia.com\/hu\/wp-json\/wp\/v2\/pages\/3824","targetHints":{"allow":["GET"]}}],"collection":[{"href":"https:\/\/www.danubia.com\/hu\/wp-json\/wp\/v2\/pages"}],"about":[{"href":"https:\/\/www.danubia.com\/hu\/wp-json\/wp\/v2\/types\/page"}],"author":[{"embeddable":true,"href":"https:\/\/www.danubia.com\/hu\/wp-json\/wp\/v2\/users\/1"}],"replies":[{"embeddable":true,"href":"https:\/\/www.danubia.com\/hu\/wp-json\/wp\/v2\/comments?post=3824"}],"version-history":[{"count":11,"href":"https:\/\/www.danubia.com\/hu\/wp-json\/wp\/v2\/pages\/3824\/revisions"}],"predecessor-version":[{"id":3870,"href":"https:\/\/www.danubia.com\/hu\/wp-json\/wp\/v2\/pages\/3824\/revisions\/3870"}],"up":[{"embeddable":true,"href":"https:\/\/www.danubia.com\/hu\/wp-json\/wp\/v2\/pages\/922"}],"wp:attachment":[{"href":"https:\/\/www.danubia.com\/hu\/wp-json\/wp\/v2\/media?parent=3824"}],"curies":[{"name":"wp","href":"https:\/\/api.w.org\/{rel}","templated":true}]}}