{"id":3926,"date":"2020-02-25T18:45:52","date_gmt":"2020-02-25T18:45:52","guid":{"rendered":"https:\/\/www.danubia.com\/?page_id=3926"},"modified":"2025-08-18T12:23:26","modified_gmt":"2025-08-18T12:23:26","slug":"haraszti-helga","status":"publish","type":"page","link":"https:\/\/www.danubia.com\/hu\/munkatarsaink\/haraszti-helga\/","title":{"rendered":"Haraszti Helga"},"content":{"rendered":"<p>[et_pb_section fb_built=&#8221;1&#8243; specialty=&#8221;on&#8221; _builder_version=&#8221;4.16&#8243; inner_max_width=&#8221;none&#8221; global_colors_info=&#8221;{}&#8221;][et_pb_column type=&#8221;1_4&#8243; _builder_version=&#8221;4.16&#8243; custom_padding=&#8221;|||&#8221; global_colors_info=&#8221;{}&#8221; custom_padding__hover=&#8221;|||&#8221;][et_pb_image src=&#8221;https:\/\/www.danubia.com\/wp-content\/uploads\/2020\/02\/Haraszti-Helga.jpg&#8221; align_tablet=&#8221;center&#8221; align_phone=&#8221;&#8221; align_last_edited=&#8221;on|desktop&#8221; _builder_version=&#8221;4.16&#8243; custom_margin=&#8221;||0px|&#8221; custom_padding=&#8221;||15px|&#8221; animation_style=&#8221;fade&#8221; z_index_tablet=&#8221;500&#8243; global_colors_info=&#8221;{}&#8221;][\/et_pb_image][et_pb_text _builder_version=&#8221;4.27.4&#8243; text_font_size=&#8221;14px&#8221; custom_margin=&#8221;||0px|&#8221; custom_padding=&#8221;||15px|&#8221; hover_enabled=&#8221;0&#8243; z_index_tablet=&#8221;500&#8243; global_colors_info=&#8221;{}&#8221; sticky_enabled=&#8221;0&#8243;]<\/p>\n<p><strong>(+36 1) 411-8873<\/strong><br \/><strong><a href=\"mailto:haraszti@danubia.hu\">haraszti@danubia.hu<\/a><\/strong><\/p>\n<p>[\/et_pb_text][et_pb_image src=&#8221;https:\/\/www.danubia.com\/wp-content\/uploads\/2020\/01\/LinkedIn-logo.png&#8221; url=&#8221;https:\/\/www.linkedin.com\/company\/danubia-patent-and-law-office-llc\/&#8221; url_new_window=&#8221;on&#8221; admin_label=&#8221;LinkedIn&#8221; _builder_version=&#8221;4.16&#8243; max_width=&#8221;30px&#8221; module_alignment=&#8221;left&#8221; global_colors_info=&#8221;{}&#8221;][\/et_pb_image][\/et_pb_column][et_pb_column type=&#8221;3_4&#8243; specialty_columns=&#8221;3&#8243; _builder_version=&#8221;4.16&#8243; custom_padding=&#8221;|||&#8221; global_colors_info=&#8221;{}&#8221; custom_padding__hover=&#8221;|||&#8221;][et_pb_row_inner admin_label=&#8221;Sor&#8221; _builder_version=&#8221;4.16&#8243; global_colors_info=&#8221;{}&#8221;][et_pb_column_inner saved_specialty_column_type=&#8221;3_4&#8243; _builder_version=&#8221;4.16&#8243; custom_padding=&#8221;|||&#8221; global_colors_info=&#8221;{}&#8221; custom_padding__hover=&#8221;|||&#8221;][et_pb_text admin_label=&#8221;N\u00e9v&#8221; _builder_version=&#8221;4.16&#8243; text_font=&#8221;Raleway|700||on|||||&#8221; text_text_color=&#8221;#a6192e&#8221; text_font_size=&#8221;36px&#8221; header_font=&#8221;Raleway|700||on|||||&#8221; header_text_align=&#8221;center&#8221; header_text_color=&#8221;#ffffff&#8221; header_font_size=&#8221;50px&#8221; header_line_height=&#8221;1.4em&#8221; custom_margin=&#8221;||0px|&#8221; custom_padding=&#8221;||15px|&#8221; text_font_size_tablet=&#8221;30px&#8221; text_font_size_phone=&#8221;22px&#8221; text_font_size_last_edited=&#8221;on|desktop&#8221; header_font_size_tablet=&#8221;30px&#8221; header_font_size_phone=&#8221;22px&#8221; header_font_size_last_edited=&#8221;on|desktop&#8221; z_index_tablet=&#8221;500&#8243; global_colors_info=&#8221;{}&#8221;]Haraszti Helga<br \/>\n[\/et_pb_text][et_pb_text admin_label=&#8221;poz\u00edci\u00f3&#8221; _builder_version=&#8221;4.27.4&#8243; text_font=&#8221;Raleway|700|||||||&#8221; text_text_color=&#8221;#63666a&#8221; text_font_size=&#8221;18px&#8221; custom_margin=&#8221;||0px|&#8221; custom_padding=&#8221;||10px|&#8221; hover_enabled=&#8221;0&#8243; text_font_size_tablet=&#8221;20px&#8221; text_font_size_phone=&#8221;&#8221; text_font_size_last_edited=&#8221;on|desktop&#8221; z_index_tablet=&#8221;500&#8243; global_colors_info=&#8221;{}&#8221; sticky_enabled=&#8221;0&#8243;]<\/p>\n<p>eur\u00f3pai szabadalmi \u00fcgyviv\u0151<br \/>magyar szabadalmi \u00fcgyviv\u0151jel\u00f6lt<br \/>okleveles biol\u00f3gus<\/p>\n<p>[\/et_pb_text][et_pb_divider divider_position=&#8221;center&#8221; divider_weight=&#8221;3&#8243; _builder_version=&#8221;4.16&#8243; max_width=&#8221;50px&#8221; module_alignment=&#8221;left&#8221; height=&#8221;0px&#8221; animation_style=&#8221;zoom&#8221; z_index_tablet=&#8221;500&#8243; global_colors_info=&#8221;{}&#8221;][\/et_pb_divider][et_pb_text admin_label=&#8221;Le\u00edr\u00e1s&#8221; _builder_version=&#8221;4.27.4&#8243; text_orientation=&#8221;justified&#8221; hover_enabled=&#8221;0&#8243; z_index_tablet=&#8221;500&#8243; global_colors_info=&#8221;{}&#8221; sticky_enabled=&#8221;0&#8243;]<\/p>\n<p>Haraszti Helga els\u0151sorban \u00e9lettudom\u00e1nyi, biol\u00f3giai, biok\u00e9miai \u00e9s gy\u00f3gyszeripari t\u00e1rgy\u00fa tal\u00e1lm\u00e1nyokkal foglalkozik. Tapasztalattal rendelkezik szabadalmi \u00e9s szakirodalmi adatb\u00e1zisokban val\u00f3 kutat\u00e1sokban, szakv\u00e9lem\u00e9nyek k\u00e9sz\u00edt\u00e9s\u00e9ben, szabadalmi le\u00edr\u00e1sok (bele\u00e9rtve az ig\u00e9nypontok) kidolgoz\u00e1s\u00e1ban, valamint hivatali v\u00e9gz\u00e9sek megv\u00e1laszol\u00e1s\u00e1ban. Ezenk\u00edv\u00fcl r\u00e9szt vesz szabadalmi bejelent\u00e9sekkel kapcsolatos jogi \u00e9rt\u00e9kel\u00e9sekben \u00e9s tan\u00e1csad\u00e1sban is. J\u00e1rtas mind a magyar, mind a nemzetk\u00f6zi szabadalmi jogban (Eur\u00f3pai Szabadalmi Egyezm\u00e9ny; PCT-rendszer). Eur\u00f3pai szabadalmi \u00fcgyviv\u0151k\u00e9nt, illetve magyar szabadalmi \u00fcgyviv\u0151jel\u00f6ltk\u00e9nt k\u00e9pviseleti munk\u00e1t l\u00e1t el az Eur\u00f3pai Szabadalmi Hivatal \u00e9s a Szellemi Tulajdon Nemzeti Hivatala el\u0151tt.<\/p>\n<p>A Danubia Szabadalmi \u00e9s Jogi Irod\u00e1hoz 2018-ban csatlakozott iparjogv\u00e9delmi szakreferensk\u00e9nt. 2021 \u00e9s 2025 k\u00f6z\u00f6tt eur\u00f3pai \u00e9s magyar szabadalmi \u00fcgyviv\u0151jel\u00f6ltk\u00e9nt dolgozott. Miut\u00e1n 2025-ben letette az eur\u00f3pai \u00fcgyviv\u0151i vizsg\u00e1t, eur\u00f3pai szabadalmi \u00fcgyviv\u0151v\u00e9 v\u00e1lt. Emellett tov\u00e1bbra is tev\u00e9kenykedik magyar szabadalmi \u00fcgyviv\u0151jel\u00f6ltk\u00e9nt.<\/p>\n<p>Helga az E\u00f6tv\u00f6s Lor\u00e1nd Tudom\u00e1nyegyetem Term\u00e9szettudom\u00e1nyi Kar\u00e1n szerezte meg 2018-ban a biol\u00f3gus BSc diplom\u00e1j\u00e1t, majd 2021-ben a biol\u00f3gus MSc diplom\u00e1j\u00e1t.<\/p>\n<p><span style=\"color: #a6192e;\"><strong>Nyelvtud\u00e1s:<\/strong><\/span><br \/>angol, francia<\/p>\n<p>[\/et_pb_text][\/et_pb_column_inner][\/et_pb_row_inner][et_pb_row_inner column_structure=&#8221;1_2,1_2&#8243; admin_label=&#8221;Sor&#8221; _builder_version=&#8221;4.16&#8243; global_colors_info=&#8221;{}&#8221;][et_pb_column_inner type=&#8221;1_2&#8243; saved_specialty_column_type=&#8221;3_4&#8243; _builder_version=&#8221;4.16&#8243; custom_padding=&#8221;|||&#8221; global_colors_info=&#8221;{}&#8221; custom_padding__hover=&#8221;|||&#8221;][et_pb_text admin_label=&#8221;Szakmai tags\u00e1gok&#8221; _builder_version=&#8221;4.16&#8243; text_font=&#8221;Raleway|700|||||||&#8221; text_text_color=&#8221;#a6192e&#8221; z_index_tablet=&#8221;500&#8243; global_colors_info=&#8221;{}&#8221;]Szakmai tags\u00e1gok<br \/>\n[\/et_pb_text][et_pb_text admin_label=&#8221;Szakmai tags\u00e1gok felsorol\u00e1s&#8221; _builder_version=&#8221;4.27.4&#8243; hover_enabled=&#8221;0&#8243; z_index_tablet=&#8221;500&#8243; global_colors_info=&#8221;{}&#8221; sticky_enabled=&#8221;0&#8243;]<\/p>\n<p><span style=\"color: #a6192e;\">\u00bb<\/span> Eur\u00f3pai Szabadalmi \u00dcgyviv\u0151k Szervezete (EPI)<br \/><span style=\"color: #a6192e;\">\u00bb <\/span>Magyar Iparjogv\u00e9delmi \u00e9s Szerz\u0151i Jogi Egyes\u00fclet (MIE)<\/p>\n<p>[\/et_pb_text][\/et_pb_column_inner][et_pb_column_inner type=&#8221;1_2&#8243; saved_specialty_column_type=&#8221;3_4&#8243; _builder_version=&#8221;4.16&#8243; custom_padding=&#8221;|||&#8221; global_colors_info=&#8221;{}&#8221; custom_padding__hover=&#8221;|||&#8221;][et_pb_text admin_label=&#8221;F\u0151bb szakter\u00fcletek&#8221; _builder_version=&#8221;4.16&#8243; text_font=&#8221;Raleway|700|||||||&#8221; text_text_color=&#8221;#a6192e&#8221; z_index_tablet=&#8221;500&#8243; global_colors_info=&#8221;{}&#8221;]F\u0151bb szakter\u00fcletek<br \/>\n[\/et_pb_text][et_pb_text admin_label=&#8221;F\u0151bb szakter\u00fcletek felsorol\u00e1s&#8221; _builder_version=&#8221;4.27.4&#8243; hover_enabled=&#8221;0&#8243; z_index_tablet=&#8221;500&#8243; global_colors_info=&#8221;{}&#8221; sticky_enabled=&#8221;0&#8243;]<\/p>\n<p><span style=\"color: #a6192e;\">\u00bb\u00a0<\/span>\u00e9lettudom\u00e1nyok, biol\u00f3gia, biok\u00e9mia, mikrobiol\u00f3gia<\/p>\n<p>[\/et_pb_text][\/et_pb_column_inner][\/et_pb_row_inner][\/et_pb_column][\/et_pb_section]<\/p>\n","protected":false},"excerpt":{"rendered":"<p>(+36 1) 411-8873haraszti@danubia.huHaraszti Helga eur\u00f3pai szabadalmi \u00fcgyviv\u0151magyar szabadalmi \u00fcgyviv\u0151jel\u00f6ltokleveles biol\u00f3gusHaraszti Helga els\u0151sorban \u00e9lettudom\u00e1nyi, biol\u00f3giai, biok\u00e9miai \u00e9s gy\u00f3gyszeripari t\u00e1rgy\u00fa tal\u00e1lm\u00e1nyokkal foglalkozik. Tapasztalattal rendelkezik szabadalmi \u00e9s szakirodalmi adatb\u00e1zisokban val\u00f3 kutat\u00e1sokban, szakv\u00e9lem\u00e9nyek k\u00e9sz\u00edt\u00e9s\u00e9ben, szabadalmi le\u00edr\u00e1sok (bele\u00e9rtve az ig\u00e9nypontok) kidolgoz\u00e1s\u00e1ban, valamint hivatali v\u00e9gz\u00e9sek megv\u00e1laszol\u00e1s\u00e1ban. Ezenk\u00edv\u00fcl r\u00e9szt vesz szabadalmi bejelent\u00e9sekkel kapcsolatos jogi \u00e9rt\u00e9kel\u00e9sekben \u00e9s tan\u00e1csad\u00e1sban is. J\u00e1rtas mind a magyar, [&hellip;]<\/p>\n","protected":false},"author":1,"featured_media":0,"parent":922,"menu_order":0,"comment_status":"closed","ping_status":"closed","template":"","meta":{"_et_pb_use_builder":"on","_et_pb_old_content":"","_et_gb_content_width":"","footnotes":""},"class_list":["post-3926","page","type-page","status-publish","hentry"],"yoast_head":"<!-- This site is optimized with the Yoast SEO plugin v27.3 - https:\/\/yoast.com\/product\/yoast-seo-wordpress\/ -->\n<title>Haraszti Helga - DANUBIA Szabadalmi \u00e9s Jogi Iroda<\/title>\n<meta name=\"description\" content=\"Szabadalmi \u00fcgyviv\u0151jel\u00f6lt, a szabadalmi \u00fcgyviv\u0151k munk\u00e1j\u00e1t seg\u00edti. Iparjogv\u00e9delem, szabadalmaztat\u00e1s, szabadalmi oltalom, szabadalmi bejelent\u00e9s\" \/>\n<meta name=\"robots\" content=\"index, follow, max-snippet:-1, max-image-preview:large, max-video-preview:-1\" \/>\n<link rel=\"canonical\" href=\"https:\/\/www.danubia.com\/hu\/munkatarsaink\/haraszti-helga\/\" \/>\n<meta property=\"og:locale\" content=\"hu_HU\" \/>\n<meta property=\"og:type\" content=\"article\" \/>\n<meta property=\"og:title\" content=\"Haraszti Helga - DANUBIA Szabadalmi \u00e9s Jogi Iroda\" \/>\n<meta property=\"og:description\" content=\"Szabadalmi \u00fcgyviv\u0151jel\u00f6lt, a szabadalmi \u00fcgyviv\u0151k munk\u00e1j\u00e1t seg\u00edti. Iparjogv\u00e9delem, szabadalmaztat\u00e1s, szabadalmi oltalom, szabadalmi bejelent\u00e9s\" \/>\n<meta property=\"og:url\" content=\"https:\/\/www.danubia.com\/hu\/munkatarsaink\/haraszti-helga\/\" \/>\n<meta property=\"og:site_name\" content=\"Danubia\" \/>\n<meta property=\"article:modified_time\" content=\"2025-08-18T12:23:26+00:00\" \/>\n<meta property=\"og:image\" content=\"https:\/\/www.danubia.com\/wp-content\/uploads\/2019\/11\/Danubia-og-hu.jpg\" \/>\n\t<meta property=\"og:image:width\" content=\"1125\" \/>\n\t<meta property=\"og:image:height\" content=\"633\" \/>\n\t<meta property=\"og:image:type\" content=\"image\/jpeg\" \/>\n<meta name=\"twitter:card\" content=\"summary_large_image\" \/>\n<meta name=\"twitter:label1\" content=\"Becs\u00fclt olvas\u00e1si id\u0151\" \/>\n\t<meta name=\"twitter:data1\" content=\"1 perc\" \/>\n<script type=\"application\/ld+json\" class=\"yoast-schema-graph\">{\"@context\":\"https:\\\/\\\/schema.org\",\"@graph\":[{\"@type\":\"WebPage\",\"@id\":\"https:\\\/\\\/www.danubia.com\\\/hu\\\/munkatarsaink\\\/haraszti-helga\\\/\",\"url\":\"https:\\\/\\\/www.danubia.com\\\/hu\\\/munkatarsaink\\\/haraszti-helga\\\/\",\"name\":\"Haraszti Helga - DANUBIA Szabadalmi \u00e9s Jogi Iroda\",\"isPartOf\":{\"@id\":\"https:\\\/\\\/www.danubia.com\\\/#website\"},\"datePublished\":\"2020-02-25T18:45:52+00:00\",\"dateModified\":\"2025-08-18T12:23:26+00:00\",\"description\":\"Szabadalmi \u00fcgyviv\u0151jel\u00f6lt, a szabadalmi \u00fcgyviv\u0151k munk\u00e1j\u00e1t seg\u00edti. Iparjogv\u00e9delem, szabadalmaztat\u00e1s, szabadalmi oltalom, szabadalmi bejelent\u00e9s\",\"breadcrumb\":{\"@id\":\"https:\\\/\\\/www.danubia.com\\\/hu\\\/munkatarsaink\\\/haraszti-helga\\\/#breadcrumb\"},\"inLanguage\":\"hu\",\"potentialAction\":[{\"@type\":\"ReadAction\",\"target\":[\"https:\\\/\\\/www.danubia.com\\\/hu\\\/munkatarsaink\\\/haraszti-helga\\\/\"]}]},{\"@type\":\"BreadcrumbList\",\"@id\":\"https:\\\/\\\/www.danubia.com\\\/hu\\\/munkatarsaink\\\/haraszti-helga\\\/#breadcrumb\",\"itemListElement\":[{\"@type\":\"ListItem\",\"position\":1,\"name\":\"Home\",\"item\":\"https:\\\/\\\/www.danubia.com\\\/hu\\\/\"},{\"@type\":\"ListItem\",\"position\":2,\"name\":\"Munkat\u00e1rsaink\",\"item\":\"https:\\\/\\\/www.danubia.com\\\/hu\\\/munkatarsaink\\\/\"},{\"@type\":\"ListItem\",\"position\":3,\"name\":\"Haraszti Helga\"}]},{\"@type\":\"WebSite\",\"@id\":\"https:\\\/\\\/www.danubia.com\\\/#website\",\"url\":\"https:\\\/\\\/www.danubia.com\\\/\",\"name\":\"Danubia\",\"description\":\"\",\"potentialAction\":[{\"@type\":\"SearchAction\",\"target\":{\"@type\":\"EntryPoint\",\"urlTemplate\":\"https:\\\/\\\/www.danubia.com\\\/?s={search_term_string}\"},\"query-input\":{\"@type\":\"PropertyValueSpecification\",\"valueRequired\":true,\"valueName\":\"search_term_string\"}}],\"inLanguage\":\"hu\"}]}<\/script>\n<!-- \/ Yoast SEO plugin. -->","yoast_head_json":{"title":"Haraszti Helga - DANUBIA Szabadalmi \u00e9s Jogi Iroda","description":"Szabadalmi \u00fcgyviv\u0151jel\u00f6lt, a szabadalmi \u00fcgyviv\u0151k munk\u00e1j\u00e1t seg\u00edti. Iparjogv\u00e9delem, szabadalmaztat\u00e1s, szabadalmi oltalom, szabadalmi bejelent\u00e9s","robots":{"index":"index","follow":"follow","max-snippet":"max-snippet:-1","max-image-preview":"max-image-preview:large","max-video-preview":"max-video-preview:-1"},"canonical":"https:\/\/www.danubia.com\/hu\/munkatarsaink\/haraszti-helga\/","og_locale":"hu_HU","og_type":"article","og_title":"Haraszti Helga - DANUBIA Szabadalmi \u00e9s Jogi Iroda","og_description":"Szabadalmi \u00fcgyviv\u0151jel\u00f6lt, a szabadalmi \u00fcgyviv\u0151k munk\u00e1j\u00e1t seg\u00edti. Iparjogv\u00e9delem, szabadalmaztat\u00e1s, szabadalmi oltalom, szabadalmi bejelent\u00e9s","og_url":"https:\/\/www.danubia.com\/hu\/munkatarsaink\/haraszti-helga\/","og_site_name":"Danubia","article_modified_time":"2025-08-18T12:23:26+00:00","og_image":[{"width":1125,"height":633,"url":"https:\/\/www.danubia.com\/wp-content\/uploads\/2019\/11\/Danubia-og-hu.jpg","type":"image\/jpeg"}],"twitter_card":"summary_large_image","twitter_misc":{"Becs\u00fclt olvas\u00e1si id\u0151":"1 perc"},"schema":{"@context":"https:\/\/schema.org","@graph":[{"@type":"WebPage","@id":"https:\/\/www.danubia.com\/hu\/munkatarsaink\/haraszti-helga\/","url":"https:\/\/www.danubia.com\/hu\/munkatarsaink\/haraszti-helga\/","name":"Haraszti Helga - DANUBIA Szabadalmi \u00e9s Jogi Iroda","isPartOf":{"@id":"https:\/\/www.danubia.com\/#website"},"datePublished":"2020-02-25T18:45:52+00:00","dateModified":"2025-08-18T12:23:26+00:00","description":"Szabadalmi \u00fcgyviv\u0151jel\u00f6lt, a szabadalmi \u00fcgyviv\u0151k munk\u00e1j\u00e1t seg\u00edti. Iparjogv\u00e9delem, szabadalmaztat\u00e1s, szabadalmi oltalom, szabadalmi bejelent\u00e9s","breadcrumb":{"@id":"https:\/\/www.danubia.com\/hu\/munkatarsaink\/haraszti-helga\/#breadcrumb"},"inLanguage":"hu","potentialAction":[{"@type":"ReadAction","target":["https:\/\/www.danubia.com\/hu\/munkatarsaink\/haraszti-helga\/"]}]},{"@type":"BreadcrumbList","@id":"https:\/\/www.danubia.com\/hu\/munkatarsaink\/haraszti-helga\/#breadcrumb","itemListElement":[{"@type":"ListItem","position":1,"name":"Home","item":"https:\/\/www.danubia.com\/hu\/"},{"@type":"ListItem","position":2,"name":"Munkat\u00e1rsaink","item":"https:\/\/www.danubia.com\/hu\/munkatarsaink\/"},{"@type":"ListItem","position":3,"name":"Haraszti Helga"}]},{"@type":"WebSite","@id":"https:\/\/www.danubia.com\/#website","url":"https:\/\/www.danubia.com\/","name":"Danubia","description":"","potentialAction":[{"@type":"SearchAction","target":{"@type":"EntryPoint","urlTemplate":"https:\/\/www.danubia.com\/?s={search_term_string}"},"query-input":{"@type":"PropertyValueSpecification","valueRequired":true,"valueName":"search_term_string"}}],"inLanguage":"hu"}]}},"_links":{"self":[{"href":"https:\/\/www.danubia.com\/hu\/wp-json\/wp\/v2\/pages\/3926","targetHints":{"allow":["GET"]}}],"collection":[{"href":"https:\/\/www.danubia.com\/hu\/wp-json\/wp\/v2\/pages"}],"about":[{"href":"https:\/\/www.danubia.com\/hu\/wp-json\/wp\/v2\/types\/page"}],"author":[{"embeddable":true,"href":"https:\/\/www.danubia.com\/hu\/wp-json\/wp\/v2\/users\/1"}],"replies":[{"embeddable":true,"href":"https:\/\/www.danubia.com\/hu\/wp-json\/wp\/v2\/comments?post=3926"}],"version-history":[{"count":11,"href":"https:\/\/www.danubia.com\/hu\/wp-json\/wp\/v2\/pages\/3926\/revisions"}],"predecessor-version":[{"id":11839,"href":"https:\/\/www.danubia.com\/hu\/wp-json\/wp\/v2\/pages\/3926\/revisions\/11839"}],"up":[{"embeddable":true,"href":"https:\/\/www.danubia.com\/hu\/wp-json\/wp\/v2\/pages\/922"}],"wp:attachment":[{"href":"https:\/\/www.danubia.com\/hu\/wp-json\/wp\/v2\/media?parent=3926"}],"curies":[{"name":"wp","href":"https:\/\/api.w.org\/{rel}","templated":true}]}}