{"id":3987,"date":"2020-02-25T18:45:38","date_gmt":"2020-02-25T18:45:38","guid":{"rendered":"https:\/\/www.danubia.com\/?page_id=3987"},"modified":"2020-02-25T18:45:46","modified_gmt":"2020-02-25T18:45:46","slug":"szep-erika","status":"publish","type":"page","link":"https:\/\/www.danubia.com\/hu\/munkatarsaink\/szep-erika\/","title":{"rendered":"Sz\u00e9p Erika"},"content":{"rendered":"<p>[et_pb_section fb_built=&#8221;1&#8243; specialty=&#8221;on&#8221; _builder_version=&#8221;3.22&#8243; inner_max_width=&#8221;none&#8221;][et_pb_column type=&#8221;1_4&#8243; _builder_version=&#8221;3.25&#8243; custom_padding=&#8221;|||&#8221; custom_padding__hover=&#8221;|||&#8221;][et_pb_image src=&#8221;https:\/\/www.danubia.com\/wp-content\/uploads\/2020\/02\/Szep-Erika.jpg&#8221; align_tablet=&#8221;center&#8221; align_phone=&#8221;&#8221; align_last_edited=&#8221;on|desktop&#8221; _builder_version=&#8221;4.0.4&#8243; custom_margin=&#8221;||0px|&#8221; custom_padding=&#8221;||15px|&#8221; animation_style=&#8221;fade&#8221; z_index_tablet=&#8221;500&#8243;][\/et_pb_image][et_pb_text _builder_version=&#8221;4.0.4&#8243; text_font_size=&#8221;14px&#8221; custom_margin=&#8221;||0px|&#8221; custom_padding=&#8221;||15px|&#8221; z_index_tablet=&#8221;500&#8243;]<\/p>\n<p><strong>(+36 1) 411 8895<\/strong><br \/><strong><a href=\"mailto:szep.erika@danubia.hu\">szep.erika@danubia.hu<\/a><\/strong><\/p>\n<p>[\/et_pb_text][et_pb_image src=&#8221;https:\/\/www.danubia.com\/wp-content\/uploads\/2020\/01\/LinkedIn-logo.png&#8221; url=&#8221;https:\/\/www.linkedin.com\/in\/erika-sz\u00e9p-65b48467\/&#8221; url_new_window=&#8221;on&#8221; admin_label=&#8221;LinkedIn&#8221; _builder_version=&#8221;4.0.4&#8243; max_width=&#8221;30px&#8221; module_alignment=&#8221;left&#8221;][\/et_pb_image][\/et_pb_column][et_pb_column type=&#8221;3_4&#8243; specialty_columns=&#8221;3&#8243; _builder_version=&#8221;3.25&#8243; custom_padding=&#8221;|||&#8221; custom_padding__hover=&#8221;|||&#8221;][et_pb_row_inner admin_label=&#8221;Sor&#8221; _builder_version=&#8221;3.25&#8243;][et_pb_column_inner saved_specialty_column_type=&#8221;3_4&#8243; _builder_version=&#8221;3.25&#8243; custom_padding=&#8221;|||&#8221; custom_padding__hover=&#8221;|||&#8221;][et_pb_text admin_label=&#8221;N\u00e9v&#8221; _builder_version=&#8221;4.0.4&#8243; text_font=&#8221;Raleway|700||on|||||&#8221; text_text_color=&#8221;#a6192e&#8221; text_font_size=&#8221;36px&#8221; header_font=&#8221;Raleway|700||on|||||&#8221; header_text_align=&#8221;center&#8221; header_text_color=&#8221;#ffffff&#8221; header_font_size=&#8221;50px&#8221; header_line_height=&#8221;1.4em&#8221; custom_margin=&#8221;||0px|&#8221; custom_padding=&#8221;||15px|&#8221; z_index_tablet=&#8221;500&#8243; text_font_size_tablet=&#8221;30px&#8221; text_font_size_phone=&#8221;22px&#8221; text_font_size_last_edited=&#8221;on|desktop&#8221; header_font_size_tablet=&#8221;30px&#8221; header_font_size_phone=&#8221;22px&#8221; header_font_size_last_edited=&#8221;on|desktop&#8221;]Sz\u00e9p Erika[\/et_pb_text][et_pb_text admin_label=&#8221;poz\u00edci\u00f3&#8221; _builder_version=&#8221;4.0.4&#8243; text_font=&#8221;Raleway|700|||||||&#8221; text_text_color=&#8221;#63666a&#8221; text_font_size=&#8221;18px&#8221; custom_margin=&#8221;||0px|&#8221; custom_padding=&#8221;||10px|&#8221; z_index_tablet=&#8221;500&#8243; text_font_size_tablet=&#8221;20px&#8221; text_font_size_phone=&#8221;&#8221; text_font_size_last_edited=&#8221;on|desktop&#8221;]v\u00e9djegy tan\u00e1csad\u00f3[\/et_pb_text][et_pb_divider divider_position=&#8221;center&#8221; divider_weight=&#8221;3&#8243; _builder_version=&#8221;3.21.1&#8243; max_width=&#8221;50px&#8221; module_alignment=&#8221;left&#8221; height=&#8221;0px&#8221; animation_style=&#8221;zoom&#8221; z_index_tablet=&#8221;500&#8243;][\/et_pb_divider][et_pb_text admin_label=&#8221;Le\u00edr\u00e1s&#8221; _builder_version=&#8221;4.0.4&#8243; text_orientation=&#8221;justified&#8221; z_index_tablet=&#8221;500&#8243;]<\/p>\n<p>Sz\u00e9p Erika f\u0151 szakter\u00fclete a szellemi tulajdonjogok v\u00e9delme, ezen bel\u00fcl a v\u00e9djegyjog. Sz\u00e9lesk\u00f6r\u0171 tapasztalattal rendelkezik a v\u00e9djegyjogi tan\u00e1csad\u00e1s, v\u00e9djegy lajstromoz\u00e1si elj\u00e1r\u00e1s, v\u00e9djegykutat\u00e1sok, tov\u00e1bb\u00e1 a felsz\u00f3lal\u00e1si, t\u00f6rl\u00e9si elj\u00e1r\u00e1sok ter\u00fclet\u00e9n. T\u00f6bb hazai konferenci\u00e1n, fels\u0151fok\u00fa oktat\u00e1si int\u00e9zm\u00e9nyben tartott el\u0151ad\u00e1st v\u00e9djegyjoggal kapcsolatban.<\/p>\n<p>2019 m\u00e1jusa \u00f3ta a DANUBIA Szabadalmi \u00e9s Jogi Iroda munkat\u00e1rsa.\u00a0<\/p>\n<p>1996- 2018 k\u00f6z\u00f6tt a Szellemi Tulajdon Nemzeti Hivatal\u00e1ban dolgozott. A kezdeti \u00e9vekben v\u00e9djegy elb\u00edr\u00e1l\u00f3k\u00e9nt, a k\u00e9s\u0151bbiekben a V\u00e9djegy \u00e9s Mintaoltalmi F\u0151oszt\u00e1ly Nemzeti V\u00e9djegy Oszt\u00e1ly\u00e1nak helyettes vezet\u0151jek\u00e9nt, majd nyugd\u00edjba vonul\u00e1s\u00e1t megel\u0151z\u0151en az oszt\u00e1ly vezet\u0151jek\u00e9nt.<\/p>\n<p>Erika az Esztergomi Tan\u00edt\u00f3k\u00e9pz\u0151 F\u0151iskol\u00e1n szerzett diplom\u00e1t \u00e1ltal\u00e1nos iskolai tan\u00edt\u00f3k\u00e9nt.<\/p>\n<p>Miniszteri elismer\u00e9sben r\u00e9szes\u00fclt, hivatali eml\u00e9k\u00e9rmet kapott.<\/p>\n<p><span style=\"color: #a6192e;\"><strong>Nyelvtud\u00e1s:<\/strong><\/span><br \/>angol<\/p>\n<p>[\/et_pb_text][\/et_pb_column_inner][\/et_pb_row_inner][et_pb_row_inner column_structure=&#8221;1_2,1_2&#8243; admin_label=&#8221;Sor&#8221; _builder_version=&#8221;3.25&#8243;][et_pb_column_inner type=&#8221;1_2&#8243; saved_specialty_column_type=&#8221;3_4&#8243; _builder_version=&#8221;3.25&#8243; custom_padding=&#8221;|||&#8221; custom_padding__hover=&#8221;|||&#8221;][et_pb_text admin_label=&#8221;Szakmai tags\u00e1gok&#8221; _builder_version=&#8221;3.27.4&#8243; text_font=&#8221;Raleway|700|||||||&#8221; text_text_color=&#8221;#a6192e&#8221; z_index_tablet=&#8221;500&#8243;]<\/p>\n<p>Szakmai tags\u00e1gok<\/p>\n<p>[\/et_pb_text][et_pb_text admin_label=&#8221;Szakmai tags\u00e1gok felsorol\u00e1s&#8221; _builder_version=&#8221;4.0.4&#8243; z_index_tablet=&#8221;500&#8243;]<span style=\"color: #a6192e;\">\u00bb<\/span> Magyar Iparjogv\u00e9delmi \u00e9s Szerz\u0151i Jogi Egyes\u00fclet<br \/>\n<span style=\"color: #a6192e;\">\u00bb<\/span> Magyar V\u00e9djegy Egyes\u00fclet[\/et_pb_text][\/et_pb_column_inner][et_pb_column_inner type=&#8221;1_2&#8243; saved_specialty_column_type=&#8221;3_4&#8243; _builder_version=&#8221;3.25&#8243; custom_padding=&#8221;|||&#8221; custom_padding__hover=&#8221;|||&#8221;][et_pb_text admin_label=&#8221;F\u0151bb szakter\u00fcletek&#8221; _builder_version=&#8221;3.27.4&#8243; text_font=&#8221;Raleway|700|||||||&#8221; text_text_color=&#8221;#a6192e&#8221; z_index_tablet=&#8221;500&#8243;]<\/p>\n<p>F\u0151bb szakter\u00fcletek<\/p>\n<p>[\/et_pb_text][et_pb_text admin_label=&#8221;F\u0151bb szakter\u00fcletek felsorol\u00e1s&#8221; _builder_version=&#8221;4.0.4&#8243; z_index_tablet=&#8221;500&#8243;]<span style=\"color: #a6192e;\">\u00bb<\/span> v\u00e9djegyjog [\/et_pb_text][\/et_pb_column_inner][\/et_pb_row_inner][\/et_pb_column][\/et_pb_section]<\/p>\n","protected":false},"excerpt":{"rendered":"<p>(+36 1) 411 8895szep.erika@danubia.huSz\u00e9p Erikav\u00e9djegy tan\u00e1csad\u00f3Sz\u00e9p Erika f\u0151 szakter\u00fclete a szellemi tulajdonjogok v\u00e9delme, ezen bel\u00fcl a v\u00e9djegyjog. Sz\u00e9lesk\u00f6r\u0171 tapasztalattal rendelkezik a v\u00e9djegyjogi tan\u00e1csad\u00e1s, v\u00e9djegy lajstromoz\u00e1si elj\u00e1r\u00e1s, v\u00e9djegykutat\u00e1sok, tov\u00e1bb\u00e1 a felsz\u00f3lal\u00e1si, t\u00f6rl\u00e9si elj\u00e1r\u00e1sok ter\u00fclet\u00e9n. T\u00f6bb hazai konferenci\u00e1n, fels\u0151fok\u00fa oktat\u00e1si int\u00e9zm\u00e9nyben tartott el\u0151ad\u00e1st v\u00e9djegyjoggal kapcsolatban. 2019 m\u00e1jusa \u00f3ta a DANUBIA Szabadalmi \u00e9s Jogi Iroda munkat\u00e1rsa.\u00a0 1996- 2018 [&hellip;]<\/p>\n","protected":false},"author":1,"featured_media":0,"parent":922,"menu_order":0,"comment_status":"closed","ping_status":"closed","template":"","meta":{"_et_pb_use_builder":"on","_et_pb_old_content":"","_et_gb_content_width":"","footnotes":""},"class_list":["post-3987","page","type-page","status-publish","hentry"],"yoast_head":"<!-- This site is optimized with the Yoast SEO plugin v27.3 - https:\/\/yoast.com\/product\/yoast-seo-wordpress\/ -->\n<title>Sz\u00e9p Erika - DANUBIA Szabadalmi \u00e9s Jogi Iroda<\/title>\n<meta name=\"description\" content=\"V\u00e9djegy tan\u00e1csad\u00f3. Szellemi tulajdonjogok v\u00e9delme, v\u00e9djegyjog, v\u00e9djegyjogi tan\u00e1csad\u00e1s, v\u00e9djegy lajstromoz\u00e1si elj\u00e1r\u00e1s, v\u00e9djegykutat\u00e1sok, v\u00e9djegyeztet\u00e9s\" \/>\n<meta name=\"robots\" content=\"index, follow, max-snippet:-1, max-image-preview:large, max-video-preview:-1\" \/>\n<link rel=\"canonical\" href=\"https:\/\/www.danubia.com\/hu\/munkatarsaink\/szep-erika\/\" \/>\n<meta property=\"og:locale\" content=\"hu_HU\" \/>\n<meta property=\"og:type\" content=\"article\" \/>\n<meta property=\"og:title\" content=\"Sz\u00e9p Erika - DANUBIA Szabadalmi \u00e9s Jogi Iroda\" \/>\n<meta property=\"og:description\" content=\"V\u00e9djegy tan\u00e1csad\u00f3. Szellemi tulajdonjogok v\u00e9delme, v\u00e9djegyjog, v\u00e9djegyjogi tan\u00e1csad\u00e1s, v\u00e9djegy lajstromoz\u00e1si elj\u00e1r\u00e1s, v\u00e9djegykutat\u00e1sok, v\u00e9djegyeztet\u00e9s\" \/>\n<meta property=\"og:url\" content=\"https:\/\/www.danubia.com\/hu\/munkatarsaink\/szep-erika\/\" \/>\n<meta property=\"og:site_name\" content=\"Danubia\" \/>\n<meta property=\"article:modified_time\" content=\"2020-02-25T18:45:46+00:00\" \/>\n<meta property=\"og:image\" content=\"https:\/\/www.danubia.com\/wp-content\/uploads\/2019\/11\/Danubia-og-hu.jpg\" \/>\n\t<meta property=\"og:image:width\" content=\"1125\" \/>\n\t<meta property=\"og:image:height\" content=\"633\" \/>\n\t<meta property=\"og:image:type\" content=\"image\/jpeg\" \/>\n<meta name=\"twitter:card\" content=\"summary_large_image\" \/>\n<meta name=\"twitter:label1\" content=\"Becs\u00fclt olvas\u00e1si id\u0151\" \/>\n\t<meta name=\"twitter:data1\" content=\"4 perc\" \/>\n<script type=\"application\/ld+json\" class=\"yoast-schema-graph\">{\"@context\":\"https:\\\/\\\/schema.org\",\"@graph\":[{\"@type\":\"WebPage\",\"@id\":\"https:\\\/\\\/www.danubia.com\\\/hu\\\/munkatarsaink\\\/szep-erika\\\/\",\"url\":\"https:\\\/\\\/www.danubia.com\\\/hu\\\/munkatarsaink\\\/szep-erika\\\/\",\"name\":\"Sz\u00e9p Erika - DANUBIA Szabadalmi \u00e9s Jogi Iroda\",\"isPartOf\":{\"@id\":\"https:\\\/\\\/www.danubia.com\\\/#website\"},\"datePublished\":\"2020-02-25T18:45:38+00:00\",\"dateModified\":\"2020-02-25T18:45:46+00:00\",\"description\":\"V\u00e9djegy tan\u00e1csad\u00f3. Szellemi tulajdonjogok v\u00e9delme, v\u00e9djegyjog, v\u00e9djegyjogi tan\u00e1csad\u00e1s, v\u00e9djegy lajstromoz\u00e1si elj\u00e1r\u00e1s, v\u00e9djegykutat\u00e1sok, v\u00e9djegyeztet\u00e9s\",\"breadcrumb\":{\"@id\":\"https:\\\/\\\/www.danubia.com\\\/hu\\\/munkatarsaink\\\/szep-erika\\\/#breadcrumb\"},\"inLanguage\":\"hu\",\"potentialAction\":[{\"@type\":\"ReadAction\",\"target\":[\"https:\\\/\\\/www.danubia.com\\\/hu\\\/munkatarsaink\\\/szep-erika\\\/\"]}]},{\"@type\":\"BreadcrumbList\",\"@id\":\"https:\\\/\\\/www.danubia.com\\\/hu\\\/munkatarsaink\\\/szep-erika\\\/#breadcrumb\",\"itemListElement\":[{\"@type\":\"ListItem\",\"position\":1,\"name\":\"Home\",\"item\":\"https:\\\/\\\/www.danubia.com\\\/hu\\\/\"},{\"@type\":\"ListItem\",\"position\":2,\"name\":\"Munkat\u00e1rsaink\",\"item\":\"https:\\\/\\\/www.danubia.com\\\/hu\\\/munkatarsaink\\\/\"},{\"@type\":\"ListItem\",\"position\":3,\"name\":\"Sz\u00e9p Erika\"}]},{\"@type\":\"WebSite\",\"@id\":\"https:\\\/\\\/www.danubia.com\\\/#website\",\"url\":\"https:\\\/\\\/www.danubia.com\\\/\",\"name\":\"Danubia\",\"description\":\"\",\"potentialAction\":[{\"@type\":\"SearchAction\",\"target\":{\"@type\":\"EntryPoint\",\"urlTemplate\":\"https:\\\/\\\/www.danubia.com\\\/?s={search_term_string}\"},\"query-input\":{\"@type\":\"PropertyValueSpecification\",\"valueRequired\":true,\"valueName\":\"search_term_string\"}}],\"inLanguage\":\"hu\"}]}<\/script>\n<!-- \/ Yoast SEO plugin. -->","yoast_head_json":{"title":"Sz\u00e9p Erika - DANUBIA Szabadalmi \u00e9s Jogi Iroda","description":"V\u00e9djegy tan\u00e1csad\u00f3. Szellemi tulajdonjogok v\u00e9delme, v\u00e9djegyjog, v\u00e9djegyjogi tan\u00e1csad\u00e1s, v\u00e9djegy lajstromoz\u00e1si elj\u00e1r\u00e1s, v\u00e9djegykutat\u00e1sok, v\u00e9djegyeztet\u00e9s","robots":{"index":"index","follow":"follow","max-snippet":"max-snippet:-1","max-image-preview":"max-image-preview:large","max-video-preview":"max-video-preview:-1"},"canonical":"https:\/\/www.danubia.com\/hu\/munkatarsaink\/szep-erika\/","og_locale":"hu_HU","og_type":"article","og_title":"Sz\u00e9p Erika - DANUBIA Szabadalmi \u00e9s Jogi Iroda","og_description":"V\u00e9djegy tan\u00e1csad\u00f3. Szellemi tulajdonjogok v\u00e9delme, v\u00e9djegyjog, v\u00e9djegyjogi tan\u00e1csad\u00e1s, v\u00e9djegy lajstromoz\u00e1si elj\u00e1r\u00e1s, v\u00e9djegykutat\u00e1sok, v\u00e9djegyeztet\u00e9s","og_url":"https:\/\/www.danubia.com\/hu\/munkatarsaink\/szep-erika\/","og_site_name":"Danubia","article_modified_time":"2020-02-25T18:45:46+00:00","og_image":[{"width":1125,"height":633,"url":"https:\/\/www.danubia.com\/wp-content\/uploads\/2019\/11\/Danubia-og-hu.jpg","type":"image\/jpeg"}],"twitter_card":"summary_large_image","twitter_misc":{"Becs\u00fclt olvas\u00e1si id\u0151":"4 perc"},"schema":{"@context":"https:\/\/schema.org","@graph":[{"@type":"WebPage","@id":"https:\/\/www.danubia.com\/hu\/munkatarsaink\/szep-erika\/","url":"https:\/\/www.danubia.com\/hu\/munkatarsaink\/szep-erika\/","name":"Sz\u00e9p Erika - DANUBIA Szabadalmi \u00e9s Jogi Iroda","isPartOf":{"@id":"https:\/\/www.danubia.com\/#website"},"datePublished":"2020-02-25T18:45:38+00:00","dateModified":"2020-02-25T18:45:46+00:00","description":"V\u00e9djegy tan\u00e1csad\u00f3. Szellemi tulajdonjogok v\u00e9delme, v\u00e9djegyjog, v\u00e9djegyjogi tan\u00e1csad\u00e1s, v\u00e9djegy lajstromoz\u00e1si elj\u00e1r\u00e1s, v\u00e9djegykutat\u00e1sok, v\u00e9djegyeztet\u00e9s","breadcrumb":{"@id":"https:\/\/www.danubia.com\/hu\/munkatarsaink\/szep-erika\/#breadcrumb"},"inLanguage":"hu","potentialAction":[{"@type":"ReadAction","target":["https:\/\/www.danubia.com\/hu\/munkatarsaink\/szep-erika\/"]}]},{"@type":"BreadcrumbList","@id":"https:\/\/www.danubia.com\/hu\/munkatarsaink\/szep-erika\/#breadcrumb","itemListElement":[{"@type":"ListItem","position":1,"name":"Home","item":"https:\/\/www.danubia.com\/hu\/"},{"@type":"ListItem","position":2,"name":"Munkat\u00e1rsaink","item":"https:\/\/www.danubia.com\/hu\/munkatarsaink\/"},{"@type":"ListItem","position":3,"name":"Sz\u00e9p Erika"}]},{"@type":"WebSite","@id":"https:\/\/www.danubia.com\/#website","url":"https:\/\/www.danubia.com\/","name":"Danubia","description":"","potentialAction":[{"@type":"SearchAction","target":{"@type":"EntryPoint","urlTemplate":"https:\/\/www.danubia.com\/?s={search_term_string}"},"query-input":{"@type":"PropertyValueSpecification","valueRequired":true,"valueName":"search_term_string"}}],"inLanguage":"hu"}]}},"_links":{"self":[{"href":"https:\/\/www.danubia.com\/hu\/wp-json\/wp\/v2\/pages\/3987","targetHints":{"allow":["GET"]}}],"collection":[{"href":"https:\/\/www.danubia.com\/hu\/wp-json\/wp\/v2\/pages"}],"about":[{"href":"https:\/\/www.danubia.com\/hu\/wp-json\/wp\/v2\/types\/page"}],"author":[{"embeddable":true,"href":"https:\/\/www.danubia.com\/hu\/wp-json\/wp\/v2\/users\/1"}],"replies":[{"embeddable":true,"href":"https:\/\/www.danubia.com\/hu\/wp-json\/wp\/v2\/comments?post=3987"}],"version-history":[{"count":10,"href":"https:\/\/www.danubia.com\/hu\/wp-json\/wp\/v2\/pages\/3987\/revisions"}],"predecessor-version":[{"id":4016,"href":"https:\/\/www.danubia.com\/hu\/wp-json\/wp\/v2\/pages\/3987\/revisions\/4016"}],"up":[{"embeddable":true,"href":"https:\/\/www.danubia.com\/hu\/wp-json\/wp\/v2\/pages\/922"}],"wp:attachment":[{"href":"https:\/\/www.danubia.com\/hu\/wp-json\/wp\/v2\/media?parent=3987"}],"curies":[{"name":"wp","href":"https:\/\/api.w.org\/{rel}","templated":true}]}}