
{"id":746,"date":"2019-04-08T11:32:56","date_gmt":"2019-04-08T11:32:56","guid":{"rendered":"https:\/\/www.danubia.com\/?page_id=746"},"modified":"2020-02-05T15:24:28","modified_gmt":"2020-02-05T15:24:28","slug":"strategiai-tanacsadas","status":"publish","type":"page","link":"https:\/\/www.danubia.com\/hu\/szabadalmak-es-hasznalati-mintak\/strategiai-tanacsadas\/","title":{"rendered":"Strat\u00e9giai tan\u00e1csad\u00e1s"},"content":{"rendered":"<p>[et_pb_section fb_built=&#8221;1&#8243; _builder_version=&#8221;3.22&#8243; background_image=&#8221;https:\/\/www.danubia.com\/wp-content\/uploads\/2019\/04\/Danube-Budapest5.jpg&#8221; custom_padding=&#8221;0px||0px|&#8221; z_index_tablet=&#8221;500&#8243;][et_pb_row use_custom_gutter=&#8221;on&#8221; gutter_width=&#8221;1&#8243; custom_padding_last_edited=&#8221;on|desktop&#8221; module_class=&#8221; et_pb_row_fullwidth et_pb_row_fullwidth et_pb_row_fullwidth et_pb_row_fullwidth et_pb_row_fullwidth et_pb_row_fullwidth et_pb_row_fullwidth et_pb_row_fullwidth et_pb_row_fullwidth&#8221; _builder_version=&#8221;3.25&#8243; background_color=&#8221;rgba(0,0,0,0.2)&#8221; background_size=&#8221;initial&#8221; background_position=&#8221;top_left&#8221; background_repeat=&#8221;repeat&#8221; width=&#8221;100%&#8221; width_tablet=&#8221;100%&#8221; width_phone=&#8221;&#8221; width_last_edited=&#8221;on|desktop&#8221; max_width=&#8221;100%&#8221; max_width_tablet=&#8221;100%&#8221; max_width_phone=&#8221;&#8221; max_width_last_edited=&#8221;on|desktop&#8221; custom_padding=&#8221;80px||80px|&#8221; custom_padding_tablet=&#8221;&#8221; custom_padding_phone=&#8221;50px||50px|&#8221; animation_style=&#8221;fade&#8221; animation_delay=&#8221;500ms&#8221; z_index_tablet=&#8221;500&#8243; make_fullwidth=&#8221;on&#8221;][et_pb_column type=&#8221;4_4&#8243; _builder_version=&#8221;3.0.47&#8243; custom_padding=&#8221;|||&#8221; custom_padding__hover=&#8221;|||&#8221;][et_pb_text _builder_version=&#8221;3.27.4&#8243; text_font=&#8221;Raleway|700|||||||&#8221; text_text_color=&#8221;#ffffff&#8221; text_font_size=&#8221;36px&#8221; header_font=&#8221;Raleway|700||on|||||&#8221; header_text_align=&#8221;center&#8221; header_text_color=&#8221;#ffffff&#8221; header_font_size=&#8221;36px&#8221; header_line_height=&#8221;1.4em&#8221; text_orientation=&#8221;center&#8221; z_index_tablet=&#8221;500&#8243; text_font_size_tablet=&#8221;30px&#8221; text_font_size_phone=&#8221;22px&#8221; text_font_size_last_edited=&#8221;on|phone&#8221; header_font_size_tablet=&#8221;30px&#8221; header_font_size_phone=&#8221;22px&#8221; header_font_size_last_edited=&#8221;on|desktop&#8221;]<\/p>\n<h1>SZABADALMAK \u00c9S HASZN\u00c1LATI MINT\u00c1K<\/h1>\n<p>[\/et_pb_text][\/et_pb_column][\/et_pb_row][\/et_pb_section][et_pb_section fb_built=&#8221;1&#8243; _builder_version=&#8221;3.22&#8243;][et_pb_row _builder_version=&#8221;3.25&#8243; background_size=&#8221;initial&#8221; background_position=&#8221;top_left&#8221; background_repeat=&#8221;repeat&#8221;][et_pb_column type=&#8221;4_4&#8243; _builder_version=&#8221;3.0.47&#8243; custom_padding=&#8221;|||&#8221; custom_padding__hover=&#8221;|||&#8221;][et_pb_text _builder_version=&#8221;3.27.4&#8243; text_font=&#8221;Raleway|700||on|||||&#8221; text_text_color=&#8221;#a6192e&#8221; text_font_size=&#8221;36px&#8221; header_font=&#8221;Raleway|700||on|||||&#8221; header_text_align=&#8221;center&#8221; header_text_color=&#8221;#ffffff&#8221; header_font_size=&#8221;50px&#8221; header_2_font=&#8221;Raleway|700|||||||&#8221; header_2_text_align=&#8221;left&#8221; header_2_text_color=&#8221;#a6192e&#8221; header_2_font_size=&#8221;36px&#8221; custom_margin=&#8221;||0px|&#8221; custom_padding=&#8221;||0px|&#8221; z_index_tablet=&#8221;500&#8243; text_font_size_tablet=&#8221;30px&#8221; text_font_size_phone=&#8221;22px&#8221; text_font_size_last_edited=&#8221;on|desktop&#8221; header_font_size_tablet=&#8221;30px&#8221; header_font_size_phone=&#8221;22px&#8221; header_font_size_last_edited=&#8221;on|desktop&#8221; header_2_font_size_tablet=&#8221;30px&#8221; header_2_font_size_phone=&#8221;22px&#8221; header_2_font_size_last_edited=&#8221;on|phone&#8221;]<\/p>\n<h2>Strat\u00e9giai tan\u00e1csad\u00e1s<\/h2>\n<p>[\/et_pb_text][et_pb_divider color=&#8221;#63666a&#8221; divider_position=&#8221;center&#8221; divider_weight=&#8221;3&#8243; _builder_version=&#8221;3.21.1&#8243; max_width=&#8221;50px&#8221; module_alignment=&#8221;left&#8221; height=&#8221;0px&#8221; custom_margin=&#8221;15px|||&#8221; animation_style=&#8221;zoom&#8221; z_index_tablet=&#8221;500&#8243;][\/et_pb_divider][\/et_pb_column][\/et_pb_row][et_pb_row _builder_version=&#8221;3.25&#8243; background_size=&#8221;initial&#8221; background_position=&#8221;top_left&#8221; background_repeat=&#8221;repeat&#8221; column_structure=&#8221;3_4,1_4&#8243;][et_pb_column type=&#8221;3_4&#8243; _builder_version=&#8221;3.0.47&#8243; custom_padding=&#8221;|||&#8221; custom_padding__hover=&#8221;|||&#8221;][et_pb_text _builder_version=&#8221;3.27.4&#8243; text_orientation=&#8221;justified&#8221; z_index_tablet=&#8221;500&#8243;]<\/p>\n<p>M\u00e1r az els\u0151 konzult\u00e1ci\u00f3 alkalm\u00e1val igyeksz\u00fcnk felm\u00e9rni a hazai \u00e9s k\u00fclf\u00f6ldi oltalomszerz\u00e9si lehet\u0151s\u00e9geket \u00e9s a megb\u00edz\u00f3 ig\u00e9nyeihez igaz\u00edtjuk a javasolt oltalomszerz\u00e9si strat\u00e9gi\u00e1t. Ennek kialak\u00edt\u00e1sa sor\u00e1n k\u00fcl\u00f6n\u00f6s figyelmet szentel\u00fcnk a k\u00f6lts\u00e9gek minimaliz\u00e1l\u00e1s\u00e1ra, illetve adott k\u00f6lts\u00e9gkeret eset\u00e9n a lehet\u0151 legsz\u00e9lesebb k\u00f6r\u0171 v\u00e9delem kialak\u00edt\u00e1s\u00e1ra.<\/p>\n<p>A strat\u00e9giai tan\u00e1csad\u00e1s sor\u00e1n figyelembe vessz\u00fck a tal\u00e1lm\u00e1ny szakter\u00fclet\u00e9nek saj\u00e1toss\u00e1gait is, mivel bizonyos szakter\u00fcletek eset\u00e9ben \u2013 mint p\u00e9ld\u00e1ul a gy\u00f3gy\u00e1szati kezel\u00e9si elj\u00e1r\u00e1sok vagy a sz\u00e1m\u00edt\u00f3g\u00e9ppel megval\u00f3s\u00edtott tal\u00e1lm\u00e1nyok \u2013 jelent\u0151s elt\u00e9r\u00e9sek mutatkoznak egyes orsz\u00e1gok szabadalmi rendszer\u00e9ben, illetve a k\u00fcl\u00f6nb\u00f6z\u0151 nagyobb szabadalmi hivatalok (USA, Eur\u00f3pa, Jap\u00e1n) enged\u00e9lyez\u00e9si joggyakorlat\u00e1ban.<\/p>\n<p>A strat\u00e9giai tan\u00e1csad\u00e1s azonban nem korl\u00e1toz\u00f3dik az els\u0151 konzult\u00e1ci\u00f3ra vagy a bejelent\u00e9si f\u00e1zisra, hiszen az oltalomszerz\u00e9si elj\u00e1r\u00e1s sor\u00e1n k\u00e9s\u0151bb is sz\u00e1mos olyan helyzet ad\u00f3dhat, amikor tov\u00e1bbi strat\u00e9giai d\u00f6nt\u00e9seket kell hozni a k\u00edv\u00e1nt c\u00e9l min\u00e9l gyorsabb \u00e9s min\u00e9l kisebb k\u00f6lts\u00e9ggel j\u00e1r\u00f3 el\u00e9r\u00e9s\u00e9hez. P\u00e9ldak\u00e9nt eml\u00edthetj\u00fck a bejelent\u00e9sek megoszt\u00e1s\u00e1val kapcsolatos tan\u00e1csad\u00e1st, az elj\u00e1r\u00e1s gyors\u00edt\u00e1s\u00e1val (vagy \u00e9ppen a lass\u00edt\u00e1s\u00e1val) kapcsolatos tan\u00e1csad\u00e1st, a jogvit\u00e1k megel\u0151z\u00e9s\u00e9vel, kezel\u00e9s\u00e9vel kapcsolatos tan\u00e1csad\u00e1st stb.<\/p>\n<p>[\/et_pb_text][\/et_pb_column][et_pb_column type=&#8221;1_4&#8243; _builder_version=&#8221;3.0.47&#8243; custom_padding=&#8221;|||&#8221; custom_padding__hover=&#8221;|||&#8221;][et_pb_text _builder_version=&#8221;3.27.4&#8243; text_font=&#8221;|700||on|||||&#8221; text_text_color=&#8221;#a6192e&#8221; custom_margin=&#8221;||0px|&#8221; custom_padding=&#8221;||0px|&#8221; z_index_tablet=&#8221;500&#8243; border_width_bottom=&#8221;1px&#8221; border_color_bottom=&#8221;rgba(99,102,106,0.2)&#8221;]<\/p>\n<p>Szabadalmak \u00e9s haszn\u00e1lati mint\u00e1k<\/p>\n<p>[\/et_pb_text][et_pb_text _builder_version=&#8221;3.29.3&#8243; text_font_size=&#8221;14px&#8221; z_index_tablet=&#8221;500&#8243; box_shadow_horizontal_tablet=&#8221;0px&#8221; box_shadow_vertical_tablet=&#8221;0px&#8221; box_shadow_blur_tablet=&#8221;40px&#8221; box_shadow_spread_tablet=&#8221;0px&#8221;]<span style=\"color: #63666a;\"><a style=\"color: #63666a;\" href=\"https:\/\/www.danubia.com\/hu\/szabadalmak-es-hasznalati-mintak\/strategiai-tanacsadas\/\">Strat\u00e9giai tan\u00e1csad\u00e1s<\/a><\/span><br \/>\n<span style=\"color: #63666a;\"><a style=\"color: #63666a;\" href=\"https:\/\/www.danubia.com\/hu\/szabadalmak-es-hasznalati-mintak\/jogszerzes-es-fenntartas\/\">Jogszerz\u00e9s \u00e9s fenntart\u00e1s<\/a><\/span><br \/>\n<span style=\"color: #63666a;\"><a style=\"color: #63666a;\" href=\"https:\/\/www.danubia.com\/hu\/szabadalmak-es-hasznalati-mintak\/hazai-es-nemzetkozi-jogszerzes\/\">Hazai \u00e9s nemzetk\u00f6zi jogszerz\u00e9s<\/a><\/span><br \/>\n<span style=\"color: #63666a;\"><a style=\"color: #63666a;\" href=\"https:\/\/www.danubia.com\/hu\/szabadalmak-es-hasznalati-mintak\/jogvitak\/\">Jogvit\u00e1k<\/a><\/span><br \/>\n<span style=\"color: #63666a;\"><a style=\"color: #63666a;\" href=\"https:\/\/www.danubia.com\/hu\/szabadalmak-es-hasznalati-mintak\/ujdonsag-es-gatlo-jogok-kutatasa\/\">\u00dajdons\u00e1g \u00e9s g\u00e1tl\u00f3 jogok kutat\u00e1sa<\/a><\/span><br \/>\n[\/et_pb_text][et_pb_text _builder_version=&#8221;3.27.4&#8243; text_font=&#8221;|700||on|||||&#8221; text_text_color=&#8221;#a6192e&#8221; custom_margin=&#8221;||0px|&#8221; custom_padding=&#8221;||0px|&#8221; z_index_tablet=&#8221;500&#8243; border_width_bottom=&#8221;1px&#8221; border_color_bottom=&#8221;rgba(99,102,106,0.2)&#8221;]<\/p>\n<p>Tov\u00e1bbi inform\u00e1ci\u00f3 a szolg\u00e1ltat\u00e1shoz<\/p>\n<p>[\/et_pb_text][et_pb_text _builder_version=&#8221;3.27.4&#8243; text_font_size=&#8221;14px&#8221; z_index_tablet=&#8221;500&#8243;]<\/p>\n<p><span style=\"color: #63666a;\"><a style=\"color: #63666a;\" href=\"tel:+3614118700\">+ 36 1 411 8700<\/a><\/span><br \/><span style=\"color: #63666a;\"><a style=\"color: #63666a;\" href=\"mailto:central@danubia.hu\">central@danubia.hu<\/a><\/span><\/p>\n<p>[\/et_pb_text][\/et_pb_column][\/et_pb_row][\/et_pb_section]<\/p>\n","protected":false},"excerpt":{"rendered":"<p>SZABADALMAK \u00c9S HASZN\u00c1LATI MINT\u00c1K Strat\u00e9giai tan\u00e1csad\u00e1s M\u00e1r az els\u0151 konzult\u00e1ci\u00f3 alkalm\u00e1val igyeksz\u00fcnk felm\u00e9rni a hazai \u00e9s k\u00fclf\u00f6ldi oltalomszerz\u00e9si lehet\u0151s\u00e9geket \u00e9s a megb\u00edz\u00f3 ig\u00e9nyeihez igaz\u00edtjuk a javasolt oltalomszerz\u00e9si strat\u00e9gi\u00e1t. Ennek kialak\u00edt\u00e1sa sor\u00e1n k\u00fcl\u00f6n\u00f6s figyelmet szentel\u00fcnk a k\u00f6lts\u00e9gek minimaliz\u00e1l\u00e1s\u00e1ra, illetve adott k\u00f6lts\u00e9gkeret eset\u00e9n a lehet\u0151 legsz\u00e9lesebb k\u00f6r\u0171 v\u00e9delem kialak\u00edt\u00e1s\u00e1ra. A strat\u00e9giai tan\u00e1csad\u00e1s sor\u00e1n figyelembe vessz\u00fck a tal\u00e1lm\u00e1ny [&hellip;]<\/p>\n","protected":false},"author":1,"featured_media":0,"parent":1060,"menu_order":0,"comment_status":"closed","ping_status":"closed","template":"","meta":{"_et_pb_use_builder":"on","_et_pb_old_content":"","_et_gb_content_width":"","footnotes":""},"class_list":["post-746","page","type-page","status-publish","hentry"],"yoast_head":"<!-- This site is optimized with the Yoast SEO plugin v27.3 - https:\/\/yoast.com\/product\/yoast-seo-wordpress\/ -->\n<title>Strat\u00e9giai tan\u00e1csad\u00e1s -Szabadalmaztat\u00e1s, szabadalmi oltalom<\/title>\n<meta name=\"description\" content=\"Oltalomszerz\u00e9si strat\u00e9gia kialak\u00edt\u00e1sa tekintettel a tal\u00e1lm\u00e1ny saj\u00e1toss\u00e1gaira. Tan\u00e1csad\u00e1s a szabadalmi bejelent\u00e9ssel, jogvit\u00e1k megel\u0151z\u00e9s\u00e9vel kapcsolatosan.\" \/>\n<meta name=\"robots\" content=\"index, follow, max-snippet:-1, max-image-preview:large, max-video-preview:-1\" \/>\n<link rel=\"canonical\" href=\"https:\/\/www.danubia.com\/hu\/szabadalmak-es-hasznalati-mintak\/strategiai-tanacsadas\/\" \/>\n<meta property=\"og:locale\" content=\"hu_HU\" \/>\n<meta property=\"og:type\" content=\"article\" \/>\n<meta property=\"og:title\" content=\"Strat\u00e9giai tan\u00e1csad\u00e1s -Szabadalmaztat\u00e1s, szabadalmi oltalom\" \/>\n<meta property=\"og:description\" content=\"Oltalomszerz\u00e9si strat\u00e9gia kialak\u00edt\u00e1sa tekintettel a tal\u00e1lm\u00e1ny saj\u00e1toss\u00e1gaira. Tan\u00e1csad\u00e1s a szabadalmi bejelent\u00e9ssel, jogvit\u00e1k megel\u0151z\u00e9s\u00e9vel kapcsolatosan.\" \/>\n<meta property=\"og:url\" content=\"https:\/\/www.danubia.com\/hu\/szabadalmak-es-hasznalati-mintak\/strategiai-tanacsadas\/\" \/>\n<meta property=\"og:site_name\" content=\"Danubia\" \/>\n<meta property=\"article:modified_time\" content=\"2020-02-05T15:24:28+00:00\" \/>\n<meta property=\"og:image\" content=\"https:\/\/www.danubia.com\/wp-content\/uploads\/2019\/11\/Danubia-og-hu.jpg\" \/>\n\t<meta property=\"og:image:width\" content=\"1125\" \/>\n\t<meta property=\"og:image:height\" content=\"633\" \/>\n\t<meta property=\"og:image:type\" content=\"image\/jpeg\" \/>\n<meta name=\"twitter:card\" content=\"summary_large_image\" \/>\n<meta name=\"twitter:label1\" content=\"Becs\u00fclt olvas\u00e1si id\u0151\" \/>\n\t<meta name=\"twitter:data1\" content=\"5 perc\" \/>\n<script type=\"application\/ld+json\" class=\"yoast-schema-graph\">{\"@context\":\"https:\\\/\\\/schema.org\",\"@graph\":[{\"@type\":\"WebPage\",\"@id\":\"https:\\\/\\\/www.danubia.com\\\/hu\\\/szabadalmak-es-hasznalati-mintak\\\/strategiai-tanacsadas\\\/\",\"url\":\"https:\\\/\\\/www.danubia.com\\\/hu\\\/szabadalmak-es-hasznalati-mintak\\\/strategiai-tanacsadas\\\/\",\"name\":\"Strat\u00e9giai tan\u00e1csad\u00e1s -Szabadalmaztat\u00e1s, szabadalmi oltalom\",\"isPartOf\":{\"@id\":\"https:\\\/\\\/www.danubia.com\\\/#website\"},\"datePublished\":\"2019-04-08T11:32:56+00:00\",\"dateModified\":\"2020-02-05T15:24:28+00:00\",\"description\":\"Oltalomszerz\u00e9si strat\u00e9gia kialak\u00edt\u00e1sa tekintettel a tal\u00e1lm\u00e1ny saj\u00e1toss\u00e1gaira. Tan\u00e1csad\u00e1s a szabadalmi bejelent\u00e9ssel, jogvit\u00e1k megel\u0151z\u00e9s\u00e9vel kapcsolatosan.\",\"breadcrumb\":{\"@id\":\"https:\\\/\\\/www.danubia.com\\\/hu\\\/szabadalmak-es-hasznalati-mintak\\\/strategiai-tanacsadas\\\/#breadcrumb\"},\"inLanguage\":\"hu\",\"potentialAction\":[{\"@type\":\"ReadAction\",\"target\":[\"https:\\\/\\\/www.danubia.com\\\/hu\\\/szabadalmak-es-hasznalati-mintak\\\/strategiai-tanacsadas\\\/\"]}]},{\"@type\":\"BreadcrumbList\",\"@id\":\"https:\\\/\\\/www.danubia.com\\\/hu\\\/szabadalmak-es-hasznalati-mintak\\\/strategiai-tanacsadas\\\/#breadcrumb\",\"itemListElement\":[{\"@type\":\"ListItem\",\"position\":1,\"name\":\"Home\",\"item\":\"https:\\\/\\\/www.danubia.com\\\/hu\\\/\"},{\"@type\":\"ListItem\",\"position\":2,\"name\":\"Szabadalmak \u00e9s haszn\u00e1lati mint\u00e1k\",\"item\":\"https:\\\/\\\/www.danubia.com\\\/hu\\\/szabadalmak-es-hasznalati-mintak\\\/\"},{\"@type\":\"ListItem\",\"position\":3,\"name\":\"Strat\u00e9giai tan\u00e1csad\u00e1s\"}]},{\"@type\":\"WebSite\",\"@id\":\"https:\\\/\\\/www.danubia.com\\\/#website\",\"url\":\"https:\\\/\\\/www.danubia.com\\\/\",\"name\":\"Danubia\",\"description\":\"\",\"potentialAction\":[{\"@type\":\"SearchAction\",\"target\":{\"@type\":\"EntryPoint\",\"urlTemplate\":\"https:\\\/\\\/www.danubia.com\\\/?s={search_term_string}\"},\"query-input\":{\"@type\":\"PropertyValueSpecification\",\"valueRequired\":true,\"valueName\":\"search_term_string\"}}],\"inLanguage\":\"hu\"}]}<\/script>\n<!-- \/ Yoast SEO plugin. -->","yoast_head_json":{"title":"Strat\u00e9giai tan\u00e1csad\u00e1s -Szabadalmaztat\u00e1s, szabadalmi oltalom","description":"Oltalomszerz\u00e9si strat\u00e9gia kialak\u00edt\u00e1sa tekintettel a tal\u00e1lm\u00e1ny saj\u00e1toss\u00e1gaira. Tan\u00e1csad\u00e1s a szabadalmi bejelent\u00e9ssel, jogvit\u00e1k megel\u0151z\u00e9s\u00e9vel kapcsolatosan.","robots":{"index":"index","follow":"follow","max-snippet":"max-snippet:-1","max-image-preview":"max-image-preview:large","max-video-preview":"max-video-preview:-1"},"canonical":"https:\/\/www.danubia.com\/hu\/szabadalmak-es-hasznalati-mintak\/strategiai-tanacsadas\/","og_locale":"hu_HU","og_type":"article","og_title":"Strat\u00e9giai tan\u00e1csad\u00e1s -Szabadalmaztat\u00e1s, szabadalmi oltalom","og_description":"Oltalomszerz\u00e9si strat\u00e9gia kialak\u00edt\u00e1sa tekintettel a tal\u00e1lm\u00e1ny saj\u00e1toss\u00e1gaira. Tan\u00e1csad\u00e1s a szabadalmi bejelent\u00e9ssel, jogvit\u00e1k megel\u0151z\u00e9s\u00e9vel kapcsolatosan.","og_url":"https:\/\/www.danubia.com\/hu\/szabadalmak-es-hasznalati-mintak\/strategiai-tanacsadas\/","og_site_name":"Danubia","article_modified_time":"2020-02-05T15:24:28+00:00","og_image":[{"width":1125,"height":633,"url":"https:\/\/www.danubia.com\/wp-content\/uploads\/2019\/11\/Danubia-og-hu.jpg","type":"image\/jpeg"}],"twitter_card":"summary_large_image","twitter_misc":{"Becs\u00fclt olvas\u00e1si id\u0151":"5 perc"},"schema":{"@context":"https:\/\/schema.org","@graph":[{"@type":"WebPage","@id":"https:\/\/www.danubia.com\/hu\/szabadalmak-es-hasznalati-mintak\/strategiai-tanacsadas\/","url":"https:\/\/www.danubia.com\/hu\/szabadalmak-es-hasznalati-mintak\/strategiai-tanacsadas\/","name":"Strat\u00e9giai tan\u00e1csad\u00e1s -Szabadalmaztat\u00e1s, szabadalmi oltalom","isPartOf":{"@id":"https:\/\/www.danubia.com\/#website"},"datePublished":"2019-04-08T11:32:56+00:00","dateModified":"2020-02-05T15:24:28+00:00","description":"Oltalomszerz\u00e9si strat\u00e9gia kialak\u00edt\u00e1sa tekintettel a tal\u00e1lm\u00e1ny saj\u00e1toss\u00e1gaira. Tan\u00e1csad\u00e1s a szabadalmi bejelent\u00e9ssel, jogvit\u00e1k megel\u0151z\u00e9s\u00e9vel kapcsolatosan.","breadcrumb":{"@id":"https:\/\/www.danubia.com\/hu\/szabadalmak-es-hasznalati-mintak\/strategiai-tanacsadas\/#breadcrumb"},"inLanguage":"hu","potentialAction":[{"@type":"ReadAction","target":["https:\/\/www.danubia.com\/hu\/szabadalmak-es-hasznalati-mintak\/strategiai-tanacsadas\/"]}]},{"@type":"BreadcrumbList","@id":"https:\/\/www.danubia.com\/hu\/szabadalmak-es-hasznalati-mintak\/strategiai-tanacsadas\/#breadcrumb","itemListElement":[{"@type":"ListItem","position":1,"name":"Home","item":"https:\/\/www.danubia.com\/hu\/"},{"@type":"ListItem","position":2,"name":"Szabadalmak \u00e9s haszn\u00e1lati mint\u00e1k","item":"https:\/\/www.danubia.com\/hu\/szabadalmak-es-hasznalati-mintak\/"},{"@type":"ListItem","position":3,"name":"Strat\u00e9giai tan\u00e1csad\u00e1s"}]},{"@type":"WebSite","@id":"https:\/\/www.danubia.com\/#website","url":"https:\/\/www.danubia.com\/","name":"Danubia","description":"","potentialAction":[{"@type":"SearchAction","target":{"@type":"EntryPoint","urlTemplate":"https:\/\/www.danubia.com\/?s={search_term_string}"},"query-input":{"@type":"PropertyValueSpecification","valueRequired":true,"valueName":"search_term_string"}}],"inLanguage":"hu"}]}},"_links":{"self":[{"href":"https:\/\/www.danubia.com\/hu\/wp-json\/wp\/v2\/pages\/746","targetHints":{"allow":["GET"]}}],"collection":[{"href":"https:\/\/www.danubia.com\/hu\/wp-json\/wp\/v2\/pages"}],"about":[{"href":"https:\/\/www.danubia.com\/hu\/wp-json\/wp\/v2\/types\/page"}],"author":[{"embeddable":true,"href":"https:\/\/www.danubia.com\/hu\/wp-json\/wp\/v2\/users\/1"}],"replies":[{"embeddable":true,"href":"https:\/\/www.danubia.com\/hu\/wp-json\/wp\/v2\/comments?post=746"}],"version-history":[{"count":14,"href":"https:\/\/www.danubia.com\/hu\/wp-json\/wp\/v2\/pages\/746\/revisions"}],"predecessor-version":[{"id":3725,"href":"https:\/\/www.danubia.com\/hu\/wp-json\/wp\/v2\/pages\/746\/revisions\/3725"}],"up":[{"embeddable":true,"href":"https:\/\/www.danubia.com\/hu\/wp-json\/wp\/v2\/pages\/1060"}],"wp:attachment":[{"href":"https:\/\/www.danubia.com\/hu\/wp-json\/wp\/v2\/media?parent=746"}],"curies":[{"name":"wp","href":"https:\/\/api.w.org\/{rel}","templated":true}]}}