{"id":914,"date":"2019-05-20T11:43:40","date_gmt":"2019-05-20T11:43:40","guid":{"rendered":"https:\/\/www.danubia.com\/?page_id=914"},"modified":"2021-11-23T20:35:11","modified_gmt":"2021-11-23T20:35:11","slug":"kapcsolat","status":"publish","type":"page","link":"https:\/\/www.danubia.com\/hu\/kapcsolat\/","title":{"rendered":"Kapcsolat"},"content":{"rendered":"<p>[et_pb_section fb_built=&#8221;1&#8243; _builder_version=&#8221;3.22&#8243; background_image=&#8221;https:\/\/www.danubia.com\/wp-content\/uploads\/2019\/04\/Danube-Budapest6.jpg&#8221; custom_padding=&#8221;0px||0px|&#8221; z_index_tablet=&#8221;500&#8243; global_colors_info=&#8221;{}&#8221;][et_pb_row use_custom_gutter=&#8221;on&#8221; gutter_width=&#8221;1&#8243; custom_padding_last_edited=&#8221;on|desktop&#8221; module_class=&#8221; et_pb_row_fullwidth et_pb_row_fullwidth et_pb_row_fullwidth et_pb_row_fullwidth&#8221; _builder_version=&#8221;3.25&#8243; background_color=&#8221;rgba(0,0,0,0.2)&#8221; background_size=&#8221;initial&#8221; background_position=&#8221;top_left&#8221; background_repeat=&#8221;repeat&#8221; width=&#8221;100%&#8221; width_tablet=&#8221;100%&#8221; width_phone=&#8221;&#8221; width_last_edited=&#8221;on|desktop&#8221; max_width=&#8221;100%&#8221; max_width_tablet=&#8221;100%&#8221; max_width_phone=&#8221;&#8221; max_width_last_edited=&#8221;on|desktop&#8221; custom_padding=&#8221;80px||80px|&#8221; custom_padding_tablet=&#8221;&#8221; custom_padding_phone=&#8221;50px||50px|&#8221; animation_style=&#8221;fade&#8221; animation_delay=&#8221;500ms&#8221; z_index_tablet=&#8221;500&#8243; make_fullwidth=&#8221;on&#8221; global_colors_info=&#8221;{}&#8221;][et_pb_column type=&#8221;4_4&#8243; _builder_version=&#8221;3.25&#8243; custom_padding=&#8221;|||&#8221; global_colors_info=&#8221;{}&#8221; custom_padding__hover=&#8221;|||&#8221;][et_pb_text _builder_version=&#8221;3.27.4&#8243; text_font=&#8221;Raleway|700|||||||&#8221; text_text_color=&#8221;#ffffff&#8221; text_font_size=&#8221;36px&#8221; header_font=&#8221;Raleway|700||on|||||&#8221; header_text_align=&#8221;center&#8221; header_text_color=&#8221;#ffffff&#8221; header_font_size=&#8221;36px&#8221; header_line_height=&#8221;1.4em&#8221; text_orientation=&#8221;center&#8221; text_font_size_tablet=&#8221;30px&#8221; text_font_size_phone=&#8221;22px&#8221; text_font_size_last_edited=&#8221;on|phone&#8221; header_font_size_tablet=&#8221;30px&#8221; header_font_size_phone=&#8221;22px&#8221; header_font_size_last_edited=&#8221;on|desktop&#8221; z_index_tablet=&#8221;500&#8243; global_colors_info=&#8221;{}&#8221;]<\/p>\n<h1>Kapcsolat<\/h1>\n<p>[\/et_pb_text][\/et_pb_column][\/et_pb_row][\/et_pb_section][et_pb_section fb_built=&#8221;1&#8243; _builder_version=&#8221;3.22&#8243; global_colors_info=&#8221;{}&#8221;][et_pb_row _builder_version=&#8221;3.25&#8243; background_size=&#8221;initial&#8221; background_position=&#8221;top_left&#8221; background_repeat=&#8221;repeat&#8221; global_colors_info=&#8221;{}&#8221;][et_pb_column type=&#8221;4_4&#8243; _builder_version=&#8221;3.25&#8243; custom_padding=&#8221;|||&#8221; global_colors_info=&#8221;{}&#8221; custom_padding__hover=&#8221;|||&#8221;][et_pb_text _builder_version=&#8221;3.27.4&#8243; text_font=&#8221;Raleway|600||on|||||&#8221; text_text_color=&#8221;#a6192e&#8221; text_font_size=&#8221;22px&#8221; text_orientation=&#8221;center&#8221; z_index_tablet=&#8221;500&#8243; global_colors_info=&#8221;{}&#8221;]<\/p>\n<p>El\u00e9rhet\u0151s\u00e9geink<\/p>\n<p>[\/et_pb_text][\/et_pb_column][\/et_pb_row][et_pb_row column_structure=&#8221;1_2,1_2&#8243; _builder_version=&#8221;3.25&#8243; background_size=&#8221;initial&#8221; background_position=&#8221;top_left&#8221; background_repeat=&#8221;repeat&#8221; global_colors_info=&#8221;{}&#8221;][et_pb_column type=&#8221;1_2&#8243; _builder_version=&#8221;3.25&#8243; custom_padding=&#8221;|||&#8221; global_colors_info=&#8221;{}&#8221; custom_padding__hover=&#8221;|||&#8221;][et_pb_image src=&#8221;https:\/\/www.danubia.com\/wp-content\/uploads\/2019\/07\/Danubia-Budapest4.jpg&#8221; align_tablet=&#8221;center&#8221; align_phone=&#8221;&#8221; align_last_edited=&#8221;on|desktop&#8221; _builder_version=&#8221;3.23&#8243; z_index_tablet=&#8221;500&#8243; global_colors_info=&#8221;{}&#8221;][\/et_pb_image][\/et_pb_column][et_pb_column type=&#8221;1_2&#8243; _builder_version=&#8221;3.25&#8243; custom_padding=&#8221;|||&#8221; global_colors_info=&#8221;{}&#8221; custom_padding__hover=&#8221;|||&#8221;][et_pb_text _builder_version=&#8221;4.12.0&#8243; custom_padding=&#8221;3%|3%|3%|3%&#8221; hover_enabled=&#8221;0&#8243; z_index_tablet=&#8221;500&#8243; box_shadow_style=&#8221;preset2&#8243; global_colors_info=&#8221;{}&#8221; sticky_enabled=&#8221;0&#8243;]<\/p>\n<p><span style=\"color: #a6192e;\"><strong>Danubia Szabadalmi \u00e9s Jogi Iroda Kft.<\/strong><\/span><br \/>1051 Budapest, Bajcsy-Zsilinszky \u00fat 16.<br \/>1368 Budapest 5, Pf. 198<br \/><a href=\"tel:+3614118700\">+36 1 411 8700<\/a><br \/><a href=\"mailto:central@danubia.hu\">central@danubia.hu<\/a><\/p>\n<p>[\/et_pb_text][et_pb_text _builder_version=&#8221;4.12.0&#8243; custom_padding=&#8221;3%|3%|3%|3%&#8221; hover_enabled=&#8221;0&#8243; z_index_tablet=&#8221;500&#8243; box_shadow_style=&#8221;preset2&#8243; global_colors_info=&#8221;{}&#8221; sticky_enabled=&#8221;0&#8243;]<\/p>\n<p><span style=\"color: #a6192e;\"><strong>Danubia IP Innov\u00e1ci\u00f3s Tan\u00e1csad\u00f3 Kft.<\/strong><\/span><br \/>1051 Budapest, Bajcsy-Zsilinszky \u00fat 16.<br \/>1368 Budapest 5, Pf. 198<br \/><a href=\"tel:+3614118880\">+36 1 411 8880<\/a><br \/><a href=\"mailto:danubiaip@danubia.hu\">danubiaip@danubia.hu<\/a><\/p>\n<p><span style=\"color: #a6192e;\"><strong>Danubia IPMall:<\/strong> <\/span><a href=\"mailto:info@danubia.hu\">info@danubia.hu<\/a><\/p>\n<p>[\/et_pb_text][et_pb_text _builder_version=&#8221;4.12.0&#8243; custom_padding=&#8221;3%|3%|3%|3%&#8221; hover_enabled=&#8221;0&#8243; z_index_tablet=&#8221;500&#8243; box_shadow_style=&#8221;preset2&#8243; global_colors_info=&#8221;{}&#8221; sticky_enabled=&#8221;0&#8243;]<\/p>\n<p><span style=\"color: #a6192e;\"><strong>Danubia Legal<\/strong><\/span><br \/>1051 Budapest, Bajcsy-Zsilinszky \u00fat 16.<br \/>1243 Budapest, Pf. 590.<br \/><a href=\"tel:+3614118875\">+36 1 411 8875<\/a><br \/><a href=\"mailto:office@danubialegal.hu\">office@danubialegal.hu<\/a><\/p>\n<p>[\/et_pb_text][\/et_pb_column][\/et_pb_row][\/et_pb_section][et_pb_section fb_built=&#8221;1&#8243; disabled_on=&#8221;on|on|on&#8221; _builder_version=&#8221;4.0.4&#8243; disabled=&#8221;on&#8221; global_colors_info=&#8221;{}&#8221;][et_pb_row _builder_version=&#8221;3.25&#8243; background_size=&#8221;initial&#8221; background_position=&#8221;top_left&#8221; background_repeat=&#8221;repeat&#8221; global_colors_info=&#8221;{}&#8221;][et_pb_column type=&#8221;4_4&#8243; _builder_version=&#8221;3.25&#8243; custom_padding=&#8221;|||&#8221; global_colors_info=&#8221;{}&#8221; custom_padding__hover=&#8221;|||&#8221;][et_pb_text _builder_version=&#8221;3.27.4&#8243; text_font=&#8221;Raleway|600||on|||||&#8221; text_text_color=&#8221;#a6192e&#8221; text_font_size=&#8221;22px&#8221; text_orientation=&#8221;center&#8221; z_index_tablet=&#8221;500&#8243; global_colors_info=&#8221;{}&#8221;]<\/p>\n<p>K\u00e9rd\u00e9se van? \u00cdrjon nek\u00fcnk!<\/p>\n<p>[\/et_pb_text][\/et_pb_column][\/et_pb_row][et_pb_row column_structure=&#8221;1_2,1_2&#8243; _builder_version=&#8221;3.25&#8243; background_size=&#8221;initial&#8221; background_position=&#8221;top_left&#8221; background_repeat=&#8221;repeat&#8221; global_colors_info=&#8221;{}&#8221;][et_pb_column type=&#8221;1_2&#8243; _builder_version=&#8221;3.25&#8243; custom_padding=&#8221;|||&#8221; global_colors_info=&#8221;{}&#8221; custom_padding__hover=&#8221;|||&#8221;][et_pb_contact_form email=&#8221;kata@zkdesign.hu&#8221; custom_message=&#8221;Danubia kapcsolati \u0171rlap &#8211; magyar: ||et_pb_line_break_holder||||et_pb_line_break_holder||N\u00e9v: %%vezeteknev%% %%keresztnev%%||et_pb_line_break_holder||E-mail: %%Email%%||et_pb_line_break_holder||Telefon: %%Telefon%%||et_pb_line_break_holder||\u00dczenet: %%uzenet%%&#8221; success_message=&#8221;K\u00f6sz\u00f6nj\u00fck \u00fczenet\u00e9t!&#8221; _builder_version=&#8221;4.0.4&#8243; form_field_background_color=&#8221;#f9f9f9&#8243; custom_button=&#8221;on&#8221; button_text_size=&#8221;16&#8243; button_text_color=&#8221;#ffffff&#8221; button_bg_color=&#8221;#a6192e&#8221; button_border_color=&#8221;#a6192e&#8221; z_index_tablet=&#8221;500&#8243; form_background_color=&#8221;#f9f9f9&#8243; global_colors_info=&#8221;{}&#8221;][et_pb_contact_field field_id=&#8221;vezeteknev&#8221; field_title=&#8221;Vezet\u00e9kn\u00e9v&#8221; _builder_version=&#8221;4.0.4&#8243; global_colors_info=&#8221;{}&#8221;][\/et_pb_contact_field][et_pb_contact_field field_id=&#8221;keresztnev&#8221; field_title=&#8221;Keresztn\u00e9v&#8221; _builder_version=&#8221;4.0.4&#8243; global_colors_info=&#8221;{}&#8221;][\/et_pb_contact_field][et_pb_contact_field field_id=&#8221;Email&#8221; field_title=&#8221;Email c\u00edm&#8221; field_type=&#8221;email&#8221; _builder_version=&#8221;4.0.4&#8243; global_colors_info=&#8221;{}&#8221;][\/et_pb_contact_field][et_pb_contact_field field_id=&#8221;Telefon&#8221; field_title=&#8221;Telefonsz\u00e1m&#8221; _builder_version=&#8221;4.0.4&#8243; global_colors_info=&#8221;{}&#8221;][\/et_pb_contact_field][et_pb_contact_field field_id=&#8221;uzenet&#8221; field_title=&#8221;\u00dczenet&#8221; field_type=&#8221;text&#8221; fullwidth_field=&#8221;on&#8221; _builder_version=&#8221;4.0.4&#8243; global_colors_info=&#8221;{}&#8221;][\/et_pb_contact_field][\/et_pb_contact_form][\/et_pb_column][et_pb_column type=&#8221;1_2&#8243; _builder_version=&#8221;3.25&#8243; custom_padding=&#8221;|||&#8221; global_colors_info=&#8221;{}&#8221; custom_padding__hover=&#8221;|||&#8221;][et_pb_image src=&#8221;https:\/\/www.danubia.com\/wp-content\/uploads\/2019\/07\/Danubia-Budapest5.jpg&#8221; align_tablet=&#8221;center&#8221; align_phone=&#8221;&#8221; align_last_edited=&#8221;on|desktop&#8221; _builder_version=&#8221;3.23&#8243; z_index_tablet=&#8221;500&#8243; global_colors_info=&#8221;{}&#8221;][\/et_pb_image][\/et_pb_column][\/et_pb_row][\/et_pb_section][et_pb_section fb_built=&#8221;1&#8243; fullwidth=&#8221;on&#8221; _builder_version=&#8221;3.22&#8243; global_colors_info=&#8221;{}&#8221;][et_pb_fullwidth_map address=&#8221;Budapest, Bajcsy-Zsilinszky \u00fat 16, 1051 Magyarorsz\u00e1g&#8221; zoom_level=&#8221;16&#8243; address_lat=&#8221;47.5000185&#8243; address_lng=&#8221;19.05458729999998&#8243; mouse_wheel=&#8221;off&#8221; mobile_dragging=&#8221;off&#8221; _builder_version=&#8221;3.21.1&#8243; child_filter_saturate=&#8221;0%&#8221; z_index_tablet=&#8221;500&#8243; global_colors_info=&#8221;{}&#8221;][et_pb_map_pin title=&#8221;1051 Budapest, Bajcsy-Zsilinszky \u00fat 16.&#8221; pin_address=&#8221;Budapest, Bajcsy-Zsilinszky \u00fat 16, 1051 Magyarorsz\u00e1g&#8221; pin_address_lat=&#8221;47.5000185&#8243; pin_address_lng=&#8221;19.05458729999998&#8243; _builder_version=&#8221;3.21.1&#8243; global_colors_info=&#8221;{}&#8221;][\/et_pb_map_pin][\/et_pb_fullwidth_map][\/et_pb_section]<\/p>\n","protected":false},"excerpt":{"rendered":"<p>Kapcsolat El\u00e9rhet\u0151s\u00e9geink Danubia Szabadalmi \u00e9s Jogi Iroda Kft.1051 Budapest, Bajcsy-Zsilinszky \u00fat 16.1368 Budapest 5, Pf. 198+36 1 411 8700central@danubia.huDanubia IP Innov\u00e1ci\u00f3s Tan\u00e1csad\u00f3 Kft.1051 Budapest, Bajcsy-Zsilinszky \u00fat 16.1368 Budapest 5, Pf. 198+36 1 411 8880danubiaip@danubia.hu Danubia IPMall: info@danubia.huDanubia Legal1051 Budapest, Bajcsy-Zsilinszky \u00fat 16.1243 Budapest, Pf. 590.+36 1 411 8875office@danubialegal.huK\u00e9rd\u00e9se van? \u00cdrjon nek\u00fcnk!<\/p>\n","protected":false},"author":1,"featured_media":0,"parent":0,"menu_order":0,"comment_status":"closed","ping_status":"closed","template":"","meta":{"_et_pb_use_builder":"on","_et_pb_old_content":"","_et_gb_content_width":"","footnotes":""},"class_list":["post-914","page","type-page","status-publish","hentry"],"yoast_head":"<!-- This site is optimized with the Yoast SEO plugin v27.3 - https:\/\/yoast.com\/product\/yoast-seo-wordpress\/ -->\n<title>Kapcsolat - DANUBIA c\u00e9gcsoport<\/title>\n<meta name=\"description\" content=\"V\u00e1rjuk \u00e9rdekl\u0151d\u00e9s\u00e9t a k\u00f6vetkez\u0151 ter\u00fcleteken: v\u00e9djegy, v\u00e9djegybejelent\u00e9s, szabadalmaztat\u00e1s, szabadalmi oltalom, szellemitulajdon-hasznos\u00edt\u00e1s, szerz\u0151i jogv\u00e9delem\" \/>\n<meta name=\"robots\" content=\"index, follow, max-snippet:-1, max-image-preview:large, max-video-preview:-1\" \/>\n<link rel=\"canonical\" href=\"https:\/\/www.danubia.com\/hu\/kapcsolat\/\" \/>\n<meta property=\"og:locale\" content=\"hu_HU\" \/>\n<meta property=\"og:type\" content=\"article\" \/>\n<meta property=\"og:title\" content=\"Kapcsolat - DANUBIA c\u00e9gcsoport\" \/>\n<meta property=\"og:description\" content=\"V\u00e1rjuk \u00e9rdekl\u0151d\u00e9s\u00e9t a k\u00f6vetkez\u0151 ter\u00fcleteken: v\u00e9djegy, v\u00e9djegybejelent\u00e9s, szabadalmaztat\u00e1s, szabadalmi oltalom, szellemitulajdon-hasznos\u00edt\u00e1s, szerz\u0151i jogv\u00e9delem\" \/>\n<meta property=\"og:url\" content=\"https:\/\/www.danubia.com\/hu\/kapcsolat\/\" \/>\n<meta property=\"og:site_name\" content=\"Danubia\" \/>\n<meta property=\"article:modified_time\" content=\"2021-11-23T20:35:11+00:00\" \/>\n<meta property=\"og:image\" content=\"https:\/\/www.danubia.com\/wp-content\/uploads\/2019\/11\/Danubia-og-hu.jpg\" \/>\n\t<meta property=\"og:image:width\" content=\"1125\" \/>\n\t<meta property=\"og:image:height\" content=\"633\" \/>\n\t<meta property=\"og:image:type\" content=\"image\/jpeg\" \/>\n<meta name=\"twitter:card\" content=\"summary_large_image\" \/>\n<meta name=\"twitter:label1\" content=\"Becs\u00fclt olvas\u00e1si id\u0151\" \/>\n\t<meta name=\"twitter:data1\" content=\"5 perc\" \/>\n<script type=\"application\/ld+json\" class=\"yoast-schema-graph\">{\"@context\":\"https:\\\/\\\/schema.org\",\"@graph\":[{\"@type\":\"WebPage\",\"@id\":\"https:\\\/\\\/www.danubia.com\\\/hu\\\/kapcsolat\\\/\",\"url\":\"https:\\\/\\\/www.danubia.com\\\/hu\\\/kapcsolat\\\/\",\"name\":\"Kapcsolat - DANUBIA c\u00e9gcsoport\",\"isPartOf\":{\"@id\":\"https:\\\/\\\/www.danubia.com\\\/#website\"},\"datePublished\":\"2019-05-20T11:43:40+00:00\",\"dateModified\":\"2021-11-23T20:35:11+00:00\",\"description\":\"V\u00e1rjuk \u00e9rdekl\u0151d\u00e9s\u00e9t a k\u00f6vetkez\u0151 ter\u00fcleteken: v\u00e9djegy, v\u00e9djegybejelent\u00e9s, szabadalmaztat\u00e1s, szabadalmi oltalom, szellemitulajdon-hasznos\u00edt\u00e1s, szerz\u0151i jogv\u00e9delem\",\"breadcrumb\":{\"@id\":\"https:\\\/\\\/www.danubia.com\\\/hu\\\/kapcsolat\\\/#breadcrumb\"},\"inLanguage\":\"hu\",\"potentialAction\":[{\"@type\":\"ReadAction\",\"target\":[\"https:\\\/\\\/www.danubia.com\\\/hu\\\/kapcsolat\\\/\"]}]},{\"@type\":\"BreadcrumbList\",\"@id\":\"https:\\\/\\\/www.danubia.com\\\/hu\\\/kapcsolat\\\/#breadcrumb\",\"itemListElement\":[{\"@type\":\"ListItem\",\"position\":1,\"name\":\"Home\",\"item\":\"https:\\\/\\\/www.danubia.com\\\/hu\\\/\"},{\"@type\":\"ListItem\",\"position\":2,\"name\":\"Kapcsolat\"}]},{\"@type\":\"WebSite\",\"@id\":\"https:\\\/\\\/www.danubia.com\\\/#website\",\"url\":\"https:\\\/\\\/www.danubia.com\\\/\",\"name\":\"Danubia\",\"description\":\"\",\"potentialAction\":[{\"@type\":\"SearchAction\",\"target\":{\"@type\":\"EntryPoint\",\"urlTemplate\":\"https:\\\/\\\/www.danubia.com\\\/?s={search_term_string}\"},\"query-input\":{\"@type\":\"PropertyValueSpecification\",\"valueRequired\":true,\"valueName\":\"search_term_string\"}}],\"inLanguage\":\"hu\"}]}<\/script>\n<!-- \/ Yoast SEO plugin. -->","yoast_head_json":{"title":"Kapcsolat - DANUBIA c\u00e9gcsoport","description":"V\u00e1rjuk \u00e9rdekl\u0151d\u00e9s\u00e9t a k\u00f6vetkez\u0151 ter\u00fcleteken: v\u00e9djegy, v\u00e9djegybejelent\u00e9s, szabadalmaztat\u00e1s, szabadalmi oltalom, szellemitulajdon-hasznos\u00edt\u00e1s, szerz\u0151i jogv\u00e9delem","robots":{"index":"index","follow":"follow","max-snippet":"max-snippet:-1","max-image-preview":"max-image-preview:large","max-video-preview":"max-video-preview:-1"},"canonical":"https:\/\/www.danubia.com\/hu\/kapcsolat\/","og_locale":"hu_HU","og_type":"article","og_title":"Kapcsolat - DANUBIA c\u00e9gcsoport","og_description":"V\u00e1rjuk \u00e9rdekl\u0151d\u00e9s\u00e9t a k\u00f6vetkez\u0151 ter\u00fcleteken: v\u00e9djegy, v\u00e9djegybejelent\u00e9s, szabadalmaztat\u00e1s, szabadalmi oltalom, szellemitulajdon-hasznos\u00edt\u00e1s, szerz\u0151i jogv\u00e9delem","og_url":"https:\/\/www.danubia.com\/hu\/kapcsolat\/","og_site_name":"Danubia","article_modified_time":"2021-11-23T20:35:11+00:00","og_image":[{"width":1125,"height":633,"url":"https:\/\/www.danubia.com\/wp-content\/uploads\/2019\/11\/Danubia-og-hu.jpg","type":"image\/jpeg"}],"twitter_card":"summary_large_image","twitter_misc":{"Becs\u00fclt olvas\u00e1si id\u0151":"5 perc"},"schema":{"@context":"https:\/\/schema.org","@graph":[{"@type":"WebPage","@id":"https:\/\/www.danubia.com\/hu\/kapcsolat\/","url":"https:\/\/www.danubia.com\/hu\/kapcsolat\/","name":"Kapcsolat - DANUBIA c\u00e9gcsoport","isPartOf":{"@id":"https:\/\/www.danubia.com\/#website"},"datePublished":"2019-05-20T11:43:40+00:00","dateModified":"2021-11-23T20:35:11+00:00","description":"V\u00e1rjuk \u00e9rdekl\u0151d\u00e9s\u00e9t a k\u00f6vetkez\u0151 ter\u00fcleteken: v\u00e9djegy, v\u00e9djegybejelent\u00e9s, szabadalmaztat\u00e1s, szabadalmi oltalom, szellemitulajdon-hasznos\u00edt\u00e1s, szerz\u0151i jogv\u00e9delem","breadcrumb":{"@id":"https:\/\/www.danubia.com\/hu\/kapcsolat\/#breadcrumb"},"inLanguage":"hu","potentialAction":[{"@type":"ReadAction","target":["https:\/\/www.danubia.com\/hu\/kapcsolat\/"]}]},{"@type":"BreadcrumbList","@id":"https:\/\/www.danubia.com\/hu\/kapcsolat\/#breadcrumb","itemListElement":[{"@type":"ListItem","position":1,"name":"Home","item":"https:\/\/www.danubia.com\/hu\/"},{"@type":"ListItem","position":2,"name":"Kapcsolat"}]},{"@type":"WebSite","@id":"https:\/\/www.danubia.com\/#website","url":"https:\/\/www.danubia.com\/","name":"Danubia","description":"","potentialAction":[{"@type":"SearchAction","target":{"@type":"EntryPoint","urlTemplate":"https:\/\/www.danubia.com\/?s={search_term_string}"},"query-input":{"@type":"PropertyValueSpecification","valueRequired":true,"valueName":"search_term_string"}}],"inLanguage":"hu"}]}},"_links":{"self":[{"href":"https:\/\/www.danubia.com\/hu\/wp-json\/wp\/v2\/pages\/914","targetHints":{"allow":["GET"]}}],"collection":[{"href":"https:\/\/www.danubia.com\/hu\/wp-json\/wp\/v2\/pages"}],"about":[{"href":"https:\/\/www.danubia.com\/hu\/wp-json\/wp\/v2\/types\/page"}],"author":[{"embeddable":true,"href":"https:\/\/www.danubia.com\/hu\/wp-json\/wp\/v2\/users\/1"}],"replies":[{"embeddable":true,"href":"https:\/\/www.danubia.com\/hu\/wp-json\/wp\/v2\/comments?post=914"}],"version-history":[{"count":9,"href":"https:\/\/www.danubia.com\/hu\/wp-json\/wp\/v2\/pages\/914\/revisions"}],"predecessor-version":[{"id":8947,"href":"https:\/\/www.danubia.com\/hu\/wp-json\/wp\/v2\/pages\/914\/revisions\/8947"}],"wp:attachment":[{"href":"https:\/\/www.danubia.com\/hu\/wp-json\/wp\/v2\/media?parent=914"}],"curies":[{"name":"wp","href":"https:\/\/api.w.org\/{rel}","templated":true}]}}