{"id":9423,"date":"2022-02-07T21:11:34","date_gmt":"2022-02-07T21:11:34","guid":{"rendered":"https:\/\/www.danubia.com\/?page_id=9423"},"modified":"2022-02-07T21:11:41","modified_gmt":"2022-02-07T21:11:41","slug":"kovesdi-annabella","status":"publish","type":"page","link":"https:\/\/www.danubia.com\/hu\/munkatarsaink\/kovesdi-annabella\/","title":{"rendered":"K\u00f6vesdi Annabella"},"content":{"rendered":"<p>[et_pb_section fb_built=&#8221;1&#8243; specialty=&#8221;on&#8221; _builder_version=&#8221;3.22&#8243; inner_max_width=&#8221;none&#8221; global_colors_info=&#8221;{}&#8221;][et_pb_column type=&#8221;1_4&#8243; _builder_version=&#8221;3.25&#8243; custom_padding=&#8221;|||&#8221; global_colors_info=&#8221;{}&#8221; custom_padding__hover=&#8221;|||&#8221;][et_pb_image src=&#8221;https:\/\/www.danubia.com\/wp-content\/uploads\/2022\/02\/Kovesdi-Annabella.jpg&#8221; align_tablet=&#8221;center&#8221; align_phone=&#8221;&#8221; align_last_edited=&#8221;on|desktop&#8221; _builder_version=&#8221;4.14.2&#8243; custom_margin=&#8221;||0px|&#8221; custom_padding=&#8221;||15px|&#8221; animation_style=&#8221;fade&#8221; hover_enabled=&#8221;0&#8243; z_index_tablet=&#8221;500&#8243; global_colors_info=&#8221;{}&#8221; title_text=&#8221;Kovesdi Annabella&#8221; sticky_enabled=&#8221;0&#8243;][\/et_pb_image][et_pb_text _builder_version=&#8221;4.14.2&#8243; text_font_size=&#8221;14px&#8221; custom_margin=&#8221;||0px|&#8221; custom_padding=&#8221;||15px|&#8221; hover_enabled=&#8221;0&#8243; z_index_tablet=&#8221;500&#8243; global_colors_info=&#8221;{}&#8221; sticky_enabled=&#8221;0&#8243;]<\/p>\n<p><strong>(+36 1) 411-8754<\/strong><br \/><strong><a href=\"mailto:kovesdi.annabella@danubia.hu\">kovesdi.annabella@danubia.hu<\/a><\/strong><\/p>\n<p>[\/et_pb_text][\/et_pb_column][et_pb_column type=&#8221;3_4&#8243; specialty_columns=&#8221;3&#8243; _builder_version=&#8221;3.25&#8243; custom_padding=&#8221;|||&#8221; global_colors_info=&#8221;{}&#8221; custom_padding__hover=&#8221;|||&#8221;][et_pb_row_inner admin_label=&#8221;Sor&#8221; _builder_version=&#8221;3.25&#8243; global_colors_info=&#8221;{}&#8221;][et_pb_column_inner saved_specialty_column_type=&#8221;3_4&#8243; _builder_version=&#8221;3.25&#8243; custom_padding=&#8221;|||&#8221; global_colors_info=&#8221;{}&#8221; custom_padding__hover=&#8221;|||&#8221;][et_pb_text admin_label=&#8221;N\u00e9v&#8221; _builder_version=&#8221;4.14.2&#8243; text_font=&#8221;Raleway|700||on|||||&#8221; text_text_color=&#8221;#a6192e&#8221; text_font_size=&#8221;36px&#8221; header_font=&#8221;Raleway|700||on|||||&#8221; header_text_align=&#8221;center&#8221; header_text_color=&#8221;#ffffff&#8221; header_font_size=&#8221;50px&#8221; header_line_height=&#8221;1.4em&#8221; custom_margin=&#8221;||0px|&#8221; custom_padding=&#8221;||15px|&#8221; hover_enabled=&#8221;0&#8243; text_font_size_tablet=&#8221;30px&#8221; text_font_size_phone=&#8221;22px&#8221; text_font_size_last_edited=&#8221;on|desktop&#8221; header_font_size_tablet=&#8221;30px&#8221; header_font_size_phone=&#8221;22px&#8221; header_font_size_last_edited=&#8221;on|desktop&#8221; z_index_tablet=&#8221;500&#8243; global_colors_info=&#8221;{}&#8221; sticky_enabled=&#8221;0&#8243;]K\u00f6vesdi Annabella[\/et_pb_text][et_pb_text admin_label=&#8221;poz\u00edci\u00f3&#8221; _builder_version=&#8221;4.14.2&#8243; text_font=&#8221;Raleway|700|||||||&#8221; text_text_color=&#8221;#63666a&#8221; text_font_size=&#8221;18px&#8221; custom_margin=&#8221;||0px|&#8221; custom_padding=&#8221;||10px|&#8221; hover_enabled=&#8221;0&#8243; text_font_size_tablet=&#8221;20px&#8221; text_font_size_phone=&#8221;&#8221; text_font_size_last_edited=&#8221;on|desktop&#8221; z_index_tablet=&#8221;500&#8243; global_colors_info=&#8221;{}&#8221; sticky_enabled=&#8221;0&#8243;]<\/p>\n<p>\u00fcgyvezet\u0151i titk\u00e1rs\u00e1gvezet\u0151<br \/>szabadalmi \u00fcgyint\u00e9z\u0151<\/p>\n<p>[\/et_pb_text][et_pb_divider divider_position=&#8221;center&#8221; divider_weight=&#8221;3&#8243; _builder_version=&#8221;3.21.1&#8243; max_width=&#8221;50px&#8221; module_alignment=&#8221;left&#8221; height=&#8221;0px&#8221; animation_style=&#8221;zoom&#8221; z_index_tablet=&#8221;500&#8243; global_colors_info=&#8221;{}&#8221;][\/et_pb_divider][et_pb_text admin_label=&#8221;Le\u00edr\u00e1s&#8221; _builder_version=&#8221;4.14.2&#8243; text_orientation=&#8221;justified&#8221; hover_enabled=&#8221;0&#8243; z_index_tablet=&#8221;500&#8243; global_colors_info=&#8221;{}&#8221; sticky_enabled=&#8221;0&#8243;]<\/p>\n<p>K\u00f6vesdi Annabella 2019-ben csatlakozott a DANUBIA Szabadalmi \u00e9s Jogi Irod\u00e1hoz. Az \u00fcgyvezet\u0151 igazgat\u00f3 \u00e9s a vegy\u00e9sz csoport munk\u00e1j\u00e1t seg\u00edti, az \u00fcgyvezet\u0151i titk\u00e1rs\u00e1g vezet\u0151jek\u00e9nt.<\/p>\n<p>Annabella a Magyar Szabadalmi Hivatal \u00e1ltal szervezett tanfolyamon k\u00f6z\u00e9pfok\u00fa iparjogv\u00e9delmi szakk\u00e9pes\u00edt\u00e9st szerzett 2020-ban. Az egri Eszterh\u00e1zy K\u00e1roly F\u0151iskol\u00e1n diplom\u00e1zott 2009-ben.<\/p>\n<p><span style=\"color: #a6192e;\"><strong>Nyelvtud\u00e1s:<\/strong><\/span><br \/>angol<\/p>\n<p>[\/et_pb_text][\/et_pb_column_inner][\/et_pb_row_inner][\/et_pb_column][\/et_pb_section]<\/p>\n","protected":false},"excerpt":{"rendered":"<p>(+36 1) 411-8754kovesdi.annabella@danubia.huK\u00f6vesdi Annabella\u00fcgyvezet\u0151i titk\u00e1rs\u00e1gvezet\u0151szabadalmi \u00fcgyint\u00e9z\u0151K\u00f6vesdi Annabella 2019-ben csatlakozott a DANUBIA Szabadalmi \u00e9s Jogi Irod\u00e1hoz. Az \u00fcgyvezet\u0151 igazgat\u00f3 \u00e9s a vegy\u00e9sz csoport munk\u00e1j\u00e1t seg\u00edti, az \u00fcgyvezet\u0151i titk\u00e1rs\u00e1g vezet\u0151jek\u00e9nt. Annabella a Magyar Szabadalmi Hivatal \u00e1ltal szervezett tanfolyamon k\u00f6z\u00e9pfok\u00fa iparjogv\u00e9delmi szakk\u00e9pes\u00edt\u00e9st szerzett 2020-ban. Az egri Eszterh\u00e1zy K\u00e1roly F\u0151iskol\u00e1n diplom\u00e1zott 2009-ben. Nyelvtud\u00e1s:angol<\/p>\n","protected":false},"author":1,"featured_media":0,"parent":922,"menu_order":0,"comment_status":"closed","ping_status":"closed","template":"","meta":{"_et_pb_use_builder":"on","_et_pb_old_content":"","_et_gb_content_width":"","footnotes":""},"class_list":["post-9423","page","type-page","status-publish","hentry"],"yoast_head":"<!-- This site is optimized with the Yoast SEO plugin v27.3 - https:\/\/yoast.com\/product\/yoast-seo-wordpress\/ -->\n<title>K\u00f6vesdi Annabella\u00a0- DANUBIA Szabadalmi \u00e9s Jogi Iroda<\/title>\n<meta name=\"description\" content=\"Az \u00fcgyvezet\u0151 igazgat\u00f3 \u00e9s a vegy\u00e9sz csoport munk\u00e1j\u00e1t seg\u00edti, az \u00fcgyvezet\u0151i titk\u00e1rs\u00e1g vezet\u0151jek\u00e9nt.\" \/>\n<meta name=\"robots\" content=\"index, follow, max-snippet:-1, max-image-preview:large, max-video-preview:-1\" \/>\n<link rel=\"canonical\" href=\"https:\/\/www.danubia.com\/hu\/munkatarsaink\/kovesdi-annabella\/\" \/>\n<meta property=\"og:locale\" content=\"hu_HU\" \/>\n<meta property=\"og:type\" content=\"article\" \/>\n<meta property=\"og:title\" content=\"K\u00f6vesdi Annabella\u00a0- DANUBIA Szabadalmi \u00e9s Jogi Iroda\" \/>\n<meta property=\"og:description\" content=\"Az \u00fcgyvezet\u0151 igazgat\u00f3 \u00e9s a vegy\u00e9sz csoport munk\u00e1j\u00e1t seg\u00edti, az \u00fcgyvezet\u0151i titk\u00e1rs\u00e1g vezet\u0151jek\u00e9nt.\" \/>\n<meta property=\"og:url\" content=\"https:\/\/www.danubia.com\/hu\/munkatarsaink\/kovesdi-annabella\/\" \/>\n<meta property=\"og:site_name\" content=\"Danubia\" \/>\n<meta property=\"article:modified_time\" content=\"2022-02-07T21:11:41+00:00\" \/>\n<meta property=\"og:image\" content=\"https:\/\/www.danubia.com\/wp-content\/uploads\/2019\/11\/Danubia-og-hu.jpg\" \/>\n\t<meta property=\"og:image:width\" content=\"1125\" \/>\n\t<meta property=\"og:image:height\" content=\"633\" \/>\n\t<meta property=\"og:image:type\" content=\"image\/jpeg\" \/>\n<meta name=\"twitter:card\" content=\"summary_large_image\" \/>\n<meta name=\"twitter:label1\" content=\"Becs\u00fclt olvas\u00e1si id\u0151\" \/>\n\t<meta name=\"twitter:data1\" content=\"2 perc\" \/>\n<script type=\"application\/ld+json\" class=\"yoast-schema-graph\">{\"@context\":\"https:\\\/\\\/schema.org\",\"@graph\":[{\"@type\":\"WebPage\",\"@id\":\"https:\\\/\\\/www.danubia.com\\\/hu\\\/munkatarsaink\\\/kovesdi-annabella\\\/\",\"url\":\"https:\\\/\\\/www.danubia.com\\\/hu\\\/munkatarsaink\\\/kovesdi-annabella\\\/\",\"name\":\"K\u00f6vesdi Annabella\u00a0- DANUBIA Szabadalmi \u00e9s Jogi Iroda\",\"isPartOf\":{\"@id\":\"https:\\\/\\\/www.danubia.com\\\/#website\"},\"datePublished\":\"2022-02-07T21:11:34+00:00\",\"dateModified\":\"2022-02-07T21:11:41+00:00\",\"description\":\"Az \u00fcgyvezet\u0151 igazgat\u00f3 \u00e9s a vegy\u00e9sz csoport munk\u00e1j\u00e1t seg\u00edti, az \u00fcgyvezet\u0151i titk\u00e1rs\u00e1g vezet\u0151jek\u00e9nt.\",\"breadcrumb\":{\"@id\":\"https:\\\/\\\/www.danubia.com\\\/hu\\\/munkatarsaink\\\/kovesdi-annabella\\\/#breadcrumb\"},\"inLanguage\":\"hu\",\"potentialAction\":[{\"@type\":\"ReadAction\",\"target\":[\"https:\\\/\\\/www.danubia.com\\\/hu\\\/munkatarsaink\\\/kovesdi-annabella\\\/\"]}]},{\"@type\":\"BreadcrumbList\",\"@id\":\"https:\\\/\\\/www.danubia.com\\\/hu\\\/munkatarsaink\\\/kovesdi-annabella\\\/#breadcrumb\",\"itemListElement\":[{\"@type\":\"ListItem\",\"position\":1,\"name\":\"Home\",\"item\":\"https:\\\/\\\/www.danubia.com\\\/hu\\\/\"},{\"@type\":\"ListItem\",\"position\":2,\"name\":\"Munkat\u00e1rsaink\",\"item\":\"https:\\\/\\\/www.danubia.com\\\/hu\\\/munkatarsaink\\\/\"},{\"@type\":\"ListItem\",\"position\":3,\"name\":\"K\u00f6vesdi Annabella\"}]},{\"@type\":\"WebSite\",\"@id\":\"https:\\\/\\\/www.danubia.com\\\/#website\",\"url\":\"https:\\\/\\\/www.danubia.com\\\/\",\"name\":\"Danubia\",\"description\":\"\",\"potentialAction\":[{\"@type\":\"SearchAction\",\"target\":{\"@type\":\"EntryPoint\",\"urlTemplate\":\"https:\\\/\\\/www.danubia.com\\\/?s={search_term_string}\"},\"query-input\":{\"@type\":\"PropertyValueSpecification\",\"valueRequired\":true,\"valueName\":\"search_term_string\"}}],\"inLanguage\":\"hu\"}]}<\/script>\n<!-- \/ Yoast SEO plugin. -->","yoast_head_json":{"title":"K\u00f6vesdi Annabella\u00a0- DANUBIA Szabadalmi \u00e9s Jogi Iroda","description":"Az \u00fcgyvezet\u0151 igazgat\u00f3 \u00e9s a vegy\u00e9sz csoport munk\u00e1j\u00e1t seg\u00edti, az \u00fcgyvezet\u0151i titk\u00e1rs\u00e1g vezet\u0151jek\u00e9nt.","robots":{"index":"index","follow":"follow","max-snippet":"max-snippet:-1","max-image-preview":"max-image-preview:large","max-video-preview":"max-video-preview:-1"},"canonical":"https:\/\/www.danubia.com\/hu\/munkatarsaink\/kovesdi-annabella\/","og_locale":"hu_HU","og_type":"article","og_title":"K\u00f6vesdi Annabella\u00a0- DANUBIA Szabadalmi \u00e9s Jogi Iroda","og_description":"Az \u00fcgyvezet\u0151 igazgat\u00f3 \u00e9s a vegy\u00e9sz csoport munk\u00e1j\u00e1t seg\u00edti, az \u00fcgyvezet\u0151i titk\u00e1rs\u00e1g vezet\u0151jek\u00e9nt.","og_url":"https:\/\/www.danubia.com\/hu\/munkatarsaink\/kovesdi-annabella\/","og_site_name":"Danubia","article_modified_time":"2022-02-07T21:11:41+00:00","og_image":[{"width":1125,"height":633,"url":"https:\/\/www.danubia.com\/wp-content\/uploads\/2019\/11\/Danubia-og-hu.jpg","type":"image\/jpeg"}],"twitter_card":"summary_large_image","twitter_misc":{"Becs\u00fclt olvas\u00e1si id\u0151":"2 perc"},"schema":{"@context":"https:\/\/schema.org","@graph":[{"@type":"WebPage","@id":"https:\/\/www.danubia.com\/hu\/munkatarsaink\/kovesdi-annabella\/","url":"https:\/\/www.danubia.com\/hu\/munkatarsaink\/kovesdi-annabella\/","name":"K\u00f6vesdi Annabella\u00a0- DANUBIA Szabadalmi \u00e9s Jogi Iroda","isPartOf":{"@id":"https:\/\/www.danubia.com\/#website"},"datePublished":"2022-02-07T21:11:34+00:00","dateModified":"2022-02-07T21:11:41+00:00","description":"Az \u00fcgyvezet\u0151 igazgat\u00f3 \u00e9s a vegy\u00e9sz csoport munk\u00e1j\u00e1t seg\u00edti, az \u00fcgyvezet\u0151i titk\u00e1rs\u00e1g vezet\u0151jek\u00e9nt.","breadcrumb":{"@id":"https:\/\/www.danubia.com\/hu\/munkatarsaink\/kovesdi-annabella\/#breadcrumb"},"inLanguage":"hu","potentialAction":[{"@type":"ReadAction","target":["https:\/\/www.danubia.com\/hu\/munkatarsaink\/kovesdi-annabella\/"]}]},{"@type":"BreadcrumbList","@id":"https:\/\/www.danubia.com\/hu\/munkatarsaink\/kovesdi-annabella\/#breadcrumb","itemListElement":[{"@type":"ListItem","position":1,"name":"Home","item":"https:\/\/www.danubia.com\/hu\/"},{"@type":"ListItem","position":2,"name":"Munkat\u00e1rsaink","item":"https:\/\/www.danubia.com\/hu\/munkatarsaink\/"},{"@type":"ListItem","position":3,"name":"K\u00f6vesdi Annabella"}]},{"@type":"WebSite","@id":"https:\/\/www.danubia.com\/#website","url":"https:\/\/www.danubia.com\/","name":"Danubia","description":"","potentialAction":[{"@type":"SearchAction","target":{"@type":"EntryPoint","urlTemplate":"https:\/\/www.danubia.com\/?s={search_term_string}"},"query-input":{"@type":"PropertyValueSpecification","valueRequired":true,"valueName":"search_term_string"}}],"inLanguage":"hu"}]}},"_links":{"self":[{"href":"https:\/\/www.danubia.com\/hu\/wp-json\/wp\/v2\/pages\/9423","targetHints":{"allow":["GET"]}}],"collection":[{"href":"https:\/\/www.danubia.com\/hu\/wp-json\/wp\/v2\/pages"}],"about":[{"href":"https:\/\/www.danubia.com\/hu\/wp-json\/wp\/v2\/types\/page"}],"author":[{"embeddable":true,"href":"https:\/\/www.danubia.com\/hu\/wp-json\/wp\/v2\/users\/1"}],"replies":[{"embeddable":true,"href":"https:\/\/www.danubia.com\/hu\/wp-json\/wp\/v2\/comments?post=9423"}],"version-history":[{"count":4,"href":"https:\/\/www.danubia.com\/hu\/wp-json\/wp\/v2\/pages\/9423\/revisions"}],"predecessor-version":[{"id":9428,"href":"https:\/\/www.danubia.com\/hu\/wp-json\/wp\/v2\/pages\/9423\/revisions\/9428"}],"up":[{"embeddable":true,"href":"https:\/\/www.danubia.com\/hu\/wp-json\/wp\/v2\/pages\/922"}],"wp:attachment":[{"href":"https:\/\/www.danubia.com\/hu\/wp-json\/wp\/v2\/media?parent=9423"}],"curies":[{"name":"wp","href":"https:\/\/api.w.org\/{rel}","templated":true}]}}